{"id":55527,"date":"2018-06-11T17:16:28","date_gmt":"2018-06-11T15:16:28","guid":{"rendered":"https:\/\/www.comprarmejor.es\/producto\/canopy-tumbler-duamutef-ancient-egypt\/"},"modified":"2025-09-15T10:00:16","modified_gmt":"2025-09-15T08:00:16","slug":"don-quixote-cervantes-2007-rueda-complete-exclusive-copy-bibliophilia","status":"publish","type":"product","link":"https:\/\/www.comprarmejor.es\/en\/product\/don-quixote-cervantes-2007-rueda-complete-exclusive-copy-bibliophilia\/","title":{"rendered":"2007 Don Quixote. Cervantes. Rueda, complete. Exclusive copy. bibliophilia"},"content":{"rendered":"<p style=\"text-align: justify;\">The Ingenious Gentleman Don Quixote of La Mancha, composed by Miguel de Cervantes Saavedra. First and second part. 2 volumes. Beautiful 2007 edition by Ediciones Rueda according to the 1859 edition by Tom\u00e1s Gorchs. <span class=\"HwtZe\" lang=\"en\"><span class=\"jCAhz ChMk0b\"><span class=\"ryNqvb\">Texts in Spanish<\/span><\/span><\/span>.<\/p>\n<p style=\"text-align: justify;\">Extraordinary rebound copy with a unique and exclusive bibliophile presentation, leather spine and ends, ribs and gilding, guide tape. Format 24.5 x 33 cm. 456 and 496 beautifully illustrated pages on heavyweight paper. In perfect state.<\/p>\n<p style=\"text-align: justify;\">In addition to the beautiful and artistic initials engraved by Estebanillo and Moragas, the edition is accompanied by 12 splendid color prints drawn by Espalter, L. Ferrant, B. Monta\u00f1\u00e9s, L. De Madrazo, C. Lorenzale, Murillo, C. L. Rivera, M Fluixench and R. Mart\u00ed, and recorded by Estebanillo, D. Mart\u00ednez, P. Hortigosa, A. Roca and Fatj\u00f3. The first chapter of each of the parts is illustrated with a beautiful allegorical frontispiece drawn and engraved by Estebanillo. As the frontispiece of the first volume there is a portrait of Cervantes drawn by Madrazo and engraved by Hortigosa.<\/p>\n<p style=\"text-align: justify;\">In the Don Quixote Collector&#8217;s Manual by Justo Fern\u00e1ndez and J. Manuel Luc\u00eda, this edition appears in number 53.F1. It is a sublime edition that should not be missing in any good collection of Quixotes, especially with this unique and exclusive copy in a presentation format of the most beautiful bibliophilia.<\/p>\n<p style=\"text-align: justify;\">Shipping costs according to order and destination<span title=\"Gastos de env\u00edo por cuenta del comprador, seg\u00fan pedido y destino.\">.\u00a0<\/span><span title=\"Cons\u00faltenos sin compromiso (indicando la referencia del art\u00edculo) cualquier duda.\"><a class=\"btn btn-default\" href=\"https:\/\/www.comprarmejor.es\/en\/contact\/\">Consult us<\/a> <span class=\"HwtZe\" lang=\"en\"><span class=\"jCAhz ChMk0b\"><span class=\"ryNqvb\">any questions, indicating the article reference.<\/span><\/span><\/span><br \/>\n<\/span><\/p>\n","protected":false},"excerpt":{"rendered":"<p style=\"text-align: justify;\"><span id=\"result_box\" lang=\"en\" xml:lang=\"en\"><span title=\"Hermoso, pr\u00e1ctico y decorativo vaso canope con la representaci\u00f3n de Duamutef, el hijo de Horus que representaba al Este en el conjunto de los 4 vasos canope.\"><span class=\"tlid-translation translation\" lang=\"en\"><span class=\"HwtZe\" lang=\"en\"><span class=\"jCAhz ChMk0b\"><span class=\"ryNqvb\">The Ingenious Gentleman Don Quixote of La Mancha, composed by Miguel de Cervantes Saavedra.<\/span><\/span> <span class=\"jCAhz ChMk0b\"><span class=\"ryNqvb\">First and second part.<\/span><\/span> <span class=\"jCAhz ChMk0b\"><span class=\"ryNqvb\">2 volumes.<\/span><\/span> <span class=\"jCAhz ChMk0b\"><span class=\"ryNqvb\">Beautiful 2007 edition according to the 1859 edition by Tom\u00e1s Gorchs.<\/span><\/span><\/span><\/span><\/span><\/span><\/p>\n","protected":false},"featured_media":92315,"template":"","meta":[],"product_brand":[],"product_cat":[2210,2238,2228],"product_tag":[5792,5822,4041,5129],"class_list":{"0":"post-55527","1":"product","2":"type-product","3":"status-publish","4":"has-post-thumbnail","6":"product_cat-bibliophilia","7":"product_cat-exclusive-copies","8":"product_cat-quijotes-en","9":"product_tag-artesanal-en","10":"product_tag-bibliofilia-en","11":"product_tag-cervantes-en","12":"product_tag-quixote-en","13":"product_shipping_class-from-2-to-5-kg","14":"description-off","16":"first","17":"instock","18":"taxable","19":"shipping-taxable","20":"purchasable","21":"product-type-simple"},"yoast_head":"<!-- This site is optimized with the Yoast SEO plugin v27.3 - https:\/\/yoast.com\/product\/yoast-seo-wordpress\/ -->\n<title>Don Quixote. Cervantes. 2007 Rueda, complete. Exclusive copy<\/title>\n<meta name=\"description\" content=\"The Ingenious Gentleman Don Quixote of La Mancha, composed by Miguel de Cervantes Saavedra. First and second part. 2 volumes. Beautiful 2007 edition by\" \/>\n<meta name=\"robots\" content=\"index, follow, max-snippet:-1, max-image-preview:large, max-video-preview:-1\" \/>\n<link rel=\"canonical\" href=\"https:\/\/www.comprarmejor.es\/en\/product\/don-quixote-cervantes-2007-rueda-complete-exclusive-copy-bibliophilia\/\" \/>\n<meta property=\"og:locale\" content=\"en_US\" \/>\n<meta property=\"og:type\" content=\"article\" \/>\n<meta property=\"og:title\" content=\"Don Quixote. Cervantes. 2007 Rueda, complete. Exclusive copy\" \/>\n<meta property=\"og:description\" content=\"The Ingenious Gentleman Don Quixote of La Mancha, composed by Miguel de Cervantes Saavedra. First and second part. 2 volumes. Beautiful 2007 edition by\" \/>\n<meta property=\"og:url\" content=\"https:\/\/www.comprarmejor.es\/en\/product\/don-quixote-cervantes-2007-rueda-complete-exclusive-copy-bibliophilia\/\" \/>\n<meta property=\"og:site_name\" content=\"ComprarMejor\" \/>\n<meta property=\"article:modified_time\" content=\"2025-09-15T08:00:16+00:00\" \/>\n<meta property=\"og:image\" content=\"https:\/\/www.comprarmejor.es\/wp-content\/uploads\/2018\/06\/QR2007-1.jpg\" \/>\n\t<meta property=\"og:image:width\" content=\"768\" \/>\n\t<meta property=\"og:image:height\" content=\"453\" \/>\n\t<meta property=\"og:image:type\" content=\"image\/jpeg\" \/>\n<meta name=\"twitter:card\" content=\"summary_large_image\" \/>\n<meta name=\"twitter:label1\" content=\"Est. reading time\" \/>\n\t<meta name=\"twitter:data1\" content=\"2 minutes\" \/>\n<script type=\"application\/ld+json\" class=\"yoast-schema-graph\">{\"@context\":\"https:\\\/\\\/schema.org\",\"@graph\":[{\"@type\":\"WebPage\",\"@id\":\"https:\\\/\\\/www.comprarmejor.es\\\/en\\\/product\\\/don-quixote-cervantes-2007-rueda-complete-exclusive-copy-bibliophilia\\\/\",\"url\":\"https:\\\/\\\/www.comprarmejor.es\\\/en\\\/product\\\/don-quixote-cervantes-2007-rueda-complete-exclusive-copy-bibliophilia\\\/\",\"name\":\"Don Quixote. Cervantes. 2007 Rueda, complete. Exclusive copy\",\"isPartOf\":{\"@id\":\"https:\\\/\\\/www.comprarmejor.es\\\/en\\\/#website\"},\"primaryImageOfPage\":{\"@id\":\"https:\\\/\\\/www.comprarmejor.es\\\/en\\\/product\\\/don-quixote-cervantes-2007-rueda-complete-exclusive-copy-bibliophilia\\\/#primaryimage\"},\"image\":{\"@id\":\"https:\\\/\\\/www.comprarmejor.es\\\/en\\\/product\\\/don-quixote-cervantes-2007-rueda-complete-exclusive-copy-bibliophilia\\\/#primaryimage\"},\"thumbnailUrl\":\"https:\\\/\\\/www.comprarmejor.es\\\/wp-content\\\/uploads\\\/2018\\\/06\\\/QR2007-1.jpg\",\"datePublished\":\"2018-06-11T15:16:28+00:00\",\"dateModified\":\"2025-09-15T08:00:16+00:00\",\"description\":\"The Ingenious Gentleman Don Quixote of La Mancha, composed by Miguel de Cervantes Saavedra. First and second part. 2 volumes. Beautiful 2007 edition by\",\"breadcrumb\":{\"@id\":\"https:\\\/\\\/www.comprarmejor.es\\\/en\\\/product\\\/don-quixote-cervantes-2007-rueda-complete-exclusive-copy-bibliophilia\\\/#breadcrumb\"},\"inLanguage\":\"en-US\",\"potentialAction\":[{\"@type\":\"ReadAction\",\"target\":[\"https:\\\/\\\/www.comprarmejor.es\\\/en\\\/product\\\/don-quixote-cervantes-2007-rueda-complete-exclusive-copy-bibliophilia\\\/\"]}]},{\"@type\":\"ImageObject\",\"inLanguage\":\"en-US\",\"@id\":\"https:\\\/\\\/www.comprarmejor.es\\\/en\\\/product\\\/don-quixote-cervantes-2007-rueda-complete-exclusive-copy-bibliophilia\\\/#primaryimage\",\"url\":\"https:\\\/\\\/www.comprarmejor.es\\\/wp-content\\\/uploads\\\/2018\\\/06\\\/QR2007-1.jpg\",\"contentUrl\":\"https:\\\/\\\/www.comprarmejor.es\\\/wp-content\\\/uploads\\\/2018\\\/06\\\/QR2007-1.jpg\",\"width\":768,\"height\":453},{\"@type\":\"BreadcrumbList\",\"@id\":\"https:\\\/\\\/www.comprarmejor.es\\\/en\\\/product\\\/don-quixote-cervantes-2007-rueda-complete-exclusive-copy-bibliophilia\\\/#breadcrumb\",\"itemListElement\":[{\"@type\":\"ListItem\",\"position\":1,\"name\":\"Portada\",\"item\":\"https:\\\/\\\/www.comprarmejor.es\\\/en\\\/\"},{\"@type\":\"ListItem\",\"position\":2,\"name\":\"Shop\",\"item\":\"https:\\\/\\\/www.comprarmejor.es\\\/en\\\/shop\\\/\"},{\"@type\":\"ListItem\",\"position\":3,\"name\":\"2007 Don Quixote. Cervantes. Rueda, complete. Exclusive copy. bibliophilia\"}]},{\"@type\":\"WebSite\",\"@id\":\"https:\\\/\\\/www.comprarmejor.es\\\/en\\\/#website\",\"url\":\"https:\\\/\\\/www.comprarmejor.es\\\/en\\\/\",\"name\":\"ComprarMejor\",\"description\":\"ComprarMejor\",\"publisher\":{\"@id\":\"https:\\\/\\\/www.comprarmejor.es\\\/en\\\/#organization\"},\"potentialAction\":[{\"@type\":\"SearchAction\",\"target\":{\"@type\":\"EntryPoint\",\"urlTemplate\":\"https:\\\/\\\/www.comprarmejor.es\\\/en\\\/?s={search_term_string}\"},\"query-input\":{\"@type\":\"PropertyValueSpecification\",\"valueRequired\":true,\"valueName\":\"search_term_string\"}}],\"inLanguage\":\"en-US\"},{\"@type\":\"Organization\",\"@id\":\"https:\\\/\\\/www.comprarmejor.es\\\/en\\\/#organization\",\"name\":\"COMPRAR MEJOR\",\"url\":\"https:\\\/\\\/www.comprarmejor.es\\\/en\\\/\",\"logo\":{\"@type\":\"ImageObject\",\"inLanguage\":\"en-US\",\"@id\":\"https:\\\/\\\/www.comprarmejor.es\\\/en\\\/#\\\/schema\\\/logo\\\/image\\\/\",\"url\":\"https:\\\/\\\/www.comprarmejor.es\\\/wp-content\\\/uploads\\\/2025\\\/09\\\/comprarmejortrinidad.jpg\",\"contentUrl\":\"https:\\\/\\\/www.comprarmejor.es\\\/wp-content\\\/uploads\\\/2025\\\/09\\\/comprarmejortrinidad.jpg\",\"width\":1022,\"height\":1380,\"caption\":\"COMPRAR MEJOR\"},\"image\":{\"@id\":\"https:\\\/\\\/www.comprarmejor.es\\\/en\\\/#\\\/schema\\\/logo\\\/image\\\/\"},\"sameAs\":[\"https:\\\/\\\/www.instagram.com\\\/amigosdelcodice\"]}]}<\/script>\n<!-- \/ Yoast SEO plugin. -->","yoast_head_json":{"title":"Don Quixote. Cervantes. 2007 Rueda, complete. Exclusive copy","description":"The Ingenious Gentleman Don Quixote of La Mancha, composed by Miguel de Cervantes Saavedra. First and second part. 2 volumes. Beautiful 2007 edition by","robots":{"index":"index","follow":"follow","max-snippet":"max-snippet:-1","max-image-preview":"max-image-preview:large","max-video-preview":"max-video-preview:-1"},"canonical":"https:\/\/www.comprarmejor.es\/en\/product\/don-quixote-cervantes-2007-rueda-complete-exclusive-copy-bibliophilia\/","og_locale":"en_US","og_type":"article","og_title":"Don Quixote. Cervantes. 2007 Rueda, complete. Exclusive copy","og_description":"The Ingenious Gentleman Don Quixote of La Mancha, composed by Miguel de Cervantes Saavedra. First and second part. 2 volumes. Beautiful 2007 edition by","og_url":"https:\/\/www.comprarmejor.es\/en\/product\/don-quixote-cervantes-2007-rueda-complete-exclusive-copy-bibliophilia\/","og_site_name":"ComprarMejor","article_modified_time":"2025-09-15T08:00:16+00:00","og_image":[{"width":768,"height":453,"url":"https:\/\/www.comprarmejor.es\/wp-content\/uploads\/2018\/06\/QR2007-1.jpg","type":"image\/jpeg"}],"twitter_card":"summary_large_image","twitter_misc":{"Est. reading time":"2 minutes"},"schema":{"@context":"https:\/\/schema.org","@graph":[{"@type":"WebPage","@id":"https:\/\/www.comprarmejor.es\/en\/product\/don-quixote-cervantes-2007-rueda-complete-exclusive-copy-bibliophilia\/","url":"https:\/\/www.comprarmejor.es\/en\/product\/don-quixote-cervantes-2007-rueda-complete-exclusive-copy-bibliophilia\/","name":"Don Quixote. Cervantes. 2007 Rueda, complete. Exclusive copy","isPartOf":{"@id":"https:\/\/www.comprarmejor.es\/en\/#website"},"primaryImageOfPage":{"@id":"https:\/\/www.comprarmejor.es\/en\/product\/don-quixote-cervantes-2007-rueda-complete-exclusive-copy-bibliophilia\/#primaryimage"},"image":{"@id":"https:\/\/www.comprarmejor.es\/en\/product\/don-quixote-cervantes-2007-rueda-complete-exclusive-copy-bibliophilia\/#primaryimage"},"thumbnailUrl":"https:\/\/www.comprarmejor.es\/wp-content\/uploads\/2018\/06\/QR2007-1.jpg","datePublished":"2018-06-11T15:16:28+00:00","dateModified":"2025-09-15T08:00:16+00:00","description":"The Ingenious Gentleman Don Quixote of La Mancha, composed by Miguel de Cervantes Saavedra. First and second part. 2 volumes. Beautiful 2007 edition by","breadcrumb":{"@id":"https:\/\/www.comprarmejor.es\/en\/product\/don-quixote-cervantes-2007-rueda-complete-exclusive-copy-bibliophilia\/#breadcrumb"},"inLanguage":"en-US","potentialAction":[{"@type":"ReadAction","target":["https:\/\/www.comprarmejor.es\/en\/product\/don-quixote-cervantes-2007-rueda-complete-exclusive-copy-bibliophilia\/"]}]},{"@type":"ImageObject","inLanguage":"en-US","@id":"https:\/\/www.comprarmejor.es\/en\/product\/don-quixote-cervantes-2007-rueda-complete-exclusive-copy-bibliophilia\/#primaryimage","url":"https:\/\/www.comprarmejor.es\/wp-content\/uploads\/2018\/06\/QR2007-1.jpg","contentUrl":"https:\/\/www.comprarmejor.es\/wp-content\/uploads\/2018\/06\/QR2007-1.jpg","width":768,"height":453},{"@type":"BreadcrumbList","@id":"https:\/\/www.comprarmejor.es\/en\/product\/don-quixote-cervantes-2007-rueda-complete-exclusive-copy-bibliophilia\/#breadcrumb","itemListElement":[{"@type":"ListItem","position":1,"name":"Portada","item":"https:\/\/www.comprarmejor.es\/en\/"},{"@type":"ListItem","position":2,"name":"Shop","item":"https:\/\/www.comprarmejor.es\/en\/shop\/"},{"@type":"ListItem","position":3,"name":"2007 Don Quixote. Cervantes. Rueda, complete. Exclusive copy. bibliophilia"}]},{"@type":"WebSite","@id":"https:\/\/www.comprarmejor.es\/en\/#website","url":"https:\/\/www.comprarmejor.es\/en\/","name":"ComprarMejor","description":"ComprarMejor","publisher":{"@id":"https:\/\/www.comprarmejor.es\/en\/#organization"},"potentialAction":[{"@type":"SearchAction","target":{"@type":"EntryPoint","urlTemplate":"https:\/\/www.comprarmejor.es\/en\/?s={search_term_string}"},"query-input":{"@type":"PropertyValueSpecification","valueRequired":true,"valueName":"search_term_string"}}],"inLanguage":"en-US"},{"@type":"Organization","@id":"https:\/\/www.comprarmejor.es\/en\/#organization","name":"COMPRAR MEJOR","url":"https:\/\/www.comprarmejor.es\/en\/","logo":{"@type":"ImageObject","inLanguage":"en-US","@id":"https:\/\/www.comprarmejor.es\/en\/#\/schema\/logo\/image\/","url":"https:\/\/www.comprarmejor.es\/wp-content\/uploads\/2025\/09\/comprarmejortrinidad.jpg","contentUrl":"https:\/\/www.comprarmejor.es\/wp-content\/uploads\/2025\/09\/comprarmejortrinidad.jpg","width":1022,"height":1380,"caption":"COMPRAR MEJOR"},"image":{"@id":"https:\/\/www.comprarmejor.es\/en\/#\/schema\/logo\/image\/"},"sameAs":["https:\/\/www.instagram.com\/amigosdelcodice"]}]}},"_links":{"self":[{"href":"https:\/\/www.comprarmejor.es\/en\/wp-json\/wp\/v2\/product\/55527","targetHints":{"allow":["GET"]}}],"collection":[{"href":"https:\/\/www.comprarmejor.es\/en\/wp-json\/wp\/v2\/product"}],"about":[{"href":"https:\/\/www.comprarmejor.es\/en\/wp-json\/wp\/v2\/types\/product"}],"wp:featuredmedia":[{"embeddable":true,"href":"https:\/\/www.comprarmejor.es\/en\/wp-json\/wp\/v2\/media\/92315"}],"wp:attachment":[{"href":"https:\/\/www.comprarmejor.es\/en\/wp-json\/wp\/v2\/media?parent=55527"}],"wp:term":[{"taxonomy":"product_brand","embeddable":true,"href":"https:\/\/www.comprarmejor.es\/en\/wp-json\/wp\/v2\/product_brand?post=55527"},{"taxonomy":"product_cat","embeddable":true,"href":"https:\/\/www.comprarmejor.es\/en\/wp-json\/wp\/v2\/product_cat?post=55527"},{"taxonomy":"product_tag","embeddable":true,"href":"https:\/\/www.comprarmejor.es\/en\/wp-json\/wp\/v2\/product_tag?post=55527"}],"curies":[{"name":"wp","href":"https:\/\/api.w.org\/{rel}","templated":true}]}}