{"id":55623,"date":"2018-08-01T18:02:53","date_gmt":"2018-08-01T16:02:53","guid":{"rendered":"https:\/\/www.comprarmejor.es\/producto\/great-hours-of-rohan-s-xv-very-low-number\/"},"modified":"2025-10-14T11:12:10","modified_gmt":"2025-10-14T09:12:10","slug":"viaggio-in-ispagna-journey-through-spain-davillier-and-illustrated-by-dore-1874","status":"publish","type":"product","link":"https:\/\/www.comprarmejor.es\/en\/product\/viaggio-in-ispagna-journey-through-spain-davillier-and-illustrated-by-dore-1874\/","title":{"rendered":"Viaggio in Ispagna (Journey through Spain). Davillier and illustrated by Dor\u00e9. 1874"},"content":{"rendered":"<p style=\"text-align: justify;\">Rare first Italian edition of the account of the journey to Spain by the French Baron Carlo Davillier, superbly illustrated with over 300 drawings in the text and on a full-page cover by Gustave Dor\u00e9. Milan, Fratelli Treves, 1874.<\/p>\n<p style=\"text-align: justify;\">Despite being over 150 years old, this copy is in generally good\/very good condition. Only a water stain at the top of the first four pages and browned paper and some pages with rust stains due to the passage of time are noted, but this does not affect its readability or the illustrations, some of which are true works of art by Dor\u00e9.<\/p>\n<p style=\"text-align: justify;\">Rear hardcover leatherette binding with handwritten title on the spine, preserving the rare original publisher&#8217;s covers. Format 23.5 x 31 cm. 632 pages plus 143 pages with full-page and single-sided illustrations outside the pagination.<\/p>\n<p style=\"text-align: justify;\">Jean Charles Davillier (Rouen, March 17, 1823 \u2013 Paris, March 1, 1883) was a French art collector and writer. His Voyage en Espagne (1875)\u2014published in installments between 1862 and 1873 in the travel magazine Le Tour du monde and translated into Spanish under the title &#8220;Journey through Spain&#8221; in 1957\u2014remains famous for its illustrations, mostly about bullfighting by Gustave Dor\u00e9. The book also contains many illustrations of monuments, places, and popular figures of the time. The drawings, engravings, and lithographs about bullfighting in this book were also compiled in another publication under the title La Tauromachie de Gustave Dor\u00e9.<\/p>\n<p style=\"text-align: justify;\">Some of the cities illustrated and referenced in the work: Malaga, Cadiz, Seville, Cordoba, Toledo, Madrid, Segovia, Barcelona, \u200b\u200bValencia, Badajoz, Caceres, Salamanca, Leon, Asturias, Zaragoza, etc.<\/p>\n<p style=\"text-align: justify;\">Shipping costs vary depending on the order and destination. <span title=\"Cons\u00faltenos cualquier duda, as\u00ed como por cualquier otro Libro de Horas o facs\u00edmile que est\u00e9 buscando.\"><a class=\"btn btn-default\" href=\"https:\/\/www.comprarmejor.es\/en\/contact\/\">Ask us<\/a> <span class=\"HwtZe\" lang=\"en\"><span class=\"jCAhz ChMk0b\"><span class=\"ryNqvb\">any questions, indicating the article reference.<\/span><\/span><\/span><br \/>\n<\/span><\/p>\n","protected":false},"excerpt":{"rendered":"<p style=\"text-align: justify;\"><span id=\"result_box\" lang=\"en\" xml:lang=\"en\"><span title=\"La majestuosidad de sus miniaturas lo coloca en el lugar m\u00e1s destacado del arte de la primera mitad del siglo XV.\"><span lang=\"en\" xml:lang=\"en\"><span class=\"HwtZe\" lang=\"en\"><span class=\"jCAhz ChMk0b\"><span class=\"ryNqvb\">Rare first Italian edition of the account of the journey to Spain by the French Baron Carlo Davillier, superbly illustrated with over 300 drawings in the text and on a full-page cover by Gustave Dor\u00e9. Milan, Fratelli Treves, 1874.<\/span><\/span><\/span><\/span><\/span><\/span><\/p>\n","protected":false},"featured_media":104367,"template":"","meta":[],"product_brand":[],"product_cat":[2238,2242,2272],"product_tag":[5120],"class_list":{"0":"post-55623","1":"product","2":"type-product","3":"status-publish","4":"has-post-thumbnail","6":"product_cat-exclusive-copies","7":"product_cat-first-editions","8":"product_cat-illustrated-books","9":"product_tag-history-en","10":"product_shipping_class-from-2-to-5-kg","11":"description-off","13":"first","14":"instock","15":"taxable","16":"shipping-taxable","17":"purchasable","18":"product-type-simple"},"yoast_head":"<!-- This site is optimized with the Yoast SEO plugin v27.3 - https:\/\/yoast.com\/product\/yoast-seo-wordpress\/ -->\n<title>Viaggio in Ispagna. Davillier and illustrated by Dor\u00e9. 1874<\/title>\n<meta name=\"description\" content=\"Rare first Italian edition of the account of the journey to Spain by the French Baron Davillier, superbly illustrated by Dor\u00e9. Milan, Fratelli Treves, 1874\" \/>\n<meta name=\"robots\" content=\"index, follow, max-snippet:-1, max-image-preview:large, max-video-preview:-1\" \/>\n<link rel=\"canonical\" href=\"https:\/\/www.comprarmejor.es\/en\/product\/viaggio-in-ispagna-journey-through-spain-davillier-and-illustrated-by-dore-1874\/\" \/>\n<meta property=\"og:locale\" content=\"en_US\" \/>\n<meta property=\"og:type\" content=\"article\" \/>\n<meta property=\"og:title\" content=\"Viaggio in Ispagna. Davillier and illustrated by Dor\u00e9. 1874\" \/>\n<meta property=\"og:description\" content=\"Rare first Italian edition of the account of the journey to Spain by the French Baron Davillier, superbly illustrated by Dor\u00e9. Milan, Fratelli Treves, 1874\" \/>\n<meta property=\"og:url\" content=\"https:\/\/www.comprarmejor.es\/en\/product\/viaggio-in-ispagna-journey-through-spain-davillier-and-illustrated-by-dore-1874\/\" \/>\n<meta property=\"og:site_name\" content=\"ComprarMejor\" \/>\n<meta property=\"article:modified_time\" content=\"2025-10-14T09:12:10+00:00\" \/>\n<meta property=\"og:image\" content=\"https:\/\/www.comprarmejor.es\/wp-content\/uploads\/2018\/08\/Viaggio-2.jpg\" \/>\n\t<meta property=\"og:image:width\" content=\"756\" \/>\n\t<meta property=\"og:image:height\" content=\"567\" \/>\n\t<meta property=\"og:image:type\" content=\"image\/jpeg\" \/>\n<meta name=\"twitter:card\" content=\"summary_large_image\" \/>\n<meta name=\"twitter:label1\" content=\"Est. reading time\" \/>\n\t<meta name=\"twitter:data1\" content=\"2 minutes\" \/>\n<script type=\"application\/ld+json\" class=\"yoast-schema-graph\">{\"@context\":\"https:\\\/\\\/schema.org\",\"@graph\":[{\"@type\":\"WebPage\",\"@id\":\"https:\\\/\\\/www.comprarmejor.es\\\/en\\\/product\\\/viaggio-in-ispagna-journey-through-spain-davillier-and-illustrated-by-dore-1874\\\/\",\"url\":\"https:\\\/\\\/www.comprarmejor.es\\\/en\\\/product\\\/viaggio-in-ispagna-journey-through-spain-davillier-and-illustrated-by-dore-1874\\\/\",\"name\":\"Viaggio in Ispagna. Davillier and illustrated by Dor\u00e9. 1874\",\"isPartOf\":{\"@id\":\"https:\\\/\\\/www.comprarmejor.es\\\/en\\\/#website\"},\"primaryImageOfPage\":{\"@id\":\"https:\\\/\\\/www.comprarmejor.es\\\/en\\\/product\\\/viaggio-in-ispagna-journey-through-spain-davillier-and-illustrated-by-dore-1874\\\/#primaryimage\"},\"image\":{\"@id\":\"https:\\\/\\\/www.comprarmejor.es\\\/en\\\/product\\\/viaggio-in-ispagna-journey-through-spain-davillier-and-illustrated-by-dore-1874\\\/#primaryimage\"},\"thumbnailUrl\":\"https:\\\/\\\/www.comprarmejor.es\\\/wp-content\\\/uploads\\\/2018\\\/08\\\/Viaggio-2.jpg\",\"datePublished\":\"2018-08-01T16:02:53+00:00\",\"dateModified\":\"2025-10-14T09:12:10+00:00\",\"description\":\"Rare first Italian edition of the account of the journey to Spain by the French Baron Davillier, superbly illustrated by Dor\u00e9. Milan, Fratelli Treves, 1874\",\"breadcrumb\":{\"@id\":\"https:\\\/\\\/www.comprarmejor.es\\\/en\\\/product\\\/viaggio-in-ispagna-journey-through-spain-davillier-and-illustrated-by-dore-1874\\\/#breadcrumb\"},\"inLanguage\":\"en-US\",\"potentialAction\":[{\"@type\":\"ReadAction\",\"target\":[\"https:\\\/\\\/www.comprarmejor.es\\\/en\\\/product\\\/viaggio-in-ispagna-journey-through-spain-davillier-and-illustrated-by-dore-1874\\\/\"]}]},{\"@type\":\"ImageObject\",\"inLanguage\":\"en-US\",\"@id\":\"https:\\\/\\\/www.comprarmejor.es\\\/en\\\/product\\\/viaggio-in-ispagna-journey-through-spain-davillier-and-illustrated-by-dore-1874\\\/#primaryimage\",\"url\":\"https:\\\/\\\/www.comprarmejor.es\\\/wp-content\\\/uploads\\\/2018\\\/08\\\/Viaggio-2.jpg\",\"contentUrl\":\"https:\\\/\\\/www.comprarmejor.es\\\/wp-content\\\/uploads\\\/2018\\\/08\\\/Viaggio-2.jpg\",\"width\":756,\"height\":567},{\"@type\":\"BreadcrumbList\",\"@id\":\"https:\\\/\\\/www.comprarmejor.es\\\/en\\\/product\\\/viaggio-in-ispagna-journey-through-spain-davillier-and-illustrated-by-dore-1874\\\/#breadcrumb\",\"itemListElement\":[{\"@type\":\"ListItem\",\"position\":1,\"name\":\"Portada\",\"item\":\"https:\\\/\\\/www.comprarmejor.es\\\/en\\\/\"},{\"@type\":\"ListItem\",\"position\":2,\"name\":\"Shop\",\"item\":\"https:\\\/\\\/www.comprarmejor.es\\\/en\\\/shop\\\/\"},{\"@type\":\"ListItem\",\"position\":3,\"name\":\"Viaggio in Ispagna (Journey through Spain). Davillier and illustrated by Dor\u00e9. 1874\"}]},{\"@type\":\"WebSite\",\"@id\":\"https:\\\/\\\/www.comprarmejor.es\\\/en\\\/#website\",\"url\":\"https:\\\/\\\/www.comprarmejor.es\\\/en\\\/\",\"name\":\"ComprarMejor\",\"description\":\"ComprarMejor\",\"publisher\":{\"@id\":\"https:\\\/\\\/www.comprarmejor.es\\\/en\\\/#organization\"},\"potentialAction\":[{\"@type\":\"SearchAction\",\"target\":{\"@type\":\"EntryPoint\",\"urlTemplate\":\"https:\\\/\\\/www.comprarmejor.es\\\/en\\\/?s={search_term_string}\"},\"query-input\":{\"@type\":\"PropertyValueSpecification\",\"valueRequired\":true,\"valueName\":\"search_term_string\"}}],\"inLanguage\":\"en-US\"},{\"@type\":\"Organization\",\"@id\":\"https:\\\/\\\/www.comprarmejor.es\\\/en\\\/#organization\",\"name\":\"COMPRAR MEJOR\",\"url\":\"https:\\\/\\\/www.comprarmejor.es\\\/en\\\/\",\"logo\":{\"@type\":\"ImageObject\",\"inLanguage\":\"en-US\",\"@id\":\"https:\\\/\\\/www.comprarmejor.es\\\/en\\\/#\\\/schema\\\/logo\\\/image\\\/\",\"url\":\"https:\\\/\\\/www.comprarmejor.es\\\/wp-content\\\/uploads\\\/2025\\\/09\\\/comprarmejortrinidad.jpg\",\"contentUrl\":\"https:\\\/\\\/www.comprarmejor.es\\\/wp-content\\\/uploads\\\/2025\\\/09\\\/comprarmejortrinidad.jpg\",\"width\":1022,\"height\":1380,\"caption\":\"COMPRAR MEJOR\"},\"image\":{\"@id\":\"https:\\\/\\\/www.comprarmejor.es\\\/en\\\/#\\\/schema\\\/logo\\\/image\\\/\"},\"sameAs\":[\"https:\\\/\\\/www.instagram.com\\\/amigosdelcodice\"]}]}<\/script>\n<!-- \/ Yoast SEO plugin. -->","yoast_head_json":{"title":"Viaggio in Ispagna. Davillier and illustrated by Dor\u00e9. 1874","description":"Rare first Italian edition of the account of the journey to Spain by the French Baron Davillier, superbly illustrated by Dor\u00e9. Milan, Fratelli Treves, 1874","robots":{"index":"index","follow":"follow","max-snippet":"max-snippet:-1","max-image-preview":"max-image-preview:large","max-video-preview":"max-video-preview:-1"},"canonical":"https:\/\/www.comprarmejor.es\/en\/product\/viaggio-in-ispagna-journey-through-spain-davillier-and-illustrated-by-dore-1874\/","og_locale":"en_US","og_type":"article","og_title":"Viaggio in Ispagna. Davillier and illustrated by Dor\u00e9. 1874","og_description":"Rare first Italian edition of the account of the journey to Spain by the French Baron Davillier, superbly illustrated by Dor\u00e9. Milan, Fratelli Treves, 1874","og_url":"https:\/\/www.comprarmejor.es\/en\/product\/viaggio-in-ispagna-journey-through-spain-davillier-and-illustrated-by-dore-1874\/","og_site_name":"ComprarMejor","article_modified_time":"2025-10-14T09:12:10+00:00","og_image":[{"width":756,"height":567,"url":"https:\/\/www.comprarmejor.es\/wp-content\/uploads\/2018\/08\/Viaggio-2.jpg","type":"image\/jpeg"}],"twitter_card":"summary_large_image","twitter_misc":{"Est. reading time":"2 minutes"},"schema":{"@context":"https:\/\/schema.org","@graph":[{"@type":"WebPage","@id":"https:\/\/www.comprarmejor.es\/en\/product\/viaggio-in-ispagna-journey-through-spain-davillier-and-illustrated-by-dore-1874\/","url":"https:\/\/www.comprarmejor.es\/en\/product\/viaggio-in-ispagna-journey-through-spain-davillier-and-illustrated-by-dore-1874\/","name":"Viaggio in Ispagna. Davillier and illustrated by Dor\u00e9. 1874","isPartOf":{"@id":"https:\/\/www.comprarmejor.es\/en\/#website"},"primaryImageOfPage":{"@id":"https:\/\/www.comprarmejor.es\/en\/product\/viaggio-in-ispagna-journey-through-spain-davillier-and-illustrated-by-dore-1874\/#primaryimage"},"image":{"@id":"https:\/\/www.comprarmejor.es\/en\/product\/viaggio-in-ispagna-journey-through-spain-davillier-and-illustrated-by-dore-1874\/#primaryimage"},"thumbnailUrl":"https:\/\/www.comprarmejor.es\/wp-content\/uploads\/2018\/08\/Viaggio-2.jpg","datePublished":"2018-08-01T16:02:53+00:00","dateModified":"2025-10-14T09:12:10+00:00","description":"Rare first Italian edition of the account of the journey to Spain by the French Baron Davillier, superbly illustrated by Dor\u00e9. Milan, Fratelli Treves, 1874","breadcrumb":{"@id":"https:\/\/www.comprarmejor.es\/en\/product\/viaggio-in-ispagna-journey-through-spain-davillier-and-illustrated-by-dore-1874\/#breadcrumb"},"inLanguage":"en-US","potentialAction":[{"@type":"ReadAction","target":["https:\/\/www.comprarmejor.es\/en\/product\/viaggio-in-ispagna-journey-through-spain-davillier-and-illustrated-by-dore-1874\/"]}]},{"@type":"ImageObject","inLanguage":"en-US","@id":"https:\/\/www.comprarmejor.es\/en\/product\/viaggio-in-ispagna-journey-through-spain-davillier-and-illustrated-by-dore-1874\/#primaryimage","url":"https:\/\/www.comprarmejor.es\/wp-content\/uploads\/2018\/08\/Viaggio-2.jpg","contentUrl":"https:\/\/www.comprarmejor.es\/wp-content\/uploads\/2018\/08\/Viaggio-2.jpg","width":756,"height":567},{"@type":"BreadcrumbList","@id":"https:\/\/www.comprarmejor.es\/en\/product\/viaggio-in-ispagna-journey-through-spain-davillier-and-illustrated-by-dore-1874\/#breadcrumb","itemListElement":[{"@type":"ListItem","position":1,"name":"Portada","item":"https:\/\/www.comprarmejor.es\/en\/"},{"@type":"ListItem","position":2,"name":"Shop","item":"https:\/\/www.comprarmejor.es\/en\/shop\/"},{"@type":"ListItem","position":3,"name":"Viaggio in Ispagna (Journey through Spain). Davillier and illustrated by Dor\u00e9. 1874"}]},{"@type":"WebSite","@id":"https:\/\/www.comprarmejor.es\/en\/#website","url":"https:\/\/www.comprarmejor.es\/en\/","name":"ComprarMejor","description":"ComprarMejor","publisher":{"@id":"https:\/\/www.comprarmejor.es\/en\/#organization"},"potentialAction":[{"@type":"SearchAction","target":{"@type":"EntryPoint","urlTemplate":"https:\/\/www.comprarmejor.es\/en\/?s={search_term_string}"},"query-input":{"@type":"PropertyValueSpecification","valueRequired":true,"valueName":"search_term_string"}}],"inLanguage":"en-US"},{"@type":"Organization","@id":"https:\/\/www.comprarmejor.es\/en\/#organization","name":"COMPRAR MEJOR","url":"https:\/\/www.comprarmejor.es\/en\/","logo":{"@type":"ImageObject","inLanguage":"en-US","@id":"https:\/\/www.comprarmejor.es\/en\/#\/schema\/logo\/image\/","url":"https:\/\/www.comprarmejor.es\/wp-content\/uploads\/2025\/09\/comprarmejortrinidad.jpg","contentUrl":"https:\/\/www.comprarmejor.es\/wp-content\/uploads\/2025\/09\/comprarmejortrinidad.jpg","width":1022,"height":1380,"caption":"COMPRAR MEJOR"},"image":{"@id":"https:\/\/www.comprarmejor.es\/en\/#\/schema\/logo\/image\/"},"sameAs":["https:\/\/www.instagram.com\/amigosdelcodice"]}]}},"_links":{"self":[{"href":"https:\/\/www.comprarmejor.es\/en\/wp-json\/wp\/v2\/product\/55623","targetHints":{"allow":["GET"]}}],"collection":[{"href":"https:\/\/www.comprarmejor.es\/en\/wp-json\/wp\/v2\/product"}],"about":[{"href":"https:\/\/www.comprarmejor.es\/en\/wp-json\/wp\/v2\/types\/product"}],"wp:featuredmedia":[{"embeddable":true,"href":"https:\/\/www.comprarmejor.es\/en\/wp-json\/wp\/v2\/media\/104367"}],"wp:attachment":[{"href":"https:\/\/www.comprarmejor.es\/en\/wp-json\/wp\/v2\/media?parent=55623"}],"wp:term":[{"taxonomy":"product_brand","embeddable":true,"href":"https:\/\/www.comprarmejor.es\/en\/wp-json\/wp\/v2\/product_brand?post=55623"},{"taxonomy":"product_cat","embeddable":true,"href":"https:\/\/www.comprarmejor.es\/en\/wp-json\/wp\/v2\/product_cat?post=55623"},{"taxonomy":"product_tag","embeddable":true,"href":"https:\/\/www.comprarmejor.es\/en\/wp-json\/wp\/v2\/product_tag?post=55623"}],"curies":[{"name":"wp","href":"https:\/\/api.w.org\/{rel}","templated":true}]}}