{"id":55683,"date":"2018-08-09T13:20:08","date_gmt":"2018-08-09T11:20:08","guid":{"rendered":"https:\/\/www.comprarmejor.es\/producto\/book-of-hours-of-gulbenkian-s-xv\/"},"modified":"2019-07-28T11:30:17","modified_gmt":"2019-07-28T09:30:17","slug":"book-of-hours-of-gulbenkian-s-xv","status":"publish","type":"product","link":"https:\/\/www.comprarmejor.es\/en\/product\/book-of-hours-of-gulbenkian-s-xv\/","title":{"rendered":"Book of Hours of Gulbenkian, s. XV (5*)"},"content":{"rendered":"<p style=\"text-align: justify;\"><span id=\"result_box\" lang=\"en\" xml:lang=\"en\"><span title=\"Extraordinaria edici\u00f3n facs\u00edmile realizada en 2009 del Libro de Horas de Gulbenkian, original conservado en la Fundaci\u00f3n Calouste Gulbenkian, Lisboa (Portugal), con la signatura Ms. Lat.\">Extraordinary facsimile edition carried out in 2009 of the <strong>Book of Hours of Gulbenkian<\/strong>, original preserved in the Calouste Gulbenkian Foundation, Lisbon (Portugal), with the symbol Ms. Lat. <\/span><span title=\"135. \u00a1Un 5 estrellas en toda gran Biblioteca!\">135. A 5 stars in every great Library!<\/span><\/span><\/p>\n<p><span title=\"Edici\u00f3n limitada a 995 ejemplares, numerada y autentificada notarialmente.\">Limited edition of 995 copies, numbered and authenticated by notary.<\/span><\/p>\n<p><span title=\"Facs\u00edmile encuadernado en terciopelo fino azul sobre tabla, formato 18 x 25,5 cm.\">Facsimile bound in fine blue velvet on board, format 18 x 25.5 cm. <\/span><span title=\"348 p\u00e1ginas muy miniadas, con oros y vivos colores.\">348 pages very miniadas, with gold and bright colors. <\/span><span title=\"Presentado en una caja-estuche formato libro para su mejor conservaci\u00f3n, formato 22 x 29 x 7,5 cm.\">Presented in a box-case book format for better preservation, format 22 x 29 x 7.5 cm.<\/span><\/p>\n<p><span title=\"Acompa\u00f1ado de su correspondiente libro estudio, encuadernado en tapa dura con sobrecubierta ilustrada, cinta gu\u00eda, formato 26 x 36 cm.\">Accompanied by his corresponding study book, bound in hard cover with illustrated dust jacket, guide tape, format 26 x 36 cm. <\/span><span title=\"256 p\u00e1ginas ilustradas.\">256 illustrated pages. <\/span><span title=\"Textos en espa\u00f1ol, incluyendo la transcripci\u00f3n y traducci\u00f3n del texto original latino.\">Texts in Spanish, including the transcription and translation of the original Latin text.<\/span><\/p>\n<p><span title=\"\u00danico ejemplar disponible a este excepcional precio, completo y en perfecto estado.\">Only copy available at this exceptional price, complete and in perfect condition.<\/span><\/p>\n<p><span title=\"Gastos de env\u00edo por cuenta del comprador, seg\u00fan pedido y destino.\">Shipping costs on account of the buyer, according to order and destination.\u00a0<\/span><span title=\"Cons\u00faltenos sin compromiso (indicando la referencia del art\u00edculo) cualquier duda.\"><a class=\"btn btn-default\" href=\"https:\/\/comprarmejor.es\/en\/contact\">Consult us<\/a> without obligation (indicating the reference of the article) any doubt.<\/span><\/p>\n","protected":false},"excerpt":{"rendered":"<p style=\"text-align: justify;\"><span id=\"result_box\" lang=\"en\" xml:lang=\"en\"><span title=\"Este facs\u00edmile forma parte de la Biblioteca Espectacular.\">This facsimile is part of the <strong>Spectacular Library<\/strong>.<br \/>\n<\/span><span title=\"Extraordinaria edici\u00f3n facs\u00edmile realizada en 2009 del Libro de Horas de Gulbenkian, original conservado en la Fundaci\u00f3n Calouste Gulbenkian, Lisboa (Portugal), con la signatura Ms. Lat.\">Extraordinary facsimile edition carried out in 2009 of the Book of Hours of Gulbenkian, original preserved in the Calouste Gulbenkian Foundation, Lisbon (Portugal), with the symbol Ms. Lat. <\/span><span title=\"135. \u00a1Un 5 estrellas en toda gran Biblioteca!\">135. A 5 stars in every great Library!<\/span><\/span><\/p>\n","protected":false},"featured_media":55667,"template":"","meta":[],"product_brand":[],"product_cat":[2226,2200],"product_tag":[3979,4044,5122,4568],"class_list":{"0":"post-55683","1":"product","2":"type-product","3":"status-publish","4":"has-post-thumbnail","6":"product_cat-books-of-hours","7":"product_cat-spectacular-library","8":"product_tag-ayn-en","9":"product_tag-gulbenkian-en-2","10":"product_tag-hours-en","11":"product_tag-lisboa-en-2","12":"product_shipping_class-from-2-to-5-kg","13":"description-off","15":"first","16":"instock","17":"sale","18":"taxable","19":"shipping-taxable","20":"purchasable","21":"product-type-simple"},"yoast_head":"<!-- This site is optimized with the Yoast SEO plugin v27.3 - https:\/\/yoast.com\/product\/yoast-seo-wordpress\/ -->\n<title>Book of Hours of Gulbenkian, 15th century (5 *) beautifully lit<\/title>\n<meta name=\"description\" content=\"Edition in 2009 of the Book of Hours of Gulbenkian, original preserved in the Calouste Gulbenkian Foundation, Lisbon (Portugal), symbol Ms. Lat. 135\" \/>\n<meta name=\"robots\" content=\"index, follow, max-snippet:-1, max-image-preview:large, max-video-preview:-1\" \/>\n<link rel=\"canonical\" href=\"https:\/\/www.comprarmejor.es\/en\/product\/book-of-hours-of-gulbenkian-s-xv\/\" \/>\n<meta property=\"og:locale\" content=\"en_US\" \/>\n<meta property=\"og:type\" content=\"article\" \/>\n<meta property=\"og:title\" content=\"Book of Hours of Gulbenkian, 15th century (5 *) beautifully lit\" \/>\n<meta property=\"og:description\" content=\"Edition in 2009 of the Book of Hours of Gulbenkian, original preserved in the Calouste Gulbenkian Foundation, Lisbon (Portugal), symbol Ms. Lat. 135\" \/>\n<meta property=\"og:url\" content=\"https:\/\/www.comprarmejor.es\/en\/product\/book-of-hours-of-gulbenkian-s-xv\/\" \/>\n<meta property=\"og:site_name\" content=\"ComprarMejor\" \/>\n<meta property=\"article:modified_time\" content=\"2019-07-28T09:30:17+00:00\" \/>\n<meta property=\"og:image\" content=\"https:\/\/www.comprarmejor.es\/wp-content\/uploads\/2018\/08\/p_7_7_2_4_7724-Libro-de-Horas-de-Gulbenkian-s.-XV.jpg\" \/>\n\t<meta property=\"og:image:width\" content=\"599\" \/>\n\t<meta property=\"og:image:height\" content=\"357\" \/>\n\t<meta property=\"og:image:type\" content=\"image\/jpeg\" \/>\n<meta name=\"twitter:card\" content=\"summary_large_image\" \/>\n<meta name=\"twitter:label1\" content=\"Est. reading time\" \/>\n\t<meta name=\"twitter:data1\" content=\"1 minute\" \/>\n<script type=\"application\/ld+json\" class=\"yoast-schema-graph\">{\"@context\":\"https:\\\/\\\/schema.org\",\"@graph\":[{\"@type\":\"WebPage\",\"@id\":\"https:\\\/\\\/www.comprarmejor.es\\\/en\\\/product\\\/book-of-hours-of-gulbenkian-s-xv\\\/\",\"url\":\"https:\\\/\\\/www.comprarmejor.es\\\/en\\\/product\\\/book-of-hours-of-gulbenkian-s-xv\\\/\",\"name\":\"Book of Hours of Gulbenkian, 15th century (5 *) beautifully lit\",\"isPartOf\":{\"@id\":\"https:\\\/\\\/www.comprarmejor.es\\\/en\\\/#website\"},\"primaryImageOfPage\":{\"@id\":\"https:\\\/\\\/www.comprarmejor.es\\\/en\\\/product\\\/book-of-hours-of-gulbenkian-s-xv\\\/#primaryimage\"},\"image\":{\"@id\":\"https:\\\/\\\/www.comprarmejor.es\\\/en\\\/product\\\/book-of-hours-of-gulbenkian-s-xv\\\/#primaryimage\"},\"thumbnailUrl\":\"https:\\\/\\\/www.comprarmejor.es\\\/wp-content\\\/uploads\\\/2018\\\/08\\\/p_7_7_2_4_7724-Libro-de-Horas-de-Gulbenkian-s.-XV.jpg\",\"datePublished\":\"2018-08-09T11:20:08+00:00\",\"dateModified\":\"2019-07-28T09:30:17+00:00\",\"description\":\"Edition in 2009 of the Book of Hours of Gulbenkian, original preserved in the Calouste Gulbenkian Foundation, Lisbon (Portugal), symbol Ms. Lat. 135\",\"breadcrumb\":{\"@id\":\"https:\\\/\\\/www.comprarmejor.es\\\/en\\\/product\\\/book-of-hours-of-gulbenkian-s-xv\\\/#breadcrumb\"},\"inLanguage\":\"en-US\",\"potentialAction\":[{\"@type\":\"ReadAction\",\"target\":[\"https:\\\/\\\/www.comprarmejor.es\\\/en\\\/product\\\/book-of-hours-of-gulbenkian-s-xv\\\/\"]}]},{\"@type\":\"ImageObject\",\"inLanguage\":\"en-US\",\"@id\":\"https:\\\/\\\/www.comprarmejor.es\\\/en\\\/product\\\/book-of-hours-of-gulbenkian-s-xv\\\/#primaryimage\",\"url\":\"https:\\\/\\\/www.comprarmejor.es\\\/wp-content\\\/uploads\\\/2018\\\/08\\\/p_7_7_2_4_7724-Libro-de-Horas-de-Gulbenkian-s.-XV.jpg\",\"contentUrl\":\"https:\\\/\\\/www.comprarmejor.es\\\/wp-content\\\/uploads\\\/2018\\\/08\\\/p_7_7_2_4_7724-Libro-de-Horas-de-Gulbenkian-s.-XV.jpg\",\"width\":599,\"height\":357},{\"@type\":\"BreadcrumbList\",\"@id\":\"https:\\\/\\\/www.comprarmejor.es\\\/en\\\/product\\\/book-of-hours-of-gulbenkian-s-xv\\\/#breadcrumb\",\"itemListElement\":[{\"@type\":\"ListItem\",\"position\":1,\"name\":\"Portada\",\"item\":\"https:\\\/\\\/www.comprarmejor.es\\\/en\\\/\"},{\"@type\":\"ListItem\",\"position\":2,\"name\":\"Shop\",\"item\":\"https:\\\/\\\/www.comprarmejor.es\\\/en\\\/shop\\\/\"},{\"@type\":\"ListItem\",\"position\":3,\"name\":\"Book of Hours of Gulbenkian, s. XV (5*)\"}]},{\"@type\":\"WebSite\",\"@id\":\"https:\\\/\\\/www.comprarmejor.es\\\/en\\\/#website\",\"url\":\"https:\\\/\\\/www.comprarmejor.es\\\/en\\\/\",\"name\":\"ComprarMejor\",\"description\":\"ComprarMejor\",\"publisher\":{\"@id\":\"https:\\\/\\\/www.comprarmejor.es\\\/en\\\/#organization\"},\"potentialAction\":[{\"@type\":\"SearchAction\",\"target\":{\"@type\":\"EntryPoint\",\"urlTemplate\":\"https:\\\/\\\/www.comprarmejor.es\\\/en\\\/?s={search_term_string}\"},\"query-input\":{\"@type\":\"PropertyValueSpecification\",\"valueRequired\":true,\"valueName\":\"search_term_string\"}}],\"inLanguage\":\"en-US\"},{\"@type\":\"Organization\",\"@id\":\"https:\\\/\\\/www.comprarmejor.es\\\/en\\\/#organization\",\"name\":\"COMPRAR MEJOR\",\"url\":\"https:\\\/\\\/www.comprarmejor.es\\\/en\\\/\",\"logo\":{\"@type\":\"ImageObject\",\"inLanguage\":\"en-US\",\"@id\":\"https:\\\/\\\/www.comprarmejor.es\\\/en\\\/#\\\/schema\\\/logo\\\/image\\\/\",\"url\":\"https:\\\/\\\/www.comprarmejor.es\\\/wp-content\\\/uploads\\\/2025\\\/09\\\/comprarmejortrinidad.jpg\",\"contentUrl\":\"https:\\\/\\\/www.comprarmejor.es\\\/wp-content\\\/uploads\\\/2025\\\/09\\\/comprarmejortrinidad.jpg\",\"width\":1022,\"height\":1380,\"caption\":\"COMPRAR MEJOR\"},\"image\":{\"@id\":\"https:\\\/\\\/www.comprarmejor.es\\\/en\\\/#\\\/schema\\\/logo\\\/image\\\/\"},\"sameAs\":[\"https:\\\/\\\/www.instagram.com\\\/amigosdelcodice\"]}]}<\/script>\n<!-- \/ Yoast SEO plugin. -->","yoast_head_json":{"title":"Book of Hours of Gulbenkian, 15th century (5 *) beautifully lit","description":"Edition in 2009 of the Book of Hours of Gulbenkian, original preserved in the Calouste Gulbenkian Foundation, Lisbon (Portugal), symbol Ms. Lat. 135","robots":{"index":"index","follow":"follow","max-snippet":"max-snippet:-1","max-image-preview":"max-image-preview:large","max-video-preview":"max-video-preview:-1"},"canonical":"https:\/\/www.comprarmejor.es\/en\/product\/book-of-hours-of-gulbenkian-s-xv\/","og_locale":"en_US","og_type":"article","og_title":"Book of Hours of Gulbenkian, 15th century (5 *) beautifully lit","og_description":"Edition in 2009 of the Book of Hours of Gulbenkian, original preserved in the Calouste Gulbenkian Foundation, Lisbon (Portugal), symbol Ms. Lat. 135","og_url":"https:\/\/www.comprarmejor.es\/en\/product\/book-of-hours-of-gulbenkian-s-xv\/","og_site_name":"ComprarMejor","article_modified_time":"2019-07-28T09:30:17+00:00","og_image":[{"width":599,"height":357,"url":"https:\/\/www.comprarmejor.es\/wp-content\/uploads\/2018\/08\/p_7_7_2_4_7724-Libro-de-Horas-de-Gulbenkian-s.-XV.jpg","type":"image\/jpeg"}],"twitter_card":"summary_large_image","twitter_misc":{"Est. reading time":"1 minute"},"schema":{"@context":"https:\/\/schema.org","@graph":[{"@type":"WebPage","@id":"https:\/\/www.comprarmejor.es\/en\/product\/book-of-hours-of-gulbenkian-s-xv\/","url":"https:\/\/www.comprarmejor.es\/en\/product\/book-of-hours-of-gulbenkian-s-xv\/","name":"Book of Hours of Gulbenkian, 15th century (5 *) beautifully lit","isPartOf":{"@id":"https:\/\/www.comprarmejor.es\/en\/#website"},"primaryImageOfPage":{"@id":"https:\/\/www.comprarmejor.es\/en\/product\/book-of-hours-of-gulbenkian-s-xv\/#primaryimage"},"image":{"@id":"https:\/\/www.comprarmejor.es\/en\/product\/book-of-hours-of-gulbenkian-s-xv\/#primaryimage"},"thumbnailUrl":"https:\/\/www.comprarmejor.es\/wp-content\/uploads\/2018\/08\/p_7_7_2_4_7724-Libro-de-Horas-de-Gulbenkian-s.-XV.jpg","datePublished":"2018-08-09T11:20:08+00:00","dateModified":"2019-07-28T09:30:17+00:00","description":"Edition in 2009 of the Book of Hours of Gulbenkian, original preserved in the Calouste Gulbenkian Foundation, Lisbon (Portugal), symbol Ms. Lat. 135","breadcrumb":{"@id":"https:\/\/www.comprarmejor.es\/en\/product\/book-of-hours-of-gulbenkian-s-xv\/#breadcrumb"},"inLanguage":"en-US","potentialAction":[{"@type":"ReadAction","target":["https:\/\/www.comprarmejor.es\/en\/product\/book-of-hours-of-gulbenkian-s-xv\/"]}]},{"@type":"ImageObject","inLanguage":"en-US","@id":"https:\/\/www.comprarmejor.es\/en\/product\/book-of-hours-of-gulbenkian-s-xv\/#primaryimage","url":"https:\/\/www.comprarmejor.es\/wp-content\/uploads\/2018\/08\/p_7_7_2_4_7724-Libro-de-Horas-de-Gulbenkian-s.-XV.jpg","contentUrl":"https:\/\/www.comprarmejor.es\/wp-content\/uploads\/2018\/08\/p_7_7_2_4_7724-Libro-de-Horas-de-Gulbenkian-s.-XV.jpg","width":599,"height":357},{"@type":"BreadcrumbList","@id":"https:\/\/www.comprarmejor.es\/en\/product\/book-of-hours-of-gulbenkian-s-xv\/#breadcrumb","itemListElement":[{"@type":"ListItem","position":1,"name":"Portada","item":"https:\/\/www.comprarmejor.es\/en\/"},{"@type":"ListItem","position":2,"name":"Shop","item":"https:\/\/www.comprarmejor.es\/en\/shop\/"},{"@type":"ListItem","position":3,"name":"Book of Hours of Gulbenkian, s. XV (5*)"}]},{"@type":"WebSite","@id":"https:\/\/www.comprarmejor.es\/en\/#website","url":"https:\/\/www.comprarmejor.es\/en\/","name":"ComprarMejor","description":"ComprarMejor","publisher":{"@id":"https:\/\/www.comprarmejor.es\/en\/#organization"},"potentialAction":[{"@type":"SearchAction","target":{"@type":"EntryPoint","urlTemplate":"https:\/\/www.comprarmejor.es\/en\/?s={search_term_string}"},"query-input":{"@type":"PropertyValueSpecification","valueRequired":true,"valueName":"search_term_string"}}],"inLanguage":"en-US"},{"@type":"Organization","@id":"https:\/\/www.comprarmejor.es\/en\/#organization","name":"COMPRAR MEJOR","url":"https:\/\/www.comprarmejor.es\/en\/","logo":{"@type":"ImageObject","inLanguage":"en-US","@id":"https:\/\/www.comprarmejor.es\/en\/#\/schema\/logo\/image\/","url":"https:\/\/www.comprarmejor.es\/wp-content\/uploads\/2025\/09\/comprarmejortrinidad.jpg","contentUrl":"https:\/\/www.comprarmejor.es\/wp-content\/uploads\/2025\/09\/comprarmejortrinidad.jpg","width":1022,"height":1380,"caption":"COMPRAR MEJOR"},"image":{"@id":"https:\/\/www.comprarmejor.es\/en\/#\/schema\/logo\/image\/"},"sameAs":["https:\/\/www.instagram.com\/amigosdelcodice"]}]}},"_links":{"self":[{"href":"https:\/\/www.comprarmejor.es\/en\/wp-json\/wp\/v2\/product\/55683","targetHints":{"allow":["GET"]}}],"collection":[{"href":"https:\/\/www.comprarmejor.es\/en\/wp-json\/wp\/v2\/product"}],"about":[{"href":"https:\/\/www.comprarmejor.es\/en\/wp-json\/wp\/v2\/types\/product"}],"wp:featuredmedia":[{"embeddable":true,"href":"https:\/\/www.comprarmejor.es\/en\/wp-json\/wp\/v2\/media\/55667"}],"wp:attachment":[{"href":"https:\/\/www.comprarmejor.es\/en\/wp-json\/wp\/v2\/media?parent=55683"}],"wp:term":[{"taxonomy":"product_brand","embeddable":true,"href":"https:\/\/www.comprarmejor.es\/en\/wp-json\/wp\/v2\/product_brand?post=55683"},{"taxonomy":"product_cat","embeddable":true,"href":"https:\/\/www.comprarmejor.es\/en\/wp-json\/wp\/v2\/product_cat?post=55683"},{"taxonomy":"product_tag","embeddable":true,"href":"https:\/\/www.comprarmejor.es\/en\/wp-json\/wp\/v2\/product_tag?post=55683"}],"curies":[{"name":"wp","href":"https:\/\/api.w.org\/{rel}","templated":true}]}}