{"id":55993,"date":"2019-05-10T23:01:42","date_gmt":"2019-05-10T21:01:42","guid":{"rendered":"https:\/\/www.comprarmejor.es\/producto\/le-petit-ptolemy-xv-century-with-additional-box\/"},"modified":"2025-08-12T14:23:46","modified_gmt":"2025-08-12T12:23:46","slug":"le-petit-ptolemy-xv-century-5-2","status":"publish","type":"product","link":"https:\/\/www.comprarmejor.es\/en\/product\/le-petit-ptolemy-xv-century-5-2\/","title":{"rendered":"Le Petit Ptolomeo (Cosmography of Claudius Ptolemy), s. XV (5*)"},"content":{"rendered":"<p style=\"text-align: justify;\">Claudius Ptolemy&#8217;s Cosmography is an extraordinary and luxurious facsimile of the only Ptolemy in an easy-to-handle size, made in all its splendor and beauty, known as <strong>Le Petit Ptolemy<\/strong>. A 5-star rating in any great Library!<\/p>\n<p style=\"text-align: justify;\">Original from the 15th century made of very fine vellum, preserved in the National Library of France. With almost 600 pages of 14.5 x 26.7 cm.<\/p>\n<p style=\"text-align: justify;\">Luxuriously made with gold and silver in beautiful allegorical miniatures and precious maps of the world. Text with calligraphic in gold and adorned with frets.<\/p>\n<p style=\"text-align: justify;\">National Award 2006. Best Edited Books in 2005. Ministry of Culture. Modality: Facsimile Books.<\/p>\n<p style=\"text-align: justify;\">Facsimile bound in red velvet with 2 golden clasps and hardware. Format 17 x 28.5 cm. Beautifully lit, gold and silver, and with gold ink lettering, gold edging. 588 pages. Up to page 466 texts in gold ink, from page 467 to the end one-sided maps with gold, silver and full color.<br \/>\nEdition that provides 2 important study books, bound in hardcover with color dust jacket, 18.2 x 29 cm format:<br \/>\nVolume I, edited in 2010, ISBN 9788493413668: 360 pages with the complete translation of Claudio Ptolemy&#8217;s Cosmography and with the color reproduction of all the illuminated pages.<br \/>\nVolume II, edited in 2011, ISBN 9788493545956: 244 pages with the studies on this codex.<br \/>\nAccompanied by an elegant storage case, chest type, lined in fine blue velvet, format 29 x 40 x 16 cm. Take a pair of white cotton gloves as a gift so that the velvet does not stain when you pick up the codex.<\/p>\n<p style=\"text-align: justify;\">2006 edition limited to 898 numbered copies with notarial deed.<\/p>\n<p style=\"text-align: justify;\">Complete copy and in perfect condition.<\/p>\n<p style=\"text-align: justify;\"><span title=\"Gastos de env\u00edo por cuenta del comprador, seg\u00fan pedido y destino.\">Shipping by the buyer, upon request and destination.\u00a0<\/span><span title=\"Cons\u00faltenos cualquier duda, as\u00ed como por cualquier otro facs\u00edmile que est\u00e9 buscando.\"><a class=\"btn btn-default\" href=\"https:\/\/www.comprarmejor.es\/en\/contact\/\">Ask us<\/a> <span lang=\"en\" xml:lang=\"en\"><span title=\"Cons\u00faltenos sin compromiso (indicando la referencia del art\u00edculo) cualquier duda, as\u00ed como por cualquier otro facs\u00edmile o art\u00edculo que est\u00e9 buscando.\">without obligation any doubt.<\/span><\/span><\/span><\/p>\n","protected":false},"excerpt":{"rendered":"<p style=\"text-align: justify;\"><span id=\"result_box\" lang=\"en\" xml:lang=\"en\"><span title=\"Extraordinario y lujoso facs\u00edmile del \u00fanico &quot;Ptolomeo&quot; en un tama\u00f1o de f\u00e1cil manejo, realizado con todo su esplendor y belleza.\"><span lang=\"en\" xml:lang=\"en\"><span title=\"\u00a1Un 5 estrellas en toda gran Biblioteca!\"><span title=\"\u00a1Un 5 estrellas plus para una gran Biblioteca!\"><span class=\"tlid-translation translation\" lang=\"en\" xml:lang=\"en\"><span title=\"\"><span class=\"tlid-translation translation\" lang=\"en\"><span class=\"\" title=\"\"><span class=\"VIiyi\" lang=\"en\"><span class=\"JLqJ4b ChMk0b\" data-language-for-alternatives=\"en\" data-language-to-translate-into=\"es\" data-phrase-index=\"0\" data-number-of-phrases=\"1\"><span class=\"Q4iAWc\">Claudius Ptolemy&#8217;s Cosmography is an extraordinary and luxurious facsimile of the only Ptolemy in an easy-to-handle size, made in all its splendor and beauty, known as Le Petit Ptolemy.<\/span><\/span><\/span><\/span><\/span><\/span><\/span><\/span><\/span><\/span><\/span><\/span><\/p>\n","protected":false},"featured_media":55975,"template":"","meta":[],"product_brand":[],"product_cat":[2234,5118,2200],"product_tag":[3976,3975,4146,4145,5119],"class_list":{"0":"post-55993","1":"product","2":"type-product","3":"status-publish","4":"has-post-thumbnail","6":"product_cat-antique-maps","7":"product_cat-bindings","8":"product_cat-spectacular-library","9":"product_tag-atlas-en","10":"product_tag-bnf-en","11":"product_tag-petit-en","12":"product_tag-ptolomeo-en","13":"product_tag-siloe-en","14":"product_shipping_class-from-6-to-10-kg","15":"description-off","17":"first","18":"instock","19":"sale","20":"taxable","21":"shipping-taxable","22":"purchasable","23":"product-type-simple"},"yoast_head":"<!-- This site is optimized with the Yoast SEO plugin v27.3 - https:\/\/yoast.com\/product\/yoast-seo-wordpress\/ -->\n<title>Le Petit Ptolemy, 15th century (5*)<\/title>\n<meta name=\"description\" content=\"The Cosmography of Claudius Ptolemy is an extraordinary and luxurious facsimile of the only Ptolemy in an easy-to-handle size, made with all\" \/>\n<meta name=\"robots\" content=\"index, follow, max-snippet:-1, max-image-preview:large, max-video-preview:-1\" \/>\n<link rel=\"canonical\" href=\"https:\/\/www.comprarmejor.es\/en\/product\/le-petit-ptolemy-xv-century-5-2\/\" \/>\n<meta property=\"og:locale\" content=\"en_US\" \/>\n<meta property=\"og:type\" content=\"article\" \/>\n<meta property=\"og:title\" content=\"Le Petit Ptolemy, 15th century (5*)\" \/>\n<meta property=\"og:description\" content=\"The Cosmography of Claudius Ptolemy is an extraordinary and luxurious facsimile of the only Ptolemy in an easy-to-handle size, made with all\" \/>\n<meta property=\"og:url\" content=\"https:\/\/www.comprarmejor.es\/en\/product\/le-petit-ptolemy-xv-century-5-2\/\" \/>\n<meta property=\"og:site_name\" content=\"ComprarMejor\" \/>\n<meta property=\"article:modified_time\" content=\"2025-08-12T12:23:46+00:00\" \/>\n<meta property=\"og:image\" content=\"https:\/\/www.comprarmejor.es\/wp-content\/uploads\/2019\/05\/p_8_1_6_3_8163-Le-Petit-Ptolomeo-siglo-XV-5-con-estuche-adicional.jpg\" \/>\n\t<meta property=\"og:image:width\" content=\"449\" \/>\n\t<meta property=\"og:image:height\" content=\"599\" \/>\n\t<meta property=\"og:image:type\" content=\"image\/jpeg\" \/>\n<meta name=\"twitter:card\" content=\"summary_large_image\" \/>\n<meta name=\"twitter:label1\" content=\"Est. reading time\" \/>\n\t<meta name=\"twitter:data1\" content=\"2 minutes\" \/>\n<script type=\"application\/ld+json\" class=\"yoast-schema-graph\">{\"@context\":\"https:\\\/\\\/schema.org\",\"@graph\":[{\"@type\":\"WebPage\",\"@id\":\"https:\\\/\\\/www.comprarmejor.es\\\/en\\\/product\\\/le-petit-ptolemy-xv-century-5-2\\\/\",\"url\":\"https:\\\/\\\/www.comprarmejor.es\\\/en\\\/product\\\/le-petit-ptolemy-xv-century-5-2\\\/\",\"name\":\"Le Petit Ptolemy, 15th century (5*)\",\"isPartOf\":{\"@id\":\"https:\\\/\\\/www.comprarmejor.es\\\/en\\\/#website\"},\"primaryImageOfPage\":{\"@id\":\"https:\\\/\\\/www.comprarmejor.es\\\/en\\\/product\\\/le-petit-ptolemy-xv-century-5-2\\\/#primaryimage\"},\"image\":{\"@id\":\"https:\\\/\\\/www.comprarmejor.es\\\/en\\\/product\\\/le-petit-ptolemy-xv-century-5-2\\\/#primaryimage\"},\"thumbnailUrl\":\"https:\\\/\\\/www.comprarmejor.es\\\/wp-content\\\/uploads\\\/2019\\\/05\\\/p_8_1_6_3_8163-Le-Petit-Ptolomeo-siglo-XV-5-con-estuche-adicional.jpg\",\"datePublished\":\"2019-05-10T21:01:42+00:00\",\"dateModified\":\"2025-08-12T12:23:46+00:00\",\"description\":\"The Cosmography of Claudius Ptolemy is an extraordinary and luxurious facsimile of the only Ptolemy in an easy-to-handle size, made with all\",\"breadcrumb\":{\"@id\":\"https:\\\/\\\/www.comprarmejor.es\\\/en\\\/product\\\/le-petit-ptolemy-xv-century-5-2\\\/#breadcrumb\"},\"inLanguage\":\"en-US\",\"potentialAction\":[{\"@type\":\"ReadAction\",\"target\":[\"https:\\\/\\\/www.comprarmejor.es\\\/en\\\/product\\\/le-petit-ptolemy-xv-century-5-2\\\/\"]}]},{\"@type\":\"ImageObject\",\"inLanguage\":\"en-US\",\"@id\":\"https:\\\/\\\/www.comprarmejor.es\\\/en\\\/product\\\/le-petit-ptolemy-xv-century-5-2\\\/#primaryimage\",\"url\":\"https:\\\/\\\/www.comprarmejor.es\\\/wp-content\\\/uploads\\\/2019\\\/05\\\/p_8_1_6_3_8163-Le-Petit-Ptolomeo-siglo-XV-5-con-estuche-adicional.jpg\",\"contentUrl\":\"https:\\\/\\\/www.comprarmejor.es\\\/wp-content\\\/uploads\\\/2019\\\/05\\\/p_8_1_6_3_8163-Le-Petit-Ptolomeo-siglo-XV-5-con-estuche-adicional.jpg\",\"width\":449,\"height\":599},{\"@type\":\"BreadcrumbList\",\"@id\":\"https:\\\/\\\/www.comprarmejor.es\\\/en\\\/product\\\/le-petit-ptolemy-xv-century-5-2\\\/#breadcrumb\",\"itemListElement\":[{\"@type\":\"ListItem\",\"position\":1,\"name\":\"Portada\",\"item\":\"https:\\\/\\\/www.comprarmejor.es\\\/en\\\/\"},{\"@type\":\"ListItem\",\"position\":2,\"name\":\"Shop\",\"item\":\"https:\\\/\\\/www.comprarmejor.es\\\/en\\\/shop\\\/\"},{\"@type\":\"ListItem\",\"position\":3,\"name\":\"Le Petit Ptolomeo (Cosmography of Claudius Ptolemy), s. XV (5*)\"}]},{\"@type\":\"WebSite\",\"@id\":\"https:\\\/\\\/www.comprarmejor.es\\\/en\\\/#website\",\"url\":\"https:\\\/\\\/www.comprarmejor.es\\\/en\\\/\",\"name\":\"ComprarMejor\",\"description\":\"ComprarMejor\",\"publisher\":{\"@id\":\"https:\\\/\\\/www.comprarmejor.es\\\/en\\\/#organization\"},\"potentialAction\":[{\"@type\":\"SearchAction\",\"target\":{\"@type\":\"EntryPoint\",\"urlTemplate\":\"https:\\\/\\\/www.comprarmejor.es\\\/en\\\/?s={search_term_string}\"},\"query-input\":{\"@type\":\"PropertyValueSpecification\",\"valueRequired\":true,\"valueName\":\"search_term_string\"}}],\"inLanguage\":\"en-US\"},{\"@type\":\"Organization\",\"@id\":\"https:\\\/\\\/www.comprarmejor.es\\\/en\\\/#organization\",\"name\":\"COMPRAR MEJOR\",\"url\":\"https:\\\/\\\/www.comprarmejor.es\\\/en\\\/\",\"logo\":{\"@type\":\"ImageObject\",\"inLanguage\":\"en-US\",\"@id\":\"https:\\\/\\\/www.comprarmejor.es\\\/en\\\/#\\\/schema\\\/logo\\\/image\\\/\",\"url\":\"https:\\\/\\\/www.comprarmejor.es\\\/wp-content\\\/uploads\\\/2025\\\/09\\\/comprarmejortrinidad.jpg\",\"contentUrl\":\"https:\\\/\\\/www.comprarmejor.es\\\/wp-content\\\/uploads\\\/2025\\\/09\\\/comprarmejortrinidad.jpg\",\"width\":1022,\"height\":1380,\"caption\":\"COMPRAR MEJOR\"},\"image\":{\"@id\":\"https:\\\/\\\/www.comprarmejor.es\\\/en\\\/#\\\/schema\\\/logo\\\/image\\\/\"},\"sameAs\":[\"https:\\\/\\\/www.instagram.com\\\/amigosdelcodice\"]}]}<\/script>\n<!-- \/ Yoast SEO plugin. -->","yoast_head_json":{"title":"Le Petit Ptolemy, 15th century (5*)","description":"The Cosmography of Claudius Ptolemy is an extraordinary and luxurious facsimile of the only Ptolemy in an easy-to-handle size, made with all","robots":{"index":"index","follow":"follow","max-snippet":"max-snippet:-1","max-image-preview":"max-image-preview:large","max-video-preview":"max-video-preview:-1"},"canonical":"https:\/\/www.comprarmejor.es\/en\/product\/le-petit-ptolemy-xv-century-5-2\/","og_locale":"en_US","og_type":"article","og_title":"Le Petit Ptolemy, 15th century (5*)","og_description":"The Cosmography of Claudius Ptolemy is an extraordinary and luxurious facsimile of the only Ptolemy in an easy-to-handle size, made with all","og_url":"https:\/\/www.comprarmejor.es\/en\/product\/le-petit-ptolemy-xv-century-5-2\/","og_site_name":"ComprarMejor","article_modified_time":"2025-08-12T12:23:46+00:00","og_image":[{"width":449,"height":599,"url":"https:\/\/www.comprarmejor.es\/wp-content\/uploads\/2019\/05\/p_8_1_6_3_8163-Le-Petit-Ptolomeo-siglo-XV-5-con-estuche-adicional.jpg","type":"image\/jpeg"}],"twitter_card":"summary_large_image","twitter_misc":{"Est. reading time":"2 minutes"},"schema":{"@context":"https:\/\/schema.org","@graph":[{"@type":"WebPage","@id":"https:\/\/www.comprarmejor.es\/en\/product\/le-petit-ptolemy-xv-century-5-2\/","url":"https:\/\/www.comprarmejor.es\/en\/product\/le-petit-ptolemy-xv-century-5-2\/","name":"Le Petit Ptolemy, 15th century (5*)","isPartOf":{"@id":"https:\/\/www.comprarmejor.es\/en\/#website"},"primaryImageOfPage":{"@id":"https:\/\/www.comprarmejor.es\/en\/product\/le-petit-ptolemy-xv-century-5-2\/#primaryimage"},"image":{"@id":"https:\/\/www.comprarmejor.es\/en\/product\/le-petit-ptolemy-xv-century-5-2\/#primaryimage"},"thumbnailUrl":"https:\/\/www.comprarmejor.es\/wp-content\/uploads\/2019\/05\/p_8_1_6_3_8163-Le-Petit-Ptolomeo-siglo-XV-5-con-estuche-adicional.jpg","datePublished":"2019-05-10T21:01:42+00:00","dateModified":"2025-08-12T12:23:46+00:00","description":"The Cosmography of Claudius Ptolemy is an extraordinary and luxurious facsimile of the only Ptolemy in an easy-to-handle size, made with all","breadcrumb":{"@id":"https:\/\/www.comprarmejor.es\/en\/product\/le-petit-ptolemy-xv-century-5-2\/#breadcrumb"},"inLanguage":"en-US","potentialAction":[{"@type":"ReadAction","target":["https:\/\/www.comprarmejor.es\/en\/product\/le-petit-ptolemy-xv-century-5-2\/"]}]},{"@type":"ImageObject","inLanguage":"en-US","@id":"https:\/\/www.comprarmejor.es\/en\/product\/le-petit-ptolemy-xv-century-5-2\/#primaryimage","url":"https:\/\/www.comprarmejor.es\/wp-content\/uploads\/2019\/05\/p_8_1_6_3_8163-Le-Petit-Ptolomeo-siglo-XV-5-con-estuche-adicional.jpg","contentUrl":"https:\/\/www.comprarmejor.es\/wp-content\/uploads\/2019\/05\/p_8_1_6_3_8163-Le-Petit-Ptolomeo-siglo-XV-5-con-estuche-adicional.jpg","width":449,"height":599},{"@type":"BreadcrumbList","@id":"https:\/\/www.comprarmejor.es\/en\/product\/le-petit-ptolemy-xv-century-5-2\/#breadcrumb","itemListElement":[{"@type":"ListItem","position":1,"name":"Portada","item":"https:\/\/www.comprarmejor.es\/en\/"},{"@type":"ListItem","position":2,"name":"Shop","item":"https:\/\/www.comprarmejor.es\/en\/shop\/"},{"@type":"ListItem","position":3,"name":"Le Petit Ptolomeo (Cosmography of Claudius Ptolemy), s. XV (5*)"}]},{"@type":"WebSite","@id":"https:\/\/www.comprarmejor.es\/en\/#website","url":"https:\/\/www.comprarmejor.es\/en\/","name":"ComprarMejor","description":"ComprarMejor","publisher":{"@id":"https:\/\/www.comprarmejor.es\/en\/#organization"},"potentialAction":[{"@type":"SearchAction","target":{"@type":"EntryPoint","urlTemplate":"https:\/\/www.comprarmejor.es\/en\/?s={search_term_string}"},"query-input":{"@type":"PropertyValueSpecification","valueRequired":true,"valueName":"search_term_string"}}],"inLanguage":"en-US"},{"@type":"Organization","@id":"https:\/\/www.comprarmejor.es\/en\/#organization","name":"COMPRAR MEJOR","url":"https:\/\/www.comprarmejor.es\/en\/","logo":{"@type":"ImageObject","inLanguage":"en-US","@id":"https:\/\/www.comprarmejor.es\/en\/#\/schema\/logo\/image\/","url":"https:\/\/www.comprarmejor.es\/wp-content\/uploads\/2025\/09\/comprarmejortrinidad.jpg","contentUrl":"https:\/\/www.comprarmejor.es\/wp-content\/uploads\/2025\/09\/comprarmejortrinidad.jpg","width":1022,"height":1380,"caption":"COMPRAR MEJOR"},"image":{"@id":"https:\/\/www.comprarmejor.es\/en\/#\/schema\/logo\/image\/"},"sameAs":["https:\/\/www.instagram.com\/amigosdelcodice"]}]}},"_links":{"self":[{"href":"https:\/\/www.comprarmejor.es\/en\/wp-json\/wp\/v2\/product\/55993","targetHints":{"allow":["GET"]}}],"collection":[{"href":"https:\/\/www.comprarmejor.es\/en\/wp-json\/wp\/v2\/product"}],"about":[{"href":"https:\/\/www.comprarmejor.es\/en\/wp-json\/wp\/v2\/types\/product"}],"wp:featuredmedia":[{"embeddable":true,"href":"https:\/\/www.comprarmejor.es\/en\/wp-json\/wp\/v2\/media\/55975"}],"wp:attachment":[{"href":"https:\/\/www.comprarmejor.es\/en\/wp-json\/wp\/v2\/media?parent=55993"}],"wp:term":[{"taxonomy":"product_brand","embeddable":true,"href":"https:\/\/www.comprarmejor.es\/en\/wp-json\/wp\/v2\/product_brand?post=55993"},{"taxonomy":"product_cat","embeddable":true,"href":"https:\/\/www.comprarmejor.es\/en\/wp-json\/wp\/v2\/product_cat?post=55993"},{"taxonomy":"product_tag","embeddable":true,"href":"https:\/\/www.comprarmejor.es\/en\/wp-json\/wp\/v2\/product_tag?post=55993"}],"curies":[{"name":"wp","href":"https:\/\/api.w.org\/{rel}","templated":true}]}}