{"id":56504,"date":"2019-07-14T08:45:21","date_gmt":"2019-07-14T06:45:23","guid":{"rendered":"https:\/\/www.comprarmejor.es\/?post_type=product&#038;p=56504"},"modified":"2025-03-21T15:55:13","modified_gmt":"2025-03-21T14:55:13","slug":"history-naturalis-by-johannes-jonstonus-s-xvii-2","status":"publish","type":"product","link":"https:\/\/www.comprarmejor.es\/en\/product\/history-naturalis-by-johannes-jonstonus-s-xvii-2\/","title":{"rendered":"Historiae Naturalis, by Johannes Jonstonus, s. XVII (5*)"},"content":{"rendered":"<p style=\"text-align: justify;\">The <strong>Historiae Naturalis by Johannes Jonstonus<\/strong> represents one of the most outstanding efforts in human history to delve into that wonderful and often mysterious world of Nature, and to compile all the vast and scattered knowledge that had been disclosed in this matter for centuries. It is the last great encyclopedic work of the Renaissance, a magna by one of the greatest naturalists of all time. A 5 stars in all Great Library!<\/p>\n<p style=\"text-align: justify;\">The facsimile edition that the Silo\u00e9 publishing house has carried out since 2003 of the seven splendid volumes of this Historiae Naturalis constitutes one of the most ambitious editorial projects that can be undertaken in the field of facsimile, by publishing the <strong>only complete color version<\/strong> of all the volumes. To do this, we started with the only original existing volume in color (the De Avibus) and with a complex and laborious work of digitizing the color used in that volume, as well as in other works that have come to us colored in the 17th century, the color was created in the plates of the rest of the volumes of the Historiae Naturalis, thus achieving the only complete color collection of the work of Johannes Jonstonus, only available through this exclusive edition.<\/p>\n<p style=\"text-align: justify;\">The enormous importance of this beautiful collection is attested by the fact that for almost 200 years it was a must-see in many of the most prestigious Central European universities of the moment, especially in Germany. And that&#8217;s not to mention Japan, a country in which the Historiae Naturalis de Jonstonus not only \u201ctriumphs\u201d and spreads, but also becomes the only source for the knowledge of the development of this science, Natural History, in West.<\/p>\n<p style=\"text-align: justify;\">The collection is made up of 6 works in 7 extraordinary facsimile volumes, handcrafted in dry-cut leather, in a golden, woven, ribbed format, with individual bookends per volume, in a limited edition of 898 copies numbered with a notarial deed. Accompanied by study books that include the first Spanish version of the original Latin text and essays on the content of the work. The complete work represents an extraordinary set of engravings (almost 400 plates) illustrating one of the largest natural science compilations in history.<\/p>\n<p style=\"text-align: justify;\">This article refers to the <strong>complete collection<\/strong>. Also on this website you can find individual copies of the 6 works that compose it.<\/p>\n<p style=\"text-align: justify;\"><span title=\"Pulse aqu\u00ed para ver un v\u00eddeo de la colecci\u00f3n (se le abrir\u00e1 una nueva ventana).\"><strong>\u00a0<\/strong><\/span><\/p>\n<p style=\"text-align: justify;\"><strong>Historiae Naturalis de Avibus, 1657:<\/strong><br \/>\nTraditionally considered as one of the largest and most beautiful compendia of ornithology in the entire history of science.<\/p>\n<p style=\"text-align: justify;\">Original printed in 1657 and later colored. 300 pages of 380 x 220 mm, and 62 copper plates, with more than 500 ornithological varieties represented, practically all the birds known at the time.<\/p>\n<p style=\"text-align: justify;\">Accompanied by its corresponding study book, which includes the first translation of its Latin text into Spanish.<\/p>\n<p style=\"text-align: justify;\">National Award 2004. Best edited books in 2003. Ministry of Culture. Modality: Facsimile Books. Award &#8220;Fray Luis de Le\u00f3n&#8221; 2004 for the best editorial work. Special Editions and Facsimiles.<\/p>\n<p style=\"text-align: justify;\"><strong>Historiae Naturalis de Quadrupedibus, 1652:<\/strong><br \/>\nMagnificent replica of one of the most beautiful studies on quadrupeds in the entire history of science.<\/p>\n<p style=\"text-align: justify;\">Original printed in the year 1652. 400 pages of 380 x 220 mm. 80 copper plates in which more than 350 animals are represented, colored for this exclusive collection.<\/p>\n<p style=\"text-align: justify;\">Accompanied by its corresponding study book, which includes the first translation of its Latin text into Spanish.<\/p>\n<p style=\"text-align: justify;\">National Prize 2006. Books best edited in 2005. Ministry of Culture. Modality: Facsimile Books.<\/p>\n<p style=\"text-align: justify;\"><strong>Historiae Naturalis de Exanguibus Acuaticis et Serpentibus, 1650-1653:<\/strong><br \/>\nCurious and beautiful treatise &#8220;of animals without blood&#8221; and snakes that finds perfect accommodation in the splendid set of this collection.<\/p>\n<p style=\"text-align: justify;\">204 380 x 220 mm pages that include 32 plates with more than 300 animals represented, colored for this exclusive collection.<\/p>\n<p style=\"text-align: justify;\">Accompanied by its corresponding study book, which includes the first translation of its Latin text into Spanish.<\/p>\n<p style=\"text-align: justify;\">National Award 2007. Best books published in 2006. Ministry of Culture. Modality: Facsimile Books.<\/p>\n<p style=\"text-align: justify;\"><strong>Historiae Naturalis de Piscibus et Cetis, 1649:<\/strong><br \/>\nCurious and beautiful treatise on the underwater world. The underwater world, or world of silence, solemn and seductive parades through the precious plates in this volume. The powerful artistic touch of Matth\u00e4us Merian, the young man, endows all these pages with overwhelming beauty. A whole festival of shapes and marine colors.<\/p>\n<p style=\"text-align: justify;\">Original printed in 1649. 314 pages of 380 x 220 mm, and 47 copper plates in which more than 500 fish and cetaceans are represented, colored for this exclusive collection.<\/p>\n<p style=\"text-align: justify;\">Your corresponding study book has not yet been edited by the publisher, as soon as it is available we will send it to you at no additional cost.<\/p>\n<p style=\"text-align: justify;\"><strong>Historiae Naturalis de Insectis, 1653:<\/strong><br \/>\nDelicious volume dedicated to the fascinating world of insects. The extraordinary taxonomic work carried out by Johannes Jonstonus is evident in this treatise as well as in his entire work.<\/p>\n<p style=\"text-align: justify;\">Original printed in 1653. 268 pages of 380 x 220 mm. With 28 copper plates representing an infinity of butterflies, dragonflies and striking insects, colored for this exclusive collection.<\/p>\n<p style=\"text-align: justify;\">Your corresponding study book has not yet been edited by the publisher, as soon as it is available we will send it to you at no additional cost.<\/p>\n<p style=\"text-align: justify;\"><strong>Historiae Naturalis de Arboribus et Fructicibus<\/strong> (2 volumes):<br \/>\nTwo superb volumes containing one of the largest and most important botanical compendia of the entire modern era.<\/p>\n<p style=\"text-align: justify;\">In total, 784 pages of 380 x 220 mm, and 137 copper plates, colored for this exclusive collection.<\/p>\n<p style=\"text-align: justify;\">Arboribus et Fructicibus, as well as the rest of the volumes of the collection, enjoyed enormous diffusion in the best Central European universities throughout almost two centuries.<\/p>\n<p style=\"text-align: justify;\">Your corresponding study book has not yet been edited by the publisher, as soon as it is available we will send it to you at no additional cost.<\/p>\n<p style=\"text-align: justify;\">Collection in perfect condition.<\/p>\n<p style=\"text-align: justify;\"><span title=\"Gastos de env\u00edo por cuenta del comprador, seg\u00fan pedido y destino.\"><span class=\"HwtZe\" lang=\"en\"><span class=\"jCAhz ChMk0b\"><span class=\"ryNqvb\">Free shipping for this item<\/span><\/span><\/span>. <\/span><span title=\"Cons\u00faltenos sin compromiso (indicando la referencia del art\u00edculo) cualquier duda.\"><a class=\"btn btn-default\" href=\"https:\/\/www.comprarmejor.es\/en\/contact\">Consult us<\/a> without obligation (indicating the reference of the article) any doubt.<\/span><\/p>\n<p><iframe loading=\"lazy\" src=\"\/\/www.youtube.com\/embed\/KP3lGNxMfzw\" width=\"560\" height=\"314\" allowfullscreen=\"allowfullscreen\"><\/iframe><\/p>\n","protected":false},"excerpt":{"rendered":"<p style=\"text-align: justify;\"><span id=\"result_box\" lang=\"en\" xml:lang=\"en\"><span title=\"La Historia Naturalis de Johannes Jonstonus representa uno de los m\u00e1s destacados esfuerzos de la historia humana por adentrarse en ese maravilloso y tantas veces misterioso mundo de la Naturaleza, y por recopilar todos los vastos y dispersos conocimientos que desde siglos atr\u00e1s se hab\u00edan divulgado en esta materia\">The Historiae Naturalis by Johannes Jonstonus represents one of the most outstanding efforts of human history to enter into that wonderful and often mysterious world of Nature, and to collect all the vast and scattered knowledge that for centuries had been divulged in this matter.<\/span><span title=\"Es la \u00faltima gran obra enciclop\u00e9dica del Renacimiento, obra magna de uno de los mayores naturalistas de todos los tiempos.\"><br \/>\n<\/span><\/span><\/p>\n","protected":false},"featured_media":55591,"template":"","meta":[],"product_brand":[],"product_cat":[2242,2232,2250,2200],"product_tag":[5120,4061,4062,5121,5119],"class_list":{"0":"post-56504","1":"product","2":"type-product","3":"status-publish","4":"has-post-thumbnail","6":"product_cat-first-editions","7":"product_cat-medicine","8":"product_cat-other-facsimiles","9":"product_cat-spectacular-library","10":"product_tag-history-en","11":"product_tag-jonstonus-en-2","12":"product_tag-naturalis-en","13":"product_tag-nature-en","14":"product_tag-siloe-en","15":"description-off","17":"first","18":"instock","19":"sale","20":"taxable","21":"shipping-taxable","22":"purchasable","23":"product-type-simple"},"yoast_head":"<!-- This site is optimized with the Yoast SEO plugin v27.3 - https:\/\/yoast.com\/product\/yoast-seo-wordpress\/ -->\n<title>Historiae Naturalis, by Johannes Jonstonus, s. XVII, complete work<\/title>\n<meta name=\"description\" content=\"The Historiae Naturalis by Johannes Jonstonus represents one of the most outstanding efforts of human history to enter into that wonderful\" \/>\n<meta name=\"robots\" content=\"index, follow, max-snippet:-1, max-image-preview:large, max-video-preview:-1\" \/>\n<link rel=\"canonical\" href=\"https:\/\/www.comprarmejor.es\/en\/product\/history-naturalis-by-johannes-jonstonus-s-xvii-2\/\" \/>\n<meta property=\"og:locale\" content=\"en_US\" \/>\n<meta property=\"og:type\" content=\"article\" \/>\n<meta property=\"og:title\" content=\"Historiae Naturalis, by Johannes Jonstonus, s. XVII, complete work\" \/>\n<meta property=\"og:description\" content=\"The Historiae Naturalis by Johannes Jonstonus represents one of the most outstanding efforts of human history to enter into that wonderful\" \/>\n<meta property=\"og:url\" content=\"https:\/\/www.comprarmejor.es\/en\/product\/history-naturalis-by-johannes-jonstonus-s-xvii-2\/\" \/>\n<meta property=\"og:site_name\" content=\"ComprarMejor\" \/>\n<meta property=\"article:modified_time\" content=\"2025-03-21T14:55:13+00:00\" \/>\n<meta property=\"og:image\" content=\"https:\/\/www.comprarmejor.es\/wp-content\/uploads\/2018\/07\/p_7_6_5_1_7651-Historia-Naturalis-de-Johannes-Jonstonus-s.-XVII.jpg\" \/>\n\t<meta property=\"og:image:width\" content=\"597\" \/>\n\t<meta property=\"og:image:height\" content=\"516\" \/>\n\t<meta property=\"og:image:type\" content=\"image\/jpeg\" \/>\n<meta name=\"twitter:card\" content=\"summary_large_image\" \/>\n<meta name=\"twitter:label1\" content=\"Est. reading time\" \/>\n\t<meta name=\"twitter:data1\" content=\"5 minutes\" \/>\n<script type=\"application\/ld+json\" class=\"yoast-schema-graph\">{\"@context\":\"https:\\\/\\\/schema.org\",\"@graph\":[{\"@type\":\"WebPage\",\"@id\":\"https:\\\/\\\/www.comprarmejor.es\\\/en\\\/product\\\/history-naturalis-by-johannes-jonstonus-s-xvii-2\\\/\",\"url\":\"https:\\\/\\\/www.comprarmejor.es\\\/en\\\/product\\\/history-naturalis-by-johannes-jonstonus-s-xvii-2\\\/\",\"name\":\"Historiae Naturalis, by Johannes Jonstonus, s. XVII, complete work\",\"isPartOf\":{\"@id\":\"https:\\\/\\\/www.comprarmejor.es\\\/en\\\/#website\"},\"primaryImageOfPage\":{\"@id\":\"https:\\\/\\\/www.comprarmejor.es\\\/en\\\/product\\\/history-naturalis-by-johannes-jonstonus-s-xvii-2\\\/#primaryimage\"},\"image\":{\"@id\":\"https:\\\/\\\/www.comprarmejor.es\\\/en\\\/product\\\/history-naturalis-by-johannes-jonstonus-s-xvii-2\\\/#primaryimage\"},\"thumbnailUrl\":\"https:\\\/\\\/www.comprarmejor.es\\\/wp-content\\\/uploads\\\/2018\\\/07\\\/p_7_6_5_1_7651-Historia-Naturalis-de-Johannes-Jonstonus-s.-XVII.jpg\",\"datePublished\":\"2019-07-14T06:45:23+00:00\",\"dateModified\":\"2025-03-21T14:55:13+00:00\",\"description\":\"The Historiae Naturalis by Johannes Jonstonus represents one of the most outstanding efforts of human history to enter into that wonderful\",\"breadcrumb\":{\"@id\":\"https:\\\/\\\/www.comprarmejor.es\\\/en\\\/product\\\/history-naturalis-by-johannes-jonstonus-s-xvii-2\\\/#breadcrumb\"},\"inLanguage\":\"en-US\",\"potentialAction\":[{\"@type\":\"ReadAction\",\"target\":[\"https:\\\/\\\/www.comprarmejor.es\\\/en\\\/product\\\/history-naturalis-by-johannes-jonstonus-s-xvii-2\\\/\"]}]},{\"@type\":\"ImageObject\",\"inLanguage\":\"en-US\",\"@id\":\"https:\\\/\\\/www.comprarmejor.es\\\/en\\\/product\\\/history-naturalis-by-johannes-jonstonus-s-xvii-2\\\/#primaryimage\",\"url\":\"https:\\\/\\\/www.comprarmejor.es\\\/wp-content\\\/uploads\\\/2018\\\/07\\\/p_7_6_5_1_7651-Historia-Naturalis-de-Johannes-Jonstonus-s.-XVII.jpg\",\"contentUrl\":\"https:\\\/\\\/www.comprarmejor.es\\\/wp-content\\\/uploads\\\/2018\\\/07\\\/p_7_6_5_1_7651-Historia-Naturalis-de-Johannes-Jonstonus-s.-XVII.jpg\",\"width\":597,\"height\":516,\"caption\":\"History Naturalis, by Johannes Jonstonus, s. XVII\"},{\"@type\":\"BreadcrumbList\",\"@id\":\"https:\\\/\\\/www.comprarmejor.es\\\/en\\\/product\\\/history-naturalis-by-johannes-jonstonus-s-xvii-2\\\/#breadcrumb\",\"itemListElement\":[{\"@type\":\"ListItem\",\"position\":1,\"name\":\"Portada\",\"item\":\"https:\\\/\\\/www.comprarmejor.es\\\/en\\\/\"},{\"@type\":\"ListItem\",\"position\":2,\"name\":\"Shop\",\"item\":\"https:\\\/\\\/www.comprarmejor.es\\\/en\\\/shop\\\/\"},{\"@type\":\"ListItem\",\"position\":3,\"name\":\"Historiae Naturalis, by Johannes Jonstonus, s. XVII (5*)\"}]},{\"@type\":\"WebSite\",\"@id\":\"https:\\\/\\\/www.comprarmejor.es\\\/en\\\/#website\",\"url\":\"https:\\\/\\\/www.comprarmejor.es\\\/en\\\/\",\"name\":\"ComprarMejor\",\"description\":\"ComprarMejor\",\"publisher\":{\"@id\":\"https:\\\/\\\/www.comprarmejor.es\\\/en\\\/#organization\"},\"potentialAction\":[{\"@type\":\"SearchAction\",\"target\":{\"@type\":\"EntryPoint\",\"urlTemplate\":\"https:\\\/\\\/www.comprarmejor.es\\\/en\\\/?s={search_term_string}\"},\"query-input\":{\"@type\":\"PropertyValueSpecification\",\"valueRequired\":true,\"valueName\":\"search_term_string\"}}],\"inLanguage\":\"en-US\"},{\"@type\":\"Organization\",\"@id\":\"https:\\\/\\\/www.comprarmejor.es\\\/en\\\/#organization\",\"name\":\"COMPRAR MEJOR\",\"url\":\"https:\\\/\\\/www.comprarmejor.es\\\/en\\\/\",\"logo\":{\"@type\":\"ImageObject\",\"inLanguage\":\"en-US\",\"@id\":\"https:\\\/\\\/www.comprarmejor.es\\\/en\\\/#\\\/schema\\\/logo\\\/image\\\/\",\"url\":\"https:\\\/\\\/www.comprarmejor.es\\\/wp-content\\\/uploads\\\/2025\\\/09\\\/comprarmejortrinidad.jpg\",\"contentUrl\":\"https:\\\/\\\/www.comprarmejor.es\\\/wp-content\\\/uploads\\\/2025\\\/09\\\/comprarmejortrinidad.jpg\",\"width\":1022,\"height\":1380,\"caption\":\"COMPRAR MEJOR\"},\"image\":{\"@id\":\"https:\\\/\\\/www.comprarmejor.es\\\/en\\\/#\\\/schema\\\/logo\\\/image\\\/\"},\"sameAs\":[\"https:\\\/\\\/www.instagram.com\\\/amigosdelcodice\"]}]}<\/script>\n<!-- \/ Yoast SEO plugin. -->","yoast_head_json":{"title":"Historiae Naturalis, by Johannes Jonstonus, s. XVII, complete work","description":"The Historiae Naturalis by Johannes Jonstonus represents one of the most outstanding efforts of human history to enter into that wonderful","robots":{"index":"index","follow":"follow","max-snippet":"max-snippet:-1","max-image-preview":"max-image-preview:large","max-video-preview":"max-video-preview:-1"},"canonical":"https:\/\/www.comprarmejor.es\/en\/product\/history-naturalis-by-johannes-jonstonus-s-xvii-2\/","og_locale":"en_US","og_type":"article","og_title":"Historiae Naturalis, by Johannes Jonstonus, s. XVII, complete work","og_description":"The Historiae Naturalis by Johannes Jonstonus represents one of the most outstanding efforts of human history to enter into that wonderful","og_url":"https:\/\/www.comprarmejor.es\/en\/product\/history-naturalis-by-johannes-jonstonus-s-xvii-2\/","og_site_name":"ComprarMejor","article_modified_time":"2025-03-21T14:55:13+00:00","og_image":[{"width":597,"height":516,"url":"https:\/\/www.comprarmejor.es\/wp-content\/uploads\/2018\/07\/p_7_6_5_1_7651-Historia-Naturalis-de-Johannes-Jonstonus-s.-XVII.jpg","type":"image\/jpeg"}],"twitter_card":"summary_large_image","twitter_misc":{"Est. reading time":"5 minutes"},"schema":{"@context":"https:\/\/schema.org","@graph":[{"@type":"WebPage","@id":"https:\/\/www.comprarmejor.es\/en\/product\/history-naturalis-by-johannes-jonstonus-s-xvii-2\/","url":"https:\/\/www.comprarmejor.es\/en\/product\/history-naturalis-by-johannes-jonstonus-s-xvii-2\/","name":"Historiae Naturalis, by Johannes Jonstonus, s. XVII, complete work","isPartOf":{"@id":"https:\/\/www.comprarmejor.es\/en\/#website"},"primaryImageOfPage":{"@id":"https:\/\/www.comprarmejor.es\/en\/product\/history-naturalis-by-johannes-jonstonus-s-xvii-2\/#primaryimage"},"image":{"@id":"https:\/\/www.comprarmejor.es\/en\/product\/history-naturalis-by-johannes-jonstonus-s-xvii-2\/#primaryimage"},"thumbnailUrl":"https:\/\/www.comprarmejor.es\/wp-content\/uploads\/2018\/07\/p_7_6_5_1_7651-Historia-Naturalis-de-Johannes-Jonstonus-s.-XVII.jpg","datePublished":"2019-07-14T06:45:23+00:00","dateModified":"2025-03-21T14:55:13+00:00","description":"The Historiae Naturalis by Johannes Jonstonus represents one of the most outstanding efforts of human history to enter into that wonderful","breadcrumb":{"@id":"https:\/\/www.comprarmejor.es\/en\/product\/history-naturalis-by-johannes-jonstonus-s-xvii-2\/#breadcrumb"},"inLanguage":"en-US","potentialAction":[{"@type":"ReadAction","target":["https:\/\/www.comprarmejor.es\/en\/product\/history-naturalis-by-johannes-jonstonus-s-xvii-2\/"]}]},{"@type":"ImageObject","inLanguage":"en-US","@id":"https:\/\/www.comprarmejor.es\/en\/product\/history-naturalis-by-johannes-jonstonus-s-xvii-2\/#primaryimage","url":"https:\/\/www.comprarmejor.es\/wp-content\/uploads\/2018\/07\/p_7_6_5_1_7651-Historia-Naturalis-de-Johannes-Jonstonus-s.-XVII.jpg","contentUrl":"https:\/\/www.comprarmejor.es\/wp-content\/uploads\/2018\/07\/p_7_6_5_1_7651-Historia-Naturalis-de-Johannes-Jonstonus-s.-XVII.jpg","width":597,"height":516,"caption":"History Naturalis, by Johannes Jonstonus, s. XVII"},{"@type":"BreadcrumbList","@id":"https:\/\/www.comprarmejor.es\/en\/product\/history-naturalis-by-johannes-jonstonus-s-xvii-2\/#breadcrumb","itemListElement":[{"@type":"ListItem","position":1,"name":"Portada","item":"https:\/\/www.comprarmejor.es\/en\/"},{"@type":"ListItem","position":2,"name":"Shop","item":"https:\/\/www.comprarmejor.es\/en\/shop\/"},{"@type":"ListItem","position":3,"name":"Historiae Naturalis, by Johannes Jonstonus, s. XVII (5*)"}]},{"@type":"WebSite","@id":"https:\/\/www.comprarmejor.es\/en\/#website","url":"https:\/\/www.comprarmejor.es\/en\/","name":"ComprarMejor","description":"ComprarMejor","publisher":{"@id":"https:\/\/www.comprarmejor.es\/en\/#organization"},"potentialAction":[{"@type":"SearchAction","target":{"@type":"EntryPoint","urlTemplate":"https:\/\/www.comprarmejor.es\/en\/?s={search_term_string}"},"query-input":{"@type":"PropertyValueSpecification","valueRequired":true,"valueName":"search_term_string"}}],"inLanguage":"en-US"},{"@type":"Organization","@id":"https:\/\/www.comprarmejor.es\/en\/#organization","name":"COMPRAR MEJOR","url":"https:\/\/www.comprarmejor.es\/en\/","logo":{"@type":"ImageObject","inLanguage":"en-US","@id":"https:\/\/www.comprarmejor.es\/en\/#\/schema\/logo\/image\/","url":"https:\/\/www.comprarmejor.es\/wp-content\/uploads\/2025\/09\/comprarmejortrinidad.jpg","contentUrl":"https:\/\/www.comprarmejor.es\/wp-content\/uploads\/2025\/09\/comprarmejortrinidad.jpg","width":1022,"height":1380,"caption":"COMPRAR MEJOR"},"image":{"@id":"https:\/\/www.comprarmejor.es\/en\/#\/schema\/logo\/image\/"},"sameAs":["https:\/\/www.instagram.com\/amigosdelcodice"]}]}},"_links":{"self":[{"href":"https:\/\/www.comprarmejor.es\/en\/wp-json\/wp\/v2\/product\/56504","targetHints":{"allow":["GET"]}}],"collection":[{"href":"https:\/\/www.comprarmejor.es\/en\/wp-json\/wp\/v2\/product"}],"about":[{"href":"https:\/\/www.comprarmejor.es\/en\/wp-json\/wp\/v2\/types\/product"}],"wp:featuredmedia":[{"embeddable":true,"href":"https:\/\/www.comprarmejor.es\/en\/wp-json\/wp\/v2\/media\/55591"}],"wp:attachment":[{"href":"https:\/\/www.comprarmejor.es\/en\/wp-json\/wp\/v2\/media?parent=56504"}],"wp:term":[{"taxonomy":"product_brand","embeddable":true,"href":"https:\/\/www.comprarmejor.es\/en\/wp-json\/wp\/v2\/product_brand?post=56504"},{"taxonomy":"product_cat","embeddable":true,"href":"https:\/\/www.comprarmejor.es\/en\/wp-json\/wp\/v2\/product_cat?post=56504"},{"taxonomy":"product_tag","embeddable":true,"href":"https:\/\/www.comprarmejor.es\/en\/wp-json\/wp\/v2\/product_tag?post=56504"}],"curies":[{"name":"wp","href":"https:\/\/api.w.org\/{rel}","templated":true}]}}