{"id":56506,"date":"2019-07-14T10:42:45","date_gmt":"2019-07-14T08:42:45","guid":{"rendered":"https:\/\/www.comprarmejor.es\/?post_type=product&#038;p=56506"},"modified":"2026-02-24T11:42:05","modified_gmt":"2026-02-24T10:42:05","slug":"voynich-manuscript-s-xv","status":"publish","type":"product","link":"https:\/\/www.comprarmejor.es\/en\/product\/voynich-manuscript-s-xv\/","title":{"rendered":"Voynich manuscript, s. XV (5*+) (Only official edition)"},"content":{"rendered":"<p style=\"text-align: justify;\"><span id=\"result_box\" lang=\"en\" xml:lang=\"en\"><span title=\"\u00a1Un 5 estrellas en toda Gran Biblioteca!\"><span class=\"HwtZe\" lang=\"en\"><span class=\"jCAhz ChMk0b\"><span class=\"ryNqvb\">An extraordinary complete facsimile edition, the only official edition of the Voynich Manuscript, whose original is preserved in the Beinecke Library, located in Connecticut (United States) and belonging to Yale University.<\/span><\/span> <span class=\"jCAhz ChMk0b\"><span class=\"ryNqvb\">A 5-star rating in every Great Library<\/span><\/span><\/span>!<\/span><\/span><\/p>\n<p style=\"text-align: justify;\"><span title=\"Desde que fuera descubierto en el pasado siglo XX por Alfred Voynich (de quien recibe su nombre) se han escrito muchos r\u00edos de tinta sobre \u00e9l y se le ha llamado de todo: el libro imposible, el libro que nadie ha podido leer...\">Since it was discovered in the 20th century by <strong>Alfred Voynich<\/strong> (from whom it gets its name) many rivers of ink have been written about it and it has been called everything: the impossible book, the book that nobody has been able to read &#8230; <\/span><span title=\"Y aunque, seg\u00fan la c\u00e9lebre prueba del carbono 14 a la que fueron sometidos sus pergaminos, se le haya podido datar a principios del siglo XV, entre los a\u00f1os 1404 y 1438, sigue siendo a d\u00eda de hoy el c\u00f3dice m\u00e1s enigm\u00e1tico de todos los tiempos\">And although, according to the famous carbon 14 test to which their scrolls were submitted, it could have been dated at the beginning of the 15th century, between the years 1404 and 1438, it is still today <strong>the most enigmatic codex of all time <\/strong><\/span><span title=\".\">.<\/span><\/p>\n<p style=\"text-align: justify;\"><span title=\"Escrito en cursiva humanista y en un lenguaje totalmente desconocido, aparentemente encriptado, hasta la fecha no se ha podido descifrar.\">Written in humanistic cursive and in a totally unknown language, apparently encrypted, to date it has not been possible to decipher. <\/span><span title=\"El voynich\u00e9s es la denominaci\u00f3n dada al supuesto idioma, por ahora imposible de leer o pronunciar, en el que est\u00e1 escrito el manuscrito Voynich.\">The voynich\u00e9s is the denomination given to the supposed language, for now impossible to read or to pronounce, in which the Voynich manuscript is written.<\/span><\/p>\n<p style=\"text-align: justify;\"><span title=\"\u201c\u00bfEs una broma o un tratado de magia?, \u00bfDe este o de otro planeta?\u201d, es el c\u00f3dice de las preguntas sin fin por descubrir uno de los secretos de la historia de la Humanidad y que \u201chace del manuscrito un libro\">&#8220;Is it a joke or a treaty of magic? From this or another planet?&#8221; Is the codex of endless questions to discover one of the secrets of the history of humanity and that &#8220;makes the manuscript a book <\/span><span title=\"\u00fanico en el mundo\u201d.\">only one in the world&#8221;.<\/span><\/p>\n<p style=\"text-align: justify;\"><span title=\"Acompa\u00f1ado de estuche de conservaci\u00f3n.\"><span class=\"HwtZe\" lang=\"en\"><span class=\"jCAhz ChMk0b\"><span class=\"ryNqvb\">The only authorized international facsimile edition, limited to 898 copies, numbered and notarized, produced in 2017. Hand-bound in parchment, 16.2 x 23.5 cm, and 252 pages, including various foldout folios.<\/span><\/span> <\/span>Presented in a beautiful and unique protective slipcase.<\/span><\/p>\n<p style=\"text-align: justify;\"><span title=\"En cuanto sea editado, se lo enviaremos sin ning\u00fan tipo de gasto adicional.\"><span class=\"HwtZe\" lang=\"en\"><span class=\"jCAhz ChMk0b\"><span class=\"ryNqvb\">Ac<\/span><\/span><\/span><\/span>companied by the corresponding study book (texts in Spanish), which, in this edition, is not one but two insightful study books, written by specialists in the field. The study itself is bound in a special hardcover format, 24 x 30 cm, with 240 illustrated pages. Also included is a book with a complete high-definition reproduction of the manuscript, including fold-out pages, bound in hardcover format, 18 x 25 cm. Both books are presented in a slipcase measuring 24.7 x 31.5 x 7 cm.<\/p>\n<p style=\"text-align: justify;\">The study book is available in Spanish and English versions; if you do not specify a preference when placing your order, we will deliver the Spanish version.<\/p>\n<p style=\"text-align: justify;\">In addition, and as an exclusive gift, we are also including a book about this fascinating codex published by Melusina, a valuable resource for further exploration and closer examination of this enigmatic manuscript. Texts in Spanish.<\/p>\n<p style=\"text-align: justify;\"><span title=\"En la historia del Voynich, se parte de comienzos del siglo XV pero no conocemos mucho m\u00e1s: \u00bfqui\u00e9n lo escribi\u00f3?, \u00bfen qu\u00e9 lengua?, \u00bfbajo qu\u00e9 cometido?... Cuestiones que engloban \u201cel \u00faltimo gran misterio que queda por\">In the history of the Voynich, it starts at the beginning of the 15th century but we do not know much more: who wrote it ?, in what language ?, under what purpose? &#8230; Questions that encompass &#8220;the last great mystery that remains <\/span><span title=\"descifrar\u201d.\">decipher&#8221;. <\/span><span title=\"Un aut\u00e9ntico misterio que engloba plantas, recursos astron\u00f3micos y un sinf\u00edn de glifos en 250 p\u00e1ginas de pergamino.\">A real mystery that includes plants, astronomical resources and endless glyphs in 250 pages of parchment. <\/span><span title=\"\u201cTodo en una escritura sin descifrar que convierte al Voynich en la obsesi\u00f3n de los amantes de la criptograf\u00eda\u201d.\">&#8220;All in a writing without deciphering that makes Voynich the obsession of lovers of cryptography.&#8221;<\/span><\/p>\n<p style=\"text-align: justify;\"><span title=\"Parece constar de un Herbolario de plantas que, en su inmensa mayor\u00eda, hasta la fecha no han sido identificadas.\">It seems to consist of an Herbalist of plants that, in its immense majority, to date have not been identified. <\/span><span title=\"Luego aparecer\u00eda un tratado de Astronom\u00eda, otro de Cosmolog\u00eda, una secci\u00f3n de Biolog\u00eda y otra de Farmacia y Recetas alqu\u00edmico-esot\u00e9ricas.\">Then there would appear a treatise on Astronomy, another on Cosmology, a section on Biology and another one on Alchemical-esoteric Pharmacy and Recipes.<\/span><\/p>\n<p style=\"text-align: justify;\"><span title=\"Gastos de env\u00edo por cuenta del comprador, seg\u00fan pedido y destino.\"><span lang=\"en\" xml:lang=\"en\"><span class=\"tlid-translation translation\" lang=\"en\"><span class=\"\" title=\"\">Exemplary in perfect condition.<br \/>\n<\/span><\/span><\/span><\/span><\/p>\n<p style=\"text-align: justify;\"><span class=\"HwtZe\" lang=\"en\"><span class=\"jCAhz ChMk0b\"><span class=\"ryNqvb\">Free shipping for this item<\/span><\/span><\/span>. <span title=\"Cons\u00faltenos sin compromiso (indicando la referencia del art\u00edculo) cualquier duda.\"><a class=\"btn btn-default\" href=\"https:\/\/www.comprarmejor.es\/en\/contact\/\">Consult us<\/a> without obligation (indicating the reference of the article) any <span lang=\"en\" xml:lang=\"en\">doubt.<\/span><\/span><\/p>\n<p style=\"text-align: justify;\">This edition has appeared in many media, both national and foreign. An example of this can be seen by <strong><a href=\"https:\/\/t.co\/VrvIfguryc?ssr=true\" target=\"_blank\" rel=\"noopener noreferrer\">clicking here<\/a><\/strong>, <span lang=\"en\" xml:lang=\"en\">on the program of the Spanish television channel Cuatro, <em>Cuarto Milenio<\/em>, on January 7, 2018 (from minute 27). Do not miss it.<\/span><\/p>\n<p><span class=\"tlid-translation translation\" lang=\"en\"><span class=\"\" title=\"\">Here is a video with the complete facsimile (the texts that come out are in English):<\/span><\/span><\/p>\n<p><iframe loading=\"lazy\" src=\"\/\/www.youtube.com\/embed\/Ufsh06ucYYI\" width=\"560\" height=\"314\" allowfullscreen=\"allowfullscreen\"><\/iframe><\/p>\n","protected":false},"excerpt":{"rendered":"<p style=\"text-align: justify;\"><span class=\"VIiyi\" lang=\"en\"><span class=\"JLqJ4b ChMk0b\" data-language-for-alternatives=\"en\" data-language-to-translate-into=\"es\" data-phrase-index=\"4\" data-number-of-phrases=\"5\"><span class=\"Q4iAWc\">Extraordinary complete and faithful facsimile edition of the Voynich Manuscript, whose original is preserved in the Beinecke Library, located in Connecticut (United States) and belonging to Yale University.<\/span><\/span><\/span><\/p>\n","protected":false},"featured_media":55197,"template":"","meta":[],"product_brand":[],"product_cat":[2208,2250],"product_tag":[5119,4076,4077],"class_list":{"0":"post-56506","1":"product","2":"type-product","3":"status-publish","4":"has-post-thumbnail","6":"product_cat-grand-luxury-library","7":"product_cat-other-facsimiles","8":"product_tag-siloe-en","9":"product_tag-voynich-en","10":"product_tag-yale-en","11":"description-off","13":"first","14":"instock","15":"sale","16":"taxable","17":"shipping-taxable","18":"purchasable","19":"product-type-simple"},"yoast_head":"<!-- This site is optimized with the Yoast SEO plugin v27.3 - https:\/\/yoast.com\/product\/yoast-seo-wordpress\/ -->\n<title>Voynich manuscript, 15th century, the most mysterious book in the world<\/title>\n<meta name=\"description\" content=\"Full and faithful facsimile edition of the Voynich Manuscript, original is kept in the Beinecke Library, Connecticut, Yale University.\" \/>\n<meta name=\"robots\" content=\"index, follow, max-snippet:-1, max-image-preview:large, max-video-preview:-1\" \/>\n<link rel=\"canonical\" href=\"https:\/\/www.comprarmejor.es\/en\/product\/voynich-manuscript-s-xv\/\" \/>\n<meta property=\"og:locale\" content=\"en_US\" \/>\n<meta property=\"og:type\" content=\"article\" \/>\n<meta property=\"og:title\" content=\"Voynich manuscript, 15th century, the most mysterious book in the world\" \/>\n<meta property=\"og:description\" content=\"Full and faithful facsimile edition of the Voynich Manuscript, original is kept in the Beinecke Library, Connecticut, Yale University.\" \/>\n<meta property=\"og:url\" content=\"https:\/\/www.comprarmejor.es\/en\/product\/voynich-manuscript-s-xv\/\" \/>\n<meta property=\"og:site_name\" content=\"ComprarMejor\" \/>\n<meta property=\"article:modified_time\" content=\"2026-02-24T10:42:05+00:00\" \/>\n<meta property=\"og:image\" content=\"https:\/\/www.comprarmejor.es\/wp-content\/uploads\/2018\/01\/p_7_8_3_0_7830-Manuscrito-Voynich-s.-XV-5.jpg\" \/>\n\t<meta property=\"og:image:width\" content=\"540\" \/>\n\t<meta property=\"og:image:height\" content=\"600\" \/>\n\t<meta property=\"og:image:type\" content=\"image\/jpeg\" \/>\n<meta name=\"twitter:card\" content=\"summary_large_image\" \/>\n<meta name=\"twitter:label1\" content=\"Est. reading time\" \/>\n\t<meta name=\"twitter:data1\" content=\"3 minutes\" \/>\n<script type=\"application\/ld+json\" class=\"yoast-schema-graph\">{\"@context\":\"https:\\\/\\\/schema.org\",\"@graph\":[{\"@type\":\"WebPage\",\"@id\":\"https:\\\/\\\/www.comprarmejor.es\\\/en\\\/product\\\/voynich-manuscript-s-xv\\\/\",\"url\":\"https:\\\/\\\/www.comprarmejor.es\\\/en\\\/product\\\/voynich-manuscript-s-xv\\\/\",\"name\":\"Voynich manuscript, 15th century, the most mysterious book in the world\",\"isPartOf\":{\"@id\":\"https:\\\/\\\/www.comprarmejor.es\\\/en\\\/#website\"},\"primaryImageOfPage\":{\"@id\":\"https:\\\/\\\/www.comprarmejor.es\\\/en\\\/product\\\/voynich-manuscript-s-xv\\\/#primaryimage\"},\"image\":{\"@id\":\"https:\\\/\\\/www.comprarmejor.es\\\/en\\\/product\\\/voynich-manuscript-s-xv\\\/#primaryimage\"},\"thumbnailUrl\":\"https:\\\/\\\/www.comprarmejor.es\\\/wp-content\\\/uploads\\\/2018\\\/01\\\/p_7_8_3_0_7830-Manuscrito-Voynich-s.-XV-5.jpg\",\"datePublished\":\"2019-07-14T08:42:45+00:00\",\"dateModified\":\"2026-02-24T10:42:05+00:00\",\"description\":\"Full and faithful facsimile edition of the Voynich Manuscript, original is kept in the Beinecke Library, Connecticut, Yale University.\",\"breadcrumb\":{\"@id\":\"https:\\\/\\\/www.comprarmejor.es\\\/en\\\/product\\\/voynich-manuscript-s-xv\\\/#breadcrumb\"},\"inLanguage\":\"en-US\",\"potentialAction\":[{\"@type\":\"ReadAction\",\"target\":[\"https:\\\/\\\/www.comprarmejor.es\\\/en\\\/product\\\/voynich-manuscript-s-xv\\\/\"]}]},{\"@type\":\"ImageObject\",\"inLanguage\":\"en-US\",\"@id\":\"https:\\\/\\\/www.comprarmejor.es\\\/en\\\/product\\\/voynich-manuscript-s-xv\\\/#primaryimage\",\"url\":\"https:\\\/\\\/www.comprarmejor.es\\\/wp-content\\\/uploads\\\/2018\\\/01\\\/p_7_8_3_0_7830-Manuscrito-Voynich-s.-XV-5.jpg\",\"contentUrl\":\"https:\\\/\\\/www.comprarmejor.es\\\/wp-content\\\/uploads\\\/2018\\\/01\\\/p_7_8_3_0_7830-Manuscrito-Voynich-s.-XV-5.jpg\",\"width\":540,\"height\":600,\"caption\":\"Voynich manuscript, s. XV (5*+)\"},{\"@type\":\"BreadcrumbList\",\"@id\":\"https:\\\/\\\/www.comprarmejor.es\\\/en\\\/product\\\/voynich-manuscript-s-xv\\\/#breadcrumb\",\"itemListElement\":[{\"@type\":\"ListItem\",\"position\":1,\"name\":\"Portada\",\"item\":\"https:\\\/\\\/www.comprarmejor.es\\\/en\\\/\"},{\"@type\":\"ListItem\",\"position\":2,\"name\":\"Shop\",\"item\":\"https:\\\/\\\/www.comprarmejor.es\\\/en\\\/shop\\\/\"},{\"@type\":\"ListItem\",\"position\":3,\"name\":\"Voynich manuscript, s. XV (5*+) (Only official edition)\"}]},{\"@type\":\"WebSite\",\"@id\":\"https:\\\/\\\/www.comprarmejor.es\\\/en\\\/#website\",\"url\":\"https:\\\/\\\/www.comprarmejor.es\\\/en\\\/\",\"name\":\"ComprarMejor\",\"description\":\"ComprarMejor\",\"publisher\":{\"@id\":\"https:\\\/\\\/www.comprarmejor.es\\\/en\\\/#organization\"},\"potentialAction\":[{\"@type\":\"SearchAction\",\"target\":{\"@type\":\"EntryPoint\",\"urlTemplate\":\"https:\\\/\\\/www.comprarmejor.es\\\/en\\\/?s={search_term_string}\"},\"query-input\":{\"@type\":\"PropertyValueSpecification\",\"valueRequired\":true,\"valueName\":\"search_term_string\"}}],\"inLanguage\":\"en-US\"},{\"@type\":\"Organization\",\"@id\":\"https:\\\/\\\/www.comprarmejor.es\\\/en\\\/#organization\",\"name\":\"COMPRAR MEJOR\",\"url\":\"https:\\\/\\\/www.comprarmejor.es\\\/en\\\/\",\"logo\":{\"@type\":\"ImageObject\",\"inLanguage\":\"en-US\",\"@id\":\"https:\\\/\\\/www.comprarmejor.es\\\/en\\\/#\\\/schema\\\/logo\\\/image\\\/\",\"url\":\"https:\\\/\\\/www.comprarmejor.es\\\/wp-content\\\/uploads\\\/2025\\\/09\\\/comprarmejortrinidad.jpg\",\"contentUrl\":\"https:\\\/\\\/www.comprarmejor.es\\\/wp-content\\\/uploads\\\/2025\\\/09\\\/comprarmejortrinidad.jpg\",\"width\":1022,\"height\":1380,\"caption\":\"COMPRAR MEJOR\"},\"image\":{\"@id\":\"https:\\\/\\\/www.comprarmejor.es\\\/en\\\/#\\\/schema\\\/logo\\\/image\\\/\"},\"sameAs\":[\"https:\\\/\\\/www.instagram.com\\\/amigosdelcodice\"]}]}<\/script>\n<!-- \/ Yoast SEO plugin. -->","yoast_head_json":{"title":"Voynich manuscript, 15th century, the most mysterious book in the world","description":"Full and faithful facsimile edition of the Voynich Manuscript, original is kept in the Beinecke Library, Connecticut, Yale University.","robots":{"index":"index","follow":"follow","max-snippet":"max-snippet:-1","max-image-preview":"max-image-preview:large","max-video-preview":"max-video-preview:-1"},"canonical":"https:\/\/www.comprarmejor.es\/en\/product\/voynich-manuscript-s-xv\/","og_locale":"en_US","og_type":"article","og_title":"Voynich manuscript, 15th century, the most mysterious book in the world","og_description":"Full and faithful facsimile edition of the Voynich Manuscript, original is kept in the Beinecke Library, Connecticut, Yale University.","og_url":"https:\/\/www.comprarmejor.es\/en\/product\/voynich-manuscript-s-xv\/","og_site_name":"ComprarMejor","article_modified_time":"2026-02-24T10:42:05+00:00","og_image":[{"width":540,"height":600,"url":"https:\/\/www.comprarmejor.es\/wp-content\/uploads\/2018\/01\/p_7_8_3_0_7830-Manuscrito-Voynich-s.-XV-5.jpg","type":"image\/jpeg"}],"twitter_card":"summary_large_image","twitter_misc":{"Est. reading time":"3 minutes"},"schema":{"@context":"https:\/\/schema.org","@graph":[{"@type":"WebPage","@id":"https:\/\/www.comprarmejor.es\/en\/product\/voynich-manuscript-s-xv\/","url":"https:\/\/www.comprarmejor.es\/en\/product\/voynich-manuscript-s-xv\/","name":"Voynich manuscript, 15th century, the most mysterious book in the world","isPartOf":{"@id":"https:\/\/www.comprarmejor.es\/en\/#website"},"primaryImageOfPage":{"@id":"https:\/\/www.comprarmejor.es\/en\/product\/voynich-manuscript-s-xv\/#primaryimage"},"image":{"@id":"https:\/\/www.comprarmejor.es\/en\/product\/voynich-manuscript-s-xv\/#primaryimage"},"thumbnailUrl":"https:\/\/www.comprarmejor.es\/wp-content\/uploads\/2018\/01\/p_7_8_3_0_7830-Manuscrito-Voynich-s.-XV-5.jpg","datePublished":"2019-07-14T08:42:45+00:00","dateModified":"2026-02-24T10:42:05+00:00","description":"Full and faithful facsimile edition of the Voynich Manuscript, original is kept in the Beinecke Library, Connecticut, Yale University.","breadcrumb":{"@id":"https:\/\/www.comprarmejor.es\/en\/product\/voynich-manuscript-s-xv\/#breadcrumb"},"inLanguage":"en-US","potentialAction":[{"@type":"ReadAction","target":["https:\/\/www.comprarmejor.es\/en\/product\/voynich-manuscript-s-xv\/"]}]},{"@type":"ImageObject","inLanguage":"en-US","@id":"https:\/\/www.comprarmejor.es\/en\/product\/voynich-manuscript-s-xv\/#primaryimage","url":"https:\/\/www.comprarmejor.es\/wp-content\/uploads\/2018\/01\/p_7_8_3_0_7830-Manuscrito-Voynich-s.-XV-5.jpg","contentUrl":"https:\/\/www.comprarmejor.es\/wp-content\/uploads\/2018\/01\/p_7_8_3_0_7830-Manuscrito-Voynich-s.-XV-5.jpg","width":540,"height":600,"caption":"Voynich manuscript, s. XV (5*+)"},{"@type":"BreadcrumbList","@id":"https:\/\/www.comprarmejor.es\/en\/product\/voynich-manuscript-s-xv\/#breadcrumb","itemListElement":[{"@type":"ListItem","position":1,"name":"Portada","item":"https:\/\/www.comprarmejor.es\/en\/"},{"@type":"ListItem","position":2,"name":"Shop","item":"https:\/\/www.comprarmejor.es\/en\/shop\/"},{"@type":"ListItem","position":3,"name":"Voynich manuscript, s. XV (5*+) (Only official edition)"}]},{"@type":"WebSite","@id":"https:\/\/www.comprarmejor.es\/en\/#website","url":"https:\/\/www.comprarmejor.es\/en\/","name":"ComprarMejor","description":"ComprarMejor","publisher":{"@id":"https:\/\/www.comprarmejor.es\/en\/#organization"},"potentialAction":[{"@type":"SearchAction","target":{"@type":"EntryPoint","urlTemplate":"https:\/\/www.comprarmejor.es\/en\/?s={search_term_string}"},"query-input":{"@type":"PropertyValueSpecification","valueRequired":true,"valueName":"search_term_string"}}],"inLanguage":"en-US"},{"@type":"Organization","@id":"https:\/\/www.comprarmejor.es\/en\/#organization","name":"COMPRAR MEJOR","url":"https:\/\/www.comprarmejor.es\/en\/","logo":{"@type":"ImageObject","inLanguage":"en-US","@id":"https:\/\/www.comprarmejor.es\/en\/#\/schema\/logo\/image\/","url":"https:\/\/www.comprarmejor.es\/wp-content\/uploads\/2025\/09\/comprarmejortrinidad.jpg","contentUrl":"https:\/\/www.comprarmejor.es\/wp-content\/uploads\/2025\/09\/comprarmejortrinidad.jpg","width":1022,"height":1380,"caption":"COMPRAR MEJOR"},"image":{"@id":"https:\/\/www.comprarmejor.es\/en\/#\/schema\/logo\/image\/"},"sameAs":["https:\/\/www.instagram.com\/amigosdelcodice"]}]}},"_links":{"self":[{"href":"https:\/\/www.comprarmejor.es\/en\/wp-json\/wp\/v2\/product\/56506","targetHints":{"allow":["GET"]}}],"collection":[{"href":"https:\/\/www.comprarmejor.es\/en\/wp-json\/wp\/v2\/product"}],"about":[{"href":"https:\/\/www.comprarmejor.es\/en\/wp-json\/wp\/v2\/types\/product"}],"wp:featuredmedia":[{"embeddable":true,"href":"https:\/\/www.comprarmejor.es\/en\/wp-json\/wp\/v2\/media\/55197"}],"wp:attachment":[{"href":"https:\/\/www.comprarmejor.es\/en\/wp-json\/wp\/v2\/media?parent=56506"}],"wp:term":[{"taxonomy":"product_brand","embeddable":true,"href":"https:\/\/www.comprarmejor.es\/en\/wp-json\/wp\/v2\/product_brand?post=56506"},{"taxonomy":"product_cat","embeddable":true,"href":"https:\/\/www.comprarmejor.es\/en\/wp-json\/wp\/v2\/product_cat?post=56506"},{"taxonomy":"product_tag","embeddable":true,"href":"https:\/\/www.comprarmejor.es\/en\/wp-json\/wp\/v2\/product_tag?post=56506"}],"curies":[{"name":"wp","href":"https:\/\/api.w.org\/{rel}","templated":true}]}}