{"id":57462,"date":"2019-11-12T23:14:48","date_gmt":"2019-11-12T22:14:48","guid":{"rendered":"https:\/\/www.comprarmejor.es\/?post_type=product&#038;p=57462"},"modified":"2026-05-02T11:13:14","modified_gmt":"2026-05-02T09:13:14","slug":"atlas-de-oliva-or-atlas-portulano-by-juan-riczo-year-1580","status":"publish","type":"product","link":"https:\/\/www.comprarmejor.es\/en\/product\/atlas-de-oliva-or-atlas-portulano-by-juan-riczo-year-1580\/","title":{"rendered":"Atlas de Oliva or Atlas Portulano by Juan Riczo, year 1580"},"content":{"rendered":"<p><span class=\"HwtZe\" lang=\"en\"><span class=\"jCAhz ChMk0b\"><span class=\"ryNqvb\">ARTICLE FOR INFORMATIONAL PURPOSES ONLY<\/span><\/span><\/span><\/p>\n<p style=\"text-align: justify;\">Facsimile reproduction of the work of Juan Riczo (alias Oliva), made in Naples and dated 1580. It contains 20 double-page maps in Cartivana, 31 x 46 cm, magnificently drawn on parchment, which develop the geographical knowledge of the time. Contains the first nautical charts of the New Continent.<\/p>\n<p style=\"text-align: justify;\">Perfect reproduction of the images and the support of the copy found in the Library of the Royal Palace of Madrid, made in 1987. Limited, numbered and certified edition.<\/p>\n<p style=\"text-align: justify;\">Facsimile bound in dry-carved leather, in Mudejar style, with gold-plated studs and nails. Format 24 x 31.5 cm. 80 pages.<\/p>\n<p style=\"text-align: justify;\">Complementary paperback study book, format 17 x 23.7 cm, 94 pages by Mar\u00eda Luisa Mart\u00edn-Mer\u00e1s. There is a version of this study book in French, if you are interested, contact us; By default, the Spanish version is always delivered.<\/p>\n<p style=\"text-align: justify;\">Copy complete and in perfect condition.<\/p>\n<p style=\"text-align: justify;\">Retail Price: 1.888 \u20ac<span title=\"Gastos de env\u00edo por cuenta del comprador, seg\u00fan pedido y destino.\">.\u00a0<\/span><span title=\"Cons\u00faltenos sin compromiso (indicando la referencia del art\u00edculo) cualquier duda, as\u00ed como por cualquier otro facs\u00edmile o art\u00edculo que est\u00e9 buscando.\"><a class=\"btn btn-default\" href=\"https:\/\/www.comprarmejor.es\/en\/contact\/\">Ask us<\/a> <span class=\"HwtZe\" lang=\"en\"><span class=\"jCAhz ChMk0b\"><span class=\"ryNqvb\">any questions you have, indicating the article reference.<\/span><\/span><\/span><br \/>\n<\/span><\/p>\n","protected":false},"excerpt":{"rendered":"<p style=\"text-align: justify;\"><span id=\"result_box\" lang=\"en\" xml:lang=\"en\"><span title=\"Reproducci\u00f3n facsimilar de la obra de Juan Riczo, realizada en N\u00e1poles y datada en 1580. Contiene 19 mapas a doble p\u00e1gina de 31 x 46 cm magn\u00edficamente dibujados sobre pergamino, que desarrollan los conocimientos geogr\u00e1ficos de la \u00e9poca.\">A facsimile reproduction of the work of Juan Riczo, made in Naples and dated 1580. It contains 19 double-page maps of 31 x 46 cm magnificently drawn on parchment, which develop the geographical knowledge of the time.<\/span><span title=\"Contiene las primeras cartas n\u00e1uticas del Nuevo Continente.\"><br \/>\n<\/span><\/span><\/p>\n","protected":false},"featured_media":87430,"template":"","meta":[],"product_brand":[],"product_cat":[2234],"product_tag":[3976,4231,4795,4232,3999],"class_list":{"0":"post-57462","1":"product","2":"type-product","3":"status-publish","4":"has-post-thumbnail","6":"product_cat-antique-maps","7":"product_tag-atlas-en","8":"product_tag-oliva-en","9":"product_tag-portulano-en","10":"product_tag-riczo-en","11":"product_tag-testimonio-en","12":"description-off","14":"first","15":"instock","16":"taxable","17":"shipping-taxable","18":"purchasable","19":"product-type-simple"},"yoast_head":"<!-- This site is optimized with the Yoast SEO plugin v27.3 - https:\/\/yoast.com\/product\/yoast-seo-wordpress\/ -->\n<title>Atlas de Oliva or Atlas Portulano by Juan Riczo, year 1580<\/title>\n<meta name=\"description\" content=\"A facsimile reproduction of the work of Juan Riczo, made in Naples and dated 1580. It contains 19 double-page maps of 31 x 46 cm magnificently drawn on parc\" \/>\n<meta name=\"robots\" content=\"index, follow, max-snippet:-1, max-image-preview:large, max-video-preview:-1\" \/>\n<link rel=\"canonical\" href=\"https:\/\/www.comprarmejor.es\/en\/product\/atlas-de-oliva-or-atlas-portulano-by-juan-riczo-year-1580\/\" \/>\n<meta property=\"og:locale\" content=\"en_US\" \/>\n<meta property=\"og:type\" content=\"article\" \/>\n<meta property=\"og:title\" content=\"Atlas de Oliva or Atlas Portulano by Juan Riczo, year 1580\" \/>\n<meta property=\"og:description\" content=\"A facsimile reproduction of the work of Juan Riczo, made in Naples and dated 1580. It contains 19 double-page maps of 31 x 46 cm magnificently drawn on parc\" \/>\n<meta property=\"og:url\" content=\"https:\/\/www.comprarmejor.es\/en\/product\/atlas-de-oliva-or-atlas-portulano-by-juan-riczo-year-1580\/\" \/>\n<meta property=\"og:site_name\" content=\"ComprarMejor\" \/>\n<meta property=\"article:modified_time\" content=\"2026-05-02T09:13:14+00:00\" \/>\n<meta property=\"og:image\" content=\"https:\/\/www.comprarmejor.es\/wp-content\/uploads\/2019\/11\/Oliva1.jpg\" \/>\n\t<meta property=\"og:image:width\" content=\"514\" \/>\n\t<meta property=\"og:image:height\" content=\"321\" \/>\n\t<meta property=\"og:image:type\" content=\"image\/jpeg\" \/>\n<meta name=\"twitter:card\" content=\"summary_large_image\" \/>\n<meta name=\"twitter:label1\" content=\"Est. reading time\" \/>\n\t<meta name=\"twitter:data1\" content=\"1 minute\" \/>\n<script type=\"application\/ld+json\" class=\"yoast-schema-graph\">{\"@context\":\"https:\\\/\\\/schema.org\",\"@graph\":[{\"@type\":\"WebPage\",\"@id\":\"https:\\\/\\\/www.comprarmejor.es\\\/en\\\/product\\\/atlas-de-oliva-or-atlas-portulano-by-juan-riczo-year-1580\\\/\",\"url\":\"https:\\\/\\\/www.comprarmejor.es\\\/en\\\/product\\\/atlas-de-oliva-or-atlas-portulano-by-juan-riczo-year-1580\\\/\",\"name\":\"Atlas de Oliva or Atlas Portulano by Juan Riczo, year 1580\",\"isPartOf\":{\"@id\":\"https:\\\/\\\/www.comprarmejor.es\\\/en\\\/#website\"},\"primaryImageOfPage\":{\"@id\":\"https:\\\/\\\/www.comprarmejor.es\\\/en\\\/product\\\/atlas-de-oliva-or-atlas-portulano-by-juan-riczo-year-1580\\\/#primaryimage\"},\"image\":{\"@id\":\"https:\\\/\\\/www.comprarmejor.es\\\/en\\\/product\\\/atlas-de-oliva-or-atlas-portulano-by-juan-riczo-year-1580\\\/#primaryimage\"},\"thumbnailUrl\":\"https:\\\/\\\/www.comprarmejor.es\\\/wp-content\\\/uploads\\\/2019\\\/11\\\/Oliva1.jpg\",\"datePublished\":\"2019-11-12T22:14:48+00:00\",\"dateModified\":\"2026-05-02T09:13:14+00:00\",\"description\":\"A facsimile reproduction of the work of Juan Riczo, made in Naples and dated 1580. It contains 19 double-page maps of 31 x 46 cm magnificently drawn on parc\",\"breadcrumb\":{\"@id\":\"https:\\\/\\\/www.comprarmejor.es\\\/en\\\/product\\\/atlas-de-oliva-or-atlas-portulano-by-juan-riczo-year-1580\\\/#breadcrumb\"},\"inLanguage\":\"en-US\",\"potentialAction\":[{\"@type\":\"ReadAction\",\"target\":[\"https:\\\/\\\/www.comprarmejor.es\\\/en\\\/product\\\/atlas-de-oliva-or-atlas-portulano-by-juan-riczo-year-1580\\\/\"]}]},{\"@type\":\"ImageObject\",\"inLanguage\":\"en-US\",\"@id\":\"https:\\\/\\\/www.comprarmejor.es\\\/en\\\/product\\\/atlas-de-oliva-or-atlas-portulano-by-juan-riczo-year-1580\\\/#primaryimage\",\"url\":\"https:\\\/\\\/www.comprarmejor.es\\\/wp-content\\\/uploads\\\/2019\\\/11\\\/Oliva1.jpg\",\"contentUrl\":\"https:\\\/\\\/www.comprarmejor.es\\\/wp-content\\\/uploads\\\/2019\\\/11\\\/Oliva1.jpg\",\"width\":514,\"height\":321},{\"@type\":\"BreadcrumbList\",\"@id\":\"https:\\\/\\\/www.comprarmejor.es\\\/en\\\/product\\\/atlas-de-oliva-or-atlas-portulano-by-juan-riczo-year-1580\\\/#breadcrumb\",\"itemListElement\":[{\"@type\":\"ListItem\",\"position\":1,\"name\":\"Portada\",\"item\":\"https:\\\/\\\/www.comprarmejor.es\\\/en\\\/\"},{\"@type\":\"ListItem\",\"position\":2,\"name\":\"Shop\",\"item\":\"https:\\\/\\\/www.comprarmejor.es\\\/en\\\/shop\\\/\"},{\"@type\":\"ListItem\",\"position\":3,\"name\":\"Atlas de Oliva or Atlas Portulano by Juan Riczo, year 1580\"}]},{\"@type\":\"WebSite\",\"@id\":\"https:\\\/\\\/www.comprarmejor.es\\\/en\\\/#website\",\"url\":\"https:\\\/\\\/www.comprarmejor.es\\\/en\\\/\",\"name\":\"ComprarMejor\",\"description\":\"ComprarMejor\",\"publisher\":{\"@id\":\"https:\\\/\\\/www.comprarmejor.es\\\/en\\\/#organization\"},\"potentialAction\":[{\"@type\":\"SearchAction\",\"target\":{\"@type\":\"EntryPoint\",\"urlTemplate\":\"https:\\\/\\\/www.comprarmejor.es\\\/en\\\/?s={search_term_string}\"},\"query-input\":{\"@type\":\"PropertyValueSpecification\",\"valueRequired\":true,\"valueName\":\"search_term_string\"}}],\"inLanguage\":\"en-US\"},{\"@type\":\"Organization\",\"@id\":\"https:\\\/\\\/www.comprarmejor.es\\\/en\\\/#organization\",\"name\":\"COMPRAR MEJOR\",\"url\":\"https:\\\/\\\/www.comprarmejor.es\\\/en\\\/\",\"logo\":{\"@type\":\"ImageObject\",\"inLanguage\":\"en-US\",\"@id\":\"https:\\\/\\\/www.comprarmejor.es\\\/en\\\/#\\\/schema\\\/logo\\\/image\\\/\",\"url\":\"https:\\\/\\\/www.comprarmejor.es\\\/wp-content\\\/uploads\\\/2025\\\/09\\\/comprarmejortrinidad.jpg\",\"contentUrl\":\"https:\\\/\\\/www.comprarmejor.es\\\/wp-content\\\/uploads\\\/2025\\\/09\\\/comprarmejortrinidad.jpg\",\"width\":1022,\"height\":1380,\"caption\":\"COMPRAR MEJOR\"},\"image\":{\"@id\":\"https:\\\/\\\/www.comprarmejor.es\\\/en\\\/#\\\/schema\\\/logo\\\/image\\\/\"},\"sameAs\":[\"https:\\\/\\\/www.instagram.com\\\/amigosdelcodice\"]}]}<\/script>\n<!-- \/ Yoast SEO plugin. -->","yoast_head_json":{"title":"Atlas de Oliva or Atlas Portulano by Juan Riczo, year 1580","description":"A facsimile reproduction of the work of Juan Riczo, made in Naples and dated 1580. It contains 19 double-page maps of 31 x 46 cm magnificently drawn on parc","robots":{"index":"index","follow":"follow","max-snippet":"max-snippet:-1","max-image-preview":"max-image-preview:large","max-video-preview":"max-video-preview:-1"},"canonical":"https:\/\/www.comprarmejor.es\/en\/product\/atlas-de-oliva-or-atlas-portulano-by-juan-riczo-year-1580\/","og_locale":"en_US","og_type":"article","og_title":"Atlas de Oliva or Atlas Portulano by Juan Riczo, year 1580","og_description":"A facsimile reproduction of the work of Juan Riczo, made in Naples and dated 1580. It contains 19 double-page maps of 31 x 46 cm magnificently drawn on parc","og_url":"https:\/\/www.comprarmejor.es\/en\/product\/atlas-de-oliva-or-atlas-portulano-by-juan-riczo-year-1580\/","og_site_name":"ComprarMejor","article_modified_time":"2026-05-02T09:13:14+00:00","og_image":[{"width":514,"height":321,"url":"https:\/\/www.comprarmejor.es\/wp-content\/uploads\/2019\/11\/Oliva1.jpg","type":"image\/jpeg"}],"twitter_card":"summary_large_image","twitter_misc":{"Est. reading time":"1 minute"},"schema":{"@context":"https:\/\/schema.org","@graph":[{"@type":"WebPage","@id":"https:\/\/www.comprarmejor.es\/en\/product\/atlas-de-oliva-or-atlas-portulano-by-juan-riczo-year-1580\/","url":"https:\/\/www.comprarmejor.es\/en\/product\/atlas-de-oliva-or-atlas-portulano-by-juan-riczo-year-1580\/","name":"Atlas de Oliva or Atlas Portulano by Juan Riczo, year 1580","isPartOf":{"@id":"https:\/\/www.comprarmejor.es\/en\/#website"},"primaryImageOfPage":{"@id":"https:\/\/www.comprarmejor.es\/en\/product\/atlas-de-oliva-or-atlas-portulano-by-juan-riczo-year-1580\/#primaryimage"},"image":{"@id":"https:\/\/www.comprarmejor.es\/en\/product\/atlas-de-oliva-or-atlas-portulano-by-juan-riczo-year-1580\/#primaryimage"},"thumbnailUrl":"https:\/\/www.comprarmejor.es\/wp-content\/uploads\/2019\/11\/Oliva1.jpg","datePublished":"2019-11-12T22:14:48+00:00","dateModified":"2026-05-02T09:13:14+00:00","description":"A facsimile reproduction of the work of Juan Riczo, made in Naples and dated 1580. It contains 19 double-page maps of 31 x 46 cm magnificently drawn on parc","breadcrumb":{"@id":"https:\/\/www.comprarmejor.es\/en\/product\/atlas-de-oliva-or-atlas-portulano-by-juan-riczo-year-1580\/#breadcrumb"},"inLanguage":"en-US","potentialAction":[{"@type":"ReadAction","target":["https:\/\/www.comprarmejor.es\/en\/product\/atlas-de-oliva-or-atlas-portulano-by-juan-riczo-year-1580\/"]}]},{"@type":"ImageObject","inLanguage":"en-US","@id":"https:\/\/www.comprarmejor.es\/en\/product\/atlas-de-oliva-or-atlas-portulano-by-juan-riczo-year-1580\/#primaryimage","url":"https:\/\/www.comprarmejor.es\/wp-content\/uploads\/2019\/11\/Oliva1.jpg","contentUrl":"https:\/\/www.comprarmejor.es\/wp-content\/uploads\/2019\/11\/Oliva1.jpg","width":514,"height":321},{"@type":"BreadcrumbList","@id":"https:\/\/www.comprarmejor.es\/en\/product\/atlas-de-oliva-or-atlas-portulano-by-juan-riczo-year-1580\/#breadcrumb","itemListElement":[{"@type":"ListItem","position":1,"name":"Portada","item":"https:\/\/www.comprarmejor.es\/en\/"},{"@type":"ListItem","position":2,"name":"Shop","item":"https:\/\/www.comprarmejor.es\/en\/shop\/"},{"@type":"ListItem","position":3,"name":"Atlas de Oliva or Atlas Portulano by Juan Riczo, year 1580"}]},{"@type":"WebSite","@id":"https:\/\/www.comprarmejor.es\/en\/#website","url":"https:\/\/www.comprarmejor.es\/en\/","name":"ComprarMejor","description":"ComprarMejor","publisher":{"@id":"https:\/\/www.comprarmejor.es\/en\/#organization"},"potentialAction":[{"@type":"SearchAction","target":{"@type":"EntryPoint","urlTemplate":"https:\/\/www.comprarmejor.es\/en\/?s={search_term_string}"},"query-input":{"@type":"PropertyValueSpecification","valueRequired":true,"valueName":"search_term_string"}}],"inLanguage":"en-US"},{"@type":"Organization","@id":"https:\/\/www.comprarmejor.es\/en\/#organization","name":"COMPRAR MEJOR","url":"https:\/\/www.comprarmejor.es\/en\/","logo":{"@type":"ImageObject","inLanguage":"en-US","@id":"https:\/\/www.comprarmejor.es\/en\/#\/schema\/logo\/image\/","url":"https:\/\/www.comprarmejor.es\/wp-content\/uploads\/2025\/09\/comprarmejortrinidad.jpg","contentUrl":"https:\/\/www.comprarmejor.es\/wp-content\/uploads\/2025\/09\/comprarmejortrinidad.jpg","width":1022,"height":1380,"caption":"COMPRAR MEJOR"},"image":{"@id":"https:\/\/www.comprarmejor.es\/en\/#\/schema\/logo\/image\/"},"sameAs":["https:\/\/www.instagram.com\/amigosdelcodice"]}]}},"_links":{"self":[{"href":"https:\/\/www.comprarmejor.es\/en\/wp-json\/wp\/v2\/product\/57462","targetHints":{"allow":["GET"]}}],"collection":[{"href":"https:\/\/www.comprarmejor.es\/en\/wp-json\/wp\/v2\/product"}],"about":[{"href":"https:\/\/www.comprarmejor.es\/en\/wp-json\/wp\/v2\/types\/product"}],"wp:featuredmedia":[{"embeddable":true,"href":"https:\/\/www.comprarmejor.es\/en\/wp-json\/wp\/v2\/media\/87430"}],"wp:attachment":[{"href":"https:\/\/www.comprarmejor.es\/en\/wp-json\/wp\/v2\/media?parent=57462"}],"wp:term":[{"taxonomy":"product_brand","embeddable":true,"href":"https:\/\/www.comprarmejor.es\/en\/wp-json\/wp\/v2\/product_brand?post=57462"},{"taxonomy":"product_cat","embeddable":true,"href":"https:\/\/www.comprarmejor.es\/en\/wp-json\/wp\/v2\/product_cat?post=57462"},{"taxonomy":"product_tag","embeddable":true,"href":"https:\/\/www.comprarmejor.es\/en\/wp-json\/wp\/v2\/product_tag?post=57462"}],"curies":[{"name":"wp","href":"https:\/\/api.w.org\/{rel}","templated":true}]}}