{"id":59181,"date":"2020-04-03T18:21:59","date_gmt":"2020-04-03T16:22:00","guid":{"rendered":"https:\/\/www.comprarmejor.es\/?post_type=product&#038;p=59181"},"modified":"2024-08-21T12:01:48","modified_gmt":"2024-08-21T10:01:48","slug":"book-of-mushrooms-robert-wilson-1805","status":"publish","type":"product","link":"https:\/\/www.comprarmejor.es\/en\/product\/book-of-mushrooms-robert-wilson-1805\/","title":{"rendered":"Book of Mushrooms. Robert Wilson, 1805"},"content":{"rendered":"<p style=\"text-align: justify;\">Extraordinary facsimile edition made in 2007 by the publishing house Silo\u00e9 of the 1805 copy of \u201cBook of Mushrooms\u201d, by Robert Wilson. One of the few existing mycological treatises on the world of mushrooms.<\/p>\n<p style=\"text-align: justify;\">The absence of text indicates that this manuscript was not intended for printing.<\/p>\n<p style=\"text-align: justify;\">Hand-bound facsimile in dry-worked leather, spine with label with gilt title, nerves. Format 12.5 x 17.5 cm. 624 pages. With almost 300 images. The drawings are sketched in pencil and retouched with Indian ink, colored pencils and watercolors.<br \/>\nPresented in an open box-case like a flask or dust cover, lined with leather and water paper, format 13.3 x 18.3 x 7.5 cm.<br \/>\nAccompanied by the corresponding book of studies with important historical-mycological studies, bound in hardcover, format 16.2 x 23.2 cm.<\/p>\n<p style=\"text-align: justify;\">Limited edition of 898 numbered copies with a notarial act.<\/p>\n<p style=\"text-align: justify;\">Complete copy and in perfect condition, new, unused.<\/p>\n<p style=\"text-align: justify;\">Free shipping costs for this item.\u00a0<span title=\"Cons\u00faltenos cualquier duda, as\u00ed como por cualquier otro facs\u00edmile que est\u00e9 buscando.\"><a class=\"btn btn-default\" href=\"http:\/\/comprarmejor.es\/en\/contact\">Ask us<\/a> <span class=\"HwtZe\" lang=\"en\"><span class=\"jCAhz ChMk0b\"><span class=\"ryNqvb\">any questions, indicating the item reference.<\/span><\/span><\/span><br \/>\n<\/span><\/p>\n<p><iframe loading=\"lazy\" src=\"\/\/www.youtube.com\/embed\/tqbwikqodvw?t=14s\" width=\"560\" height=\"314\" allowfullscreen=\"allowfullscreen\"><\/iframe><\/p>\n","protected":false},"excerpt":{"rendered":"<p style=\"text-align: justify;\"><span class=\"tlid-translation translation\" lang=\"en\"><span class=\"HwtZe\" lang=\"en\"><span class=\"jCAhz ChMk0b\"><span class=\"ryNqvb\">Extraordinary facsimile edition made in 2007 by the publishing house Silo\u00e9 of the 1805 copy of \u201cBook of Mushrooms\u201d, by Robert Wilson.<\/span><\/span> <\/span><\/span><\/p>\n","protected":false},"featured_media":97489,"template":"","meta":[],"product_brand":[],"product_cat":[2232,2250],"product_tag":[5119],"class_list":{"0":"post-59181","1":"product","2":"type-product","3":"status-publish","4":"has-post-thumbnail","6":"product_cat-medicine","7":"product_cat-other-facsimiles","8":"product_tag-siloe-en","9":"description-off","11":"first","12":"instock","13":"sale","14":"taxable","15":"shipping-taxable","16":"purchasable","17":"product-type-simple"},"yoast_head":"<!-- This site is optimized with the Yoast SEO plugin v27.3 - https:\/\/yoast.com\/product\/yoast-seo-wordpress\/ -->\n<title>Book of Mushrooms. Robert Wilson, 1805<\/title>\n<meta name=\"description\" content=\"Extraordinary facsimile edition made in 2007 by the publishing house Silo\u00e9 of the 1805 copy of \u201cBook of Mushrooms\u201d, by Robert Wilson.\" \/>\n<meta name=\"robots\" content=\"index, follow, max-snippet:-1, max-image-preview:large, max-video-preview:-1\" \/>\n<link rel=\"canonical\" href=\"https:\/\/www.comprarmejor.es\/en\/product\/book-of-mushrooms-robert-wilson-1805\/\" \/>\n<meta property=\"og:locale\" content=\"en_US\" \/>\n<meta property=\"og:type\" content=\"article\" \/>\n<meta property=\"og:title\" content=\"Book of Mushrooms. Robert Wilson, 1805\" \/>\n<meta property=\"og:description\" content=\"Extraordinary facsimile edition made in 2007 by the publishing house Silo\u00e9 of the 1805 copy of \u201cBook of Mushrooms\u201d, by Robert Wilson.\" \/>\n<meta property=\"og:url\" content=\"https:\/\/www.comprarmejor.es\/en\/product\/book-of-mushrooms-robert-wilson-1805\/\" \/>\n<meta property=\"og:site_name\" content=\"ComprarMejor\" \/>\n<meta property=\"article:modified_time\" content=\"2024-08-21T10:01:48+00:00\" \/>\n<meta property=\"og:image\" content=\"https:\/\/www.comprarmejor.es\/wp-content\/uploads\/2020\/04\/LSetas-1.jpg\" \/>\n\t<meta property=\"og:image:width\" content=\"599\" \/>\n\t<meta property=\"og:image:height\" content=\"526\" \/>\n\t<meta property=\"og:image:type\" content=\"image\/jpeg\" \/>\n<meta name=\"twitter:card\" content=\"summary_large_image\" \/>\n<meta name=\"twitter:label1\" content=\"Est. reading time\" \/>\n\t<meta name=\"twitter:data1\" content=\"1 minute\" \/>\n<script type=\"application\/ld+json\" class=\"yoast-schema-graph\">{\"@context\":\"https:\\\/\\\/schema.org\",\"@graph\":[{\"@type\":\"WebPage\",\"@id\":\"https:\\\/\\\/www.comprarmejor.es\\\/en\\\/product\\\/book-of-mushrooms-robert-wilson-1805\\\/\",\"url\":\"https:\\\/\\\/www.comprarmejor.es\\\/en\\\/product\\\/book-of-mushrooms-robert-wilson-1805\\\/\",\"name\":\"Book of Mushrooms. Robert Wilson, 1805\",\"isPartOf\":{\"@id\":\"https:\\\/\\\/www.comprarmejor.es\\\/en\\\/#website\"},\"primaryImageOfPage\":{\"@id\":\"https:\\\/\\\/www.comprarmejor.es\\\/en\\\/product\\\/book-of-mushrooms-robert-wilson-1805\\\/#primaryimage\"},\"image\":{\"@id\":\"https:\\\/\\\/www.comprarmejor.es\\\/en\\\/product\\\/book-of-mushrooms-robert-wilson-1805\\\/#primaryimage\"},\"thumbnailUrl\":\"https:\\\/\\\/www.comprarmejor.es\\\/wp-content\\\/uploads\\\/2020\\\/04\\\/LSetas-1.jpg\",\"datePublished\":\"2020-04-03T16:22:00+00:00\",\"dateModified\":\"2024-08-21T10:01:48+00:00\",\"description\":\"Extraordinary facsimile edition made in 2007 by the publishing house Silo\u00e9 of the 1805 copy of \u201cBook of Mushrooms\u201d, by Robert Wilson.\",\"breadcrumb\":{\"@id\":\"https:\\\/\\\/www.comprarmejor.es\\\/en\\\/product\\\/book-of-mushrooms-robert-wilson-1805\\\/#breadcrumb\"},\"inLanguage\":\"en-US\",\"potentialAction\":[{\"@type\":\"ReadAction\",\"target\":[\"https:\\\/\\\/www.comprarmejor.es\\\/en\\\/product\\\/book-of-mushrooms-robert-wilson-1805\\\/\"]}]},{\"@type\":\"ImageObject\",\"inLanguage\":\"en-US\",\"@id\":\"https:\\\/\\\/www.comprarmejor.es\\\/en\\\/product\\\/book-of-mushrooms-robert-wilson-1805\\\/#primaryimage\",\"url\":\"https:\\\/\\\/www.comprarmejor.es\\\/wp-content\\\/uploads\\\/2020\\\/04\\\/LSetas-1.jpg\",\"contentUrl\":\"https:\\\/\\\/www.comprarmejor.es\\\/wp-content\\\/uploads\\\/2020\\\/04\\\/LSetas-1.jpg\",\"width\":599,\"height\":526},{\"@type\":\"BreadcrumbList\",\"@id\":\"https:\\\/\\\/www.comprarmejor.es\\\/en\\\/product\\\/book-of-mushrooms-robert-wilson-1805\\\/#breadcrumb\",\"itemListElement\":[{\"@type\":\"ListItem\",\"position\":1,\"name\":\"Portada\",\"item\":\"https:\\\/\\\/www.comprarmejor.es\\\/en\\\/\"},{\"@type\":\"ListItem\",\"position\":2,\"name\":\"Shop\",\"item\":\"https:\\\/\\\/www.comprarmejor.es\\\/en\\\/shop\\\/\"},{\"@type\":\"ListItem\",\"position\":3,\"name\":\"Book of Mushrooms. Robert Wilson, 1805\"}]},{\"@type\":\"WebSite\",\"@id\":\"https:\\\/\\\/www.comprarmejor.es\\\/en\\\/#website\",\"url\":\"https:\\\/\\\/www.comprarmejor.es\\\/en\\\/\",\"name\":\"ComprarMejor\",\"description\":\"ComprarMejor\",\"publisher\":{\"@id\":\"https:\\\/\\\/www.comprarmejor.es\\\/en\\\/#organization\"},\"potentialAction\":[{\"@type\":\"SearchAction\",\"target\":{\"@type\":\"EntryPoint\",\"urlTemplate\":\"https:\\\/\\\/www.comprarmejor.es\\\/en\\\/?s={search_term_string}\"},\"query-input\":{\"@type\":\"PropertyValueSpecification\",\"valueRequired\":true,\"valueName\":\"search_term_string\"}}],\"inLanguage\":\"en-US\"},{\"@type\":\"Organization\",\"@id\":\"https:\\\/\\\/www.comprarmejor.es\\\/en\\\/#organization\",\"name\":\"COMPRAR MEJOR\",\"url\":\"https:\\\/\\\/www.comprarmejor.es\\\/en\\\/\",\"logo\":{\"@type\":\"ImageObject\",\"inLanguage\":\"en-US\",\"@id\":\"https:\\\/\\\/www.comprarmejor.es\\\/en\\\/#\\\/schema\\\/logo\\\/image\\\/\",\"url\":\"https:\\\/\\\/www.comprarmejor.es\\\/wp-content\\\/uploads\\\/2025\\\/09\\\/comprarmejortrinidad.jpg\",\"contentUrl\":\"https:\\\/\\\/www.comprarmejor.es\\\/wp-content\\\/uploads\\\/2025\\\/09\\\/comprarmejortrinidad.jpg\",\"width\":1022,\"height\":1380,\"caption\":\"COMPRAR MEJOR\"},\"image\":{\"@id\":\"https:\\\/\\\/www.comprarmejor.es\\\/en\\\/#\\\/schema\\\/logo\\\/image\\\/\"},\"sameAs\":[\"https:\\\/\\\/www.instagram.com\\\/amigosdelcodice\"]}]}<\/script>\n<!-- \/ Yoast SEO plugin. -->","yoast_head_json":{"title":"Book of Mushrooms. Robert Wilson, 1805","description":"Extraordinary facsimile edition made in 2007 by the publishing house Silo\u00e9 of the 1805 copy of \u201cBook of Mushrooms\u201d, by Robert Wilson.","robots":{"index":"index","follow":"follow","max-snippet":"max-snippet:-1","max-image-preview":"max-image-preview:large","max-video-preview":"max-video-preview:-1"},"canonical":"https:\/\/www.comprarmejor.es\/en\/product\/book-of-mushrooms-robert-wilson-1805\/","og_locale":"en_US","og_type":"article","og_title":"Book of Mushrooms. Robert Wilson, 1805","og_description":"Extraordinary facsimile edition made in 2007 by the publishing house Silo\u00e9 of the 1805 copy of \u201cBook of Mushrooms\u201d, by Robert Wilson.","og_url":"https:\/\/www.comprarmejor.es\/en\/product\/book-of-mushrooms-robert-wilson-1805\/","og_site_name":"ComprarMejor","article_modified_time":"2024-08-21T10:01:48+00:00","og_image":[{"width":599,"height":526,"url":"https:\/\/www.comprarmejor.es\/wp-content\/uploads\/2020\/04\/LSetas-1.jpg","type":"image\/jpeg"}],"twitter_card":"summary_large_image","twitter_misc":{"Est. reading time":"1 minute"},"schema":{"@context":"https:\/\/schema.org","@graph":[{"@type":"WebPage","@id":"https:\/\/www.comprarmejor.es\/en\/product\/book-of-mushrooms-robert-wilson-1805\/","url":"https:\/\/www.comprarmejor.es\/en\/product\/book-of-mushrooms-robert-wilson-1805\/","name":"Book of Mushrooms. Robert Wilson, 1805","isPartOf":{"@id":"https:\/\/www.comprarmejor.es\/en\/#website"},"primaryImageOfPage":{"@id":"https:\/\/www.comprarmejor.es\/en\/product\/book-of-mushrooms-robert-wilson-1805\/#primaryimage"},"image":{"@id":"https:\/\/www.comprarmejor.es\/en\/product\/book-of-mushrooms-robert-wilson-1805\/#primaryimage"},"thumbnailUrl":"https:\/\/www.comprarmejor.es\/wp-content\/uploads\/2020\/04\/LSetas-1.jpg","datePublished":"2020-04-03T16:22:00+00:00","dateModified":"2024-08-21T10:01:48+00:00","description":"Extraordinary facsimile edition made in 2007 by the publishing house Silo\u00e9 of the 1805 copy of \u201cBook of Mushrooms\u201d, by Robert Wilson.","breadcrumb":{"@id":"https:\/\/www.comprarmejor.es\/en\/product\/book-of-mushrooms-robert-wilson-1805\/#breadcrumb"},"inLanguage":"en-US","potentialAction":[{"@type":"ReadAction","target":["https:\/\/www.comprarmejor.es\/en\/product\/book-of-mushrooms-robert-wilson-1805\/"]}]},{"@type":"ImageObject","inLanguage":"en-US","@id":"https:\/\/www.comprarmejor.es\/en\/product\/book-of-mushrooms-robert-wilson-1805\/#primaryimage","url":"https:\/\/www.comprarmejor.es\/wp-content\/uploads\/2020\/04\/LSetas-1.jpg","contentUrl":"https:\/\/www.comprarmejor.es\/wp-content\/uploads\/2020\/04\/LSetas-1.jpg","width":599,"height":526},{"@type":"BreadcrumbList","@id":"https:\/\/www.comprarmejor.es\/en\/product\/book-of-mushrooms-robert-wilson-1805\/#breadcrumb","itemListElement":[{"@type":"ListItem","position":1,"name":"Portada","item":"https:\/\/www.comprarmejor.es\/en\/"},{"@type":"ListItem","position":2,"name":"Shop","item":"https:\/\/www.comprarmejor.es\/en\/shop\/"},{"@type":"ListItem","position":3,"name":"Book of Mushrooms. Robert Wilson, 1805"}]},{"@type":"WebSite","@id":"https:\/\/www.comprarmejor.es\/en\/#website","url":"https:\/\/www.comprarmejor.es\/en\/","name":"ComprarMejor","description":"ComprarMejor","publisher":{"@id":"https:\/\/www.comprarmejor.es\/en\/#organization"},"potentialAction":[{"@type":"SearchAction","target":{"@type":"EntryPoint","urlTemplate":"https:\/\/www.comprarmejor.es\/en\/?s={search_term_string}"},"query-input":{"@type":"PropertyValueSpecification","valueRequired":true,"valueName":"search_term_string"}}],"inLanguage":"en-US"},{"@type":"Organization","@id":"https:\/\/www.comprarmejor.es\/en\/#organization","name":"COMPRAR MEJOR","url":"https:\/\/www.comprarmejor.es\/en\/","logo":{"@type":"ImageObject","inLanguage":"en-US","@id":"https:\/\/www.comprarmejor.es\/en\/#\/schema\/logo\/image\/","url":"https:\/\/www.comprarmejor.es\/wp-content\/uploads\/2025\/09\/comprarmejortrinidad.jpg","contentUrl":"https:\/\/www.comprarmejor.es\/wp-content\/uploads\/2025\/09\/comprarmejortrinidad.jpg","width":1022,"height":1380,"caption":"COMPRAR MEJOR"},"image":{"@id":"https:\/\/www.comprarmejor.es\/en\/#\/schema\/logo\/image\/"},"sameAs":["https:\/\/www.instagram.com\/amigosdelcodice"]}]}},"_links":{"self":[{"href":"https:\/\/www.comprarmejor.es\/en\/wp-json\/wp\/v2\/product\/59181","targetHints":{"allow":["GET"]}}],"collection":[{"href":"https:\/\/www.comprarmejor.es\/en\/wp-json\/wp\/v2\/product"}],"about":[{"href":"https:\/\/www.comprarmejor.es\/en\/wp-json\/wp\/v2\/types\/product"}],"wp:featuredmedia":[{"embeddable":true,"href":"https:\/\/www.comprarmejor.es\/en\/wp-json\/wp\/v2\/media\/97489"}],"wp:attachment":[{"href":"https:\/\/www.comprarmejor.es\/en\/wp-json\/wp\/v2\/media?parent=59181"}],"wp:term":[{"taxonomy":"product_brand","embeddable":true,"href":"https:\/\/www.comprarmejor.es\/en\/wp-json\/wp\/v2\/product_brand?post=59181"},{"taxonomy":"product_cat","embeddable":true,"href":"https:\/\/www.comprarmejor.es\/en\/wp-json\/wp\/v2\/product_cat?post=59181"},{"taxonomy":"product_tag","embeddable":true,"href":"https:\/\/www.comprarmejor.es\/en\/wp-json\/wp\/v2\/product_tag?post=59181"}],"curies":[{"name":"wp","href":"https:\/\/api.w.org\/{rel}","templated":true}]}}