{"id":59207,"date":"2020-04-03T18:52:45","date_gmt":"2020-04-03T16:52:45","guid":{"rendered":"https:\/\/www.comprarmejor.es\/?post_type=product&#038;p=59207"},"modified":"2026-03-10T11:22:04","modified_gmt":"2026-03-10T10:22:04","slug":"the-voynich-manuscript-studies-and-facsimile-economy-edition","status":"publish","type":"product","link":"https:\/\/www.comprarmejor.es\/en\/product\/the-voynich-manuscript-studies-and-facsimile-economy-edition\/","title":{"rendered":"The Voynich Manuscript: Studies and Facsimile, Economy Edition"},"content":{"rendered":"<p style=\"text-align: justify;\">This extraordinary 2025 edition from Silo\u00e9 Publishers explores the enigmatic Voynich Manuscript, the world&#8217;s most mysterious book, whose original is housed in the Beinecke Library at Yale University in Connecticut (USA).<\/p>\n<p style=\"text-align: justify;\">Authors: Raymond Clemens, Paula Zyats, Ren\u00e9 Zandbergen, Alain Touwaide, Dr. Lisa Fagin Davis, and Stephen Bax.<\/p>\n<p style=\"text-align: justify;\">This edition comprises two books: one containing the latest studies on the manuscript, bound in a special 24 x 30 cm hardcover format, with 240 illustrated pages. And another with the complete facsimile in an art book format, printed in high definition, with the pages unfolded to match those of the original, bound in hardcover, 18 x 25 cm.<\/p>\n<p style=\"text-align: justify;\">Both books are presented in a slipcase measuring 24.7 x 31.5 x 7 cm.<\/p>\n<p style=\"text-align: justify;\">The publisher has produced two versions of this edition: one in Spanish (available and the one we offer in this article) and another in English, which will be available soon.<\/p>\n<p style=\"text-align: justify;\">This edition is the one the publisher includes with the faithful and complete facsimile produced in 2017, the only official facsimile edition of the manuscript, authorized by Yale University, as a study book for that edition, which can also be <a href=\"https:\/\/www.comprarmejor.es\/en\/product\/voynich-manuscript-s-xv\/\" target=\"_blank\" rel=\"noopener\"><strong>found here<\/strong><\/a> in our catalog. This article does not include the deluxe facsimile; it consists exclusively of the two books mentioned from the economy edition, as shown in the photos.<\/p>\n<p style=\"text-align: justify;\">Item in perfect condition, brand new.<\/p>\n<p style=\"text-align: justify;\">Shipping costs vary depending on the order and destination. <span title=\"Cons\u00faltenos cualquier duda, as\u00ed como por cualquier otro facs\u00edmile que est\u00e9 buscando.\"><a class=\"btn btn-default\" href=\"https:\/\/www.comprarmejor.es\/en\/contact\/\">Ask us<\/a> with any questions, quoting the item reference.<br \/>\n<\/span><\/p>\n","protected":false},"excerpt":{"rendered":"<p style=\"text-align: justify;\"><span class=\"tlid-translation translation\" lang=\"en\"><span class=\"HwtZe\" lang=\"en\"><span class=\"jCAhz ChMk0b\"><span class=\"ryNqvb\">This extraordinary 2025 edition from Silo\u00e9 Publishers explores the enigmatic Voynich Manuscript, the world&#8217;s most mysterious book, whose original is housed in the Beinecke Library at Yale University in Connecticut (USA)<\/span><\/span><\/span><\/span><\/p>\n","protected":false},"featured_media":106626,"template":"","meta":[],"product_brand":[],"product_cat":[2256,2246],"product_tag":[5119,4076,4077],"class_list":{"0":"post-59207","1":"product","2":"type-product","3":"status-publish","4":"has-post-thumbnail","6":"product_cat-books-in-general","7":"product_cat-study-books","8":"product_tag-siloe-en","9":"product_tag-voynich-en","10":"product_tag-yale-en","11":"product_shipping_class-from-6-to-10-kg","12":"description-off","14":"first","15":"instock","16":"sale","17":"taxable","18":"shipping-taxable","19":"purchasable","20":"product-type-simple"},"yoast_head":"<!-- This site is optimized with the Yoast SEO plugin v27.3 - https:\/\/yoast.com\/product\/yoast-seo-wordpress\/ -->\n<title>The Voynich Manuscript: Studies and Facsimile, Economy Edition<\/title>\n<meta name=\"description\" content=\"This extraordinary 2025 edition from Silo\u00e9 Publishers explores the enigmatic Voynich Manuscript, the world&#039;s most mysterious book, whose original is...\" \/>\n<meta name=\"robots\" content=\"index, follow, max-snippet:-1, max-image-preview:large, max-video-preview:-1\" \/>\n<link rel=\"canonical\" href=\"https:\/\/www.comprarmejor.es\/en\/product\/the-voynich-manuscript-studies-and-facsimile-economy-edition\/\" \/>\n<meta property=\"og:locale\" content=\"en_US\" \/>\n<meta property=\"og:type\" content=\"article\" \/>\n<meta property=\"og:title\" content=\"The Voynich Manuscript: Studies and Facsimile, Economy Edition\" \/>\n<meta property=\"og:description\" content=\"This extraordinary 2025 edition from Silo\u00e9 Publishers explores the enigmatic Voynich Manuscript, the world&#039;s most mysterious book, whose original is...\" \/>\n<meta property=\"og:url\" content=\"https:\/\/www.comprarmejor.es\/en\/product\/the-voynich-manuscript-studies-and-facsimile-economy-edition\/\" \/>\n<meta property=\"og:site_name\" content=\"ComprarMejor\" \/>\n<meta property=\"article:modified_time\" content=\"2026-03-10T10:22:04+00:00\" \/>\n<meta property=\"og:image\" content=\"https:\/\/www.comprarmejor.es\/wp-content\/uploads\/2020\/04\/LEdMV-5.jpg\" \/>\n\t<meta property=\"og:image:width\" content=\"750\" \/>\n\t<meta property=\"og:image:height\" content=\"563\" \/>\n\t<meta property=\"og:image:type\" content=\"image\/jpeg\" \/>\n<meta name=\"twitter:card\" content=\"summary_large_image\" \/>\n<meta name=\"twitter:label1\" content=\"Est. reading time\" \/>\n\t<meta name=\"twitter:data1\" content=\"2 minutes\" \/>\n<script type=\"application\/ld+json\" class=\"yoast-schema-graph\">{\"@context\":\"https:\\\/\\\/schema.org\",\"@graph\":[{\"@type\":\"WebPage\",\"@id\":\"https:\\\/\\\/www.comprarmejor.es\\\/en\\\/product\\\/the-voynich-manuscript-studies-and-facsimile-economy-edition\\\/\",\"url\":\"https:\\\/\\\/www.comprarmejor.es\\\/en\\\/product\\\/the-voynich-manuscript-studies-and-facsimile-economy-edition\\\/\",\"name\":\"The Voynich Manuscript: Studies and Facsimile, Economy Edition\",\"isPartOf\":{\"@id\":\"https:\\\/\\\/www.comprarmejor.es\\\/en\\\/#website\"},\"primaryImageOfPage\":{\"@id\":\"https:\\\/\\\/www.comprarmejor.es\\\/en\\\/product\\\/the-voynich-manuscript-studies-and-facsimile-economy-edition\\\/#primaryimage\"},\"image\":{\"@id\":\"https:\\\/\\\/www.comprarmejor.es\\\/en\\\/product\\\/the-voynich-manuscript-studies-and-facsimile-economy-edition\\\/#primaryimage\"},\"thumbnailUrl\":\"https:\\\/\\\/www.comprarmejor.es\\\/wp-content\\\/uploads\\\/2020\\\/04\\\/LEdMV-5.jpg\",\"datePublished\":\"2020-04-03T16:52:45+00:00\",\"dateModified\":\"2026-03-10T10:22:04+00:00\",\"description\":\"This extraordinary 2025 edition from Silo\u00e9 Publishers explores the enigmatic Voynich Manuscript, the world's most mysterious book, whose original is...\",\"breadcrumb\":{\"@id\":\"https:\\\/\\\/www.comprarmejor.es\\\/en\\\/product\\\/the-voynich-manuscript-studies-and-facsimile-economy-edition\\\/#breadcrumb\"},\"inLanguage\":\"en-US\",\"potentialAction\":[{\"@type\":\"ReadAction\",\"target\":[\"https:\\\/\\\/www.comprarmejor.es\\\/en\\\/product\\\/the-voynich-manuscript-studies-and-facsimile-economy-edition\\\/\"]}]},{\"@type\":\"ImageObject\",\"inLanguage\":\"en-US\",\"@id\":\"https:\\\/\\\/www.comprarmejor.es\\\/en\\\/product\\\/the-voynich-manuscript-studies-and-facsimile-economy-edition\\\/#primaryimage\",\"url\":\"https:\\\/\\\/www.comprarmejor.es\\\/wp-content\\\/uploads\\\/2020\\\/04\\\/LEdMV-5.jpg\",\"contentUrl\":\"https:\\\/\\\/www.comprarmejor.es\\\/wp-content\\\/uploads\\\/2020\\\/04\\\/LEdMV-5.jpg\",\"width\":750,\"height\":563},{\"@type\":\"BreadcrumbList\",\"@id\":\"https:\\\/\\\/www.comprarmejor.es\\\/en\\\/product\\\/the-voynich-manuscript-studies-and-facsimile-economy-edition\\\/#breadcrumb\",\"itemListElement\":[{\"@type\":\"ListItem\",\"position\":1,\"name\":\"Portada\",\"item\":\"https:\\\/\\\/www.comprarmejor.es\\\/en\\\/\"},{\"@type\":\"ListItem\",\"position\":2,\"name\":\"Shop\",\"item\":\"https:\\\/\\\/www.comprarmejor.es\\\/en\\\/shop\\\/\"},{\"@type\":\"ListItem\",\"position\":3,\"name\":\"The Voynich Manuscript: Studies and Facsimile, Economy Edition\"}]},{\"@type\":\"WebSite\",\"@id\":\"https:\\\/\\\/www.comprarmejor.es\\\/en\\\/#website\",\"url\":\"https:\\\/\\\/www.comprarmejor.es\\\/en\\\/\",\"name\":\"ComprarMejor\",\"description\":\"ComprarMejor\",\"publisher\":{\"@id\":\"https:\\\/\\\/www.comprarmejor.es\\\/en\\\/#organization\"},\"potentialAction\":[{\"@type\":\"SearchAction\",\"target\":{\"@type\":\"EntryPoint\",\"urlTemplate\":\"https:\\\/\\\/www.comprarmejor.es\\\/en\\\/?s={search_term_string}\"},\"query-input\":{\"@type\":\"PropertyValueSpecification\",\"valueRequired\":true,\"valueName\":\"search_term_string\"}}],\"inLanguage\":\"en-US\"},{\"@type\":\"Organization\",\"@id\":\"https:\\\/\\\/www.comprarmejor.es\\\/en\\\/#organization\",\"name\":\"COMPRAR MEJOR\",\"url\":\"https:\\\/\\\/www.comprarmejor.es\\\/en\\\/\",\"logo\":{\"@type\":\"ImageObject\",\"inLanguage\":\"en-US\",\"@id\":\"https:\\\/\\\/www.comprarmejor.es\\\/en\\\/#\\\/schema\\\/logo\\\/image\\\/\",\"url\":\"https:\\\/\\\/www.comprarmejor.es\\\/wp-content\\\/uploads\\\/2025\\\/09\\\/comprarmejortrinidad.jpg\",\"contentUrl\":\"https:\\\/\\\/www.comprarmejor.es\\\/wp-content\\\/uploads\\\/2025\\\/09\\\/comprarmejortrinidad.jpg\",\"width\":1022,\"height\":1380,\"caption\":\"COMPRAR MEJOR\"},\"image\":{\"@id\":\"https:\\\/\\\/www.comprarmejor.es\\\/en\\\/#\\\/schema\\\/logo\\\/image\\\/\"},\"sameAs\":[\"https:\\\/\\\/www.instagram.com\\\/amigosdelcodice\"]}]}<\/script>\n<!-- \/ Yoast SEO plugin. -->","yoast_head_json":{"title":"The Voynich Manuscript: Studies and Facsimile, Economy Edition","description":"This extraordinary 2025 edition from Silo\u00e9 Publishers explores the enigmatic Voynich Manuscript, the world's most mysterious book, whose original is...","robots":{"index":"index","follow":"follow","max-snippet":"max-snippet:-1","max-image-preview":"max-image-preview:large","max-video-preview":"max-video-preview:-1"},"canonical":"https:\/\/www.comprarmejor.es\/en\/product\/the-voynich-manuscript-studies-and-facsimile-economy-edition\/","og_locale":"en_US","og_type":"article","og_title":"The Voynich Manuscript: Studies and Facsimile, Economy Edition","og_description":"This extraordinary 2025 edition from Silo\u00e9 Publishers explores the enigmatic Voynich Manuscript, the world's most mysterious book, whose original is...","og_url":"https:\/\/www.comprarmejor.es\/en\/product\/the-voynich-manuscript-studies-and-facsimile-economy-edition\/","og_site_name":"ComprarMejor","article_modified_time":"2026-03-10T10:22:04+00:00","og_image":[{"width":750,"height":563,"url":"https:\/\/www.comprarmejor.es\/wp-content\/uploads\/2020\/04\/LEdMV-5.jpg","type":"image\/jpeg"}],"twitter_card":"summary_large_image","twitter_misc":{"Est. reading time":"2 minutes"},"schema":{"@context":"https:\/\/schema.org","@graph":[{"@type":"WebPage","@id":"https:\/\/www.comprarmejor.es\/en\/product\/the-voynich-manuscript-studies-and-facsimile-economy-edition\/","url":"https:\/\/www.comprarmejor.es\/en\/product\/the-voynich-manuscript-studies-and-facsimile-economy-edition\/","name":"The Voynich Manuscript: Studies and Facsimile, Economy Edition","isPartOf":{"@id":"https:\/\/www.comprarmejor.es\/en\/#website"},"primaryImageOfPage":{"@id":"https:\/\/www.comprarmejor.es\/en\/product\/the-voynich-manuscript-studies-and-facsimile-economy-edition\/#primaryimage"},"image":{"@id":"https:\/\/www.comprarmejor.es\/en\/product\/the-voynich-manuscript-studies-and-facsimile-economy-edition\/#primaryimage"},"thumbnailUrl":"https:\/\/www.comprarmejor.es\/wp-content\/uploads\/2020\/04\/LEdMV-5.jpg","datePublished":"2020-04-03T16:52:45+00:00","dateModified":"2026-03-10T10:22:04+00:00","description":"This extraordinary 2025 edition from Silo\u00e9 Publishers explores the enigmatic Voynich Manuscript, the world's most mysterious book, whose original is...","breadcrumb":{"@id":"https:\/\/www.comprarmejor.es\/en\/product\/the-voynich-manuscript-studies-and-facsimile-economy-edition\/#breadcrumb"},"inLanguage":"en-US","potentialAction":[{"@type":"ReadAction","target":["https:\/\/www.comprarmejor.es\/en\/product\/the-voynich-manuscript-studies-and-facsimile-economy-edition\/"]}]},{"@type":"ImageObject","inLanguage":"en-US","@id":"https:\/\/www.comprarmejor.es\/en\/product\/the-voynich-manuscript-studies-and-facsimile-economy-edition\/#primaryimage","url":"https:\/\/www.comprarmejor.es\/wp-content\/uploads\/2020\/04\/LEdMV-5.jpg","contentUrl":"https:\/\/www.comprarmejor.es\/wp-content\/uploads\/2020\/04\/LEdMV-5.jpg","width":750,"height":563},{"@type":"BreadcrumbList","@id":"https:\/\/www.comprarmejor.es\/en\/product\/the-voynich-manuscript-studies-and-facsimile-economy-edition\/#breadcrumb","itemListElement":[{"@type":"ListItem","position":1,"name":"Portada","item":"https:\/\/www.comprarmejor.es\/en\/"},{"@type":"ListItem","position":2,"name":"Shop","item":"https:\/\/www.comprarmejor.es\/en\/shop\/"},{"@type":"ListItem","position":3,"name":"The Voynich Manuscript: Studies and Facsimile, Economy Edition"}]},{"@type":"WebSite","@id":"https:\/\/www.comprarmejor.es\/en\/#website","url":"https:\/\/www.comprarmejor.es\/en\/","name":"ComprarMejor","description":"ComprarMejor","publisher":{"@id":"https:\/\/www.comprarmejor.es\/en\/#organization"},"potentialAction":[{"@type":"SearchAction","target":{"@type":"EntryPoint","urlTemplate":"https:\/\/www.comprarmejor.es\/en\/?s={search_term_string}"},"query-input":{"@type":"PropertyValueSpecification","valueRequired":true,"valueName":"search_term_string"}}],"inLanguage":"en-US"},{"@type":"Organization","@id":"https:\/\/www.comprarmejor.es\/en\/#organization","name":"COMPRAR MEJOR","url":"https:\/\/www.comprarmejor.es\/en\/","logo":{"@type":"ImageObject","inLanguage":"en-US","@id":"https:\/\/www.comprarmejor.es\/en\/#\/schema\/logo\/image\/","url":"https:\/\/www.comprarmejor.es\/wp-content\/uploads\/2025\/09\/comprarmejortrinidad.jpg","contentUrl":"https:\/\/www.comprarmejor.es\/wp-content\/uploads\/2025\/09\/comprarmejortrinidad.jpg","width":1022,"height":1380,"caption":"COMPRAR MEJOR"},"image":{"@id":"https:\/\/www.comprarmejor.es\/en\/#\/schema\/logo\/image\/"},"sameAs":["https:\/\/www.instagram.com\/amigosdelcodice"]}]}},"_links":{"self":[{"href":"https:\/\/www.comprarmejor.es\/en\/wp-json\/wp\/v2\/product\/59207","targetHints":{"allow":["GET"]}}],"collection":[{"href":"https:\/\/www.comprarmejor.es\/en\/wp-json\/wp\/v2\/product"}],"about":[{"href":"https:\/\/www.comprarmejor.es\/en\/wp-json\/wp\/v2\/types\/product"}],"wp:featuredmedia":[{"embeddable":true,"href":"https:\/\/www.comprarmejor.es\/en\/wp-json\/wp\/v2\/media\/106626"}],"wp:attachment":[{"href":"https:\/\/www.comprarmejor.es\/en\/wp-json\/wp\/v2\/media?parent=59207"}],"wp:term":[{"taxonomy":"product_brand","embeddable":true,"href":"https:\/\/www.comprarmejor.es\/en\/wp-json\/wp\/v2\/product_brand?post=59207"},{"taxonomy":"product_cat","embeddable":true,"href":"https:\/\/www.comprarmejor.es\/en\/wp-json\/wp\/v2\/product_cat?post=59207"},{"taxonomy":"product_tag","embeddable":true,"href":"https:\/\/www.comprarmejor.es\/en\/wp-json\/wp\/v2\/product_tag?post=59207"}],"curies":[{"name":"wp","href":"https:\/\/api.w.org\/{rel}","templated":true}]}}