{"id":59231,"date":"2020-04-03T22:20:10","date_gmt":"2020-04-03T20:20:11","guid":{"rendered":"https:\/\/www.comprarmejor.es\/?post_type=product&#038;p=59231"},"modified":"2021-11-16T10:36:54","modified_gmt":"2021-11-16T09:36:54","slug":"the-waterfall-in-the-staircase-palacio-generalife-granada-f-r-yanez","status":"publish","type":"product","link":"https:\/\/www.comprarmejor.es\/en\/product\/the-waterfall-in-the-staircase-palacio-generalife-granada-f-r-yanez\/","title":{"rendered":"The waterfall in the staircase, Palacio Generalife, Granada, F. R. Yanez"},"content":{"rendered":"<p style=\"text-align: justify;\">Framed watercolor by the Granada-born painter Fernando Rodr\u00edguez Y\u00e1\u00f1ez, of the waterfall on the handrest of the staircase of the Generalife Palace, in the historical-monumental complex of La Alhambra in Granada.<\/p>\n<p style=\"text-align: justify;\">Dedicated by the artist to his friend &#8220;Antonio Javier&#8221;, so it would be an unbeatable gift for anyone with that name.<\/p>\n<p style=\"text-align: justify;\">Measures with frame included 19.2 x 38 cm, with glass.<\/p>\n<p style=\"text-align: justify;\">The work is from 1988 and shows signs of the passage of time but is in very good condition.<\/p>\n<p style=\"text-align: justify;\"><span class=\"VIiyi\" lang=\"en\"><span class=\"JLqJ4b\" data-language-for-alternatives=\"en\" data-language-to-translate-into=\"es\" data-phrase-index=\"0\" data-number-of-phrases=\"1\">Shipping costs paid by the buyer, according to order and destination<\/span><\/span>. <span title=\"Cons\u00faltenos cualquier duda, as\u00ed como por cualquier otro facs\u00edmile que est\u00e9 buscando.\"><a class=\"btn btn-default\" href=\"https:\/\/www.comprarmejor.es\/en\/contact\">Ask us<\/a> <span class=\"VIiyi\" lang=\"en\"><span class=\"JLqJ4b\" data-language-for-alternatives=\"en\" data-language-to-translate-into=\"es\" data-phrase-index=\"0\" data-number-of-phrases=\"1\">without obligation (indicating the reference of the article) any questions.<\/span><\/span><br \/>\n<\/span><\/p>\n","protected":false},"excerpt":{"rendered":"<p style=\"text-align: justify;\"><span class=\"tlid-translation translation\" lang=\"en\"><span class=\"VIiyi\" lang=\"en\"><span class=\"JLqJ4b\" data-language-for-alternatives=\"en\" data-language-to-translate-into=\"es\" data-phrase-index=\"0\" data-number-of-phrases=\"1\">Framed watercolor by the Granada-born painter Fernando Rodr\u00edguez Y\u00e1\u00f1ez, of the waterfall on the handrest of the staircase of the Generalife Palace,<\/span><\/span><\/span><\/p>\n","protected":false},"featured_media":71554,"template":"","meta":[],"product_brand":[],"product_cat":[2264],"product_tag":[4163,4164],"class_list":{"0":"post-59231","1":"product","2":"type-product","3":"status-publish","4":"has-post-thumbnail","6":"product_cat-paintings","7":"product_tag-alhambra-en","8":"product_tag-granada-en-2","9":"product_shipping_class-from-2-to-5-kg","10":"description-off","12":"first","13":"instock","14":"taxable","15":"shipping-taxable","16":"purchasable","17":"product-type-simple"},"yoast_head":"<!-- This site is optimized with the Yoast SEO plugin v27.3 - https:\/\/yoast.com\/product\/yoast-seo-wordpress\/ -->\n<title>The waterfall in the staircase, Palacio Generalife, Granada, F. R. Yanez<\/title>\n<meta name=\"description\" content=\"Framed watercolor by the Granada-born painter F. R. Yanez, of the waterfall on the handrest of the staircase of the Generalife Palace,\" \/>\n<meta name=\"robots\" content=\"index, follow, max-snippet:-1, max-image-preview:large, max-video-preview:-1\" \/>\n<link rel=\"canonical\" href=\"https:\/\/www.comprarmejor.es\/en\/product\/the-waterfall-in-the-staircase-palacio-generalife-granada-f-r-yanez\/\" \/>\n<meta property=\"og:locale\" content=\"en_US\" \/>\n<meta property=\"og:type\" content=\"article\" \/>\n<meta property=\"og:title\" content=\"The waterfall in the staircase, Palacio Generalife, Granada, F. R. Yanez\" \/>\n<meta property=\"og:description\" content=\"Framed watercolor by the Granada-born painter F. R. Yanez, of the waterfall on the handrest of the staircase of the Generalife Palace,\" \/>\n<meta property=\"og:url\" content=\"https:\/\/www.comprarmejor.es\/en\/product\/the-waterfall-in-the-staircase-palacio-generalife-granada-f-r-yanez\/\" \/>\n<meta property=\"og:site_name\" content=\"ComprarMejor\" \/>\n<meta property=\"article:modified_time\" content=\"2021-11-16T09:36:54+00:00\" \/>\n<meta property=\"og:image\" content=\"https:\/\/www.comprarmejor.es\/wp-content\/uploads\/2020\/04\/DSC02296.jpg\" \/>\n\t<meta property=\"og:image:width\" content=\"461\" \/>\n\t<meta property=\"og:image:height\" content=\"600\" \/>\n\t<meta property=\"og:image:type\" content=\"image\/jpeg\" \/>\n<meta name=\"twitter:card\" content=\"summary_large_image\" \/>\n<meta name=\"twitter:label1\" content=\"Est. reading time\" \/>\n\t<meta name=\"twitter:data1\" content=\"1 minute\" \/>\n<script type=\"application\/ld+json\" class=\"yoast-schema-graph\">{\"@context\":\"https:\\\/\\\/schema.org\",\"@graph\":[{\"@type\":\"WebPage\",\"@id\":\"https:\\\/\\\/www.comprarmejor.es\\\/en\\\/product\\\/the-waterfall-in-the-staircase-palacio-generalife-granada-f-r-yanez\\\/\",\"url\":\"https:\\\/\\\/www.comprarmejor.es\\\/en\\\/product\\\/the-waterfall-in-the-staircase-palacio-generalife-granada-f-r-yanez\\\/\",\"name\":\"The waterfall in the staircase, Palacio Generalife, Granada, F. R. Yanez\",\"isPartOf\":{\"@id\":\"https:\\\/\\\/www.comprarmejor.es\\\/en\\\/#website\"},\"primaryImageOfPage\":{\"@id\":\"https:\\\/\\\/www.comprarmejor.es\\\/en\\\/product\\\/the-waterfall-in-the-staircase-palacio-generalife-granada-f-r-yanez\\\/#primaryimage\"},\"image\":{\"@id\":\"https:\\\/\\\/www.comprarmejor.es\\\/en\\\/product\\\/the-waterfall-in-the-staircase-palacio-generalife-granada-f-r-yanez\\\/#primaryimage\"},\"thumbnailUrl\":\"https:\\\/\\\/www.comprarmejor.es\\\/wp-content\\\/uploads\\\/2020\\\/04\\\/DSC02296.jpg\",\"datePublished\":\"2020-04-03T20:20:11+00:00\",\"dateModified\":\"2021-11-16T09:36:54+00:00\",\"description\":\"Framed watercolor by the Granada-born painter F. R. Yanez, of the waterfall on the handrest of the staircase of the Generalife Palace,\",\"breadcrumb\":{\"@id\":\"https:\\\/\\\/www.comprarmejor.es\\\/en\\\/product\\\/the-waterfall-in-the-staircase-palacio-generalife-granada-f-r-yanez\\\/#breadcrumb\"},\"inLanguage\":\"en-US\",\"potentialAction\":[{\"@type\":\"ReadAction\",\"target\":[\"https:\\\/\\\/www.comprarmejor.es\\\/en\\\/product\\\/the-waterfall-in-the-staircase-palacio-generalife-granada-f-r-yanez\\\/\"]}]},{\"@type\":\"ImageObject\",\"inLanguage\":\"en-US\",\"@id\":\"https:\\\/\\\/www.comprarmejor.es\\\/en\\\/product\\\/the-waterfall-in-the-staircase-palacio-generalife-granada-f-r-yanez\\\/#primaryimage\",\"url\":\"https:\\\/\\\/www.comprarmejor.es\\\/wp-content\\\/uploads\\\/2020\\\/04\\\/DSC02296.jpg\",\"contentUrl\":\"https:\\\/\\\/www.comprarmejor.es\\\/wp-content\\\/uploads\\\/2020\\\/04\\\/DSC02296.jpg\",\"width\":461,\"height\":600},{\"@type\":\"BreadcrumbList\",\"@id\":\"https:\\\/\\\/www.comprarmejor.es\\\/en\\\/product\\\/the-waterfall-in-the-staircase-palacio-generalife-granada-f-r-yanez\\\/#breadcrumb\",\"itemListElement\":[{\"@type\":\"ListItem\",\"position\":1,\"name\":\"Portada\",\"item\":\"https:\\\/\\\/www.comprarmejor.es\\\/en\\\/\"},{\"@type\":\"ListItem\",\"position\":2,\"name\":\"Shop\",\"item\":\"https:\\\/\\\/www.comprarmejor.es\\\/en\\\/shop\\\/\"},{\"@type\":\"ListItem\",\"position\":3,\"name\":\"The waterfall in the staircase, Palacio Generalife, Granada, F. R. Yanez\"}]},{\"@type\":\"WebSite\",\"@id\":\"https:\\\/\\\/www.comprarmejor.es\\\/en\\\/#website\",\"url\":\"https:\\\/\\\/www.comprarmejor.es\\\/en\\\/\",\"name\":\"ComprarMejor\",\"description\":\"ComprarMejor\",\"publisher\":{\"@id\":\"https:\\\/\\\/www.comprarmejor.es\\\/en\\\/#organization\"},\"potentialAction\":[{\"@type\":\"SearchAction\",\"target\":{\"@type\":\"EntryPoint\",\"urlTemplate\":\"https:\\\/\\\/www.comprarmejor.es\\\/en\\\/?s={search_term_string}\"},\"query-input\":{\"@type\":\"PropertyValueSpecification\",\"valueRequired\":true,\"valueName\":\"search_term_string\"}}],\"inLanguage\":\"en-US\"},{\"@type\":\"Organization\",\"@id\":\"https:\\\/\\\/www.comprarmejor.es\\\/en\\\/#organization\",\"name\":\"COMPRAR MEJOR\",\"url\":\"https:\\\/\\\/www.comprarmejor.es\\\/en\\\/\",\"logo\":{\"@type\":\"ImageObject\",\"inLanguage\":\"en-US\",\"@id\":\"https:\\\/\\\/www.comprarmejor.es\\\/en\\\/#\\\/schema\\\/logo\\\/image\\\/\",\"url\":\"https:\\\/\\\/www.comprarmejor.es\\\/wp-content\\\/uploads\\\/2025\\\/09\\\/comprarmejortrinidad.jpg\",\"contentUrl\":\"https:\\\/\\\/www.comprarmejor.es\\\/wp-content\\\/uploads\\\/2025\\\/09\\\/comprarmejortrinidad.jpg\",\"width\":1022,\"height\":1380,\"caption\":\"COMPRAR MEJOR\"},\"image\":{\"@id\":\"https:\\\/\\\/www.comprarmejor.es\\\/en\\\/#\\\/schema\\\/logo\\\/image\\\/\"},\"sameAs\":[\"https:\\\/\\\/www.instagram.com\\\/amigosdelcodice\"]}]}<\/script>\n<!-- \/ Yoast SEO plugin. -->","yoast_head_json":{"title":"The waterfall in the staircase, Palacio Generalife, Granada, F. R. Yanez","description":"Framed watercolor by the Granada-born painter F. R. Yanez, of the waterfall on the handrest of the staircase of the Generalife Palace,","robots":{"index":"index","follow":"follow","max-snippet":"max-snippet:-1","max-image-preview":"max-image-preview:large","max-video-preview":"max-video-preview:-1"},"canonical":"https:\/\/www.comprarmejor.es\/en\/product\/the-waterfall-in-the-staircase-palacio-generalife-granada-f-r-yanez\/","og_locale":"en_US","og_type":"article","og_title":"The waterfall in the staircase, Palacio Generalife, Granada, F. R. Yanez","og_description":"Framed watercolor by the Granada-born painter F. R. Yanez, of the waterfall on the handrest of the staircase of the Generalife Palace,","og_url":"https:\/\/www.comprarmejor.es\/en\/product\/the-waterfall-in-the-staircase-palacio-generalife-granada-f-r-yanez\/","og_site_name":"ComprarMejor","article_modified_time":"2021-11-16T09:36:54+00:00","og_image":[{"width":461,"height":600,"url":"https:\/\/www.comprarmejor.es\/wp-content\/uploads\/2020\/04\/DSC02296.jpg","type":"image\/jpeg"}],"twitter_card":"summary_large_image","twitter_misc":{"Est. reading time":"1 minute"},"schema":{"@context":"https:\/\/schema.org","@graph":[{"@type":"WebPage","@id":"https:\/\/www.comprarmejor.es\/en\/product\/the-waterfall-in-the-staircase-palacio-generalife-granada-f-r-yanez\/","url":"https:\/\/www.comprarmejor.es\/en\/product\/the-waterfall-in-the-staircase-palacio-generalife-granada-f-r-yanez\/","name":"The waterfall in the staircase, Palacio Generalife, Granada, F. R. Yanez","isPartOf":{"@id":"https:\/\/www.comprarmejor.es\/en\/#website"},"primaryImageOfPage":{"@id":"https:\/\/www.comprarmejor.es\/en\/product\/the-waterfall-in-the-staircase-palacio-generalife-granada-f-r-yanez\/#primaryimage"},"image":{"@id":"https:\/\/www.comprarmejor.es\/en\/product\/the-waterfall-in-the-staircase-palacio-generalife-granada-f-r-yanez\/#primaryimage"},"thumbnailUrl":"https:\/\/www.comprarmejor.es\/wp-content\/uploads\/2020\/04\/DSC02296.jpg","datePublished":"2020-04-03T20:20:11+00:00","dateModified":"2021-11-16T09:36:54+00:00","description":"Framed watercolor by the Granada-born painter F. R. Yanez, of the waterfall on the handrest of the staircase of the Generalife Palace,","breadcrumb":{"@id":"https:\/\/www.comprarmejor.es\/en\/product\/the-waterfall-in-the-staircase-palacio-generalife-granada-f-r-yanez\/#breadcrumb"},"inLanguage":"en-US","potentialAction":[{"@type":"ReadAction","target":["https:\/\/www.comprarmejor.es\/en\/product\/the-waterfall-in-the-staircase-palacio-generalife-granada-f-r-yanez\/"]}]},{"@type":"ImageObject","inLanguage":"en-US","@id":"https:\/\/www.comprarmejor.es\/en\/product\/the-waterfall-in-the-staircase-palacio-generalife-granada-f-r-yanez\/#primaryimage","url":"https:\/\/www.comprarmejor.es\/wp-content\/uploads\/2020\/04\/DSC02296.jpg","contentUrl":"https:\/\/www.comprarmejor.es\/wp-content\/uploads\/2020\/04\/DSC02296.jpg","width":461,"height":600},{"@type":"BreadcrumbList","@id":"https:\/\/www.comprarmejor.es\/en\/product\/the-waterfall-in-the-staircase-palacio-generalife-granada-f-r-yanez\/#breadcrumb","itemListElement":[{"@type":"ListItem","position":1,"name":"Portada","item":"https:\/\/www.comprarmejor.es\/en\/"},{"@type":"ListItem","position":2,"name":"Shop","item":"https:\/\/www.comprarmejor.es\/en\/shop\/"},{"@type":"ListItem","position":3,"name":"The waterfall in the staircase, Palacio Generalife, Granada, F. R. Yanez"}]},{"@type":"WebSite","@id":"https:\/\/www.comprarmejor.es\/en\/#website","url":"https:\/\/www.comprarmejor.es\/en\/","name":"ComprarMejor","description":"ComprarMejor","publisher":{"@id":"https:\/\/www.comprarmejor.es\/en\/#organization"},"potentialAction":[{"@type":"SearchAction","target":{"@type":"EntryPoint","urlTemplate":"https:\/\/www.comprarmejor.es\/en\/?s={search_term_string}"},"query-input":{"@type":"PropertyValueSpecification","valueRequired":true,"valueName":"search_term_string"}}],"inLanguage":"en-US"},{"@type":"Organization","@id":"https:\/\/www.comprarmejor.es\/en\/#organization","name":"COMPRAR MEJOR","url":"https:\/\/www.comprarmejor.es\/en\/","logo":{"@type":"ImageObject","inLanguage":"en-US","@id":"https:\/\/www.comprarmejor.es\/en\/#\/schema\/logo\/image\/","url":"https:\/\/www.comprarmejor.es\/wp-content\/uploads\/2025\/09\/comprarmejortrinidad.jpg","contentUrl":"https:\/\/www.comprarmejor.es\/wp-content\/uploads\/2025\/09\/comprarmejortrinidad.jpg","width":1022,"height":1380,"caption":"COMPRAR MEJOR"},"image":{"@id":"https:\/\/www.comprarmejor.es\/en\/#\/schema\/logo\/image\/"},"sameAs":["https:\/\/www.instagram.com\/amigosdelcodice"]}]}},"_links":{"self":[{"href":"https:\/\/www.comprarmejor.es\/en\/wp-json\/wp\/v2\/product\/59231","targetHints":{"allow":["GET"]}}],"collection":[{"href":"https:\/\/www.comprarmejor.es\/en\/wp-json\/wp\/v2\/product"}],"about":[{"href":"https:\/\/www.comprarmejor.es\/en\/wp-json\/wp\/v2\/types\/product"}],"wp:featuredmedia":[{"embeddable":true,"href":"https:\/\/www.comprarmejor.es\/en\/wp-json\/wp\/v2\/media\/71554"}],"wp:attachment":[{"href":"https:\/\/www.comprarmejor.es\/en\/wp-json\/wp\/v2\/media?parent=59231"}],"wp:term":[{"taxonomy":"product_brand","embeddable":true,"href":"https:\/\/www.comprarmejor.es\/en\/wp-json\/wp\/v2\/product_brand?post=59231"},{"taxonomy":"product_cat","embeddable":true,"href":"https:\/\/www.comprarmejor.es\/en\/wp-json\/wp\/v2\/product_cat?post=59231"},{"taxonomy":"product_tag","embeddable":true,"href":"https:\/\/www.comprarmejor.es\/en\/wp-json\/wp\/v2\/product_tag?post=59231"}],"curies":[{"name":"wp","href":"https:\/\/api.w.org\/{rel}","templated":true}]}}