{"id":59899,"date":"2020-04-24T11:42:59","date_gmt":"2020-04-24T09:42:59","guid":{"rendered":"https:\/\/www.comprarmejor.es\/?post_type=product&#038;p=59899"},"modified":"2024-02-15T17:43:26","modified_gmt":"2024-02-15T16:43:26","slug":"apocalypse-flamenco-s-xv-nlf-on-natural-parchment","status":"publish","type":"product","link":"https:\/\/www.comprarmejor.es\/en\/product\/apocalypse-flamenco-s-xv-nlf-on-natural-parchment\/","title":{"rendered":"Apocalypse Flamenco, s. XV (BNF) (on natural parchment) (5*+)"},"content":{"rendered":"<p style=\"text-align: justify;\"><span class=\"tlid-translation translation\" lang=\"en\"><span class=\"HwtZe\" lang=\"en\"><span class=\"jCAhz ChMk0b\"><span class=\"ryNqvb\">Original copy on natural parchment of<\/span><\/span><\/span> the Extraordinary and superb edition of the Scriptorium publishing house of the year 2020 of the manuscript of the National Library of France symbol: Ms. n\u00e9erlandais 3 (known as Flemish Apocalypse), dated between the years 1400 and 1410, in a production of only 166 original copies in natural parchment. A whole 5 plus stars in your Library!<\/span><\/p>\n<p style=\"text-align: justify;\">The natural parchment edition (not parchment paper, nor parchment paper, but 100% natural parchment of lamb in the traditional way, without chemical treatments), is extremely complex and unique, and makes each of its copies an original copy of the manuscript of the XV century, especially when to the copies of this edition an accelerated aging process of about 100 years has been added, in a laborious and artisanal process, resulting in a spectacular work as if it were a medieval manuscript. The use of parchment, a natural organic element, as well as manual processes in each copy, including the flat and raised golds, according to the illuminations and as found in the original codex, makes each copy unique for themselves. Exclusive facsimiles handcrafted on natural parchment, recovering the beauty and authenticity of ancient illuminated manuscripts. An excellence for the best libraries, collectors and bibliophiles, a joy for the senses that will last for centuries.<\/p>\n<p style=\"text-align: justify;\">Handcrafted and masterfully bound copy in red leather on board, dry-carved with rib spine in the medieval style. Format 26.5 x 35.5 cm. 54 pages (27 sheets of natural parchment), of which 23 are full-page illuminations.<br \/>\nPresented in a closed case in black editorial leather with gold spine, 29.3 x 38.3 x 6.3 cm format.<br \/>\nAccompanied by the corresponding study book bound in illustrated hardcover, format 25 x 33 cm. 200 pages that include the reproduction of all color illuminations. Texts in bilingual Spanish and English.<br \/>\nUnique edition on authentic natural lambskin vellum, numbered by notarial deed and limited to just 166 copies, making it the most exclusive edition of how many have been made to date in this type of edition.<\/p>\n<p style=\"text-align: justify;\">In the Flemish Apocalypse each chapter corresponds to a miniature, the illuminator condenses the events of each chapter into a single image, full of color, realism and luxury in detail and work. A codex that you will enjoy forever and that will never fail to extract incredible artistic details in its splendid lighting.<\/p>\n<p style=\"text-align: justify;\"><span class=\"HwtZe\" lang=\"en\"><span class=\"jCAhz ChMk0b\"><span class=\"ryNqvb\">Complete copy and in perfect condition, new, unused (it is not a second-hand copy), sixth work on natural parchment from the Scriptorium publishing house<\/span><\/span><\/span><span title=\"modo especial sus inspiradas miniaturas.\">.<\/span><\/p>\n<p style=\"text-align: justify;\"><span title=\"Gastos de env\u00edo por cuenta del comprador, seg\u00fan pedido y destino.\"><span class=\"HwtZe\" lang=\"en\"><span class=\"jCAhz ChMk0b\"><span class=\"ryNqvb\">Free shipping for this item<\/span><\/span><\/span>. <\/span><span title=\"Cons\u00faltenos cualquier duda, as\u00ed como por cualquier otro facs\u00edmile o art\u00edculo que est\u00e9 buscando.\"><a class=\"btn btn-default\" href=\"https:\/\/www.comprarmejor.es\/en\/contact\">Ask us<\/a> <span class=\"HwtZe\" lang=\"en\"><span class=\"jCAhz ChMk0b\"><span class=\"ryNqvb\">any questions, indicating the article reference.<\/span><\/span><\/span><\/span><\/p>\n","protected":false},"excerpt":{"rendered":"<p style=\"text-align: justify;\"><span id=\"result_box\" lang=\"en\" xml:lang=\"en\"><span title=\"Siglo XV.\"><span class=\"tlid-translation translation\" lang=\"en\"><span title=\"\u00a1Un 5 estrellas plus para una gran Biblioteca!\"><span lang=\"en\" xml:lang=\"en\"><span class=\"tlid-translation translation\" lang=\"en\" xml:lang=\"en\"><span title=\"\"><span class=\"\" title=\"\"><span class=\"VIiyi\" lang=\"en\"><span class=\"JLqJ4b ChMk0b\" data-language-for-alternatives=\"en\" data-language-to-translate-into=\"es\" data-phrase-index=\"0\" data-number-of-phrases=\"1\"><span class=\"Q4iAWc\">Extraordinary and superb edition of the manuscript of the National Library of France known as the Flemish Apocalypse, in a realization of only 166 original copies on natural parchment.<\/span><\/span><\/span><\/span><\/span><\/span><\/span><\/span><\/span><\/span><\/span><\/p>\n","protected":false},"featured_media":59902,"template":"","meta":[],"product_brand":[],"product_cat":[2204,2208,2212],"product_tag":[5256,4930,3985],"class_list":{"0":"post-59899","1":"product","2":"type-product","3":"status-publish","4":"has-post-thumbnail","6":"product_cat-beatus-of-liebana","7":"product_cat-grand-luxury-library","8":"product_cat-parchment","9":"product_tag-apocalipsis-en","10":"product_tag-flamenco-en-2","11":"product_tag-scriptorium-en","12":"description-off","14":"first","15":"instock","16":"featured","17":"taxable","18":"shipping-taxable","19":"purchasable","20":"product-type-simple"},"yoast_head":"<!-- This site is optimized with the Yoast SEO plugin v27.3 - https:\/\/yoast.com\/product\/yoast-seo-wordpress\/ -->\n<title>Apocalypse Flamenco, s. XV (NLF) (on natural parchment) (5*+)<\/title>\n<meta name=\"description\" content=\"Edition of the Scriptorium publishing of 2020 of the manuscript of the National Library of France symbol: Ms. n\u00e9erlandais 3 (known as Flemish\" \/>\n<meta name=\"robots\" content=\"index, follow, max-snippet:-1, max-image-preview:large, max-video-preview:-1\" \/>\n<link rel=\"canonical\" href=\"https:\/\/www.comprarmejor.es\/en\/product\/apocalypse-flamenco-s-xv-nlf-on-natural-parchment\/\" \/>\n<meta property=\"og:locale\" content=\"en_US\" \/>\n<meta property=\"og:type\" content=\"article\" \/>\n<meta property=\"og:title\" content=\"Apocalypse Flamenco, s. XV (NLF) (on natural parchment) (5*+)\" \/>\n<meta property=\"og:description\" content=\"Edition of the Scriptorium publishing of 2020 of the manuscript of the National Library of France symbol: Ms. n\u00e9erlandais 3 (known as Flemish\" \/>\n<meta property=\"og:url\" content=\"https:\/\/www.comprarmejor.es\/en\/product\/apocalypse-flamenco-s-xv-nlf-on-natural-parchment\/\" \/>\n<meta property=\"og:site_name\" content=\"ComprarMejor\" \/>\n<meta property=\"article:modified_time\" content=\"2024-02-15T16:43:26+00:00\" \/>\n<meta property=\"og:image\" content=\"https:\/\/www.comprarmejor.es\/wp-content\/uploads\/2020\/04\/APPe-1.jpg\" \/>\n\t<meta property=\"og:image:width\" content=\"599\" \/>\n\t<meta property=\"og:image:height\" content=\"449\" \/>\n\t<meta property=\"og:image:type\" content=\"image\/jpeg\" \/>\n<meta name=\"twitter:card\" content=\"summary_large_image\" \/>\n<meta name=\"twitter:label1\" content=\"Est. reading time\" \/>\n\t<meta name=\"twitter:data1\" content=\"3 minutes\" \/>\n<script type=\"application\/ld+json\" class=\"yoast-schema-graph\">{\"@context\":\"https:\\\/\\\/schema.org\",\"@graph\":[{\"@type\":\"WebPage\",\"@id\":\"https:\\\/\\\/www.comprarmejor.es\\\/en\\\/product\\\/apocalypse-flamenco-s-xv-nlf-on-natural-parchment\\\/\",\"url\":\"https:\\\/\\\/www.comprarmejor.es\\\/en\\\/product\\\/apocalypse-flamenco-s-xv-nlf-on-natural-parchment\\\/\",\"name\":\"Apocalypse Flamenco, s. XV (NLF) (on natural parchment) (5*+)\",\"isPartOf\":{\"@id\":\"https:\\\/\\\/www.comprarmejor.es\\\/en\\\/#website\"},\"primaryImageOfPage\":{\"@id\":\"https:\\\/\\\/www.comprarmejor.es\\\/en\\\/product\\\/apocalypse-flamenco-s-xv-nlf-on-natural-parchment\\\/#primaryimage\"},\"image\":{\"@id\":\"https:\\\/\\\/www.comprarmejor.es\\\/en\\\/product\\\/apocalypse-flamenco-s-xv-nlf-on-natural-parchment\\\/#primaryimage\"},\"thumbnailUrl\":\"https:\\\/\\\/www.comprarmejor.es\\\/wp-content\\\/uploads\\\/2020\\\/04\\\/APPe-1.jpg\",\"datePublished\":\"2020-04-24T09:42:59+00:00\",\"dateModified\":\"2024-02-15T16:43:26+00:00\",\"description\":\"Edition of the Scriptorium publishing of 2020 of the manuscript of the National Library of France symbol: Ms. n\u00e9erlandais 3 (known as Flemish\",\"breadcrumb\":{\"@id\":\"https:\\\/\\\/www.comprarmejor.es\\\/en\\\/product\\\/apocalypse-flamenco-s-xv-nlf-on-natural-parchment\\\/#breadcrumb\"},\"inLanguage\":\"en-US\",\"potentialAction\":[{\"@type\":\"ReadAction\",\"target\":[\"https:\\\/\\\/www.comprarmejor.es\\\/en\\\/product\\\/apocalypse-flamenco-s-xv-nlf-on-natural-parchment\\\/\"]}]},{\"@type\":\"ImageObject\",\"inLanguage\":\"en-US\",\"@id\":\"https:\\\/\\\/www.comprarmejor.es\\\/en\\\/product\\\/apocalypse-flamenco-s-xv-nlf-on-natural-parchment\\\/#primaryimage\",\"url\":\"https:\\\/\\\/www.comprarmejor.es\\\/wp-content\\\/uploads\\\/2020\\\/04\\\/APPe-1.jpg\",\"contentUrl\":\"https:\\\/\\\/www.comprarmejor.es\\\/wp-content\\\/uploads\\\/2020\\\/04\\\/APPe-1.jpg\",\"width\":599,\"height\":449},{\"@type\":\"BreadcrumbList\",\"@id\":\"https:\\\/\\\/www.comprarmejor.es\\\/en\\\/product\\\/apocalypse-flamenco-s-xv-nlf-on-natural-parchment\\\/#breadcrumb\",\"itemListElement\":[{\"@type\":\"ListItem\",\"position\":1,\"name\":\"Portada\",\"item\":\"https:\\\/\\\/www.comprarmejor.es\\\/en\\\/\"},{\"@type\":\"ListItem\",\"position\":2,\"name\":\"Shop\",\"item\":\"https:\\\/\\\/www.comprarmejor.es\\\/en\\\/shop\\\/\"},{\"@type\":\"ListItem\",\"position\":3,\"name\":\"Apocalypse Flamenco, s. XV (BNF) (on natural parchment) (5*+)\"}]},{\"@type\":\"WebSite\",\"@id\":\"https:\\\/\\\/www.comprarmejor.es\\\/en\\\/#website\",\"url\":\"https:\\\/\\\/www.comprarmejor.es\\\/en\\\/\",\"name\":\"ComprarMejor\",\"description\":\"ComprarMejor\",\"publisher\":{\"@id\":\"https:\\\/\\\/www.comprarmejor.es\\\/en\\\/#organization\"},\"potentialAction\":[{\"@type\":\"SearchAction\",\"target\":{\"@type\":\"EntryPoint\",\"urlTemplate\":\"https:\\\/\\\/www.comprarmejor.es\\\/en\\\/?s={search_term_string}\"},\"query-input\":{\"@type\":\"PropertyValueSpecification\",\"valueRequired\":true,\"valueName\":\"search_term_string\"}}],\"inLanguage\":\"en-US\"},{\"@type\":\"Organization\",\"@id\":\"https:\\\/\\\/www.comprarmejor.es\\\/en\\\/#organization\",\"name\":\"COMPRAR MEJOR\",\"url\":\"https:\\\/\\\/www.comprarmejor.es\\\/en\\\/\",\"logo\":{\"@type\":\"ImageObject\",\"inLanguage\":\"en-US\",\"@id\":\"https:\\\/\\\/www.comprarmejor.es\\\/en\\\/#\\\/schema\\\/logo\\\/image\\\/\",\"url\":\"https:\\\/\\\/www.comprarmejor.es\\\/wp-content\\\/uploads\\\/2025\\\/09\\\/comprarmejortrinidad.jpg\",\"contentUrl\":\"https:\\\/\\\/www.comprarmejor.es\\\/wp-content\\\/uploads\\\/2025\\\/09\\\/comprarmejortrinidad.jpg\",\"width\":1022,\"height\":1380,\"caption\":\"COMPRAR MEJOR\"},\"image\":{\"@id\":\"https:\\\/\\\/www.comprarmejor.es\\\/en\\\/#\\\/schema\\\/logo\\\/image\\\/\"},\"sameAs\":[\"https:\\\/\\\/www.instagram.com\\\/amigosdelcodice\"]}]}<\/script>\n<!-- \/ Yoast SEO plugin. -->","yoast_head_json":{"title":"Apocalypse Flamenco, s. XV (NLF) (on natural parchment) (5*+)","description":"Edition of the Scriptorium publishing of 2020 of the manuscript of the National Library of France symbol: Ms. n\u00e9erlandais 3 (known as Flemish","robots":{"index":"index","follow":"follow","max-snippet":"max-snippet:-1","max-image-preview":"max-image-preview:large","max-video-preview":"max-video-preview:-1"},"canonical":"https:\/\/www.comprarmejor.es\/en\/product\/apocalypse-flamenco-s-xv-nlf-on-natural-parchment\/","og_locale":"en_US","og_type":"article","og_title":"Apocalypse Flamenco, s. XV (NLF) (on natural parchment) (5*+)","og_description":"Edition of the Scriptorium publishing of 2020 of the manuscript of the National Library of France symbol: Ms. n\u00e9erlandais 3 (known as Flemish","og_url":"https:\/\/www.comprarmejor.es\/en\/product\/apocalypse-flamenco-s-xv-nlf-on-natural-parchment\/","og_site_name":"ComprarMejor","article_modified_time":"2024-02-15T16:43:26+00:00","og_image":[{"width":599,"height":449,"url":"https:\/\/www.comprarmejor.es\/wp-content\/uploads\/2020\/04\/APPe-1.jpg","type":"image\/jpeg"}],"twitter_card":"summary_large_image","twitter_misc":{"Est. reading time":"3 minutes"},"schema":{"@context":"https:\/\/schema.org","@graph":[{"@type":"WebPage","@id":"https:\/\/www.comprarmejor.es\/en\/product\/apocalypse-flamenco-s-xv-nlf-on-natural-parchment\/","url":"https:\/\/www.comprarmejor.es\/en\/product\/apocalypse-flamenco-s-xv-nlf-on-natural-parchment\/","name":"Apocalypse Flamenco, s. XV (NLF) (on natural parchment) (5*+)","isPartOf":{"@id":"https:\/\/www.comprarmejor.es\/en\/#website"},"primaryImageOfPage":{"@id":"https:\/\/www.comprarmejor.es\/en\/product\/apocalypse-flamenco-s-xv-nlf-on-natural-parchment\/#primaryimage"},"image":{"@id":"https:\/\/www.comprarmejor.es\/en\/product\/apocalypse-flamenco-s-xv-nlf-on-natural-parchment\/#primaryimage"},"thumbnailUrl":"https:\/\/www.comprarmejor.es\/wp-content\/uploads\/2020\/04\/APPe-1.jpg","datePublished":"2020-04-24T09:42:59+00:00","dateModified":"2024-02-15T16:43:26+00:00","description":"Edition of the Scriptorium publishing of 2020 of the manuscript of the National Library of France symbol: Ms. n\u00e9erlandais 3 (known as Flemish","breadcrumb":{"@id":"https:\/\/www.comprarmejor.es\/en\/product\/apocalypse-flamenco-s-xv-nlf-on-natural-parchment\/#breadcrumb"},"inLanguage":"en-US","potentialAction":[{"@type":"ReadAction","target":["https:\/\/www.comprarmejor.es\/en\/product\/apocalypse-flamenco-s-xv-nlf-on-natural-parchment\/"]}]},{"@type":"ImageObject","inLanguage":"en-US","@id":"https:\/\/www.comprarmejor.es\/en\/product\/apocalypse-flamenco-s-xv-nlf-on-natural-parchment\/#primaryimage","url":"https:\/\/www.comprarmejor.es\/wp-content\/uploads\/2020\/04\/APPe-1.jpg","contentUrl":"https:\/\/www.comprarmejor.es\/wp-content\/uploads\/2020\/04\/APPe-1.jpg","width":599,"height":449},{"@type":"BreadcrumbList","@id":"https:\/\/www.comprarmejor.es\/en\/product\/apocalypse-flamenco-s-xv-nlf-on-natural-parchment\/#breadcrumb","itemListElement":[{"@type":"ListItem","position":1,"name":"Portada","item":"https:\/\/www.comprarmejor.es\/en\/"},{"@type":"ListItem","position":2,"name":"Shop","item":"https:\/\/www.comprarmejor.es\/en\/shop\/"},{"@type":"ListItem","position":3,"name":"Apocalypse Flamenco, s. XV (BNF) (on natural parchment) (5*+)"}]},{"@type":"WebSite","@id":"https:\/\/www.comprarmejor.es\/en\/#website","url":"https:\/\/www.comprarmejor.es\/en\/","name":"ComprarMejor","description":"ComprarMejor","publisher":{"@id":"https:\/\/www.comprarmejor.es\/en\/#organization"},"potentialAction":[{"@type":"SearchAction","target":{"@type":"EntryPoint","urlTemplate":"https:\/\/www.comprarmejor.es\/en\/?s={search_term_string}"},"query-input":{"@type":"PropertyValueSpecification","valueRequired":true,"valueName":"search_term_string"}}],"inLanguage":"en-US"},{"@type":"Organization","@id":"https:\/\/www.comprarmejor.es\/en\/#organization","name":"COMPRAR MEJOR","url":"https:\/\/www.comprarmejor.es\/en\/","logo":{"@type":"ImageObject","inLanguage":"en-US","@id":"https:\/\/www.comprarmejor.es\/en\/#\/schema\/logo\/image\/","url":"https:\/\/www.comprarmejor.es\/wp-content\/uploads\/2025\/09\/comprarmejortrinidad.jpg","contentUrl":"https:\/\/www.comprarmejor.es\/wp-content\/uploads\/2025\/09\/comprarmejortrinidad.jpg","width":1022,"height":1380,"caption":"COMPRAR MEJOR"},"image":{"@id":"https:\/\/www.comprarmejor.es\/en\/#\/schema\/logo\/image\/"},"sameAs":["https:\/\/www.instagram.com\/amigosdelcodice"]}]}},"_links":{"self":[{"href":"https:\/\/www.comprarmejor.es\/en\/wp-json\/wp\/v2\/product\/59899","targetHints":{"allow":["GET"]}}],"collection":[{"href":"https:\/\/www.comprarmejor.es\/en\/wp-json\/wp\/v2\/product"}],"about":[{"href":"https:\/\/www.comprarmejor.es\/en\/wp-json\/wp\/v2\/types\/product"}],"wp:featuredmedia":[{"embeddable":true,"href":"https:\/\/www.comprarmejor.es\/en\/wp-json\/wp\/v2\/media\/59902"}],"wp:attachment":[{"href":"https:\/\/www.comprarmejor.es\/en\/wp-json\/wp\/v2\/media?parent=59899"}],"wp:term":[{"taxonomy":"product_brand","embeddable":true,"href":"https:\/\/www.comprarmejor.es\/en\/wp-json\/wp\/v2\/product_brand?post=59899"},{"taxonomy":"product_cat","embeddable":true,"href":"https:\/\/www.comprarmejor.es\/en\/wp-json\/wp\/v2\/product_cat?post=59899"},{"taxonomy":"product_tag","embeddable":true,"href":"https:\/\/www.comprarmejor.es\/en\/wp-json\/wp\/v2\/product_tag?post=59899"}],"curies":[{"name":"wp","href":"https:\/\/api.w.org\/{rel}","templated":true}]}}