{"id":60102,"date":"2020-04-28T11:57:45","date_gmt":"2020-04-28T09:57:45","guid":{"rendered":"https:\/\/www.comprarmejor.es\/?post_type=product&#038;p=60102"},"modified":"2022-12-22T13:29:14","modified_gmt":"2022-12-22T12:29:14","slug":"star-trek-1-2009-2-dvds-metallic-special-edition","status":"publish","type":"product","link":"https:\/\/www.comprarmejor.es\/en\/product\/star-trek-1-2009-2-dvds-metallic-special-edition\/","title":{"rendered":"Star Trek 1. 2009. 2 DVDs. metallic special edition"},"content":{"rendered":"<p style=\"text-align: justify;\"><strong>Star Trek<\/strong>, the first Star Trek prequel film, released in 2009 in a new film saga about the early days of Captain James T. Kirk and his crew in charge of the Federation Starfleet flagship Enterprise Unity of Planets.<\/p>\n<p style=\"text-align: justify;\">Special metal edition on 2 DVD Video discs. In perfect condition, unused.<\/p>\n<p style=\"text-align: justify;\">Disc 1. Movie, 122 minutes<br \/>\nLanguages: Spanish and English<br \/>\nSubtitles: Spanish and English<\/p>\n<p style=\"text-align: justify;\">Disc 2. Extras<br \/>\nEnglish language<br \/>\nSubtitles: Spanish, English, French, German, Danish, Italian, Swedish, Norwegian, Finnish and Dutch<\/p>\n<p style=\"text-align: justify;\"><span title=\"Gastos de env\u00edo por cuenta del comprador, seg\u00fan pedido y destino.\"><span class=\"VIiyi\" lang=\"en\"><span class=\"JLqJ4b\" data-language-for-alternatives=\"en\" data-language-to-translate-into=\"es\" data-phrase-index=\"0\" data-number-of-phrases=\"1\">Shipping costs paid by the buyer, according to order and destination<\/span><\/span>. <\/span><span title=\"Cons\u00faltenos cualquier duda, as\u00ed como por cualquier otro facs\u00edmile o art\u00edculo que est\u00e9 buscando.\"><a class=\"btn btn-default\" href=\"https:\/\/www.comprarmejor.es\/en\/contact\">Ask us<\/a>\u00a0<span class=\"HwtZe\" lang=\"en\"><span class=\"jCAhz ChMk0b\"><span class=\"ryNqvb\">any questions you have, indicating the article reference.<\/span><\/span><\/span><\/span><\/p>\n","protected":false},"excerpt":{"rendered":"<p style=\"text-align: justify;\"><span id=\"result_box\" lang=\"en\" xml:lang=\"en\"><span title=\"Siglo XV.\"><span class=\"tlid-translation translation\" lang=\"en\"><span class=\"\" title=\"\"><span class=\"VIiyi\" lang=\"en\"><span class=\"JLqJ4b\" data-language-for-alternatives=\"en\" data-language-to-translate-into=\"es\" data-phrase-index=\"0\" data-number-of-phrases=\"1\"><span class=\"HwtZe\" lang=\"en\"><span class=\"jCAhz ChMk0b\"><span class=\"ryNqvb\">Star Trek, the first Star Trek prequel film, released in 2009 in a new film saga about the early days of Captain James T. Kirk and his crew in charge of<\/span><\/span><span class=\"jCAhz ChMk0b\"><span class=\"ryNqvb\"><br \/>\n<\/span><\/span><\/span><\/span><\/span><\/span><\/span><\/span><\/span><\/p>\n","protected":false},"featured_media":84229,"template":"","meta":[],"product_brand":[],"product_cat":[2262],"product_tag":[5100],"class_list":{"0":"post-60102","1":"product","2":"type-product","3":"status-publish","4":"has-post-thumbnail","6":"product_cat-cd-dvd-brd","7":"product_tag-dvd-en","8":"product_shipping_class-from-0-to-1-kg","9":"description-off","11":"first","12":"instock","13":"taxable","14":"shipping-taxable","15":"purchasable","16":"product-type-simple"},"yoast_head":"<!-- This site is optimized with the Yoast SEO plugin v27.3 - https:\/\/yoast.com\/product\/yoast-seo-wordpress\/ -->\n<title>Star Trek 1. 2009. 2 DVDs. metallic special edition<\/title>\n<meta name=\"description\" content=\"Star Trek, the first Star Trek prequel film, released in 2009 in a new film saga about the early days of Captain James T. Kirk and his crew in charge of\" \/>\n<meta name=\"robots\" content=\"index, follow, max-snippet:-1, max-image-preview:large, max-video-preview:-1\" \/>\n<link rel=\"canonical\" href=\"https:\/\/www.comprarmejor.es\/en\/product\/star-trek-1-2009-2-dvds-metallic-special-edition\/\" \/>\n<meta property=\"og:locale\" content=\"en_US\" \/>\n<meta property=\"og:type\" content=\"article\" \/>\n<meta property=\"og:title\" content=\"Star Trek 1. 2009. 2 DVDs. metallic special edition\" \/>\n<meta property=\"og:description\" content=\"Star Trek, the first Star Trek prequel film, released in 2009 in a new film saga about the early days of Captain James T. Kirk and his crew in charge of\" \/>\n<meta property=\"og:url\" content=\"https:\/\/www.comprarmejor.es\/en\/product\/star-trek-1-2009-2-dvds-metallic-special-edition\/\" \/>\n<meta property=\"og:site_name\" content=\"ComprarMejor\" \/>\n<meta property=\"article:modified_time\" content=\"2022-12-22T12:29:14+00:00\" \/>\n<meta property=\"og:image\" content=\"https:\/\/www.comprarmejor.es\/wp-content\/uploads\/2020\/04\/ST-NS-1.jpg\" \/>\n\t<meta property=\"og:image:width\" content=\"564\" \/>\n\t<meta property=\"og:image:height\" content=\"752\" \/>\n\t<meta property=\"og:image:type\" content=\"image\/jpeg\" \/>\n<meta name=\"twitter:card\" content=\"summary_large_image\" \/>\n<meta name=\"twitter:label1\" content=\"Est. reading time\" \/>\n\t<meta name=\"twitter:data1\" content=\"1 minute\" \/>\n<script type=\"application\/ld+json\" class=\"yoast-schema-graph\">{\"@context\":\"https:\\\/\\\/schema.org\",\"@graph\":[{\"@type\":\"WebPage\",\"@id\":\"https:\\\/\\\/www.comprarmejor.es\\\/en\\\/product\\\/star-trek-1-2009-2-dvds-metallic-special-edition\\\/\",\"url\":\"https:\\\/\\\/www.comprarmejor.es\\\/en\\\/product\\\/star-trek-1-2009-2-dvds-metallic-special-edition\\\/\",\"name\":\"Star Trek 1. 2009. 2 DVDs. metallic special edition\",\"isPartOf\":{\"@id\":\"https:\\\/\\\/www.comprarmejor.es\\\/en\\\/#website\"},\"primaryImageOfPage\":{\"@id\":\"https:\\\/\\\/www.comprarmejor.es\\\/en\\\/product\\\/star-trek-1-2009-2-dvds-metallic-special-edition\\\/#primaryimage\"},\"image\":{\"@id\":\"https:\\\/\\\/www.comprarmejor.es\\\/en\\\/product\\\/star-trek-1-2009-2-dvds-metallic-special-edition\\\/#primaryimage\"},\"thumbnailUrl\":\"https:\\\/\\\/www.comprarmejor.es\\\/wp-content\\\/uploads\\\/2020\\\/04\\\/ST-NS-1.jpg\",\"datePublished\":\"2020-04-28T09:57:45+00:00\",\"dateModified\":\"2022-12-22T12:29:14+00:00\",\"description\":\"Star Trek, the first Star Trek prequel film, released in 2009 in a new film saga about the early days of Captain James T. Kirk and his crew in charge of\",\"breadcrumb\":{\"@id\":\"https:\\\/\\\/www.comprarmejor.es\\\/en\\\/product\\\/star-trek-1-2009-2-dvds-metallic-special-edition\\\/#breadcrumb\"},\"inLanguage\":\"en-US\",\"potentialAction\":[{\"@type\":\"ReadAction\",\"target\":[\"https:\\\/\\\/www.comprarmejor.es\\\/en\\\/product\\\/star-trek-1-2009-2-dvds-metallic-special-edition\\\/\"]}]},{\"@type\":\"ImageObject\",\"inLanguage\":\"en-US\",\"@id\":\"https:\\\/\\\/www.comprarmejor.es\\\/en\\\/product\\\/star-trek-1-2009-2-dvds-metallic-special-edition\\\/#primaryimage\",\"url\":\"https:\\\/\\\/www.comprarmejor.es\\\/wp-content\\\/uploads\\\/2020\\\/04\\\/ST-NS-1.jpg\",\"contentUrl\":\"https:\\\/\\\/www.comprarmejor.es\\\/wp-content\\\/uploads\\\/2020\\\/04\\\/ST-NS-1.jpg\",\"width\":564,\"height\":752},{\"@type\":\"BreadcrumbList\",\"@id\":\"https:\\\/\\\/www.comprarmejor.es\\\/en\\\/product\\\/star-trek-1-2009-2-dvds-metallic-special-edition\\\/#breadcrumb\",\"itemListElement\":[{\"@type\":\"ListItem\",\"position\":1,\"name\":\"Portada\",\"item\":\"https:\\\/\\\/www.comprarmejor.es\\\/en\\\/\"},{\"@type\":\"ListItem\",\"position\":2,\"name\":\"Shop\",\"item\":\"https:\\\/\\\/www.comprarmejor.es\\\/en\\\/shop\\\/\"},{\"@type\":\"ListItem\",\"position\":3,\"name\":\"Star Trek 1. 2009. 2 DVDs. metallic special edition\"}]},{\"@type\":\"WebSite\",\"@id\":\"https:\\\/\\\/www.comprarmejor.es\\\/en\\\/#website\",\"url\":\"https:\\\/\\\/www.comprarmejor.es\\\/en\\\/\",\"name\":\"ComprarMejor\",\"description\":\"ComprarMejor\",\"publisher\":{\"@id\":\"https:\\\/\\\/www.comprarmejor.es\\\/en\\\/#organization\"},\"potentialAction\":[{\"@type\":\"SearchAction\",\"target\":{\"@type\":\"EntryPoint\",\"urlTemplate\":\"https:\\\/\\\/www.comprarmejor.es\\\/en\\\/?s={search_term_string}\"},\"query-input\":{\"@type\":\"PropertyValueSpecification\",\"valueRequired\":true,\"valueName\":\"search_term_string\"}}],\"inLanguage\":\"en-US\"},{\"@type\":\"Organization\",\"@id\":\"https:\\\/\\\/www.comprarmejor.es\\\/en\\\/#organization\",\"name\":\"COMPRAR MEJOR\",\"url\":\"https:\\\/\\\/www.comprarmejor.es\\\/en\\\/\",\"logo\":{\"@type\":\"ImageObject\",\"inLanguage\":\"en-US\",\"@id\":\"https:\\\/\\\/www.comprarmejor.es\\\/en\\\/#\\\/schema\\\/logo\\\/image\\\/\",\"url\":\"https:\\\/\\\/www.comprarmejor.es\\\/wp-content\\\/uploads\\\/2025\\\/09\\\/comprarmejortrinidad.jpg\",\"contentUrl\":\"https:\\\/\\\/www.comprarmejor.es\\\/wp-content\\\/uploads\\\/2025\\\/09\\\/comprarmejortrinidad.jpg\",\"width\":1022,\"height\":1380,\"caption\":\"COMPRAR MEJOR\"},\"image\":{\"@id\":\"https:\\\/\\\/www.comprarmejor.es\\\/en\\\/#\\\/schema\\\/logo\\\/image\\\/\"},\"sameAs\":[\"https:\\\/\\\/www.instagram.com\\\/amigosdelcodice\"]}]}<\/script>\n<!-- \/ Yoast SEO plugin. -->","yoast_head_json":{"title":"Star Trek 1. 2009. 2 DVDs. metallic special edition","description":"Star Trek, the first Star Trek prequel film, released in 2009 in a new film saga about the early days of Captain James T. Kirk and his crew in charge of","robots":{"index":"index","follow":"follow","max-snippet":"max-snippet:-1","max-image-preview":"max-image-preview:large","max-video-preview":"max-video-preview:-1"},"canonical":"https:\/\/www.comprarmejor.es\/en\/product\/star-trek-1-2009-2-dvds-metallic-special-edition\/","og_locale":"en_US","og_type":"article","og_title":"Star Trek 1. 2009. 2 DVDs. metallic special edition","og_description":"Star Trek, the first Star Trek prequel film, released in 2009 in a new film saga about the early days of Captain James T. Kirk and his crew in charge of","og_url":"https:\/\/www.comprarmejor.es\/en\/product\/star-trek-1-2009-2-dvds-metallic-special-edition\/","og_site_name":"ComprarMejor","article_modified_time":"2022-12-22T12:29:14+00:00","og_image":[{"width":564,"height":752,"url":"https:\/\/www.comprarmejor.es\/wp-content\/uploads\/2020\/04\/ST-NS-1.jpg","type":"image\/jpeg"}],"twitter_card":"summary_large_image","twitter_misc":{"Est. reading time":"1 minute"},"schema":{"@context":"https:\/\/schema.org","@graph":[{"@type":"WebPage","@id":"https:\/\/www.comprarmejor.es\/en\/product\/star-trek-1-2009-2-dvds-metallic-special-edition\/","url":"https:\/\/www.comprarmejor.es\/en\/product\/star-trek-1-2009-2-dvds-metallic-special-edition\/","name":"Star Trek 1. 2009. 2 DVDs. metallic special edition","isPartOf":{"@id":"https:\/\/www.comprarmejor.es\/en\/#website"},"primaryImageOfPage":{"@id":"https:\/\/www.comprarmejor.es\/en\/product\/star-trek-1-2009-2-dvds-metallic-special-edition\/#primaryimage"},"image":{"@id":"https:\/\/www.comprarmejor.es\/en\/product\/star-trek-1-2009-2-dvds-metallic-special-edition\/#primaryimage"},"thumbnailUrl":"https:\/\/www.comprarmejor.es\/wp-content\/uploads\/2020\/04\/ST-NS-1.jpg","datePublished":"2020-04-28T09:57:45+00:00","dateModified":"2022-12-22T12:29:14+00:00","description":"Star Trek, the first Star Trek prequel film, released in 2009 in a new film saga about the early days of Captain James T. Kirk and his crew in charge of","breadcrumb":{"@id":"https:\/\/www.comprarmejor.es\/en\/product\/star-trek-1-2009-2-dvds-metallic-special-edition\/#breadcrumb"},"inLanguage":"en-US","potentialAction":[{"@type":"ReadAction","target":["https:\/\/www.comprarmejor.es\/en\/product\/star-trek-1-2009-2-dvds-metallic-special-edition\/"]}]},{"@type":"ImageObject","inLanguage":"en-US","@id":"https:\/\/www.comprarmejor.es\/en\/product\/star-trek-1-2009-2-dvds-metallic-special-edition\/#primaryimage","url":"https:\/\/www.comprarmejor.es\/wp-content\/uploads\/2020\/04\/ST-NS-1.jpg","contentUrl":"https:\/\/www.comprarmejor.es\/wp-content\/uploads\/2020\/04\/ST-NS-1.jpg","width":564,"height":752},{"@type":"BreadcrumbList","@id":"https:\/\/www.comprarmejor.es\/en\/product\/star-trek-1-2009-2-dvds-metallic-special-edition\/#breadcrumb","itemListElement":[{"@type":"ListItem","position":1,"name":"Portada","item":"https:\/\/www.comprarmejor.es\/en\/"},{"@type":"ListItem","position":2,"name":"Shop","item":"https:\/\/www.comprarmejor.es\/en\/shop\/"},{"@type":"ListItem","position":3,"name":"Star Trek 1. 2009. 2 DVDs. metallic special edition"}]},{"@type":"WebSite","@id":"https:\/\/www.comprarmejor.es\/en\/#website","url":"https:\/\/www.comprarmejor.es\/en\/","name":"ComprarMejor","description":"ComprarMejor","publisher":{"@id":"https:\/\/www.comprarmejor.es\/en\/#organization"},"potentialAction":[{"@type":"SearchAction","target":{"@type":"EntryPoint","urlTemplate":"https:\/\/www.comprarmejor.es\/en\/?s={search_term_string}"},"query-input":{"@type":"PropertyValueSpecification","valueRequired":true,"valueName":"search_term_string"}}],"inLanguage":"en-US"},{"@type":"Organization","@id":"https:\/\/www.comprarmejor.es\/en\/#organization","name":"COMPRAR MEJOR","url":"https:\/\/www.comprarmejor.es\/en\/","logo":{"@type":"ImageObject","inLanguage":"en-US","@id":"https:\/\/www.comprarmejor.es\/en\/#\/schema\/logo\/image\/","url":"https:\/\/www.comprarmejor.es\/wp-content\/uploads\/2025\/09\/comprarmejortrinidad.jpg","contentUrl":"https:\/\/www.comprarmejor.es\/wp-content\/uploads\/2025\/09\/comprarmejortrinidad.jpg","width":1022,"height":1380,"caption":"COMPRAR MEJOR"},"image":{"@id":"https:\/\/www.comprarmejor.es\/en\/#\/schema\/logo\/image\/"},"sameAs":["https:\/\/www.instagram.com\/amigosdelcodice"]}]}},"_links":{"self":[{"href":"https:\/\/www.comprarmejor.es\/en\/wp-json\/wp\/v2\/product\/60102","targetHints":{"allow":["GET"]}}],"collection":[{"href":"https:\/\/www.comprarmejor.es\/en\/wp-json\/wp\/v2\/product"}],"about":[{"href":"https:\/\/www.comprarmejor.es\/en\/wp-json\/wp\/v2\/types\/product"}],"wp:featuredmedia":[{"embeddable":true,"href":"https:\/\/www.comprarmejor.es\/en\/wp-json\/wp\/v2\/media\/84229"}],"wp:attachment":[{"href":"https:\/\/www.comprarmejor.es\/en\/wp-json\/wp\/v2\/media?parent=60102"}],"wp:term":[{"taxonomy":"product_brand","embeddable":true,"href":"https:\/\/www.comprarmejor.es\/en\/wp-json\/wp\/v2\/product_brand?post=60102"},{"taxonomy":"product_cat","embeddable":true,"href":"https:\/\/www.comprarmejor.es\/en\/wp-json\/wp\/v2\/product_cat?post=60102"},{"taxonomy":"product_tag","embeddable":true,"href":"https:\/\/www.comprarmejor.es\/en\/wp-json\/wp\/v2\/product_tag?post=60102"}],"curies":[{"name":"wp","href":"https:\/\/api.w.org\/{rel}","templated":true}]}}