{"id":61341,"date":"2020-06-16T11:57:05","date_gmt":"2020-06-16T09:57:06","guid":{"rendered":"https:\/\/www.comprarmejor.es\/?post_type=product&#038;p=61341"},"modified":"2022-04-13T16:52:08","modified_gmt":"2022-04-13T14:52:08","slug":"historiae-naturalis-de-quadrupedibus-by-johannes-jonstonus-1652","status":"publish","type":"product","link":"https:\/\/www.comprarmejor.es\/en\/product\/historiae-naturalis-de-quadrupedibus-by-johannes-jonstonus-1652\/","title":{"rendered":"Historiae Naturalis de Quadrupedibus, by Johannes Jonstonus, 1652 (5*)"},"content":{"rendered":"<p style=\"text-align: justify;\"><span class=\"tlid-translation translation\" lang=\"en\" tabindex=\"-1\">The <strong>Historiae Naturalis by Johannes Jonstonus<\/strong> represents one of the most outstanding efforts in human history to delve into that wonderful and often mysterious world of Nature, and to compile all the vast and scattered knowledge that had been disclosed in this matter for centuries. It is the last great encyclopedic work of the Renaissance, a magna by one of the greatest naturalists of all time. A 5 stars in all Great Library!<\/span><\/p>\n<p style=\"text-align: justify;\">The facsimile edition that the Silo\u00e9 publishing house has carried out since 2003 of the seven splendid volumes of this Historiae Naturalis constitutes one of the most ambitious editorial projects that can be undertaken in the field of facsimile, by publishing the <strong>only complete color version<\/strong> of all the volumes. To do this, we started with the only original existing volume in color (the De Avibus) and with a complex and laborious work of digitizing the color used in that volume, as well as in other works that have come to us colored in the 17th century, the color was created in the plates of the rest of the volumes of the Historiae Naturalis, thus achieving the only complete color collection of the work of Johannes Jonstonus, only available through this exclusive edition.<\/p>\n<p style=\"text-align: justify;\">The enormous importance of this beautiful collection is attested by the fact that for almost 200 years it was a must-see in many of the most prestigious Central European universities of the moment, especially in Germany. And that&#8217;s not to mention Japan, a country in which the Historiae Naturalis de Jonstonus not only \u201ctriumphs\u201d and spreads, but also becomes the only source for the knowledge of the development of this science, Natural History, in West.<\/p>\n<p style=\"text-align: justify;\">The collection is made up of 6 works in 7 extraordinary facsimile volumes, handcrafted in dry-cut leather, in a golden, woven, ribbed format, with individual bookends per volume, in a limited edition of 898 copies numbered with a notarial deed. Accompanied by study books that include the first Spanish version of the original Latin text and essays on the content of the work. The complete work represents an extraordinary set of engravings (almost 400 plates) illustrating one of the largest natural science compilations in history.<\/p>\n<p style=\"text-align: justify;\">The complete work can also be purchased on our website but in this article we ONLY offer the volume &#8220;<em><strong>Historiae Naturalis de Quadrupedibus<\/strong><\/em>&#8221; with its corresponding study book.<\/p>\n<p style=\"text-align: justify;\"><strong>Historiae Naturalis de Quadrupedibus, by John Jonstonus, year 1652:<\/strong><br \/>\nTraditionally regarded as one of the most beautiful quadruped studies in the entire history of science.<\/p>\n<p style=\"text-align: justify;\">Original printed in 1652 in black and white, and later illuminated by hand. 80 copper plates in which more than 350 animals are represented.<\/p>\n<p style=\"text-align: justify;\">Facsimile bound in leather, ribs, texuelo, in the purest artisan style, dry-cut, format 23.5 x 38.5 cm. 400 pages on excellent aged laid paper, conveying the feeling of having the original in your hands. Presented in a beautiful vintage leather book case with handmade water paper on both planes, 24 x 39.5 x 6.3 cm format.<\/p>\n<p style=\"text-align: justify;\">Accompanied by a study book, edited in 2013, which includes the first Spanish version of the original Latin text and essays on the author, his work and his time. Hardcover bound with illustrated dust jacket. Format 23.5 x 38 cm. 368 pages. Presented in an illustrated cardboard bookcase, 23 x 38.8 x 4.5 cm format.<\/p>\n<p style=\"text-align: justify;\">Facsimile edition carried out in 2005 and limited to 898 numbered copies with notarial deed.<\/p>\n<p style=\"text-align: justify;\">This work obtained in 2006 the National Prize &#8220;Books best edited in 2005&#8221;, by the Ministry of Culture, in its form of &#8220;Facsimile Books&#8221;.<\/p>\n<p style=\"text-align: justify;\">Complete copy and in perfect condition.<\/p>\n<p style=\"text-align: justify;\"><span title=\"Gastos de env\u00edo por cuenta del comprador, seg\u00fan pedido y destino.\">Shipping by the buyer, upon request and destination.\u00a0<\/span><span title=\"Cons\u00faltenos cualquier duda, as\u00ed como por cualquier otro facs\u00edmile o art\u00edculo que est\u00e9 buscando.\"><a class=\"btn btn-default\" href=\"https:\/\/www.comprarmejor.es\/en\/contact\">Ask us<\/a> any questions and facsimile or any other item he seeks<span class=\"tlid-translation translation\" lang=\"en\">.<\/span><\/span><\/p>\n<p><iframe loading=\"lazy\" src=\"\/\/www.youtube.com\/embed\/KP3lGNxMfzw\" width=\"560\" height=\"314\" allowfullscreen=\"allowfullscreen\"><\/iframe><\/p>\n","protected":false},"excerpt":{"rendered":"<p style=\"text-align: justify;\"><span id=\"result_box\" lang=\"en\" xml:lang=\"en\"><span title=\"Siglo XV.\"><span class=\"tlid-translation translation\" lang=\"en\"><span title=\"\u00a1Un 5 estrellas en toda gran Biblioteca!\"><span lang=\"en\" xml:lang=\"en\"><span title=\"\u00a1Un 5 estrellas plus para una gran Biblioteca!\"><span class=\"tlid-translation translation\" lang=\"en\" xml:lang=\"en\"><span title=\"\"><span class=\"\" title=\"\"><span class=\"VIiyi\" lang=\"en\"><span class=\"JLqJ4b ChMk0b\" data-language-for-alternatives=\"en\" data-language-to-translate-into=\"es\" data-phrase-index=\"4\" data-number-of-phrases=\"7\"><span class=\"Q4iAWc\">Historiae Naturalis de Quadrupedibus, by John Jonstonus, year 1652:<\/span><\/span> <span class=\"JLqJ4b ChMk0b\" data-language-for-alternatives=\"en\" data-language-to-translate-into=\"es\" data-phrase-index=\"6\" data-number-of-phrases=\"7\"><span class=\"Q4iAWc\">Traditionally considered one of the most beautiful studies on quadrupeds in the entire history of science.<\/span><\/span><\/span><\/span><\/span><\/span><\/span><\/span><\/span><\/span><\/span><\/span><\/p>\n","protected":false},"featured_media":61351,"template":"","meta":[],"product_brand":[],"product_cat":[2232,2250,2200],"product_tag":[4061,4062,5119],"class_list":{"0":"post-61341","1":"product","2":"type-product","3":"status-publish","4":"has-post-thumbnail","6":"product_cat-medicine","7":"product_cat-other-facsimiles","8":"product_cat-spectacular-library","9":"product_tag-jonstonus-en-2","10":"product_tag-naturalis-en","11":"product_tag-siloe-en","12":"product_shipping_class-from-6-to-10-kg","13":"description-off","15":"first","16":"instock","17":"sale","18":"taxable","19":"shipping-taxable","20":"purchasable","21":"product-type-simple"},"yoast_head":"<!-- This site is optimized with the Yoast SEO plugin v27.3 - https:\/\/yoast.com\/product\/yoast-seo-wordpress\/ -->\n<title>Historiae Naturalis de Quadrupedibus, by Johannes Jonstonus, 1652 (5*)<\/title>\n<meta name=\"description\" content=\"Historiae Naturalis de Quadrupedibus, by John Jonstonus, year 1652: regarded as one of the most beautiful quadruped studies in the entire\" \/>\n<meta name=\"robots\" content=\"index, follow, max-snippet:-1, max-image-preview:large, max-video-preview:-1\" \/>\n<link rel=\"canonical\" href=\"https:\/\/www.comprarmejor.es\/en\/product\/historiae-naturalis-de-quadrupedibus-by-johannes-jonstonus-1652\/\" \/>\n<meta property=\"og:locale\" content=\"en_US\" \/>\n<meta property=\"og:type\" content=\"article\" \/>\n<meta property=\"og:title\" content=\"Historiae Naturalis de Quadrupedibus, by Johannes Jonstonus, 1652 (5*)\" \/>\n<meta property=\"og:description\" content=\"Historiae Naturalis de Quadrupedibus, by John Jonstonus, year 1652: regarded as one of the most beautiful quadruped studies in the entire\" \/>\n<meta property=\"og:url\" content=\"https:\/\/www.comprarmejor.es\/en\/product\/historiae-naturalis-de-quadrupedibus-by-johannes-jonstonus-1652\/\" \/>\n<meta property=\"og:site_name\" content=\"ComprarMejor\" \/>\n<meta property=\"article:modified_time\" content=\"2022-04-13T14:52:08+00:00\" \/>\n<meta property=\"og:image\" content=\"https:\/\/www.comprarmejor.es\/wp-content\/uploads\/2020\/06\/HNdQ-1.jpg\" \/>\n\t<meta property=\"og:image:width\" content=\"599\" \/>\n\t<meta property=\"og:image:height\" content=\"449\" \/>\n\t<meta property=\"og:image:type\" content=\"image\/jpeg\" \/>\n<meta name=\"twitter:card\" content=\"summary_large_image\" \/>\n<meta name=\"twitter:label1\" content=\"Est. reading time\" \/>\n\t<meta name=\"twitter:data1\" content=\"3 minutes\" \/>\n<script type=\"application\/ld+json\" class=\"yoast-schema-graph\">{\"@context\":\"https:\\\/\\\/schema.org\",\"@graph\":[{\"@type\":\"WebPage\",\"@id\":\"https:\\\/\\\/www.comprarmejor.es\\\/en\\\/product\\\/historiae-naturalis-de-quadrupedibus-by-johannes-jonstonus-1652\\\/\",\"url\":\"https:\\\/\\\/www.comprarmejor.es\\\/en\\\/product\\\/historiae-naturalis-de-quadrupedibus-by-johannes-jonstonus-1652\\\/\",\"name\":\"Historiae Naturalis de Quadrupedibus, by Johannes Jonstonus, 1652 (5*)\",\"isPartOf\":{\"@id\":\"https:\\\/\\\/www.comprarmejor.es\\\/en\\\/#website\"},\"primaryImageOfPage\":{\"@id\":\"https:\\\/\\\/www.comprarmejor.es\\\/en\\\/product\\\/historiae-naturalis-de-quadrupedibus-by-johannes-jonstonus-1652\\\/#primaryimage\"},\"image\":{\"@id\":\"https:\\\/\\\/www.comprarmejor.es\\\/en\\\/product\\\/historiae-naturalis-de-quadrupedibus-by-johannes-jonstonus-1652\\\/#primaryimage\"},\"thumbnailUrl\":\"https:\\\/\\\/www.comprarmejor.es\\\/wp-content\\\/uploads\\\/2020\\\/06\\\/HNdQ-1.jpg\",\"datePublished\":\"2020-06-16T09:57:06+00:00\",\"dateModified\":\"2022-04-13T14:52:08+00:00\",\"description\":\"Historiae Naturalis de Quadrupedibus, by John Jonstonus, year 1652: regarded as one of the most beautiful quadruped studies in the entire\",\"breadcrumb\":{\"@id\":\"https:\\\/\\\/www.comprarmejor.es\\\/en\\\/product\\\/historiae-naturalis-de-quadrupedibus-by-johannes-jonstonus-1652\\\/#breadcrumb\"},\"inLanguage\":\"en-US\",\"potentialAction\":[{\"@type\":\"ReadAction\",\"target\":[\"https:\\\/\\\/www.comprarmejor.es\\\/en\\\/product\\\/historiae-naturalis-de-quadrupedibus-by-johannes-jonstonus-1652\\\/\"]}]},{\"@type\":\"ImageObject\",\"inLanguage\":\"en-US\",\"@id\":\"https:\\\/\\\/www.comprarmejor.es\\\/en\\\/product\\\/historiae-naturalis-de-quadrupedibus-by-johannes-jonstonus-1652\\\/#primaryimage\",\"url\":\"https:\\\/\\\/www.comprarmejor.es\\\/wp-content\\\/uploads\\\/2020\\\/06\\\/HNdQ-1.jpg\",\"contentUrl\":\"https:\\\/\\\/www.comprarmejor.es\\\/wp-content\\\/uploads\\\/2020\\\/06\\\/HNdQ-1.jpg\",\"width\":599,\"height\":449},{\"@type\":\"BreadcrumbList\",\"@id\":\"https:\\\/\\\/www.comprarmejor.es\\\/en\\\/product\\\/historiae-naturalis-de-quadrupedibus-by-johannes-jonstonus-1652\\\/#breadcrumb\",\"itemListElement\":[{\"@type\":\"ListItem\",\"position\":1,\"name\":\"Portada\",\"item\":\"https:\\\/\\\/www.comprarmejor.es\\\/en\\\/\"},{\"@type\":\"ListItem\",\"position\":2,\"name\":\"Shop\",\"item\":\"https:\\\/\\\/www.comprarmejor.es\\\/en\\\/shop\\\/\"},{\"@type\":\"ListItem\",\"position\":3,\"name\":\"Historiae Naturalis de Quadrupedibus, by Johannes Jonstonus, 1652 (5*)\"}]},{\"@type\":\"WebSite\",\"@id\":\"https:\\\/\\\/www.comprarmejor.es\\\/en\\\/#website\",\"url\":\"https:\\\/\\\/www.comprarmejor.es\\\/en\\\/\",\"name\":\"ComprarMejor\",\"description\":\"ComprarMejor\",\"publisher\":{\"@id\":\"https:\\\/\\\/www.comprarmejor.es\\\/en\\\/#organization\"},\"potentialAction\":[{\"@type\":\"SearchAction\",\"target\":{\"@type\":\"EntryPoint\",\"urlTemplate\":\"https:\\\/\\\/www.comprarmejor.es\\\/en\\\/?s={search_term_string}\"},\"query-input\":{\"@type\":\"PropertyValueSpecification\",\"valueRequired\":true,\"valueName\":\"search_term_string\"}}],\"inLanguage\":\"en-US\"},{\"@type\":\"Organization\",\"@id\":\"https:\\\/\\\/www.comprarmejor.es\\\/en\\\/#organization\",\"name\":\"COMPRAR MEJOR\",\"url\":\"https:\\\/\\\/www.comprarmejor.es\\\/en\\\/\",\"logo\":{\"@type\":\"ImageObject\",\"inLanguage\":\"en-US\",\"@id\":\"https:\\\/\\\/www.comprarmejor.es\\\/en\\\/#\\\/schema\\\/logo\\\/image\\\/\",\"url\":\"https:\\\/\\\/www.comprarmejor.es\\\/wp-content\\\/uploads\\\/2025\\\/09\\\/comprarmejortrinidad.jpg\",\"contentUrl\":\"https:\\\/\\\/www.comprarmejor.es\\\/wp-content\\\/uploads\\\/2025\\\/09\\\/comprarmejortrinidad.jpg\",\"width\":1022,\"height\":1380,\"caption\":\"COMPRAR MEJOR\"},\"image\":{\"@id\":\"https:\\\/\\\/www.comprarmejor.es\\\/en\\\/#\\\/schema\\\/logo\\\/image\\\/\"},\"sameAs\":[\"https:\\\/\\\/www.instagram.com\\\/amigosdelcodice\"]}]}<\/script>\n<!-- \/ Yoast SEO plugin. -->","yoast_head_json":{"title":"Historiae Naturalis de Quadrupedibus, by Johannes Jonstonus, 1652 (5*)","description":"Historiae Naturalis de Quadrupedibus, by John Jonstonus, year 1652: regarded as one of the most beautiful quadruped studies in the entire","robots":{"index":"index","follow":"follow","max-snippet":"max-snippet:-1","max-image-preview":"max-image-preview:large","max-video-preview":"max-video-preview:-1"},"canonical":"https:\/\/www.comprarmejor.es\/en\/product\/historiae-naturalis-de-quadrupedibus-by-johannes-jonstonus-1652\/","og_locale":"en_US","og_type":"article","og_title":"Historiae Naturalis de Quadrupedibus, by Johannes Jonstonus, 1652 (5*)","og_description":"Historiae Naturalis de Quadrupedibus, by John Jonstonus, year 1652: regarded as one of the most beautiful quadruped studies in the entire","og_url":"https:\/\/www.comprarmejor.es\/en\/product\/historiae-naturalis-de-quadrupedibus-by-johannes-jonstonus-1652\/","og_site_name":"ComprarMejor","article_modified_time":"2022-04-13T14:52:08+00:00","og_image":[{"width":599,"height":449,"url":"https:\/\/www.comprarmejor.es\/wp-content\/uploads\/2020\/06\/HNdQ-1.jpg","type":"image\/jpeg"}],"twitter_card":"summary_large_image","twitter_misc":{"Est. reading time":"3 minutes"},"schema":{"@context":"https:\/\/schema.org","@graph":[{"@type":"WebPage","@id":"https:\/\/www.comprarmejor.es\/en\/product\/historiae-naturalis-de-quadrupedibus-by-johannes-jonstonus-1652\/","url":"https:\/\/www.comprarmejor.es\/en\/product\/historiae-naturalis-de-quadrupedibus-by-johannes-jonstonus-1652\/","name":"Historiae Naturalis de Quadrupedibus, by Johannes Jonstonus, 1652 (5*)","isPartOf":{"@id":"https:\/\/www.comprarmejor.es\/en\/#website"},"primaryImageOfPage":{"@id":"https:\/\/www.comprarmejor.es\/en\/product\/historiae-naturalis-de-quadrupedibus-by-johannes-jonstonus-1652\/#primaryimage"},"image":{"@id":"https:\/\/www.comprarmejor.es\/en\/product\/historiae-naturalis-de-quadrupedibus-by-johannes-jonstonus-1652\/#primaryimage"},"thumbnailUrl":"https:\/\/www.comprarmejor.es\/wp-content\/uploads\/2020\/06\/HNdQ-1.jpg","datePublished":"2020-06-16T09:57:06+00:00","dateModified":"2022-04-13T14:52:08+00:00","description":"Historiae Naturalis de Quadrupedibus, by John Jonstonus, year 1652: regarded as one of the most beautiful quadruped studies in the entire","breadcrumb":{"@id":"https:\/\/www.comprarmejor.es\/en\/product\/historiae-naturalis-de-quadrupedibus-by-johannes-jonstonus-1652\/#breadcrumb"},"inLanguage":"en-US","potentialAction":[{"@type":"ReadAction","target":["https:\/\/www.comprarmejor.es\/en\/product\/historiae-naturalis-de-quadrupedibus-by-johannes-jonstonus-1652\/"]}]},{"@type":"ImageObject","inLanguage":"en-US","@id":"https:\/\/www.comprarmejor.es\/en\/product\/historiae-naturalis-de-quadrupedibus-by-johannes-jonstonus-1652\/#primaryimage","url":"https:\/\/www.comprarmejor.es\/wp-content\/uploads\/2020\/06\/HNdQ-1.jpg","contentUrl":"https:\/\/www.comprarmejor.es\/wp-content\/uploads\/2020\/06\/HNdQ-1.jpg","width":599,"height":449},{"@type":"BreadcrumbList","@id":"https:\/\/www.comprarmejor.es\/en\/product\/historiae-naturalis-de-quadrupedibus-by-johannes-jonstonus-1652\/#breadcrumb","itemListElement":[{"@type":"ListItem","position":1,"name":"Portada","item":"https:\/\/www.comprarmejor.es\/en\/"},{"@type":"ListItem","position":2,"name":"Shop","item":"https:\/\/www.comprarmejor.es\/en\/shop\/"},{"@type":"ListItem","position":3,"name":"Historiae Naturalis de Quadrupedibus, by Johannes Jonstonus, 1652 (5*)"}]},{"@type":"WebSite","@id":"https:\/\/www.comprarmejor.es\/en\/#website","url":"https:\/\/www.comprarmejor.es\/en\/","name":"ComprarMejor","description":"ComprarMejor","publisher":{"@id":"https:\/\/www.comprarmejor.es\/en\/#organization"},"potentialAction":[{"@type":"SearchAction","target":{"@type":"EntryPoint","urlTemplate":"https:\/\/www.comprarmejor.es\/en\/?s={search_term_string}"},"query-input":{"@type":"PropertyValueSpecification","valueRequired":true,"valueName":"search_term_string"}}],"inLanguage":"en-US"},{"@type":"Organization","@id":"https:\/\/www.comprarmejor.es\/en\/#organization","name":"COMPRAR MEJOR","url":"https:\/\/www.comprarmejor.es\/en\/","logo":{"@type":"ImageObject","inLanguage":"en-US","@id":"https:\/\/www.comprarmejor.es\/en\/#\/schema\/logo\/image\/","url":"https:\/\/www.comprarmejor.es\/wp-content\/uploads\/2025\/09\/comprarmejortrinidad.jpg","contentUrl":"https:\/\/www.comprarmejor.es\/wp-content\/uploads\/2025\/09\/comprarmejortrinidad.jpg","width":1022,"height":1380,"caption":"COMPRAR MEJOR"},"image":{"@id":"https:\/\/www.comprarmejor.es\/en\/#\/schema\/logo\/image\/"},"sameAs":["https:\/\/www.instagram.com\/amigosdelcodice"]}]}},"_links":{"self":[{"href":"https:\/\/www.comprarmejor.es\/en\/wp-json\/wp\/v2\/product\/61341","targetHints":{"allow":["GET"]}}],"collection":[{"href":"https:\/\/www.comprarmejor.es\/en\/wp-json\/wp\/v2\/product"}],"about":[{"href":"https:\/\/www.comprarmejor.es\/en\/wp-json\/wp\/v2\/types\/product"}],"wp:featuredmedia":[{"embeddable":true,"href":"https:\/\/www.comprarmejor.es\/en\/wp-json\/wp\/v2\/media\/61351"}],"wp:attachment":[{"href":"https:\/\/www.comprarmejor.es\/en\/wp-json\/wp\/v2\/media?parent=61341"}],"wp:term":[{"taxonomy":"product_brand","embeddable":true,"href":"https:\/\/www.comprarmejor.es\/en\/wp-json\/wp\/v2\/product_brand?post=61341"},{"taxonomy":"product_cat","embeddable":true,"href":"https:\/\/www.comprarmejor.es\/en\/wp-json\/wp\/v2\/product_cat?post=61341"},{"taxonomy":"product_tag","embeddable":true,"href":"https:\/\/www.comprarmejor.es\/en\/wp-json\/wp\/v2\/product_tag?post=61341"}],"curies":[{"name":"wp","href":"https:\/\/api.w.org\/{rel}","templated":true}]}}