{"id":61684,"date":"2020-07-02T12:47:13","date_gmt":"2020-07-02T10:47:15","guid":{"rendered":"https:\/\/www.comprarmejor.es\/?post_type=product&#038;p=61684"},"modified":"2025-08-06T10:28:16","modified_gmt":"2025-08-06T08:28:16","slug":"life-and-miracles-of-saint-louis-vie-et-miracles-de-monseigneur-saint-louis","status":"publish","type":"product","link":"https:\/\/www.comprarmejor.es\/en\/product\/life-and-miracles-of-saint-louis-vie-et-miracles-de-monseigneur-saint-louis\/","title":{"rendered":"Life and Miracles of Saint Louis (Vie et miracles de Monseigneur Saint Louis), s. XV (5*+)"},"content":{"rendered":"<p style=\"text-align: justify;\"><span class=\"tlid-translation translation\" lang=\"en\">Facsimile edition made in 2019 of the Fran\u00e7ais 2829 manuscript of the National Library of France, <em><strong>Vie et miracles de Monseigneur Saint Louis<\/strong><\/em> (<strong>Life and Miracles of Saint Louis<\/strong>), one of the most beautiful and impressive manuscripts of all time, and impressive jewel of the Grand Reserve of the said National Library of France.<\/span><\/p>\n<p style=\"text-align: justify;\"><em><strong>Le Livre des faiz monseigneur saint Loys, I composed \u00e0 la requ\u00e8te du cardinal de Bourbon et de la duchesse de Bourbonnois. XV century.<\/strong><\/em><\/p>\n<p style=\"text-align: justify;\">Miniaturist: Master of the Cardinal of Bourbon, among others. Original in fine vellum. 328 pages of 26.5 x 37 cm. In French. Full of impressive, grandiose and beautiful miniatures with gold.<\/p>\n<p style=\"text-align: justify;\">Manuscript destined for one of the three wives of John II, Duke of Bourbon and brother of the Cardinal of Bourbon.<\/p>\n<p style=\"text-align: justify;\">Compilation on the life of Louis IX the Saint, King of France, son of Blanca of Castile and Louis VIII of France and cousin of Ferdinand III the Saint, King of Castile and father of Alfonso X the Wise.<\/p>\n<p style=\"text-align: justify;\">Facsimile bound in beautiful blue natural cotton velvet on wood, with superb fittings, corners and closures, in imitation of the one it originally had. Format 29 x 39 cm.<\/p>\n<p style=\"text-align: justify;\">Presented in an elegant wooden conservation box with a glass window, format 45.3 x 35.3 x 10.5 cm.<\/p>\n<p style=\"text-align: justify;\">Limited edition of 898 numbered copies with notarial deed.<\/p>\n<p style=\"text-align: justify;\"><span class=\"HwtZe\" lang=\"en\"><span class=\"jCAhz ChMk0b\"><span class=\"ryNqvb\">Accompanied by the corresponding study book, bound in hard cover with illustrated dust jacket, format 25 x 31 cm<\/span><\/span><\/span>.<\/p>\n<p style=\"text-align: justify;\"><span class=\"HwtZe\" lang=\"en\"><span class=\"jCAhz ChMk0b\"><span class=\"ryNqvb\">Copy complete and in perfect condition<\/span><\/span><\/span>.<\/p>\n<p style=\"text-align: justify;\"><span title=\"Gastos de env\u00edo por cuenta del comprador, seg\u00fan pedido y destino.\"><span class=\"HwtZe\" lang=\"en\"><span class=\"jCAhz ChMk0b\"><span class=\"ryNqvb\">Free shipping for this item<\/span><\/span><\/span>. <\/span><span title=\"Cons\u00faltenos cualquier duda, as\u00ed como por cualquier otro facs\u00edmile o art\u00edculo que est\u00e9 buscando.\"><a class=\"btn btn-default\" href=\"https:\/\/www.comprarmejor.es\/en\/contact\/\">Ask us<\/a> <span class=\"HwtZe\" lang=\"en\"><span class=\"jCAhz ChMk0b\"><span class=\"ryNqvb\">any questions, indicating the article reference.<\/span><\/span><\/span><\/span><\/p>\n","protected":false},"excerpt":{"rendered":"<p style=\"text-align: justify;\"><span class=\"tlid-translation translation\" lang=\"en\"><span id=\"result_box\" lang=\"en\" xml:lang=\"en\"><span title=\"\u00a1Un 5 estrellas en toda gran Biblioteca!\"><span lang=\"en\" xml:lang=\"en\"><span title=\"\u00a1Un 5 estrellas plus para una gran Biblioteca!\"><span class=\"tlid-translation translation\" lang=\"en\" xml:lang=\"en\"><span title=\"\"><span class=\"\" title=\"\"><span class=\"VIiyi\" lang=\"en\"><span class=\"JLqJ4b ChMk0b\" data-language-for-alternatives=\"en\" data-language-to-translate-into=\"es\" data-phrase-index=\"4\" data-number-of-phrases=\"6\"><span class=\"Q4iAWc\">Facsimile edition of the manuscript of the National Library of France, Vie et miracles de Monseigneur Saint Louis (Life and Miracles of Saint Louis), one of the most beautiful and impressive manuscripts of all time, and an impressive jewel of the Great Reserve of said Library<\/span><\/span> <span class=\"JLqJ4b ChMk0b\" data-language-for-alternatives=\"en\" data-language-to-translate-into=\"es\" data-phrase-index=\"5\" data-number-of-phrases=\"6\"><span class=\"Q4iAWc\">National of France.<\/span><\/span><\/span><\/span><\/span><\/span><\/span><\/span><\/span><\/span><\/span><\/p>\n","protected":false},"featured_media":61686,"template":"","meta":[],"product_brand":[],"product_cat":[5118,2208,2250],"product_tag":[3975,5119],"class_list":{"0":"post-61684","1":"product","2":"type-product","3":"status-publish","4":"has-post-thumbnail","6":"product_cat-bindings","7":"product_cat-grand-luxury-library","8":"product_cat-other-facsimiles","9":"product_tag-bnf-en","10":"product_tag-siloe-en","11":"description-off","13":"first","14":"instock","15":"sale","16":"taxable","17":"shipping-taxable","18":"purchasable","19":"product-type-simple"},"yoast_head":"<!-- This site is optimized with the Yoast SEO plugin v27.3 - https:\/\/yoast.com\/product\/yoast-seo-wordpress\/ -->\n<title>Life and Miracles of Saint Louis-Vie et miracles de Monseigneur<\/title>\n<meta name=\"description\" content=\"Facsimile edition made in 2019 of the Fran\u00e7ais 2829 manuscript of the N. L. F., Vie et miracles de Monseigneur Saint Louis (Life and Miracles\" \/>\n<meta name=\"robots\" content=\"index, follow, max-snippet:-1, max-image-preview:large, max-video-preview:-1\" \/>\n<link rel=\"canonical\" href=\"https:\/\/www.comprarmejor.es\/en\/product\/life-and-miracles-of-saint-louis-vie-et-miracles-de-monseigneur-saint-louis\/\" \/>\n<meta property=\"og:locale\" content=\"en_US\" \/>\n<meta property=\"og:type\" content=\"article\" \/>\n<meta property=\"og:title\" content=\"Life and Miracles of Saint Louis-Vie et miracles de Monseigneur\" \/>\n<meta property=\"og:description\" content=\"Facsimile edition made in 2019 of the Fran\u00e7ais 2829 manuscript of the N. L. F., Vie et miracles de Monseigneur Saint Louis (Life and Miracles\" \/>\n<meta property=\"og:url\" content=\"https:\/\/www.comprarmejor.es\/en\/product\/life-and-miracles-of-saint-louis-vie-et-miracles-de-monseigneur-saint-louis\/\" \/>\n<meta property=\"og:site_name\" content=\"ComprarMejor\" \/>\n<meta property=\"article:modified_time\" content=\"2025-08-06T08:28:16+00:00\" \/>\n<meta property=\"og:image\" content=\"https:\/\/www.comprarmejor.es\/wp-content\/uploads\/2020\/07\/VyMSL-1.jpg\" \/>\n\t<meta property=\"og:image:width\" content=\"599\" \/>\n\t<meta property=\"og:image:height\" content=\"449\" \/>\n\t<meta property=\"og:image:type\" content=\"image\/jpeg\" \/>\n<meta name=\"twitter:card\" content=\"summary_large_image\" \/>\n<meta name=\"twitter:label1\" content=\"Est. reading time\" \/>\n\t<meta name=\"twitter:data1\" content=\"2 minutes\" \/>\n<script type=\"application\/ld+json\" class=\"yoast-schema-graph\">{\"@context\":\"https:\\\/\\\/schema.org\",\"@graph\":[{\"@type\":\"WebPage\",\"@id\":\"https:\\\/\\\/www.comprarmejor.es\\\/en\\\/product\\\/life-and-miracles-of-saint-louis-vie-et-miracles-de-monseigneur-saint-louis\\\/\",\"url\":\"https:\\\/\\\/www.comprarmejor.es\\\/en\\\/product\\\/life-and-miracles-of-saint-louis-vie-et-miracles-de-monseigneur-saint-louis\\\/\",\"name\":\"Life and Miracles of Saint Louis-Vie et miracles de Monseigneur\",\"isPartOf\":{\"@id\":\"https:\\\/\\\/www.comprarmejor.es\\\/en\\\/#website\"},\"primaryImageOfPage\":{\"@id\":\"https:\\\/\\\/www.comprarmejor.es\\\/en\\\/product\\\/life-and-miracles-of-saint-louis-vie-et-miracles-de-monseigneur-saint-louis\\\/#primaryimage\"},\"image\":{\"@id\":\"https:\\\/\\\/www.comprarmejor.es\\\/en\\\/product\\\/life-and-miracles-of-saint-louis-vie-et-miracles-de-monseigneur-saint-louis\\\/#primaryimage\"},\"thumbnailUrl\":\"https:\\\/\\\/www.comprarmejor.es\\\/wp-content\\\/uploads\\\/2020\\\/07\\\/VyMSL-1.jpg\",\"datePublished\":\"2020-07-02T10:47:15+00:00\",\"dateModified\":\"2025-08-06T08:28:16+00:00\",\"description\":\"Facsimile edition made in 2019 of the Fran\u00e7ais 2829 manuscript of the N. L. F., Vie et miracles de Monseigneur Saint Louis (Life and Miracles\",\"breadcrumb\":{\"@id\":\"https:\\\/\\\/www.comprarmejor.es\\\/en\\\/product\\\/life-and-miracles-of-saint-louis-vie-et-miracles-de-monseigneur-saint-louis\\\/#breadcrumb\"},\"inLanguage\":\"en-US\",\"potentialAction\":[{\"@type\":\"ReadAction\",\"target\":[\"https:\\\/\\\/www.comprarmejor.es\\\/en\\\/product\\\/life-and-miracles-of-saint-louis-vie-et-miracles-de-monseigneur-saint-louis\\\/\"]}]},{\"@type\":\"ImageObject\",\"inLanguage\":\"en-US\",\"@id\":\"https:\\\/\\\/www.comprarmejor.es\\\/en\\\/product\\\/life-and-miracles-of-saint-louis-vie-et-miracles-de-monseigneur-saint-louis\\\/#primaryimage\",\"url\":\"https:\\\/\\\/www.comprarmejor.es\\\/wp-content\\\/uploads\\\/2020\\\/07\\\/VyMSL-1.jpg\",\"contentUrl\":\"https:\\\/\\\/www.comprarmejor.es\\\/wp-content\\\/uploads\\\/2020\\\/07\\\/VyMSL-1.jpg\",\"width\":599,\"height\":449},{\"@type\":\"BreadcrumbList\",\"@id\":\"https:\\\/\\\/www.comprarmejor.es\\\/en\\\/product\\\/life-and-miracles-of-saint-louis-vie-et-miracles-de-monseigneur-saint-louis\\\/#breadcrumb\",\"itemListElement\":[{\"@type\":\"ListItem\",\"position\":1,\"name\":\"Portada\",\"item\":\"https:\\\/\\\/www.comprarmejor.es\\\/en\\\/\"},{\"@type\":\"ListItem\",\"position\":2,\"name\":\"Shop\",\"item\":\"https:\\\/\\\/www.comprarmejor.es\\\/en\\\/shop\\\/\"},{\"@type\":\"ListItem\",\"position\":3,\"name\":\"Life and Miracles of Saint Louis (Vie et miracles de Monseigneur Saint Louis), s. XV (5*+)\"}]},{\"@type\":\"WebSite\",\"@id\":\"https:\\\/\\\/www.comprarmejor.es\\\/en\\\/#website\",\"url\":\"https:\\\/\\\/www.comprarmejor.es\\\/en\\\/\",\"name\":\"ComprarMejor\",\"description\":\"ComprarMejor\",\"publisher\":{\"@id\":\"https:\\\/\\\/www.comprarmejor.es\\\/en\\\/#organization\"},\"potentialAction\":[{\"@type\":\"SearchAction\",\"target\":{\"@type\":\"EntryPoint\",\"urlTemplate\":\"https:\\\/\\\/www.comprarmejor.es\\\/en\\\/?s={search_term_string}\"},\"query-input\":{\"@type\":\"PropertyValueSpecification\",\"valueRequired\":true,\"valueName\":\"search_term_string\"}}],\"inLanguage\":\"en-US\"},{\"@type\":\"Organization\",\"@id\":\"https:\\\/\\\/www.comprarmejor.es\\\/en\\\/#organization\",\"name\":\"COMPRAR MEJOR\",\"url\":\"https:\\\/\\\/www.comprarmejor.es\\\/en\\\/\",\"logo\":{\"@type\":\"ImageObject\",\"inLanguage\":\"en-US\",\"@id\":\"https:\\\/\\\/www.comprarmejor.es\\\/en\\\/#\\\/schema\\\/logo\\\/image\\\/\",\"url\":\"https:\\\/\\\/www.comprarmejor.es\\\/wp-content\\\/uploads\\\/2025\\\/09\\\/comprarmejortrinidad.jpg\",\"contentUrl\":\"https:\\\/\\\/www.comprarmejor.es\\\/wp-content\\\/uploads\\\/2025\\\/09\\\/comprarmejortrinidad.jpg\",\"width\":1022,\"height\":1380,\"caption\":\"COMPRAR MEJOR\"},\"image\":{\"@id\":\"https:\\\/\\\/www.comprarmejor.es\\\/en\\\/#\\\/schema\\\/logo\\\/image\\\/\"},\"sameAs\":[\"https:\\\/\\\/www.instagram.com\\\/amigosdelcodice\"]}]}<\/script>\n<!-- \/ Yoast SEO plugin. -->","yoast_head_json":{"title":"Life and Miracles of Saint Louis-Vie et miracles de Monseigneur","description":"Facsimile edition made in 2019 of the Fran\u00e7ais 2829 manuscript of the N. L. F., Vie et miracles de Monseigneur Saint Louis (Life and Miracles","robots":{"index":"index","follow":"follow","max-snippet":"max-snippet:-1","max-image-preview":"max-image-preview:large","max-video-preview":"max-video-preview:-1"},"canonical":"https:\/\/www.comprarmejor.es\/en\/product\/life-and-miracles-of-saint-louis-vie-et-miracles-de-monseigneur-saint-louis\/","og_locale":"en_US","og_type":"article","og_title":"Life and Miracles of Saint Louis-Vie et miracles de Monseigneur","og_description":"Facsimile edition made in 2019 of the Fran\u00e7ais 2829 manuscript of the N. L. F., Vie et miracles de Monseigneur Saint Louis (Life and Miracles","og_url":"https:\/\/www.comprarmejor.es\/en\/product\/life-and-miracles-of-saint-louis-vie-et-miracles-de-monseigneur-saint-louis\/","og_site_name":"ComprarMejor","article_modified_time":"2025-08-06T08:28:16+00:00","og_image":[{"width":599,"height":449,"url":"https:\/\/www.comprarmejor.es\/wp-content\/uploads\/2020\/07\/VyMSL-1.jpg","type":"image\/jpeg"}],"twitter_card":"summary_large_image","twitter_misc":{"Est. reading time":"2 minutes"},"schema":{"@context":"https:\/\/schema.org","@graph":[{"@type":"WebPage","@id":"https:\/\/www.comprarmejor.es\/en\/product\/life-and-miracles-of-saint-louis-vie-et-miracles-de-monseigneur-saint-louis\/","url":"https:\/\/www.comprarmejor.es\/en\/product\/life-and-miracles-of-saint-louis-vie-et-miracles-de-monseigneur-saint-louis\/","name":"Life and Miracles of Saint Louis-Vie et miracles de Monseigneur","isPartOf":{"@id":"https:\/\/www.comprarmejor.es\/en\/#website"},"primaryImageOfPage":{"@id":"https:\/\/www.comprarmejor.es\/en\/product\/life-and-miracles-of-saint-louis-vie-et-miracles-de-monseigneur-saint-louis\/#primaryimage"},"image":{"@id":"https:\/\/www.comprarmejor.es\/en\/product\/life-and-miracles-of-saint-louis-vie-et-miracles-de-monseigneur-saint-louis\/#primaryimage"},"thumbnailUrl":"https:\/\/www.comprarmejor.es\/wp-content\/uploads\/2020\/07\/VyMSL-1.jpg","datePublished":"2020-07-02T10:47:15+00:00","dateModified":"2025-08-06T08:28:16+00:00","description":"Facsimile edition made in 2019 of the Fran\u00e7ais 2829 manuscript of the N. L. F., Vie et miracles de Monseigneur Saint Louis (Life and Miracles","breadcrumb":{"@id":"https:\/\/www.comprarmejor.es\/en\/product\/life-and-miracles-of-saint-louis-vie-et-miracles-de-monseigneur-saint-louis\/#breadcrumb"},"inLanguage":"en-US","potentialAction":[{"@type":"ReadAction","target":["https:\/\/www.comprarmejor.es\/en\/product\/life-and-miracles-of-saint-louis-vie-et-miracles-de-monseigneur-saint-louis\/"]}]},{"@type":"ImageObject","inLanguage":"en-US","@id":"https:\/\/www.comprarmejor.es\/en\/product\/life-and-miracles-of-saint-louis-vie-et-miracles-de-monseigneur-saint-louis\/#primaryimage","url":"https:\/\/www.comprarmejor.es\/wp-content\/uploads\/2020\/07\/VyMSL-1.jpg","contentUrl":"https:\/\/www.comprarmejor.es\/wp-content\/uploads\/2020\/07\/VyMSL-1.jpg","width":599,"height":449},{"@type":"BreadcrumbList","@id":"https:\/\/www.comprarmejor.es\/en\/product\/life-and-miracles-of-saint-louis-vie-et-miracles-de-monseigneur-saint-louis\/#breadcrumb","itemListElement":[{"@type":"ListItem","position":1,"name":"Portada","item":"https:\/\/www.comprarmejor.es\/en\/"},{"@type":"ListItem","position":2,"name":"Shop","item":"https:\/\/www.comprarmejor.es\/en\/shop\/"},{"@type":"ListItem","position":3,"name":"Life and Miracles of Saint Louis (Vie et miracles de Monseigneur Saint Louis), s. XV (5*+)"}]},{"@type":"WebSite","@id":"https:\/\/www.comprarmejor.es\/en\/#website","url":"https:\/\/www.comprarmejor.es\/en\/","name":"ComprarMejor","description":"ComprarMejor","publisher":{"@id":"https:\/\/www.comprarmejor.es\/en\/#organization"},"potentialAction":[{"@type":"SearchAction","target":{"@type":"EntryPoint","urlTemplate":"https:\/\/www.comprarmejor.es\/en\/?s={search_term_string}"},"query-input":{"@type":"PropertyValueSpecification","valueRequired":true,"valueName":"search_term_string"}}],"inLanguage":"en-US"},{"@type":"Organization","@id":"https:\/\/www.comprarmejor.es\/en\/#organization","name":"COMPRAR MEJOR","url":"https:\/\/www.comprarmejor.es\/en\/","logo":{"@type":"ImageObject","inLanguage":"en-US","@id":"https:\/\/www.comprarmejor.es\/en\/#\/schema\/logo\/image\/","url":"https:\/\/www.comprarmejor.es\/wp-content\/uploads\/2025\/09\/comprarmejortrinidad.jpg","contentUrl":"https:\/\/www.comprarmejor.es\/wp-content\/uploads\/2025\/09\/comprarmejortrinidad.jpg","width":1022,"height":1380,"caption":"COMPRAR MEJOR"},"image":{"@id":"https:\/\/www.comprarmejor.es\/en\/#\/schema\/logo\/image\/"},"sameAs":["https:\/\/www.instagram.com\/amigosdelcodice"]}]}},"_links":{"self":[{"href":"https:\/\/www.comprarmejor.es\/en\/wp-json\/wp\/v2\/product\/61684","targetHints":{"allow":["GET"]}}],"collection":[{"href":"https:\/\/www.comprarmejor.es\/en\/wp-json\/wp\/v2\/product"}],"about":[{"href":"https:\/\/www.comprarmejor.es\/en\/wp-json\/wp\/v2\/types\/product"}],"wp:featuredmedia":[{"embeddable":true,"href":"https:\/\/www.comprarmejor.es\/en\/wp-json\/wp\/v2\/media\/61686"}],"wp:attachment":[{"href":"https:\/\/www.comprarmejor.es\/en\/wp-json\/wp\/v2\/media?parent=61684"}],"wp:term":[{"taxonomy":"product_brand","embeddable":true,"href":"https:\/\/www.comprarmejor.es\/en\/wp-json\/wp\/v2\/product_brand?post=61684"},{"taxonomy":"product_cat","embeddable":true,"href":"https:\/\/www.comprarmejor.es\/en\/wp-json\/wp\/v2\/product_cat?post=61684"},{"taxonomy":"product_tag","embeddable":true,"href":"https:\/\/www.comprarmejor.es\/en\/wp-json\/wp\/v2\/product_tag?post=61684"}],"curies":[{"name":"wp","href":"https:\/\/api.w.org\/{rel}","templated":true}]}}