{"id":62609,"date":"2020-08-15T18:03:09","date_gmt":"2020-08-15T16:03:10","guid":{"rendered":"https:\/\/www.comprarmejor.es\/?post_type=product&#038;p=62609"},"modified":"2020-08-15T18:15:12","modified_gmt":"2020-08-15T16:15:12","slug":"book-of-motes-of-ladies-and-cavaliers-luis-milan-1535-b","status":"publish","type":"product","link":"https:\/\/www.comprarmejor.es\/en\/product\/book-of-motes-of-ladies-and-cavaliers-luis-milan-1535-b\/","title":{"rendered":"Book of Motes of Ladies and Cavaliers &#8230;, Luis Milan, 1535"},"content":{"rendered":"<p style=\"text-align: justify;\"><span class=\"tlid-translation translation\" lang=\"en\"><strong>Luis Milan<\/strong>. <em><strong>Ladies and Gentlemen Nicknames Book: Entitled the game of command<\/strong><\/em>. Valencia 1535. Facsimile edition with the transcription into modern Castilian Spanish. Barcelona, \u200b\u200bEdiciones Torculum, 1951.<\/span><\/p>\n<p style=\"text-align: justify;\">Print run of 350 numbered copies, on thread paper, 356 blank pages (216 pages corresponding to the facsimile of the original Gothic edition and with figures that are sometimes repeated, and 140 to the critical study of Justo Garc\u00eda Morales, and transcription).<\/p>\n<p style=\"text-align: justify;\">Book rebound in leather, spine ribs, water craft paper endguards, 16\u00ba landscape format 12 x 9.2 cm.<\/p>\n<p style=\"text-align: justify;\">According to Palau (169129 and 169130), this piece is a treat to give to ladies. The only known specimen is in the Library Nacional de Madrid and still incomplete, as it is missing 2 pages &#8230; The object of the book is gallant based on the game of opening it at random and executing the knight of order (game of command) that the text dictates and the nickname that the gallant must respond while fulfilling the order &#8230;<\/p>\n<p style=\"text-align: justify;\">Perhaps it is convenient to recall an old comment by a great bibliographer, Justo Garc\u00eda Morales, on this book that he describes as &#8220;rare and evocative&#8221;, noting that &#8220;the format in which it was printed, in which the so-called pocket books or pouch used to be published , because of the place to be kept when going on a trip, the size of the repertoires of roads, little songs, etc., and the matter of such a little work, mere court entertainment and pastime, undoubtedly caused all the other bodies or volumes that were to be destroyed. they formed the edition\u2026 \u201d. When evoking the context in which this book is published, he pointed out: \u201cIf there is any place in Spain where the chivalric, sober and medieval sense of its primitive reconquerors are lovingly united, with the sweet hedonism that comes from its sea, its sky and of his land, this is undoubtedly Valencia. And very especially the Valencia of the last years of the 16th century, a time when the Renaissance spirit imported from Italy with the constant trips of the Levantines to Naples, Sicily and the Valencian pontifical court of its Borjas or Borgias popes, softened and made whiter the almog\u00e1var spirit of the descendants of the romantic and courageous companions of Jaime the Conqueror.<\/p>\n<p style=\"text-align: justify;\">This edition was published in 1535, in the surroundings of the viceregal court of Germana de Foix. In the Valencian literary environment, a noble gentleman stood out, Luis Milan, the author, who was also the author of El Libro de M\u00fasica de vihuela de mano entitled El maestro and El Cortesano.<\/p>\n<p style=\"text-align: justify;\">The great bibliographer concludes on this book, &#8220;son of a frivolous and amusing court, presided over by a lady more frivolous and amusing still, it had no more significance than to serve as a pastime and to entertain happily and gallantly a few hours.&#8221;<\/p>\n<p style=\"text-align: justify;\">Exemplary in perfect condition and with the leaves still uncut, intonous.<\/p>\n<p style=\"text-align: justify;\"><span title=\"Gastos de env\u00edo por cuenta del comprador seg\u00fan pedido y destino.\">Shipping by the buyer to order and destination.\u00a0<\/span><span title=\"Cons\u00faltenos cualquier duda, as\u00ed como por cualquier otro Beato o facs\u00edmile que est\u00e9 buscando.\"><a class=\"btn btn-default\" href=\"https:\/\/www.comprarmejor.es\/en\/contact\">Ask us<\/a> <span lang=\"en\" xml:lang=\"en\"><span title=\"Cons\u00faltenos sin compromiso (indicando la referencia del art\u00edculo) cualquier duda, as\u00ed como por cualquier otro Beato, facs\u00edmile o art\u00edculo que est\u00e9 buscando.\">without obligation (indicating the reference of the article) any doubt.<\/span><\/span><br \/>\n<\/span><\/p>\n","protected":false},"excerpt":{"rendered":"<p style=\"text-align: justify;\"><span id=\"result_box\" lang=\"en\" xml:lang=\"en\"><span title=\"El artista iluminador es clasicista, de una est\u00e9tica occidental y contempor\u00e1nea.\"><span lang=\"en\" xml:lang=\"en\"><span lang=\"en\" xml:lang=\"en\"><span lang=\"en\" xml:lang=\"en\"><span title=\"R\/7271.\"><span class=\"tlid-translation translation\" lang=\"en\">Luis Milan. Ladies and Gentlemen Nicknames Book: Entitled the game of command. Valencia 1535. Facsimile edition with the transcription into modern Castilian Spanish.<br \/>\n<\/span><\/span><\/span><\/span><\/span><\/span><\/span><\/p>\n","protected":false},"featured_media":62611,"template":"","meta":[],"product_brand":[],"product_cat":[2184,2250],"product_tag":[4104,4222],"class_list":{"0":"post-62609","1":"product","2":"type-product","3":"status-publish","4":"has-post-thumbnail","6":"product_cat-facsimiles-editions","7":"product_cat-other-facsimiles","8":"product_tag-bne-en","9":"product_tag-motes-en","10":"product_shipping_class-from-0-to-1-kg","11":"description-off","13":"first","14":"instock","15":"taxable","16":"shipping-taxable","17":"purchasable","18":"product-type-simple"},"yoast_head":"<!-- This site is optimized with the Yoast SEO plugin v27.3 - https:\/\/yoast.com\/product\/yoast-seo-wordpress\/ -->\n<title>Book of Motes of Ladies and Cavaliers ..., Luis Milan, 1535<\/title>\n<meta name=\"description\" content=\"Luis Milan. Ladies and Gentlemen Nicknames Book: Entitled the game of command. Valencia 1535. Facsimile edition with the transcription into modern Spanish\" \/>\n<meta name=\"robots\" content=\"index, follow, max-snippet:-1, max-image-preview:large, max-video-preview:-1\" \/>\n<link rel=\"canonical\" href=\"https:\/\/www.comprarmejor.es\/en\/product\/book-of-motes-of-ladies-and-cavaliers-luis-milan-1535-b\/\" \/>\n<meta property=\"og:locale\" content=\"en_US\" \/>\n<meta property=\"og:type\" content=\"article\" \/>\n<meta property=\"og:title\" content=\"Book of Motes of Ladies and Cavaliers ..., Luis Milan, 1535\" \/>\n<meta property=\"og:description\" content=\"Luis Milan. Ladies and Gentlemen Nicknames Book: Entitled the game of command. Valencia 1535. Facsimile edition with the transcription into modern Spanish\" \/>\n<meta property=\"og:url\" content=\"https:\/\/www.comprarmejor.es\/en\/product\/book-of-motes-of-ladies-and-cavaliers-luis-milan-1535-b\/\" \/>\n<meta property=\"og:site_name\" content=\"ComprarMejor\" \/>\n<meta property=\"article:modified_time\" content=\"2020-08-15T16:15:12+00:00\" \/>\n<meta property=\"og:image\" content=\"https:\/\/www.comprarmejor.es\/wp-content\/uploads\/2020\/08\/LMDCb-2.jpg\" \/>\n\t<meta property=\"og:image:width\" content=\"252\" \/>\n\t<meta property=\"og:image:height\" content=\"599\" \/>\n\t<meta property=\"og:image:type\" content=\"image\/jpeg\" \/>\n<meta name=\"twitter:card\" content=\"summary_large_image\" \/>\n<meta name=\"twitter:label1\" content=\"Est. reading time\" \/>\n\t<meta name=\"twitter:data1\" content=\"2 minutes\" \/>\n<script type=\"application\/ld+json\" class=\"yoast-schema-graph\">{\"@context\":\"https:\\\/\\\/schema.org\",\"@graph\":[{\"@type\":\"WebPage\",\"@id\":\"https:\\\/\\\/www.comprarmejor.es\\\/en\\\/product\\\/book-of-motes-of-ladies-and-cavaliers-luis-milan-1535-b\\\/\",\"url\":\"https:\\\/\\\/www.comprarmejor.es\\\/en\\\/product\\\/book-of-motes-of-ladies-and-cavaliers-luis-milan-1535-b\\\/\",\"name\":\"Book of Motes of Ladies and Cavaliers ..., Luis Milan, 1535\",\"isPartOf\":{\"@id\":\"https:\\\/\\\/www.comprarmejor.es\\\/en\\\/#website\"},\"primaryImageOfPage\":{\"@id\":\"https:\\\/\\\/www.comprarmejor.es\\\/en\\\/product\\\/book-of-motes-of-ladies-and-cavaliers-luis-milan-1535-b\\\/#primaryimage\"},\"image\":{\"@id\":\"https:\\\/\\\/www.comprarmejor.es\\\/en\\\/product\\\/book-of-motes-of-ladies-and-cavaliers-luis-milan-1535-b\\\/#primaryimage\"},\"thumbnailUrl\":\"https:\\\/\\\/www.comprarmejor.es\\\/wp-content\\\/uploads\\\/2020\\\/08\\\/LMDCb-2.jpg\",\"datePublished\":\"2020-08-15T16:03:10+00:00\",\"dateModified\":\"2020-08-15T16:15:12+00:00\",\"description\":\"Luis Milan. Ladies and Gentlemen Nicknames Book: Entitled the game of command. Valencia 1535. Facsimile edition with the transcription into modern Spanish\",\"breadcrumb\":{\"@id\":\"https:\\\/\\\/www.comprarmejor.es\\\/en\\\/product\\\/book-of-motes-of-ladies-and-cavaliers-luis-milan-1535-b\\\/#breadcrumb\"},\"inLanguage\":\"en-US\",\"potentialAction\":[{\"@type\":\"ReadAction\",\"target\":[\"https:\\\/\\\/www.comprarmejor.es\\\/en\\\/product\\\/book-of-motes-of-ladies-and-cavaliers-luis-milan-1535-b\\\/\"]}]},{\"@type\":\"ImageObject\",\"inLanguage\":\"en-US\",\"@id\":\"https:\\\/\\\/www.comprarmejor.es\\\/en\\\/product\\\/book-of-motes-of-ladies-and-cavaliers-luis-milan-1535-b\\\/#primaryimage\",\"url\":\"https:\\\/\\\/www.comprarmejor.es\\\/wp-content\\\/uploads\\\/2020\\\/08\\\/LMDCb-2.jpg\",\"contentUrl\":\"https:\\\/\\\/www.comprarmejor.es\\\/wp-content\\\/uploads\\\/2020\\\/08\\\/LMDCb-2.jpg\",\"width\":252,\"height\":599},{\"@type\":\"BreadcrumbList\",\"@id\":\"https:\\\/\\\/www.comprarmejor.es\\\/en\\\/product\\\/book-of-motes-of-ladies-and-cavaliers-luis-milan-1535-b\\\/#breadcrumb\",\"itemListElement\":[{\"@type\":\"ListItem\",\"position\":1,\"name\":\"Portada\",\"item\":\"https:\\\/\\\/www.comprarmejor.es\\\/en\\\/\"},{\"@type\":\"ListItem\",\"position\":2,\"name\":\"Shop\",\"item\":\"https:\\\/\\\/www.comprarmejor.es\\\/en\\\/shop\\\/\"},{\"@type\":\"ListItem\",\"position\":3,\"name\":\"Book of Motes of Ladies and Cavaliers &#8230;, Luis Milan, 1535\"}]},{\"@type\":\"WebSite\",\"@id\":\"https:\\\/\\\/www.comprarmejor.es\\\/en\\\/#website\",\"url\":\"https:\\\/\\\/www.comprarmejor.es\\\/en\\\/\",\"name\":\"ComprarMejor\",\"description\":\"ComprarMejor\",\"publisher\":{\"@id\":\"https:\\\/\\\/www.comprarmejor.es\\\/en\\\/#organization\"},\"potentialAction\":[{\"@type\":\"SearchAction\",\"target\":{\"@type\":\"EntryPoint\",\"urlTemplate\":\"https:\\\/\\\/www.comprarmejor.es\\\/en\\\/?s={search_term_string}\"},\"query-input\":{\"@type\":\"PropertyValueSpecification\",\"valueRequired\":true,\"valueName\":\"search_term_string\"}}],\"inLanguage\":\"en-US\"},{\"@type\":\"Organization\",\"@id\":\"https:\\\/\\\/www.comprarmejor.es\\\/en\\\/#organization\",\"name\":\"COMPRAR MEJOR\",\"url\":\"https:\\\/\\\/www.comprarmejor.es\\\/en\\\/\",\"logo\":{\"@type\":\"ImageObject\",\"inLanguage\":\"en-US\",\"@id\":\"https:\\\/\\\/www.comprarmejor.es\\\/en\\\/#\\\/schema\\\/logo\\\/image\\\/\",\"url\":\"https:\\\/\\\/www.comprarmejor.es\\\/wp-content\\\/uploads\\\/2025\\\/09\\\/comprarmejortrinidad.jpg\",\"contentUrl\":\"https:\\\/\\\/www.comprarmejor.es\\\/wp-content\\\/uploads\\\/2025\\\/09\\\/comprarmejortrinidad.jpg\",\"width\":1022,\"height\":1380,\"caption\":\"COMPRAR MEJOR\"},\"image\":{\"@id\":\"https:\\\/\\\/www.comprarmejor.es\\\/en\\\/#\\\/schema\\\/logo\\\/image\\\/\"},\"sameAs\":[\"https:\\\/\\\/www.instagram.com\\\/amigosdelcodice\"]}]}<\/script>\n<!-- \/ Yoast SEO plugin. -->","yoast_head_json":{"title":"Book of Motes of Ladies and Cavaliers ..., Luis Milan, 1535","description":"Luis Milan. Ladies and Gentlemen Nicknames Book: Entitled the game of command. Valencia 1535. Facsimile edition with the transcription into modern Spanish","robots":{"index":"index","follow":"follow","max-snippet":"max-snippet:-1","max-image-preview":"max-image-preview:large","max-video-preview":"max-video-preview:-1"},"canonical":"https:\/\/www.comprarmejor.es\/en\/product\/book-of-motes-of-ladies-and-cavaliers-luis-milan-1535-b\/","og_locale":"en_US","og_type":"article","og_title":"Book of Motes of Ladies and Cavaliers ..., Luis Milan, 1535","og_description":"Luis Milan. Ladies and Gentlemen Nicknames Book: Entitled the game of command. Valencia 1535. Facsimile edition with the transcription into modern Spanish","og_url":"https:\/\/www.comprarmejor.es\/en\/product\/book-of-motes-of-ladies-and-cavaliers-luis-milan-1535-b\/","og_site_name":"ComprarMejor","article_modified_time":"2020-08-15T16:15:12+00:00","og_image":[{"width":252,"height":599,"url":"https:\/\/www.comprarmejor.es\/wp-content\/uploads\/2020\/08\/LMDCb-2.jpg","type":"image\/jpeg"}],"twitter_card":"summary_large_image","twitter_misc":{"Est. reading time":"2 minutes"},"schema":{"@context":"https:\/\/schema.org","@graph":[{"@type":"WebPage","@id":"https:\/\/www.comprarmejor.es\/en\/product\/book-of-motes-of-ladies-and-cavaliers-luis-milan-1535-b\/","url":"https:\/\/www.comprarmejor.es\/en\/product\/book-of-motes-of-ladies-and-cavaliers-luis-milan-1535-b\/","name":"Book of Motes of Ladies and Cavaliers ..., Luis Milan, 1535","isPartOf":{"@id":"https:\/\/www.comprarmejor.es\/en\/#website"},"primaryImageOfPage":{"@id":"https:\/\/www.comprarmejor.es\/en\/product\/book-of-motes-of-ladies-and-cavaliers-luis-milan-1535-b\/#primaryimage"},"image":{"@id":"https:\/\/www.comprarmejor.es\/en\/product\/book-of-motes-of-ladies-and-cavaliers-luis-milan-1535-b\/#primaryimage"},"thumbnailUrl":"https:\/\/www.comprarmejor.es\/wp-content\/uploads\/2020\/08\/LMDCb-2.jpg","datePublished":"2020-08-15T16:03:10+00:00","dateModified":"2020-08-15T16:15:12+00:00","description":"Luis Milan. Ladies and Gentlemen Nicknames Book: Entitled the game of command. Valencia 1535. Facsimile edition with the transcription into modern Spanish","breadcrumb":{"@id":"https:\/\/www.comprarmejor.es\/en\/product\/book-of-motes-of-ladies-and-cavaliers-luis-milan-1535-b\/#breadcrumb"},"inLanguage":"en-US","potentialAction":[{"@type":"ReadAction","target":["https:\/\/www.comprarmejor.es\/en\/product\/book-of-motes-of-ladies-and-cavaliers-luis-milan-1535-b\/"]}]},{"@type":"ImageObject","inLanguage":"en-US","@id":"https:\/\/www.comprarmejor.es\/en\/product\/book-of-motes-of-ladies-and-cavaliers-luis-milan-1535-b\/#primaryimage","url":"https:\/\/www.comprarmejor.es\/wp-content\/uploads\/2020\/08\/LMDCb-2.jpg","contentUrl":"https:\/\/www.comprarmejor.es\/wp-content\/uploads\/2020\/08\/LMDCb-2.jpg","width":252,"height":599},{"@type":"BreadcrumbList","@id":"https:\/\/www.comprarmejor.es\/en\/product\/book-of-motes-of-ladies-and-cavaliers-luis-milan-1535-b\/#breadcrumb","itemListElement":[{"@type":"ListItem","position":1,"name":"Portada","item":"https:\/\/www.comprarmejor.es\/en\/"},{"@type":"ListItem","position":2,"name":"Shop","item":"https:\/\/www.comprarmejor.es\/en\/shop\/"},{"@type":"ListItem","position":3,"name":"Book of Motes of Ladies and Cavaliers &#8230;, Luis Milan, 1535"}]},{"@type":"WebSite","@id":"https:\/\/www.comprarmejor.es\/en\/#website","url":"https:\/\/www.comprarmejor.es\/en\/","name":"ComprarMejor","description":"ComprarMejor","publisher":{"@id":"https:\/\/www.comprarmejor.es\/en\/#organization"},"potentialAction":[{"@type":"SearchAction","target":{"@type":"EntryPoint","urlTemplate":"https:\/\/www.comprarmejor.es\/en\/?s={search_term_string}"},"query-input":{"@type":"PropertyValueSpecification","valueRequired":true,"valueName":"search_term_string"}}],"inLanguage":"en-US"},{"@type":"Organization","@id":"https:\/\/www.comprarmejor.es\/en\/#organization","name":"COMPRAR MEJOR","url":"https:\/\/www.comprarmejor.es\/en\/","logo":{"@type":"ImageObject","inLanguage":"en-US","@id":"https:\/\/www.comprarmejor.es\/en\/#\/schema\/logo\/image\/","url":"https:\/\/www.comprarmejor.es\/wp-content\/uploads\/2025\/09\/comprarmejortrinidad.jpg","contentUrl":"https:\/\/www.comprarmejor.es\/wp-content\/uploads\/2025\/09\/comprarmejortrinidad.jpg","width":1022,"height":1380,"caption":"COMPRAR MEJOR"},"image":{"@id":"https:\/\/www.comprarmejor.es\/en\/#\/schema\/logo\/image\/"},"sameAs":["https:\/\/www.instagram.com\/amigosdelcodice"]}]}},"_links":{"self":[{"href":"https:\/\/www.comprarmejor.es\/en\/wp-json\/wp\/v2\/product\/62609","targetHints":{"allow":["GET"]}}],"collection":[{"href":"https:\/\/www.comprarmejor.es\/en\/wp-json\/wp\/v2\/product"}],"about":[{"href":"https:\/\/www.comprarmejor.es\/en\/wp-json\/wp\/v2\/types\/product"}],"wp:featuredmedia":[{"embeddable":true,"href":"https:\/\/www.comprarmejor.es\/en\/wp-json\/wp\/v2\/media\/62611"}],"wp:attachment":[{"href":"https:\/\/www.comprarmejor.es\/en\/wp-json\/wp\/v2\/media?parent=62609"}],"wp:term":[{"taxonomy":"product_brand","embeddable":true,"href":"https:\/\/www.comprarmejor.es\/en\/wp-json\/wp\/v2\/product_brand?post=62609"},{"taxonomy":"product_cat","embeddable":true,"href":"https:\/\/www.comprarmejor.es\/en\/wp-json\/wp\/v2\/product_cat?post=62609"},{"taxonomy":"product_tag","embeddable":true,"href":"https:\/\/www.comprarmejor.es\/en\/wp-json\/wp\/v2\/product_tag?post=62609"}],"curies":[{"name":"wp","href":"https:\/\/api.w.org\/{rel}","templated":true}]}}