{"id":63178,"date":"2020-09-08T18:25:24","date_gmt":"2020-09-08T16:25:25","guid":{"rendered":"https:\/\/www.comprarmejor.es\/?post_type=product&#038;p=63178"},"modified":"2021-04-01T15:37:42","modified_gmt":"2021-04-01T13:37:42","slug":"don-quixote-by-rivadeneyra-argamasilla-1863","status":"publish","type":"product","link":"https:\/\/www.comprarmejor.es\/en\/product\/don-quixote-by-rivadeneyra-argamasilla-1863\/","title":{"rendered":"2016 Don Quixote by Rivadeneyra \/ Argamasilla, 1863"},"content":{"rendered":"<p style=\"text-align: justify;\"><span class=\"tlid-translation translation\" lang=\"en\">The ingenious gentleman Don Quixote de La Mancha, facsimile of the edition of the Imprenta de Don Manuel Rivadeneyra (house that was Cervantes prison), Argamasilla de Alba, 1863.<\/span><\/p>\n<p style=\"text-align: justify;\">Guardas, drawing by Gregorio Prieto (1972) of the Cervantes Cave-Prison in Argamasilla de Alba.<\/p>\n<p style=\"text-align: justify;\">Reissue of 2016 in facsimile of <strong>Don Quixote de Rivadeneyra<\/strong>, also known as <strong>Don Quixote de Argamasilla<\/strong>. Edition numbered and limited to 1,200 copies, 1,000 bound in soft cover and 200 in hard cover (this is the one that corresponds to our copy). It is a facsimile of Don Quixote printed in 1863 by the printer Manuel de Rivadeneyra, in the Medrano Cave, where Miguel de Cervantes was imprisoned in Argamasilla de Alba. Edition of great interest for its quality and historical value. Its measurements are true to the original.<\/p>\n<p style=\"text-align: justify;\">4 volumes in 8\u00ba bound in Dutch hard cover leather and fabric, guide tape, golden spines with soft nerves. 9.5 x 14 cm format. Volume I, 506 pages (includes facsimile handwritten letter from Cervantes); Volume II, 448 pages; Volume III, 450 pages; Volume IV, 400 pages.<\/p>\n<p style=\"text-align: justify;\">Complete copy and in perfect condition.<\/p>\n<p style=\"text-align: justify;\"><span title=\"Gastos de env\u00edo por cuenta del comprador, seg\u00fan pedido y destino.\">Shipping by the buyer, upon request and destination.\u00a0<\/span><span title=\"Cons\u00faltenos sin compromiso cualquier duda, as\u00ed como por cualquier otro facs\u00edmile o art\u00edculo que est\u00e9 buscando.\"><a class=\"btn btn-default\" href=\"https:\/\/www.comprarmejor.es\/en\/contact\">Consult us<\/a> without obligation any questions, as well as facsimile or any other item that is looking for.<\/span><\/p>\n<div class=\"text-wrap tlid-copy-target\">\n<div class=\"result-shield-container tlid-copy-target\" style=\"text-align: justify;\" tabindex=\"0\">\n<p style=\"text-align: justify;\"><span class=\"tlid-translation translation\" lang=\"en\">The &#8220;Quijote de Rivadeneyra&#8221;, which was printed in 1863 by Manuel Rivadeneyra in the Cueva de Medrano, a place that was used as a prison and where Miguel de Cervantes was imprisoned, has been reissued in a facsimile edition of 1,200 copies.<\/span><\/p>\n<p style=\"text-align: justify;\">The City Council of Argamasilla de Alba, the La Mancha town where the cave is located, has reissued, in collaboration with Ediciones Soubriet, this new edition of &#8220;Quijote de Rivadeneyra&#8221; in four small volumes.<\/p>\n<p style=\"text-align: justify;\">In this way, according to a press release from the Argamasilla de Alba City Council, homage is paid to Cervantes, Don Quixote and the printer Manuel Rivadeneyra, who in 1863 moved his printing press to the interior of the cave where Cervantes was a prisoner.<\/p>\n<p style=\"text-align: justify;\">Juan Eugenio Hartzenbusch, a playwright and academician from the Royal Spanish Academy, participated in the Rivadeneyra project and prefaced the play.<\/p>\n<p style=\"text-align: justify;\">Following in the footsteps of Rivadeneyra and Hartzenbusch, the current edition has been joined by the prologue of the honorary president of the Association of Cervantists and Honorary Academician of Argamasilla, Jos\u00e9 Manuel Luc\u00eda.<\/p>\n<p style=\"text-align: justify;\">In the prologue, Luc\u00eda points out that Rivadeneyra&#8217;s &#8220;quixotic adventure&#8221; consisted of taking the entire printing team together with the operators &#8220;to a province where the existence of the printing press had not yet been known (&#8230;). A company worthy of a place in La Mancha that has been created, that reinvents itself at every moment in the image and likeness of the quixotic dreams devised by Miguel de Cervantes such as Argamasilla de Alba &#8220;.<\/p>\n<p style=\"text-align: justify;\">With the facsimile edition of &#8220;Don Quixote de Rivadeneyra&#8221;, Argamasilla de Alba closes the commemorative acts of the IV Centenary of the Death of Miguel de Cervantes (1547-1616), reissuing a work that, according to the City Council, is of interest to both lovers of the Quixote, as for the world of collecting, since it has a high technical quality and great historical value.<\/p>\n<\/div>\n<\/div>\n","protected":false},"excerpt":{"rendered":"<p style=\"text-align: justify;\"><span id=\"result_box\" lang=\"en\" xml:lang=\"en\"><span title=\"Libro estudio de la edici\u00f3n facs\u00edmile del Beato de Li\u00e9bana c\u00f3dice de Lorvao, c\u00f3dice portugu\u00e9s del a\u00f1o 1189, realizado por Egeas en el monasterio de San Mamede de Lorvao (Portugal).\"><span class=\"tlid-translation translation\" lang=\"en\">The ingenious gentleman Don Quixote de La Mancha, facsimile of the edition of the Imprenta de Don Manuel Rivadeneyra (house that was Cervantes prison), Argamasilla de Alba, 1863.<\/span><\/span><\/span><\/p>\n","protected":false},"featured_media":63180,"template":"","meta":[],"product_brand":[],"product_cat":[2228],"product_tag":[4041,5129],"class_list":{"0":"post-63178","1":"product","2":"type-product","3":"status-publish","4":"has-post-thumbnail","6":"product_cat-quijotes-en","7":"product_tag-cervantes-en","8":"product_tag-quixote-en","9":"product_shipping_class-from-0-to-1-kg","10":"description-off","12":"first","13":"instock","14":"sale","15":"taxable","16":"shipping-taxable","17":"purchasable","18":"product-type-simple"},"yoast_head":"<!-- This site is optimized with the Yoast SEO plugin v27.3 - https:\/\/yoast.com\/product\/yoast-seo-wordpress\/ -->\n<title>Don Quixote by Rivadeneyra \/ Argamasilla, 1863, facsimile<\/title>\n<meta name=\"description\" content=\"The ingenious Don Quixote de La Mancha, facsimile of the edition Manuel Rivadeneyra (house Cervantes prison), Argamasilla de Alba, 1863.\" \/>\n<meta name=\"robots\" content=\"index, follow, max-snippet:-1, max-image-preview:large, max-video-preview:-1\" \/>\n<link rel=\"canonical\" href=\"https:\/\/www.comprarmejor.es\/en\/product\/don-quixote-by-rivadeneyra-argamasilla-1863\/\" \/>\n<meta property=\"og:locale\" content=\"en_US\" \/>\n<meta property=\"og:type\" content=\"article\" \/>\n<meta property=\"og:title\" content=\"Don Quixote by Rivadeneyra \/ Argamasilla, 1863, facsimile\" \/>\n<meta property=\"og:description\" content=\"The ingenious Don Quixote de La Mancha, facsimile of the edition Manuel Rivadeneyra (house Cervantes prison), Argamasilla de Alba, 1863.\" \/>\n<meta property=\"og:url\" content=\"https:\/\/www.comprarmejor.es\/en\/product\/don-quixote-by-rivadeneyra-argamasilla-1863\/\" \/>\n<meta property=\"og:site_name\" content=\"ComprarMejor\" \/>\n<meta property=\"article:modified_time\" content=\"2021-04-01T13:37:42+00:00\" \/>\n<meta property=\"og:image\" content=\"https:\/\/www.comprarmejor.es\/wp-content\/uploads\/2020\/09\/QRAA-1.jpg\" \/>\n\t<meta property=\"og:image:width\" content=\"539\" \/>\n\t<meta property=\"og:image:height\" content=\"599\" \/>\n\t<meta property=\"og:image:type\" content=\"image\/jpeg\" \/>\n<meta name=\"twitter:card\" content=\"summary_large_image\" \/>\n<meta name=\"twitter:label1\" content=\"Est. reading time\" \/>\n\t<meta name=\"twitter:data1\" content=\"3 minutes\" \/>\n<script type=\"application\/ld+json\" class=\"yoast-schema-graph\">{\"@context\":\"https:\\\/\\\/schema.org\",\"@graph\":[{\"@type\":\"WebPage\",\"@id\":\"https:\\\/\\\/www.comprarmejor.es\\\/en\\\/product\\\/don-quixote-by-rivadeneyra-argamasilla-1863\\\/\",\"url\":\"https:\\\/\\\/www.comprarmejor.es\\\/en\\\/product\\\/don-quixote-by-rivadeneyra-argamasilla-1863\\\/\",\"name\":\"Don Quixote by Rivadeneyra \\\/ Argamasilla, 1863, facsimile\",\"isPartOf\":{\"@id\":\"https:\\\/\\\/www.comprarmejor.es\\\/en\\\/#website\"},\"primaryImageOfPage\":{\"@id\":\"https:\\\/\\\/www.comprarmejor.es\\\/en\\\/product\\\/don-quixote-by-rivadeneyra-argamasilla-1863\\\/#primaryimage\"},\"image\":{\"@id\":\"https:\\\/\\\/www.comprarmejor.es\\\/en\\\/product\\\/don-quixote-by-rivadeneyra-argamasilla-1863\\\/#primaryimage\"},\"thumbnailUrl\":\"https:\\\/\\\/www.comprarmejor.es\\\/wp-content\\\/uploads\\\/2020\\\/09\\\/QRAA-1.jpg\",\"datePublished\":\"2020-09-08T16:25:25+00:00\",\"dateModified\":\"2021-04-01T13:37:42+00:00\",\"description\":\"The ingenious Don Quixote de La Mancha, facsimile of the edition Manuel Rivadeneyra (house Cervantes prison), Argamasilla de Alba, 1863.\",\"breadcrumb\":{\"@id\":\"https:\\\/\\\/www.comprarmejor.es\\\/en\\\/product\\\/don-quixote-by-rivadeneyra-argamasilla-1863\\\/#breadcrumb\"},\"inLanguage\":\"en-US\",\"potentialAction\":[{\"@type\":\"ReadAction\",\"target\":[\"https:\\\/\\\/www.comprarmejor.es\\\/en\\\/product\\\/don-quixote-by-rivadeneyra-argamasilla-1863\\\/\"]}]},{\"@type\":\"ImageObject\",\"inLanguage\":\"en-US\",\"@id\":\"https:\\\/\\\/www.comprarmejor.es\\\/en\\\/product\\\/don-quixote-by-rivadeneyra-argamasilla-1863\\\/#primaryimage\",\"url\":\"https:\\\/\\\/www.comprarmejor.es\\\/wp-content\\\/uploads\\\/2020\\\/09\\\/QRAA-1.jpg\",\"contentUrl\":\"https:\\\/\\\/www.comprarmejor.es\\\/wp-content\\\/uploads\\\/2020\\\/09\\\/QRAA-1.jpg\",\"width\":539,\"height\":599},{\"@type\":\"BreadcrumbList\",\"@id\":\"https:\\\/\\\/www.comprarmejor.es\\\/en\\\/product\\\/don-quixote-by-rivadeneyra-argamasilla-1863\\\/#breadcrumb\",\"itemListElement\":[{\"@type\":\"ListItem\",\"position\":1,\"name\":\"Portada\",\"item\":\"https:\\\/\\\/www.comprarmejor.es\\\/en\\\/\"},{\"@type\":\"ListItem\",\"position\":2,\"name\":\"Shop\",\"item\":\"https:\\\/\\\/www.comprarmejor.es\\\/en\\\/shop\\\/\"},{\"@type\":\"ListItem\",\"position\":3,\"name\":\"2016 Don Quixote by Rivadeneyra \\\/ Argamasilla, 1863\"}]},{\"@type\":\"WebSite\",\"@id\":\"https:\\\/\\\/www.comprarmejor.es\\\/en\\\/#website\",\"url\":\"https:\\\/\\\/www.comprarmejor.es\\\/en\\\/\",\"name\":\"ComprarMejor\",\"description\":\"ComprarMejor\",\"publisher\":{\"@id\":\"https:\\\/\\\/www.comprarmejor.es\\\/en\\\/#organization\"},\"potentialAction\":[{\"@type\":\"SearchAction\",\"target\":{\"@type\":\"EntryPoint\",\"urlTemplate\":\"https:\\\/\\\/www.comprarmejor.es\\\/en\\\/?s={search_term_string}\"},\"query-input\":{\"@type\":\"PropertyValueSpecification\",\"valueRequired\":true,\"valueName\":\"search_term_string\"}}],\"inLanguage\":\"en-US\"},{\"@type\":\"Organization\",\"@id\":\"https:\\\/\\\/www.comprarmejor.es\\\/en\\\/#organization\",\"name\":\"COMPRAR MEJOR\",\"url\":\"https:\\\/\\\/www.comprarmejor.es\\\/en\\\/\",\"logo\":{\"@type\":\"ImageObject\",\"inLanguage\":\"en-US\",\"@id\":\"https:\\\/\\\/www.comprarmejor.es\\\/en\\\/#\\\/schema\\\/logo\\\/image\\\/\",\"url\":\"https:\\\/\\\/www.comprarmejor.es\\\/wp-content\\\/uploads\\\/2025\\\/09\\\/comprarmejortrinidad.jpg\",\"contentUrl\":\"https:\\\/\\\/www.comprarmejor.es\\\/wp-content\\\/uploads\\\/2025\\\/09\\\/comprarmejortrinidad.jpg\",\"width\":1022,\"height\":1380,\"caption\":\"COMPRAR MEJOR\"},\"image\":{\"@id\":\"https:\\\/\\\/www.comprarmejor.es\\\/en\\\/#\\\/schema\\\/logo\\\/image\\\/\"},\"sameAs\":[\"https:\\\/\\\/www.instagram.com\\\/amigosdelcodice\"]}]}<\/script>\n<!-- \/ Yoast SEO plugin. -->","yoast_head_json":{"title":"Don Quixote by Rivadeneyra \/ Argamasilla, 1863, facsimile","description":"The ingenious Don Quixote de La Mancha, facsimile of the edition Manuel Rivadeneyra (house Cervantes prison), Argamasilla de Alba, 1863.","robots":{"index":"index","follow":"follow","max-snippet":"max-snippet:-1","max-image-preview":"max-image-preview:large","max-video-preview":"max-video-preview:-1"},"canonical":"https:\/\/www.comprarmejor.es\/en\/product\/don-quixote-by-rivadeneyra-argamasilla-1863\/","og_locale":"en_US","og_type":"article","og_title":"Don Quixote by Rivadeneyra \/ Argamasilla, 1863, facsimile","og_description":"The ingenious Don Quixote de La Mancha, facsimile of the edition Manuel Rivadeneyra (house Cervantes prison), Argamasilla de Alba, 1863.","og_url":"https:\/\/www.comprarmejor.es\/en\/product\/don-quixote-by-rivadeneyra-argamasilla-1863\/","og_site_name":"ComprarMejor","article_modified_time":"2021-04-01T13:37:42+00:00","og_image":[{"width":539,"height":599,"url":"https:\/\/www.comprarmejor.es\/wp-content\/uploads\/2020\/09\/QRAA-1.jpg","type":"image\/jpeg"}],"twitter_card":"summary_large_image","twitter_misc":{"Est. reading time":"3 minutes"},"schema":{"@context":"https:\/\/schema.org","@graph":[{"@type":"WebPage","@id":"https:\/\/www.comprarmejor.es\/en\/product\/don-quixote-by-rivadeneyra-argamasilla-1863\/","url":"https:\/\/www.comprarmejor.es\/en\/product\/don-quixote-by-rivadeneyra-argamasilla-1863\/","name":"Don Quixote by Rivadeneyra \/ Argamasilla, 1863, facsimile","isPartOf":{"@id":"https:\/\/www.comprarmejor.es\/en\/#website"},"primaryImageOfPage":{"@id":"https:\/\/www.comprarmejor.es\/en\/product\/don-quixote-by-rivadeneyra-argamasilla-1863\/#primaryimage"},"image":{"@id":"https:\/\/www.comprarmejor.es\/en\/product\/don-quixote-by-rivadeneyra-argamasilla-1863\/#primaryimage"},"thumbnailUrl":"https:\/\/www.comprarmejor.es\/wp-content\/uploads\/2020\/09\/QRAA-1.jpg","datePublished":"2020-09-08T16:25:25+00:00","dateModified":"2021-04-01T13:37:42+00:00","description":"The ingenious Don Quixote de La Mancha, facsimile of the edition Manuel Rivadeneyra (house Cervantes prison), Argamasilla de Alba, 1863.","breadcrumb":{"@id":"https:\/\/www.comprarmejor.es\/en\/product\/don-quixote-by-rivadeneyra-argamasilla-1863\/#breadcrumb"},"inLanguage":"en-US","potentialAction":[{"@type":"ReadAction","target":["https:\/\/www.comprarmejor.es\/en\/product\/don-quixote-by-rivadeneyra-argamasilla-1863\/"]}]},{"@type":"ImageObject","inLanguage":"en-US","@id":"https:\/\/www.comprarmejor.es\/en\/product\/don-quixote-by-rivadeneyra-argamasilla-1863\/#primaryimage","url":"https:\/\/www.comprarmejor.es\/wp-content\/uploads\/2020\/09\/QRAA-1.jpg","contentUrl":"https:\/\/www.comprarmejor.es\/wp-content\/uploads\/2020\/09\/QRAA-1.jpg","width":539,"height":599},{"@type":"BreadcrumbList","@id":"https:\/\/www.comprarmejor.es\/en\/product\/don-quixote-by-rivadeneyra-argamasilla-1863\/#breadcrumb","itemListElement":[{"@type":"ListItem","position":1,"name":"Portada","item":"https:\/\/www.comprarmejor.es\/en\/"},{"@type":"ListItem","position":2,"name":"Shop","item":"https:\/\/www.comprarmejor.es\/en\/shop\/"},{"@type":"ListItem","position":3,"name":"2016 Don Quixote by Rivadeneyra \/ Argamasilla, 1863"}]},{"@type":"WebSite","@id":"https:\/\/www.comprarmejor.es\/en\/#website","url":"https:\/\/www.comprarmejor.es\/en\/","name":"ComprarMejor","description":"ComprarMejor","publisher":{"@id":"https:\/\/www.comprarmejor.es\/en\/#organization"},"potentialAction":[{"@type":"SearchAction","target":{"@type":"EntryPoint","urlTemplate":"https:\/\/www.comprarmejor.es\/en\/?s={search_term_string}"},"query-input":{"@type":"PropertyValueSpecification","valueRequired":true,"valueName":"search_term_string"}}],"inLanguage":"en-US"},{"@type":"Organization","@id":"https:\/\/www.comprarmejor.es\/en\/#organization","name":"COMPRAR MEJOR","url":"https:\/\/www.comprarmejor.es\/en\/","logo":{"@type":"ImageObject","inLanguage":"en-US","@id":"https:\/\/www.comprarmejor.es\/en\/#\/schema\/logo\/image\/","url":"https:\/\/www.comprarmejor.es\/wp-content\/uploads\/2025\/09\/comprarmejortrinidad.jpg","contentUrl":"https:\/\/www.comprarmejor.es\/wp-content\/uploads\/2025\/09\/comprarmejortrinidad.jpg","width":1022,"height":1380,"caption":"COMPRAR MEJOR"},"image":{"@id":"https:\/\/www.comprarmejor.es\/en\/#\/schema\/logo\/image\/"},"sameAs":["https:\/\/www.instagram.com\/amigosdelcodice"]}]}},"_links":{"self":[{"href":"https:\/\/www.comprarmejor.es\/en\/wp-json\/wp\/v2\/product\/63178","targetHints":{"allow":["GET"]}}],"collection":[{"href":"https:\/\/www.comprarmejor.es\/en\/wp-json\/wp\/v2\/product"}],"about":[{"href":"https:\/\/www.comprarmejor.es\/en\/wp-json\/wp\/v2\/types\/product"}],"wp:featuredmedia":[{"embeddable":true,"href":"https:\/\/www.comprarmejor.es\/en\/wp-json\/wp\/v2\/media\/63180"}],"wp:attachment":[{"href":"https:\/\/www.comprarmejor.es\/en\/wp-json\/wp\/v2\/media?parent=63178"}],"wp:term":[{"taxonomy":"product_brand","embeddable":true,"href":"https:\/\/www.comprarmejor.es\/en\/wp-json\/wp\/v2\/product_brand?post=63178"},{"taxonomy":"product_cat","embeddable":true,"href":"https:\/\/www.comprarmejor.es\/en\/wp-json\/wp\/v2\/product_cat?post=63178"},{"taxonomy":"product_tag","embeddable":true,"href":"https:\/\/www.comprarmejor.es\/en\/wp-json\/wp\/v2\/product_tag?post=63178"}],"curies":[{"name":"wp","href":"https:\/\/api.w.org\/{rel}","templated":true}]}}