{"id":63335,"date":"2020-09-14T17:46:51","date_gmt":"2020-09-14T15:46:51","guid":{"rendered":"https:\/\/www.comprarmejor.es\/?post_type=product&#038;p=63335"},"modified":"2020-09-14T18:09:51","modified_gmt":"2020-09-14T16:09:51","slug":"cantar-de-mio-cid-1779-tomas-antonio-sanchez-2007-ignacio-del-rio","status":"publish","type":"product","link":"https:\/\/www.comprarmejor.es\/en\/product\/cantar-de-mio-cid-1779-tomas-antonio-sanchez-2007-ignacio-del-rio\/","title":{"rendered":"Cantar de mio Cid, 1779 Tomas Antonio Sanchez and 2007 Ignacio del Rio"},"content":{"rendered":"<p style=\"text-align: justify;\"><span class=\"tlid-translation translation\" lang=\"en\">Facsimile edition made in 2007 in commemoration of the 800 years since the writing of the manuscript of the Cantar de mio Cid by Per Abbat, by Abbat Editions of the Spanish epic poem of the year 1207, &#8220;El Cantar de M\u00edo Cid&#8221;, made from the edition Printed in 1779 by Tom\u00e1s Antonio S\u00e1nchez (1723-1802), Librarian of S. M, whose original copy is in the General Library of the Center for Literary and Art Studies of Castilla y Le\u00f3n.<\/span><\/p>\n<p style=\"text-align: justify;\">This edition includes, in addition to the facsimile, seven loose lithographic prints of variable stain made especially for this edition by the prestigious painter Ignacio del R\u00edo. These representative scenes are based on a literary selection made by Professor Albino Arenas.<\/p>\n<p style=\"text-align: justify;\">Facsimile bound in full leather back, format 25.5 x 34.5 cm. 196 pages in &#8220;Classic Radiant White Laid&#8221; paper of 230 gr. stitched in branch.<br \/>\nAccompanied by a study book in a pink fabric hardcover with a golden title. Format 18 x 24.8 cm. 172 pages with texts by Luis Galv\u00e1n Moreno. ISBN 9788493564315.<br \/>\nFolder with the 7 loose lithographic prints of variable stain, made with a careful design on &#8220;Aquarello Bianco&#8221; paper and especially for this edition by the prestigious Burgos painter Ignacio del R\u00edo in a Dutch leather and paper folder-case. Signed and numbered by the author. It is accompanied by a sheet with the design of the 7 lithographs and a brief biography of the author.<\/p>\n<p style=\"text-align: justify;\">In accordance with the bibliophile tradition, the set (facsimile, study book and folder with the seven prints) is presented in a 30 x 37.5 x 9.5 cm chest box, handcrafted in split leather, giving it a own and original appearance.<\/p>\n<p style=\"text-align: justify;\">Numbered edition limited to 300 copies.<\/p>\n<p style=\"text-align: justify;\">Complete copy and in perfect condition.<\/p>\n<p style=\"text-align: justify;\"><span title=\"Gastos de env\u00edo por cuenta del comprador, seg\u00fan pedido y destino.\">Shipping by the buyer, upon request and destination.\u00a0<\/span><span title=\"Cons\u00faltenos sin compromiso cualquier duda, as\u00ed como por cualquier otro facs\u00edmile o art\u00edculo que est\u00e9 buscando.\"><a class=\"btn btn-default\" href=\"https:\/\/www.comprarmejor.es\/en\/contact\">Consult us<\/a> without obligation any questions, as well as facsimile or any other item that is looking for.<\/span><\/p>\n","protected":false},"excerpt":{"rendered":"<p style=\"text-align: justify;\"><span class=\"tlid-translation translation\" lang=\"en\">Cantar de M\u00edo Cid, facsimile 1779 Tom\u00e1s Antonio S\u00e1nchez, plus lithographs by Ignacio del R\u00edo 2007. 800th anniversary manuscript Per Abbat<\/span><\/p>\n","protected":false},"featured_media":63337,"template":"","meta":[],"product_brand":[],"product_cat":[2266,2250,2220],"product_tag":[4736],"class_list":{"0":"post-63335","1":"product","2":"type-product","3":"status-publish","4":"has-post-thumbnail","6":"product_cat-engravings","7":"product_cat-other-facsimiles","8":"product_cat-special-offers","9":"product_tag-cid-en","10":"product_shipping_class-from-2-to-5-kg","11":"description-off","13":"first","14":"instock","15":"sale","16":"taxable","17":"shipping-taxable","18":"purchasable","19":"product-type-simple"},"yoast_head":"<!-- This site is optimized with the Yoast SEO plugin v27.3 - https:\/\/yoast.com\/product\/yoast-seo-wordpress\/ -->\n<title>Cantar de mio Cid, 1779 Tomas Antonio Sanchez and 2007 Ignacio del Rio<\/title>\n<meta name=\"description\" content=\"Cantar de Mio Cid, facsimile 1779 Tomas Antonio Sanchez, plus lithographs by Ignacio del Rio 2007. 800th anniversary manuscript Per Abbat\" \/>\n<meta name=\"robots\" content=\"index, follow, max-snippet:-1, max-image-preview:large, max-video-preview:-1\" \/>\n<link rel=\"canonical\" href=\"https:\/\/www.comprarmejor.es\/en\/product\/cantar-de-mio-cid-1779-tomas-antonio-sanchez-2007-ignacio-del-rio\/\" \/>\n<meta property=\"og:locale\" content=\"en_US\" \/>\n<meta property=\"og:type\" content=\"article\" \/>\n<meta property=\"og:title\" content=\"Cantar de mio Cid, 1779 Tomas Antonio Sanchez and 2007 Ignacio del Rio\" \/>\n<meta property=\"og:description\" content=\"Cantar de Mio Cid, facsimile 1779 Tomas Antonio Sanchez, plus lithographs by Ignacio del Rio 2007. 800th anniversary manuscript Per Abbat\" \/>\n<meta property=\"og:url\" content=\"https:\/\/www.comprarmejor.es\/en\/product\/cantar-de-mio-cid-1779-tomas-antonio-sanchez-2007-ignacio-del-rio\/\" \/>\n<meta property=\"og:site_name\" content=\"ComprarMejor\" \/>\n<meta property=\"article:modified_time\" content=\"2020-09-14T16:09:51+00:00\" \/>\n<meta property=\"og:image\" content=\"https:\/\/www.comprarmejor.es\/wp-content\/uploads\/2020\/09\/CMCxA-7.jpg\" \/>\n\t<meta property=\"og:image:width\" content=\"536\" \/>\n\t<meta property=\"og:image:height\" content=\"600\" \/>\n\t<meta property=\"og:image:type\" content=\"image\/jpeg\" \/>\n<meta name=\"twitter:card\" content=\"summary_large_image\" \/>\n<meta name=\"twitter:label1\" content=\"Est. reading time\" \/>\n\t<meta name=\"twitter:data1\" content=\"2 minutes\" \/>\n<script type=\"application\/ld+json\" class=\"yoast-schema-graph\">{\"@context\":\"https:\\\/\\\/schema.org\",\"@graph\":[{\"@type\":\"WebPage\",\"@id\":\"https:\\\/\\\/www.comprarmejor.es\\\/en\\\/product\\\/cantar-de-mio-cid-1779-tomas-antonio-sanchez-2007-ignacio-del-rio\\\/\",\"url\":\"https:\\\/\\\/www.comprarmejor.es\\\/en\\\/product\\\/cantar-de-mio-cid-1779-tomas-antonio-sanchez-2007-ignacio-del-rio\\\/\",\"name\":\"Cantar de mio Cid, 1779 Tomas Antonio Sanchez and 2007 Ignacio del Rio\",\"isPartOf\":{\"@id\":\"https:\\\/\\\/www.comprarmejor.es\\\/en\\\/#website\"},\"primaryImageOfPage\":{\"@id\":\"https:\\\/\\\/www.comprarmejor.es\\\/en\\\/product\\\/cantar-de-mio-cid-1779-tomas-antonio-sanchez-2007-ignacio-del-rio\\\/#primaryimage\"},\"image\":{\"@id\":\"https:\\\/\\\/www.comprarmejor.es\\\/en\\\/product\\\/cantar-de-mio-cid-1779-tomas-antonio-sanchez-2007-ignacio-del-rio\\\/#primaryimage\"},\"thumbnailUrl\":\"https:\\\/\\\/www.comprarmejor.es\\\/wp-content\\\/uploads\\\/2020\\\/09\\\/CMCxA-7.jpg\",\"datePublished\":\"2020-09-14T15:46:51+00:00\",\"dateModified\":\"2020-09-14T16:09:51+00:00\",\"description\":\"Cantar de Mio Cid, facsimile 1779 Tomas Antonio Sanchez, plus lithographs by Ignacio del Rio 2007. 800th anniversary manuscript Per Abbat\",\"breadcrumb\":{\"@id\":\"https:\\\/\\\/www.comprarmejor.es\\\/en\\\/product\\\/cantar-de-mio-cid-1779-tomas-antonio-sanchez-2007-ignacio-del-rio\\\/#breadcrumb\"},\"inLanguage\":\"en-US\",\"potentialAction\":[{\"@type\":\"ReadAction\",\"target\":[\"https:\\\/\\\/www.comprarmejor.es\\\/en\\\/product\\\/cantar-de-mio-cid-1779-tomas-antonio-sanchez-2007-ignacio-del-rio\\\/\"]}]},{\"@type\":\"ImageObject\",\"inLanguage\":\"en-US\",\"@id\":\"https:\\\/\\\/www.comprarmejor.es\\\/en\\\/product\\\/cantar-de-mio-cid-1779-tomas-antonio-sanchez-2007-ignacio-del-rio\\\/#primaryimage\",\"url\":\"https:\\\/\\\/www.comprarmejor.es\\\/wp-content\\\/uploads\\\/2020\\\/09\\\/CMCxA-7.jpg\",\"contentUrl\":\"https:\\\/\\\/www.comprarmejor.es\\\/wp-content\\\/uploads\\\/2020\\\/09\\\/CMCxA-7.jpg\",\"width\":536,\"height\":600},{\"@type\":\"BreadcrumbList\",\"@id\":\"https:\\\/\\\/www.comprarmejor.es\\\/en\\\/product\\\/cantar-de-mio-cid-1779-tomas-antonio-sanchez-2007-ignacio-del-rio\\\/#breadcrumb\",\"itemListElement\":[{\"@type\":\"ListItem\",\"position\":1,\"name\":\"Portada\",\"item\":\"https:\\\/\\\/www.comprarmejor.es\\\/en\\\/\"},{\"@type\":\"ListItem\",\"position\":2,\"name\":\"Shop\",\"item\":\"https:\\\/\\\/www.comprarmejor.es\\\/en\\\/shop\\\/\"},{\"@type\":\"ListItem\",\"position\":3,\"name\":\"Cantar de mio Cid, 1779 Tomas Antonio Sanchez and 2007 Ignacio del Rio\"}]},{\"@type\":\"WebSite\",\"@id\":\"https:\\\/\\\/www.comprarmejor.es\\\/en\\\/#website\",\"url\":\"https:\\\/\\\/www.comprarmejor.es\\\/en\\\/\",\"name\":\"ComprarMejor\",\"description\":\"ComprarMejor\",\"publisher\":{\"@id\":\"https:\\\/\\\/www.comprarmejor.es\\\/en\\\/#organization\"},\"potentialAction\":[{\"@type\":\"SearchAction\",\"target\":{\"@type\":\"EntryPoint\",\"urlTemplate\":\"https:\\\/\\\/www.comprarmejor.es\\\/en\\\/?s={search_term_string}\"},\"query-input\":{\"@type\":\"PropertyValueSpecification\",\"valueRequired\":true,\"valueName\":\"search_term_string\"}}],\"inLanguage\":\"en-US\"},{\"@type\":\"Organization\",\"@id\":\"https:\\\/\\\/www.comprarmejor.es\\\/en\\\/#organization\",\"name\":\"COMPRAR MEJOR\",\"url\":\"https:\\\/\\\/www.comprarmejor.es\\\/en\\\/\",\"logo\":{\"@type\":\"ImageObject\",\"inLanguage\":\"en-US\",\"@id\":\"https:\\\/\\\/www.comprarmejor.es\\\/en\\\/#\\\/schema\\\/logo\\\/image\\\/\",\"url\":\"https:\\\/\\\/www.comprarmejor.es\\\/wp-content\\\/uploads\\\/2025\\\/09\\\/comprarmejortrinidad.jpg\",\"contentUrl\":\"https:\\\/\\\/www.comprarmejor.es\\\/wp-content\\\/uploads\\\/2025\\\/09\\\/comprarmejortrinidad.jpg\",\"width\":1022,\"height\":1380,\"caption\":\"COMPRAR MEJOR\"},\"image\":{\"@id\":\"https:\\\/\\\/www.comprarmejor.es\\\/en\\\/#\\\/schema\\\/logo\\\/image\\\/\"},\"sameAs\":[\"https:\\\/\\\/www.instagram.com\\\/amigosdelcodice\"]}]}<\/script>\n<!-- \/ Yoast SEO plugin. -->","yoast_head_json":{"title":"Cantar de mio Cid, 1779 Tomas Antonio Sanchez and 2007 Ignacio del Rio","description":"Cantar de Mio Cid, facsimile 1779 Tomas Antonio Sanchez, plus lithographs by Ignacio del Rio 2007. 800th anniversary manuscript Per Abbat","robots":{"index":"index","follow":"follow","max-snippet":"max-snippet:-1","max-image-preview":"max-image-preview:large","max-video-preview":"max-video-preview:-1"},"canonical":"https:\/\/www.comprarmejor.es\/en\/product\/cantar-de-mio-cid-1779-tomas-antonio-sanchez-2007-ignacio-del-rio\/","og_locale":"en_US","og_type":"article","og_title":"Cantar de mio Cid, 1779 Tomas Antonio Sanchez and 2007 Ignacio del Rio","og_description":"Cantar de Mio Cid, facsimile 1779 Tomas Antonio Sanchez, plus lithographs by Ignacio del Rio 2007. 800th anniversary manuscript Per Abbat","og_url":"https:\/\/www.comprarmejor.es\/en\/product\/cantar-de-mio-cid-1779-tomas-antonio-sanchez-2007-ignacio-del-rio\/","og_site_name":"ComprarMejor","article_modified_time":"2020-09-14T16:09:51+00:00","og_image":[{"width":536,"height":600,"url":"https:\/\/www.comprarmejor.es\/wp-content\/uploads\/2020\/09\/CMCxA-7.jpg","type":"image\/jpeg"}],"twitter_card":"summary_large_image","twitter_misc":{"Est. reading time":"2 minutes"},"schema":{"@context":"https:\/\/schema.org","@graph":[{"@type":"WebPage","@id":"https:\/\/www.comprarmejor.es\/en\/product\/cantar-de-mio-cid-1779-tomas-antonio-sanchez-2007-ignacio-del-rio\/","url":"https:\/\/www.comprarmejor.es\/en\/product\/cantar-de-mio-cid-1779-tomas-antonio-sanchez-2007-ignacio-del-rio\/","name":"Cantar de mio Cid, 1779 Tomas Antonio Sanchez and 2007 Ignacio del Rio","isPartOf":{"@id":"https:\/\/www.comprarmejor.es\/en\/#website"},"primaryImageOfPage":{"@id":"https:\/\/www.comprarmejor.es\/en\/product\/cantar-de-mio-cid-1779-tomas-antonio-sanchez-2007-ignacio-del-rio\/#primaryimage"},"image":{"@id":"https:\/\/www.comprarmejor.es\/en\/product\/cantar-de-mio-cid-1779-tomas-antonio-sanchez-2007-ignacio-del-rio\/#primaryimage"},"thumbnailUrl":"https:\/\/www.comprarmejor.es\/wp-content\/uploads\/2020\/09\/CMCxA-7.jpg","datePublished":"2020-09-14T15:46:51+00:00","dateModified":"2020-09-14T16:09:51+00:00","description":"Cantar de Mio Cid, facsimile 1779 Tomas Antonio Sanchez, plus lithographs by Ignacio del Rio 2007. 800th anniversary manuscript Per Abbat","breadcrumb":{"@id":"https:\/\/www.comprarmejor.es\/en\/product\/cantar-de-mio-cid-1779-tomas-antonio-sanchez-2007-ignacio-del-rio\/#breadcrumb"},"inLanguage":"en-US","potentialAction":[{"@type":"ReadAction","target":["https:\/\/www.comprarmejor.es\/en\/product\/cantar-de-mio-cid-1779-tomas-antonio-sanchez-2007-ignacio-del-rio\/"]}]},{"@type":"ImageObject","inLanguage":"en-US","@id":"https:\/\/www.comprarmejor.es\/en\/product\/cantar-de-mio-cid-1779-tomas-antonio-sanchez-2007-ignacio-del-rio\/#primaryimage","url":"https:\/\/www.comprarmejor.es\/wp-content\/uploads\/2020\/09\/CMCxA-7.jpg","contentUrl":"https:\/\/www.comprarmejor.es\/wp-content\/uploads\/2020\/09\/CMCxA-7.jpg","width":536,"height":600},{"@type":"BreadcrumbList","@id":"https:\/\/www.comprarmejor.es\/en\/product\/cantar-de-mio-cid-1779-tomas-antonio-sanchez-2007-ignacio-del-rio\/#breadcrumb","itemListElement":[{"@type":"ListItem","position":1,"name":"Portada","item":"https:\/\/www.comprarmejor.es\/en\/"},{"@type":"ListItem","position":2,"name":"Shop","item":"https:\/\/www.comprarmejor.es\/en\/shop\/"},{"@type":"ListItem","position":3,"name":"Cantar de mio Cid, 1779 Tomas Antonio Sanchez and 2007 Ignacio del Rio"}]},{"@type":"WebSite","@id":"https:\/\/www.comprarmejor.es\/en\/#website","url":"https:\/\/www.comprarmejor.es\/en\/","name":"ComprarMejor","description":"ComprarMejor","publisher":{"@id":"https:\/\/www.comprarmejor.es\/en\/#organization"},"potentialAction":[{"@type":"SearchAction","target":{"@type":"EntryPoint","urlTemplate":"https:\/\/www.comprarmejor.es\/en\/?s={search_term_string}"},"query-input":{"@type":"PropertyValueSpecification","valueRequired":true,"valueName":"search_term_string"}}],"inLanguage":"en-US"},{"@type":"Organization","@id":"https:\/\/www.comprarmejor.es\/en\/#organization","name":"COMPRAR MEJOR","url":"https:\/\/www.comprarmejor.es\/en\/","logo":{"@type":"ImageObject","inLanguage":"en-US","@id":"https:\/\/www.comprarmejor.es\/en\/#\/schema\/logo\/image\/","url":"https:\/\/www.comprarmejor.es\/wp-content\/uploads\/2025\/09\/comprarmejortrinidad.jpg","contentUrl":"https:\/\/www.comprarmejor.es\/wp-content\/uploads\/2025\/09\/comprarmejortrinidad.jpg","width":1022,"height":1380,"caption":"COMPRAR MEJOR"},"image":{"@id":"https:\/\/www.comprarmejor.es\/en\/#\/schema\/logo\/image\/"},"sameAs":["https:\/\/www.instagram.com\/amigosdelcodice"]}]}},"_links":{"self":[{"href":"https:\/\/www.comprarmejor.es\/en\/wp-json\/wp\/v2\/product\/63335","targetHints":{"allow":["GET"]}}],"collection":[{"href":"https:\/\/www.comprarmejor.es\/en\/wp-json\/wp\/v2\/product"}],"about":[{"href":"https:\/\/www.comprarmejor.es\/en\/wp-json\/wp\/v2\/types\/product"}],"wp:featuredmedia":[{"embeddable":true,"href":"https:\/\/www.comprarmejor.es\/en\/wp-json\/wp\/v2\/media\/63337"}],"wp:attachment":[{"href":"https:\/\/www.comprarmejor.es\/en\/wp-json\/wp\/v2\/media?parent=63335"}],"wp:term":[{"taxonomy":"product_brand","embeddable":true,"href":"https:\/\/www.comprarmejor.es\/en\/wp-json\/wp\/v2\/product_brand?post=63335"},{"taxonomy":"product_cat","embeddable":true,"href":"https:\/\/www.comprarmejor.es\/en\/wp-json\/wp\/v2\/product_cat?post=63335"},{"taxonomy":"product_tag","embeddable":true,"href":"https:\/\/www.comprarmejor.es\/en\/wp-json\/wp\/v2\/product_tag?post=63335"}],"curies":[{"name":"wp","href":"https:\/\/api.w.org\/{rel}","templated":true}]}}