{"id":67448,"date":"2021-03-06T10:40:59","date_gmt":"2021-03-06T09:40:59","guid":{"rendered":"https:\/\/www.comprarmejor.es\/?post_type=product&#038;p=67448"},"modified":"2024-05-30T19:19:43","modified_gmt":"2024-05-30T17:19:43","slug":"besancon-book-of-hours-by-jean-colombe-15th-century","status":"publish","type":"product","link":"https:\/\/www.comprarmejor.es\/en\/product\/besancon-book-of-hours-by-jean-colombe-15th-century\/","title":{"rendered":"Besan\u00e7on Book of Hours, by Jean Colombe, 15th century"},"content":{"rendered":"<p style=\"text-align: justify;\"><span class=\"VIiyi\" lang=\"en\"><span class=\"JLqJ4b\" data-language-for-alternatives=\"en\" data-language-to-translate-into=\"es\" data-phrase-index=\"0\">Beautiful facsimile reproduction of manuscript 0148 of the Besan\u00e7on Municipal Library, Besan\u00e7on Book of Hours, made in 2020 by the Madrid publisher Orbis Mediaevalis. Dated in the 15th century, made in France by Jean Colombe. Latin and French languages.<\/span><\/span><\/p>\n<p style=\"text-align: justify;\"><span class=\"VIiyi\" lang=\"en\"><span class=\"JLqJ4b\" data-language-for-alternatives=\"en\" data-language-to-translate-into=\"es\" data-phrase-index=\"0\">The miniatures that embellish this spectacular manuscript are attributed to Jean Colombe, a renowned painter from Bourges and the last great miniaturist produced by France. Although his workshop is located in his hometown, his reputation and renown were not limited to this geographical enclave, but went much further. Charles I, Duke of Savoy, appointed him an official court artist, entrusting him with the completion of several manuscripts, including the famous codex of The Very Rich Hours of the Duke of Berry.<\/span><\/span><\/p>\n<p style=\"text-align: justify;\"><span class=\"VIiyi\" lang=\"en\"><span class=\"JLqJ4b\" data-language-for-alternatives=\"en\" data-language-to-translate-into=\"es\" data-phrase-index=\"0\">His workshop was commissioned to illustrate both secular and religious texts. This led him to illuminate a large number of codices, showing his unique style in all of them. The originality in the treatment of light and landscapes, unmistakable characteristics of Jean Colombe&#8217;s pictorial style, are present in each of the miniatures that decorate the Besan\u00e7on Book of Hours. A series of full-page miniatures are combined with scenes spanning battles, plagues, torments and miracles, demonstrating Jean Colombe&#8217;s style in the most serene and refined version of him.<\/span><\/span><\/p>\n<p style=\"text-align: justify;\"><span class=\"VIiyi\" lang=\"en\"><span class=\"JLqJ4b\" data-language-for-alternatives=\"en\" data-language-to-translate-into=\"es\" data-phrase-index=\"0\">The outer margins of the pages of this codex are richly ornamented with narrative cycles of Old Testament episodes, ranging from Genesis to the Book of Tobias. The large format images represent in splendid miniatures, the prophecies of the book of Isaiah, showing a faithful reflection of the most representative events of the New Testament.<\/span><\/span><\/p>\n<p style=\"text-align: justify;\"><span class=\"VIiyi\" lang=\"en\"><span class=\"JLqJ4b\" data-language-for-alternatives=\"en\" data-language-to-translate-into=\"es\" data-phrase-index=\"0\">Jean Colombe&#8217;s narrative invention is evident in the three hundred and eighty-six pages that this codex contains, making the Besan\u00e7on Book of Hours one of the most ambitious illustrative sets that he produced.<\/span><\/span><\/p>\n<p style=\"text-align: justify;\"><span class=\"VIiyi\" lang=\"en\"><span class=\"JLqJ4b\" data-language-for-alternatives=\"en\" data-language-to-translate-into=\"es\" data-phrase-index=\"0\">Facsimile edition limited to 500 numbered copies with notarial deed.<\/span><\/span><\/p>\n<p style=\"text-align: justify;\"><span class=\"VIiyi\" lang=\"en\"><span class=\"JLqJ4b\" data-language-for-alternatives=\"en\" data-language-to-translate-into=\"es\" data-phrase-index=\"0\">Facsimile bound in brown leather stamped in gold, format 13.5 x 17.8 cm. 368 pages, all of them with miniatures enriched with gold.<\/span><\/span><\/p>\n<p style=\"text-align: justify;\"><span class=\"VIiyi\" lang=\"en\"><span class=\"JLqJ4b\" data-language-for-alternatives=\"en\" data-language-to-translate-into=\"es\" data-phrase-index=\"0\">Presented in an elegant open box-case lined with gold-stamped editorial leather, format 13 x 19 x 6.2 cm. With extraction tape.<\/span><\/span><\/p>\n<p style=\"text-align: justify;\"><span class=\"VIiyi\" lang=\"en\"><span class=\"JLqJ4b\" data-language-for-alternatives=\"en\" data-language-to-translate-into=\"es\" data-phrase-index=\"0\"><span class=\"HwtZe\" lang=\"en\"><span class=\"jCAhz JxVs2d ChMk0b\"><span class=\"ryNqvb\">Accompanied by the corresponding study book, bound in hardcover with illustrated dust jacket, guide tape, 25 x 32 cm format.<\/span><\/span> <span class=\"jCAhz JxVs2d ChMk0b\"><span class=\"ryNqvb\">176 pages with full color illustrations.<\/span><\/span> <span class=\"jCAhz JxVs2d ChMk0b\"><span class=\"ryNqvb\">Study, transcription and translation by Christine Seidel and Jos\u00e9 Mar\u00eda Salvador.<\/span><\/span> <span class=\"jCAhz JxVs2d\"><span class=\"ryNqvb\">Texts in Spanish (Latin transcription)<\/span><\/span><\/span>.<\/span><\/span><\/p>\n<p style=\"text-align: justify;\"><span class=\"VIiyi\" lang=\"en\"><span class=\"JLqJ4b\" data-language-for-alternatives=\"en\" data-language-to-translate-into=\"es\" data-phrase-index=\"0\">Special price for all buyers who purchase this codex and the Book of Hours of Le Peley, his younger brother. Ask us.<\/span><\/span><\/p>\n<p style=\"text-align: justify;\"><span class=\"hps\">Shipping<\/span> <span class=\"hps\">by the buyer<\/span>, <span class=\"hps\">upon request<\/span> <span class=\"hps\">and destination.<\/span>\u00a0<a class=\"btn btn-default\" href=\"https:\/\/www.comprarmejor.es\/en\/contact\">Ask us<\/a>\u00a0<span lang=\"en\" xml:lang=\"en\">without obligation (indicating the reference of the article) any doubt.<\/span><\/p>\n","protected":false},"excerpt":{"rendered":"<p style=\"text-align: justify;\"><span id=\"result_box\" lang=\"en\" xml:lang=\"en\"><span class=\"hps\"><span lang=\"en\" xml:lang=\"en\"><span title=\"Cada una de las 300 p\u00e1ginas, ricamente iluminadas de este manuscrito, reflejan, sin ning\u00fan g\u00e9nero de dudas, la maestr\u00eda en la ejecuci\u00f3n de uno de los grandes pintores de finales del g\u00f3tico franc\u00e9s, Jean Colombe.\"><span class=\"VIiyi\" lang=\"en\"><span class=\"JLqJ4b\" data-language-for-alternatives=\"en\" data-language-to-translate-into=\"es\" data-phrase-index=\"0\">Beautiful facsimile reproduction of manuscript 0148 of the Besan\u00e7on Municipal Library, Besan\u00e7on Book of Hours, made in 2020 by the Madrid publisher Orbis Mediaevalis. Dated in the 15th century, made in France by Jean Colombe.<\/span><\/span><\/span><\/span><\/span><\/span><\/p>\n","protected":false},"featured_media":67450,"template":"","meta":[],"product_brand":[],"product_cat":[2226],"product_tag":[5791,3970,5122,4002],"class_list":{"0":"post-67448","1":"product","2":"type-product","3":"status-publish","4":"has-post-thumbnail","6":"product_cat-books-of-hours","7":"product_tag-arte-en","8":"product_tag-colombe-en","9":"product_tag-hours-en","10":"product_tag-orbis-en","11":"product_shipping_class-from-0-to-1-kg","12":"description-off","14":"first","15":"instock","16":"taxable","17":"shipping-taxable","18":"purchasable","19":"product-type-simple"},"yoast_head":"<!-- This site is optimized with the Yoast SEO plugin v27.3 - https:\/\/yoast.com\/product\/yoast-seo-wordpress\/ -->\n<title>Besan\u00e7on Book of Hours, by Jean Colombe, 15th century<\/title>\n<meta name=\"description\" content=\"Manuscript 0148 of the Besan\u00e7on Municipal Library, Besan\u00e7on Book of Hours, made in 2020 by the Madrid publisher Orbis Mediaevalis.\" \/>\n<meta name=\"robots\" content=\"index, follow, max-snippet:-1, max-image-preview:large, max-video-preview:-1\" \/>\n<link rel=\"canonical\" href=\"https:\/\/www.comprarmejor.es\/en\/product\/besancon-book-of-hours-by-jean-colombe-15th-century\/\" \/>\n<meta property=\"og:locale\" content=\"en_US\" \/>\n<meta property=\"og:type\" content=\"article\" \/>\n<meta property=\"og:title\" content=\"Besan\u00e7on Book of Hours, by Jean Colombe, 15th century\" \/>\n<meta property=\"og:description\" content=\"Manuscript 0148 of the Besan\u00e7on Municipal Library, Besan\u00e7on Book of Hours, made in 2020 by the Madrid publisher Orbis Mediaevalis.\" \/>\n<meta property=\"og:url\" content=\"https:\/\/www.comprarmejor.es\/en\/product\/besancon-book-of-hours-by-jean-colombe-15th-century\/\" \/>\n<meta property=\"og:site_name\" content=\"ComprarMejor\" \/>\n<meta property=\"article:modified_time\" content=\"2024-05-30T17:19:43+00:00\" \/>\n<meta property=\"og:image\" content=\"https:\/\/www.comprarmejor.es\/wp-content\/uploads\/2021\/03\/LHdB-8.jpg\" \/>\n\t<meta property=\"og:image:width\" content=\"449\" \/>\n\t<meta property=\"og:image:height\" content=\"599\" \/>\n\t<meta property=\"og:image:type\" content=\"image\/jpeg\" \/>\n<meta name=\"twitter:card\" content=\"summary_large_image\" \/>\n<meta name=\"twitter:label1\" content=\"Est. reading time\" \/>\n\t<meta name=\"twitter:data1\" content=\"3 minutes\" \/>\n<script type=\"application\/ld+json\" class=\"yoast-schema-graph\">{\"@context\":\"https:\\\/\\\/schema.org\",\"@graph\":[{\"@type\":\"WebPage\",\"@id\":\"https:\\\/\\\/www.comprarmejor.es\\\/en\\\/product\\\/besancon-book-of-hours-by-jean-colombe-15th-century\\\/\",\"url\":\"https:\\\/\\\/www.comprarmejor.es\\\/en\\\/product\\\/besancon-book-of-hours-by-jean-colombe-15th-century\\\/\",\"name\":\"Besan\u00e7on Book of Hours, by Jean Colombe, 15th century\",\"isPartOf\":{\"@id\":\"https:\\\/\\\/www.comprarmejor.es\\\/en\\\/#website\"},\"primaryImageOfPage\":{\"@id\":\"https:\\\/\\\/www.comprarmejor.es\\\/en\\\/product\\\/besancon-book-of-hours-by-jean-colombe-15th-century\\\/#primaryimage\"},\"image\":{\"@id\":\"https:\\\/\\\/www.comprarmejor.es\\\/en\\\/product\\\/besancon-book-of-hours-by-jean-colombe-15th-century\\\/#primaryimage\"},\"thumbnailUrl\":\"https:\\\/\\\/www.comprarmejor.es\\\/wp-content\\\/uploads\\\/2021\\\/03\\\/LHdB-8.jpg\",\"datePublished\":\"2021-03-06T09:40:59+00:00\",\"dateModified\":\"2024-05-30T17:19:43+00:00\",\"description\":\"Manuscript 0148 of the Besan\u00e7on Municipal Library, Besan\u00e7on Book of Hours, made in 2020 by the Madrid publisher Orbis Mediaevalis.\",\"breadcrumb\":{\"@id\":\"https:\\\/\\\/www.comprarmejor.es\\\/en\\\/product\\\/besancon-book-of-hours-by-jean-colombe-15th-century\\\/#breadcrumb\"},\"inLanguage\":\"en-US\",\"potentialAction\":[{\"@type\":\"ReadAction\",\"target\":[\"https:\\\/\\\/www.comprarmejor.es\\\/en\\\/product\\\/besancon-book-of-hours-by-jean-colombe-15th-century\\\/\"]}]},{\"@type\":\"ImageObject\",\"inLanguage\":\"en-US\",\"@id\":\"https:\\\/\\\/www.comprarmejor.es\\\/en\\\/product\\\/besancon-book-of-hours-by-jean-colombe-15th-century\\\/#primaryimage\",\"url\":\"https:\\\/\\\/www.comprarmejor.es\\\/wp-content\\\/uploads\\\/2021\\\/03\\\/LHdB-8.jpg\",\"contentUrl\":\"https:\\\/\\\/www.comprarmejor.es\\\/wp-content\\\/uploads\\\/2021\\\/03\\\/LHdB-8.jpg\",\"width\":449,\"height\":599},{\"@type\":\"BreadcrumbList\",\"@id\":\"https:\\\/\\\/www.comprarmejor.es\\\/en\\\/product\\\/besancon-book-of-hours-by-jean-colombe-15th-century\\\/#breadcrumb\",\"itemListElement\":[{\"@type\":\"ListItem\",\"position\":1,\"name\":\"Portada\",\"item\":\"https:\\\/\\\/www.comprarmejor.es\\\/en\\\/\"},{\"@type\":\"ListItem\",\"position\":2,\"name\":\"Shop\",\"item\":\"https:\\\/\\\/www.comprarmejor.es\\\/en\\\/shop\\\/\"},{\"@type\":\"ListItem\",\"position\":3,\"name\":\"Besan\u00e7on Book of Hours, by Jean Colombe, 15th century\"}]},{\"@type\":\"WebSite\",\"@id\":\"https:\\\/\\\/www.comprarmejor.es\\\/en\\\/#website\",\"url\":\"https:\\\/\\\/www.comprarmejor.es\\\/en\\\/\",\"name\":\"ComprarMejor\",\"description\":\"ComprarMejor\",\"publisher\":{\"@id\":\"https:\\\/\\\/www.comprarmejor.es\\\/en\\\/#organization\"},\"potentialAction\":[{\"@type\":\"SearchAction\",\"target\":{\"@type\":\"EntryPoint\",\"urlTemplate\":\"https:\\\/\\\/www.comprarmejor.es\\\/en\\\/?s={search_term_string}\"},\"query-input\":{\"@type\":\"PropertyValueSpecification\",\"valueRequired\":true,\"valueName\":\"search_term_string\"}}],\"inLanguage\":\"en-US\"},{\"@type\":\"Organization\",\"@id\":\"https:\\\/\\\/www.comprarmejor.es\\\/en\\\/#organization\",\"name\":\"COMPRAR MEJOR\",\"url\":\"https:\\\/\\\/www.comprarmejor.es\\\/en\\\/\",\"logo\":{\"@type\":\"ImageObject\",\"inLanguage\":\"en-US\",\"@id\":\"https:\\\/\\\/www.comprarmejor.es\\\/en\\\/#\\\/schema\\\/logo\\\/image\\\/\",\"url\":\"https:\\\/\\\/www.comprarmejor.es\\\/wp-content\\\/uploads\\\/2025\\\/09\\\/comprarmejortrinidad.jpg\",\"contentUrl\":\"https:\\\/\\\/www.comprarmejor.es\\\/wp-content\\\/uploads\\\/2025\\\/09\\\/comprarmejortrinidad.jpg\",\"width\":1022,\"height\":1380,\"caption\":\"COMPRAR MEJOR\"},\"image\":{\"@id\":\"https:\\\/\\\/www.comprarmejor.es\\\/en\\\/#\\\/schema\\\/logo\\\/image\\\/\"},\"sameAs\":[\"https:\\\/\\\/www.instagram.com\\\/amigosdelcodice\"]}]}<\/script>\n<!-- \/ Yoast SEO plugin. -->","yoast_head_json":{"title":"Besan\u00e7on Book of Hours, by Jean Colombe, 15th century","description":"Manuscript 0148 of the Besan\u00e7on Municipal Library, Besan\u00e7on Book of Hours, made in 2020 by the Madrid publisher Orbis Mediaevalis.","robots":{"index":"index","follow":"follow","max-snippet":"max-snippet:-1","max-image-preview":"max-image-preview:large","max-video-preview":"max-video-preview:-1"},"canonical":"https:\/\/www.comprarmejor.es\/en\/product\/besancon-book-of-hours-by-jean-colombe-15th-century\/","og_locale":"en_US","og_type":"article","og_title":"Besan\u00e7on Book of Hours, by Jean Colombe, 15th century","og_description":"Manuscript 0148 of the Besan\u00e7on Municipal Library, Besan\u00e7on Book of Hours, made in 2020 by the Madrid publisher Orbis Mediaevalis.","og_url":"https:\/\/www.comprarmejor.es\/en\/product\/besancon-book-of-hours-by-jean-colombe-15th-century\/","og_site_name":"ComprarMejor","article_modified_time":"2024-05-30T17:19:43+00:00","og_image":[{"width":449,"height":599,"url":"https:\/\/www.comprarmejor.es\/wp-content\/uploads\/2021\/03\/LHdB-8.jpg","type":"image\/jpeg"}],"twitter_card":"summary_large_image","twitter_misc":{"Est. reading time":"3 minutes"},"schema":{"@context":"https:\/\/schema.org","@graph":[{"@type":"WebPage","@id":"https:\/\/www.comprarmejor.es\/en\/product\/besancon-book-of-hours-by-jean-colombe-15th-century\/","url":"https:\/\/www.comprarmejor.es\/en\/product\/besancon-book-of-hours-by-jean-colombe-15th-century\/","name":"Besan\u00e7on Book of Hours, by Jean Colombe, 15th century","isPartOf":{"@id":"https:\/\/www.comprarmejor.es\/en\/#website"},"primaryImageOfPage":{"@id":"https:\/\/www.comprarmejor.es\/en\/product\/besancon-book-of-hours-by-jean-colombe-15th-century\/#primaryimage"},"image":{"@id":"https:\/\/www.comprarmejor.es\/en\/product\/besancon-book-of-hours-by-jean-colombe-15th-century\/#primaryimage"},"thumbnailUrl":"https:\/\/www.comprarmejor.es\/wp-content\/uploads\/2021\/03\/LHdB-8.jpg","datePublished":"2021-03-06T09:40:59+00:00","dateModified":"2024-05-30T17:19:43+00:00","description":"Manuscript 0148 of the Besan\u00e7on Municipal Library, Besan\u00e7on Book of Hours, made in 2020 by the Madrid publisher Orbis Mediaevalis.","breadcrumb":{"@id":"https:\/\/www.comprarmejor.es\/en\/product\/besancon-book-of-hours-by-jean-colombe-15th-century\/#breadcrumb"},"inLanguage":"en-US","potentialAction":[{"@type":"ReadAction","target":["https:\/\/www.comprarmejor.es\/en\/product\/besancon-book-of-hours-by-jean-colombe-15th-century\/"]}]},{"@type":"ImageObject","inLanguage":"en-US","@id":"https:\/\/www.comprarmejor.es\/en\/product\/besancon-book-of-hours-by-jean-colombe-15th-century\/#primaryimage","url":"https:\/\/www.comprarmejor.es\/wp-content\/uploads\/2021\/03\/LHdB-8.jpg","contentUrl":"https:\/\/www.comprarmejor.es\/wp-content\/uploads\/2021\/03\/LHdB-8.jpg","width":449,"height":599},{"@type":"BreadcrumbList","@id":"https:\/\/www.comprarmejor.es\/en\/product\/besancon-book-of-hours-by-jean-colombe-15th-century\/#breadcrumb","itemListElement":[{"@type":"ListItem","position":1,"name":"Portada","item":"https:\/\/www.comprarmejor.es\/en\/"},{"@type":"ListItem","position":2,"name":"Shop","item":"https:\/\/www.comprarmejor.es\/en\/shop\/"},{"@type":"ListItem","position":3,"name":"Besan\u00e7on Book of Hours, by Jean Colombe, 15th century"}]},{"@type":"WebSite","@id":"https:\/\/www.comprarmejor.es\/en\/#website","url":"https:\/\/www.comprarmejor.es\/en\/","name":"ComprarMejor","description":"ComprarMejor","publisher":{"@id":"https:\/\/www.comprarmejor.es\/en\/#organization"},"potentialAction":[{"@type":"SearchAction","target":{"@type":"EntryPoint","urlTemplate":"https:\/\/www.comprarmejor.es\/en\/?s={search_term_string}"},"query-input":{"@type":"PropertyValueSpecification","valueRequired":true,"valueName":"search_term_string"}}],"inLanguage":"en-US"},{"@type":"Organization","@id":"https:\/\/www.comprarmejor.es\/en\/#organization","name":"COMPRAR MEJOR","url":"https:\/\/www.comprarmejor.es\/en\/","logo":{"@type":"ImageObject","inLanguage":"en-US","@id":"https:\/\/www.comprarmejor.es\/en\/#\/schema\/logo\/image\/","url":"https:\/\/www.comprarmejor.es\/wp-content\/uploads\/2025\/09\/comprarmejortrinidad.jpg","contentUrl":"https:\/\/www.comprarmejor.es\/wp-content\/uploads\/2025\/09\/comprarmejortrinidad.jpg","width":1022,"height":1380,"caption":"COMPRAR MEJOR"},"image":{"@id":"https:\/\/www.comprarmejor.es\/en\/#\/schema\/logo\/image\/"},"sameAs":["https:\/\/www.instagram.com\/amigosdelcodice"]}]}},"_links":{"self":[{"href":"https:\/\/www.comprarmejor.es\/en\/wp-json\/wp\/v2\/product\/67448","targetHints":{"allow":["GET"]}}],"collection":[{"href":"https:\/\/www.comprarmejor.es\/en\/wp-json\/wp\/v2\/product"}],"about":[{"href":"https:\/\/www.comprarmejor.es\/en\/wp-json\/wp\/v2\/types\/product"}],"wp:featuredmedia":[{"embeddable":true,"href":"https:\/\/www.comprarmejor.es\/en\/wp-json\/wp\/v2\/media\/67450"}],"wp:attachment":[{"href":"https:\/\/www.comprarmejor.es\/en\/wp-json\/wp\/v2\/media?parent=67448"}],"wp:term":[{"taxonomy":"product_brand","embeddable":true,"href":"https:\/\/www.comprarmejor.es\/en\/wp-json\/wp\/v2\/product_brand?post=67448"},{"taxonomy":"product_cat","embeddable":true,"href":"https:\/\/www.comprarmejor.es\/en\/wp-json\/wp\/v2\/product_cat?post=67448"},{"taxonomy":"product_tag","embeddable":true,"href":"https:\/\/www.comprarmejor.es\/en\/wp-json\/wp\/v2\/product_tag?post=67448"}],"curies":[{"name":"wp","href":"https:\/\/api.w.org\/{rel}","templated":true}]}}