{"id":67719,"date":"2021-04-02T13:25:08","date_gmt":"2021-04-02T11:25:10","guid":{"rendered":"https:\/\/www.comprarmejor.es\/?post_type=product&#038;p=67719"},"modified":"2021-04-02T13:39:05","modified_gmt":"2021-04-02T11:39:05","slug":"chronicles-of-lucca-by-giovanni-sercambi-15th-century","status":"publish","type":"product","link":"https:\/\/www.comprarmejor.es\/en\/product\/chronicles-of-lucca-by-giovanni-sercambi-15th-century\/","title":{"rendered":"Chronicles of Lucca, by Giovanni Sercambi, 15th century"},"content":{"rendered":"<p style=\"text-align: justify;\"><span class=\"VIiyi\" lang=\"en\"><span class=\"JLqJ4b\" data-language-for-alternatives=\"en\" data-language-to-translate-into=\"es\" data-phrase-index=\"0\">Facsimile edition of &#8220;<strong>Chronicles of Lucca<\/strong>&#8220;, by <strong>Giovanni Sercambi<\/strong> (1347-1424), manuscript between the fourteenth and fifteenth centuries, the original of which is preserved in the Lucca State Archive (Italy), produced in 2005 by the extinct AyN Ediciones, and considered one of its best editions.<\/span><\/span><\/p>\n<p style=\"text-align: justify;\"><span class=\"VIiyi\" lang=\"en\"><span class=\"JLqJ4b\" data-language-for-alternatives=\"en\" data-language-to-translate-into=\"es\" data-phrase-index=\"0\">Edition limited to 995 copies and numbered by notarial act. It is a profusely illuminated manuscript with beautiful color drawings on different historical events that took place in Lucca and which also includes drawings on the Passion of Jesus Christ.<\/span><\/span><\/p>\n<p style=\"text-align: justify;\"><span class=\"VIiyi\" lang=\"en\"><span class=\"JLqJ4b\" data-language-for-alternatives=\"en\" data-language-to-translate-into=\"es\" data-phrase-index=\"0\">Facsimile bound in aged leather on wood and with gold stampings, format 23 x 30.5 cm, 726 illuminated pages with 651 color miniatures, texts in old Italian. Presented in a new leather book-style box-case, ribbed spine, decorated in gold and lined with matching fabric, format 27.5 x 33.5 x 12 cm.<\/span><\/span><\/p>\n<p style=\"text-align: justify;\"><span class=\"VIiyi\" lang=\"en\"><span class=\"JLqJ4b\" data-language-for-alternatives=\"en\" data-language-to-translate-into=\"es\" data-phrase-index=\"0\">Accompanied by the corresponding study book, sealed and brand new, bound in a hard cover with a color illustrated dust jacket, guide tape. Made by Giorgio Tori. Format 25.5 x 36 cm, 410 pages. Texts in Spanish.<\/span><\/span><\/p>\n<p style=\"text-align: justify;\"><span class=\"VIiyi\" lang=\"en\"><span class=\"JLqJ4b\" data-language-for-alternatives=\"en\" data-language-to-translate-into=\"es\" data-phrase-index=\"0\">Complete copy and in perfect condition, keeping the original packing box for the facsimile.<\/span><\/span><\/p>\n<p style=\"text-align: justify;\"><span class=\"hps\">Shipping<\/span> <span class=\"hps\">by the buyer<\/span>, <span class=\"hps\">upon request<\/span> <span class=\"hps\">and destination.<\/span>\u00a0<a class=\"btn btn-default\" href=\"https:\/\/www.comprarmejor.es\/en\/contact\">Ask us<\/a>\u00a0<span lang=\"en\" xml:lang=\"en\">without obligation (indicating the reference of the article) any doubt.<\/span><\/p>\n","protected":false},"excerpt":{"rendered":"<p style=\"text-align: justify;\"><span id=\"result_box\" lang=\"en\" xml:lang=\"en\"><span class=\"hps\"><span lang=\"en\" xml:lang=\"en\"><span title=\"Cada una de las 300 p\u00e1ginas, ricamente iluminadas de este manuscrito, reflejan, sin ning\u00fan g\u00e9nero de dudas, la maestr\u00eda en la ejecuci\u00f3n de uno de los grandes pintores de finales del g\u00f3tico franc\u00e9s, Jean Colombe.\"><span class=\"VIiyi\" lang=\"en\"><span class=\"JLqJ4b\" data-language-for-alternatives=\"en\" data-language-to-translate-into=\"es\" data-phrase-index=\"0\">Facsimile edition of &#8220;Chronicles of Lucca&#8221;, by Giovanni Sercambi (1347-1424), manuscript between the fourteenth and fifteenth centuries, the original of which is preserved in the Lucca State Archive (Italy), produced in 2005 by the extinct AyN <\/span><\/span><\/span><\/span><\/span><\/span><\/p>\n","protected":false},"featured_media":67721,"template":"","meta":[],"product_brand":[],"product_cat":[2250],"product_tag":[3979],"class_list":{"0":"post-67719","1":"product","2":"type-product","3":"status-publish","4":"has-post-thumbnail","6":"product_cat-other-facsimiles","7":"product_tag-ayn-en","8":"product_shipping_class-from-2-to-5-kg","9":"description-off","11":"first","12":"instock","13":"sale","14":"taxable","15":"shipping-taxable","16":"purchasable","17":"product-type-simple"},"yoast_head":"<!-- This site is optimized with the Yoast SEO plugin v27.3 - https:\/\/yoast.com\/product\/yoast-seo-wordpress\/ -->\n<title>Chronicles of Lucca, by Giovanni Sercambi, 15th century<\/title>\n<meta name=\"description\" content=\"Facsimile edition of &quot;Chronicles of Lucca&quot;, by Giovanni Sercambi (1347-1424), manuscript between the fourteenth and fifteenth centuries, the\" \/>\n<meta name=\"robots\" content=\"index, follow, max-snippet:-1, max-image-preview:large, max-video-preview:-1\" \/>\n<link rel=\"canonical\" href=\"https:\/\/www.comprarmejor.es\/en\/product\/chronicles-of-lucca-by-giovanni-sercambi-15th-century\/\" \/>\n<meta property=\"og:locale\" content=\"en_US\" \/>\n<meta property=\"og:type\" content=\"article\" \/>\n<meta property=\"og:title\" content=\"Chronicles of Lucca, by Giovanni Sercambi, 15th century\" \/>\n<meta property=\"og:description\" content=\"Facsimile edition of &quot;Chronicles of Lucca&quot;, by Giovanni Sercambi (1347-1424), manuscript between the fourteenth and fifteenth centuries, the\" \/>\n<meta property=\"og:url\" content=\"https:\/\/www.comprarmejor.es\/en\/product\/chronicles-of-lucca-by-giovanni-sercambi-15th-century\/\" \/>\n<meta property=\"og:site_name\" content=\"ComprarMejor\" \/>\n<meta property=\"article:modified_time\" content=\"2021-04-02T11:39:05+00:00\" \/>\n<meta property=\"og:image\" content=\"https:\/\/www.comprarmejor.es\/wp-content\/uploads\/2021\/04\/CdL-1.jpg\" \/>\n\t<meta property=\"og:image:width\" content=\"599\" \/>\n\t<meta property=\"og:image:height\" content=\"449\" \/>\n\t<meta property=\"og:image:type\" content=\"image\/jpeg\" \/>\n<meta name=\"twitter:card\" content=\"summary_large_image\" \/>\n<meta name=\"twitter:label1\" content=\"Est. reading time\" \/>\n\t<meta name=\"twitter:data1\" content=\"1 minute\" \/>\n<script type=\"application\/ld+json\" class=\"yoast-schema-graph\">{\"@context\":\"https:\\\/\\\/schema.org\",\"@graph\":[{\"@type\":\"WebPage\",\"@id\":\"https:\\\/\\\/www.comprarmejor.es\\\/en\\\/product\\\/chronicles-of-lucca-by-giovanni-sercambi-15th-century\\\/\",\"url\":\"https:\\\/\\\/www.comprarmejor.es\\\/en\\\/product\\\/chronicles-of-lucca-by-giovanni-sercambi-15th-century\\\/\",\"name\":\"Chronicles of Lucca, by Giovanni Sercambi, 15th century\",\"isPartOf\":{\"@id\":\"https:\\\/\\\/www.comprarmejor.es\\\/en\\\/#website\"},\"primaryImageOfPage\":{\"@id\":\"https:\\\/\\\/www.comprarmejor.es\\\/en\\\/product\\\/chronicles-of-lucca-by-giovanni-sercambi-15th-century\\\/#primaryimage\"},\"image\":{\"@id\":\"https:\\\/\\\/www.comprarmejor.es\\\/en\\\/product\\\/chronicles-of-lucca-by-giovanni-sercambi-15th-century\\\/#primaryimage\"},\"thumbnailUrl\":\"https:\\\/\\\/www.comprarmejor.es\\\/wp-content\\\/uploads\\\/2021\\\/04\\\/CdL-1.jpg\",\"datePublished\":\"2021-04-02T11:25:10+00:00\",\"dateModified\":\"2021-04-02T11:39:05+00:00\",\"description\":\"Facsimile edition of \\\"Chronicles of Lucca\\\", by Giovanni Sercambi (1347-1424), manuscript between the fourteenth and fifteenth centuries, the\",\"breadcrumb\":{\"@id\":\"https:\\\/\\\/www.comprarmejor.es\\\/en\\\/product\\\/chronicles-of-lucca-by-giovanni-sercambi-15th-century\\\/#breadcrumb\"},\"inLanguage\":\"en-US\",\"potentialAction\":[{\"@type\":\"ReadAction\",\"target\":[\"https:\\\/\\\/www.comprarmejor.es\\\/en\\\/product\\\/chronicles-of-lucca-by-giovanni-sercambi-15th-century\\\/\"]}]},{\"@type\":\"ImageObject\",\"inLanguage\":\"en-US\",\"@id\":\"https:\\\/\\\/www.comprarmejor.es\\\/en\\\/product\\\/chronicles-of-lucca-by-giovanni-sercambi-15th-century\\\/#primaryimage\",\"url\":\"https:\\\/\\\/www.comprarmejor.es\\\/wp-content\\\/uploads\\\/2021\\\/04\\\/CdL-1.jpg\",\"contentUrl\":\"https:\\\/\\\/www.comprarmejor.es\\\/wp-content\\\/uploads\\\/2021\\\/04\\\/CdL-1.jpg\",\"width\":599,\"height\":449},{\"@type\":\"BreadcrumbList\",\"@id\":\"https:\\\/\\\/www.comprarmejor.es\\\/en\\\/product\\\/chronicles-of-lucca-by-giovanni-sercambi-15th-century\\\/#breadcrumb\",\"itemListElement\":[{\"@type\":\"ListItem\",\"position\":1,\"name\":\"Portada\",\"item\":\"https:\\\/\\\/www.comprarmejor.es\\\/en\\\/\"},{\"@type\":\"ListItem\",\"position\":2,\"name\":\"Shop\",\"item\":\"https:\\\/\\\/www.comprarmejor.es\\\/en\\\/shop\\\/\"},{\"@type\":\"ListItem\",\"position\":3,\"name\":\"Chronicles of Lucca, by Giovanni Sercambi, 15th century\"}]},{\"@type\":\"WebSite\",\"@id\":\"https:\\\/\\\/www.comprarmejor.es\\\/en\\\/#website\",\"url\":\"https:\\\/\\\/www.comprarmejor.es\\\/en\\\/\",\"name\":\"ComprarMejor\",\"description\":\"ComprarMejor\",\"publisher\":{\"@id\":\"https:\\\/\\\/www.comprarmejor.es\\\/en\\\/#organization\"},\"potentialAction\":[{\"@type\":\"SearchAction\",\"target\":{\"@type\":\"EntryPoint\",\"urlTemplate\":\"https:\\\/\\\/www.comprarmejor.es\\\/en\\\/?s={search_term_string}\"},\"query-input\":{\"@type\":\"PropertyValueSpecification\",\"valueRequired\":true,\"valueName\":\"search_term_string\"}}],\"inLanguage\":\"en-US\"},{\"@type\":\"Organization\",\"@id\":\"https:\\\/\\\/www.comprarmejor.es\\\/en\\\/#organization\",\"name\":\"COMPRAR MEJOR\",\"url\":\"https:\\\/\\\/www.comprarmejor.es\\\/en\\\/\",\"logo\":{\"@type\":\"ImageObject\",\"inLanguage\":\"en-US\",\"@id\":\"https:\\\/\\\/www.comprarmejor.es\\\/en\\\/#\\\/schema\\\/logo\\\/image\\\/\",\"url\":\"https:\\\/\\\/www.comprarmejor.es\\\/wp-content\\\/uploads\\\/2025\\\/09\\\/comprarmejortrinidad.jpg\",\"contentUrl\":\"https:\\\/\\\/www.comprarmejor.es\\\/wp-content\\\/uploads\\\/2025\\\/09\\\/comprarmejortrinidad.jpg\",\"width\":1022,\"height\":1380,\"caption\":\"COMPRAR MEJOR\"},\"image\":{\"@id\":\"https:\\\/\\\/www.comprarmejor.es\\\/en\\\/#\\\/schema\\\/logo\\\/image\\\/\"},\"sameAs\":[\"https:\\\/\\\/www.instagram.com\\\/amigosdelcodice\"]}]}<\/script>\n<!-- \/ Yoast SEO plugin. -->","yoast_head_json":{"title":"Chronicles of Lucca, by Giovanni Sercambi, 15th century","description":"Facsimile edition of \"Chronicles of Lucca\", by Giovanni Sercambi (1347-1424), manuscript between the fourteenth and fifteenth centuries, the","robots":{"index":"index","follow":"follow","max-snippet":"max-snippet:-1","max-image-preview":"max-image-preview:large","max-video-preview":"max-video-preview:-1"},"canonical":"https:\/\/www.comprarmejor.es\/en\/product\/chronicles-of-lucca-by-giovanni-sercambi-15th-century\/","og_locale":"en_US","og_type":"article","og_title":"Chronicles of Lucca, by Giovanni Sercambi, 15th century","og_description":"Facsimile edition of \"Chronicles of Lucca\", by Giovanni Sercambi (1347-1424), manuscript between the fourteenth and fifteenth centuries, the","og_url":"https:\/\/www.comprarmejor.es\/en\/product\/chronicles-of-lucca-by-giovanni-sercambi-15th-century\/","og_site_name":"ComprarMejor","article_modified_time":"2021-04-02T11:39:05+00:00","og_image":[{"width":599,"height":449,"url":"https:\/\/www.comprarmejor.es\/wp-content\/uploads\/2021\/04\/CdL-1.jpg","type":"image\/jpeg"}],"twitter_card":"summary_large_image","twitter_misc":{"Est. reading time":"1 minute"},"schema":{"@context":"https:\/\/schema.org","@graph":[{"@type":"WebPage","@id":"https:\/\/www.comprarmejor.es\/en\/product\/chronicles-of-lucca-by-giovanni-sercambi-15th-century\/","url":"https:\/\/www.comprarmejor.es\/en\/product\/chronicles-of-lucca-by-giovanni-sercambi-15th-century\/","name":"Chronicles of Lucca, by Giovanni Sercambi, 15th century","isPartOf":{"@id":"https:\/\/www.comprarmejor.es\/en\/#website"},"primaryImageOfPage":{"@id":"https:\/\/www.comprarmejor.es\/en\/product\/chronicles-of-lucca-by-giovanni-sercambi-15th-century\/#primaryimage"},"image":{"@id":"https:\/\/www.comprarmejor.es\/en\/product\/chronicles-of-lucca-by-giovanni-sercambi-15th-century\/#primaryimage"},"thumbnailUrl":"https:\/\/www.comprarmejor.es\/wp-content\/uploads\/2021\/04\/CdL-1.jpg","datePublished":"2021-04-02T11:25:10+00:00","dateModified":"2021-04-02T11:39:05+00:00","description":"Facsimile edition of \"Chronicles of Lucca\", by Giovanni Sercambi (1347-1424), manuscript between the fourteenth and fifteenth centuries, the","breadcrumb":{"@id":"https:\/\/www.comprarmejor.es\/en\/product\/chronicles-of-lucca-by-giovanni-sercambi-15th-century\/#breadcrumb"},"inLanguage":"en-US","potentialAction":[{"@type":"ReadAction","target":["https:\/\/www.comprarmejor.es\/en\/product\/chronicles-of-lucca-by-giovanni-sercambi-15th-century\/"]}]},{"@type":"ImageObject","inLanguage":"en-US","@id":"https:\/\/www.comprarmejor.es\/en\/product\/chronicles-of-lucca-by-giovanni-sercambi-15th-century\/#primaryimage","url":"https:\/\/www.comprarmejor.es\/wp-content\/uploads\/2021\/04\/CdL-1.jpg","contentUrl":"https:\/\/www.comprarmejor.es\/wp-content\/uploads\/2021\/04\/CdL-1.jpg","width":599,"height":449},{"@type":"BreadcrumbList","@id":"https:\/\/www.comprarmejor.es\/en\/product\/chronicles-of-lucca-by-giovanni-sercambi-15th-century\/#breadcrumb","itemListElement":[{"@type":"ListItem","position":1,"name":"Portada","item":"https:\/\/www.comprarmejor.es\/en\/"},{"@type":"ListItem","position":2,"name":"Shop","item":"https:\/\/www.comprarmejor.es\/en\/shop\/"},{"@type":"ListItem","position":3,"name":"Chronicles of Lucca, by Giovanni Sercambi, 15th century"}]},{"@type":"WebSite","@id":"https:\/\/www.comprarmejor.es\/en\/#website","url":"https:\/\/www.comprarmejor.es\/en\/","name":"ComprarMejor","description":"ComprarMejor","publisher":{"@id":"https:\/\/www.comprarmejor.es\/en\/#organization"},"potentialAction":[{"@type":"SearchAction","target":{"@type":"EntryPoint","urlTemplate":"https:\/\/www.comprarmejor.es\/en\/?s={search_term_string}"},"query-input":{"@type":"PropertyValueSpecification","valueRequired":true,"valueName":"search_term_string"}}],"inLanguage":"en-US"},{"@type":"Organization","@id":"https:\/\/www.comprarmejor.es\/en\/#organization","name":"COMPRAR MEJOR","url":"https:\/\/www.comprarmejor.es\/en\/","logo":{"@type":"ImageObject","inLanguage":"en-US","@id":"https:\/\/www.comprarmejor.es\/en\/#\/schema\/logo\/image\/","url":"https:\/\/www.comprarmejor.es\/wp-content\/uploads\/2025\/09\/comprarmejortrinidad.jpg","contentUrl":"https:\/\/www.comprarmejor.es\/wp-content\/uploads\/2025\/09\/comprarmejortrinidad.jpg","width":1022,"height":1380,"caption":"COMPRAR MEJOR"},"image":{"@id":"https:\/\/www.comprarmejor.es\/en\/#\/schema\/logo\/image\/"},"sameAs":["https:\/\/www.instagram.com\/amigosdelcodice"]}]}},"_links":{"self":[{"href":"https:\/\/www.comprarmejor.es\/en\/wp-json\/wp\/v2\/product\/67719","targetHints":{"allow":["GET"]}}],"collection":[{"href":"https:\/\/www.comprarmejor.es\/en\/wp-json\/wp\/v2\/product"}],"about":[{"href":"https:\/\/www.comprarmejor.es\/en\/wp-json\/wp\/v2\/types\/product"}],"wp:featuredmedia":[{"embeddable":true,"href":"https:\/\/www.comprarmejor.es\/en\/wp-json\/wp\/v2\/media\/67721"}],"wp:attachment":[{"href":"https:\/\/www.comprarmejor.es\/en\/wp-json\/wp\/v2\/media?parent=67719"}],"wp:term":[{"taxonomy":"product_brand","embeddable":true,"href":"https:\/\/www.comprarmejor.es\/en\/wp-json\/wp\/v2\/product_brand?post=67719"},{"taxonomy":"product_cat","embeddable":true,"href":"https:\/\/www.comprarmejor.es\/en\/wp-json\/wp\/v2\/product_cat?post=67719"},{"taxonomy":"product_tag","embeddable":true,"href":"https:\/\/www.comprarmejor.es\/en\/wp-json\/wp\/v2\/product_tag?post=67719"}],"curies":[{"name":"wp","href":"https:\/\/api.w.org\/{rel}","templated":true}]}}