{"id":68541,"date":"2021-06-11T17:09:30","date_gmt":"2021-06-11T15:09:32","guid":{"rendered":"https:\/\/www.comprarmejor.es\/?post_type=product&#038;p=68541"},"modified":"2022-08-23T12:04:30","modified_gmt":"2022-08-23T10:04:30","slug":"don-quixot-de-la-manxa-1936-don-quixote-in-catalan","status":"publish","type":"product","link":"https:\/\/www.comprarmejor.es\/en\/product\/don-quixot-de-la-manxa-1936-don-quixote-in-catalan\/","title":{"rendered":"1936 Don Quixot de la Manxa (Don Quixote in Catalan)"},"content":{"rendered":"<p style=\"text-align: justify;\"><strong>L\u2019Enginy\u00f3s Cavaller Don Quixot de la Manxa<\/strong>, by <strong>Miquel Cervantes Saavedra<\/strong>. Sant Feliu de Gu\u00edxols, 1936.<\/p>\n<p style=\"text-align: justify;\"><span class=\"VIiyi\" lang=\"en\"><span class=\"JLqJ4b ChMk0b\" data-language-for-alternatives=\"en\" data-language-to-translate-into=\"es\" data-phrase-index=\"0\" data-number-of-phrases=\"3\">Beautiful edition made in Catalonia in 1936 of the universal work of Miguel de Cervantes, Don Quixote de La Mancha.<\/span> <span class=\"JLqJ4b ChMk0b\" data-language-for-alternatives=\"en\" data-language-to-translate-into=\"es\" data-phrase-index=\"1\" data-number-of-phrases=\"3\">Texts in Catalan, with rich Renaissance-style ornaments, in bright colors, on the cover, at the beginning of the chapters and in the capital letters.<\/span> <span class=\"JLqJ4b ChMk0b\" data-language-for-alternatives=\"en\" data-language-to-translate-into=\"es\" data-phrase-index=\"2\" data-number-of-phrases=\"3\">Illustrations, borders and drop caps in color, in one color and interior illustrations in black and white<\/span><\/span>.<\/p>\n<p style=\"text-align: justify;\">Numbered edition limited to 560 copies.<\/p>\n<p style=\"text-align: justify;\">2 volumes bound in hard cover with decorated and gilded parchment on the front plane and on the spine. Format 24.5 x 32 cm. 166 and 202 pages.<\/p>\n<p style=\"text-align: justify;\">Exemplary with signs of the passage of time, paper with rust but, in general, in good condition.<\/p>\n<p style=\"text-align: justify;\"><span class=\"hps\"><span class=\"VIiyi\" lang=\"en\"><span class=\"JLqJ4b ChMk0b\" data-language-for-alternatives=\"en\" data-language-to-translate-into=\"es\" data-phrase-index=\"4\" data-number-of-phrases=\"5\">Shipping costs paid by the buyer, according to order and destination<\/span><\/span>.<\/span>\u00a0<a class=\"btn btn-default\" href=\"https:\/\/www.comprarmejor.es\/en\/contact\">Ask us<\/a>\u00a0<span lang=\"en\" xml:lang=\"en\">without obligation (indicating the reference of the article) any doubt.<\/span><\/p>\n","protected":false},"excerpt":{"rendered":"<p style=\"text-align: justify;\"><span id=\"result_box\" lang=\"en\" xml:lang=\"en\"><span class=\"hps\"><span lang=\"en\" xml:lang=\"en\"><span title=\"Cada una de las 300 p\u00e1ginas, ricamente iluminadas de este manuscrito, reflejan, sin ning\u00fan g\u00e9nero de dudas, la maestr\u00eda en la ejecuci\u00f3n de uno de los grandes pintores de finales del g\u00f3tico franc\u00e9s, Jean Colombe.\"><span class=\"VIiyi\" lang=\"en\"><span class=\"JLqJ4b\" data-language-for-alternatives=\"en\" data-language-to-translate-into=\"es\" data-phrase-index=\"0\"><span class=\"JLqJ4b ChMk0b\" data-language-for-alternatives=\"en\" data-language-to-translate-into=\"es\" data-phrase-index=\"6\">L\u2019Enginy\u00f3s Cavaller Don Quixot de la Manxa, by Miquel Cervantes Saavedra. Sant Feliu de Gu\u00edxols, 1936.<\/span><\/span><\/span><\/span><\/span><\/span><\/span><\/p>\n","protected":false},"featured_media":68543,"template":"","meta":[],"product_brand":[],"product_cat":[2228],"product_tag":[4041,5129],"class_list":{"0":"post-68541","1":"product","2":"type-product","3":"status-publish","4":"has-post-thumbnail","6":"product_cat-quijotes-en","7":"product_tag-cervantes-en","8":"product_tag-quixote-en","9":"product_shipping_class-from-2-to-5-kg","10":"description-off","12":"first","13":"instock","14":"sale","15":"taxable","16":"shipping-taxable","17":"purchasable","18":"product-type-simple"},"yoast_head":"<!-- This site is optimized with the Yoast SEO plugin v27.3 - https:\/\/yoast.com\/product\/yoast-seo-wordpress\/ -->\n<title>Don Quixot de la Manxa, 1936 (Don Quixote in Catalan)<\/title>\n<meta name=\"description\" content=\"L\u2019Enginy\u00f3s Cavaller Don Quixot de la Manxa, by Miquel Cervantes Saavedra. 1936. Beautiful edition of Quixote in Catalan\" \/>\n<meta name=\"robots\" content=\"index, follow, max-snippet:-1, max-image-preview:large, max-video-preview:-1\" \/>\n<link rel=\"canonical\" href=\"https:\/\/www.comprarmejor.es\/en\/product\/don-quixot-de-la-manxa-1936-don-quixote-in-catalan\/\" \/>\n<meta property=\"og:locale\" content=\"en_US\" \/>\n<meta property=\"og:type\" content=\"article\" \/>\n<meta property=\"og:title\" content=\"Don Quixot de la Manxa, 1936 (Don Quixote in Catalan)\" \/>\n<meta property=\"og:description\" content=\"L\u2019Enginy\u00f3s Cavaller Don Quixot de la Manxa, by Miquel Cervantes Saavedra. 1936. Beautiful edition of Quixote in Catalan\" \/>\n<meta property=\"og:url\" content=\"https:\/\/www.comprarmejor.es\/en\/product\/don-quixot-de-la-manxa-1936-don-quixote-in-catalan\/\" \/>\n<meta property=\"og:site_name\" content=\"ComprarMejor\" \/>\n<meta property=\"article:modified_time\" content=\"2022-08-23T10:04:30+00:00\" \/>\n<meta property=\"og:image\" content=\"https:\/\/www.comprarmejor.es\/wp-content\/uploads\/2021\/06\/DQenC-1.jpg\" \/>\n\t<meta property=\"og:image:width\" content=\"599\" \/>\n\t<meta property=\"og:image:height\" content=\"382\" \/>\n\t<meta property=\"og:image:type\" content=\"image\/jpeg\" \/>\n<meta name=\"twitter:card\" content=\"summary_large_image\" \/>\n<meta name=\"twitter:label1\" content=\"Est. reading time\" \/>\n\t<meta name=\"twitter:data1\" content=\"1 minute\" \/>\n<script type=\"application\/ld+json\" class=\"yoast-schema-graph\">{\"@context\":\"https:\\\/\\\/schema.org\",\"@graph\":[{\"@type\":\"WebPage\",\"@id\":\"https:\\\/\\\/www.comprarmejor.es\\\/en\\\/product\\\/don-quixot-de-la-manxa-1936-don-quixote-in-catalan\\\/\",\"url\":\"https:\\\/\\\/www.comprarmejor.es\\\/en\\\/product\\\/don-quixot-de-la-manxa-1936-don-quixote-in-catalan\\\/\",\"name\":\"Don Quixot de la Manxa, 1936 (Don Quixote in Catalan)\",\"isPartOf\":{\"@id\":\"https:\\\/\\\/www.comprarmejor.es\\\/en\\\/#website\"},\"primaryImageOfPage\":{\"@id\":\"https:\\\/\\\/www.comprarmejor.es\\\/en\\\/product\\\/don-quixot-de-la-manxa-1936-don-quixote-in-catalan\\\/#primaryimage\"},\"image\":{\"@id\":\"https:\\\/\\\/www.comprarmejor.es\\\/en\\\/product\\\/don-quixot-de-la-manxa-1936-don-quixote-in-catalan\\\/#primaryimage\"},\"thumbnailUrl\":\"https:\\\/\\\/www.comprarmejor.es\\\/wp-content\\\/uploads\\\/2021\\\/06\\\/DQenC-1.jpg\",\"datePublished\":\"2021-06-11T15:09:32+00:00\",\"dateModified\":\"2022-08-23T10:04:30+00:00\",\"description\":\"L\u2019Enginy\u00f3s Cavaller Don Quixot de la Manxa, by Miquel Cervantes Saavedra. 1936. Beautiful edition of Quixote in Catalan\",\"breadcrumb\":{\"@id\":\"https:\\\/\\\/www.comprarmejor.es\\\/en\\\/product\\\/don-quixot-de-la-manxa-1936-don-quixote-in-catalan\\\/#breadcrumb\"},\"inLanguage\":\"en-US\",\"potentialAction\":[{\"@type\":\"ReadAction\",\"target\":[\"https:\\\/\\\/www.comprarmejor.es\\\/en\\\/product\\\/don-quixot-de-la-manxa-1936-don-quixote-in-catalan\\\/\"]}]},{\"@type\":\"ImageObject\",\"inLanguage\":\"en-US\",\"@id\":\"https:\\\/\\\/www.comprarmejor.es\\\/en\\\/product\\\/don-quixot-de-la-manxa-1936-don-quixote-in-catalan\\\/#primaryimage\",\"url\":\"https:\\\/\\\/www.comprarmejor.es\\\/wp-content\\\/uploads\\\/2021\\\/06\\\/DQenC-1.jpg\",\"contentUrl\":\"https:\\\/\\\/www.comprarmejor.es\\\/wp-content\\\/uploads\\\/2021\\\/06\\\/DQenC-1.jpg\",\"width\":599,\"height\":382},{\"@type\":\"BreadcrumbList\",\"@id\":\"https:\\\/\\\/www.comprarmejor.es\\\/en\\\/product\\\/don-quixot-de-la-manxa-1936-don-quixote-in-catalan\\\/#breadcrumb\",\"itemListElement\":[{\"@type\":\"ListItem\",\"position\":1,\"name\":\"Portada\",\"item\":\"https:\\\/\\\/www.comprarmejor.es\\\/en\\\/\"},{\"@type\":\"ListItem\",\"position\":2,\"name\":\"Shop\",\"item\":\"https:\\\/\\\/www.comprarmejor.es\\\/en\\\/shop\\\/\"},{\"@type\":\"ListItem\",\"position\":3,\"name\":\"1936 Don Quixot de la Manxa (Don Quixote in Catalan)\"}]},{\"@type\":\"WebSite\",\"@id\":\"https:\\\/\\\/www.comprarmejor.es\\\/en\\\/#website\",\"url\":\"https:\\\/\\\/www.comprarmejor.es\\\/en\\\/\",\"name\":\"ComprarMejor\",\"description\":\"ComprarMejor\",\"publisher\":{\"@id\":\"https:\\\/\\\/www.comprarmejor.es\\\/en\\\/#organization\"},\"potentialAction\":[{\"@type\":\"SearchAction\",\"target\":{\"@type\":\"EntryPoint\",\"urlTemplate\":\"https:\\\/\\\/www.comprarmejor.es\\\/en\\\/?s={search_term_string}\"},\"query-input\":{\"@type\":\"PropertyValueSpecification\",\"valueRequired\":true,\"valueName\":\"search_term_string\"}}],\"inLanguage\":\"en-US\"},{\"@type\":\"Organization\",\"@id\":\"https:\\\/\\\/www.comprarmejor.es\\\/en\\\/#organization\",\"name\":\"COMPRAR MEJOR\",\"url\":\"https:\\\/\\\/www.comprarmejor.es\\\/en\\\/\",\"logo\":{\"@type\":\"ImageObject\",\"inLanguage\":\"en-US\",\"@id\":\"https:\\\/\\\/www.comprarmejor.es\\\/en\\\/#\\\/schema\\\/logo\\\/image\\\/\",\"url\":\"https:\\\/\\\/www.comprarmejor.es\\\/wp-content\\\/uploads\\\/2025\\\/09\\\/comprarmejortrinidad.jpg\",\"contentUrl\":\"https:\\\/\\\/www.comprarmejor.es\\\/wp-content\\\/uploads\\\/2025\\\/09\\\/comprarmejortrinidad.jpg\",\"width\":1022,\"height\":1380,\"caption\":\"COMPRAR MEJOR\"},\"image\":{\"@id\":\"https:\\\/\\\/www.comprarmejor.es\\\/en\\\/#\\\/schema\\\/logo\\\/image\\\/\"},\"sameAs\":[\"https:\\\/\\\/www.instagram.com\\\/amigosdelcodice\"]}]}<\/script>\n<!-- \/ Yoast SEO plugin. -->","yoast_head_json":{"title":"Don Quixot de la Manxa, 1936 (Don Quixote in Catalan)","description":"L\u2019Enginy\u00f3s Cavaller Don Quixot de la Manxa, by Miquel Cervantes Saavedra. 1936. Beautiful edition of Quixote in Catalan","robots":{"index":"index","follow":"follow","max-snippet":"max-snippet:-1","max-image-preview":"max-image-preview:large","max-video-preview":"max-video-preview:-1"},"canonical":"https:\/\/www.comprarmejor.es\/en\/product\/don-quixot-de-la-manxa-1936-don-quixote-in-catalan\/","og_locale":"en_US","og_type":"article","og_title":"Don Quixot de la Manxa, 1936 (Don Quixote in Catalan)","og_description":"L\u2019Enginy\u00f3s Cavaller Don Quixot de la Manxa, by Miquel Cervantes Saavedra. 1936. Beautiful edition of Quixote in Catalan","og_url":"https:\/\/www.comprarmejor.es\/en\/product\/don-quixot-de-la-manxa-1936-don-quixote-in-catalan\/","og_site_name":"ComprarMejor","article_modified_time":"2022-08-23T10:04:30+00:00","og_image":[{"width":599,"height":382,"url":"https:\/\/www.comprarmejor.es\/wp-content\/uploads\/2021\/06\/DQenC-1.jpg","type":"image\/jpeg"}],"twitter_card":"summary_large_image","twitter_misc":{"Est. reading time":"1 minute"},"schema":{"@context":"https:\/\/schema.org","@graph":[{"@type":"WebPage","@id":"https:\/\/www.comprarmejor.es\/en\/product\/don-quixot-de-la-manxa-1936-don-quixote-in-catalan\/","url":"https:\/\/www.comprarmejor.es\/en\/product\/don-quixot-de-la-manxa-1936-don-quixote-in-catalan\/","name":"Don Quixot de la Manxa, 1936 (Don Quixote in Catalan)","isPartOf":{"@id":"https:\/\/www.comprarmejor.es\/en\/#website"},"primaryImageOfPage":{"@id":"https:\/\/www.comprarmejor.es\/en\/product\/don-quixot-de-la-manxa-1936-don-quixote-in-catalan\/#primaryimage"},"image":{"@id":"https:\/\/www.comprarmejor.es\/en\/product\/don-quixot-de-la-manxa-1936-don-quixote-in-catalan\/#primaryimage"},"thumbnailUrl":"https:\/\/www.comprarmejor.es\/wp-content\/uploads\/2021\/06\/DQenC-1.jpg","datePublished":"2021-06-11T15:09:32+00:00","dateModified":"2022-08-23T10:04:30+00:00","description":"L\u2019Enginy\u00f3s Cavaller Don Quixot de la Manxa, by Miquel Cervantes Saavedra. 1936. Beautiful edition of Quixote in Catalan","breadcrumb":{"@id":"https:\/\/www.comprarmejor.es\/en\/product\/don-quixot-de-la-manxa-1936-don-quixote-in-catalan\/#breadcrumb"},"inLanguage":"en-US","potentialAction":[{"@type":"ReadAction","target":["https:\/\/www.comprarmejor.es\/en\/product\/don-quixot-de-la-manxa-1936-don-quixote-in-catalan\/"]}]},{"@type":"ImageObject","inLanguage":"en-US","@id":"https:\/\/www.comprarmejor.es\/en\/product\/don-quixot-de-la-manxa-1936-don-quixote-in-catalan\/#primaryimage","url":"https:\/\/www.comprarmejor.es\/wp-content\/uploads\/2021\/06\/DQenC-1.jpg","contentUrl":"https:\/\/www.comprarmejor.es\/wp-content\/uploads\/2021\/06\/DQenC-1.jpg","width":599,"height":382},{"@type":"BreadcrumbList","@id":"https:\/\/www.comprarmejor.es\/en\/product\/don-quixot-de-la-manxa-1936-don-quixote-in-catalan\/#breadcrumb","itemListElement":[{"@type":"ListItem","position":1,"name":"Portada","item":"https:\/\/www.comprarmejor.es\/en\/"},{"@type":"ListItem","position":2,"name":"Shop","item":"https:\/\/www.comprarmejor.es\/en\/shop\/"},{"@type":"ListItem","position":3,"name":"1936 Don Quixot de la Manxa (Don Quixote in Catalan)"}]},{"@type":"WebSite","@id":"https:\/\/www.comprarmejor.es\/en\/#website","url":"https:\/\/www.comprarmejor.es\/en\/","name":"ComprarMejor","description":"ComprarMejor","publisher":{"@id":"https:\/\/www.comprarmejor.es\/en\/#organization"},"potentialAction":[{"@type":"SearchAction","target":{"@type":"EntryPoint","urlTemplate":"https:\/\/www.comprarmejor.es\/en\/?s={search_term_string}"},"query-input":{"@type":"PropertyValueSpecification","valueRequired":true,"valueName":"search_term_string"}}],"inLanguage":"en-US"},{"@type":"Organization","@id":"https:\/\/www.comprarmejor.es\/en\/#organization","name":"COMPRAR MEJOR","url":"https:\/\/www.comprarmejor.es\/en\/","logo":{"@type":"ImageObject","inLanguage":"en-US","@id":"https:\/\/www.comprarmejor.es\/en\/#\/schema\/logo\/image\/","url":"https:\/\/www.comprarmejor.es\/wp-content\/uploads\/2025\/09\/comprarmejortrinidad.jpg","contentUrl":"https:\/\/www.comprarmejor.es\/wp-content\/uploads\/2025\/09\/comprarmejortrinidad.jpg","width":1022,"height":1380,"caption":"COMPRAR MEJOR"},"image":{"@id":"https:\/\/www.comprarmejor.es\/en\/#\/schema\/logo\/image\/"},"sameAs":["https:\/\/www.instagram.com\/amigosdelcodice"]}]}},"_links":{"self":[{"href":"https:\/\/www.comprarmejor.es\/en\/wp-json\/wp\/v2\/product\/68541","targetHints":{"allow":["GET"]}}],"collection":[{"href":"https:\/\/www.comprarmejor.es\/en\/wp-json\/wp\/v2\/product"}],"about":[{"href":"https:\/\/www.comprarmejor.es\/en\/wp-json\/wp\/v2\/types\/product"}],"wp:featuredmedia":[{"embeddable":true,"href":"https:\/\/www.comprarmejor.es\/en\/wp-json\/wp\/v2\/media\/68543"}],"wp:attachment":[{"href":"https:\/\/www.comprarmejor.es\/en\/wp-json\/wp\/v2\/media?parent=68541"}],"wp:term":[{"taxonomy":"product_brand","embeddable":true,"href":"https:\/\/www.comprarmejor.es\/en\/wp-json\/wp\/v2\/product_brand?post=68541"},{"taxonomy":"product_cat","embeddable":true,"href":"https:\/\/www.comprarmejor.es\/en\/wp-json\/wp\/v2\/product_cat?post=68541"},{"taxonomy":"product_tag","embeddable":true,"href":"https:\/\/www.comprarmejor.es\/en\/wp-json\/wp\/v2\/product_tag?post=68541"}],"curies":[{"name":"wp","href":"https:\/\/api.w.org\/{rel}","templated":true}]}}