{"id":68678,"date":"2021-06-20T12:22:18","date_gmt":"2021-06-20T10:22:19","guid":{"rendered":"https:\/\/www.comprarmejor.es\/?post_type=product&#038;p=68678"},"modified":"2023-04-27T13:45:18","modified_gmt":"2023-04-27T11:45:18","slug":"study-book-of-the-facsimile-of-the-life-of-the-virgin-mary-orbis-mediaevalis","status":"publish","type":"product","link":"https:\/\/www.comprarmejor.es\/en\/product\/study-book-of-the-facsimile-of-the-life-of-the-virgin-mary-orbis-mediaevalis\/","title":{"rendered":"Study book of the facsimile of The Life of the Virgin Mary, Orbis Mediaevalis"},"content":{"rendered":"<p style=\"text-align: justify;\">Book study of the extraordinary and beautiful facsimile edition of the publishing house Orbis Mediaevalis, The Life of the Virgin Mary, made in 2012 of the Leber 146 manuscript of the Municipal Library of Rouen (France), masterpiece of the library of Francisco I. Splendid codex from the 16th century (dated c. 1548) fully illuminated with full-page illuminations, without margins, making it a small (but large and spectacular) pictorial museum of the French Renaissance. A 5 star in any great Library!<\/p>\n<p style=\"text-align: justify;\">The study book has been made by specialists in the field, it also contains the translation of the texts into Spanish and the reproduction of all the pages. Bound in hardcover cloth with color illustrated dust jacket, guide tape, published in 2014, format 25 x 32 cm. 100 color pages.<\/p>\n<p style=\"text-align: justify;\">This article deals only with the study book that accompanies the facsimile edition, it does NOT include the facsimile, which you can also purchase right here, since the edition is completely exhausted.<\/p>\n<p style=\"text-align: justify;\">Copy in perfect condition, sealed, new, brand new.<\/p>\n<p style=\"text-align: justify;\">Shipping costs according to order and destination. <a class=\"btn btn-default\" href=\"https:\/\/www.comprarmejor.es\/en\/contact\">Ask us<\/a>\u00a0<span class=\"VIiyi\" lang=\"en\"><span class=\"JLqJ4b\" data-language-for-alternatives=\"en\" data-language-to-translate-into=\"es\" data-phrase-index=\"0\" data-number-of-phrases=\"1\"><span class=\"Q4iAWc\">any questions, indicating the article reference.<\/span><\/span><\/span><\/p>\n","protected":false},"excerpt":{"rendered":"<p style=\"text-align: justify;\"><span id=\"result_box\" lang=\"en\" xml:lang=\"en\"><span class=\"hps\"><span lang=\"en\" xml:lang=\"en\"><span title=\"Cada una de las 300 p\u00e1ginas, ricamente iluminadas de este manuscrito, reflejan, sin ning\u00fan g\u00e9nero de dudas, la maestr\u00eda en la ejecuci\u00f3n de uno de los grandes pintores de finales del g\u00f3tico franc\u00e9s, Jean Colombe.\"><span class=\"VIiyi\" lang=\"en\"><span class=\"JLqJ4b\" data-language-for-alternatives=\"en\" data-language-to-translate-into=\"es\" data-phrase-index=\"0\"><span class=\"JLqJ4b ChMk0b\" data-language-for-alternatives=\"en\" data-language-to-translate-into=\"es\" data-phrase-index=\"6\"><span class=\"Q4iAWc\"><span class=\"HwtZe\" lang=\"en\"><span class=\"jCAhz ChMk0b C1N51c\"><span class=\"ryNqvb\">Book study of the extraordinary and beautiful facsimile edition of the publishing house Orbis Mediaevalis, The Life of the Virgin Mary, made in 2012 of the Leber 146 manuscript<br \/>\n<\/span><\/span><\/span><\/span><\/span><\/span><\/span><\/span><\/span><\/span><\/span><\/p>\n","protected":false},"featured_media":87743,"template":"","meta":[],"product_brand":[],"product_cat":[2246],"product_tag":[4002],"class_list":{"0":"post-68678","1":"product","2":"type-product","3":"status-publish","4":"has-post-thumbnail","6":"product_cat-study-books","7":"product_tag-orbis-en","8":"product_shipping_class-from-0-to-1-kg","9":"description-off","11":"first","12":"instock","13":"taxable","14":"shipping-taxable","15":"purchasable","16":"product-type-simple"},"yoast_head":"<!-- This site is optimized with the Yoast SEO plugin v27.3 - https:\/\/yoast.com\/product\/yoast-seo-wordpress\/ -->\n<title>S. B. of the facsimile of The Life of the Virgin Mary, Orbis<\/title>\n<meta name=\"description\" content=\"Book study of the extraordinary and beautiful facsimile edition of the publishing house Orbis Mediaevalis, The Life of the Virgin Mary, made in 2012 of the\" \/>\n<meta name=\"robots\" content=\"index, follow, max-snippet:-1, max-image-preview:large, max-video-preview:-1\" \/>\n<link rel=\"canonical\" href=\"https:\/\/www.comprarmejor.es\/en\/product\/study-book-of-the-facsimile-of-the-life-of-the-virgin-mary-orbis-mediaevalis\/\" \/>\n<meta property=\"og:locale\" content=\"en_US\" \/>\n<meta property=\"og:type\" content=\"article\" \/>\n<meta property=\"og:title\" content=\"S. B. of the facsimile of The Life of the Virgin Mary, Orbis\" \/>\n<meta property=\"og:description\" content=\"Book study of the extraordinary and beautiful facsimile edition of the publishing house Orbis Mediaevalis, The Life of the Virgin Mary, made in 2012 of the\" \/>\n<meta property=\"og:url\" content=\"https:\/\/www.comprarmejor.es\/en\/product\/study-book-of-the-facsimile-of-the-life-of-the-virgin-mary-orbis-mediaevalis\/\" \/>\n<meta property=\"og:site_name\" content=\"ComprarMejor\" \/>\n<meta property=\"article:modified_time\" content=\"2023-04-27T11:45:18+00:00\" \/>\n<meta property=\"og:image\" content=\"https:\/\/www.comprarmejor.es\/wp-content\/uploads\/2021\/06\/DSC00718-1.jpg\" \/>\n\t<meta property=\"og:image:width\" content=\"599\" \/>\n\t<meta property=\"og:image:height\" content=\"449\" \/>\n\t<meta property=\"og:image:type\" content=\"image\/jpeg\" \/>\n<meta name=\"twitter:card\" content=\"summary_large_image\" \/>\n<meta name=\"twitter:label1\" content=\"Est. reading time\" \/>\n\t<meta name=\"twitter:data1\" content=\"1 minute\" \/>\n<script type=\"application\/ld+json\" class=\"yoast-schema-graph\">{\"@context\":\"https:\\\/\\\/schema.org\",\"@graph\":[{\"@type\":\"WebPage\",\"@id\":\"https:\\\/\\\/www.comprarmejor.es\\\/en\\\/product\\\/study-book-of-the-facsimile-of-the-life-of-the-virgin-mary-orbis-mediaevalis\\\/\",\"url\":\"https:\\\/\\\/www.comprarmejor.es\\\/en\\\/product\\\/study-book-of-the-facsimile-of-the-life-of-the-virgin-mary-orbis-mediaevalis\\\/\",\"name\":\"S. B. of the facsimile of The Life of the Virgin Mary, Orbis\",\"isPartOf\":{\"@id\":\"https:\\\/\\\/www.comprarmejor.es\\\/en\\\/#website\"},\"primaryImageOfPage\":{\"@id\":\"https:\\\/\\\/www.comprarmejor.es\\\/en\\\/product\\\/study-book-of-the-facsimile-of-the-life-of-the-virgin-mary-orbis-mediaevalis\\\/#primaryimage\"},\"image\":{\"@id\":\"https:\\\/\\\/www.comprarmejor.es\\\/en\\\/product\\\/study-book-of-the-facsimile-of-the-life-of-the-virgin-mary-orbis-mediaevalis\\\/#primaryimage\"},\"thumbnailUrl\":\"https:\\\/\\\/www.comprarmejor.es\\\/wp-content\\\/uploads\\\/2021\\\/06\\\/DSC00718-1.jpg\",\"datePublished\":\"2021-06-20T10:22:19+00:00\",\"dateModified\":\"2023-04-27T11:45:18+00:00\",\"description\":\"Book study of the extraordinary and beautiful facsimile edition of the publishing house Orbis Mediaevalis, The Life of the Virgin Mary, made in 2012 of the\",\"breadcrumb\":{\"@id\":\"https:\\\/\\\/www.comprarmejor.es\\\/en\\\/product\\\/study-book-of-the-facsimile-of-the-life-of-the-virgin-mary-orbis-mediaevalis\\\/#breadcrumb\"},\"inLanguage\":\"en-US\",\"potentialAction\":[{\"@type\":\"ReadAction\",\"target\":[\"https:\\\/\\\/www.comprarmejor.es\\\/en\\\/product\\\/study-book-of-the-facsimile-of-the-life-of-the-virgin-mary-orbis-mediaevalis\\\/\"]}]},{\"@type\":\"ImageObject\",\"inLanguage\":\"en-US\",\"@id\":\"https:\\\/\\\/www.comprarmejor.es\\\/en\\\/product\\\/study-book-of-the-facsimile-of-the-life-of-the-virgin-mary-orbis-mediaevalis\\\/#primaryimage\",\"url\":\"https:\\\/\\\/www.comprarmejor.es\\\/wp-content\\\/uploads\\\/2021\\\/06\\\/DSC00718-1.jpg\",\"contentUrl\":\"https:\\\/\\\/www.comprarmejor.es\\\/wp-content\\\/uploads\\\/2021\\\/06\\\/DSC00718-1.jpg\",\"width\":599,\"height\":449},{\"@type\":\"BreadcrumbList\",\"@id\":\"https:\\\/\\\/www.comprarmejor.es\\\/en\\\/product\\\/study-book-of-the-facsimile-of-the-life-of-the-virgin-mary-orbis-mediaevalis\\\/#breadcrumb\",\"itemListElement\":[{\"@type\":\"ListItem\",\"position\":1,\"name\":\"Portada\",\"item\":\"https:\\\/\\\/www.comprarmejor.es\\\/en\\\/\"},{\"@type\":\"ListItem\",\"position\":2,\"name\":\"Shop\",\"item\":\"https:\\\/\\\/www.comprarmejor.es\\\/en\\\/shop\\\/\"},{\"@type\":\"ListItem\",\"position\":3,\"name\":\"Study book of the facsimile of The Life of the Virgin Mary, Orbis Mediaevalis\"}]},{\"@type\":\"WebSite\",\"@id\":\"https:\\\/\\\/www.comprarmejor.es\\\/en\\\/#website\",\"url\":\"https:\\\/\\\/www.comprarmejor.es\\\/en\\\/\",\"name\":\"ComprarMejor\",\"description\":\"ComprarMejor\",\"publisher\":{\"@id\":\"https:\\\/\\\/www.comprarmejor.es\\\/en\\\/#organization\"},\"potentialAction\":[{\"@type\":\"SearchAction\",\"target\":{\"@type\":\"EntryPoint\",\"urlTemplate\":\"https:\\\/\\\/www.comprarmejor.es\\\/en\\\/?s={search_term_string}\"},\"query-input\":{\"@type\":\"PropertyValueSpecification\",\"valueRequired\":true,\"valueName\":\"search_term_string\"}}],\"inLanguage\":\"en-US\"},{\"@type\":\"Organization\",\"@id\":\"https:\\\/\\\/www.comprarmejor.es\\\/en\\\/#organization\",\"name\":\"COMPRAR MEJOR\",\"url\":\"https:\\\/\\\/www.comprarmejor.es\\\/en\\\/\",\"logo\":{\"@type\":\"ImageObject\",\"inLanguage\":\"en-US\",\"@id\":\"https:\\\/\\\/www.comprarmejor.es\\\/en\\\/#\\\/schema\\\/logo\\\/image\\\/\",\"url\":\"https:\\\/\\\/www.comprarmejor.es\\\/wp-content\\\/uploads\\\/2025\\\/09\\\/comprarmejortrinidad.jpg\",\"contentUrl\":\"https:\\\/\\\/www.comprarmejor.es\\\/wp-content\\\/uploads\\\/2025\\\/09\\\/comprarmejortrinidad.jpg\",\"width\":1022,\"height\":1380,\"caption\":\"COMPRAR MEJOR\"},\"image\":{\"@id\":\"https:\\\/\\\/www.comprarmejor.es\\\/en\\\/#\\\/schema\\\/logo\\\/image\\\/\"},\"sameAs\":[\"https:\\\/\\\/www.instagram.com\\\/amigosdelcodice\"]}]}<\/script>\n<!-- \/ Yoast SEO plugin. -->","yoast_head_json":{"title":"S. B. of the facsimile of The Life of the Virgin Mary, Orbis","description":"Book study of the extraordinary and beautiful facsimile edition of the publishing house Orbis Mediaevalis, The Life of the Virgin Mary, made in 2012 of the","robots":{"index":"index","follow":"follow","max-snippet":"max-snippet:-1","max-image-preview":"max-image-preview:large","max-video-preview":"max-video-preview:-1"},"canonical":"https:\/\/www.comprarmejor.es\/en\/product\/study-book-of-the-facsimile-of-the-life-of-the-virgin-mary-orbis-mediaevalis\/","og_locale":"en_US","og_type":"article","og_title":"S. B. of the facsimile of The Life of the Virgin Mary, Orbis","og_description":"Book study of the extraordinary and beautiful facsimile edition of the publishing house Orbis Mediaevalis, The Life of the Virgin Mary, made in 2012 of the","og_url":"https:\/\/www.comprarmejor.es\/en\/product\/study-book-of-the-facsimile-of-the-life-of-the-virgin-mary-orbis-mediaevalis\/","og_site_name":"ComprarMejor","article_modified_time":"2023-04-27T11:45:18+00:00","og_image":[{"width":599,"height":449,"url":"https:\/\/www.comprarmejor.es\/wp-content\/uploads\/2021\/06\/DSC00718-1.jpg","type":"image\/jpeg"}],"twitter_card":"summary_large_image","twitter_misc":{"Est. reading time":"1 minute"},"schema":{"@context":"https:\/\/schema.org","@graph":[{"@type":"WebPage","@id":"https:\/\/www.comprarmejor.es\/en\/product\/study-book-of-the-facsimile-of-the-life-of-the-virgin-mary-orbis-mediaevalis\/","url":"https:\/\/www.comprarmejor.es\/en\/product\/study-book-of-the-facsimile-of-the-life-of-the-virgin-mary-orbis-mediaevalis\/","name":"S. B. of the facsimile of The Life of the Virgin Mary, Orbis","isPartOf":{"@id":"https:\/\/www.comprarmejor.es\/en\/#website"},"primaryImageOfPage":{"@id":"https:\/\/www.comprarmejor.es\/en\/product\/study-book-of-the-facsimile-of-the-life-of-the-virgin-mary-orbis-mediaevalis\/#primaryimage"},"image":{"@id":"https:\/\/www.comprarmejor.es\/en\/product\/study-book-of-the-facsimile-of-the-life-of-the-virgin-mary-orbis-mediaevalis\/#primaryimage"},"thumbnailUrl":"https:\/\/www.comprarmejor.es\/wp-content\/uploads\/2021\/06\/DSC00718-1.jpg","datePublished":"2021-06-20T10:22:19+00:00","dateModified":"2023-04-27T11:45:18+00:00","description":"Book study of the extraordinary and beautiful facsimile edition of the publishing house Orbis Mediaevalis, The Life of the Virgin Mary, made in 2012 of the","breadcrumb":{"@id":"https:\/\/www.comprarmejor.es\/en\/product\/study-book-of-the-facsimile-of-the-life-of-the-virgin-mary-orbis-mediaevalis\/#breadcrumb"},"inLanguage":"en-US","potentialAction":[{"@type":"ReadAction","target":["https:\/\/www.comprarmejor.es\/en\/product\/study-book-of-the-facsimile-of-the-life-of-the-virgin-mary-orbis-mediaevalis\/"]}]},{"@type":"ImageObject","inLanguage":"en-US","@id":"https:\/\/www.comprarmejor.es\/en\/product\/study-book-of-the-facsimile-of-the-life-of-the-virgin-mary-orbis-mediaevalis\/#primaryimage","url":"https:\/\/www.comprarmejor.es\/wp-content\/uploads\/2021\/06\/DSC00718-1.jpg","contentUrl":"https:\/\/www.comprarmejor.es\/wp-content\/uploads\/2021\/06\/DSC00718-1.jpg","width":599,"height":449},{"@type":"BreadcrumbList","@id":"https:\/\/www.comprarmejor.es\/en\/product\/study-book-of-the-facsimile-of-the-life-of-the-virgin-mary-orbis-mediaevalis\/#breadcrumb","itemListElement":[{"@type":"ListItem","position":1,"name":"Portada","item":"https:\/\/www.comprarmejor.es\/en\/"},{"@type":"ListItem","position":2,"name":"Shop","item":"https:\/\/www.comprarmejor.es\/en\/shop\/"},{"@type":"ListItem","position":3,"name":"Study book of the facsimile of The Life of the Virgin Mary, Orbis Mediaevalis"}]},{"@type":"WebSite","@id":"https:\/\/www.comprarmejor.es\/en\/#website","url":"https:\/\/www.comprarmejor.es\/en\/","name":"ComprarMejor","description":"ComprarMejor","publisher":{"@id":"https:\/\/www.comprarmejor.es\/en\/#organization"},"potentialAction":[{"@type":"SearchAction","target":{"@type":"EntryPoint","urlTemplate":"https:\/\/www.comprarmejor.es\/en\/?s={search_term_string}"},"query-input":{"@type":"PropertyValueSpecification","valueRequired":true,"valueName":"search_term_string"}}],"inLanguage":"en-US"},{"@type":"Organization","@id":"https:\/\/www.comprarmejor.es\/en\/#organization","name":"COMPRAR MEJOR","url":"https:\/\/www.comprarmejor.es\/en\/","logo":{"@type":"ImageObject","inLanguage":"en-US","@id":"https:\/\/www.comprarmejor.es\/en\/#\/schema\/logo\/image\/","url":"https:\/\/www.comprarmejor.es\/wp-content\/uploads\/2025\/09\/comprarmejortrinidad.jpg","contentUrl":"https:\/\/www.comprarmejor.es\/wp-content\/uploads\/2025\/09\/comprarmejortrinidad.jpg","width":1022,"height":1380,"caption":"COMPRAR MEJOR"},"image":{"@id":"https:\/\/www.comprarmejor.es\/en\/#\/schema\/logo\/image\/"},"sameAs":["https:\/\/www.instagram.com\/amigosdelcodice"]}]}},"_links":{"self":[{"href":"https:\/\/www.comprarmejor.es\/en\/wp-json\/wp\/v2\/product\/68678","targetHints":{"allow":["GET"]}}],"collection":[{"href":"https:\/\/www.comprarmejor.es\/en\/wp-json\/wp\/v2\/product"}],"about":[{"href":"https:\/\/www.comprarmejor.es\/en\/wp-json\/wp\/v2\/types\/product"}],"wp:featuredmedia":[{"embeddable":true,"href":"https:\/\/www.comprarmejor.es\/en\/wp-json\/wp\/v2\/media\/87743"}],"wp:attachment":[{"href":"https:\/\/www.comprarmejor.es\/en\/wp-json\/wp\/v2\/media?parent=68678"}],"wp:term":[{"taxonomy":"product_brand","embeddable":true,"href":"https:\/\/www.comprarmejor.es\/en\/wp-json\/wp\/v2\/product_brand?post=68678"},{"taxonomy":"product_cat","embeddable":true,"href":"https:\/\/www.comprarmejor.es\/en\/wp-json\/wp\/v2\/product_cat?post=68678"},{"taxonomy":"product_tag","embeddable":true,"href":"https:\/\/www.comprarmejor.es\/en\/wp-json\/wp\/v2\/product_tag?post=68678"}],"curies":[{"name":"wp","href":"https:\/\/api.w.org\/{rel}","templated":true}]}}