{"id":69600,"date":"2021-08-16T13:06:47","date_gmt":"2021-08-16T11:06:47","guid":{"rendered":"https:\/\/www.comprarmejor.es\/?post_type=product&#038;p=69600"},"modified":"2021-08-16T13:23:44","modified_gmt":"2021-08-16T11:23:44","slug":"rimado-of-the-conquest-of-granada-pedro-marcuello","status":"publish","type":"product","link":"https:\/\/www.comprarmejor.es\/en\/product\/rimado-of-the-conquest-of-granada-pedro-marcuello\/","title":{"rendered":"Rimado of the conquest of Granada, Pedro Marcuello, s. XV"},"content":{"rendered":"<p style=\"text-align: justify;\">Work of <strong>Pero Marcuello<\/strong>. Rich, profusely illustrated codex written for the Catholic Monarchs by a witness to the Conquest of Granada. Facsimile edition of the Spanish manuscript that is kept in the Cond\u00e9 de Chantilly Museum, France.<\/p>\n<p style=\"text-align: justify;\">1995 facsimile edition of a curious and beautiful medium format and volume manuscript (148 vellum folios measuring 14.5 x 21.5 cm), currently kept in the magnificent Library of the Cond\u00e9 de Chantilly Museum (France) under the inaccurate title of &#8220;Devotional of the Queen D\u00aa Juana who was called the Crazy&#8221;, signature 604 (1339) -XIV-D-14, which comes to be a rhymed memorial of the most resonant interior achievements of the Catholic Monarchs, especially focused on the end of the Reconquest, written by Pedro (or Pero) Marcuello, mayor of Calatorao (Zaragoza), between the years 1482 and 1502 to win the favor of the monarchs and their daughter, Princess Juana.<\/p>\n<p style=\"text-align: justify;\">Apart from the historiographical value offered by the testimony of a spectator of the most exciting events in the history of Spain, and in addition to the literary interest of a text versified with undoubted ease, the 59 full-page miniatures of this forgotten manuscript and the numerous decorated initials and the borders of its text pages, both adorned with fine gold leaf applications, make it a true \u201crich\u201d codex, the greatest exponent of Aragonese book painting of the transition from the Middle Ages to the Modern, that is, from Gothic to Renaissance art.<\/p>\n<p style=\"text-align: justify;\">Facsimile with a beautiful stamped leather binding (restored reproduction of the Mudejar original that preserves the manuscript), format 16 x 22.5 cm. 304 pages, gilt side edge, preserving the original plastic dust jacket.<br \/>\nDutch bound study book with leather spine with golden title and cloth, format 16 x 22.5 cm. 456 pages. Critical editing, study of the text and the miniatures, transcription and notes, by Estrella Ruiz-G\u00e1lvez y Priego, professor at the University of Caen (France); plus an analysis of the art of the miniatures of the codex by Ana Dom\u00ednguez Rodr\u00edguez, from the Complutense University of Madrid.<br \/>\nBoth volumes are presented in a box-case, open type, format 15.5 x 23 x 7.5 cm, lined to match with the same fabric as the study book.<\/p>\n<p style=\"text-align: justify;\">Complete copy and in perfect condition. Out of print and discontinued work, difficult to find in such good condition.<\/p>\n<p style=\"text-align: justify;\"><span title=\"Gastos de env\u00edo por cuenta del comprador, seg\u00fan pedido y destino.\">Shipping by the buyer, upon request and destination.\u00a0<\/span><span title=\"Cons\u00faltenos cualquier duda, as\u00ed como por cualquier otro facs\u00edmile o art\u00edculo que est\u00e9 buscando.\"><a class=\"btn btn-default\" href=\"https:\/\/www.comprarmejor.es\/en\/contact\">Ask us<\/a> <span class=\"tlid-translation translation\" lang=\"en\"><span class=\"VIiyi\" lang=\"en\"><span class=\"JLqJ4b\" data-language-for-alternatives=\"en\" data-language-to-translate-into=\"es\" data-phrase-index=\"0\">without obligation (indicating the reference of the article) any questions.<\/span><\/span><\/span><\/span><\/p>\n","protected":false},"excerpt":{"rendered":"<p style=\"text-align: justify;\"><span class=\"VIiyi\" lang=\"en\"><span class=\"JLqJ4b\" data-language-for-alternatives=\"en\" data-language-to-translate-into=\"es\" data-phrase-index=\"0\">Work of Pero Marcuello. Rich, profusely illustrated codex written for the Catholic Monarchs by a witness to the Conquest of Granada. <\/span><\/span><\/p>\n","protected":false},"featured_media":69602,"template":"","meta":[],"product_brand":[],"product_cat":[2250,2220],"product_tag":[4164],"class_list":{"0":"post-69600","1":"product","2":"type-product","3":"status-publish","4":"has-post-thumbnail","6":"product_cat-other-facsimiles","7":"product_cat-special-offers","8":"product_tag-granada-en-2","9":"product_shipping_class-from-2-to-5-kg","10":"description-off","12":"first","13":"instock","14":"sale","15":"taxable","16":"shipping-taxable","17":"purchasable","18":"product-type-simple"},"yoast_head":"<!-- This site is optimized with the Yoast SEO plugin v27.3 - https:\/\/yoast.com\/product\/yoast-seo-wordpress\/ -->\n<title>Rimado of the conquest of Granada, Pedro Marcuello, s. XV<\/title>\n<meta name=\"description\" content=\"Work of Pero Marcuello. Rich, profusely illustrated codex written for the Catholic Monarchs by a witness to the Conquest of Granada.\" \/>\n<meta name=\"robots\" content=\"index, follow, max-snippet:-1, max-image-preview:large, max-video-preview:-1\" \/>\n<link rel=\"canonical\" href=\"https:\/\/www.comprarmejor.es\/en\/product\/rimado-of-the-conquest-of-granada-pedro-marcuello\/\" \/>\n<meta property=\"og:locale\" content=\"en_US\" \/>\n<meta property=\"og:type\" content=\"article\" \/>\n<meta property=\"og:title\" content=\"Rimado of the conquest of Granada, Pedro Marcuello, s. XV\" \/>\n<meta property=\"og:description\" content=\"Work of Pero Marcuello. Rich, profusely illustrated codex written for the Catholic Monarchs by a witness to the Conquest of Granada.\" \/>\n<meta property=\"og:url\" content=\"https:\/\/www.comprarmejor.es\/en\/product\/rimado-of-the-conquest-of-granada-pedro-marcuello\/\" \/>\n<meta property=\"og:site_name\" content=\"ComprarMejor\" \/>\n<meta property=\"article:modified_time\" content=\"2021-08-16T11:23:44+00:00\" \/>\n<meta property=\"og:image\" content=\"https:\/\/www.comprarmejor.es\/wp-content\/uploads\/2021\/08\/RCG-1.jpg\" \/>\n\t<meta property=\"og:image:width\" content=\"600\" \/>\n\t<meta property=\"og:image:height\" content=\"501\" \/>\n\t<meta property=\"og:image:type\" content=\"image\/jpeg\" \/>\n<meta name=\"twitter:card\" content=\"summary_large_image\" \/>\n<meta name=\"twitter:label1\" content=\"Est. reading time\" \/>\n\t<meta name=\"twitter:data1\" content=\"2 minutes\" \/>\n<script type=\"application\/ld+json\" class=\"yoast-schema-graph\">{\"@context\":\"https:\\\/\\\/schema.org\",\"@graph\":[{\"@type\":\"WebPage\",\"@id\":\"https:\\\/\\\/www.comprarmejor.es\\\/en\\\/product\\\/rimado-of-the-conquest-of-granada-pedro-marcuello\\\/\",\"url\":\"https:\\\/\\\/www.comprarmejor.es\\\/en\\\/product\\\/rimado-of-the-conquest-of-granada-pedro-marcuello\\\/\",\"name\":\"Rimado of the conquest of Granada, Pedro Marcuello, s. XV\",\"isPartOf\":{\"@id\":\"https:\\\/\\\/www.comprarmejor.es\\\/en\\\/#website\"},\"primaryImageOfPage\":{\"@id\":\"https:\\\/\\\/www.comprarmejor.es\\\/en\\\/product\\\/rimado-of-the-conquest-of-granada-pedro-marcuello\\\/#primaryimage\"},\"image\":{\"@id\":\"https:\\\/\\\/www.comprarmejor.es\\\/en\\\/product\\\/rimado-of-the-conquest-of-granada-pedro-marcuello\\\/#primaryimage\"},\"thumbnailUrl\":\"https:\\\/\\\/www.comprarmejor.es\\\/wp-content\\\/uploads\\\/2021\\\/08\\\/RCG-1.jpg\",\"datePublished\":\"2021-08-16T11:06:47+00:00\",\"dateModified\":\"2021-08-16T11:23:44+00:00\",\"description\":\"Work of Pero Marcuello. Rich, profusely illustrated codex written for the Catholic Monarchs by a witness to the Conquest of Granada.\",\"breadcrumb\":{\"@id\":\"https:\\\/\\\/www.comprarmejor.es\\\/en\\\/product\\\/rimado-of-the-conquest-of-granada-pedro-marcuello\\\/#breadcrumb\"},\"inLanguage\":\"en-US\",\"potentialAction\":[{\"@type\":\"ReadAction\",\"target\":[\"https:\\\/\\\/www.comprarmejor.es\\\/en\\\/product\\\/rimado-of-the-conquest-of-granada-pedro-marcuello\\\/\"]}]},{\"@type\":\"ImageObject\",\"inLanguage\":\"en-US\",\"@id\":\"https:\\\/\\\/www.comprarmejor.es\\\/en\\\/product\\\/rimado-of-the-conquest-of-granada-pedro-marcuello\\\/#primaryimage\",\"url\":\"https:\\\/\\\/www.comprarmejor.es\\\/wp-content\\\/uploads\\\/2021\\\/08\\\/RCG-1.jpg\",\"contentUrl\":\"https:\\\/\\\/www.comprarmejor.es\\\/wp-content\\\/uploads\\\/2021\\\/08\\\/RCG-1.jpg\",\"width\":600,\"height\":501},{\"@type\":\"BreadcrumbList\",\"@id\":\"https:\\\/\\\/www.comprarmejor.es\\\/en\\\/product\\\/rimado-of-the-conquest-of-granada-pedro-marcuello\\\/#breadcrumb\",\"itemListElement\":[{\"@type\":\"ListItem\",\"position\":1,\"name\":\"Portada\",\"item\":\"https:\\\/\\\/www.comprarmejor.es\\\/en\\\/\"},{\"@type\":\"ListItem\",\"position\":2,\"name\":\"Shop\",\"item\":\"https:\\\/\\\/www.comprarmejor.es\\\/en\\\/shop\\\/\"},{\"@type\":\"ListItem\",\"position\":3,\"name\":\"Rimado of the conquest of Granada, Pedro Marcuello, s. XV\"}]},{\"@type\":\"WebSite\",\"@id\":\"https:\\\/\\\/www.comprarmejor.es\\\/en\\\/#website\",\"url\":\"https:\\\/\\\/www.comprarmejor.es\\\/en\\\/\",\"name\":\"ComprarMejor\",\"description\":\"ComprarMejor\",\"publisher\":{\"@id\":\"https:\\\/\\\/www.comprarmejor.es\\\/en\\\/#organization\"},\"potentialAction\":[{\"@type\":\"SearchAction\",\"target\":{\"@type\":\"EntryPoint\",\"urlTemplate\":\"https:\\\/\\\/www.comprarmejor.es\\\/en\\\/?s={search_term_string}\"},\"query-input\":{\"@type\":\"PropertyValueSpecification\",\"valueRequired\":true,\"valueName\":\"search_term_string\"}}],\"inLanguage\":\"en-US\"},{\"@type\":\"Organization\",\"@id\":\"https:\\\/\\\/www.comprarmejor.es\\\/en\\\/#organization\",\"name\":\"COMPRAR MEJOR\",\"url\":\"https:\\\/\\\/www.comprarmejor.es\\\/en\\\/\",\"logo\":{\"@type\":\"ImageObject\",\"inLanguage\":\"en-US\",\"@id\":\"https:\\\/\\\/www.comprarmejor.es\\\/en\\\/#\\\/schema\\\/logo\\\/image\\\/\",\"url\":\"https:\\\/\\\/www.comprarmejor.es\\\/wp-content\\\/uploads\\\/2025\\\/09\\\/comprarmejortrinidad.jpg\",\"contentUrl\":\"https:\\\/\\\/www.comprarmejor.es\\\/wp-content\\\/uploads\\\/2025\\\/09\\\/comprarmejortrinidad.jpg\",\"width\":1022,\"height\":1380,\"caption\":\"COMPRAR MEJOR\"},\"image\":{\"@id\":\"https:\\\/\\\/www.comprarmejor.es\\\/en\\\/#\\\/schema\\\/logo\\\/image\\\/\"},\"sameAs\":[\"https:\\\/\\\/www.instagram.com\\\/amigosdelcodice\"]}]}<\/script>\n<!-- \/ Yoast SEO plugin. -->","yoast_head_json":{"title":"Rimado of the conquest of Granada, Pedro Marcuello, s. XV","description":"Work of Pero Marcuello. Rich, profusely illustrated codex written for the Catholic Monarchs by a witness to the Conquest of Granada.","robots":{"index":"index","follow":"follow","max-snippet":"max-snippet:-1","max-image-preview":"max-image-preview:large","max-video-preview":"max-video-preview:-1"},"canonical":"https:\/\/www.comprarmejor.es\/en\/product\/rimado-of-the-conquest-of-granada-pedro-marcuello\/","og_locale":"en_US","og_type":"article","og_title":"Rimado of the conquest of Granada, Pedro Marcuello, s. XV","og_description":"Work of Pero Marcuello. Rich, profusely illustrated codex written for the Catholic Monarchs by a witness to the Conquest of Granada.","og_url":"https:\/\/www.comprarmejor.es\/en\/product\/rimado-of-the-conquest-of-granada-pedro-marcuello\/","og_site_name":"ComprarMejor","article_modified_time":"2021-08-16T11:23:44+00:00","og_image":[{"width":600,"height":501,"url":"https:\/\/www.comprarmejor.es\/wp-content\/uploads\/2021\/08\/RCG-1.jpg","type":"image\/jpeg"}],"twitter_card":"summary_large_image","twitter_misc":{"Est. reading time":"2 minutes"},"schema":{"@context":"https:\/\/schema.org","@graph":[{"@type":"WebPage","@id":"https:\/\/www.comprarmejor.es\/en\/product\/rimado-of-the-conquest-of-granada-pedro-marcuello\/","url":"https:\/\/www.comprarmejor.es\/en\/product\/rimado-of-the-conquest-of-granada-pedro-marcuello\/","name":"Rimado of the conquest of Granada, Pedro Marcuello, s. XV","isPartOf":{"@id":"https:\/\/www.comprarmejor.es\/en\/#website"},"primaryImageOfPage":{"@id":"https:\/\/www.comprarmejor.es\/en\/product\/rimado-of-the-conquest-of-granada-pedro-marcuello\/#primaryimage"},"image":{"@id":"https:\/\/www.comprarmejor.es\/en\/product\/rimado-of-the-conquest-of-granada-pedro-marcuello\/#primaryimage"},"thumbnailUrl":"https:\/\/www.comprarmejor.es\/wp-content\/uploads\/2021\/08\/RCG-1.jpg","datePublished":"2021-08-16T11:06:47+00:00","dateModified":"2021-08-16T11:23:44+00:00","description":"Work of Pero Marcuello. Rich, profusely illustrated codex written for the Catholic Monarchs by a witness to the Conquest of Granada.","breadcrumb":{"@id":"https:\/\/www.comprarmejor.es\/en\/product\/rimado-of-the-conquest-of-granada-pedro-marcuello\/#breadcrumb"},"inLanguage":"en-US","potentialAction":[{"@type":"ReadAction","target":["https:\/\/www.comprarmejor.es\/en\/product\/rimado-of-the-conquest-of-granada-pedro-marcuello\/"]}]},{"@type":"ImageObject","inLanguage":"en-US","@id":"https:\/\/www.comprarmejor.es\/en\/product\/rimado-of-the-conquest-of-granada-pedro-marcuello\/#primaryimage","url":"https:\/\/www.comprarmejor.es\/wp-content\/uploads\/2021\/08\/RCG-1.jpg","contentUrl":"https:\/\/www.comprarmejor.es\/wp-content\/uploads\/2021\/08\/RCG-1.jpg","width":600,"height":501},{"@type":"BreadcrumbList","@id":"https:\/\/www.comprarmejor.es\/en\/product\/rimado-of-the-conquest-of-granada-pedro-marcuello\/#breadcrumb","itemListElement":[{"@type":"ListItem","position":1,"name":"Portada","item":"https:\/\/www.comprarmejor.es\/en\/"},{"@type":"ListItem","position":2,"name":"Shop","item":"https:\/\/www.comprarmejor.es\/en\/shop\/"},{"@type":"ListItem","position":3,"name":"Rimado of the conquest of Granada, Pedro Marcuello, s. XV"}]},{"@type":"WebSite","@id":"https:\/\/www.comprarmejor.es\/en\/#website","url":"https:\/\/www.comprarmejor.es\/en\/","name":"ComprarMejor","description":"ComprarMejor","publisher":{"@id":"https:\/\/www.comprarmejor.es\/en\/#organization"},"potentialAction":[{"@type":"SearchAction","target":{"@type":"EntryPoint","urlTemplate":"https:\/\/www.comprarmejor.es\/en\/?s={search_term_string}"},"query-input":{"@type":"PropertyValueSpecification","valueRequired":true,"valueName":"search_term_string"}}],"inLanguage":"en-US"},{"@type":"Organization","@id":"https:\/\/www.comprarmejor.es\/en\/#organization","name":"COMPRAR MEJOR","url":"https:\/\/www.comprarmejor.es\/en\/","logo":{"@type":"ImageObject","inLanguage":"en-US","@id":"https:\/\/www.comprarmejor.es\/en\/#\/schema\/logo\/image\/","url":"https:\/\/www.comprarmejor.es\/wp-content\/uploads\/2025\/09\/comprarmejortrinidad.jpg","contentUrl":"https:\/\/www.comprarmejor.es\/wp-content\/uploads\/2025\/09\/comprarmejortrinidad.jpg","width":1022,"height":1380,"caption":"COMPRAR MEJOR"},"image":{"@id":"https:\/\/www.comprarmejor.es\/en\/#\/schema\/logo\/image\/"},"sameAs":["https:\/\/www.instagram.com\/amigosdelcodice"]}]}},"_links":{"self":[{"href":"https:\/\/www.comprarmejor.es\/en\/wp-json\/wp\/v2\/product\/69600","targetHints":{"allow":["GET"]}}],"collection":[{"href":"https:\/\/www.comprarmejor.es\/en\/wp-json\/wp\/v2\/product"}],"about":[{"href":"https:\/\/www.comprarmejor.es\/en\/wp-json\/wp\/v2\/types\/product"}],"wp:featuredmedia":[{"embeddable":true,"href":"https:\/\/www.comprarmejor.es\/en\/wp-json\/wp\/v2\/media\/69602"}],"wp:attachment":[{"href":"https:\/\/www.comprarmejor.es\/en\/wp-json\/wp\/v2\/media?parent=69600"}],"wp:term":[{"taxonomy":"product_brand","embeddable":true,"href":"https:\/\/www.comprarmejor.es\/en\/wp-json\/wp\/v2\/product_brand?post=69600"},{"taxonomy":"product_cat","embeddable":true,"href":"https:\/\/www.comprarmejor.es\/en\/wp-json\/wp\/v2\/product_cat?post=69600"},{"taxonomy":"product_tag","embeddable":true,"href":"https:\/\/www.comprarmejor.es\/en\/wp-json\/wp\/v2\/product_tag?post=69600"}],"curies":[{"name":"wp","href":"https:\/\/api.w.org\/{rel}","templated":true}]}}