{"id":69708,"date":"2021-08-20T11:09:08","date_gmt":"2021-08-20T09:09:08","guid":{"rendered":"https:\/\/www.comprarmejor.es\/?post_type=product&#038;p=69708"},"modified":"2021-08-20T11:20:17","modified_gmt":"2021-08-20T09:20:17","slug":"white-handmade-crochet-bedspread-for-bed-135","status":"publish","type":"product","link":"https:\/\/www.comprarmejor.es\/en\/product\/white-handmade-crochet-bedspread-for-bed-135\/","title":{"rendered":"White handmade crochet bedspread for bed 135"},"content":{"rendered":"<p style=\"text-align: justify;\">Spectacular and laborious crochet bedspread for a 135 cm bed, with fabric side skirts, made entirely by hand and with top quality white cotton thread. <strong>Unique and exclusive piece, there is no other like it<\/strong>.<\/p>\n<p style=\"text-align: justify;\">Made for a 135 wide and 180 long bed. Bedspread measures 135 cm wide and 205 cm long, 50 cm fabric skirts. Specially designed for summer but adaptable to any other season.<\/p>\n<p style=\"text-align: justify;\">Due to its configuration, it stands out much more if the sheet is colored, since the contrast with the white of the bedspread makes its beauty stand out much more. In the photos you have a sample with a white sheet and a colored sheet (the darker it is, the greater the contrast and the more the bedspread will stand out). Examine the details and the great work done by your craftswoman.<\/p>\n<p style=\"text-align: justify;\">As long as we have the pink cushion with crochet cover available (which you can see in the photographs), when you buy this quilt, the cushion is GIVEN, since it was made with the same drawing and detail with which the quilt was made and they match one with the other.<\/p>\n<p style=\"text-align: justify;\"><strong>Unique and exclusive piece<\/strong>, in perfect condition.<\/p>\n<p style=\"text-align: justify;\"><span class=\"hps\">Shipping<\/span> <span class=\"hps\">by the buyer<\/span>, <span class=\"hps\">upon request<\/span> <span class=\"hps\">and destination.<\/span>\u00a0<a class=\"btn btn-default\" href=\"https:\/\/www.comprarmejor.es\/en\/contact\">Ask us<\/a>\u00a0<span lang=\"en\" xml:lang=\"en\">without obligation (indicating the reference of the article) any doubt.<\/span><\/p>\n","protected":false},"excerpt":{"rendered":"<p style=\"text-align: justify;\"><span id=\"result_box\" lang=\"en\" xml:lang=\"en\"><span class=\"hps\"><span lang=\"en\" xml:lang=\"en\"><span title=\"Cada una de las 300 p\u00e1ginas, ricamente iluminadas de este manuscrito, reflejan, sin ning\u00fan g\u00e9nero de dudas, la maestr\u00eda en la ejecuci\u00f3n de uno de los grandes pintores de finales del g\u00f3tico franc\u00e9s, Jean Colombe.\"><span class=\"VIiyi\" lang=\"en\"><span class=\"JLqJ4b\" data-language-for-alternatives=\"en\" data-language-to-translate-into=\"es\" data-phrase-index=\"0\"><span class=\"JLqJ4b ChMk0b\" data-language-for-alternatives=\"en\" data-language-to-translate-into=\"es\" data-phrase-index=\"6\">Spectacular and laborious crochet bedspread for 135 cm beds, made entirely by hand and with top quality white cotton thread. Unique and exclusive piece, there is no other like it.<\/span><\/span><\/span><\/span><\/span><\/span><\/span><\/p>\n","protected":false},"featured_media":69710,"template":"","meta":[],"product_brand":[],"product_cat":[2214,5386],"product_tag":[5793,5124],"class_list":{"0":"post-69708","1":"product","2":"type-product","3":"status-publish","4":"has-post-thumbnail","6":"product_cat-crafts","7":"product_cat-home-decoration","8":"product_tag-artesania-en","9":"product_tag-croche-en","10":"product_shipping_class-from-2-to-5-kg","11":"description-off","13":"first","14":"instock","15":"taxable","16":"shipping-taxable","17":"purchasable","18":"product-type-simple"},"yoast_head":"<!-- This site is optimized with the Yoast SEO plugin v27.3 - https:\/\/yoast.com\/product\/yoast-seo-wordpress\/ -->\n<title>White handmade crochet bedspread for bed 135, unique and exclusive<\/title>\n<meta name=\"description\" content=\"Spectacular and laborious crochet bedspread for 135 cm beds, made entirely by hand and with top quality white cotton thread. Unique and\" \/>\n<meta name=\"robots\" content=\"index, follow, max-snippet:-1, max-image-preview:large, max-video-preview:-1\" \/>\n<link rel=\"canonical\" href=\"https:\/\/www.comprarmejor.es\/en\/product\/white-handmade-crochet-bedspread-for-bed-135\/\" \/>\n<meta property=\"og:locale\" content=\"en_US\" \/>\n<meta property=\"og:type\" content=\"article\" \/>\n<meta property=\"og:title\" content=\"White handmade crochet bedspread for bed 135, unique and exclusive\" \/>\n<meta property=\"og:description\" content=\"Spectacular and laborious crochet bedspread for 135 cm beds, made entirely by hand and with top quality white cotton thread. Unique and\" \/>\n<meta property=\"og:url\" content=\"https:\/\/www.comprarmejor.es\/en\/product\/white-handmade-crochet-bedspread-for-bed-135\/\" \/>\n<meta property=\"og:site_name\" content=\"ComprarMejor\" \/>\n<meta property=\"article:modified_time\" content=\"2021-08-20T09:20:17+00:00\" \/>\n<meta property=\"og:image\" content=\"https:\/\/www.comprarmejor.es\/wp-content\/uploads\/2021\/08\/CC-135-3.jpg\" \/>\n\t<meta property=\"og:image:width\" content=\"600\" \/>\n\t<meta property=\"og:image:height\" content=\"461\" \/>\n\t<meta property=\"og:image:type\" content=\"image\/jpeg\" \/>\n<meta name=\"twitter:card\" content=\"summary_large_image\" \/>\n<meta name=\"twitter:label1\" content=\"Est. reading time\" \/>\n\t<meta name=\"twitter:data1\" content=\"1 minute\" \/>\n<script type=\"application\/ld+json\" class=\"yoast-schema-graph\">{\"@context\":\"https:\\\/\\\/schema.org\",\"@graph\":[{\"@type\":\"WebPage\",\"@id\":\"https:\\\/\\\/www.comprarmejor.es\\\/en\\\/product\\\/white-handmade-crochet-bedspread-for-bed-135\\\/\",\"url\":\"https:\\\/\\\/www.comprarmejor.es\\\/en\\\/product\\\/white-handmade-crochet-bedspread-for-bed-135\\\/\",\"name\":\"White handmade crochet bedspread for bed 135, unique and exclusive\",\"isPartOf\":{\"@id\":\"https:\\\/\\\/www.comprarmejor.es\\\/en\\\/#website\"},\"primaryImageOfPage\":{\"@id\":\"https:\\\/\\\/www.comprarmejor.es\\\/en\\\/product\\\/white-handmade-crochet-bedspread-for-bed-135\\\/#primaryimage\"},\"image\":{\"@id\":\"https:\\\/\\\/www.comprarmejor.es\\\/en\\\/product\\\/white-handmade-crochet-bedspread-for-bed-135\\\/#primaryimage\"},\"thumbnailUrl\":\"https:\\\/\\\/www.comprarmejor.es\\\/wp-content\\\/uploads\\\/2021\\\/08\\\/CC-135-3.jpg\",\"datePublished\":\"2021-08-20T09:09:08+00:00\",\"dateModified\":\"2021-08-20T09:20:17+00:00\",\"description\":\"Spectacular and laborious crochet bedspread for 135 cm beds, made entirely by hand and with top quality white cotton thread. Unique and\",\"breadcrumb\":{\"@id\":\"https:\\\/\\\/www.comprarmejor.es\\\/en\\\/product\\\/white-handmade-crochet-bedspread-for-bed-135\\\/#breadcrumb\"},\"inLanguage\":\"en-US\",\"potentialAction\":[{\"@type\":\"ReadAction\",\"target\":[\"https:\\\/\\\/www.comprarmejor.es\\\/en\\\/product\\\/white-handmade-crochet-bedspread-for-bed-135\\\/\"]}]},{\"@type\":\"ImageObject\",\"inLanguage\":\"en-US\",\"@id\":\"https:\\\/\\\/www.comprarmejor.es\\\/en\\\/product\\\/white-handmade-crochet-bedspread-for-bed-135\\\/#primaryimage\",\"url\":\"https:\\\/\\\/www.comprarmejor.es\\\/wp-content\\\/uploads\\\/2021\\\/08\\\/CC-135-3.jpg\",\"contentUrl\":\"https:\\\/\\\/www.comprarmejor.es\\\/wp-content\\\/uploads\\\/2021\\\/08\\\/CC-135-3.jpg\",\"width\":600,\"height\":461},{\"@type\":\"BreadcrumbList\",\"@id\":\"https:\\\/\\\/www.comprarmejor.es\\\/en\\\/product\\\/white-handmade-crochet-bedspread-for-bed-135\\\/#breadcrumb\",\"itemListElement\":[{\"@type\":\"ListItem\",\"position\":1,\"name\":\"Portada\",\"item\":\"https:\\\/\\\/www.comprarmejor.es\\\/en\\\/\"},{\"@type\":\"ListItem\",\"position\":2,\"name\":\"Shop\",\"item\":\"https:\\\/\\\/www.comprarmejor.es\\\/en\\\/shop\\\/\"},{\"@type\":\"ListItem\",\"position\":3,\"name\":\"White handmade crochet bedspread for bed 135\"}]},{\"@type\":\"WebSite\",\"@id\":\"https:\\\/\\\/www.comprarmejor.es\\\/en\\\/#website\",\"url\":\"https:\\\/\\\/www.comprarmejor.es\\\/en\\\/\",\"name\":\"ComprarMejor\",\"description\":\"ComprarMejor\",\"publisher\":{\"@id\":\"https:\\\/\\\/www.comprarmejor.es\\\/en\\\/#organization\"},\"potentialAction\":[{\"@type\":\"SearchAction\",\"target\":{\"@type\":\"EntryPoint\",\"urlTemplate\":\"https:\\\/\\\/www.comprarmejor.es\\\/en\\\/?s={search_term_string}\"},\"query-input\":{\"@type\":\"PropertyValueSpecification\",\"valueRequired\":true,\"valueName\":\"search_term_string\"}}],\"inLanguage\":\"en-US\"},{\"@type\":\"Organization\",\"@id\":\"https:\\\/\\\/www.comprarmejor.es\\\/en\\\/#organization\",\"name\":\"COMPRAR MEJOR\",\"url\":\"https:\\\/\\\/www.comprarmejor.es\\\/en\\\/\",\"logo\":{\"@type\":\"ImageObject\",\"inLanguage\":\"en-US\",\"@id\":\"https:\\\/\\\/www.comprarmejor.es\\\/en\\\/#\\\/schema\\\/logo\\\/image\\\/\",\"url\":\"https:\\\/\\\/www.comprarmejor.es\\\/wp-content\\\/uploads\\\/2025\\\/09\\\/comprarmejortrinidad.jpg\",\"contentUrl\":\"https:\\\/\\\/www.comprarmejor.es\\\/wp-content\\\/uploads\\\/2025\\\/09\\\/comprarmejortrinidad.jpg\",\"width\":1022,\"height\":1380,\"caption\":\"COMPRAR MEJOR\"},\"image\":{\"@id\":\"https:\\\/\\\/www.comprarmejor.es\\\/en\\\/#\\\/schema\\\/logo\\\/image\\\/\"},\"sameAs\":[\"https:\\\/\\\/www.instagram.com\\\/amigosdelcodice\"]}]}<\/script>\n<!-- \/ Yoast SEO plugin. -->","yoast_head_json":{"title":"White handmade crochet bedspread for bed 135, unique and exclusive","description":"Spectacular and laborious crochet bedspread for 135 cm beds, made entirely by hand and with top quality white cotton thread. Unique and","robots":{"index":"index","follow":"follow","max-snippet":"max-snippet:-1","max-image-preview":"max-image-preview:large","max-video-preview":"max-video-preview:-1"},"canonical":"https:\/\/www.comprarmejor.es\/en\/product\/white-handmade-crochet-bedspread-for-bed-135\/","og_locale":"en_US","og_type":"article","og_title":"White handmade crochet bedspread for bed 135, unique and exclusive","og_description":"Spectacular and laborious crochet bedspread for 135 cm beds, made entirely by hand and with top quality white cotton thread. Unique and","og_url":"https:\/\/www.comprarmejor.es\/en\/product\/white-handmade-crochet-bedspread-for-bed-135\/","og_site_name":"ComprarMejor","article_modified_time":"2021-08-20T09:20:17+00:00","og_image":[{"width":600,"height":461,"url":"https:\/\/www.comprarmejor.es\/wp-content\/uploads\/2021\/08\/CC-135-3.jpg","type":"image\/jpeg"}],"twitter_card":"summary_large_image","twitter_misc":{"Est. reading time":"1 minute"},"schema":{"@context":"https:\/\/schema.org","@graph":[{"@type":"WebPage","@id":"https:\/\/www.comprarmejor.es\/en\/product\/white-handmade-crochet-bedspread-for-bed-135\/","url":"https:\/\/www.comprarmejor.es\/en\/product\/white-handmade-crochet-bedspread-for-bed-135\/","name":"White handmade crochet bedspread for bed 135, unique and exclusive","isPartOf":{"@id":"https:\/\/www.comprarmejor.es\/en\/#website"},"primaryImageOfPage":{"@id":"https:\/\/www.comprarmejor.es\/en\/product\/white-handmade-crochet-bedspread-for-bed-135\/#primaryimage"},"image":{"@id":"https:\/\/www.comprarmejor.es\/en\/product\/white-handmade-crochet-bedspread-for-bed-135\/#primaryimage"},"thumbnailUrl":"https:\/\/www.comprarmejor.es\/wp-content\/uploads\/2021\/08\/CC-135-3.jpg","datePublished":"2021-08-20T09:09:08+00:00","dateModified":"2021-08-20T09:20:17+00:00","description":"Spectacular and laborious crochet bedspread for 135 cm beds, made entirely by hand and with top quality white cotton thread. Unique and","breadcrumb":{"@id":"https:\/\/www.comprarmejor.es\/en\/product\/white-handmade-crochet-bedspread-for-bed-135\/#breadcrumb"},"inLanguage":"en-US","potentialAction":[{"@type":"ReadAction","target":["https:\/\/www.comprarmejor.es\/en\/product\/white-handmade-crochet-bedspread-for-bed-135\/"]}]},{"@type":"ImageObject","inLanguage":"en-US","@id":"https:\/\/www.comprarmejor.es\/en\/product\/white-handmade-crochet-bedspread-for-bed-135\/#primaryimage","url":"https:\/\/www.comprarmejor.es\/wp-content\/uploads\/2021\/08\/CC-135-3.jpg","contentUrl":"https:\/\/www.comprarmejor.es\/wp-content\/uploads\/2021\/08\/CC-135-3.jpg","width":600,"height":461},{"@type":"BreadcrumbList","@id":"https:\/\/www.comprarmejor.es\/en\/product\/white-handmade-crochet-bedspread-for-bed-135\/#breadcrumb","itemListElement":[{"@type":"ListItem","position":1,"name":"Portada","item":"https:\/\/www.comprarmejor.es\/en\/"},{"@type":"ListItem","position":2,"name":"Shop","item":"https:\/\/www.comprarmejor.es\/en\/shop\/"},{"@type":"ListItem","position":3,"name":"White handmade crochet bedspread for bed 135"}]},{"@type":"WebSite","@id":"https:\/\/www.comprarmejor.es\/en\/#website","url":"https:\/\/www.comprarmejor.es\/en\/","name":"ComprarMejor","description":"ComprarMejor","publisher":{"@id":"https:\/\/www.comprarmejor.es\/en\/#organization"},"potentialAction":[{"@type":"SearchAction","target":{"@type":"EntryPoint","urlTemplate":"https:\/\/www.comprarmejor.es\/en\/?s={search_term_string}"},"query-input":{"@type":"PropertyValueSpecification","valueRequired":true,"valueName":"search_term_string"}}],"inLanguage":"en-US"},{"@type":"Organization","@id":"https:\/\/www.comprarmejor.es\/en\/#organization","name":"COMPRAR MEJOR","url":"https:\/\/www.comprarmejor.es\/en\/","logo":{"@type":"ImageObject","inLanguage":"en-US","@id":"https:\/\/www.comprarmejor.es\/en\/#\/schema\/logo\/image\/","url":"https:\/\/www.comprarmejor.es\/wp-content\/uploads\/2025\/09\/comprarmejortrinidad.jpg","contentUrl":"https:\/\/www.comprarmejor.es\/wp-content\/uploads\/2025\/09\/comprarmejortrinidad.jpg","width":1022,"height":1380,"caption":"COMPRAR MEJOR"},"image":{"@id":"https:\/\/www.comprarmejor.es\/en\/#\/schema\/logo\/image\/"},"sameAs":["https:\/\/www.instagram.com\/amigosdelcodice"]}]}},"_links":{"self":[{"href":"https:\/\/www.comprarmejor.es\/en\/wp-json\/wp\/v2\/product\/69708","targetHints":{"allow":["GET"]}}],"collection":[{"href":"https:\/\/www.comprarmejor.es\/en\/wp-json\/wp\/v2\/product"}],"about":[{"href":"https:\/\/www.comprarmejor.es\/en\/wp-json\/wp\/v2\/types\/product"}],"wp:featuredmedia":[{"embeddable":true,"href":"https:\/\/www.comprarmejor.es\/en\/wp-json\/wp\/v2\/media\/69710"}],"wp:attachment":[{"href":"https:\/\/www.comprarmejor.es\/en\/wp-json\/wp\/v2\/media?parent=69708"}],"wp:term":[{"taxonomy":"product_brand","embeddable":true,"href":"https:\/\/www.comprarmejor.es\/en\/wp-json\/wp\/v2\/product_brand?post=69708"},{"taxonomy":"product_cat","embeddable":true,"href":"https:\/\/www.comprarmejor.es\/en\/wp-json\/wp\/v2\/product_cat?post=69708"},{"taxonomy":"product_tag","embeddable":true,"href":"https:\/\/www.comprarmejor.es\/en\/wp-json\/wp\/v2\/product_tag?post=69708"}],"curies":[{"name":"wp","href":"https:\/\/api.w.org\/{rel}","templated":true}]}}