{"id":70412,"date":"2021-09-29T21:46:59","date_gmt":"2021-09-29T19:47:00","guid":{"rendered":"https:\/\/www.comprarmejor.es\/?post_type=product&#038;p=70412"},"modified":"2021-09-29T21:59:14","modified_gmt":"2021-09-29T19:59:14","slug":"gold-metal-lectern-adjustable-desktop","status":"publish","type":"product","link":"https:\/\/www.comprarmejor.es\/en\/product\/gold-metal-lectern-adjustable-desktop\/","title":{"rendered":"Gold metal lectern, adjustable, desktop"},"content":{"rendered":"<p style=\"text-align: justify;\">Beautiful very decorative lectern made of gilded bronze and decorated with a base for books in thick smooth gilt brass, tabletop type and adjustable in height.<\/p>\n<p style=\"text-align: justify;\">Base format 31 x 27 cm.<br \/>\nFolded height 10.5 cm.<br \/>\nMaximum height unfolded 18 cm.<br \/>\nReading plate with manual inclination 34.5 x 26 cm.<br \/>\nReading plate base 34.5 x 4 cm.<br \/>\nWeight 4,072 grams.<\/p>\n<p style=\"text-align: justify;\">Exemplary in perfect condition. The books in the photos are NOT included, they are only for information on how they would look.<\/p>\n<p style=\"text-align: justify;\"><span title=\"Gastos de env\u00edo por cuenta del comprador seg\u00fan pedido y destino.\"><span class=\"VIiyi\" lang=\"en\"><span class=\"JLqJ4b\" data-language-for-alternatives=\"en\" data-language-to-translate-into=\"es\" data-phrase-index=\"0\">Shipping costs paid by the buyer, according to order and destination.<\/span><\/span> <\/span><span title=\"Cons\u00faltenos cualquier duda, as\u00ed como por cualquier otro facs\u00edmile o art\u00edculo que est\u00e9 buscando.\"><a class=\"btn btn-default\" href=\"https:\/\/www.comprarmejor.es\/en\/contact\">Ask us<\/a> <span class=\"VIiyi\" lang=\"en\"><span class=\"JLqJ4b\" data-language-for-alternatives=\"en\" data-language-to-translate-into=\"es\" data-phrase-index=\"0\">without obligation (indicating the reference of the article) any questions.<\/span><\/span><br \/>\n<\/span><\/p>\n","protected":false},"excerpt":{"rendered":"<p style=\"text-align: justify;\"><span id=\"result_box\" lang=\"en\" xml:lang=\"en\"><span title=\"El Prontuario de Sacramentos y Otras Bendiciones con Puntos Doctrinales, es un bello c\u00f3dice, exponente de la religiosidad de su tiempo y que us\u00f3, hacia 1488, D. Pedro D\u00edaz de Toledo y Ovalle, primer obispo de M\u00e1laga despu\u00e9s de la reconquista de la ciudad\"><span class=\"VIiyi\" lang=\"en\"><span class=\"JLqJ4b\" data-language-for-alternatives=\"en\" data-language-to-translate-into=\"es\" data-phrase-index=\"0\">Beautiful very decorative lectern made of gilded bronze and decorated with a base for books in thick smooth gilt brass, tabletop type and adjustable in height.<\/span><\/span><\/span><\/span><\/p>\n","protected":false},"featured_media":70414,"template":"","meta":[],"product_brand":[],"product_cat":[5386],"product_tag":[],"class_list":{"0":"post-70412","1":"product","2":"type-product","3":"status-publish","4":"has-post-thumbnail","6":"product_cat-home-decoration","7":"product_shipping_class-from-2-to-5-kg","8":"description-off","10":"first","11":"instock","12":"taxable","13":"shipping-taxable","14":"purchasable","15":"product-type-simple"},"yoast_head":"<!-- This site is optimized with the Yoast SEO plugin v27.3 - https:\/\/yoast.com\/product\/yoast-seo-wordpress\/ -->\n<title>Gold metal lectern, adjustable, desktop<\/title>\n<meta name=\"description\" content=\"Beautiful very decorative lectern made of gilded bronze and decorated with a base for books in thick smooth gilt brass, tabletop type and\" \/>\n<meta name=\"robots\" content=\"index, follow, max-snippet:-1, max-image-preview:large, max-video-preview:-1\" \/>\n<link rel=\"canonical\" href=\"https:\/\/www.comprarmejor.es\/en\/product\/gold-metal-lectern-adjustable-desktop\/\" \/>\n<meta property=\"og:locale\" content=\"en_US\" \/>\n<meta property=\"og:type\" content=\"article\" \/>\n<meta property=\"og:title\" content=\"Gold metal lectern, adjustable, desktop\" \/>\n<meta property=\"og:description\" content=\"Beautiful very decorative lectern made of gilded bronze and decorated with a base for books in thick smooth gilt brass, tabletop type and\" \/>\n<meta property=\"og:url\" content=\"https:\/\/www.comprarmejor.es\/en\/product\/gold-metal-lectern-adjustable-desktop\/\" \/>\n<meta property=\"og:site_name\" content=\"ComprarMejor\" \/>\n<meta property=\"article:modified_time\" content=\"2021-09-29T19:59:14+00:00\" \/>\n<meta property=\"og:image\" content=\"https:\/\/www.comprarmejor.es\/wp-content\/uploads\/2021\/09\/DSC02475-1.jpg\" \/>\n\t<meta property=\"og:image:width\" content=\"600\" \/>\n\t<meta property=\"og:image:height\" content=\"370\" \/>\n\t<meta property=\"og:image:type\" content=\"image\/jpeg\" \/>\n<meta name=\"twitter:card\" content=\"summary_large_image\" \/>\n<script type=\"application\/ld+json\" class=\"yoast-schema-graph\">{\"@context\":\"https:\\\/\\\/schema.org\",\"@graph\":[{\"@type\":\"WebPage\",\"@id\":\"https:\\\/\\\/www.comprarmejor.es\\\/en\\\/product\\\/gold-metal-lectern-adjustable-desktop\\\/\",\"url\":\"https:\\\/\\\/www.comprarmejor.es\\\/en\\\/product\\\/gold-metal-lectern-adjustable-desktop\\\/\",\"name\":\"Gold metal lectern, adjustable, desktop\",\"isPartOf\":{\"@id\":\"https:\\\/\\\/www.comprarmejor.es\\\/en\\\/#website\"},\"primaryImageOfPage\":{\"@id\":\"https:\\\/\\\/www.comprarmejor.es\\\/en\\\/product\\\/gold-metal-lectern-adjustable-desktop\\\/#primaryimage\"},\"image\":{\"@id\":\"https:\\\/\\\/www.comprarmejor.es\\\/en\\\/product\\\/gold-metal-lectern-adjustable-desktop\\\/#primaryimage\"},\"thumbnailUrl\":\"https:\\\/\\\/www.comprarmejor.es\\\/wp-content\\\/uploads\\\/2021\\\/09\\\/DSC02475-1.jpg\",\"datePublished\":\"2021-09-29T19:47:00+00:00\",\"dateModified\":\"2021-09-29T19:59:14+00:00\",\"description\":\"Beautiful very decorative lectern made of gilded bronze and decorated with a base for books in thick smooth gilt brass, tabletop type and\",\"breadcrumb\":{\"@id\":\"https:\\\/\\\/www.comprarmejor.es\\\/en\\\/product\\\/gold-metal-lectern-adjustable-desktop\\\/#breadcrumb\"},\"inLanguage\":\"en-US\",\"potentialAction\":[{\"@type\":\"ReadAction\",\"target\":[\"https:\\\/\\\/www.comprarmejor.es\\\/en\\\/product\\\/gold-metal-lectern-adjustable-desktop\\\/\"]}]},{\"@type\":\"ImageObject\",\"inLanguage\":\"en-US\",\"@id\":\"https:\\\/\\\/www.comprarmejor.es\\\/en\\\/product\\\/gold-metal-lectern-adjustable-desktop\\\/#primaryimage\",\"url\":\"https:\\\/\\\/www.comprarmejor.es\\\/wp-content\\\/uploads\\\/2021\\\/09\\\/DSC02475-1.jpg\",\"contentUrl\":\"https:\\\/\\\/www.comprarmejor.es\\\/wp-content\\\/uploads\\\/2021\\\/09\\\/DSC02475-1.jpg\",\"width\":600,\"height\":370},{\"@type\":\"BreadcrumbList\",\"@id\":\"https:\\\/\\\/www.comprarmejor.es\\\/en\\\/product\\\/gold-metal-lectern-adjustable-desktop\\\/#breadcrumb\",\"itemListElement\":[{\"@type\":\"ListItem\",\"position\":1,\"name\":\"Portada\",\"item\":\"https:\\\/\\\/www.comprarmejor.es\\\/en\\\/\"},{\"@type\":\"ListItem\",\"position\":2,\"name\":\"Shop\",\"item\":\"https:\\\/\\\/www.comprarmejor.es\\\/en\\\/shop\\\/\"},{\"@type\":\"ListItem\",\"position\":3,\"name\":\"Gold metal lectern, adjustable, desktop\"}]},{\"@type\":\"WebSite\",\"@id\":\"https:\\\/\\\/www.comprarmejor.es\\\/en\\\/#website\",\"url\":\"https:\\\/\\\/www.comprarmejor.es\\\/en\\\/\",\"name\":\"ComprarMejor\",\"description\":\"ComprarMejor\",\"publisher\":{\"@id\":\"https:\\\/\\\/www.comprarmejor.es\\\/en\\\/#organization\"},\"potentialAction\":[{\"@type\":\"SearchAction\",\"target\":{\"@type\":\"EntryPoint\",\"urlTemplate\":\"https:\\\/\\\/www.comprarmejor.es\\\/en\\\/?s={search_term_string}\"},\"query-input\":{\"@type\":\"PropertyValueSpecification\",\"valueRequired\":true,\"valueName\":\"search_term_string\"}}],\"inLanguage\":\"en-US\"},{\"@type\":\"Organization\",\"@id\":\"https:\\\/\\\/www.comprarmejor.es\\\/en\\\/#organization\",\"name\":\"COMPRAR MEJOR\",\"url\":\"https:\\\/\\\/www.comprarmejor.es\\\/en\\\/\",\"logo\":{\"@type\":\"ImageObject\",\"inLanguage\":\"en-US\",\"@id\":\"https:\\\/\\\/www.comprarmejor.es\\\/en\\\/#\\\/schema\\\/logo\\\/image\\\/\",\"url\":\"https:\\\/\\\/www.comprarmejor.es\\\/wp-content\\\/uploads\\\/2025\\\/09\\\/comprarmejortrinidad.jpg\",\"contentUrl\":\"https:\\\/\\\/www.comprarmejor.es\\\/wp-content\\\/uploads\\\/2025\\\/09\\\/comprarmejortrinidad.jpg\",\"width\":1022,\"height\":1380,\"caption\":\"COMPRAR MEJOR\"},\"image\":{\"@id\":\"https:\\\/\\\/www.comprarmejor.es\\\/en\\\/#\\\/schema\\\/logo\\\/image\\\/\"},\"sameAs\":[\"https:\\\/\\\/www.instagram.com\\\/amigosdelcodice\"]}]}<\/script>\n<!-- \/ Yoast SEO plugin. -->","yoast_head_json":{"title":"Gold metal lectern, adjustable, desktop","description":"Beautiful very decorative lectern made of gilded bronze and decorated with a base for books in thick smooth gilt brass, tabletop type and","robots":{"index":"index","follow":"follow","max-snippet":"max-snippet:-1","max-image-preview":"max-image-preview:large","max-video-preview":"max-video-preview:-1"},"canonical":"https:\/\/www.comprarmejor.es\/en\/product\/gold-metal-lectern-adjustable-desktop\/","og_locale":"en_US","og_type":"article","og_title":"Gold metal lectern, adjustable, desktop","og_description":"Beautiful very decorative lectern made of gilded bronze and decorated with a base for books in thick smooth gilt brass, tabletop type and","og_url":"https:\/\/www.comprarmejor.es\/en\/product\/gold-metal-lectern-adjustable-desktop\/","og_site_name":"ComprarMejor","article_modified_time":"2021-09-29T19:59:14+00:00","og_image":[{"width":600,"height":370,"url":"https:\/\/www.comprarmejor.es\/wp-content\/uploads\/2021\/09\/DSC02475-1.jpg","type":"image\/jpeg"}],"twitter_card":"summary_large_image","schema":{"@context":"https:\/\/schema.org","@graph":[{"@type":"WebPage","@id":"https:\/\/www.comprarmejor.es\/en\/product\/gold-metal-lectern-adjustable-desktop\/","url":"https:\/\/www.comprarmejor.es\/en\/product\/gold-metal-lectern-adjustable-desktop\/","name":"Gold metal lectern, adjustable, desktop","isPartOf":{"@id":"https:\/\/www.comprarmejor.es\/en\/#website"},"primaryImageOfPage":{"@id":"https:\/\/www.comprarmejor.es\/en\/product\/gold-metal-lectern-adjustable-desktop\/#primaryimage"},"image":{"@id":"https:\/\/www.comprarmejor.es\/en\/product\/gold-metal-lectern-adjustable-desktop\/#primaryimage"},"thumbnailUrl":"https:\/\/www.comprarmejor.es\/wp-content\/uploads\/2021\/09\/DSC02475-1.jpg","datePublished":"2021-09-29T19:47:00+00:00","dateModified":"2021-09-29T19:59:14+00:00","description":"Beautiful very decorative lectern made of gilded bronze and decorated with a base for books in thick smooth gilt brass, tabletop type and","breadcrumb":{"@id":"https:\/\/www.comprarmejor.es\/en\/product\/gold-metal-lectern-adjustable-desktop\/#breadcrumb"},"inLanguage":"en-US","potentialAction":[{"@type":"ReadAction","target":["https:\/\/www.comprarmejor.es\/en\/product\/gold-metal-lectern-adjustable-desktop\/"]}]},{"@type":"ImageObject","inLanguage":"en-US","@id":"https:\/\/www.comprarmejor.es\/en\/product\/gold-metal-lectern-adjustable-desktop\/#primaryimage","url":"https:\/\/www.comprarmejor.es\/wp-content\/uploads\/2021\/09\/DSC02475-1.jpg","contentUrl":"https:\/\/www.comprarmejor.es\/wp-content\/uploads\/2021\/09\/DSC02475-1.jpg","width":600,"height":370},{"@type":"BreadcrumbList","@id":"https:\/\/www.comprarmejor.es\/en\/product\/gold-metal-lectern-adjustable-desktop\/#breadcrumb","itemListElement":[{"@type":"ListItem","position":1,"name":"Portada","item":"https:\/\/www.comprarmejor.es\/en\/"},{"@type":"ListItem","position":2,"name":"Shop","item":"https:\/\/www.comprarmejor.es\/en\/shop\/"},{"@type":"ListItem","position":3,"name":"Gold metal lectern, adjustable, desktop"}]},{"@type":"WebSite","@id":"https:\/\/www.comprarmejor.es\/en\/#website","url":"https:\/\/www.comprarmejor.es\/en\/","name":"ComprarMejor","description":"ComprarMejor","publisher":{"@id":"https:\/\/www.comprarmejor.es\/en\/#organization"},"potentialAction":[{"@type":"SearchAction","target":{"@type":"EntryPoint","urlTemplate":"https:\/\/www.comprarmejor.es\/en\/?s={search_term_string}"},"query-input":{"@type":"PropertyValueSpecification","valueRequired":true,"valueName":"search_term_string"}}],"inLanguage":"en-US"},{"@type":"Organization","@id":"https:\/\/www.comprarmejor.es\/en\/#organization","name":"COMPRAR MEJOR","url":"https:\/\/www.comprarmejor.es\/en\/","logo":{"@type":"ImageObject","inLanguage":"en-US","@id":"https:\/\/www.comprarmejor.es\/en\/#\/schema\/logo\/image\/","url":"https:\/\/www.comprarmejor.es\/wp-content\/uploads\/2025\/09\/comprarmejortrinidad.jpg","contentUrl":"https:\/\/www.comprarmejor.es\/wp-content\/uploads\/2025\/09\/comprarmejortrinidad.jpg","width":1022,"height":1380,"caption":"COMPRAR MEJOR"},"image":{"@id":"https:\/\/www.comprarmejor.es\/en\/#\/schema\/logo\/image\/"},"sameAs":["https:\/\/www.instagram.com\/amigosdelcodice"]}]}},"_links":{"self":[{"href":"https:\/\/www.comprarmejor.es\/en\/wp-json\/wp\/v2\/product\/70412","targetHints":{"allow":["GET"]}}],"collection":[{"href":"https:\/\/www.comprarmejor.es\/en\/wp-json\/wp\/v2\/product"}],"about":[{"href":"https:\/\/www.comprarmejor.es\/en\/wp-json\/wp\/v2\/types\/product"}],"wp:featuredmedia":[{"embeddable":true,"href":"https:\/\/www.comprarmejor.es\/en\/wp-json\/wp\/v2\/media\/70414"}],"wp:attachment":[{"href":"https:\/\/www.comprarmejor.es\/en\/wp-json\/wp\/v2\/media?parent=70412"}],"wp:term":[{"taxonomy":"product_brand","embeddable":true,"href":"https:\/\/www.comprarmejor.es\/en\/wp-json\/wp\/v2\/product_brand?post=70412"},{"taxonomy":"product_cat","embeddable":true,"href":"https:\/\/www.comprarmejor.es\/en\/wp-json\/wp\/v2\/product_cat?post=70412"},{"taxonomy":"product_tag","embeddable":true,"href":"https:\/\/www.comprarmejor.es\/en\/wp-json\/wp\/v2\/product_tag?post=70412"}],"curies":[{"name":"wp","href":"https:\/\/api.w.org\/{rel}","templated":true}]}}