{"id":70670,"date":"2021-10-09T16:49:07","date_gmt":"2021-10-09T14:49:09","guid":{"rendered":"https:\/\/www.comprarmejor.es\/?post_type=product&#038;p=70670"},"modified":"2021-10-09T17:03:36","modified_gmt":"2021-10-09T15:03:36","slug":"great-writers-collection-la-maison-de-lecriture-complete-40-volumes","status":"publish","type":"product","link":"https:\/\/www.comprarmejor.es\/en\/product\/great-writers-collection-la-maison-de-lecriture-complete-40-volumes\/","title":{"rendered":"Great Writers Collection &#8211; La Maison de L\u2019Ecriture, complete, 40 volumes"},"content":{"rendered":"<p style=\"text-align: justify;\">Excellent and complete collection in 40 volumes that Ediciones Altaya published in 2005 under the name of \u201cGreat Writers &#8211; La Maison de L\u2019Ecriture\u201d. Texts in Spanish.<\/p>\n<p style=\"text-align: justify;\">Beautifully bound books in a 13 x 20.5 cm format. All of them in perfect condition, new, unused.<\/p>\n<p style=\"text-align: justify;\">Single volumes are not sold. It is a unique opportunity to get a good collection of works of classics of Universal Literature in beautiful books. The pleasure of reading a paper book and the sensations it conveys can never be replaced by digital technologies.<\/p>\n<p style=\"text-align: justify;\">List of the authors and works that make up this collection (according to the arrangement in the general photograph: from top to bottom and from left to right):<\/p>\n<p style=\"text-align: justify;\">Miguel de Cervantes: Complete Theater<br \/>\nLeandro Fern\u00e1ndez Morat\u00edn: The New Comedy, and The Yes of the Girls<br \/>\nJohann W. Goethe: Faust<br \/>\nDaniel Defoe: Robinson Crusoe<br \/>\nThomas More: Utopia<br \/>\nJean Racine: Andromache, and Phaedra<br \/>\n\u00c9mile Zola: Nana<br \/>\nWalter Scott: Ivanhoe<br \/>\nNicholas Machiavelli: The Prince<br \/>\nRobert Louis Stevenson: Treasure Island<br \/>\nFriedrich Schiller: William Tell<br \/>\nHonor\u00e9 de Balzac: Papa Goriot<br \/>\nCharles Baudelaire: The Flowers of Evil<br \/>\nCharles Dickens: Oliver Twist<br \/>\nGustave Flaubert: Madame Bovary<br \/>\nJoseph Conrad: Lord Jim<br \/>\nEdgar Allan Poe: Tales<br \/>\nGustavo Adolfo B\u00e9cquer: Rhymes and Legends, and Letters from my cell<br \/>\nTirso de Molina: The Trickster of Seville, and The Condemned for Distrust<br \/>\nHerman Melville: Moby Dick<br \/>\nJuan Eugenio Hartzenbusch: The Lovers of Teruel<br \/>\nFyodor Mikhailovich Dostoevsky: Crime and Punishment<br \/>\nAnton Chekhov: The Seagull, and The Cherry Orchard<br \/>\n\u00c1ngel de Saavedra: Don \u00c1lvaro or the force of fate<br \/>\nFriedrich Nietzsche: Thus Spoke Zarathustra<br \/>\nJane Austen: Emma<br \/>\nChoderlos Delaclos: Dangerous Friendships<br \/>\nFernando de Rojas: La Celestina<br \/>\nEmily Bront\u00eb: Wuthering Heights<br \/>\nJonathan Swift: Gulliver&#8217;s Travels<br \/>\nLiev Nikolayevich Tolstoy: Resurrection<br \/>\nMiguel de Unamuno: Aunt Tula<br \/>\nOscar Wilde: The Picture of Dorian Gray<br \/>\nCharlotte Bront\u00eb: Jane Eyre<br \/>\nMark Twain: The Adventures of Huckelberry Finn<br \/>\nFranz Kafka: The metamorphosis and other stories<br \/>\nVoltaire: Novels and Tales<br \/>\nMoli\u00e8re: Don Juan, and Tartufo<br \/>\nWilliam Shakespeare: Romeo and Juliet, and Julius Caesar<br \/>\nStendhal: Red and Black<\/p>\n<p style=\"text-align: justify;\"><span title=\"Gastos de env\u00edo por cuenta del comprador seg\u00fan pedido y destino.\"><span class=\"VIiyi\" lang=\"en\"><span class=\"JLqJ4b\" data-language-for-alternatives=\"en\" data-language-to-translate-into=\"es\" data-phrase-index=\"0\">Shipping costs paid by the buyer, according to order and destination.<\/span><\/span> <\/span><span title=\"Cons\u00faltenos cualquier duda, as\u00ed como por cualquier otro facs\u00edmile o art\u00edculo que est\u00e9 buscando.\"><a class=\"btn btn-default\" href=\"https:\/\/www.comprarmejor.es\/en\/contact\">Ask us<\/a> <span class=\"VIiyi\" lang=\"en\"><span class=\"JLqJ4b\" data-language-for-alternatives=\"en\" data-language-to-translate-into=\"es\" data-phrase-index=\"0\">without obligation (indicating the reference of the article) any questions.<\/span><\/span><br \/>\n<\/span><\/p>\n","protected":false},"excerpt":{"rendered":"<p style=\"text-align: justify;\"><span id=\"result_box\" lang=\"en\" xml:lang=\"en\"><span title=\"El Prontuario de Sacramentos y Otras Bendiciones con Puntos Doctrinales, es un bello c\u00f3dice, exponente de la religiosidad de su tiempo y que us\u00f3, hacia 1488, D. Pedro D\u00edaz de Toledo y Ovalle, primer obispo de M\u00e1laga despu\u00e9s de la reconquista de la ciudad\"><span class=\"VIiyi\" lang=\"en\"><span class=\"JLqJ4b\" data-language-for-alternatives=\"en\" data-language-to-translate-into=\"es\" data-phrase-index=\"0\">Excellent and complete collection in 40 volumes that Ediciones Altaya published in 2005 under the name of \u201cGreat Writers &#8211; La Maison de L\u2019Ecriture\u201d. Texts in Spanish.<\/span><\/span><\/span><\/span><\/p>\n","protected":false},"featured_media":70672,"template":"","meta":[],"product_brand":[],"product_cat":[2256],"product_tag":[],"class_list":{"0":"post-70670","1":"product","2":"type-product","3":"status-publish","4":"has-post-thumbnail","6":"product_cat-books-in-general","7":"product_shipping_class-from-16-to-20-kg","8":"description-off","10":"first","11":"instock","12":"taxable","13":"shipping-taxable","14":"purchasable","15":"product-type-simple"},"yoast_head":"<!-- This site is optimized with the Yoast SEO plugin v27.3 - https:\/\/yoast.com\/product\/yoast-seo-wordpress\/ -->\n<title>Great Writers Collection - La Maison de L\u2019Ecriture, complete, 40 volumes<\/title>\n<meta name=\"description\" content=\"Excellent and complete collection in 40 volumes that Altaya published in 2005 under the name of \u201cGreat Writers - La Maison de L\u2019Ecriture\u201d\" \/>\n<meta name=\"robots\" content=\"index, follow, max-snippet:-1, max-image-preview:large, max-video-preview:-1\" \/>\n<link rel=\"canonical\" href=\"https:\/\/www.comprarmejor.es\/en\/product\/great-writers-collection-la-maison-de-lecriture-complete-40-volumes\/\" \/>\n<meta property=\"og:locale\" content=\"en_US\" \/>\n<meta property=\"og:type\" content=\"article\" \/>\n<meta property=\"og:title\" content=\"Great Writers Collection - La Maison de L\u2019Ecriture, complete, 40 volumes\" \/>\n<meta property=\"og:description\" content=\"Excellent and complete collection in 40 volumes that Altaya published in 2005 under the name of \u201cGreat Writers - La Maison de L\u2019Ecriture\u201d\" \/>\n<meta property=\"og:url\" content=\"https:\/\/www.comprarmejor.es\/en\/product\/great-writers-collection-la-maison-de-lecriture-complete-40-volumes\/\" \/>\n<meta property=\"og:site_name\" content=\"ComprarMejor\" \/>\n<meta property=\"article:modified_time\" content=\"2021-10-09T15:03:36+00:00\" \/>\n<meta property=\"og:image\" content=\"https:\/\/www.comprarmejor.es\/wp-content\/uploads\/2021\/10\/DSC02544.jpg\" \/>\n\t<meta property=\"og:image:width\" content=\"461\" \/>\n\t<meta property=\"og:image:height\" content=\"600\" \/>\n\t<meta property=\"og:image:type\" content=\"image\/jpeg\" \/>\n<meta name=\"twitter:card\" content=\"summary_large_image\" \/>\n<meta name=\"twitter:label1\" content=\"Est. reading time\" \/>\n\t<meta name=\"twitter:data1\" content=\"2 minutes\" \/>\n<script type=\"application\/ld+json\" class=\"yoast-schema-graph\">{\"@context\":\"https:\\\/\\\/schema.org\",\"@graph\":[{\"@type\":\"WebPage\",\"@id\":\"https:\\\/\\\/www.comprarmejor.es\\\/en\\\/product\\\/great-writers-collection-la-maison-de-lecriture-complete-40-volumes\\\/\",\"url\":\"https:\\\/\\\/www.comprarmejor.es\\\/en\\\/product\\\/great-writers-collection-la-maison-de-lecriture-complete-40-volumes\\\/\",\"name\":\"Great Writers Collection - La Maison de L\u2019Ecriture, complete, 40 volumes\",\"isPartOf\":{\"@id\":\"https:\\\/\\\/www.comprarmejor.es\\\/en\\\/#website\"},\"primaryImageOfPage\":{\"@id\":\"https:\\\/\\\/www.comprarmejor.es\\\/en\\\/product\\\/great-writers-collection-la-maison-de-lecriture-complete-40-volumes\\\/#primaryimage\"},\"image\":{\"@id\":\"https:\\\/\\\/www.comprarmejor.es\\\/en\\\/product\\\/great-writers-collection-la-maison-de-lecriture-complete-40-volumes\\\/#primaryimage\"},\"thumbnailUrl\":\"https:\\\/\\\/www.comprarmejor.es\\\/wp-content\\\/uploads\\\/2021\\\/10\\\/DSC02544.jpg\",\"datePublished\":\"2021-10-09T14:49:09+00:00\",\"dateModified\":\"2021-10-09T15:03:36+00:00\",\"description\":\"Excellent and complete collection in 40 volumes that Altaya published in 2005 under the name of \u201cGreat Writers - La Maison de L\u2019Ecriture\u201d\",\"breadcrumb\":{\"@id\":\"https:\\\/\\\/www.comprarmejor.es\\\/en\\\/product\\\/great-writers-collection-la-maison-de-lecriture-complete-40-volumes\\\/#breadcrumb\"},\"inLanguage\":\"en-US\",\"potentialAction\":[{\"@type\":\"ReadAction\",\"target\":[\"https:\\\/\\\/www.comprarmejor.es\\\/en\\\/product\\\/great-writers-collection-la-maison-de-lecriture-complete-40-volumes\\\/\"]}]},{\"@type\":\"ImageObject\",\"inLanguage\":\"en-US\",\"@id\":\"https:\\\/\\\/www.comprarmejor.es\\\/en\\\/product\\\/great-writers-collection-la-maison-de-lecriture-complete-40-volumes\\\/#primaryimage\",\"url\":\"https:\\\/\\\/www.comprarmejor.es\\\/wp-content\\\/uploads\\\/2021\\\/10\\\/DSC02544.jpg\",\"contentUrl\":\"https:\\\/\\\/www.comprarmejor.es\\\/wp-content\\\/uploads\\\/2021\\\/10\\\/DSC02544.jpg\",\"width\":461,\"height\":600},{\"@type\":\"BreadcrumbList\",\"@id\":\"https:\\\/\\\/www.comprarmejor.es\\\/en\\\/product\\\/great-writers-collection-la-maison-de-lecriture-complete-40-volumes\\\/#breadcrumb\",\"itemListElement\":[{\"@type\":\"ListItem\",\"position\":1,\"name\":\"Portada\",\"item\":\"https:\\\/\\\/www.comprarmejor.es\\\/en\\\/\"},{\"@type\":\"ListItem\",\"position\":2,\"name\":\"Shop\",\"item\":\"https:\\\/\\\/www.comprarmejor.es\\\/en\\\/shop\\\/\"},{\"@type\":\"ListItem\",\"position\":3,\"name\":\"Great Writers Collection &#8211; La Maison de L\u2019Ecriture, complete, 40 volumes\"}]},{\"@type\":\"WebSite\",\"@id\":\"https:\\\/\\\/www.comprarmejor.es\\\/en\\\/#website\",\"url\":\"https:\\\/\\\/www.comprarmejor.es\\\/en\\\/\",\"name\":\"ComprarMejor\",\"description\":\"ComprarMejor\",\"publisher\":{\"@id\":\"https:\\\/\\\/www.comprarmejor.es\\\/en\\\/#organization\"},\"potentialAction\":[{\"@type\":\"SearchAction\",\"target\":{\"@type\":\"EntryPoint\",\"urlTemplate\":\"https:\\\/\\\/www.comprarmejor.es\\\/en\\\/?s={search_term_string}\"},\"query-input\":{\"@type\":\"PropertyValueSpecification\",\"valueRequired\":true,\"valueName\":\"search_term_string\"}}],\"inLanguage\":\"en-US\"},{\"@type\":\"Organization\",\"@id\":\"https:\\\/\\\/www.comprarmejor.es\\\/en\\\/#organization\",\"name\":\"COMPRAR MEJOR\",\"url\":\"https:\\\/\\\/www.comprarmejor.es\\\/en\\\/\",\"logo\":{\"@type\":\"ImageObject\",\"inLanguage\":\"en-US\",\"@id\":\"https:\\\/\\\/www.comprarmejor.es\\\/en\\\/#\\\/schema\\\/logo\\\/image\\\/\",\"url\":\"https:\\\/\\\/www.comprarmejor.es\\\/wp-content\\\/uploads\\\/2025\\\/09\\\/comprarmejortrinidad.jpg\",\"contentUrl\":\"https:\\\/\\\/www.comprarmejor.es\\\/wp-content\\\/uploads\\\/2025\\\/09\\\/comprarmejortrinidad.jpg\",\"width\":1022,\"height\":1380,\"caption\":\"COMPRAR MEJOR\"},\"image\":{\"@id\":\"https:\\\/\\\/www.comprarmejor.es\\\/en\\\/#\\\/schema\\\/logo\\\/image\\\/\"},\"sameAs\":[\"https:\\\/\\\/www.instagram.com\\\/amigosdelcodice\"]}]}<\/script>\n<!-- \/ Yoast SEO plugin. -->","yoast_head_json":{"title":"Great Writers Collection - La Maison de L\u2019Ecriture, complete, 40 volumes","description":"Excellent and complete collection in 40 volumes that Altaya published in 2005 under the name of \u201cGreat Writers - La Maison de L\u2019Ecriture\u201d","robots":{"index":"index","follow":"follow","max-snippet":"max-snippet:-1","max-image-preview":"max-image-preview:large","max-video-preview":"max-video-preview:-1"},"canonical":"https:\/\/www.comprarmejor.es\/en\/product\/great-writers-collection-la-maison-de-lecriture-complete-40-volumes\/","og_locale":"en_US","og_type":"article","og_title":"Great Writers Collection - La Maison de L\u2019Ecriture, complete, 40 volumes","og_description":"Excellent and complete collection in 40 volumes that Altaya published in 2005 under the name of \u201cGreat Writers - La Maison de L\u2019Ecriture\u201d","og_url":"https:\/\/www.comprarmejor.es\/en\/product\/great-writers-collection-la-maison-de-lecriture-complete-40-volumes\/","og_site_name":"ComprarMejor","article_modified_time":"2021-10-09T15:03:36+00:00","og_image":[{"width":461,"height":600,"url":"https:\/\/www.comprarmejor.es\/wp-content\/uploads\/2021\/10\/DSC02544.jpg","type":"image\/jpeg"}],"twitter_card":"summary_large_image","twitter_misc":{"Est. reading time":"2 minutes"},"schema":{"@context":"https:\/\/schema.org","@graph":[{"@type":"WebPage","@id":"https:\/\/www.comprarmejor.es\/en\/product\/great-writers-collection-la-maison-de-lecriture-complete-40-volumes\/","url":"https:\/\/www.comprarmejor.es\/en\/product\/great-writers-collection-la-maison-de-lecriture-complete-40-volumes\/","name":"Great Writers Collection - La Maison de L\u2019Ecriture, complete, 40 volumes","isPartOf":{"@id":"https:\/\/www.comprarmejor.es\/en\/#website"},"primaryImageOfPage":{"@id":"https:\/\/www.comprarmejor.es\/en\/product\/great-writers-collection-la-maison-de-lecriture-complete-40-volumes\/#primaryimage"},"image":{"@id":"https:\/\/www.comprarmejor.es\/en\/product\/great-writers-collection-la-maison-de-lecriture-complete-40-volumes\/#primaryimage"},"thumbnailUrl":"https:\/\/www.comprarmejor.es\/wp-content\/uploads\/2021\/10\/DSC02544.jpg","datePublished":"2021-10-09T14:49:09+00:00","dateModified":"2021-10-09T15:03:36+00:00","description":"Excellent and complete collection in 40 volumes that Altaya published in 2005 under the name of \u201cGreat Writers - La Maison de L\u2019Ecriture\u201d","breadcrumb":{"@id":"https:\/\/www.comprarmejor.es\/en\/product\/great-writers-collection-la-maison-de-lecriture-complete-40-volumes\/#breadcrumb"},"inLanguage":"en-US","potentialAction":[{"@type":"ReadAction","target":["https:\/\/www.comprarmejor.es\/en\/product\/great-writers-collection-la-maison-de-lecriture-complete-40-volumes\/"]}]},{"@type":"ImageObject","inLanguage":"en-US","@id":"https:\/\/www.comprarmejor.es\/en\/product\/great-writers-collection-la-maison-de-lecriture-complete-40-volumes\/#primaryimage","url":"https:\/\/www.comprarmejor.es\/wp-content\/uploads\/2021\/10\/DSC02544.jpg","contentUrl":"https:\/\/www.comprarmejor.es\/wp-content\/uploads\/2021\/10\/DSC02544.jpg","width":461,"height":600},{"@type":"BreadcrumbList","@id":"https:\/\/www.comprarmejor.es\/en\/product\/great-writers-collection-la-maison-de-lecriture-complete-40-volumes\/#breadcrumb","itemListElement":[{"@type":"ListItem","position":1,"name":"Portada","item":"https:\/\/www.comprarmejor.es\/en\/"},{"@type":"ListItem","position":2,"name":"Shop","item":"https:\/\/www.comprarmejor.es\/en\/shop\/"},{"@type":"ListItem","position":3,"name":"Great Writers Collection &#8211; La Maison de L\u2019Ecriture, complete, 40 volumes"}]},{"@type":"WebSite","@id":"https:\/\/www.comprarmejor.es\/en\/#website","url":"https:\/\/www.comprarmejor.es\/en\/","name":"ComprarMejor","description":"ComprarMejor","publisher":{"@id":"https:\/\/www.comprarmejor.es\/en\/#organization"},"potentialAction":[{"@type":"SearchAction","target":{"@type":"EntryPoint","urlTemplate":"https:\/\/www.comprarmejor.es\/en\/?s={search_term_string}"},"query-input":{"@type":"PropertyValueSpecification","valueRequired":true,"valueName":"search_term_string"}}],"inLanguage":"en-US"},{"@type":"Organization","@id":"https:\/\/www.comprarmejor.es\/en\/#organization","name":"COMPRAR MEJOR","url":"https:\/\/www.comprarmejor.es\/en\/","logo":{"@type":"ImageObject","inLanguage":"en-US","@id":"https:\/\/www.comprarmejor.es\/en\/#\/schema\/logo\/image\/","url":"https:\/\/www.comprarmejor.es\/wp-content\/uploads\/2025\/09\/comprarmejortrinidad.jpg","contentUrl":"https:\/\/www.comprarmejor.es\/wp-content\/uploads\/2025\/09\/comprarmejortrinidad.jpg","width":1022,"height":1380,"caption":"COMPRAR MEJOR"},"image":{"@id":"https:\/\/www.comprarmejor.es\/en\/#\/schema\/logo\/image\/"},"sameAs":["https:\/\/www.instagram.com\/amigosdelcodice"]}]}},"_links":{"self":[{"href":"https:\/\/www.comprarmejor.es\/en\/wp-json\/wp\/v2\/product\/70670","targetHints":{"allow":["GET"]}}],"collection":[{"href":"https:\/\/www.comprarmejor.es\/en\/wp-json\/wp\/v2\/product"}],"about":[{"href":"https:\/\/www.comprarmejor.es\/en\/wp-json\/wp\/v2\/types\/product"}],"wp:featuredmedia":[{"embeddable":true,"href":"https:\/\/www.comprarmejor.es\/en\/wp-json\/wp\/v2\/media\/70672"}],"wp:attachment":[{"href":"https:\/\/www.comprarmejor.es\/en\/wp-json\/wp\/v2\/media?parent=70670"}],"wp:term":[{"taxonomy":"product_brand","embeddable":true,"href":"https:\/\/www.comprarmejor.es\/en\/wp-json\/wp\/v2\/product_brand?post=70670"},{"taxonomy":"product_cat","embeddable":true,"href":"https:\/\/www.comprarmejor.es\/en\/wp-json\/wp\/v2\/product_cat?post=70670"},{"taxonomy":"product_tag","embeddable":true,"href":"https:\/\/www.comprarmejor.es\/en\/wp-json\/wp\/v2\/product_tag?post=70670"}],"curies":[{"name":"wp","href":"https:\/\/api.w.org\/{rel}","templated":true}]}}