{"id":70697,"date":"2021-10-10T13:34:42","date_gmt":"2021-10-10T11:34:43","guid":{"rendered":"https:\/\/www.comprarmejor.es\/?post_type=product&#038;p=70697"},"modified":"2024-03-06T10:30:50","modified_gmt":"2024-03-06T09:30:50","slug":"the-great-enigmas-of-ancient-civilizations-cah-1973-3-volumes","status":"publish","type":"product","link":"https:\/\/www.comprarmejor.es\/en\/product\/the-great-enigmas-of-ancient-civilizations-cah-1973-3-volumes\/","title":{"rendered":"The great enigmas of ancient civilizations. CAH, 1973, 3 volumes"},"content":{"rendered":"<p style=\"text-align: justify;\">1973 edition of the Circle of Friends of History of a collection in 3 volumes on the generic title of \u201cThe great enigmas of ancient civilizations\u201d. All in perfect condition.<\/p>\n<p style=\"text-align: justify;\">Common characteristics of the 3 volumes:<br \/>\nBeautiful binding in decorated Dutch hardcover, guide tape, gilt spine and printed title.<br \/>\nFormat 12.5 x 18.2 cm. Pages: 248, 256 and 256, plus full-page plates off pagination. Texts in Spanish.<br \/>\nThe 3 books contain 2 circular stamps in pad ink from the previous owner.<\/p>\n<p style=\"text-align: justify;\">Volume 1: Atlantis, Angkor Vat, Sumer and The Phoenicians. Texts by Jean Watelet, Eric Lucien and Pedro Jos\u00e9 Cascajosa.<br \/>\nVolume 2: Greece and the Middle East. Texts by Jean Renald, Lucien Vi\u00e9ville, Brigitte Friang and Enrique Centeno.<br \/>\nVolume 3: Rome and Pompeii. Texts by Enrique Centeno.<\/p>\n<p style=\"text-align: justify;\">Complete work, in perfect condition, unused.<\/p>\n<p style=\"text-align: justify;\">Shipping costs according to order and destination<span title=\"Gastos de env\u00edo por cuenta del comprador seg\u00fan pedido y destino.\"><span class=\"VIiyi\" lang=\"en\"><span class=\"JLqJ4b\" data-language-for-alternatives=\"en\" data-language-to-translate-into=\"es\" data-phrase-index=\"0\">.<\/span><\/span> <\/span><span title=\"Cons\u00faltenos cualquier duda, as\u00ed como por cualquier otro facs\u00edmile o art\u00edculo que est\u00e9 buscando.\"><a class=\"btn btn-default\" href=\"https:\/\/www.comprarmejor.es\/en\/contact\">Ask us<\/a> <span class=\"HwtZe\" lang=\"en\"><span class=\"jCAhz ChMk0b\"><span class=\"ryNqvb\">any questions, indicating the article reference.<\/span><\/span><\/span><br \/>\n<\/span><\/p>\n","protected":false},"excerpt":{"rendered":"<p style=\"text-align: justify;\"><span id=\"result_box\" lang=\"en\" xml:lang=\"en\"><span title=\"El Prontuario de Sacramentos y Otras Bendiciones con Puntos Doctrinales, es un bello c\u00f3dice, exponente de la religiosidad de su tiempo y que us\u00f3, hacia 1488, D. Pedro D\u00edaz de Toledo y Ovalle, primer obispo de M\u00e1laga despu\u00e9s de la reconquista de la ciudad\"><span class=\"VIiyi\" lang=\"en\"><span class=\"JLqJ4b\" data-language-for-alternatives=\"en\" data-language-to-translate-into=\"es\" data-phrase-index=\"0\"><span class=\"HwtZe\" lang=\"en\"><span class=\"jCAhz ChMk0b\"><span class=\"ryNqvb\">1973 edition of the Circle of Friends of History of a collection in 3 volumes on the generic title of \u201cThe great enigmas of ancient civilizations\u201d.<\/span><\/span><\/span><\/span><\/span><\/span><\/span><\/p>\n","protected":false},"featured_media":93217,"template":"","meta":[],"product_brand":[],"product_cat":[2210,2256],"product_tag":[5822,4029,5120],"class_list":{"0":"post-70697","1":"product","2":"type-product","3":"status-publish","4":"has-post-thumbnail","6":"product_cat-bibliophilia","7":"product_cat-books-in-general","8":"product_tag-bibliofilia-en","9":"product_tag-amigos-en","10":"product_tag-history-en","11":"product_shipping_class-from-2-to-5-kg","12":"description-off","14":"first","15":"instock","16":"sale","17":"taxable","18":"shipping-taxable","19":"purchasable","20":"product-type-simple"},"yoast_head":"<!-- This site is optimized with the Yoast SEO plugin v27.3 - https:\/\/yoast.com\/product\/yoast-seo-wordpress\/ -->\n<title>The great enigmas of ancient civilizations. CAH, 1973, 3 volumes<\/title>\n<meta name=\"description\" content=\"1973 edition of the Circle of Friends of History of a collection in 3 volumes on the generic title of \u201cThe great enigmas of ancient civilizations\u201d.\" \/>\n<meta name=\"robots\" content=\"index, follow, max-snippet:-1, max-image-preview:large, max-video-preview:-1\" \/>\n<link rel=\"canonical\" href=\"https:\/\/www.comprarmejor.es\/en\/product\/the-great-enigmas-of-ancient-civilizations-cah-1973-3-volumes\/\" \/>\n<meta property=\"og:locale\" content=\"en_US\" \/>\n<meta property=\"og:type\" content=\"article\" \/>\n<meta property=\"og:title\" content=\"The great enigmas of ancient civilizations. CAH, 1973, 3 volumes\" \/>\n<meta property=\"og:description\" content=\"1973 edition of the Circle of Friends of History of a collection in 3 volumes on the generic title of \u201cThe great enigmas of ancient civilizations\u201d.\" \/>\n<meta property=\"og:url\" content=\"https:\/\/www.comprarmejor.es\/en\/product\/the-great-enigmas-of-ancient-civilizations-cah-1973-3-volumes\/\" \/>\n<meta property=\"og:site_name\" content=\"ComprarMejor\" \/>\n<meta property=\"article:modified_time\" content=\"2024-03-06T09:30:50+00:00\" \/>\n<meta property=\"og:image\" content=\"https:\/\/www.comprarmejor.es\/wp-content\/uploads\/2021\/10\/GEdlCA-1.jpg\" \/>\n\t<meta property=\"og:image:width\" content=\"753\" \/>\n\t<meta property=\"og:image:height\" content=\"400\" \/>\n\t<meta property=\"og:image:type\" content=\"image\/jpeg\" \/>\n<meta name=\"twitter:card\" content=\"summary_large_image\" \/>\n<meta name=\"twitter:label1\" content=\"Est. reading time\" \/>\n\t<meta name=\"twitter:data1\" content=\"1 minute\" \/>\n<script type=\"application\/ld+json\" class=\"yoast-schema-graph\">{\"@context\":\"https:\\\/\\\/schema.org\",\"@graph\":[{\"@type\":\"WebPage\",\"@id\":\"https:\\\/\\\/www.comprarmejor.es\\\/en\\\/product\\\/the-great-enigmas-of-ancient-civilizations-cah-1973-3-volumes\\\/\",\"url\":\"https:\\\/\\\/www.comprarmejor.es\\\/en\\\/product\\\/the-great-enigmas-of-ancient-civilizations-cah-1973-3-volumes\\\/\",\"name\":\"The great enigmas of ancient civilizations. CAH, 1973, 3 volumes\",\"isPartOf\":{\"@id\":\"https:\\\/\\\/www.comprarmejor.es\\\/en\\\/#website\"},\"primaryImageOfPage\":{\"@id\":\"https:\\\/\\\/www.comprarmejor.es\\\/en\\\/product\\\/the-great-enigmas-of-ancient-civilizations-cah-1973-3-volumes\\\/#primaryimage\"},\"image\":{\"@id\":\"https:\\\/\\\/www.comprarmejor.es\\\/en\\\/product\\\/the-great-enigmas-of-ancient-civilizations-cah-1973-3-volumes\\\/#primaryimage\"},\"thumbnailUrl\":\"https:\\\/\\\/www.comprarmejor.es\\\/wp-content\\\/uploads\\\/2021\\\/10\\\/GEdlCA-1.jpg\",\"datePublished\":\"2021-10-10T11:34:43+00:00\",\"dateModified\":\"2024-03-06T09:30:50+00:00\",\"description\":\"1973 edition of the Circle of Friends of History of a collection in 3 volumes on the generic title of \u201cThe great enigmas of ancient civilizations\u201d.\",\"breadcrumb\":{\"@id\":\"https:\\\/\\\/www.comprarmejor.es\\\/en\\\/product\\\/the-great-enigmas-of-ancient-civilizations-cah-1973-3-volumes\\\/#breadcrumb\"},\"inLanguage\":\"en-US\",\"potentialAction\":[{\"@type\":\"ReadAction\",\"target\":[\"https:\\\/\\\/www.comprarmejor.es\\\/en\\\/product\\\/the-great-enigmas-of-ancient-civilizations-cah-1973-3-volumes\\\/\"]}]},{\"@type\":\"ImageObject\",\"inLanguage\":\"en-US\",\"@id\":\"https:\\\/\\\/www.comprarmejor.es\\\/en\\\/product\\\/the-great-enigmas-of-ancient-civilizations-cah-1973-3-volumes\\\/#primaryimage\",\"url\":\"https:\\\/\\\/www.comprarmejor.es\\\/wp-content\\\/uploads\\\/2021\\\/10\\\/GEdlCA-1.jpg\",\"contentUrl\":\"https:\\\/\\\/www.comprarmejor.es\\\/wp-content\\\/uploads\\\/2021\\\/10\\\/GEdlCA-1.jpg\",\"width\":753,\"height\":400},{\"@type\":\"BreadcrumbList\",\"@id\":\"https:\\\/\\\/www.comprarmejor.es\\\/en\\\/product\\\/the-great-enigmas-of-ancient-civilizations-cah-1973-3-volumes\\\/#breadcrumb\",\"itemListElement\":[{\"@type\":\"ListItem\",\"position\":1,\"name\":\"Portada\",\"item\":\"https:\\\/\\\/www.comprarmejor.es\\\/en\\\/\"},{\"@type\":\"ListItem\",\"position\":2,\"name\":\"Shop\",\"item\":\"https:\\\/\\\/www.comprarmejor.es\\\/en\\\/shop\\\/\"},{\"@type\":\"ListItem\",\"position\":3,\"name\":\"The great enigmas of ancient civilizations. CAH, 1973, 3 volumes\"}]},{\"@type\":\"WebSite\",\"@id\":\"https:\\\/\\\/www.comprarmejor.es\\\/en\\\/#website\",\"url\":\"https:\\\/\\\/www.comprarmejor.es\\\/en\\\/\",\"name\":\"ComprarMejor\",\"description\":\"ComprarMejor\",\"publisher\":{\"@id\":\"https:\\\/\\\/www.comprarmejor.es\\\/en\\\/#organization\"},\"potentialAction\":[{\"@type\":\"SearchAction\",\"target\":{\"@type\":\"EntryPoint\",\"urlTemplate\":\"https:\\\/\\\/www.comprarmejor.es\\\/en\\\/?s={search_term_string}\"},\"query-input\":{\"@type\":\"PropertyValueSpecification\",\"valueRequired\":true,\"valueName\":\"search_term_string\"}}],\"inLanguage\":\"en-US\"},{\"@type\":\"Organization\",\"@id\":\"https:\\\/\\\/www.comprarmejor.es\\\/en\\\/#organization\",\"name\":\"COMPRAR MEJOR\",\"url\":\"https:\\\/\\\/www.comprarmejor.es\\\/en\\\/\",\"logo\":{\"@type\":\"ImageObject\",\"inLanguage\":\"en-US\",\"@id\":\"https:\\\/\\\/www.comprarmejor.es\\\/en\\\/#\\\/schema\\\/logo\\\/image\\\/\",\"url\":\"https:\\\/\\\/www.comprarmejor.es\\\/wp-content\\\/uploads\\\/2025\\\/09\\\/comprarmejortrinidad.jpg\",\"contentUrl\":\"https:\\\/\\\/www.comprarmejor.es\\\/wp-content\\\/uploads\\\/2025\\\/09\\\/comprarmejortrinidad.jpg\",\"width\":1022,\"height\":1380,\"caption\":\"COMPRAR MEJOR\"},\"image\":{\"@id\":\"https:\\\/\\\/www.comprarmejor.es\\\/en\\\/#\\\/schema\\\/logo\\\/image\\\/\"},\"sameAs\":[\"https:\\\/\\\/www.instagram.com\\\/amigosdelcodice\"]}]}<\/script>\n<!-- \/ Yoast SEO plugin. -->","yoast_head_json":{"title":"The great enigmas of ancient civilizations. CAH, 1973, 3 volumes","description":"1973 edition of the Circle of Friends of History of a collection in 3 volumes on the generic title of \u201cThe great enigmas of ancient civilizations\u201d.","robots":{"index":"index","follow":"follow","max-snippet":"max-snippet:-1","max-image-preview":"max-image-preview:large","max-video-preview":"max-video-preview:-1"},"canonical":"https:\/\/www.comprarmejor.es\/en\/product\/the-great-enigmas-of-ancient-civilizations-cah-1973-3-volumes\/","og_locale":"en_US","og_type":"article","og_title":"The great enigmas of ancient civilizations. CAH, 1973, 3 volumes","og_description":"1973 edition of the Circle of Friends of History of a collection in 3 volumes on the generic title of \u201cThe great enigmas of ancient civilizations\u201d.","og_url":"https:\/\/www.comprarmejor.es\/en\/product\/the-great-enigmas-of-ancient-civilizations-cah-1973-3-volumes\/","og_site_name":"ComprarMejor","article_modified_time":"2024-03-06T09:30:50+00:00","og_image":[{"width":753,"height":400,"url":"https:\/\/www.comprarmejor.es\/wp-content\/uploads\/2021\/10\/GEdlCA-1.jpg","type":"image\/jpeg"}],"twitter_card":"summary_large_image","twitter_misc":{"Est. reading time":"1 minute"},"schema":{"@context":"https:\/\/schema.org","@graph":[{"@type":"WebPage","@id":"https:\/\/www.comprarmejor.es\/en\/product\/the-great-enigmas-of-ancient-civilizations-cah-1973-3-volumes\/","url":"https:\/\/www.comprarmejor.es\/en\/product\/the-great-enigmas-of-ancient-civilizations-cah-1973-3-volumes\/","name":"The great enigmas of ancient civilizations. CAH, 1973, 3 volumes","isPartOf":{"@id":"https:\/\/www.comprarmejor.es\/en\/#website"},"primaryImageOfPage":{"@id":"https:\/\/www.comprarmejor.es\/en\/product\/the-great-enigmas-of-ancient-civilizations-cah-1973-3-volumes\/#primaryimage"},"image":{"@id":"https:\/\/www.comprarmejor.es\/en\/product\/the-great-enigmas-of-ancient-civilizations-cah-1973-3-volumes\/#primaryimage"},"thumbnailUrl":"https:\/\/www.comprarmejor.es\/wp-content\/uploads\/2021\/10\/GEdlCA-1.jpg","datePublished":"2021-10-10T11:34:43+00:00","dateModified":"2024-03-06T09:30:50+00:00","description":"1973 edition of the Circle of Friends of History of a collection in 3 volumes on the generic title of \u201cThe great enigmas of ancient civilizations\u201d.","breadcrumb":{"@id":"https:\/\/www.comprarmejor.es\/en\/product\/the-great-enigmas-of-ancient-civilizations-cah-1973-3-volumes\/#breadcrumb"},"inLanguage":"en-US","potentialAction":[{"@type":"ReadAction","target":["https:\/\/www.comprarmejor.es\/en\/product\/the-great-enigmas-of-ancient-civilizations-cah-1973-3-volumes\/"]}]},{"@type":"ImageObject","inLanguage":"en-US","@id":"https:\/\/www.comprarmejor.es\/en\/product\/the-great-enigmas-of-ancient-civilizations-cah-1973-3-volumes\/#primaryimage","url":"https:\/\/www.comprarmejor.es\/wp-content\/uploads\/2021\/10\/GEdlCA-1.jpg","contentUrl":"https:\/\/www.comprarmejor.es\/wp-content\/uploads\/2021\/10\/GEdlCA-1.jpg","width":753,"height":400},{"@type":"BreadcrumbList","@id":"https:\/\/www.comprarmejor.es\/en\/product\/the-great-enigmas-of-ancient-civilizations-cah-1973-3-volumes\/#breadcrumb","itemListElement":[{"@type":"ListItem","position":1,"name":"Portada","item":"https:\/\/www.comprarmejor.es\/en\/"},{"@type":"ListItem","position":2,"name":"Shop","item":"https:\/\/www.comprarmejor.es\/en\/shop\/"},{"@type":"ListItem","position":3,"name":"The great enigmas of ancient civilizations. CAH, 1973, 3 volumes"}]},{"@type":"WebSite","@id":"https:\/\/www.comprarmejor.es\/en\/#website","url":"https:\/\/www.comprarmejor.es\/en\/","name":"ComprarMejor","description":"ComprarMejor","publisher":{"@id":"https:\/\/www.comprarmejor.es\/en\/#organization"},"potentialAction":[{"@type":"SearchAction","target":{"@type":"EntryPoint","urlTemplate":"https:\/\/www.comprarmejor.es\/en\/?s={search_term_string}"},"query-input":{"@type":"PropertyValueSpecification","valueRequired":true,"valueName":"search_term_string"}}],"inLanguage":"en-US"},{"@type":"Organization","@id":"https:\/\/www.comprarmejor.es\/en\/#organization","name":"COMPRAR MEJOR","url":"https:\/\/www.comprarmejor.es\/en\/","logo":{"@type":"ImageObject","inLanguage":"en-US","@id":"https:\/\/www.comprarmejor.es\/en\/#\/schema\/logo\/image\/","url":"https:\/\/www.comprarmejor.es\/wp-content\/uploads\/2025\/09\/comprarmejortrinidad.jpg","contentUrl":"https:\/\/www.comprarmejor.es\/wp-content\/uploads\/2025\/09\/comprarmejortrinidad.jpg","width":1022,"height":1380,"caption":"COMPRAR MEJOR"},"image":{"@id":"https:\/\/www.comprarmejor.es\/en\/#\/schema\/logo\/image\/"},"sameAs":["https:\/\/www.instagram.com\/amigosdelcodice"]}]}},"_links":{"self":[{"href":"https:\/\/www.comprarmejor.es\/en\/wp-json\/wp\/v2\/product\/70697","targetHints":{"allow":["GET"]}}],"collection":[{"href":"https:\/\/www.comprarmejor.es\/en\/wp-json\/wp\/v2\/product"}],"about":[{"href":"https:\/\/www.comprarmejor.es\/en\/wp-json\/wp\/v2\/types\/product"}],"wp:featuredmedia":[{"embeddable":true,"href":"https:\/\/www.comprarmejor.es\/en\/wp-json\/wp\/v2\/media\/93217"}],"wp:attachment":[{"href":"https:\/\/www.comprarmejor.es\/en\/wp-json\/wp\/v2\/media?parent=70697"}],"wp:term":[{"taxonomy":"product_brand","embeddable":true,"href":"https:\/\/www.comprarmejor.es\/en\/wp-json\/wp\/v2\/product_brand?post=70697"},{"taxonomy":"product_cat","embeddable":true,"href":"https:\/\/www.comprarmejor.es\/en\/wp-json\/wp\/v2\/product_cat?post=70697"},{"taxonomy":"product_tag","embeddable":true,"href":"https:\/\/www.comprarmejor.es\/en\/wp-json\/wp\/v2\/product_tag?post=70697"}],"curies":[{"name":"wp","href":"https:\/\/api.w.org\/{rel}","templated":true}]}}