{"id":71025,"date":"2021-10-29T17:08:12","date_gmt":"2021-10-29T15:08:12","guid":{"rendered":"https:\/\/www.comprarmejor.es\/?post_type=product&#038;p=71025"},"modified":"2021-10-29T17:32:44","modified_gmt":"2021-10-29T15:32:44","slug":"journey-to-the-alcarria-camilo-jose-cela-commemorative-facsimile-edition-and-exclusive-luxury-copy","status":"publish","type":"product","link":"https:\/\/www.comprarmejor.es\/en\/product\/journey-to-the-alcarria-camilo-jose-cela-commemorative-facsimile-edition-and-exclusive-luxury-copy\/","title":{"rendered":"Journey to the Alcarria, Camilo Jose Cela, commemorative facsimile edition and exclusive luxury copy"},"content":{"rendered":"<p style=\"text-align: justify;\"><strong>Journey to the Alcarria<\/strong>, travel account of the Spanish writer <strong>Camilo Jose Cela<\/strong> (1916-2002), Nobel Prize for Literature and Cervantes Prize, published for the first time in 1948. In 1996 C\u00edrculo de Lectores and Galaxia Gutenberg, in commemoration of the 80th anniversary of the birth of its author and for the delivery of the Cervantes Prize, they made a facsimile edition of the original manuscripts that gave rise to the book, limited to 980 venal copies, numbered and signed by the author.<\/p>\n<p style=\"text-align: justify;\">The writer made his famous walk through the Alcarria between June 6 and 15, 1946. During it, he was taking notes in a notebook of lined paper with cardboard covers, in which he also included other materials: some flowers collected on the way, the photographs taken by Karl Wlasak during the trip and some press clippings.<\/p>\n<p style=\"text-align: justify;\">The manuscript is completed with three notebooks of squared paper and a cardboard cover in which the writer wrote the definitive version of the work for its first edition in Revista de Occidente, which was published in Madrid in 1948.<\/p>\n<p style=\"text-align: justify;\">This facsimile offers the manuscript of the work with absolute fidelity to the original in all its details. To do this, following the instructions of Camilo Jos\u00e9 Cela, the notebooks that had been kept bound were separated. This is the reason why the first one, which no longer had its covers, is presented in unsewn sheets.<\/p>\n<p style=\"text-align: justify;\">For this edition, finally, we had the inestimable help of Francisco Garc\u00eda Marquina, who collected and pressed the more than ten thousand flowers of the Alcarria that all the copies of the print run have required.<\/p>\n<p style=\"text-align: justify;\">The edition presented all the manuscripts, photographs, flowers and newspaper clippings in a cloth case and this in turn in a cover of the same cloth. We offer you this unique and exclusive specimen presented in a luxurious leather case integrated into a leather case. At the same time we give you the facsimile edition that C\u00edrculo de Lectores published in 1987 as a commemorative edition of its 25th anniversary with the facsimile text of the first copy of the first edition and photographs of the trip. Specimen in very good condition and also presented in an exclusive leather sheath.<\/p>\n<p style=\"text-align: justify;\">Case measures 18.5 x 24.5 x 7 cm; of the sleeve 19 x 25.8 x 7.8 cm.<br \/>\nMeasurements of the gift book cover (bound in hard cover with dust jacket, guide tape, format 17 x 24.8 cm. 248 pages) 16.8 x 25.8 x 4.2 cm.<\/p>\n<p style=\"text-align: justify;\"><span title=\"Gastos de env\u00edo por cuenta del comprador, seg\u00fan pedido y destino.\">Shipping costs for the account of the buyer, according to order and destination.\u00a0<\/span><span title=\"Cons\u00faltenos sin compromiso (indicando la referencia del art\u00edculo) cualquier duda, as\u00ed como por cualquier otro art\u00edculo que est\u00e9 buscando.\"><a class=\"btn btn-default\" href=\"https:\/\/www.comprarmejor.es\/en\/contact\">Ask us<\/a> without obligation (indicating the reference of the article) any doubt.<br \/>\n<\/span><\/p>\n","protected":false},"excerpt":{"rendered":"<p style=\"text-align: justify;\"><span id=\"result_box\" lang=\"en\" xml:lang=\"en\"><span title=\"-medall\u00f3n de plata, conocida coloquialmente como polvera.\"><span class=\"tlid-translation translation\"><span class=\"VIiyi\" lang=\"en\"><span class=\"JLqJ4b\" data-language-for-alternatives=\"en\" data-language-to-translate-into=\"es\" data-phrase-index=\"0\" data-number-of-phrases=\"1\">Journey to the Alcarria, travel account of the Spanish writer Camilo Jos\u00e9 Cela (1916-2002), Nobel Prize for Literature and Cervantes Prize, published for the first time in 1948.<\/span><\/span><\/span><\/span><\/span><\/p>\n","protected":false},"featured_media":71028,"template":"","meta":[],"product_brand":[],"product_cat":[2238,2250,2220],"product_tag":[5086,5085],"class_list":{"0":"post-71025","1":"product","2":"type-product","3":"status-publish","4":"has-post-thumbnail","6":"product_cat-exclusive-copies","7":"product_cat-other-facsimiles","8":"product_cat-special-offers","9":"product_tag-alcarria-en","10":"product_tag-cela-en","11":"product_shipping_class-from-2-to-5-kg","12":"description-off","14":"first","15":"instock","16":"sale","17":"taxable","18":"shipping-taxable","19":"purchasable","20":"product-type-simple"},"yoast_head":"<!-- This site is optimized with the Yoast SEO plugin v27.3 - https:\/\/yoast.com\/product\/yoast-seo-wordpress\/ -->\n<title>Journey to the Alcarria, Camilo Jose Cela, commemorative facsimile editio<\/title>\n<meta name=\"description\" content=\"Journey to the Alcarria, travel account of the Spanish writer Camilo Jose Cela, Nobel for Literature and Cervantes Prize, published for the\" \/>\n<meta name=\"robots\" content=\"index, follow, max-snippet:-1, max-image-preview:large, max-video-preview:-1\" \/>\n<link rel=\"canonical\" href=\"https:\/\/www.comprarmejor.es\/en\/product\/journey-to-the-alcarria-camilo-jose-cela-commemorative-facsimile-edition-and-exclusive-luxury-copy\/\" \/>\n<meta property=\"og:locale\" content=\"en_US\" \/>\n<meta property=\"og:type\" content=\"article\" \/>\n<meta property=\"og:title\" content=\"Journey to the Alcarria, Camilo Jose Cela, commemorative facsimile editio\" \/>\n<meta property=\"og:description\" content=\"Journey to the Alcarria, travel account of the Spanish writer Camilo Jose Cela, Nobel for Literature and Cervantes Prize, published for the\" \/>\n<meta property=\"og:url\" content=\"https:\/\/www.comprarmejor.es\/en\/product\/journey-to-the-alcarria-camilo-jose-cela-commemorative-facsimile-edition-and-exclusive-luxury-copy\/\" \/>\n<meta property=\"og:site_name\" content=\"ComprarMejor\" \/>\n<meta property=\"article:modified_time\" content=\"2021-10-29T15:32:44+00:00\" \/>\n<meta property=\"og:image\" content=\"https:\/\/www.comprarmejor.es\/wp-content\/uploads\/2021\/10\/DSC02577.jpg\" \/>\n\t<meta property=\"og:image:width\" content=\"600\" \/>\n\t<meta property=\"og:image:height\" content=\"461\" \/>\n\t<meta property=\"og:image:type\" content=\"image\/jpeg\" \/>\n<meta name=\"twitter:card\" content=\"summary_large_image\" \/>\n<meta name=\"twitter:label1\" content=\"Est. reading time\" \/>\n\t<meta name=\"twitter:data1\" content=\"2 minutes\" \/>\n<script type=\"application\/ld+json\" class=\"yoast-schema-graph\">{\"@context\":\"https:\\\/\\\/schema.org\",\"@graph\":[{\"@type\":\"WebPage\",\"@id\":\"https:\\\/\\\/www.comprarmejor.es\\\/en\\\/product\\\/journey-to-the-alcarria-camilo-jose-cela-commemorative-facsimile-edition-and-exclusive-luxury-copy\\\/\",\"url\":\"https:\\\/\\\/www.comprarmejor.es\\\/en\\\/product\\\/journey-to-the-alcarria-camilo-jose-cela-commemorative-facsimile-edition-and-exclusive-luxury-copy\\\/\",\"name\":\"Journey to the Alcarria, Camilo Jose Cela, commemorative facsimile editio\",\"isPartOf\":{\"@id\":\"https:\\\/\\\/www.comprarmejor.es\\\/en\\\/#website\"},\"primaryImageOfPage\":{\"@id\":\"https:\\\/\\\/www.comprarmejor.es\\\/en\\\/product\\\/journey-to-the-alcarria-camilo-jose-cela-commemorative-facsimile-edition-and-exclusive-luxury-copy\\\/#primaryimage\"},\"image\":{\"@id\":\"https:\\\/\\\/www.comprarmejor.es\\\/en\\\/product\\\/journey-to-the-alcarria-camilo-jose-cela-commemorative-facsimile-edition-and-exclusive-luxury-copy\\\/#primaryimage\"},\"thumbnailUrl\":\"https:\\\/\\\/www.comprarmejor.es\\\/wp-content\\\/uploads\\\/2021\\\/10\\\/DSC02577.jpg\",\"datePublished\":\"2021-10-29T15:08:12+00:00\",\"dateModified\":\"2021-10-29T15:32:44+00:00\",\"description\":\"Journey to the Alcarria, travel account of the Spanish writer Camilo Jose Cela, Nobel for Literature and Cervantes Prize, published for the\",\"breadcrumb\":{\"@id\":\"https:\\\/\\\/www.comprarmejor.es\\\/en\\\/product\\\/journey-to-the-alcarria-camilo-jose-cela-commemorative-facsimile-edition-and-exclusive-luxury-copy\\\/#breadcrumb\"},\"inLanguage\":\"en-US\",\"potentialAction\":[{\"@type\":\"ReadAction\",\"target\":[\"https:\\\/\\\/www.comprarmejor.es\\\/en\\\/product\\\/journey-to-the-alcarria-camilo-jose-cela-commemorative-facsimile-edition-and-exclusive-luxury-copy\\\/\"]}]},{\"@type\":\"ImageObject\",\"inLanguage\":\"en-US\",\"@id\":\"https:\\\/\\\/www.comprarmejor.es\\\/en\\\/product\\\/journey-to-the-alcarria-camilo-jose-cela-commemorative-facsimile-edition-and-exclusive-luxury-copy\\\/#primaryimage\",\"url\":\"https:\\\/\\\/www.comprarmejor.es\\\/wp-content\\\/uploads\\\/2021\\\/10\\\/DSC02577.jpg\",\"contentUrl\":\"https:\\\/\\\/www.comprarmejor.es\\\/wp-content\\\/uploads\\\/2021\\\/10\\\/DSC02577.jpg\",\"width\":600,\"height\":461},{\"@type\":\"BreadcrumbList\",\"@id\":\"https:\\\/\\\/www.comprarmejor.es\\\/en\\\/product\\\/journey-to-the-alcarria-camilo-jose-cela-commemorative-facsimile-edition-and-exclusive-luxury-copy\\\/#breadcrumb\",\"itemListElement\":[{\"@type\":\"ListItem\",\"position\":1,\"name\":\"Portada\",\"item\":\"https:\\\/\\\/www.comprarmejor.es\\\/en\\\/\"},{\"@type\":\"ListItem\",\"position\":2,\"name\":\"Shop\",\"item\":\"https:\\\/\\\/www.comprarmejor.es\\\/en\\\/shop\\\/\"},{\"@type\":\"ListItem\",\"position\":3,\"name\":\"Journey to the Alcarria, Camilo Jose Cela, commemorative facsimile edition and exclusive luxury copy\"}]},{\"@type\":\"WebSite\",\"@id\":\"https:\\\/\\\/www.comprarmejor.es\\\/en\\\/#website\",\"url\":\"https:\\\/\\\/www.comprarmejor.es\\\/en\\\/\",\"name\":\"ComprarMejor\",\"description\":\"ComprarMejor\",\"publisher\":{\"@id\":\"https:\\\/\\\/www.comprarmejor.es\\\/en\\\/#organization\"},\"potentialAction\":[{\"@type\":\"SearchAction\",\"target\":{\"@type\":\"EntryPoint\",\"urlTemplate\":\"https:\\\/\\\/www.comprarmejor.es\\\/en\\\/?s={search_term_string}\"},\"query-input\":{\"@type\":\"PropertyValueSpecification\",\"valueRequired\":true,\"valueName\":\"search_term_string\"}}],\"inLanguage\":\"en-US\"},{\"@type\":\"Organization\",\"@id\":\"https:\\\/\\\/www.comprarmejor.es\\\/en\\\/#organization\",\"name\":\"COMPRAR MEJOR\",\"url\":\"https:\\\/\\\/www.comprarmejor.es\\\/en\\\/\",\"logo\":{\"@type\":\"ImageObject\",\"inLanguage\":\"en-US\",\"@id\":\"https:\\\/\\\/www.comprarmejor.es\\\/en\\\/#\\\/schema\\\/logo\\\/image\\\/\",\"url\":\"https:\\\/\\\/www.comprarmejor.es\\\/wp-content\\\/uploads\\\/2025\\\/09\\\/comprarmejortrinidad.jpg\",\"contentUrl\":\"https:\\\/\\\/www.comprarmejor.es\\\/wp-content\\\/uploads\\\/2025\\\/09\\\/comprarmejortrinidad.jpg\",\"width\":1022,\"height\":1380,\"caption\":\"COMPRAR MEJOR\"},\"image\":{\"@id\":\"https:\\\/\\\/www.comprarmejor.es\\\/en\\\/#\\\/schema\\\/logo\\\/image\\\/\"},\"sameAs\":[\"https:\\\/\\\/www.instagram.com\\\/amigosdelcodice\"]}]}<\/script>\n<!-- \/ Yoast SEO plugin. -->","yoast_head_json":{"title":"Journey to the Alcarria, Camilo Jose Cela, commemorative facsimile editio","description":"Journey to the Alcarria, travel account of the Spanish writer Camilo Jose Cela, Nobel for Literature and Cervantes Prize, published for the","robots":{"index":"index","follow":"follow","max-snippet":"max-snippet:-1","max-image-preview":"max-image-preview:large","max-video-preview":"max-video-preview:-1"},"canonical":"https:\/\/www.comprarmejor.es\/en\/product\/journey-to-the-alcarria-camilo-jose-cela-commemorative-facsimile-edition-and-exclusive-luxury-copy\/","og_locale":"en_US","og_type":"article","og_title":"Journey to the Alcarria, Camilo Jose Cela, commemorative facsimile editio","og_description":"Journey to the Alcarria, travel account of the Spanish writer Camilo Jose Cela, Nobel for Literature and Cervantes Prize, published for the","og_url":"https:\/\/www.comprarmejor.es\/en\/product\/journey-to-the-alcarria-camilo-jose-cela-commemorative-facsimile-edition-and-exclusive-luxury-copy\/","og_site_name":"ComprarMejor","article_modified_time":"2021-10-29T15:32:44+00:00","og_image":[{"width":600,"height":461,"url":"https:\/\/www.comprarmejor.es\/wp-content\/uploads\/2021\/10\/DSC02577.jpg","type":"image\/jpeg"}],"twitter_card":"summary_large_image","twitter_misc":{"Est. reading time":"2 minutes"},"schema":{"@context":"https:\/\/schema.org","@graph":[{"@type":"WebPage","@id":"https:\/\/www.comprarmejor.es\/en\/product\/journey-to-the-alcarria-camilo-jose-cela-commemorative-facsimile-edition-and-exclusive-luxury-copy\/","url":"https:\/\/www.comprarmejor.es\/en\/product\/journey-to-the-alcarria-camilo-jose-cela-commemorative-facsimile-edition-and-exclusive-luxury-copy\/","name":"Journey to the Alcarria, Camilo Jose Cela, commemorative facsimile editio","isPartOf":{"@id":"https:\/\/www.comprarmejor.es\/en\/#website"},"primaryImageOfPage":{"@id":"https:\/\/www.comprarmejor.es\/en\/product\/journey-to-the-alcarria-camilo-jose-cela-commemorative-facsimile-edition-and-exclusive-luxury-copy\/#primaryimage"},"image":{"@id":"https:\/\/www.comprarmejor.es\/en\/product\/journey-to-the-alcarria-camilo-jose-cela-commemorative-facsimile-edition-and-exclusive-luxury-copy\/#primaryimage"},"thumbnailUrl":"https:\/\/www.comprarmejor.es\/wp-content\/uploads\/2021\/10\/DSC02577.jpg","datePublished":"2021-10-29T15:08:12+00:00","dateModified":"2021-10-29T15:32:44+00:00","description":"Journey to the Alcarria, travel account of the Spanish writer Camilo Jose Cela, Nobel for Literature and Cervantes Prize, published for the","breadcrumb":{"@id":"https:\/\/www.comprarmejor.es\/en\/product\/journey-to-the-alcarria-camilo-jose-cela-commemorative-facsimile-edition-and-exclusive-luxury-copy\/#breadcrumb"},"inLanguage":"en-US","potentialAction":[{"@type":"ReadAction","target":["https:\/\/www.comprarmejor.es\/en\/product\/journey-to-the-alcarria-camilo-jose-cela-commemorative-facsimile-edition-and-exclusive-luxury-copy\/"]}]},{"@type":"ImageObject","inLanguage":"en-US","@id":"https:\/\/www.comprarmejor.es\/en\/product\/journey-to-the-alcarria-camilo-jose-cela-commemorative-facsimile-edition-and-exclusive-luxury-copy\/#primaryimage","url":"https:\/\/www.comprarmejor.es\/wp-content\/uploads\/2021\/10\/DSC02577.jpg","contentUrl":"https:\/\/www.comprarmejor.es\/wp-content\/uploads\/2021\/10\/DSC02577.jpg","width":600,"height":461},{"@type":"BreadcrumbList","@id":"https:\/\/www.comprarmejor.es\/en\/product\/journey-to-the-alcarria-camilo-jose-cela-commemorative-facsimile-edition-and-exclusive-luxury-copy\/#breadcrumb","itemListElement":[{"@type":"ListItem","position":1,"name":"Portada","item":"https:\/\/www.comprarmejor.es\/en\/"},{"@type":"ListItem","position":2,"name":"Shop","item":"https:\/\/www.comprarmejor.es\/en\/shop\/"},{"@type":"ListItem","position":3,"name":"Journey to the Alcarria, Camilo Jose Cela, commemorative facsimile edition and exclusive luxury copy"}]},{"@type":"WebSite","@id":"https:\/\/www.comprarmejor.es\/en\/#website","url":"https:\/\/www.comprarmejor.es\/en\/","name":"ComprarMejor","description":"ComprarMejor","publisher":{"@id":"https:\/\/www.comprarmejor.es\/en\/#organization"},"potentialAction":[{"@type":"SearchAction","target":{"@type":"EntryPoint","urlTemplate":"https:\/\/www.comprarmejor.es\/en\/?s={search_term_string}"},"query-input":{"@type":"PropertyValueSpecification","valueRequired":true,"valueName":"search_term_string"}}],"inLanguage":"en-US"},{"@type":"Organization","@id":"https:\/\/www.comprarmejor.es\/en\/#organization","name":"COMPRAR MEJOR","url":"https:\/\/www.comprarmejor.es\/en\/","logo":{"@type":"ImageObject","inLanguage":"en-US","@id":"https:\/\/www.comprarmejor.es\/en\/#\/schema\/logo\/image\/","url":"https:\/\/www.comprarmejor.es\/wp-content\/uploads\/2025\/09\/comprarmejortrinidad.jpg","contentUrl":"https:\/\/www.comprarmejor.es\/wp-content\/uploads\/2025\/09\/comprarmejortrinidad.jpg","width":1022,"height":1380,"caption":"COMPRAR MEJOR"},"image":{"@id":"https:\/\/www.comprarmejor.es\/en\/#\/schema\/logo\/image\/"},"sameAs":["https:\/\/www.instagram.com\/amigosdelcodice"]}]}},"_links":{"self":[{"href":"https:\/\/www.comprarmejor.es\/en\/wp-json\/wp\/v2\/product\/71025","targetHints":{"allow":["GET"]}}],"collection":[{"href":"https:\/\/www.comprarmejor.es\/en\/wp-json\/wp\/v2\/product"}],"about":[{"href":"https:\/\/www.comprarmejor.es\/en\/wp-json\/wp\/v2\/types\/product"}],"wp:featuredmedia":[{"embeddable":true,"href":"https:\/\/www.comprarmejor.es\/en\/wp-json\/wp\/v2\/media\/71028"}],"wp:attachment":[{"href":"https:\/\/www.comprarmejor.es\/en\/wp-json\/wp\/v2\/media?parent=71025"}],"wp:term":[{"taxonomy":"product_brand","embeddable":true,"href":"https:\/\/www.comprarmejor.es\/en\/wp-json\/wp\/v2\/product_brand?post=71025"},{"taxonomy":"product_cat","embeddable":true,"href":"https:\/\/www.comprarmejor.es\/en\/wp-json\/wp\/v2\/product_cat?post=71025"},{"taxonomy":"product_tag","embeddable":true,"href":"https:\/\/www.comprarmejor.es\/en\/wp-json\/wp\/v2\/product_tag?post=71025"}],"curies":[{"name":"wp","href":"https:\/\/api.w.org\/{rel}","templated":true}]}}