{"id":71346,"date":"2021-11-08T10:59:24","date_gmt":"2021-11-08T09:59:25","guid":{"rendered":"https:\/\/www.comprarmejor.es\/?post_type=product&#038;p=71346"},"modified":"2022-10-15T12:28:07","modified_gmt":"2022-10-15T10:28:07","slug":"tarot-major-arcana-plus-gift","status":"publish","type":"product","link":"https:\/\/www.comprarmejor.es\/en\/product\/tarot-major-arcana-plus-gift\/","title":{"rendered":"Tarot Major Arcana plus gift"},"content":{"rendered":"<p style=\"text-align: justify;\"><span class=\"VIiyi\" lang=\"en\"><span class=\"JLqJ4b\" data-language-for-alternatives=\"en\" data-language-to-translate-into=\"es\" data-phrase-index=\"0\" data-number-of-phrases=\"1\"><span class=\"Q4iAWc\"><strong>Tarot<\/strong> deck exclusively with the 22 <strong>Major Arcana<\/strong>, beautifully illustrated. In perfect condition, unused, no marks.<\/span><\/span><\/span><\/p>\n<p style=\"text-align: justify;\"><span class=\"VIiyi\" lang=\"en\"><span class=\"JLqJ4b\" data-language-for-alternatives=\"en\" data-language-to-translate-into=\"es\" data-phrase-index=\"0\" data-number-of-phrases=\"1\"><span class=\"Q4iAWc\">On thick white cardboard, illustrated in color, 7 x 13.5 cm format, completely white on the back.<\/span><\/span><\/span><\/p>\n<p style=\"text-align: justify;\"><span class=\"VIiyi\" lang=\"en\"><span class=\"JLqJ4b\" data-language-for-alternatives=\"en\" data-language-to-translate-into=\"es\" data-phrase-index=\"0\" data-number-of-phrases=\"1\"><span class=\"Q4iAWc\">They are delivered loose, without a cardboard box.<\/span><\/span><\/span><\/p>\n<p style=\"text-align: justify;\"><span class=\"HwtZe\" lang=\"en\"><span class=\"jCAhz ChMk0b\"><span class=\"ryNqvb\">3 cards of the golden Visconti-Sforza Tarot, from the year 2000 in the Orbis-Fabbri RBA Lo Scarabeo edition, are given away.<\/span><\/span> <span class=\"jCAhz ChMk0b\"><span class=\"ryNqvb\">In perfect state.<\/span><\/span> <span class=\"jCAhz ChMk0b\"><span class=\"ryNqvb\">Format 8 x 14.5 cm.<\/span><\/span> <span class=\"jCAhz ChMk0b\"><span class=\"ryNqvb\">They correspond to: 0 The Fool, I The Magician, II The Priestess.<\/span><\/span><\/span><\/p>\n<p style=\"text-align: justify;\"><span title=\"Gastos de env\u00edo por cuenta del comprador, seg\u00fan pedido y destino.\">Shipping costs for the account of the buyer, according to order and destination.\u00a0<\/span><span title=\"Cons\u00faltenos sin compromiso (indicando la referencia del art\u00edculo) cualquier duda, as\u00ed como por cualquier otro art\u00edculo que est\u00e9 buscando.\"><a class=\"btn btn-default\" href=\"https:\/\/www.comprarmejor.es\/en\/contact\">Ask us<\/a> <span class=\"VIiyi\" lang=\"en\"><span class=\"JLqJ4b\" data-language-for-alternatives=\"en\" data-language-to-translate-into=\"es\" data-phrase-index=\"0\" data-number-of-phrases=\"1\"><span class=\"Q4iAWc\">any questions you may have, indicating the article reference.<\/span><\/span><\/span><br \/>\n<\/span><\/p>\n","protected":false},"excerpt":{"rendered":"<p style=\"text-align: justify;\"><span id=\"result_box\" lang=\"en\" xml:lang=\"en\"><span title=\"-medall\u00f3n de plata, conocida coloquialmente como polvera.\"><span class=\"tlid-translation translation\"><span class=\"VIiyi\" lang=\"en\"><span class=\"JLqJ4b\" data-language-for-alternatives=\"en\" data-language-to-translate-into=\"es\" data-phrase-index=\"0\" data-number-of-phrases=\"1\"><span class=\"Q4iAWc\">Tarot deck exclusively with the 22 Major Arcana, beautifully illustrated. In perfect condition, unused, unmarked.<br \/>\n<\/span><\/span><\/span><\/span><\/span><\/span><\/p>\n","protected":false},"featured_media":78257,"template":"","meta":[],"product_brand":[],"product_cat":[2196,2258],"product_tag":[4552],"class_list":{"0":"post-71346","1":"product","2":"type-product","3":"status-publish","4":"has-post-thumbnail","6":"product_cat-collectables-en","7":"product_cat-various","8":"product_tag-tarot-en","9":"product_shipping_class-from-0-to-1-kg","10":"description-off","12":"first","13":"instock","14":"taxable","15":"shipping-taxable","16":"purchasable","17":"product-type-simple"},"yoast_head":"<!-- This site is optimized with the Yoast SEO plugin v27.3 - https:\/\/yoast.com\/product\/yoast-seo-wordpress\/ -->\n<title>Tarot Major Arcana plus gift<\/title>\n<meta name=\"description\" content=\"Tarot deck exclusively with the 22 Major Arcana, beautifully illustrated. In perfect condition, unused, unmarked, without box.\" \/>\n<meta name=\"robots\" content=\"index, follow, max-snippet:-1, max-image-preview:large, max-video-preview:-1\" \/>\n<link rel=\"canonical\" href=\"https:\/\/www.comprarmejor.es\/en\/product\/tarot-major-arcana-plus-gift\/\" \/>\n<meta property=\"og:locale\" content=\"en_US\" \/>\n<meta property=\"og:type\" content=\"article\" \/>\n<meta property=\"og:title\" content=\"Tarot Major Arcana plus gift\" \/>\n<meta property=\"og:description\" content=\"Tarot deck exclusively with the 22 Major Arcana, beautifully illustrated. In perfect condition, unused, unmarked, without box.\" \/>\n<meta property=\"og:url\" content=\"https:\/\/www.comprarmejor.es\/en\/product\/tarot-major-arcana-plus-gift\/\" \/>\n<meta property=\"og:site_name\" content=\"ComprarMejor\" \/>\n<meta property=\"article:modified_time\" content=\"2022-10-15T10:28:07+00:00\" \/>\n<meta property=\"og:image\" content=\"https:\/\/www.comprarmejor.es\/wp-content\/uploads\/2021\/11\/DSC04279.jpg\" \/>\n\t<meta property=\"og:image:width\" content=\"699\" \/>\n\t<meta property=\"og:image:height\" content=\"385\" \/>\n\t<meta property=\"og:image:type\" content=\"image\/jpeg\" \/>\n<meta name=\"twitter:card\" content=\"summary_large_image\" \/>\n<meta name=\"twitter:label1\" content=\"Est. reading time\" \/>\n\t<meta name=\"twitter:data1\" content=\"1 minute\" \/>\n<script type=\"application\/ld+json\" class=\"yoast-schema-graph\">{\"@context\":\"https:\\\/\\\/schema.org\",\"@graph\":[{\"@type\":\"WebPage\",\"@id\":\"https:\\\/\\\/www.comprarmejor.es\\\/en\\\/product\\\/tarot-major-arcana-plus-gift\\\/\",\"url\":\"https:\\\/\\\/www.comprarmejor.es\\\/en\\\/product\\\/tarot-major-arcana-plus-gift\\\/\",\"name\":\"Tarot Major Arcana plus gift\",\"isPartOf\":{\"@id\":\"https:\\\/\\\/www.comprarmejor.es\\\/en\\\/#website\"},\"primaryImageOfPage\":{\"@id\":\"https:\\\/\\\/www.comprarmejor.es\\\/en\\\/product\\\/tarot-major-arcana-plus-gift\\\/#primaryimage\"},\"image\":{\"@id\":\"https:\\\/\\\/www.comprarmejor.es\\\/en\\\/product\\\/tarot-major-arcana-plus-gift\\\/#primaryimage\"},\"thumbnailUrl\":\"https:\\\/\\\/www.comprarmejor.es\\\/wp-content\\\/uploads\\\/2021\\\/11\\\/DSC04279.jpg\",\"datePublished\":\"2021-11-08T09:59:25+00:00\",\"dateModified\":\"2022-10-15T10:28:07+00:00\",\"description\":\"Tarot deck exclusively with the 22 Major Arcana, beautifully illustrated. In perfect condition, unused, unmarked, without box.\",\"breadcrumb\":{\"@id\":\"https:\\\/\\\/www.comprarmejor.es\\\/en\\\/product\\\/tarot-major-arcana-plus-gift\\\/#breadcrumb\"},\"inLanguage\":\"en-US\",\"potentialAction\":[{\"@type\":\"ReadAction\",\"target\":[\"https:\\\/\\\/www.comprarmejor.es\\\/en\\\/product\\\/tarot-major-arcana-plus-gift\\\/\"]}]},{\"@type\":\"ImageObject\",\"inLanguage\":\"en-US\",\"@id\":\"https:\\\/\\\/www.comprarmejor.es\\\/en\\\/product\\\/tarot-major-arcana-plus-gift\\\/#primaryimage\",\"url\":\"https:\\\/\\\/www.comprarmejor.es\\\/wp-content\\\/uploads\\\/2021\\\/11\\\/DSC04279.jpg\",\"contentUrl\":\"https:\\\/\\\/www.comprarmejor.es\\\/wp-content\\\/uploads\\\/2021\\\/11\\\/DSC04279.jpg\",\"width\":699,\"height\":385},{\"@type\":\"BreadcrumbList\",\"@id\":\"https:\\\/\\\/www.comprarmejor.es\\\/en\\\/product\\\/tarot-major-arcana-plus-gift\\\/#breadcrumb\",\"itemListElement\":[{\"@type\":\"ListItem\",\"position\":1,\"name\":\"Portada\",\"item\":\"https:\\\/\\\/www.comprarmejor.es\\\/en\\\/\"},{\"@type\":\"ListItem\",\"position\":2,\"name\":\"Shop\",\"item\":\"https:\\\/\\\/www.comprarmejor.es\\\/en\\\/shop\\\/\"},{\"@type\":\"ListItem\",\"position\":3,\"name\":\"Tarot Major Arcana plus gift\"}]},{\"@type\":\"WebSite\",\"@id\":\"https:\\\/\\\/www.comprarmejor.es\\\/en\\\/#website\",\"url\":\"https:\\\/\\\/www.comprarmejor.es\\\/en\\\/\",\"name\":\"ComprarMejor\",\"description\":\"ComprarMejor\",\"publisher\":{\"@id\":\"https:\\\/\\\/www.comprarmejor.es\\\/en\\\/#organization\"},\"potentialAction\":[{\"@type\":\"SearchAction\",\"target\":{\"@type\":\"EntryPoint\",\"urlTemplate\":\"https:\\\/\\\/www.comprarmejor.es\\\/en\\\/?s={search_term_string}\"},\"query-input\":{\"@type\":\"PropertyValueSpecification\",\"valueRequired\":true,\"valueName\":\"search_term_string\"}}],\"inLanguage\":\"en-US\"},{\"@type\":\"Organization\",\"@id\":\"https:\\\/\\\/www.comprarmejor.es\\\/en\\\/#organization\",\"name\":\"COMPRAR MEJOR\",\"url\":\"https:\\\/\\\/www.comprarmejor.es\\\/en\\\/\",\"logo\":{\"@type\":\"ImageObject\",\"inLanguage\":\"en-US\",\"@id\":\"https:\\\/\\\/www.comprarmejor.es\\\/en\\\/#\\\/schema\\\/logo\\\/image\\\/\",\"url\":\"https:\\\/\\\/www.comprarmejor.es\\\/wp-content\\\/uploads\\\/2025\\\/09\\\/comprarmejortrinidad.jpg\",\"contentUrl\":\"https:\\\/\\\/www.comprarmejor.es\\\/wp-content\\\/uploads\\\/2025\\\/09\\\/comprarmejortrinidad.jpg\",\"width\":1022,\"height\":1380,\"caption\":\"COMPRAR MEJOR\"},\"image\":{\"@id\":\"https:\\\/\\\/www.comprarmejor.es\\\/en\\\/#\\\/schema\\\/logo\\\/image\\\/\"},\"sameAs\":[\"https:\\\/\\\/www.instagram.com\\\/amigosdelcodice\"]}]}<\/script>\n<!-- \/ Yoast SEO plugin. -->","yoast_head_json":{"title":"Tarot Major Arcana plus gift","description":"Tarot deck exclusively with the 22 Major Arcana, beautifully illustrated. In perfect condition, unused, unmarked, without box.","robots":{"index":"index","follow":"follow","max-snippet":"max-snippet:-1","max-image-preview":"max-image-preview:large","max-video-preview":"max-video-preview:-1"},"canonical":"https:\/\/www.comprarmejor.es\/en\/product\/tarot-major-arcana-plus-gift\/","og_locale":"en_US","og_type":"article","og_title":"Tarot Major Arcana plus gift","og_description":"Tarot deck exclusively with the 22 Major Arcana, beautifully illustrated. In perfect condition, unused, unmarked, without box.","og_url":"https:\/\/www.comprarmejor.es\/en\/product\/tarot-major-arcana-plus-gift\/","og_site_name":"ComprarMejor","article_modified_time":"2022-10-15T10:28:07+00:00","og_image":[{"width":699,"height":385,"url":"https:\/\/www.comprarmejor.es\/wp-content\/uploads\/2021\/11\/DSC04279.jpg","type":"image\/jpeg"}],"twitter_card":"summary_large_image","twitter_misc":{"Est. reading time":"1 minute"},"schema":{"@context":"https:\/\/schema.org","@graph":[{"@type":"WebPage","@id":"https:\/\/www.comprarmejor.es\/en\/product\/tarot-major-arcana-plus-gift\/","url":"https:\/\/www.comprarmejor.es\/en\/product\/tarot-major-arcana-plus-gift\/","name":"Tarot Major Arcana plus gift","isPartOf":{"@id":"https:\/\/www.comprarmejor.es\/en\/#website"},"primaryImageOfPage":{"@id":"https:\/\/www.comprarmejor.es\/en\/product\/tarot-major-arcana-plus-gift\/#primaryimage"},"image":{"@id":"https:\/\/www.comprarmejor.es\/en\/product\/tarot-major-arcana-plus-gift\/#primaryimage"},"thumbnailUrl":"https:\/\/www.comprarmejor.es\/wp-content\/uploads\/2021\/11\/DSC04279.jpg","datePublished":"2021-11-08T09:59:25+00:00","dateModified":"2022-10-15T10:28:07+00:00","description":"Tarot deck exclusively with the 22 Major Arcana, beautifully illustrated. In perfect condition, unused, unmarked, without box.","breadcrumb":{"@id":"https:\/\/www.comprarmejor.es\/en\/product\/tarot-major-arcana-plus-gift\/#breadcrumb"},"inLanguage":"en-US","potentialAction":[{"@type":"ReadAction","target":["https:\/\/www.comprarmejor.es\/en\/product\/tarot-major-arcana-plus-gift\/"]}]},{"@type":"ImageObject","inLanguage":"en-US","@id":"https:\/\/www.comprarmejor.es\/en\/product\/tarot-major-arcana-plus-gift\/#primaryimage","url":"https:\/\/www.comprarmejor.es\/wp-content\/uploads\/2021\/11\/DSC04279.jpg","contentUrl":"https:\/\/www.comprarmejor.es\/wp-content\/uploads\/2021\/11\/DSC04279.jpg","width":699,"height":385},{"@type":"BreadcrumbList","@id":"https:\/\/www.comprarmejor.es\/en\/product\/tarot-major-arcana-plus-gift\/#breadcrumb","itemListElement":[{"@type":"ListItem","position":1,"name":"Portada","item":"https:\/\/www.comprarmejor.es\/en\/"},{"@type":"ListItem","position":2,"name":"Shop","item":"https:\/\/www.comprarmejor.es\/en\/shop\/"},{"@type":"ListItem","position":3,"name":"Tarot Major Arcana plus gift"}]},{"@type":"WebSite","@id":"https:\/\/www.comprarmejor.es\/en\/#website","url":"https:\/\/www.comprarmejor.es\/en\/","name":"ComprarMejor","description":"ComprarMejor","publisher":{"@id":"https:\/\/www.comprarmejor.es\/en\/#organization"},"potentialAction":[{"@type":"SearchAction","target":{"@type":"EntryPoint","urlTemplate":"https:\/\/www.comprarmejor.es\/en\/?s={search_term_string}"},"query-input":{"@type":"PropertyValueSpecification","valueRequired":true,"valueName":"search_term_string"}}],"inLanguage":"en-US"},{"@type":"Organization","@id":"https:\/\/www.comprarmejor.es\/en\/#organization","name":"COMPRAR MEJOR","url":"https:\/\/www.comprarmejor.es\/en\/","logo":{"@type":"ImageObject","inLanguage":"en-US","@id":"https:\/\/www.comprarmejor.es\/en\/#\/schema\/logo\/image\/","url":"https:\/\/www.comprarmejor.es\/wp-content\/uploads\/2025\/09\/comprarmejortrinidad.jpg","contentUrl":"https:\/\/www.comprarmejor.es\/wp-content\/uploads\/2025\/09\/comprarmejortrinidad.jpg","width":1022,"height":1380,"caption":"COMPRAR MEJOR"},"image":{"@id":"https:\/\/www.comprarmejor.es\/en\/#\/schema\/logo\/image\/"},"sameAs":["https:\/\/www.instagram.com\/amigosdelcodice"]}]}},"_links":{"self":[{"href":"https:\/\/www.comprarmejor.es\/en\/wp-json\/wp\/v2\/product\/71346","targetHints":{"allow":["GET"]}}],"collection":[{"href":"https:\/\/www.comprarmejor.es\/en\/wp-json\/wp\/v2\/product"}],"about":[{"href":"https:\/\/www.comprarmejor.es\/en\/wp-json\/wp\/v2\/types\/product"}],"wp:featuredmedia":[{"embeddable":true,"href":"https:\/\/www.comprarmejor.es\/en\/wp-json\/wp\/v2\/media\/78257"}],"wp:attachment":[{"href":"https:\/\/www.comprarmejor.es\/en\/wp-json\/wp\/v2\/media?parent=71346"}],"wp:term":[{"taxonomy":"product_brand","embeddable":true,"href":"https:\/\/www.comprarmejor.es\/en\/wp-json\/wp\/v2\/product_brand?post=71346"},{"taxonomy":"product_cat","embeddable":true,"href":"https:\/\/www.comprarmejor.es\/en\/wp-json\/wp\/v2\/product_cat?post=71346"},{"taxonomy":"product_tag","embeddable":true,"href":"https:\/\/www.comprarmejor.es\/en\/wp-json\/wp\/v2\/product_tag?post=71346"}],"curies":[{"name":"wp","href":"https:\/\/api.w.org\/{rel}","templated":true}]}}