{"id":71459,"date":"2021-11-12T09:50:57","date_gmt":"2021-11-12T08:50:57","guid":{"rendered":"https:\/\/www.comprarmejor.es\/?post_type=product&#038;p=71459"},"modified":"2026-04-30T13:28:23","modified_gmt":"2026-04-30T11:28:23","slug":"the-atlantic-codex-by-leonardo-da-vinci-complete-work","status":"publish","type":"product","link":"https:\/\/www.comprarmejor.es\/en\/product\/the-atlantic-codex-by-leonardo-da-vinci-complete-work\/","title":{"rendered":"The Atlantic Codex by Leonardo da Vinci, complete work"},"content":{"rendered":"<p><span class=\"HwtZe\" lang=\"en\"><span class=\"jCAhz ChMk0b\"><span class=\"ryNqvb\">ARTICLE FOR INFORMATIONAL PURPOSES ONLY<\/span><\/span><\/span><\/p>\n<p style=\"text-align: justify;\">Complete edition of the Atlantic Codex by Leonardo da Vinci in 20 volumes, published by Folio in 2007, texts in Spanish. New specimen, brand new, distributed in 2 packaging boxes.<\/p>\n<p style=\"text-align: justify;\">Leonardo&#8217;s paintings and drawings continue to enchant the world 500 years after his death. Many of his technical capacities and creative power will be reflected in the greatest of his collections of drawings and studies: The Atlantic Codex, which since 1637 has been kept in the Ambrosian Library in Milan, whose magnitude is attested by nothing less than 1,119 pages that comprise it, and that allows us to appreciate the breadth of fields that arouse his interest and perceive his energetic vision, the modernity of his ideas and the greatness of his timeless genius.<\/p>\n<p style=\"text-align: justify;\">The secrets of the genius uncovered. The Atlantic Codex brings together many of the concerns that assailed Leonardo throughout his intense life. Humanist, painter, geometer, mathematician, urban planner, astronomer &#8230;, this icon of the history of mankind wrote and drew thousands of ideas, sketches, projects, sketches, designs, etc. in notebooks, which are now collected in a work only. From great mechanical inventions to complex mathematical operations, through astronomical, optical and anatomical observations, notes on three-dimensional geometry and flying machines, all the ideas of the genius who, in the midst of the Renaissance, was several centuries ahead of his time.<\/p>\n<p style=\"text-align: justify;\">An exclusive gem in his library, a symphony of ideas and images. All the spirit, genius and imagination of Leonardo da Vinci in the greatest of his works.<\/p>\n<p style=\"text-align: justify;\">The Atlantic Codex is presented in 20 volumes of 23.5 x 30 cm format, with an average content per volume of 280 pages and 200 illustrations. Bound in hardcover brown cloth paper, with golden titles on the spine and front plan, each volume with a different image of one of his drawings in the previous plan.<\/p>\n<p style=\"text-align: justify;\">With this complete work we are giving away 3 additional works, two with the same format and a smaller one:<br \/>\nLeonardo da Vinci. The flight, by Domenico Laurenza. Illustrated in full color, it presents Leonardo&#8217;s great obsession: flying. 120 pages. Edited in 2007, ISBN 9788441324558.<br \/>\nLeonardo da Vinci. The machines, by Carlo Pedretti. In full color, written by the greatest Leonardo specialist, it introduces us to the magic and imagination of the genius. 96 pages. Edited in 2007, ISBN 9788441324541.<br \/>\nLeonardo da Vinci: genius of the Renaissance, by Luis Racionero. A documented biography to meet the genius. Bound in a black hard cover, title in silver on the spine, format 15.5 x 22.2 cm. 176 pages. First edition, 2006. ISBN 9788441322523.<\/p>\n<p style=\"text-align: justify;\"><span title=\"Gastos de env\u00edo por cuenta del comprador seg\u00fan pedido y destino.\"><span class=\"VIiyi\" lang=\"en\"><span class=\"JLqJ4b\" data-language-for-alternatives=\"en\" data-language-to-translate-into=\"es\" data-phrase-index=\"0\">Retail Price: 1.540 \u20ac.<\/span><\/span> <\/span><span title=\"Cons\u00faltenos cualquier duda, as\u00ed como por cualquier otro facs\u00edmile o art\u00edculo que est\u00e9 buscando.\"><a class=\"btn btn-default\" href=\"https:\/\/www.comprarmejor.es\/en\/contact\/\">Ask us<\/a> <span class=\"VIiyi\" lang=\"en\"><span class=\"JLqJ4b\" data-language-for-alternatives=\"en\" data-language-to-translate-into=\"es\" data-phrase-index=\"0\">without obligation (indicating the reference of the article) any questions.<\/span><\/span><br \/>\n<\/span><\/p>\n","protected":false},"excerpt":{"rendered":"<p style=\"text-align: justify;\"><span id=\"result_box\" lang=\"en\" xml:lang=\"en\"><span title=\"El Prontuario de Sacramentos y Otras Bendiciones con Puntos Doctrinales, es un bello c\u00f3dice, exponente de la religiosidad de su tiempo y que us\u00f3, hacia 1488, D. Pedro D\u00edaz de Toledo y Ovalle, primer obispo de M\u00e1laga despu\u00e9s de la reconquista de la ciudad\"><span class=\"VIiyi\" lang=\"en\"><span class=\"JLqJ4b\" data-language-for-alternatives=\"en\" data-language-to-translate-into=\"es\" data-phrase-index=\"0\">Complete edition of the Atlantic Codex by Leonardo da Vinci in 20 volumes, published by Folio in 2007, texts in Spanish.<br \/>\n<\/span><\/span><\/span><\/span><\/p>\n","protected":false},"featured_media":72153,"template":"","meta":[],"product_brand":[],"product_cat":[2256],"product_tag":[5797,4412,5119],"class_list":{"0":"post-71459","1":"product","2":"type-product","3":"status-publish","4":"has-post-thumbnail","6":"product_cat-books-in-general","7":"product_tag-atlantico-en","8":"product_tag-leonardo-en-2","9":"product_tag-siloe-en","10":"description-off","12":"first","13":"instock","14":"taxable","15":"shipping-taxable","16":"purchasable","17":"product-type-simple"},"yoast_head":"<!-- This site is optimized with the Yoast SEO plugin v27.3 - https:\/\/yoast.com\/product\/yoast-seo-wordpress\/ -->\n<title>The Atlantic Codex by Leonardo da Vinci, complete work<\/title>\n<meta name=\"description\" content=\"Complete edition of the Atlantic Codex by Leonardo da Vinci in 20 volumes, published by Folio between 2007 and 2008, texts in Spanish.\" \/>\n<meta name=\"robots\" content=\"index, follow, max-snippet:-1, max-image-preview:large, max-video-preview:-1\" \/>\n<link rel=\"canonical\" href=\"https:\/\/www.comprarmejor.es\/en\/product\/the-atlantic-codex-by-leonardo-da-vinci-complete-work\/\" \/>\n<meta property=\"og:locale\" content=\"en_US\" \/>\n<meta property=\"og:type\" content=\"article\" \/>\n<meta property=\"og:title\" content=\"The Atlantic Codex by Leonardo da Vinci, complete work\" \/>\n<meta property=\"og:description\" content=\"Complete edition of the Atlantic Codex by Leonardo da Vinci in 20 volumes, published by Folio between 2007 and 2008, texts in Spanish.\" \/>\n<meta property=\"og:url\" content=\"https:\/\/www.comprarmejor.es\/en\/product\/the-atlantic-codex-by-leonardo-da-vinci-complete-work\/\" \/>\n<meta property=\"og:site_name\" content=\"ComprarMejor\" \/>\n<meta property=\"article:modified_time\" content=\"2026-04-30T11:28:23+00:00\" \/>\n<meta property=\"og:image\" content=\"https:\/\/www.comprarmejor.es\/wp-content\/uploads\/2021\/11\/DSC02870.jpg\" \/>\n\t<meta property=\"og:image:width\" content=\"599\" \/>\n\t<meta property=\"og:image:height\" content=\"449\" \/>\n\t<meta property=\"og:image:type\" content=\"image\/jpeg\" \/>\n<meta name=\"twitter:card\" content=\"summary_large_image\" \/>\n<meta name=\"twitter:label1\" content=\"Est. reading time\" \/>\n\t<meta name=\"twitter:data1\" content=\"3 minutes\" \/>\n<script type=\"application\/ld+json\" class=\"yoast-schema-graph\">{\"@context\":\"https:\\\/\\\/schema.org\",\"@graph\":[{\"@type\":\"WebPage\",\"@id\":\"https:\\\/\\\/www.comprarmejor.es\\\/en\\\/product\\\/the-atlantic-codex-by-leonardo-da-vinci-complete-work\\\/\",\"url\":\"https:\\\/\\\/www.comprarmejor.es\\\/en\\\/product\\\/the-atlantic-codex-by-leonardo-da-vinci-complete-work\\\/\",\"name\":\"The Atlantic Codex by Leonardo da Vinci, complete work\",\"isPartOf\":{\"@id\":\"https:\\\/\\\/www.comprarmejor.es\\\/en\\\/#website\"},\"primaryImageOfPage\":{\"@id\":\"https:\\\/\\\/www.comprarmejor.es\\\/en\\\/product\\\/the-atlantic-codex-by-leonardo-da-vinci-complete-work\\\/#primaryimage\"},\"image\":{\"@id\":\"https:\\\/\\\/www.comprarmejor.es\\\/en\\\/product\\\/the-atlantic-codex-by-leonardo-da-vinci-complete-work\\\/#primaryimage\"},\"thumbnailUrl\":\"https:\\\/\\\/www.comprarmejor.es\\\/wp-content\\\/uploads\\\/2021\\\/11\\\/DSC02870.jpg\",\"datePublished\":\"2021-11-12T08:50:57+00:00\",\"dateModified\":\"2026-04-30T11:28:23+00:00\",\"description\":\"Complete edition of the Atlantic Codex by Leonardo da Vinci in 20 volumes, published by Folio between 2007 and 2008, texts in Spanish.\",\"breadcrumb\":{\"@id\":\"https:\\\/\\\/www.comprarmejor.es\\\/en\\\/product\\\/the-atlantic-codex-by-leonardo-da-vinci-complete-work\\\/#breadcrumb\"},\"inLanguage\":\"en-US\",\"potentialAction\":[{\"@type\":\"ReadAction\",\"target\":[\"https:\\\/\\\/www.comprarmejor.es\\\/en\\\/product\\\/the-atlantic-codex-by-leonardo-da-vinci-complete-work\\\/\"]}]},{\"@type\":\"ImageObject\",\"inLanguage\":\"en-US\",\"@id\":\"https:\\\/\\\/www.comprarmejor.es\\\/en\\\/product\\\/the-atlantic-codex-by-leonardo-da-vinci-complete-work\\\/#primaryimage\",\"url\":\"https:\\\/\\\/www.comprarmejor.es\\\/wp-content\\\/uploads\\\/2021\\\/11\\\/DSC02870.jpg\",\"contentUrl\":\"https:\\\/\\\/www.comprarmejor.es\\\/wp-content\\\/uploads\\\/2021\\\/11\\\/DSC02870.jpg\",\"width\":599,\"height\":449},{\"@type\":\"BreadcrumbList\",\"@id\":\"https:\\\/\\\/www.comprarmejor.es\\\/en\\\/product\\\/the-atlantic-codex-by-leonardo-da-vinci-complete-work\\\/#breadcrumb\",\"itemListElement\":[{\"@type\":\"ListItem\",\"position\":1,\"name\":\"Portada\",\"item\":\"https:\\\/\\\/www.comprarmejor.es\\\/en\\\/\"},{\"@type\":\"ListItem\",\"position\":2,\"name\":\"Shop\",\"item\":\"https:\\\/\\\/www.comprarmejor.es\\\/en\\\/shop\\\/\"},{\"@type\":\"ListItem\",\"position\":3,\"name\":\"The Atlantic Codex by Leonardo da Vinci, complete work\"}]},{\"@type\":\"WebSite\",\"@id\":\"https:\\\/\\\/www.comprarmejor.es\\\/en\\\/#website\",\"url\":\"https:\\\/\\\/www.comprarmejor.es\\\/en\\\/\",\"name\":\"ComprarMejor\",\"description\":\"ComprarMejor\",\"publisher\":{\"@id\":\"https:\\\/\\\/www.comprarmejor.es\\\/en\\\/#organization\"},\"potentialAction\":[{\"@type\":\"SearchAction\",\"target\":{\"@type\":\"EntryPoint\",\"urlTemplate\":\"https:\\\/\\\/www.comprarmejor.es\\\/en\\\/?s={search_term_string}\"},\"query-input\":{\"@type\":\"PropertyValueSpecification\",\"valueRequired\":true,\"valueName\":\"search_term_string\"}}],\"inLanguage\":\"en-US\"},{\"@type\":\"Organization\",\"@id\":\"https:\\\/\\\/www.comprarmejor.es\\\/en\\\/#organization\",\"name\":\"COMPRAR MEJOR\",\"url\":\"https:\\\/\\\/www.comprarmejor.es\\\/en\\\/\",\"logo\":{\"@type\":\"ImageObject\",\"inLanguage\":\"en-US\",\"@id\":\"https:\\\/\\\/www.comprarmejor.es\\\/en\\\/#\\\/schema\\\/logo\\\/image\\\/\",\"url\":\"https:\\\/\\\/www.comprarmejor.es\\\/wp-content\\\/uploads\\\/2025\\\/09\\\/comprarmejortrinidad.jpg\",\"contentUrl\":\"https:\\\/\\\/www.comprarmejor.es\\\/wp-content\\\/uploads\\\/2025\\\/09\\\/comprarmejortrinidad.jpg\",\"width\":1022,\"height\":1380,\"caption\":\"COMPRAR MEJOR\"},\"image\":{\"@id\":\"https:\\\/\\\/www.comprarmejor.es\\\/en\\\/#\\\/schema\\\/logo\\\/image\\\/\"},\"sameAs\":[\"https:\\\/\\\/www.instagram.com\\\/amigosdelcodice\"]}]}<\/script>\n<!-- \/ Yoast SEO plugin. -->","yoast_head_json":{"title":"The Atlantic Codex by Leonardo da Vinci, complete work","description":"Complete edition of the Atlantic Codex by Leonardo da Vinci in 20 volumes, published by Folio between 2007 and 2008, texts in Spanish.","robots":{"index":"index","follow":"follow","max-snippet":"max-snippet:-1","max-image-preview":"max-image-preview:large","max-video-preview":"max-video-preview:-1"},"canonical":"https:\/\/www.comprarmejor.es\/en\/product\/the-atlantic-codex-by-leonardo-da-vinci-complete-work\/","og_locale":"en_US","og_type":"article","og_title":"The Atlantic Codex by Leonardo da Vinci, complete work","og_description":"Complete edition of the Atlantic Codex by Leonardo da Vinci in 20 volumes, published by Folio between 2007 and 2008, texts in Spanish.","og_url":"https:\/\/www.comprarmejor.es\/en\/product\/the-atlantic-codex-by-leonardo-da-vinci-complete-work\/","og_site_name":"ComprarMejor","article_modified_time":"2026-04-30T11:28:23+00:00","og_image":[{"width":599,"height":449,"url":"https:\/\/www.comprarmejor.es\/wp-content\/uploads\/2021\/11\/DSC02870.jpg","type":"image\/jpeg"}],"twitter_card":"summary_large_image","twitter_misc":{"Est. reading time":"3 minutes"},"schema":{"@context":"https:\/\/schema.org","@graph":[{"@type":"WebPage","@id":"https:\/\/www.comprarmejor.es\/en\/product\/the-atlantic-codex-by-leonardo-da-vinci-complete-work\/","url":"https:\/\/www.comprarmejor.es\/en\/product\/the-atlantic-codex-by-leonardo-da-vinci-complete-work\/","name":"The Atlantic Codex by Leonardo da Vinci, complete work","isPartOf":{"@id":"https:\/\/www.comprarmejor.es\/en\/#website"},"primaryImageOfPage":{"@id":"https:\/\/www.comprarmejor.es\/en\/product\/the-atlantic-codex-by-leonardo-da-vinci-complete-work\/#primaryimage"},"image":{"@id":"https:\/\/www.comprarmejor.es\/en\/product\/the-atlantic-codex-by-leonardo-da-vinci-complete-work\/#primaryimage"},"thumbnailUrl":"https:\/\/www.comprarmejor.es\/wp-content\/uploads\/2021\/11\/DSC02870.jpg","datePublished":"2021-11-12T08:50:57+00:00","dateModified":"2026-04-30T11:28:23+00:00","description":"Complete edition of the Atlantic Codex by Leonardo da Vinci in 20 volumes, published by Folio between 2007 and 2008, texts in Spanish.","breadcrumb":{"@id":"https:\/\/www.comprarmejor.es\/en\/product\/the-atlantic-codex-by-leonardo-da-vinci-complete-work\/#breadcrumb"},"inLanguage":"en-US","potentialAction":[{"@type":"ReadAction","target":["https:\/\/www.comprarmejor.es\/en\/product\/the-atlantic-codex-by-leonardo-da-vinci-complete-work\/"]}]},{"@type":"ImageObject","inLanguage":"en-US","@id":"https:\/\/www.comprarmejor.es\/en\/product\/the-atlantic-codex-by-leonardo-da-vinci-complete-work\/#primaryimage","url":"https:\/\/www.comprarmejor.es\/wp-content\/uploads\/2021\/11\/DSC02870.jpg","contentUrl":"https:\/\/www.comprarmejor.es\/wp-content\/uploads\/2021\/11\/DSC02870.jpg","width":599,"height":449},{"@type":"BreadcrumbList","@id":"https:\/\/www.comprarmejor.es\/en\/product\/the-atlantic-codex-by-leonardo-da-vinci-complete-work\/#breadcrumb","itemListElement":[{"@type":"ListItem","position":1,"name":"Portada","item":"https:\/\/www.comprarmejor.es\/en\/"},{"@type":"ListItem","position":2,"name":"Shop","item":"https:\/\/www.comprarmejor.es\/en\/shop\/"},{"@type":"ListItem","position":3,"name":"The Atlantic Codex by Leonardo da Vinci, complete work"}]},{"@type":"WebSite","@id":"https:\/\/www.comprarmejor.es\/en\/#website","url":"https:\/\/www.comprarmejor.es\/en\/","name":"ComprarMejor","description":"ComprarMejor","publisher":{"@id":"https:\/\/www.comprarmejor.es\/en\/#organization"},"potentialAction":[{"@type":"SearchAction","target":{"@type":"EntryPoint","urlTemplate":"https:\/\/www.comprarmejor.es\/en\/?s={search_term_string}"},"query-input":{"@type":"PropertyValueSpecification","valueRequired":true,"valueName":"search_term_string"}}],"inLanguage":"en-US"},{"@type":"Organization","@id":"https:\/\/www.comprarmejor.es\/en\/#organization","name":"COMPRAR MEJOR","url":"https:\/\/www.comprarmejor.es\/en\/","logo":{"@type":"ImageObject","inLanguage":"en-US","@id":"https:\/\/www.comprarmejor.es\/en\/#\/schema\/logo\/image\/","url":"https:\/\/www.comprarmejor.es\/wp-content\/uploads\/2025\/09\/comprarmejortrinidad.jpg","contentUrl":"https:\/\/www.comprarmejor.es\/wp-content\/uploads\/2025\/09\/comprarmejortrinidad.jpg","width":1022,"height":1380,"caption":"COMPRAR MEJOR"},"image":{"@id":"https:\/\/www.comprarmejor.es\/en\/#\/schema\/logo\/image\/"},"sameAs":["https:\/\/www.instagram.com\/amigosdelcodice"]}]}},"_links":{"self":[{"href":"https:\/\/www.comprarmejor.es\/en\/wp-json\/wp\/v2\/product\/71459","targetHints":{"allow":["GET"]}}],"collection":[{"href":"https:\/\/www.comprarmejor.es\/en\/wp-json\/wp\/v2\/product"}],"about":[{"href":"https:\/\/www.comprarmejor.es\/en\/wp-json\/wp\/v2\/types\/product"}],"wp:featuredmedia":[{"embeddable":true,"href":"https:\/\/www.comprarmejor.es\/en\/wp-json\/wp\/v2\/media\/72153"}],"wp:attachment":[{"href":"https:\/\/www.comprarmejor.es\/en\/wp-json\/wp\/v2\/media?parent=71459"}],"wp:term":[{"taxonomy":"product_brand","embeddable":true,"href":"https:\/\/www.comprarmejor.es\/en\/wp-json\/wp\/v2\/product_brand?post=71459"},{"taxonomy":"product_cat","embeddable":true,"href":"https:\/\/www.comprarmejor.es\/en\/wp-json\/wp\/v2\/product_cat?post=71459"},{"taxonomy":"product_tag","embeddable":true,"href":"https:\/\/www.comprarmejor.es\/en\/wp-json\/wp\/v2\/product_tag?post=71459"}],"curies":[{"name":"wp","href":"https:\/\/api.w.org\/{rel}","templated":true}]}}