{"id":71634,"date":"2021-11-18T17:56:56","date_gmt":"2021-11-18T16:56:56","guid":{"rendered":"https:\/\/www.comprarmejor.es\/?post_type=product&#038;p=71634"},"modified":"2025-10-13T15:50:19","modified_gmt":"2025-10-13T13:50:19","slug":"prodigious-stories-fmr-2000-the-signs-of-man-24","status":"publish","type":"product","link":"https:\/\/www.comprarmejor.es\/en\/product\/prodigious-stories-fmr-2000-the-signs-of-man-24\/","title":{"rendered":"Prodigious Stories. FMR 2000. The Signs of Man 24"},"content":{"rendered":"<p style=\"text-align: justify;\">Prodigious Stories, by Pierre Boaistuau, French manuscript I36 in the Wellcome Library, London. Part of the &#8220;Signs of Man&#8221; collection (number 24) by the Italian editor Franco Maria Ricci (FMR). First edition in Spanish, 2000. Translation of the bilingual, double-column manuscript in French and Spanish.<\/p>\n<p style=\"text-align: justify;\">Numbered and limited edition of 3,000 copies. Hardcover binding covered in black silk, with mounted color plate, titles, and decorations in gilt. 24 x 35.5 cm. 240 pages, special gray-tinted paper with 46 beautiful mounted color plates.<br \/>\nPresented in a black cloth-and-paper-covered box with a spine label, measuring 25.5 x 37.5 x 4 cm.<\/p>\n<p style=\"text-align: justify;\">In the 1970s, FMR began a collection of books called &#8220;The Signs of Man,&#8221; initially in Italian and later in editions translated into other languages, although not all titles in the collection. The editorial characteristics were the same in all of them: the same format, the same box, the same gray-tinted paper, illustrated with mounted color plates, and numbered and limited editions (although not the same number of copies for each title).<\/p>\n<p style=\"text-align: justify;\">Our copy is in perfect condition, complete, and revised.<\/p>\n<p style=\"text-align: justify;\">Shipping costs depend on the order and destination<span title=\"Gastos de env\u00edo por cuenta del comprador seg\u00fan pedido y destino.\"><span class=\"VIiyi\" lang=\"en\"><span class=\"JLqJ4b\" data-language-for-alternatives=\"en\" data-language-to-translate-into=\"es\" data-phrase-index=\"0\">.<\/span><\/span> <\/span><span title=\"Cons\u00faltenos cualquier duda, as\u00ed como por cualquier otro facs\u00edmile o art\u00edculo que est\u00e9 buscando.\"><a class=\"btn btn-default\" href=\"https:\/\/www.comprarmejor.es\/en\/contact\/\">Ask us<\/a> any questions, indicating the item reference.<br \/>\n<\/span><\/p>\n","protected":false},"excerpt":{"rendered":"<p style=\"text-align: justify;\"><span id=\"result_box\" lang=\"en\" xml:lang=\"en\"><span title=\"El Prontuario de Sacramentos y Otras Bendiciones con Puntos Doctrinales, es un bello c\u00f3dice, exponente de la religiosidad de su tiempo y que us\u00f3, hacia 1488, D. Pedro D\u00edaz de Toledo y Ovalle, primer obispo de M\u00e1laga despu\u00e9s de la reconquista de la ciudad\"><span class=\"VIiyi\" lang=\"en\"><span class=\"JLqJ4b\" data-language-for-alternatives=\"en\" data-language-to-translate-into=\"es\" data-phrase-index=\"0\">Prodigious Stories, by Pierre Boaistuau, French manuscript I36 in the Wellcome Library, London. Part of the &#8220;Signs of Man&#8221; collection (number 24) by the Italian editor FMR<\/span><\/span><\/span><\/span><\/p>\n","protected":false},"featured_media":104291,"template":"","meta":[],"product_brand":[],"product_cat":[2210,2256,2242],"product_tag":[5822,4193,5060],"class_list":{"0":"post-71634","1":"product","2":"type-product","3":"status-publish","4":"has-post-thumbnail","6":"product_cat-bibliophilia","7":"product_cat-books-in-general","8":"product_cat-first-editions","9":"product_tag-bibliofilia-en","10":"product_tag-fmr-en-2","11":"product_tag-franco-en-2","12":"product_shipping_class-from-2-to-5-kg","13":"description-off","15":"first","16":"instock","17":"taxable","18":"shipping-taxable","19":"purchasable","20":"product-type-simple"},"yoast_head":"<!-- This site is optimized with the Yoast SEO plugin v27.3 - https:\/\/yoast.com\/product\/yoast-seo-wordpress\/ -->\n<title>Prodigious Stories. FMR 2000. The Signs of Man 24<\/title>\n<meta name=\"description\" content=\"Prodigious Stories, by Pierre Boaistuau, French manuscript I36 in the Wellcome Library, London. Part of the &quot;Signs of Man&quot; collection (number 24) by the\" \/>\n<meta name=\"robots\" content=\"index, follow, max-snippet:-1, max-image-preview:large, max-video-preview:-1\" \/>\n<link rel=\"canonical\" href=\"https:\/\/www.comprarmejor.es\/en\/product\/prodigious-stories-fmr-2000-the-signs-of-man-24\/\" \/>\n<meta property=\"og:locale\" content=\"en_US\" \/>\n<meta property=\"og:type\" content=\"article\" \/>\n<meta property=\"og:title\" content=\"Prodigious Stories. FMR 2000. The Signs of Man 24\" \/>\n<meta property=\"og:description\" content=\"Prodigious Stories, by Pierre Boaistuau, French manuscript I36 in the Wellcome Library, London. Part of the &quot;Signs of Man&quot; collection (number 24) by the\" \/>\n<meta property=\"og:url\" content=\"https:\/\/www.comprarmejor.es\/en\/product\/prodigious-stories-fmr-2000-the-signs-of-man-24\/\" \/>\n<meta property=\"og:site_name\" content=\"ComprarMejor\" \/>\n<meta property=\"article:modified_time\" content=\"2025-10-13T13:50:19+00:00\" \/>\n<meta property=\"og:image\" content=\"https:\/\/www.comprarmejor.es\/wp-content\/uploads\/2021\/11\/LSH24-1.jpg\" \/>\n\t<meta property=\"og:image:width\" content=\"756\" \/>\n\t<meta property=\"og:image:height\" content=\"567\" \/>\n\t<meta property=\"og:image:type\" content=\"image\/jpeg\" \/>\n<meta name=\"twitter:card\" content=\"summary_large_image\" \/>\n<meta name=\"twitter:label1\" content=\"Est. reading time\" \/>\n\t<meta name=\"twitter:data1\" content=\"2 minutes\" \/>\n<script type=\"application\/ld+json\" class=\"yoast-schema-graph\">{\"@context\":\"https:\\\/\\\/schema.org\",\"@graph\":[{\"@type\":\"WebPage\",\"@id\":\"https:\\\/\\\/www.comprarmejor.es\\\/en\\\/product\\\/prodigious-stories-fmr-2000-the-signs-of-man-24\\\/\",\"url\":\"https:\\\/\\\/www.comprarmejor.es\\\/en\\\/product\\\/prodigious-stories-fmr-2000-the-signs-of-man-24\\\/\",\"name\":\"Prodigious Stories. FMR 2000. The Signs of Man 24\",\"isPartOf\":{\"@id\":\"https:\\\/\\\/www.comprarmejor.es\\\/en\\\/#website\"},\"primaryImageOfPage\":{\"@id\":\"https:\\\/\\\/www.comprarmejor.es\\\/en\\\/product\\\/prodigious-stories-fmr-2000-the-signs-of-man-24\\\/#primaryimage\"},\"image\":{\"@id\":\"https:\\\/\\\/www.comprarmejor.es\\\/en\\\/product\\\/prodigious-stories-fmr-2000-the-signs-of-man-24\\\/#primaryimage\"},\"thumbnailUrl\":\"https:\\\/\\\/www.comprarmejor.es\\\/wp-content\\\/uploads\\\/2021\\\/11\\\/LSH24-1.jpg\",\"datePublished\":\"2021-11-18T16:56:56+00:00\",\"dateModified\":\"2025-10-13T13:50:19+00:00\",\"description\":\"Prodigious Stories, by Pierre Boaistuau, French manuscript I36 in the Wellcome Library, London. Part of the \\\"Signs of Man\\\" collection (number 24) by the\",\"breadcrumb\":{\"@id\":\"https:\\\/\\\/www.comprarmejor.es\\\/en\\\/product\\\/prodigious-stories-fmr-2000-the-signs-of-man-24\\\/#breadcrumb\"},\"inLanguage\":\"en-US\",\"potentialAction\":[{\"@type\":\"ReadAction\",\"target\":[\"https:\\\/\\\/www.comprarmejor.es\\\/en\\\/product\\\/prodigious-stories-fmr-2000-the-signs-of-man-24\\\/\"]}]},{\"@type\":\"ImageObject\",\"inLanguage\":\"en-US\",\"@id\":\"https:\\\/\\\/www.comprarmejor.es\\\/en\\\/product\\\/prodigious-stories-fmr-2000-the-signs-of-man-24\\\/#primaryimage\",\"url\":\"https:\\\/\\\/www.comprarmejor.es\\\/wp-content\\\/uploads\\\/2021\\\/11\\\/LSH24-1.jpg\",\"contentUrl\":\"https:\\\/\\\/www.comprarmejor.es\\\/wp-content\\\/uploads\\\/2021\\\/11\\\/LSH24-1.jpg\",\"width\":756,\"height\":567},{\"@type\":\"BreadcrumbList\",\"@id\":\"https:\\\/\\\/www.comprarmejor.es\\\/en\\\/product\\\/prodigious-stories-fmr-2000-the-signs-of-man-24\\\/#breadcrumb\",\"itemListElement\":[{\"@type\":\"ListItem\",\"position\":1,\"name\":\"Portada\",\"item\":\"https:\\\/\\\/www.comprarmejor.es\\\/en\\\/\"},{\"@type\":\"ListItem\",\"position\":2,\"name\":\"Shop\",\"item\":\"https:\\\/\\\/www.comprarmejor.es\\\/en\\\/shop\\\/\"},{\"@type\":\"ListItem\",\"position\":3,\"name\":\"Prodigious Stories. FMR 2000. The Signs of Man 24\"}]},{\"@type\":\"WebSite\",\"@id\":\"https:\\\/\\\/www.comprarmejor.es\\\/en\\\/#website\",\"url\":\"https:\\\/\\\/www.comprarmejor.es\\\/en\\\/\",\"name\":\"ComprarMejor\",\"description\":\"ComprarMejor\",\"publisher\":{\"@id\":\"https:\\\/\\\/www.comprarmejor.es\\\/en\\\/#organization\"},\"potentialAction\":[{\"@type\":\"SearchAction\",\"target\":{\"@type\":\"EntryPoint\",\"urlTemplate\":\"https:\\\/\\\/www.comprarmejor.es\\\/en\\\/?s={search_term_string}\"},\"query-input\":{\"@type\":\"PropertyValueSpecification\",\"valueRequired\":true,\"valueName\":\"search_term_string\"}}],\"inLanguage\":\"en-US\"},{\"@type\":\"Organization\",\"@id\":\"https:\\\/\\\/www.comprarmejor.es\\\/en\\\/#organization\",\"name\":\"COMPRAR MEJOR\",\"url\":\"https:\\\/\\\/www.comprarmejor.es\\\/en\\\/\",\"logo\":{\"@type\":\"ImageObject\",\"inLanguage\":\"en-US\",\"@id\":\"https:\\\/\\\/www.comprarmejor.es\\\/en\\\/#\\\/schema\\\/logo\\\/image\\\/\",\"url\":\"https:\\\/\\\/www.comprarmejor.es\\\/wp-content\\\/uploads\\\/2025\\\/09\\\/comprarmejortrinidad.jpg\",\"contentUrl\":\"https:\\\/\\\/www.comprarmejor.es\\\/wp-content\\\/uploads\\\/2025\\\/09\\\/comprarmejortrinidad.jpg\",\"width\":1022,\"height\":1380,\"caption\":\"COMPRAR MEJOR\"},\"image\":{\"@id\":\"https:\\\/\\\/www.comprarmejor.es\\\/en\\\/#\\\/schema\\\/logo\\\/image\\\/\"},\"sameAs\":[\"https:\\\/\\\/www.instagram.com\\\/amigosdelcodice\"]}]}<\/script>\n<!-- \/ Yoast SEO plugin. -->","yoast_head_json":{"title":"Prodigious Stories. FMR 2000. The Signs of Man 24","description":"Prodigious Stories, by Pierre Boaistuau, French manuscript I36 in the Wellcome Library, London. Part of the \"Signs of Man\" collection (number 24) by the","robots":{"index":"index","follow":"follow","max-snippet":"max-snippet:-1","max-image-preview":"max-image-preview:large","max-video-preview":"max-video-preview:-1"},"canonical":"https:\/\/www.comprarmejor.es\/en\/product\/prodigious-stories-fmr-2000-the-signs-of-man-24\/","og_locale":"en_US","og_type":"article","og_title":"Prodigious Stories. FMR 2000. The Signs of Man 24","og_description":"Prodigious Stories, by Pierre Boaistuau, French manuscript I36 in the Wellcome Library, London. Part of the \"Signs of Man\" collection (number 24) by the","og_url":"https:\/\/www.comprarmejor.es\/en\/product\/prodigious-stories-fmr-2000-the-signs-of-man-24\/","og_site_name":"ComprarMejor","article_modified_time":"2025-10-13T13:50:19+00:00","og_image":[{"width":756,"height":567,"url":"https:\/\/www.comprarmejor.es\/wp-content\/uploads\/2021\/11\/LSH24-1.jpg","type":"image\/jpeg"}],"twitter_card":"summary_large_image","twitter_misc":{"Est. reading time":"2 minutes"},"schema":{"@context":"https:\/\/schema.org","@graph":[{"@type":"WebPage","@id":"https:\/\/www.comprarmejor.es\/en\/product\/prodigious-stories-fmr-2000-the-signs-of-man-24\/","url":"https:\/\/www.comprarmejor.es\/en\/product\/prodigious-stories-fmr-2000-the-signs-of-man-24\/","name":"Prodigious Stories. FMR 2000. The Signs of Man 24","isPartOf":{"@id":"https:\/\/www.comprarmejor.es\/en\/#website"},"primaryImageOfPage":{"@id":"https:\/\/www.comprarmejor.es\/en\/product\/prodigious-stories-fmr-2000-the-signs-of-man-24\/#primaryimage"},"image":{"@id":"https:\/\/www.comprarmejor.es\/en\/product\/prodigious-stories-fmr-2000-the-signs-of-man-24\/#primaryimage"},"thumbnailUrl":"https:\/\/www.comprarmejor.es\/wp-content\/uploads\/2021\/11\/LSH24-1.jpg","datePublished":"2021-11-18T16:56:56+00:00","dateModified":"2025-10-13T13:50:19+00:00","description":"Prodigious Stories, by Pierre Boaistuau, French manuscript I36 in the Wellcome Library, London. Part of the \"Signs of Man\" collection (number 24) by the","breadcrumb":{"@id":"https:\/\/www.comprarmejor.es\/en\/product\/prodigious-stories-fmr-2000-the-signs-of-man-24\/#breadcrumb"},"inLanguage":"en-US","potentialAction":[{"@type":"ReadAction","target":["https:\/\/www.comprarmejor.es\/en\/product\/prodigious-stories-fmr-2000-the-signs-of-man-24\/"]}]},{"@type":"ImageObject","inLanguage":"en-US","@id":"https:\/\/www.comprarmejor.es\/en\/product\/prodigious-stories-fmr-2000-the-signs-of-man-24\/#primaryimage","url":"https:\/\/www.comprarmejor.es\/wp-content\/uploads\/2021\/11\/LSH24-1.jpg","contentUrl":"https:\/\/www.comprarmejor.es\/wp-content\/uploads\/2021\/11\/LSH24-1.jpg","width":756,"height":567},{"@type":"BreadcrumbList","@id":"https:\/\/www.comprarmejor.es\/en\/product\/prodigious-stories-fmr-2000-the-signs-of-man-24\/#breadcrumb","itemListElement":[{"@type":"ListItem","position":1,"name":"Portada","item":"https:\/\/www.comprarmejor.es\/en\/"},{"@type":"ListItem","position":2,"name":"Shop","item":"https:\/\/www.comprarmejor.es\/en\/shop\/"},{"@type":"ListItem","position":3,"name":"Prodigious Stories. FMR 2000. The Signs of Man 24"}]},{"@type":"WebSite","@id":"https:\/\/www.comprarmejor.es\/en\/#website","url":"https:\/\/www.comprarmejor.es\/en\/","name":"ComprarMejor","description":"ComprarMejor","publisher":{"@id":"https:\/\/www.comprarmejor.es\/en\/#organization"},"potentialAction":[{"@type":"SearchAction","target":{"@type":"EntryPoint","urlTemplate":"https:\/\/www.comprarmejor.es\/en\/?s={search_term_string}"},"query-input":{"@type":"PropertyValueSpecification","valueRequired":true,"valueName":"search_term_string"}}],"inLanguage":"en-US"},{"@type":"Organization","@id":"https:\/\/www.comprarmejor.es\/en\/#organization","name":"COMPRAR MEJOR","url":"https:\/\/www.comprarmejor.es\/en\/","logo":{"@type":"ImageObject","inLanguage":"en-US","@id":"https:\/\/www.comprarmejor.es\/en\/#\/schema\/logo\/image\/","url":"https:\/\/www.comprarmejor.es\/wp-content\/uploads\/2025\/09\/comprarmejortrinidad.jpg","contentUrl":"https:\/\/www.comprarmejor.es\/wp-content\/uploads\/2025\/09\/comprarmejortrinidad.jpg","width":1022,"height":1380,"caption":"COMPRAR MEJOR"},"image":{"@id":"https:\/\/www.comprarmejor.es\/en\/#\/schema\/logo\/image\/"},"sameAs":["https:\/\/www.instagram.com\/amigosdelcodice"]}]}},"_links":{"self":[{"href":"https:\/\/www.comprarmejor.es\/en\/wp-json\/wp\/v2\/product\/71634","targetHints":{"allow":["GET"]}}],"collection":[{"href":"https:\/\/www.comprarmejor.es\/en\/wp-json\/wp\/v2\/product"}],"about":[{"href":"https:\/\/www.comprarmejor.es\/en\/wp-json\/wp\/v2\/types\/product"}],"wp:featuredmedia":[{"embeddable":true,"href":"https:\/\/www.comprarmejor.es\/en\/wp-json\/wp\/v2\/media\/104291"}],"wp:attachment":[{"href":"https:\/\/www.comprarmejor.es\/en\/wp-json\/wp\/v2\/media?parent=71634"}],"wp:term":[{"taxonomy":"product_brand","embeddable":true,"href":"https:\/\/www.comprarmejor.es\/en\/wp-json\/wp\/v2\/product_brand?post=71634"},{"taxonomy":"product_cat","embeddable":true,"href":"https:\/\/www.comprarmejor.es\/en\/wp-json\/wp\/v2\/product_cat?post=71634"},{"taxonomy":"product_tag","embeddable":true,"href":"https:\/\/www.comprarmejor.es\/en\/wp-json\/wp\/v2\/product_tag?post=71634"}],"curies":[{"name":"wp","href":"https:\/\/api.w.org\/{rel}","templated":true}]}}