{"id":72065,"date":"2021-12-12T10:20:21","date_gmt":"2021-12-12T09:20:21","guid":{"rendered":"https:\/\/www.comprarmejor.es\/?post_type=product&#038;p=72065"},"modified":"2021-12-12T10:31:47","modified_gmt":"2021-12-12T09:31:47","slug":"christopher-columbus-1492-1992-v-centenary-monumental-work","status":"publish","type":"product","link":"https:\/\/www.comprarmejor.es\/en\/product\/christopher-columbus-1492-1992-v-centenary-monumental-work\/","title":{"rendered":"Christopher Columbus 1492-1992 V Centenary, monumental work"},"content":{"rendered":"<p style=\"text-align: justify;\"><strong>Christopher Columbus, his life, his travels, his discoveries<\/strong>. Monumental commemorative edition of the Fifth Centennial. By D. Jos\u00e9 Mar\u00eda Asensio, Director of the Royal Academy of Good Letters: corresponding to that of History. Illustrated with magnificent oleographs, a copy of famous Spanish artists. Enriched in all its pages with borders, headers and allegorical vignettes, and accompanied by an exquisite geographical chart that details in minute detail the travels and discoveries carried out by the Grand Admiral. With a Preface by Juan A. Ortega y Medina, Professor at the National Autonomous University of Mexico. 2 volumes, published in Mexico by Editorial del Valle de M\u00e9xico, 1991. Texts in Spanish.<\/p>\n<p style=\"text-align: justify;\">2 volumes bound in hard cover, editorial skin and profusely decorated in both planes. Formats 21.5 x 28.5 cm. Volume I with 936 pages plus 9 plates out of pagination. Volume II with 904 pages plus 11 sheets out of pagination.<\/p>\n<p style=\"text-align: justify;\">As its own editor qualifies it, this work is monumental and essential to get to know the character and the historical moment that changed the evolution of the History of the known world. A work that covers all the stages and all the facets of the life of the Grand Admiral, with historical rigor and far from the useless verbiage that since the black legend and until today (more if possible) prevails in certain circles of political, cultural and cultural illiteracy. Social.<\/p>\n<p style=\"text-align: justify;\">Complete work and in perfect condition.<\/p>\n<p style=\"text-align: justify;\"><span title=\"Gastos de env\u00edo por cuenta del comprador seg\u00fan pedido y destino.\"><span class=\"VIiyi\" lang=\"en\"><span class=\"JLqJ4b\" data-language-for-alternatives=\"en\" data-language-to-translate-into=\"es\" data-phrase-index=\"0\">Shipping costs paid by the buyer, according to order and destination.<\/span><\/span> <\/span><span title=\"Cons\u00faltenos cualquier duda, as\u00ed como por cualquier otro facs\u00edmile o art\u00edculo que est\u00e9 buscando.\"><a class=\"btn btn-default\" href=\"https:\/\/www.comprarmejor.es\/en\/contact\">Ask us<\/a> <span class=\"VIiyi\" lang=\"en\"><span class=\"JLqJ4b\" data-language-for-alternatives=\"en\" data-language-to-translate-into=\"es\" data-phrase-index=\"0\">without obligation (indicating the reference of the article) any questions.<\/span><\/span><br \/>\n<\/span><\/p>\n","protected":false},"excerpt":{"rendered":"<p style=\"text-align: justify;\"><span id=\"result_box\" lang=\"en\" xml:lang=\"en\"><span title=\"El Prontuario de Sacramentos y Otras Bendiciones con Puntos Doctrinales, es un bello c\u00f3dice, exponente de la religiosidad de su tiempo y que us\u00f3, hacia 1488, D. Pedro D\u00edaz de Toledo y Ovalle, primer obispo de M\u00e1laga despu\u00e9s de la reconquista de la ciudad\"><span class=\"VIiyi\" lang=\"en\"><span class=\"JLqJ4b\" data-language-for-alternatives=\"en\" data-language-to-translate-into=\"es\" data-phrase-index=\"0\">Christopher Columbus, his life, his travels, his discoveries. Monumental commemorative edition of the Fifth Centennial. By D. Jos\u00e9 Mar\u00eda Asensio,<\/span><\/span><\/span><\/span><\/p>\n","protected":false},"featured_media":72067,"template":"","meta":[],"product_brand":[],"product_cat":[2256],"product_tag":[5254],"class_list":{"0":"post-72065","1":"product","2":"type-product","3":"status-publish","4":"has-post-thumbnail","6":"product_cat-books-in-general","7":"product_tag-colon-en","8":"product_shipping_class-from-2-to-5-kg","9":"description-off","11":"first","12":"instock","13":"taxable","14":"shipping-taxable","15":"purchasable","16":"product-type-simple"},"yoast_head":"<!-- This site is optimized with the Yoast SEO plugin v27.3 - https:\/\/yoast.com\/product\/yoast-seo-wordpress\/ -->\n<title>Christopher Columbus 1492-1992 V Centenary, monumental work<\/title>\n<meta name=\"description\" content=\"Christopher Columbus, his life, his travels, his discoveries. Monumental commemorative edition of the Fifth Centennial. By Jos\u00e9 Mar\u00eda Asensio\" \/>\n<meta name=\"robots\" content=\"index, follow, max-snippet:-1, max-image-preview:large, max-video-preview:-1\" \/>\n<link rel=\"canonical\" href=\"https:\/\/www.comprarmejor.es\/en\/product\/christopher-columbus-1492-1992-v-centenary-monumental-work\/\" \/>\n<meta property=\"og:locale\" content=\"en_US\" \/>\n<meta property=\"og:type\" content=\"article\" \/>\n<meta property=\"og:title\" content=\"Christopher Columbus 1492-1992 V Centenary, monumental work\" \/>\n<meta property=\"og:description\" content=\"Christopher Columbus, his life, his travels, his discoveries. Monumental commemorative edition of the Fifth Centennial. By Jos\u00e9 Mar\u00eda Asensio\" \/>\n<meta property=\"og:url\" content=\"https:\/\/www.comprarmejor.es\/en\/product\/christopher-columbus-1492-1992-v-centenary-monumental-work\/\" \/>\n<meta property=\"og:site_name\" content=\"ComprarMejor\" \/>\n<meta property=\"article:modified_time\" content=\"2021-12-12T09:31:47+00:00\" \/>\n<meta property=\"og:image\" content=\"https:\/\/www.comprarmejor.es\/wp-content\/uploads\/2021\/12\/DSC02904.jpg\" \/>\n\t<meta property=\"og:image:width\" content=\"600\" \/>\n\t<meta property=\"og:image:height\" content=\"455\" \/>\n\t<meta property=\"og:image:type\" content=\"image\/jpeg\" \/>\n<meta name=\"twitter:card\" content=\"summary_large_image\" \/>\n<meta name=\"twitter:label1\" content=\"Est. reading time\" \/>\n\t<meta name=\"twitter:data1\" content=\"1 minute\" \/>\n<script type=\"application\/ld+json\" class=\"yoast-schema-graph\">{\"@context\":\"https:\\\/\\\/schema.org\",\"@graph\":[{\"@type\":\"WebPage\",\"@id\":\"https:\\\/\\\/www.comprarmejor.es\\\/en\\\/product\\\/christopher-columbus-1492-1992-v-centenary-monumental-work\\\/\",\"url\":\"https:\\\/\\\/www.comprarmejor.es\\\/en\\\/product\\\/christopher-columbus-1492-1992-v-centenary-monumental-work\\\/\",\"name\":\"Christopher Columbus 1492-1992 V Centenary, monumental work\",\"isPartOf\":{\"@id\":\"https:\\\/\\\/www.comprarmejor.es\\\/en\\\/#website\"},\"primaryImageOfPage\":{\"@id\":\"https:\\\/\\\/www.comprarmejor.es\\\/en\\\/product\\\/christopher-columbus-1492-1992-v-centenary-monumental-work\\\/#primaryimage\"},\"image\":{\"@id\":\"https:\\\/\\\/www.comprarmejor.es\\\/en\\\/product\\\/christopher-columbus-1492-1992-v-centenary-monumental-work\\\/#primaryimage\"},\"thumbnailUrl\":\"https:\\\/\\\/www.comprarmejor.es\\\/wp-content\\\/uploads\\\/2021\\\/12\\\/DSC02904.jpg\",\"datePublished\":\"2021-12-12T09:20:21+00:00\",\"dateModified\":\"2021-12-12T09:31:47+00:00\",\"description\":\"Christopher Columbus, his life, his travels, his discoveries. Monumental commemorative edition of the Fifth Centennial. By Jos\u00e9 Mar\u00eda Asensio\",\"breadcrumb\":{\"@id\":\"https:\\\/\\\/www.comprarmejor.es\\\/en\\\/product\\\/christopher-columbus-1492-1992-v-centenary-monumental-work\\\/#breadcrumb\"},\"inLanguage\":\"en-US\",\"potentialAction\":[{\"@type\":\"ReadAction\",\"target\":[\"https:\\\/\\\/www.comprarmejor.es\\\/en\\\/product\\\/christopher-columbus-1492-1992-v-centenary-monumental-work\\\/\"]}]},{\"@type\":\"ImageObject\",\"inLanguage\":\"en-US\",\"@id\":\"https:\\\/\\\/www.comprarmejor.es\\\/en\\\/product\\\/christopher-columbus-1492-1992-v-centenary-monumental-work\\\/#primaryimage\",\"url\":\"https:\\\/\\\/www.comprarmejor.es\\\/wp-content\\\/uploads\\\/2021\\\/12\\\/DSC02904.jpg\",\"contentUrl\":\"https:\\\/\\\/www.comprarmejor.es\\\/wp-content\\\/uploads\\\/2021\\\/12\\\/DSC02904.jpg\",\"width\":600,\"height\":455},{\"@type\":\"BreadcrumbList\",\"@id\":\"https:\\\/\\\/www.comprarmejor.es\\\/en\\\/product\\\/christopher-columbus-1492-1992-v-centenary-monumental-work\\\/#breadcrumb\",\"itemListElement\":[{\"@type\":\"ListItem\",\"position\":1,\"name\":\"Portada\",\"item\":\"https:\\\/\\\/www.comprarmejor.es\\\/en\\\/\"},{\"@type\":\"ListItem\",\"position\":2,\"name\":\"Shop\",\"item\":\"https:\\\/\\\/www.comprarmejor.es\\\/en\\\/shop\\\/\"},{\"@type\":\"ListItem\",\"position\":3,\"name\":\"Christopher Columbus 1492-1992 V Centenary, monumental work\"}]},{\"@type\":\"WebSite\",\"@id\":\"https:\\\/\\\/www.comprarmejor.es\\\/en\\\/#website\",\"url\":\"https:\\\/\\\/www.comprarmejor.es\\\/en\\\/\",\"name\":\"ComprarMejor\",\"description\":\"ComprarMejor\",\"publisher\":{\"@id\":\"https:\\\/\\\/www.comprarmejor.es\\\/en\\\/#organization\"},\"potentialAction\":[{\"@type\":\"SearchAction\",\"target\":{\"@type\":\"EntryPoint\",\"urlTemplate\":\"https:\\\/\\\/www.comprarmejor.es\\\/en\\\/?s={search_term_string}\"},\"query-input\":{\"@type\":\"PropertyValueSpecification\",\"valueRequired\":true,\"valueName\":\"search_term_string\"}}],\"inLanguage\":\"en-US\"},{\"@type\":\"Organization\",\"@id\":\"https:\\\/\\\/www.comprarmejor.es\\\/en\\\/#organization\",\"name\":\"COMPRAR MEJOR\",\"url\":\"https:\\\/\\\/www.comprarmejor.es\\\/en\\\/\",\"logo\":{\"@type\":\"ImageObject\",\"inLanguage\":\"en-US\",\"@id\":\"https:\\\/\\\/www.comprarmejor.es\\\/en\\\/#\\\/schema\\\/logo\\\/image\\\/\",\"url\":\"https:\\\/\\\/www.comprarmejor.es\\\/wp-content\\\/uploads\\\/2025\\\/09\\\/comprarmejortrinidad.jpg\",\"contentUrl\":\"https:\\\/\\\/www.comprarmejor.es\\\/wp-content\\\/uploads\\\/2025\\\/09\\\/comprarmejortrinidad.jpg\",\"width\":1022,\"height\":1380,\"caption\":\"COMPRAR MEJOR\"},\"image\":{\"@id\":\"https:\\\/\\\/www.comprarmejor.es\\\/en\\\/#\\\/schema\\\/logo\\\/image\\\/\"},\"sameAs\":[\"https:\\\/\\\/www.instagram.com\\\/amigosdelcodice\"]}]}<\/script>\n<!-- \/ Yoast SEO plugin. -->","yoast_head_json":{"title":"Christopher Columbus 1492-1992 V Centenary, monumental work","description":"Christopher Columbus, his life, his travels, his discoveries. Monumental commemorative edition of the Fifth Centennial. By Jos\u00e9 Mar\u00eda Asensio","robots":{"index":"index","follow":"follow","max-snippet":"max-snippet:-1","max-image-preview":"max-image-preview:large","max-video-preview":"max-video-preview:-1"},"canonical":"https:\/\/www.comprarmejor.es\/en\/product\/christopher-columbus-1492-1992-v-centenary-monumental-work\/","og_locale":"en_US","og_type":"article","og_title":"Christopher Columbus 1492-1992 V Centenary, monumental work","og_description":"Christopher Columbus, his life, his travels, his discoveries. Monumental commemorative edition of the Fifth Centennial. By Jos\u00e9 Mar\u00eda Asensio","og_url":"https:\/\/www.comprarmejor.es\/en\/product\/christopher-columbus-1492-1992-v-centenary-monumental-work\/","og_site_name":"ComprarMejor","article_modified_time":"2021-12-12T09:31:47+00:00","og_image":[{"width":600,"height":455,"url":"https:\/\/www.comprarmejor.es\/wp-content\/uploads\/2021\/12\/DSC02904.jpg","type":"image\/jpeg"}],"twitter_card":"summary_large_image","twitter_misc":{"Est. reading time":"1 minute"},"schema":{"@context":"https:\/\/schema.org","@graph":[{"@type":"WebPage","@id":"https:\/\/www.comprarmejor.es\/en\/product\/christopher-columbus-1492-1992-v-centenary-monumental-work\/","url":"https:\/\/www.comprarmejor.es\/en\/product\/christopher-columbus-1492-1992-v-centenary-monumental-work\/","name":"Christopher Columbus 1492-1992 V Centenary, monumental work","isPartOf":{"@id":"https:\/\/www.comprarmejor.es\/en\/#website"},"primaryImageOfPage":{"@id":"https:\/\/www.comprarmejor.es\/en\/product\/christopher-columbus-1492-1992-v-centenary-monumental-work\/#primaryimage"},"image":{"@id":"https:\/\/www.comprarmejor.es\/en\/product\/christopher-columbus-1492-1992-v-centenary-monumental-work\/#primaryimage"},"thumbnailUrl":"https:\/\/www.comprarmejor.es\/wp-content\/uploads\/2021\/12\/DSC02904.jpg","datePublished":"2021-12-12T09:20:21+00:00","dateModified":"2021-12-12T09:31:47+00:00","description":"Christopher Columbus, his life, his travels, his discoveries. Monumental commemorative edition of the Fifth Centennial. By Jos\u00e9 Mar\u00eda Asensio","breadcrumb":{"@id":"https:\/\/www.comprarmejor.es\/en\/product\/christopher-columbus-1492-1992-v-centenary-monumental-work\/#breadcrumb"},"inLanguage":"en-US","potentialAction":[{"@type":"ReadAction","target":["https:\/\/www.comprarmejor.es\/en\/product\/christopher-columbus-1492-1992-v-centenary-monumental-work\/"]}]},{"@type":"ImageObject","inLanguage":"en-US","@id":"https:\/\/www.comprarmejor.es\/en\/product\/christopher-columbus-1492-1992-v-centenary-monumental-work\/#primaryimage","url":"https:\/\/www.comprarmejor.es\/wp-content\/uploads\/2021\/12\/DSC02904.jpg","contentUrl":"https:\/\/www.comprarmejor.es\/wp-content\/uploads\/2021\/12\/DSC02904.jpg","width":600,"height":455},{"@type":"BreadcrumbList","@id":"https:\/\/www.comprarmejor.es\/en\/product\/christopher-columbus-1492-1992-v-centenary-monumental-work\/#breadcrumb","itemListElement":[{"@type":"ListItem","position":1,"name":"Portada","item":"https:\/\/www.comprarmejor.es\/en\/"},{"@type":"ListItem","position":2,"name":"Shop","item":"https:\/\/www.comprarmejor.es\/en\/shop\/"},{"@type":"ListItem","position":3,"name":"Christopher Columbus 1492-1992 V Centenary, monumental work"}]},{"@type":"WebSite","@id":"https:\/\/www.comprarmejor.es\/en\/#website","url":"https:\/\/www.comprarmejor.es\/en\/","name":"ComprarMejor","description":"ComprarMejor","publisher":{"@id":"https:\/\/www.comprarmejor.es\/en\/#organization"},"potentialAction":[{"@type":"SearchAction","target":{"@type":"EntryPoint","urlTemplate":"https:\/\/www.comprarmejor.es\/en\/?s={search_term_string}"},"query-input":{"@type":"PropertyValueSpecification","valueRequired":true,"valueName":"search_term_string"}}],"inLanguage":"en-US"},{"@type":"Organization","@id":"https:\/\/www.comprarmejor.es\/en\/#organization","name":"COMPRAR MEJOR","url":"https:\/\/www.comprarmejor.es\/en\/","logo":{"@type":"ImageObject","inLanguage":"en-US","@id":"https:\/\/www.comprarmejor.es\/en\/#\/schema\/logo\/image\/","url":"https:\/\/www.comprarmejor.es\/wp-content\/uploads\/2025\/09\/comprarmejortrinidad.jpg","contentUrl":"https:\/\/www.comprarmejor.es\/wp-content\/uploads\/2025\/09\/comprarmejortrinidad.jpg","width":1022,"height":1380,"caption":"COMPRAR MEJOR"},"image":{"@id":"https:\/\/www.comprarmejor.es\/en\/#\/schema\/logo\/image\/"},"sameAs":["https:\/\/www.instagram.com\/amigosdelcodice"]}]}},"_links":{"self":[{"href":"https:\/\/www.comprarmejor.es\/en\/wp-json\/wp\/v2\/product\/72065","targetHints":{"allow":["GET"]}}],"collection":[{"href":"https:\/\/www.comprarmejor.es\/en\/wp-json\/wp\/v2\/product"}],"about":[{"href":"https:\/\/www.comprarmejor.es\/en\/wp-json\/wp\/v2\/types\/product"}],"wp:featuredmedia":[{"embeddable":true,"href":"https:\/\/www.comprarmejor.es\/en\/wp-json\/wp\/v2\/media\/72067"}],"wp:attachment":[{"href":"https:\/\/www.comprarmejor.es\/en\/wp-json\/wp\/v2\/media?parent=72065"}],"wp:term":[{"taxonomy":"product_brand","embeddable":true,"href":"https:\/\/www.comprarmejor.es\/en\/wp-json\/wp\/v2\/product_brand?post=72065"},{"taxonomy":"product_cat","embeddable":true,"href":"https:\/\/www.comprarmejor.es\/en\/wp-json\/wp\/v2\/product_cat?post=72065"},{"taxonomy":"product_tag","embeddable":true,"href":"https:\/\/www.comprarmejor.es\/en\/wp-json\/wp\/v2\/product_tag?post=72065"}],"curies":[{"name":"wp","href":"https:\/\/api.w.org\/{rel}","templated":true}]}}