{"id":72506,"date":"2022-01-14T18:01:14","date_gmt":"2022-01-14T17:01:14","guid":{"rendered":"https:\/\/www.comprarmejor.es\/?post_type=product&#038;p=72506"},"modified":"2025-10-13T16:08:11","modified_gmt":"2025-10-13T14:08:11","slug":"hackert-views-of-the-kingdom-of-naples-fmr-2002-the-signs-of-man-25","status":"publish","type":"product","link":"https:\/\/www.comprarmejor.es\/en\/product\/hackert-views-of-the-kingdom-of-naples-fmr-2002-the-signs-of-man-25\/","title":{"rendered":"Hackert, Views of the Kingdom of Naples. FMR 2002. The Signs of Man 25"},"content":{"rendered":"<p style=\"text-align: justify;\">Hackert, Views of the Kingdom of Naples. Part of the collection &#8220;The Signs of Man&#8221; (number 25), with text by Cesare de Seta, by the Italian publisher Franco Maria Ricci (FMR). First edition in Spanish, 2002.<\/p>\n<p style=\"text-align: justify;\">Numbered and limited edition of 5,000 copies. Hardcover binding covered in black silk, with a mounted color plate, titles, and decorations in gold. 24 x 35.5 cm. 180 pages, special gray-tinted paper with 59 beautiful mounted color plates.<br \/>\nPresented in a box-case covered in black cloth and paper with a spine label, 25.5 x 37.5 x 4 cm.<\/p>\n<p style=\"text-align: justify;\">In the 1970s, FMR began a collection of books called &#8220;The Signs of Man,&#8221; initially in Italian and later in editions translated into other languages, although not all titles in the collection. The editorial characteristics were the same in all of them: the same format, the same slipcase, the same gray-tinted paper, illustrated with mounted color plates, and numbered and limited editions (although not the same number of copies for each title).<\/p>\n<p style=\"text-align: justify;\">Our copy is in perfect condition, complete, and revised.<\/p>\n<p style=\"text-align: justify;\">Shipping costs depend on the order and destination. <span title=\"Cons\u00faltenos cualquier duda, as\u00ed como por cualquier otro facs\u00edmile o art\u00edculo que est\u00e9 buscando.\"><a class=\"btn btn-default\" href=\"https:\/\/www.comprarmejor.es\/en\/contact\/\">Ask us<\/a>\u00a0<span class=\"HwtZe\" lang=\"en\"><span class=\"jCAhz ChMk0b\"><span class=\"ryNqvb\">any questions, indicating the item reference.<\/span><\/span><\/span><\/span><\/p>\n","protected":false},"excerpt":{"rendered":"<p style=\"text-align: justify;\"><span class=\"VIiyi\" lang=\"en\"><span class=\"JLqJ4b\" data-language-for-alternatives=\"en\" data-language-to-translate-into=\"es\" data-phrase-index=\"0\">Hackert, Views of the Kingdom of Naples. Part of the collection &#8220;The Signs of Man&#8221; (number 25), with text by Cesare de Seta, by the Italian publisher FMR. First edition in Spanish, 2002.<\/span><\/span><\/p>\n","protected":false},"featured_media":104310,"template":"","meta":[],"product_brand":[],"product_cat":[2210,2256,2242],"product_tag":[5791,4193,5060,5120],"class_list":{"0":"post-72506","1":"product","2":"type-product","3":"status-publish","4":"has-post-thumbnail","6":"product_cat-bibliophilia","7":"product_cat-books-in-general","8":"product_cat-first-editions","9":"product_tag-arte-en","10":"product_tag-fmr-en-2","11":"product_tag-franco-en-2","12":"product_tag-history-en","13":"product_shipping_class-from-2-to-5-kg","14":"description-off","16":"first","17":"instock","18":"taxable","19":"shipping-taxable","20":"purchasable","21":"product-type-simple"},"yoast_head":"<!-- This site is optimized with the Yoast SEO plugin v27.3 - https:\/\/yoast.com\/product\/yoast-seo-wordpress\/ -->\n<title>Hackert, Views of the Kingdom of Naples. FMR 2002. The Signs of<\/title>\n<meta name=\"description\" content=\"Hackert, Views of the Kingdom of Naples. Part of the collection &quot;The Signs of Man&quot; (number 25), with text by Cesare de Seta, by the Italian publisher FMR\" \/>\n<meta name=\"robots\" content=\"index, follow, max-snippet:-1, max-image-preview:large, max-video-preview:-1\" \/>\n<link rel=\"canonical\" href=\"https:\/\/www.comprarmejor.es\/en\/product\/hackert-views-of-the-kingdom-of-naples-fmr-2002-the-signs-of-man-25\/\" \/>\n<meta property=\"og:locale\" content=\"en_US\" \/>\n<meta property=\"og:type\" content=\"article\" \/>\n<meta property=\"og:title\" content=\"Hackert, Views of the Kingdom of Naples. FMR 2002. The Signs of\" \/>\n<meta property=\"og:description\" content=\"Hackert, Views of the Kingdom of Naples. Part of the collection &quot;The Signs of Man&quot; (number 25), with text by Cesare de Seta, by the Italian publisher FMR\" \/>\n<meta property=\"og:url\" content=\"https:\/\/www.comprarmejor.es\/en\/product\/hackert-views-of-the-kingdom-of-naples-fmr-2002-the-signs-of-man-25\/\" \/>\n<meta property=\"og:site_name\" content=\"ComprarMejor\" \/>\n<meta property=\"article:modified_time\" content=\"2025-10-13T14:08:11+00:00\" \/>\n<meta property=\"og:image\" content=\"https:\/\/www.comprarmejor.es\/wp-content\/uploads\/2022\/01\/LSH25-1.jpg\" \/>\n\t<meta property=\"og:image:width\" content=\"756\" \/>\n\t<meta property=\"og:image:height\" content=\"567\" \/>\n\t<meta property=\"og:image:type\" content=\"image\/jpeg\" \/>\n<meta name=\"twitter:card\" content=\"summary_large_image\" \/>\n<meta name=\"twitter:label1\" content=\"Est. reading time\" \/>\n\t<meta name=\"twitter:data1\" content=\"2 minutes\" \/>\n<script type=\"application\/ld+json\" class=\"yoast-schema-graph\">{\"@context\":\"https:\\\/\\\/schema.org\",\"@graph\":[{\"@type\":\"WebPage\",\"@id\":\"https:\\\/\\\/www.comprarmejor.es\\\/en\\\/product\\\/hackert-views-of-the-kingdom-of-naples-fmr-2002-the-signs-of-man-25\\\/\",\"url\":\"https:\\\/\\\/www.comprarmejor.es\\\/en\\\/product\\\/hackert-views-of-the-kingdom-of-naples-fmr-2002-the-signs-of-man-25\\\/\",\"name\":\"Hackert, Views of the Kingdom of Naples. FMR 2002. The Signs of\",\"isPartOf\":{\"@id\":\"https:\\\/\\\/www.comprarmejor.es\\\/en\\\/#website\"},\"primaryImageOfPage\":{\"@id\":\"https:\\\/\\\/www.comprarmejor.es\\\/en\\\/product\\\/hackert-views-of-the-kingdom-of-naples-fmr-2002-the-signs-of-man-25\\\/#primaryimage\"},\"image\":{\"@id\":\"https:\\\/\\\/www.comprarmejor.es\\\/en\\\/product\\\/hackert-views-of-the-kingdom-of-naples-fmr-2002-the-signs-of-man-25\\\/#primaryimage\"},\"thumbnailUrl\":\"https:\\\/\\\/www.comprarmejor.es\\\/wp-content\\\/uploads\\\/2022\\\/01\\\/LSH25-1.jpg\",\"datePublished\":\"2022-01-14T17:01:14+00:00\",\"dateModified\":\"2025-10-13T14:08:11+00:00\",\"description\":\"Hackert, Views of the Kingdom of Naples. Part of the collection \\\"The Signs of Man\\\" (number 25), with text by Cesare de Seta, by the Italian publisher FMR\",\"breadcrumb\":{\"@id\":\"https:\\\/\\\/www.comprarmejor.es\\\/en\\\/product\\\/hackert-views-of-the-kingdom-of-naples-fmr-2002-the-signs-of-man-25\\\/#breadcrumb\"},\"inLanguage\":\"en-US\",\"potentialAction\":[{\"@type\":\"ReadAction\",\"target\":[\"https:\\\/\\\/www.comprarmejor.es\\\/en\\\/product\\\/hackert-views-of-the-kingdom-of-naples-fmr-2002-the-signs-of-man-25\\\/\"]}]},{\"@type\":\"ImageObject\",\"inLanguage\":\"en-US\",\"@id\":\"https:\\\/\\\/www.comprarmejor.es\\\/en\\\/product\\\/hackert-views-of-the-kingdom-of-naples-fmr-2002-the-signs-of-man-25\\\/#primaryimage\",\"url\":\"https:\\\/\\\/www.comprarmejor.es\\\/wp-content\\\/uploads\\\/2022\\\/01\\\/LSH25-1.jpg\",\"contentUrl\":\"https:\\\/\\\/www.comprarmejor.es\\\/wp-content\\\/uploads\\\/2022\\\/01\\\/LSH25-1.jpg\",\"width\":756,\"height\":567},{\"@type\":\"BreadcrumbList\",\"@id\":\"https:\\\/\\\/www.comprarmejor.es\\\/en\\\/product\\\/hackert-views-of-the-kingdom-of-naples-fmr-2002-the-signs-of-man-25\\\/#breadcrumb\",\"itemListElement\":[{\"@type\":\"ListItem\",\"position\":1,\"name\":\"Portada\",\"item\":\"https:\\\/\\\/www.comprarmejor.es\\\/en\\\/\"},{\"@type\":\"ListItem\",\"position\":2,\"name\":\"Shop\",\"item\":\"https:\\\/\\\/www.comprarmejor.es\\\/en\\\/shop\\\/\"},{\"@type\":\"ListItem\",\"position\":3,\"name\":\"Hackert, Views of the Kingdom of Naples. FMR 2002. The Signs of Man 25\"}]},{\"@type\":\"WebSite\",\"@id\":\"https:\\\/\\\/www.comprarmejor.es\\\/en\\\/#website\",\"url\":\"https:\\\/\\\/www.comprarmejor.es\\\/en\\\/\",\"name\":\"ComprarMejor\",\"description\":\"ComprarMejor\",\"publisher\":{\"@id\":\"https:\\\/\\\/www.comprarmejor.es\\\/en\\\/#organization\"},\"potentialAction\":[{\"@type\":\"SearchAction\",\"target\":{\"@type\":\"EntryPoint\",\"urlTemplate\":\"https:\\\/\\\/www.comprarmejor.es\\\/en\\\/?s={search_term_string}\"},\"query-input\":{\"@type\":\"PropertyValueSpecification\",\"valueRequired\":true,\"valueName\":\"search_term_string\"}}],\"inLanguage\":\"en-US\"},{\"@type\":\"Organization\",\"@id\":\"https:\\\/\\\/www.comprarmejor.es\\\/en\\\/#organization\",\"name\":\"COMPRAR MEJOR\",\"url\":\"https:\\\/\\\/www.comprarmejor.es\\\/en\\\/\",\"logo\":{\"@type\":\"ImageObject\",\"inLanguage\":\"en-US\",\"@id\":\"https:\\\/\\\/www.comprarmejor.es\\\/en\\\/#\\\/schema\\\/logo\\\/image\\\/\",\"url\":\"https:\\\/\\\/www.comprarmejor.es\\\/wp-content\\\/uploads\\\/2025\\\/09\\\/comprarmejortrinidad.jpg\",\"contentUrl\":\"https:\\\/\\\/www.comprarmejor.es\\\/wp-content\\\/uploads\\\/2025\\\/09\\\/comprarmejortrinidad.jpg\",\"width\":1022,\"height\":1380,\"caption\":\"COMPRAR MEJOR\"},\"image\":{\"@id\":\"https:\\\/\\\/www.comprarmejor.es\\\/en\\\/#\\\/schema\\\/logo\\\/image\\\/\"},\"sameAs\":[\"https:\\\/\\\/www.instagram.com\\\/amigosdelcodice\"]}]}<\/script>\n<!-- \/ Yoast SEO plugin. -->","yoast_head_json":{"title":"Hackert, Views of the Kingdom of Naples. FMR 2002. The Signs of","description":"Hackert, Views of the Kingdom of Naples. Part of the collection \"The Signs of Man\" (number 25), with text by Cesare de Seta, by the Italian publisher FMR","robots":{"index":"index","follow":"follow","max-snippet":"max-snippet:-1","max-image-preview":"max-image-preview:large","max-video-preview":"max-video-preview:-1"},"canonical":"https:\/\/www.comprarmejor.es\/en\/product\/hackert-views-of-the-kingdom-of-naples-fmr-2002-the-signs-of-man-25\/","og_locale":"en_US","og_type":"article","og_title":"Hackert, Views of the Kingdom of Naples. FMR 2002. The Signs of","og_description":"Hackert, Views of the Kingdom of Naples. Part of the collection \"The Signs of Man\" (number 25), with text by Cesare de Seta, by the Italian publisher FMR","og_url":"https:\/\/www.comprarmejor.es\/en\/product\/hackert-views-of-the-kingdom-of-naples-fmr-2002-the-signs-of-man-25\/","og_site_name":"ComprarMejor","article_modified_time":"2025-10-13T14:08:11+00:00","og_image":[{"width":756,"height":567,"url":"https:\/\/www.comprarmejor.es\/wp-content\/uploads\/2022\/01\/LSH25-1.jpg","type":"image\/jpeg"}],"twitter_card":"summary_large_image","twitter_misc":{"Est. reading time":"2 minutes"},"schema":{"@context":"https:\/\/schema.org","@graph":[{"@type":"WebPage","@id":"https:\/\/www.comprarmejor.es\/en\/product\/hackert-views-of-the-kingdom-of-naples-fmr-2002-the-signs-of-man-25\/","url":"https:\/\/www.comprarmejor.es\/en\/product\/hackert-views-of-the-kingdom-of-naples-fmr-2002-the-signs-of-man-25\/","name":"Hackert, Views of the Kingdom of Naples. FMR 2002. The Signs of","isPartOf":{"@id":"https:\/\/www.comprarmejor.es\/en\/#website"},"primaryImageOfPage":{"@id":"https:\/\/www.comprarmejor.es\/en\/product\/hackert-views-of-the-kingdom-of-naples-fmr-2002-the-signs-of-man-25\/#primaryimage"},"image":{"@id":"https:\/\/www.comprarmejor.es\/en\/product\/hackert-views-of-the-kingdom-of-naples-fmr-2002-the-signs-of-man-25\/#primaryimage"},"thumbnailUrl":"https:\/\/www.comprarmejor.es\/wp-content\/uploads\/2022\/01\/LSH25-1.jpg","datePublished":"2022-01-14T17:01:14+00:00","dateModified":"2025-10-13T14:08:11+00:00","description":"Hackert, Views of the Kingdom of Naples. Part of the collection \"The Signs of Man\" (number 25), with text by Cesare de Seta, by the Italian publisher FMR","breadcrumb":{"@id":"https:\/\/www.comprarmejor.es\/en\/product\/hackert-views-of-the-kingdom-of-naples-fmr-2002-the-signs-of-man-25\/#breadcrumb"},"inLanguage":"en-US","potentialAction":[{"@type":"ReadAction","target":["https:\/\/www.comprarmejor.es\/en\/product\/hackert-views-of-the-kingdom-of-naples-fmr-2002-the-signs-of-man-25\/"]}]},{"@type":"ImageObject","inLanguage":"en-US","@id":"https:\/\/www.comprarmejor.es\/en\/product\/hackert-views-of-the-kingdom-of-naples-fmr-2002-the-signs-of-man-25\/#primaryimage","url":"https:\/\/www.comprarmejor.es\/wp-content\/uploads\/2022\/01\/LSH25-1.jpg","contentUrl":"https:\/\/www.comprarmejor.es\/wp-content\/uploads\/2022\/01\/LSH25-1.jpg","width":756,"height":567},{"@type":"BreadcrumbList","@id":"https:\/\/www.comprarmejor.es\/en\/product\/hackert-views-of-the-kingdom-of-naples-fmr-2002-the-signs-of-man-25\/#breadcrumb","itemListElement":[{"@type":"ListItem","position":1,"name":"Portada","item":"https:\/\/www.comprarmejor.es\/en\/"},{"@type":"ListItem","position":2,"name":"Shop","item":"https:\/\/www.comprarmejor.es\/en\/shop\/"},{"@type":"ListItem","position":3,"name":"Hackert, Views of the Kingdom of Naples. FMR 2002. The Signs of Man 25"}]},{"@type":"WebSite","@id":"https:\/\/www.comprarmejor.es\/en\/#website","url":"https:\/\/www.comprarmejor.es\/en\/","name":"ComprarMejor","description":"ComprarMejor","publisher":{"@id":"https:\/\/www.comprarmejor.es\/en\/#organization"},"potentialAction":[{"@type":"SearchAction","target":{"@type":"EntryPoint","urlTemplate":"https:\/\/www.comprarmejor.es\/en\/?s={search_term_string}"},"query-input":{"@type":"PropertyValueSpecification","valueRequired":true,"valueName":"search_term_string"}}],"inLanguage":"en-US"},{"@type":"Organization","@id":"https:\/\/www.comprarmejor.es\/en\/#organization","name":"COMPRAR MEJOR","url":"https:\/\/www.comprarmejor.es\/en\/","logo":{"@type":"ImageObject","inLanguage":"en-US","@id":"https:\/\/www.comprarmejor.es\/en\/#\/schema\/logo\/image\/","url":"https:\/\/www.comprarmejor.es\/wp-content\/uploads\/2025\/09\/comprarmejortrinidad.jpg","contentUrl":"https:\/\/www.comprarmejor.es\/wp-content\/uploads\/2025\/09\/comprarmejortrinidad.jpg","width":1022,"height":1380,"caption":"COMPRAR MEJOR"},"image":{"@id":"https:\/\/www.comprarmejor.es\/en\/#\/schema\/logo\/image\/"},"sameAs":["https:\/\/www.instagram.com\/amigosdelcodice"]}]}},"_links":{"self":[{"href":"https:\/\/www.comprarmejor.es\/en\/wp-json\/wp\/v2\/product\/72506","targetHints":{"allow":["GET"]}}],"collection":[{"href":"https:\/\/www.comprarmejor.es\/en\/wp-json\/wp\/v2\/product"}],"about":[{"href":"https:\/\/www.comprarmejor.es\/en\/wp-json\/wp\/v2\/types\/product"}],"wp:featuredmedia":[{"embeddable":true,"href":"https:\/\/www.comprarmejor.es\/en\/wp-json\/wp\/v2\/media\/104310"}],"wp:attachment":[{"href":"https:\/\/www.comprarmejor.es\/en\/wp-json\/wp\/v2\/media?parent=72506"}],"wp:term":[{"taxonomy":"product_brand","embeddable":true,"href":"https:\/\/www.comprarmejor.es\/en\/wp-json\/wp\/v2\/product_brand?post=72506"},{"taxonomy":"product_cat","embeddable":true,"href":"https:\/\/www.comprarmejor.es\/en\/wp-json\/wp\/v2\/product_cat?post=72506"},{"taxonomy":"product_tag","embeddable":true,"href":"https:\/\/www.comprarmejor.es\/en\/wp-json\/wp\/v2\/product_tag?post=72506"}],"curies":[{"name":"wp","href":"https:\/\/api.w.org\/{rel}","templated":true}]}}