{"id":72578,"date":"2022-01-18T22:12:16","date_gmt":"2022-01-18T21:12:16","guid":{"rendered":"https:\/\/www.comprarmejor.es\/?post_type=product&#038;p=72578"},"modified":"2022-05-07T18:18:22","modified_gmt":"2022-05-07T16:18:22","slug":"goyas-new-caprices-32-new-prints-1995-edition","status":"publish","type":"product","link":"https:\/\/www.comprarmejor.es\/en\/product\/goyas-new-caprices-32-new-prints-1995-edition\/","title":{"rendered":"Goya&#8217;s New Caprices, 32 new prints. 1995 edition"},"content":{"rendered":"<p style=\"text-align: justify;\">Los Nuevos Caprichos de Goya is a deluxe edition of 32 unpublished engravings, with an introduction by Jos\u00e9 A. Calvo and a historical study by Luis Monta\u00f1\u00e9s. Limited to 1,000 copies presented in a branch in a gold-stamped silk case-box with the title on the cover and spine, format 25 x 34 x 4 cm, and inside a box with 28 numbered pages of text plus 32 booklets with annotated drawings.<\/p>\n<p style=\"text-align: justify;\">\u201cLos Nuevos Caprichos\u201d, 32 new prints that were not printed during Goya&#8217;s lifetime and that the publisher Guillermo Bl\u00e1zquez published in 1980 (together with Heliodoro, Arte y Bibliofilia) and in 1995 with the Madrid City Council (it is printed on the which corresponds to our copy), both completely sold out and discontinued.<\/p>\n<p style=\"text-align: justify;\">A little known edition of Goya&#8217;s unpublished drawings reproduced from the edition made by Paul Lafond in Paris in 1907 entitled &#8220;Noveaux caprices de Goya&#8221;. With this copy you can have the entire collection of engravings that Goya made between the end of the 18th century and the beginning of the 19th century, grouped into his four series: La Tauromaquia, Los Desastres de la Guerra, Los Nonparates (or Proverbios) and Los Caprichos.<\/p>\n<p style=\"text-align: justify;\">These unpublished prints during Goya&#8217;s lifetime were made by the master during his time in Bordeaux, between 1824 and 1828, the year of his death.<\/p>\n<p style=\"text-align: justify;\">Complete copy in perfect condition, new, unused, and the only one available of this edition.<\/p>\n<p style=\"text-align: justify;\"><span title=\"Gastos de env\u00edo por cuenta del comprador, seg\u00fan pedido y destino.\"><span class=\"VIiyi\" lang=\"en\"><span class=\"JLqJ4b\" data-language-for-alternatives=\"en\" data-language-to-translate-into=\"es\" data-phrase-index=\"0\" data-number-of-phrases=\"1\">Shipping costs paid by the buyer, according to order and destination<\/span><\/span>. <\/span><span title=\"Cons\u00faltenos cualquier duda, as\u00ed como por cualquier otro facs\u00edmile o art\u00edculo que est\u00e9 buscando.\"><a class=\"btn btn-default\" href=\"https:\/\/www.comprarmejor.es\/en\/contact\">Ask us<\/a>\u00a0<span class=\"VIiyi\" lang=\"en\"><span class=\"JLqJ4b\" data-language-for-alternatives=\"en\" data-language-to-translate-into=\"es\" data-phrase-index=\"0\" data-number-of-phrases=\"1\"><span class=\"Q4iAWc\">any questions you may have, indicating the article reference.<\/span><\/span><\/span><\/span><\/p>\n","protected":false},"excerpt":{"rendered":"<p style=\"text-align: justify;\"><span class=\"VIiyi\" lang=\"en\"><span class=\"JLqJ4b\" data-language-for-alternatives=\"en\" data-language-to-translate-into=\"es\" data-phrase-index=\"0\"><span class=\"Q4iAWc\">Los Nuevos Caprichos de Goya is a deluxe edition of 32 unpublished engravings, with an introduction by Jose A. Calvo and a historical study by Luis Monta\u00f1es<\/span><\/span><\/span><\/p>\n","protected":false},"featured_media":75575,"template":"","meta":[],"product_brand":[],"product_cat":[2210,2266],"product_tag":[5791,5822,4618,4108],"class_list":{"0":"post-72578","1":"product","2":"type-product","3":"status-publish","4":"has-post-thumbnail","6":"product_cat-bibliophilia","7":"product_cat-engravings","8":"product_tag-arte-en","9":"product_tag-bibliofilia-en","10":"product_tag-caprichos-en","11":"product_tag-goya-en-2","12":"product_shipping_class-from-2-to-5-kg","13":"description-off","15":"first","16":"instock","17":"sale","18":"taxable","19":"shipping-taxable","20":"purchasable","21":"product-type-simple"},"yoast_head":"<!-- This site is optimized with the Yoast SEO plugin v27.3 - https:\/\/yoast.com\/product\/yoast-seo-wordpress\/ -->\n<title>Goya&#039;s New Caprices, 32 new prints. 1995 edition<\/title>\n<meta name=\"description\" content=\"Los Nuevos Caprichos de Goya is a deluxe edition of 32 unpublished engravings, with an introduction by Jose A. Calvo and study by L. Monta\u00f1\u00e9s\" \/>\n<meta name=\"robots\" content=\"index, follow, max-snippet:-1, max-image-preview:large, max-video-preview:-1\" \/>\n<link rel=\"canonical\" href=\"https:\/\/www.comprarmejor.es\/en\/product\/goyas-new-caprices-32-new-prints-1995-edition\/\" \/>\n<meta property=\"og:locale\" content=\"en_US\" \/>\n<meta property=\"og:type\" content=\"article\" \/>\n<meta property=\"og:title\" content=\"Goya&#039;s New Caprices, 32 new prints. 1995 edition\" \/>\n<meta property=\"og:description\" content=\"Los Nuevos Caprichos de Goya is a deluxe edition of 32 unpublished engravings, with an introduction by Jose A. Calvo and study by L. Monta\u00f1\u00e9s\" \/>\n<meta property=\"og:url\" content=\"https:\/\/www.comprarmejor.es\/en\/product\/goyas-new-caprices-32-new-prints-1995-edition\/\" \/>\n<meta property=\"og:site_name\" content=\"ComprarMejor\" \/>\n<meta property=\"article:modified_time\" content=\"2022-05-07T16:18:22+00:00\" \/>\n<meta property=\"og:image\" content=\"https:\/\/www.comprarmejor.es\/wp-content\/uploads\/2022\/01\/DSC03790.jpg\" \/>\n\t<meta property=\"og:image:width\" content=\"449\" \/>\n\t<meta property=\"og:image:height\" content=\"599\" \/>\n\t<meta property=\"og:image:type\" content=\"image\/jpeg\" \/>\n<meta name=\"twitter:card\" content=\"summary_large_image\" \/>\n<meta name=\"twitter:label1\" content=\"Est. reading time\" \/>\n\t<meta name=\"twitter:data1\" content=\"2 minutes\" \/>\n<script type=\"application\/ld+json\" class=\"yoast-schema-graph\">{\"@context\":\"https:\\\/\\\/schema.org\",\"@graph\":[{\"@type\":\"WebPage\",\"@id\":\"https:\\\/\\\/www.comprarmejor.es\\\/en\\\/product\\\/goyas-new-caprices-32-new-prints-1995-edition\\\/\",\"url\":\"https:\\\/\\\/www.comprarmejor.es\\\/en\\\/product\\\/goyas-new-caprices-32-new-prints-1995-edition\\\/\",\"name\":\"Goya's New Caprices, 32 new prints. 1995 edition\",\"isPartOf\":{\"@id\":\"https:\\\/\\\/www.comprarmejor.es\\\/en\\\/#website\"},\"primaryImageOfPage\":{\"@id\":\"https:\\\/\\\/www.comprarmejor.es\\\/en\\\/product\\\/goyas-new-caprices-32-new-prints-1995-edition\\\/#primaryimage\"},\"image\":{\"@id\":\"https:\\\/\\\/www.comprarmejor.es\\\/en\\\/product\\\/goyas-new-caprices-32-new-prints-1995-edition\\\/#primaryimage\"},\"thumbnailUrl\":\"https:\\\/\\\/www.comprarmejor.es\\\/wp-content\\\/uploads\\\/2022\\\/01\\\/DSC03790.jpg\",\"datePublished\":\"2022-01-18T21:12:16+00:00\",\"dateModified\":\"2022-05-07T16:18:22+00:00\",\"description\":\"Los Nuevos Caprichos de Goya is a deluxe edition of 32 unpublished engravings, with an introduction by Jose A. Calvo and study by L. Monta\u00f1\u00e9s\",\"breadcrumb\":{\"@id\":\"https:\\\/\\\/www.comprarmejor.es\\\/en\\\/product\\\/goyas-new-caprices-32-new-prints-1995-edition\\\/#breadcrumb\"},\"inLanguage\":\"en-US\",\"potentialAction\":[{\"@type\":\"ReadAction\",\"target\":[\"https:\\\/\\\/www.comprarmejor.es\\\/en\\\/product\\\/goyas-new-caprices-32-new-prints-1995-edition\\\/\"]}]},{\"@type\":\"ImageObject\",\"inLanguage\":\"en-US\",\"@id\":\"https:\\\/\\\/www.comprarmejor.es\\\/en\\\/product\\\/goyas-new-caprices-32-new-prints-1995-edition\\\/#primaryimage\",\"url\":\"https:\\\/\\\/www.comprarmejor.es\\\/wp-content\\\/uploads\\\/2022\\\/01\\\/DSC03790.jpg\",\"contentUrl\":\"https:\\\/\\\/www.comprarmejor.es\\\/wp-content\\\/uploads\\\/2022\\\/01\\\/DSC03790.jpg\",\"width\":449,\"height\":599},{\"@type\":\"BreadcrumbList\",\"@id\":\"https:\\\/\\\/www.comprarmejor.es\\\/en\\\/product\\\/goyas-new-caprices-32-new-prints-1995-edition\\\/#breadcrumb\",\"itemListElement\":[{\"@type\":\"ListItem\",\"position\":1,\"name\":\"Portada\",\"item\":\"https:\\\/\\\/www.comprarmejor.es\\\/en\\\/\"},{\"@type\":\"ListItem\",\"position\":2,\"name\":\"Shop\",\"item\":\"https:\\\/\\\/www.comprarmejor.es\\\/en\\\/shop\\\/\"},{\"@type\":\"ListItem\",\"position\":3,\"name\":\"Goya&#8217;s New Caprices, 32 new prints. 1995 edition\"}]},{\"@type\":\"WebSite\",\"@id\":\"https:\\\/\\\/www.comprarmejor.es\\\/en\\\/#website\",\"url\":\"https:\\\/\\\/www.comprarmejor.es\\\/en\\\/\",\"name\":\"ComprarMejor\",\"description\":\"ComprarMejor\",\"publisher\":{\"@id\":\"https:\\\/\\\/www.comprarmejor.es\\\/en\\\/#organization\"},\"potentialAction\":[{\"@type\":\"SearchAction\",\"target\":{\"@type\":\"EntryPoint\",\"urlTemplate\":\"https:\\\/\\\/www.comprarmejor.es\\\/en\\\/?s={search_term_string}\"},\"query-input\":{\"@type\":\"PropertyValueSpecification\",\"valueRequired\":true,\"valueName\":\"search_term_string\"}}],\"inLanguage\":\"en-US\"},{\"@type\":\"Organization\",\"@id\":\"https:\\\/\\\/www.comprarmejor.es\\\/en\\\/#organization\",\"name\":\"COMPRAR MEJOR\",\"url\":\"https:\\\/\\\/www.comprarmejor.es\\\/en\\\/\",\"logo\":{\"@type\":\"ImageObject\",\"inLanguage\":\"en-US\",\"@id\":\"https:\\\/\\\/www.comprarmejor.es\\\/en\\\/#\\\/schema\\\/logo\\\/image\\\/\",\"url\":\"https:\\\/\\\/www.comprarmejor.es\\\/wp-content\\\/uploads\\\/2025\\\/09\\\/comprarmejortrinidad.jpg\",\"contentUrl\":\"https:\\\/\\\/www.comprarmejor.es\\\/wp-content\\\/uploads\\\/2025\\\/09\\\/comprarmejortrinidad.jpg\",\"width\":1022,\"height\":1380,\"caption\":\"COMPRAR MEJOR\"},\"image\":{\"@id\":\"https:\\\/\\\/www.comprarmejor.es\\\/en\\\/#\\\/schema\\\/logo\\\/image\\\/\"},\"sameAs\":[\"https:\\\/\\\/www.instagram.com\\\/amigosdelcodice\"]}]}<\/script>\n<!-- \/ Yoast SEO plugin. -->","yoast_head_json":{"title":"Goya's New Caprices, 32 new prints. 1995 edition","description":"Los Nuevos Caprichos de Goya is a deluxe edition of 32 unpublished engravings, with an introduction by Jose A. Calvo and study by L. Monta\u00f1\u00e9s","robots":{"index":"index","follow":"follow","max-snippet":"max-snippet:-1","max-image-preview":"max-image-preview:large","max-video-preview":"max-video-preview:-1"},"canonical":"https:\/\/www.comprarmejor.es\/en\/product\/goyas-new-caprices-32-new-prints-1995-edition\/","og_locale":"en_US","og_type":"article","og_title":"Goya's New Caprices, 32 new prints. 1995 edition","og_description":"Los Nuevos Caprichos de Goya is a deluxe edition of 32 unpublished engravings, with an introduction by Jose A. Calvo and study by L. Monta\u00f1\u00e9s","og_url":"https:\/\/www.comprarmejor.es\/en\/product\/goyas-new-caprices-32-new-prints-1995-edition\/","og_site_name":"ComprarMejor","article_modified_time":"2022-05-07T16:18:22+00:00","og_image":[{"width":449,"height":599,"url":"https:\/\/www.comprarmejor.es\/wp-content\/uploads\/2022\/01\/DSC03790.jpg","type":"image\/jpeg"}],"twitter_card":"summary_large_image","twitter_misc":{"Est. reading time":"2 minutes"},"schema":{"@context":"https:\/\/schema.org","@graph":[{"@type":"WebPage","@id":"https:\/\/www.comprarmejor.es\/en\/product\/goyas-new-caprices-32-new-prints-1995-edition\/","url":"https:\/\/www.comprarmejor.es\/en\/product\/goyas-new-caprices-32-new-prints-1995-edition\/","name":"Goya's New Caprices, 32 new prints. 1995 edition","isPartOf":{"@id":"https:\/\/www.comprarmejor.es\/en\/#website"},"primaryImageOfPage":{"@id":"https:\/\/www.comprarmejor.es\/en\/product\/goyas-new-caprices-32-new-prints-1995-edition\/#primaryimage"},"image":{"@id":"https:\/\/www.comprarmejor.es\/en\/product\/goyas-new-caprices-32-new-prints-1995-edition\/#primaryimage"},"thumbnailUrl":"https:\/\/www.comprarmejor.es\/wp-content\/uploads\/2022\/01\/DSC03790.jpg","datePublished":"2022-01-18T21:12:16+00:00","dateModified":"2022-05-07T16:18:22+00:00","description":"Los Nuevos Caprichos de Goya is a deluxe edition of 32 unpublished engravings, with an introduction by Jose A. Calvo and study by L. Monta\u00f1\u00e9s","breadcrumb":{"@id":"https:\/\/www.comprarmejor.es\/en\/product\/goyas-new-caprices-32-new-prints-1995-edition\/#breadcrumb"},"inLanguage":"en-US","potentialAction":[{"@type":"ReadAction","target":["https:\/\/www.comprarmejor.es\/en\/product\/goyas-new-caprices-32-new-prints-1995-edition\/"]}]},{"@type":"ImageObject","inLanguage":"en-US","@id":"https:\/\/www.comprarmejor.es\/en\/product\/goyas-new-caprices-32-new-prints-1995-edition\/#primaryimage","url":"https:\/\/www.comprarmejor.es\/wp-content\/uploads\/2022\/01\/DSC03790.jpg","contentUrl":"https:\/\/www.comprarmejor.es\/wp-content\/uploads\/2022\/01\/DSC03790.jpg","width":449,"height":599},{"@type":"BreadcrumbList","@id":"https:\/\/www.comprarmejor.es\/en\/product\/goyas-new-caprices-32-new-prints-1995-edition\/#breadcrumb","itemListElement":[{"@type":"ListItem","position":1,"name":"Portada","item":"https:\/\/www.comprarmejor.es\/en\/"},{"@type":"ListItem","position":2,"name":"Shop","item":"https:\/\/www.comprarmejor.es\/en\/shop\/"},{"@type":"ListItem","position":3,"name":"Goya&#8217;s New Caprices, 32 new prints. 1995 edition"}]},{"@type":"WebSite","@id":"https:\/\/www.comprarmejor.es\/en\/#website","url":"https:\/\/www.comprarmejor.es\/en\/","name":"ComprarMejor","description":"ComprarMejor","publisher":{"@id":"https:\/\/www.comprarmejor.es\/en\/#organization"},"potentialAction":[{"@type":"SearchAction","target":{"@type":"EntryPoint","urlTemplate":"https:\/\/www.comprarmejor.es\/en\/?s={search_term_string}"},"query-input":{"@type":"PropertyValueSpecification","valueRequired":true,"valueName":"search_term_string"}}],"inLanguage":"en-US"},{"@type":"Organization","@id":"https:\/\/www.comprarmejor.es\/en\/#organization","name":"COMPRAR MEJOR","url":"https:\/\/www.comprarmejor.es\/en\/","logo":{"@type":"ImageObject","inLanguage":"en-US","@id":"https:\/\/www.comprarmejor.es\/en\/#\/schema\/logo\/image\/","url":"https:\/\/www.comprarmejor.es\/wp-content\/uploads\/2025\/09\/comprarmejortrinidad.jpg","contentUrl":"https:\/\/www.comprarmejor.es\/wp-content\/uploads\/2025\/09\/comprarmejortrinidad.jpg","width":1022,"height":1380,"caption":"COMPRAR MEJOR"},"image":{"@id":"https:\/\/www.comprarmejor.es\/en\/#\/schema\/logo\/image\/"},"sameAs":["https:\/\/www.instagram.com\/amigosdelcodice"]}]}},"_links":{"self":[{"href":"https:\/\/www.comprarmejor.es\/en\/wp-json\/wp\/v2\/product\/72578","targetHints":{"allow":["GET"]}}],"collection":[{"href":"https:\/\/www.comprarmejor.es\/en\/wp-json\/wp\/v2\/product"}],"about":[{"href":"https:\/\/www.comprarmejor.es\/en\/wp-json\/wp\/v2\/types\/product"}],"wp:featuredmedia":[{"embeddable":true,"href":"https:\/\/www.comprarmejor.es\/en\/wp-json\/wp\/v2\/media\/75575"}],"wp:attachment":[{"href":"https:\/\/www.comprarmejor.es\/en\/wp-json\/wp\/v2\/media?parent=72578"}],"wp:term":[{"taxonomy":"product_brand","embeddable":true,"href":"https:\/\/www.comprarmejor.es\/en\/wp-json\/wp\/v2\/product_brand?post=72578"},{"taxonomy":"product_cat","embeddable":true,"href":"https:\/\/www.comprarmejor.es\/en\/wp-json\/wp\/v2\/product_cat?post=72578"},{"taxonomy":"product_tag","embeddable":true,"href":"https:\/\/www.comprarmejor.es\/en\/wp-json\/wp\/v2\/product_tag?post=72578"}],"curies":[{"name":"wp","href":"https:\/\/api.w.org\/{rel}","templated":true}]}}