{"id":72628,"date":"2022-01-20T11:21:45","date_gmt":"2022-01-20T10:21:45","guid":{"rendered":"https:\/\/www.comprarmejor.es\/?post_type=product&#038;p=72628"},"modified":"2023-07-14T16:57:39","modified_gmt":"2023-07-14T14:57:39","slug":"goya-new-whims-32-new-drawings-1980","status":"publish","type":"product","link":"https:\/\/www.comprarmejor.es\/en\/product\/goya-new-whims-32-new-drawings-1980\/","title":{"rendered":"Goya: New Whims (32 new drawings). 1980"},"content":{"rendered":"<p style=\"text-align: justify;\">Los Nuevos Caprichos de Goya (1746-1828) is a deluxe edition of 32 unpublished lithographs, published by Heliodoro, Arte y Bibliofilia, Madrid, in 1980, numbered and limited to 500 copies.<\/p>\n<p style=\"text-align: justify;\">With texts by Ram\u00f3n J. Sender (Ante los Nuevos Caprichos), Julio Caro Baroja (Prologue) and Luis Monta\u00f1es (Historical Study). 104 pages on \u201cSuper Alfa\u201d paper by Guarro Casas, in loose sheets, unbound, presented in a deluxe book-type folder, in leather, curdled spine, binding and ribs, flat with gilt borders. Format 27 x 33.5 cm. And the folder, in turn, presented in a sleeve-case format 27.5 x 34.5 x 4.5 cm.<\/p>\n<p style=\"text-align: justify;\">\u201cLos Nuevos Caprichos\u201d, 32 new prints that were not printed during Goya&#8217;s lifetime. A little-known edition of Goya&#8217;s unpublished drawings reproduced from the edition made by Paul Lafond in Paris in 1907 entitled \u201cNoveaux caprices de Goya\u201d. With this copy you will have access to the entire collection of engravings that Goya made between the end of the 18th century and the beginning of the 19th century, grouped into his four series: Bullfighting, Los Desastres de la Guerra, Los Disparates (or Proverbs) and Los Caprichos.<\/p>\n<p style=\"text-align: justify;\">These unpublished prints during Goya&#8217;s lifetime were made by the master during his period in Bordeaux, between 1824 and 1828, the year of his death.<\/p>\n<p style=\"text-align: justify;\">Complete copy in perfect condition, new, unused, and the only one available from this edition.<\/p>\n<p style=\"text-align: justify;\">Shipping costs according to order and destination<span title=\"Gastos de env\u00edo por cuenta del comprador, seg\u00fan pedido y destino.\">. <\/span><span title=\"Cons\u00faltenos cualquier duda, as\u00ed como por cualquier otro facs\u00edmile o art\u00edculo que est\u00e9 buscando.\"><a class=\"btn btn-default\" href=\"https:\/\/www.comprarmejor.es\/en\/contact\">Ask us<\/a>\u00a0<span class=\"HwtZe\" lang=\"en\"><span class=\"jCAhz ChMk0b\"><span class=\"ryNqvb\">any questions, indicating the article reference.<\/span><\/span><\/span><\/span><\/p>\n","protected":false},"excerpt":{"rendered":"<p style=\"text-align: justify;\"><span class=\"VIiyi\" lang=\"en\"><span class=\"JLqJ4b\" data-language-for-alternatives=\"en\" data-language-to-translate-into=\"es\" data-phrase-index=\"0\"><span class=\"HwtZe\" lang=\"en\"><span class=\"jCAhz ChMk0b\"><span class=\"ryNqvb\">Los Nuevos Caprichos de Goya (1746-1828) is a deluxe edition of 32 unpublished lithographs, published by Heliodoro, Arte y Bibliofilia, Madrid, in 1980,<br \/>\n<\/span><\/span><\/span><\/span><\/span><\/p>\n","protected":false},"featured_media":88930,"template":"","meta":[],"product_brand":[],"product_cat":[2210,2266,2250],"product_tag":[5791,4618,4108],"class_list":{"0":"post-72628","1":"product","2":"type-product","3":"status-publish","4":"has-post-thumbnail","6":"product_cat-bibliophilia","7":"product_cat-engravings","8":"product_cat-other-facsimiles","9":"product_tag-arte-en","10":"product_tag-caprichos-en","11":"product_tag-goya-en-2","12":"product_shipping_class-from-2-to-5-kg","13":"description-off","15":"first","16":"instock","17":"sale","18":"taxable","19":"shipping-taxable","20":"purchasable","21":"product-type-simple"},"yoast_head":"<!-- This site is optimized with the Yoast SEO plugin v27.3 - https:\/\/yoast.com\/product\/yoast-seo-wordpress\/ -->\n<title>Goya: New Whims (32 new drawings). 1980<\/title>\n<meta name=\"description\" content=\"Los Nuevos Caprichos de Goya (1746-1828) is a deluxe edition of 32 unpublished lithographs, published by Heliodoro, Arte y Bibliofilia, Madrid, in 1980,\" \/>\n<meta name=\"robots\" content=\"index, follow, max-snippet:-1, max-image-preview:large, max-video-preview:-1\" \/>\n<link rel=\"canonical\" href=\"https:\/\/www.comprarmejor.es\/en\/product\/goya-new-whims-32-new-drawings-1980\/\" \/>\n<meta property=\"og:locale\" content=\"en_US\" \/>\n<meta property=\"og:type\" content=\"article\" \/>\n<meta property=\"og:title\" content=\"Goya: New Whims (32 new drawings). 1980\" \/>\n<meta property=\"og:description\" content=\"Los Nuevos Caprichos de Goya (1746-1828) is a deluxe edition of 32 unpublished lithographs, published by Heliodoro, Arte y Bibliofilia, Madrid, in 1980,\" \/>\n<meta property=\"og:url\" content=\"https:\/\/www.comprarmejor.es\/en\/product\/goya-new-whims-32-new-drawings-1980\/\" \/>\n<meta property=\"og:site_name\" content=\"ComprarMejor\" \/>\n<meta property=\"article:modified_time\" content=\"2023-07-14T14:57:39+00:00\" \/>\n<meta property=\"og:image\" content=\"https:\/\/www.comprarmejor.es\/wp-content\/uploads\/2022\/01\/GNCH-3.jpg\" \/>\n\t<meta property=\"og:image:width\" content=\"768\" \/>\n\t<meta property=\"og:image:height\" content=\"576\" \/>\n\t<meta property=\"og:image:type\" content=\"image\/jpeg\" \/>\n<meta name=\"twitter:card\" content=\"summary_large_image\" \/>\n<meta name=\"twitter:label1\" content=\"Est. reading time\" \/>\n\t<meta name=\"twitter:data1\" content=\"2 minutes\" \/>\n<script type=\"application\/ld+json\" class=\"yoast-schema-graph\">{\"@context\":\"https:\\\/\\\/schema.org\",\"@graph\":[{\"@type\":\"WebPage\",\"@id\":\"https:\\\/\\\/www.comprarmejor.es\\\/en\\\/product\\\/goya-new-whims-32-new-drawings-1980\\\/\",\"url\":\"https:\\\/\\\/www.comprarmejor.es\\\/en\\\/product\\\/goya-new-whims-32-new-drawings-1980\\\/\",\"name\":\"Goya: New Whims (32 new drawings). 1980\",\"isPartOf\":{\"@id\":\"https:\\\/\\\/www.comprarmejor.es\\\/en\\\/#website\"},\"primaryImageOfPage\":{\"@id\":\"https:\\\/\\\/www.comprarmejor.es\\\/en\\\/product\\\/goya-new-whims-32-new-drawings-1980\\\/#primaryimage\"},\"image\":{\"@id\":\"https:\\\/\\\/www.comprarmejor.es\\\/en\\\/product\\\/goya-new-whims-32-new-drawings-1980\\\/#primaryimage\"},\"thumbnailUrl\":\"https:\\\/\\\/www.comprarmejor.es\\\/wp-content\\\/uploads\\\/2022\\\/01\\\/GNCH-3.jpg\",\"datePublished\":\"2022-01-20T10:21:45+00:00\",\"dateModified\":\"2023-07-14T14:57:39+00:00\",\"description\":\"Los Nuevos Caprichos de Goya (1746-1828) is a deluxe edition of 32 unpublished lithographs, published by Heliodoro, Arte y Bibliofilia, Madrid, in 1980,\",\"breadcrumb\":{\"@id\":\"https:\\\/\\\/www.comprarmejor.es\\\/en\\\/product\\\/goya-new-whims-32-new-drawings-1980\\\/#breadcrumb\"},\"inLanguage\":\"en-US\",\"potentialAction\":[{\"@type\":\"ReadAction\",\"target\":[\"https:\\\/\\\/www.comprarmejor.es\\\/en\\\/product\\\/goya-new-whims-32-new-drawings-1980\\\/\"]}]},{\"@type\":\"ImageObject\",\"inLanguage\":\"en-US\",\"@id\":\"https:\\\/\\\/www.comprarmejor.es\\\/en\\\/product\\\/goya-new-whims-32-new-drawings-1980\\\/#primaryimage\",\"url\":\"https:\\\/\\\/www.comprarmejor.es\\\/wp-content\\\/uploads\\\/2022\\\/01\\\/GNCH-3.jpg\",\"contentUrl\":\"https:\\\/\\\/www.comprarmejor.es\\\/wp-content\\\/uploads\\\/2022\\\/01\\\/GNCH-3.jpg\",\"width\":768,\"height\":576},{\"@type\":\"BreadcrumbList\",\"@id\":\"https:\\\/\\\/www.comprarmejor.es\\\/en\\\/product\\\/goya-new-whims-32-new-drawings-1980\\\/#breadcrumb\",\"itemListElement\":[{\"@type\":\"ListItem\",\"position\":1,\"name\":\"Portada\",\"item\":\"https:\\\/\\\/www.comprarmejor.es\\\/en\\\/\"},{\"@type\":\"ListItem\",\"position\":2,\"name\":\"Shop\",\"item\":\"https:\\\/\\\/www.comprarmejor.es\\\/en\\\/shop\\\/\"},{\"@type\":\"ListItem\",\"position\":3,\"name\":\"Goya: New Whims (32 new drawings). 1980\"}]},{\"@type\":\"WebSite\",\"@id\":\"https:\\\/\\\/www.comprarmejor.es\\\/en\\\/#website\",\"url\":\"https:\\\/\\\/www.comprarmejor.es\\\/en\\\/\",\"name\":\"ComprarMejor\",\"description\":\"ComprarMejor\",\"publisher\":{\"@id\":\"https:\\\/\\\/www.comprarmejor.es\\\/en\\\/#organization\"},\"potentialAction\":[{\"@type\":\"SearchAction\",\"target\":{\"@type\":\"EntryPoint\",\"urlTemplate\":\"https:\\\/\\\/www.comprarmejor.es\\\/en\\\/?s={search_term_string}\"},\"query-input\":{\"@type\":\"PropertyValueSpecification\",\"valueRequired\":true,\"valueName\":\"search_term_string\"}}],\"inLanguage\":\"en-US\"},{\"@type\":\"Organization\",\"@id\":\"https:\\\/\\\/www.comprarmejor.es\\\/en\\\/#organization\",\"name\":\"COMPRAR MEJOR\",\"url\":\"https:\\\/\\\/www.comprarmejor.es\\\/en\\\/\",\"logo\":{\"@type\":\"ImageObject\",\"inLanguage\":\"en-US\",\"@id\":\"https:\\\/\\\/www.comprarmejor.es\\\/en\\\/#\\\/schema\\\/logo\\\/image\\\/\",\"url\":\"https:\\\/\\\/www.comprarmejor.es\\\/wp-content\\\/uploads\\\/2025\\\/09\\\/comprarmejortrinidad.jpg\",\"contentUrl\":\"https:\\\/\\\/www.comprarmejor.es\\\/wp-content\\\/uploads\\\/2025\\\/09\\\/comprarmejortrinidad.jpg\",\"width\":1022,\"height\":1380,\"caption\":\"COMPRAR MEJOR\"},\"image\":{\"@id\":\"https:\\\/\\\/www.comprarmejor.es\\\/en\\\/#\\\/schema\\\/logo\\\/image\\\/\"},\"sameAs\":[\"https:\\\/\\\/www.instagram.com\\\/amigosdelcodice\"]}]}<\/script>\n<!-- \/ Yoast SEO plugin. -->","yoast_head_json":{"title":"Goya: New Whims (32 new drawings). 1980","description":"Los Nuevos Caprichos de Goya (1746-1828) is a deluxe edition of 32 unpublished lithographs, published by Heliodoro, Arte y Bibliofilia, Madrid, in 1980,","robots":{"index":"index","follow":"follow","max-snippet":"max-snippet:-1","max-image-preview":"max-image-preview:large","max-video-preview":"max-video-preview:-1"},"canonical":"https:\/\/www.comprarmejor.es\/en\/product\/goya-new-whims-32-new-drawings-1980\/","og_locale":"en_US","og_type":"article","og_title":"Goya: New Whims (32 new drawings). 1980","og_description":"Los Nuevos Caprichos de Goya (1746-1828) is a deluxe edition of 32 unpublished lithographs, published by Heliodoro, Arte y Bibliofilia, Madrid, in 1980,","og_url":"https:\/\/www.comprarmejor.es\/en\/product\/goya-new-whims-32-new-drawings-1980\/","og_site_name":"ComprarMejor","article_modified_time":"2023-07-14T14:57:39+00:00","og_image":[{"width":768,"height":576,"url":"https:\/\/www.comprarmejor.es\/wp-content\/uploads\/2022\/01\/GNCH-3.jpg","type":"image\/jpeg"}],"twitter_card":"summary_large_image","twitter_misc":{"Est. reading time":"2 minutes"},"schema":{"@context":"https:\/\/schema.org","@graph":[{"@type":"WebPage","@id":"https:\/\/www.comprarmejor.es\/en\/product\/goya-new-whims-32-new-drawings-1980\/","url":"https:\/\/www.comprarmejor.es\/en\/product\/goya-new-whims-32-new-drawings-1980\/","name":"Goya: New Whims (32 new drawings). 1980","isPartOf":{"@id":"https:\/\/www.comprarmejor.es\/en\/#website"},"primaryImageOfPage":{"@id":"https:\/\/www.comprarmejor.es\/en\/product\/goya-new-whims-32-new-drawings-1980\/#primaryimage"},"image":{"@id":"https:\/\/www.comprarmejor.es\/en\/product\/goya-new-whims-32-new-drawings-1980\/#primaryimage"},"thumbnailUrl":"https:\/\/www.comprarmejor.es\/wp-content\/uploads\/2022\/01\/GNCH-3.jpg","datePublished":"2022-01-20T10:21:45+00:00","dateModified":"2023-07-14T14:57:39+00:00","description":"Los Nuevos Caprichos de Goya (1746-1828) is a deluxe edition of 32 unpublished lithographs, published by Heliodoro, Arte y Bibliofilia, Madrid, in 1980,","breadcrumb":{"@id":"https:\/\/www.comprarmejor.es\/en\/product\/goya-new-whims-32-new-drawings-1980\/#breadcrumb"},"inLanguage":"en-US","potentialAction":[{"@type":"ReadAction","target":["https:\/\/www.comprarmejor.es\/en\/product\/goya-new-whims-32-new-drawings-1980\/"]}]},{"@type":"ImageObject","inLanguage":"en-US","@id":"https:\/\/www.comprarmejor.es\/en\/product\/goya-new-whims-32-new-drawings-1980\/#primaryimage","url":"https:\/\/www.comprarmejor.es\/wp-content\/uploads\/2022\/01\/GNCH-3.jpg","contentUrl":"https:\/\/www.comprarmejor.es\/wp-content\/uploads\/2022\/01\/GNCH-3.jpg","width":768,"height":576},{"@type":"BreadcrumbList","@id":"https:\/\/www.comprarmejor.es\/en\/product\/goya-new-whims-32-new-drawings-1980\/#breadcrumb","itemListElement":[{"@type":"ListItem","position":1,"name":"Portada","item":"https:\/\/www.comprarmejor.es\/en\/"},{"@type":"ListItem","position":2,"name":"Shop","item":"https:\/\/www.comprarmejor.es\/en\/shop\/"},{"@type":"ListItem","position":3,"name":"Goya: New Whims (32 new drawings). 1980"}]},{"@type":"WebSite","@id":"https:\/\/www.comprarmejor.es\/en\/#website","url":"https:\/\/www.comprarmejor.es\/en\/","name":"ComprarMejor","description":"ComprarMejor","publisher":{"@id":"https:\/\/www.comprarmejor.es\/en\/#organization"},"potentialAction":[{"@type":"SearchAction","target":{"@type":"EntryPoint","urlTemplate":"https:\/\/www.comprarmejor.es\/en\/?s={search_term_string}"},"query-input":{"@type":"PropertyValueSpecification","valueRequired":true,"valueName":"search_term_string"}}],"inLanguage":"en-US"},{"@type":"Organization","@id":"https:\/\/www.comprarmejor.es\/en\/#organization","name":"COMPRAR MEJOR","url":"https:\/\/www.comprarmejor.es\/en\/","logo":{"@type":"ImageObject","inLanguage":"en-US","@id":"https:\/\/www.comprarmejor.es\/en\/#\/schema\/logo\/image\/","url":"https:\/\/www.comprarmejor.es\/wp-content\/uploads\/2025\/09\/comprarmejortrinidad.jpg","contentUrl":"https:\/\/www.comprarmejor.es\/wp-content\/uploads\/2025\/09\/comprarmejortrinidad.jpg","width":1022,"height":1380,"caption":"COMPRAR MEJOR"},"image":{"@id":"https:\/\/www.comprarmejor.es\/en\/#\/schema\/logo\/image\/"},"sameAs":["https:\/\/www.instagram.com\/amigosdelcodice"]}]}},"_links":{"self":[{"href":"https:\/\/www.comprarmejor.es\/en\/wp-json\/wp\/v2\/product\/72628","targetHints":{"allow":["GET"]}}],"collection":[{"href":"https:\/\/www.comprarmejor.es\/en\/wp-json\/wp\/v2\/product"}],"about":[{"href":"https:\/\/www.comprarmejor.es\/en\/wp-json\/wp\/v2\/types\/product"}],"wp:featuredmedia":[{"embeddable":true,"href":"https:\/\/www.comprarmejor.es\/en\/wp-json\/wp\/v2\/media\/88930"}],"wp:attachment":[{"href":"https:\/\/www.comprarmejor.es\/en\/wp-json\/wp\/v2\/media?parent=72628"}],"wp:term":[{"taxonomy":"product_brand","embeddable":true,"href":"https:\/\/www.comprarmejor.es\/en\/wp-json\/wp\/v2\/product_brand?post=72628"},{"taxonomy":"product_cat","embeddable":true,"href":"https:\/\/www.comprarmejor.es\/en\/wp-json\/wp\/v2\/product_cat?post=72628"},{"taxonomy":"product_tag","embeddable":true,"href":"https:\/\/www.comprarmejor.es\/en\/wp-json\/wp\/v2\/product_tag?post=72628"}],"curies":[{"name":"wp","href":"https:\/\/api.w.org\/{rel}","templated":true}]}}