{"id":73141,"date":"2022-02-16T13:03:10","date_gmt":"2022-02-16T12:03:10","guid":{"rendered":"https:\/\/www.comprarmejor.es\/?post_type=product&#038;p=73141"},"modified":"2024-05-10T10:55:06","modified_gmt":"2024-05-10T08:55:06","slug":"testament-of-ferdinand-the-catholic-1516","status":"publish","type":"product","link":"https:\/\/www.comprarmejor.es\/en\/product\/testament-of-ferdinand-the-catholic-1516\/","title":{"rendered":"Testament of Ferdinand the Catholic, 1516"},"content":{"rendered":"<p style=\"text-align: justify;\">The last will of King Fernando El Cat\u00f3lico, granted in Madrigalejo (C\u00e1ceres) on January 22, 1516, the original of which is preserved in the Library of the Casa de Alba Foundation. Facsimile edition from 2016 by Testimonio publishing house, numbered, limited to 330 copies and certified by the editor.<\/p>\n<p style=\"text-align: justify;\">Presented in a 25.3 x 34.6 cm folder, containing a faithful and complete reproduction of the Will, 22.8 x 32.2 cm format, 32 pages; a booklet with the transcription and study, by Jos\u00e9 Manuel Calder\u00f3n Ortega, format 23 x 32 cm, 48 pages. Texts in Spanish.<\/p>\n<p style=\"text-align: justify;\">Complete copy and in perfect condition. Edition completely sold out and discontinued, very difficult to find copies for sale, ours is the only one we have available.<\/p>\n<p style=\"text-align: justify;\">Free shipping for this item<span title=\"Gastos de env\u00edo por cuenta del comprador, seg\u00fan pedido y destino.\">. <\/span><span title=\"Cons\u00faltenos cualquier duda, as\u00ed como por cualquier otro facs\u00edmile que est\u00e9 buscando.\"><a class=\"btn btn-default\" href=\"https:\/\/www.comprarmejor.es\/en\/contact\">Ask us<\/a> <span class=\"VIiyi\" lang=\"en\"><span class=\"JLqJ4b\" data-language-for-alternatives=\"en\" data-language-to-translate-into=\"es\" data-phrase-index=\"0\" data-number-of-phrases=\"1\"><span class=\"Q4iAWc\">any questions, indicating the article reference.<\/span><\/span><\/span><br \/>\n<\/span><\/p>\n","protected":false},"excerpt":{"rendered":"<p style=\"text-align: justify;\"><span id=\"result_box\" lang=\"en\" xml:lang=\"en\"><span title=\"Edici\u00f3n facs\u00edmile de Las Muy Ricas Horas del duque Jean de Berry, cuyo original se encuentra en la Biblioteca del Castillo de Chantilly, Ms. 65. \u00a1Un 5 estrellas en toda gran Biblioteca!\"><span lang=\"en\" xml:lang=\"en\"><span class=\"VIiyi\" lang=\"en\"><span class=\"JLqJ4b\" data-language-for-alternatives=\"en\" data-language-to-translate-into=\"es\" data-phrase-index=\"0\" data-number-of-phrases=\"1\"><span class=\"HwtZe\" lang=\"en\"><span class=\"jCAhz ChMk0b\"><span class=\"ryNqvb\">The last will of King Fernando El Cat\u00f3lico, granted in Madrigalejo (C\u00e1ceres) on January 22, 1516, the original of which is preserved in the Library of the Casa de Alba Foundation.<\/span><\/span><\/span><br \/>\n<\/span><\/span><\/span><\/span><\/span><\/p>\n","protected":false},"featured_media":94581,"template":"","meta":[],"product_brand":[],"product_cat":[2250],"product_tag":[5786,5120,3999],"class_list":{"0":"post-73141","1":"product","2":"type-product","3":"status-publish","4":"has-post-thumbnail","6":"product_cat-other-facsimiles","7":"product_tag-aragon-en","8":"product_tag-history-en","9":"product_tag-testimonio-en","10":"description-off","12":"first","13":"instock","14":"sale","15":"taxable","16":"shipping-taxable","17":"purchasable","18":"product-type-simple"},"yoast_head":"<!-- This site is optimized with the Yoast SEO plugin v27.3 - https:\/\/yoast.com\/product\/yoast-seo-wordpress\/ -->\n<title>Testament of Ferdinand the Catholic, 1516<\/title>\n<meta name=\"description\" content=\"The last will of King Fernando El Cat\u00f3lico, granted in Madrigalejo on January 22, 1516, the original of which is preserved in the Casa de Alba Foundation.\" \/>\n<meta name=\"robots\" content=\"index, follow, max-snippet:-1, max-image-preview:large, max-video-preview:-1\" \/>\n<link rel=\"canonical\" href=\"https:\/\/www.comprarmejor.es\/en\/product\/testament-of-ferdinand-the-catholic-1516\/\" \/>\n<meta property=\"og:locale\" content=\"en_US\" \/>\n<meta property=\"og:type\" content=\"article\" \/>\n<meta property=\"og:title\" content=\"Testament of Ferdinand the Catholic, 1516\" \/>\n<meta property=\"og:description\" content=\"The last will of King Fernando El Cat\u00f3lico, granted in Madrigalejo on January 22, 1516, the original of which is preserved in the Casa de Alba Foundation.\" \/>\n<meta property=\"og:url\" content=\"https:\/\/www.comprarmejor.es\/en\/product\/testament-of-ferdinand-the-catholic-1516\/\" \/>\n<meta property=\"og:site_name\" content=\"ComprarMejor\" \/>\n<meta property=\"article:modified_time\" content=\"2024-05-10T08:55:06+00:00\" \/>\n<meta property=\"og:image\" content=\"https:\/\/www.comprarmejor.es\/wp-content\/uploads\/2022\/02\/TdFeC-1.jpg\" \/>\n\t<meta property=\"og:image:width\" content=\"634\" \/>\n\t<meta property=\"og:image:height\" content=\"756\" \/>\n\t<meta property=\"og:image:type\" content=\"image\/jpeg\" \/>\n<meta name=\"twitter:card\" content=\"summary_large_image\" \/>\n<meta name=\"twitter:label1\" content=\"Est. reading time\" \/>\n\t<meta name=\"twitter:data1\" content=\"1 minute\" \/>\n<script type=\"application\/ld+json\" class=\"yoast-schema-graph\">{\"@context\":\"https:\\\/\\\/schema.org\",\"@graph\":[{\"@type\":\"WebPage\",\"@id\":\"https:\\\/\\\/www.comprarmejor.es\\\/en\\\/product\\\/testament-of-ferdinand-the-catholic-1516\\\/\",\"url\":\"https:\\\/\\\/www.comprarmejor.es\\\/en\\\/product\\\/testament-of-ferdinand-the-catholic-1516\\\/\",\"name\":\"Testament of Ferdinand the Catholic, 1516\",\"isPartOf\":{\"@id\":\"https:\\\/\\\/www.comprarmejor.es\\\/en\\\/#website\"},\"primaryImageOfPage\":{\"@id\":\"https:\\\/\\\/www.comprarmejor.es\\\/en\\\/product\\\/testament-of-ferdinand-the-catholic-1516\\\/#primaryimage\"},\"image\":{\"@id\":\"https:\\\/\\\/www.comprarmejor.es\\\/en\\\/product\\\/testament-of-ferdinand-the-catholic-1516\\\/#primaryimage\"},\"thumbnailUrl\":\"https:\\\/\\\/www.comprarmejor.es\\\/wp-content\\\/uploads\\\/2022\\\/02\\\/TdFeC-1.jpg\",\"datePublished\":\"2022-02-16T12:03:10+00:00\",\"dateModified\":\"2024-05-10T08:55:06+00:00\",\"description\":\"The last will of King Fernando El Cat\u00f3lico, granted in Madrigalejo on January 22, 1516, the original of which is preserved in the Casa de Alba Foundation.\",\"breadcrumb\":{\"@id\":\"https:\\\/\\\/www.comprarmejor.es\\\/en\\\/product\\\/testament-of-ferdinand-the-catholic-1516\\\/#breadcrumb\"},\"inLanguage\":\"en-US\",\"potentialAction\":[{\"@type\":\"ReadAction\",\"target\":[\"https:\\\/\\\/www.comprarmejor.es\\\/en\\\/product\\\/testament-of-ferdinand-the-catholic-1516\\\/\"]}]},{\"@type\":\"ImageObject\",\"inLanguage\":\"en-US\",\"@id\":\"https:\\\/\\\/www.comprarmejor.es\\\/en\\\/product\\\/testament-of-ferdinand-the-catholic-1516\\\/#primaryimage\",\"url\":\"https:\\\/\\\/www.comprarmejor.es\\\/wp-content\\\/uploads\\\/2022\\\/02\\\/TdFeC-1.jpg\",\"contentUrl\":\"https:\\\/\\\/www.comprarmejor.es\\\/wp-content\\\/uploads\\\/2022\\\/02\\\/TdFeC-1.jpg\",\"width\":634,\"height\":756},{\"@type\":\"BreadcrumbList\",\"@id\":\"https:\\\/\\\/www.comprarmejor.es\\\/en\\\/product\\\/testament-of-ferdinand-the-catholic-1516\\\/#breadcrumb\",\"itemListElement\":[{\"@type\":\"ListItem\",\"position\":1,\"name\":\"Portada\",\"item\":\"https:\\\/\\\/www.comprarmejor.es\\\/en\\\/\"},{\"@type\":\"ListItem\",\"position\":2,\"name\":\"Shop\",\"item\":\"https:\\\/\\\/www.comprarmejor.es\\\/en\\\/shop\\\/\"},{\"@type\":\"ListItem\",\"position\":3,\"name\":\"Testament of Ferdinand the Catholic, 1516\"}]},{\"@type\":\"WebSite\",\"@id\":\"https:\\\/\\\/www.comprarmejor.es\\\/en\\\/#website\",\"url\":\"https:\\\/\\\/www.comprarmejor.es\\\/en\\\/\",\"name\":\"ComprarMejor\",\"description\":\"ComprarMejor\",\"publisher\":{\"@id\":\"https:\\\/\\\/www.comprarmejor.es\\\/en\\\/#organization\"},\"potentialAction\":[{\"@type\":\"SearchAction\",\"target\":{\"@type\":\"EntryPoint\",\"urlTemplate\":\"https:\\\/\\\/www.comprarmejor.es\\\/en\\\/?s={search_term_string}\"},\"query-input\":{\"@type\":\"PropertyValueSpecification\",\"valueRequired\":true,\"valueName\":\"search_term_string\"}}],\"inLanguage\":\"en-US\"},{\"@type\":\"Organization\",\"@id\":\"https:\\\/\\\/www.comprarmejor.es\\\/en\\\/#organization\",\"name\":\"COMPRAR MEJOR\",\"url\":\"https:\\\/\\\/www.comprarmejor.es\\\/en\\\/\",\"logo\":{\"@type\":\"ImageObject\",\"inLanguage\":\"en-US\",\"@id\":\"https:\\\/\\\/www.comprarmejor.es\\\/en\\\/#\\\/schema\\\/logo\\\/image\\\/\",\"url\":\"https:\\\/\\\/www.comprarmejor.es\\\/wp-content\\\/uploads\\\/2025\\\/09\\\/comprarmejortrinidad.jpg\",\"contentUrl\":\"https:\\\/\\\/www.comprarmejor.es\\\/wp-content\\\/uploads\\\/2025\\\/09\\\/comprarmejortrinidad.jpg\",\"width\":1022,\"height\":1380,\"caption\":\"COMPRAR MEJOR\"},\"image\":{\"@id\":\"https:\\\/\\\/www.comprarmejor.es\\\/en\\\/#\\\/schema\\\/logo\\\/image\\\/\"},\"sameAs\":[\"https:\\\/\\\/www.instagram.com\\\/amigosdelcodice\"]}]}<\/script>\n<!-- \/ Yoast SEO plugin. -->","yoast_head_json":{"title":"Testament of Ferdinand the Catholic, 1516","description":"The last will of King Fernando El Cat\u00f3lico, granted in Madrigalejo on January 22, 1516, the original of which is preserved in the Casa de Alba Foundation.","robots":{"index":"index","follow":"follow","max-snippet":"max-snippet:-1","max-image-preview":"max-image-preview:large","max-video-preview":"max-video-preview:-1"},"canonical":"https:\/\/www.comprarmejor.es\/en\/product\/testament-of-ferdinand-the-catholic-1516\/","og_locale":"en_US","og_type":"article","og_title":"Testament of Ferdinand the Catholic, 1516","og_description":"The last will of King Fernando El Cat\u00f3lico, granted in Madrigalejo on January 22, 1516, the original of which is preserved in the Casa de Alba Foundation.","og_url":"https:\/\/www.comprarmejor.es\/en\/product\/testament-of-ferdinand-the-catholic-1516\/","og_site_name":"ComprarMejor","article_modified_time":"2024-05-10T08:55:06+00:00","og_image":[{"width":634,"height":756,"url":"https:\/\/www.comprarmejor.es\/wp-content\/uploads\/2022\/02\/TdFeC-1.jpg","type":"image\/jpeg"}],"twitter_card":"summary_large_image","twitter_misc":{"Est. reading time":"1 minute"},"schema":{"@context":"https:\/\/schema.org","@graph":[{"@type":"WebPage","@id":"https:\/\/www.comprarmejor.es\/en\/product\/testament-of-ferdinand-the-catholic-1516\/","url":"https:\/\/www.comprarmejor.es\/en\/product\/testament-of-ferdinand-the-catholic-1516\/","name":"Testament of Ferdinand the Catholic, 1516","isPartOf":{"@id":"https:\/\/www.comprarmejor.es\/en\/#website"},"primaryImageOfPage":{"@id":"https:\/\/www.comprarmejor.es\/en\/product\/testament-of-ferdinand-the-catholic-1516\/#primaryimage"},"image":{"@id":"https:\/\/www.comprarmejor.es\/en\/product\/testament-of-ferdinand-the-catholic-1516\/#primaryimage"},"thumbnailUrl":"https:\/\/www.comprarmejor.es\/wp-content\/uploads\/2022\/02\/TdFeC-1.jpg","datePublished":"2022-02-16T12:03:10+00:00","dateModified":"2024-05-10T08:55:06+00:00","description":"The last will of King Fernando El Cat\u00f3lico, granted in Madrigalejo on January 22, 1516, the original of which is preserved in the Casa de Alba Foundation.","breadcrumb":{"@id":"https:\/\/www.comprarmejor.es\/en\/product\/testament-of-ferdinand-the-catholic-1516\/#breadcrumb"},"inLanguage":"en-US","potentialAction":[{"@type":"ReadAction","target":["https:\/\/www.comprarmejor.es\/en\/product\/testament-of-ferdinand-the-catholic-1516\/"]}]},{"@type":"ImageObject","inLanguage":"en-US","@id":"https:\/\/www.comprarmejor.es\/en\/product\/testament-of-ferdinand-the-catholic-1516\/#primaryimage","url":"https:\/\/www.comprarmejor.es\/wp-content\/uploads\/2022\/02\/TdFeC-1.jpg","contentUrl":"https:\/\/www.comprarmejor.es\/wp-content\/uploads\/2022\/02\/TdFeC-1.jpg","width":634,"height":756},{"@type":"BreadcrumbList","@id":"https:\/\/www.comprarmejor.es\/en\/product\/testament-of-ferdinand-the-catholic-1516\/#breadcrumb","itemListElement":[{"@type":"ListItem","position":1,"name":"Portada","item":"https:\/\/www.comprarmejor.es\/en\/"},{"@type":"ListItem","position":2,"name":"Shop","item":"https:\/\/www.comprarmejor.es\/en\/shop\/"},{"@type":"ListItem","position":3,"name":"Testament of Ferdinand the Catholic, 1516"}]},{"@type":"WebSite","@id":"https:\/\/www.comprarmejor.es\/en\/#website","url":"https:\/\/www.comprarmejor.es\/en\/","name":"ComprarMejor","description":"ComprarMejor","publisher":{"@id":"https:\/\/www.comprarmejor.es\/en\/#organization"},"potentialAction":[{"@type":"SearchAction","target":{"@type":"EntryPoint","urlTemplate":"https:\/\/www.comprarmejor.es\/en\/?s={search_term_string}"},"query-input":{"@type":"PropertyValueSpecification","valueRequired":true,"valueName":"search_term_string"}}],"inLanguage":"en-US"},{"@type":"Organization","@id":"https:\/\/www.comprarmejor.es\/en\/#organization","name":"COMPRAR MEJOR","url":"https:\/\/www.comprarmejor.es\/en\/","logo":{"@type":"ImageObject","inLanguage":"en-US","@id":"https:\/\/www.comprarmejor.es\/en\/#\/schema\/logo\/image\/","url":"https:\/\/www.comprarmejor.es\/wp-content\/uploads\/2025\/09\/comprarmejortrinidad.jpg","contentUrl":"https:\/\/www.comprarmejor.es\/wp-content\/uploads\/2025\/09\/comprarmejortrinidad.jpg","width":1022,"height":1380,"caption":"COMPRAR MEJOR"},"image":{"@id":"https:\/\/www.comprarmejor.es\/en\/#\/schema\/logo\/image\/"},"sameAs":["https:\/\/www.instagram.com\/amigosdelcodice"]}]}},"_links":{"self":[{"href":"https:\/\/www.comprarmejor.es\/en\/wp-json\/wp\/v2\/product\/73141","targetHints":{"allow":["GET"]}}],"collection":[{"href":"https:\/\/www.comprarmejor.es\/en\/wp-json\/wp\/v2\/product"}],"about":[{"href":"https:\/\/www.comprarmejor.es\/en\/wp-json\/wp\/v2\/types\/product"}],"wp:featuredmedia":[{"embeddable":true,"href":"https:\/\/www.comprarmejor.es\/en\/wp-json\/wp\/v2\/media\/94581"}],"wp:attachment":[{"href":"https:\/\/www.comprarmejor.es\/en\/wp-json\/wp\/v2\/media?parent=73141"}],"wp:term":[{"taxonomy":"product_brand","embeddable":true,"href":"https:\/\/www.comprarmejor.es\/en\/wp-json\/wp\/v2\/product_brand?post=73141"},{"taxonomy":"product_cat","embeddable":true,"href":"https:\/\/www.comprarmejor.es\/en\/wp-json\/wp\/v2\/product_cat?post=73141"},{"taxonomy":"product_tag","embeddable":true,"href":"https:\/\/www.comprarmejor.es\/en\/wp-json\/wp\/v2\/product_tag?post=73141"}],"curies":[{"name":"wp","href":"https:\/\/api.w.org\/{rel}","templated":true}]}}