{"id":73397,"date":"2022-02-25T12:03:00","date_gmt":"2022-02-25T11:03:02","guid":{"rendered":"https:\/\/www.comprarmejor.es\/?post_type=product&#038;p=73397"},"modified":"2024-05-09T12:22:06","modified_gmt":"2024-05-09T10:22:06","slug":"falconry-and-art-the-practice-and-art-of-falconry-magnificent-and-unique-work","status":"publish","type":"product","link":"https:\/\/www.comprarmejor.es\/en\/product\/falconry-and-art-the-practice-and-art-of-falconry-magnificent-and-unique-work\/","title":{"rendered":"Falconry and Art. The practice and art of falconry. Magnificent and unique work"},"content":{"rendered":"<p style=\"text-align: justify;\">Unique and unrepeatable edition, published in 2 large volumes in 2020 by the editor Juan Antonio Izquierdo, texts in Spanish, combining the study and practices of falconry together with the art of the best artists in falconry, many of them falconers by profession and hubby.<\/p>\n<p style=\"text-align: justify;\">Volumes bound in green cloth hardcover with gilding and beautifully illustrated dust jackets, 25 x 32 cm format, with a total of 1,200 pages profusely illustrated in full color. The set weighs 8 kg.<\/p>\n<p style=\"text-align: justify;\">\u201cFalconry and Art\u201d is the best known work of falconry and a true work of art, ideal for both professional and beginner falconers, for lovers of Bibliophilia, art, Nature and especially birds. At the end of each volume there is a beautiful art gallery with more than 369 paintings in total, where the works of the best painters in the world in this type of art are exhibited and which complement the texts of specialists in the different fields of falconry. .<\/p>\n<p style=\"text-align: justify;\">\u201cAs a hunting modality, falconry is a practice that is not suitable for everyone due to its complexity and demands, testing the individual physically and mentally; It is also an intelligence exercise, in which hunting strategies play a crucial role in completing the hunt successfully.\u201d<\/p>\n<p style=\"text-align: justify;\">\u201cAs significant as falconry itself is its reflection in painting, this work dedicates a third of its length to it. For the first time, a book brings together the art of the most talented falconry and hunting raptor painters from four continents.\u201d<\/p>\n<p style=\"text-align: justify;\">\u201cFalconry and Art is a work that has concentrated on the different types of sets that can be made in this type of hunting. And, depending on the type of bird used, the prey pursued and the terrain in which the hunting activity takes place, hunting with birds of prey acquires very different characteristics and requires specific techniques.\u201d<\/p>\n<p style=\"text-align: justify;\">\u201cTo bring together in a book such a quantity of technical texts and works of art on falconry as the one offered here is really something difficult to achieve, especially if one takes into account the quality and diversity of said contributions and the endorsement that the mastery and talent of its authors means.\u201d<\/p>\n<p style=\"text-align: justify;\">\u201cFalconry and Art is the appropriate work for those falconers with a certain experience who wish to practice other types of sets, with other species or on other prey, but also for those who consider that there is always something to improve or learn, even in what we carry doing for a long time.\u201d<\/p>\n<p style=\"text-align: justify;\">\u201cBut the interest of this work goes far beyond falconers, experienced or novice; Any fan of hunting, birds or nature will be able to delight in reading stories as intense as they are varied in which, after all, they talk about one of the most peculiar and wonderful relationships between man and man. the animal in nature.\u201d<\/p>\n<p style=\"text-align: justify;\">Prologue by Ricardo Manuel Olmos de Le\u00f3n.<br \/>\nAuthors: Juan de Marcken, Steve Chindgren, Steve Williams, Ernesto Madej\u00f3n, Rodrigo Munro-Wilson Cepeda, Mark Williams, Mark Upton, Jes\u00fas Palencia, Gonzalo Cano, Anton M\u00fcller, David P\u00e9rez, Ram\u00f3n Balb\u00e1s, Fran Bolinches, Francisco Rodero, Jos\u00e9 Luis Ari\u00f1o, Patrick Morel, Fernando Garc\u00eda de Paz, Fernando Fe\u00e1s, Jos\u00e9 Luis Gagliardi, Harry McElroy, Juan Manuel Iglesias, Kenneth C. Tuttle, Hans Peeters, Jogn Loft, Pablo-Bracamonte S\u00e1nchez, Jennifer and Tom Coulson, Jose Verdejo, \u00d3scar Rasero , Kamran Khan Yousafzai, Stuart Pringle, H\u00e9ctor Manso, Rafael Rodr\u00edguez, Dogan-Luke Smith-Simit and Salih Dogrusadik, Daniel Cano and Javier V\u00e1zquez.<br \/>\nArtists: Graeme Arnott, Victor Bakhtin, Susana Carchenilla, Manu Carrasco, Marcos Cruz, Luis Manuel Cuaresma, Liang Chen, Arturo de Miguel, Andrew Ellis, Luis Carlos Espino, Anna Franceov\u00e1, Vadim Gorbatov, Johan Kolman, Terence Lambert, Juan Antonio L\u00f3pez , Hans Peeters, David Rampling, Laszlo Szappan, Mark Upton, Tamara Yuani, Robert Bateman, John Perry Baumlin, Marco Carpio, Ronald David Digby, Mike Donnelly, Paschalis Dougalis, Alan M. Hunt, Rodger McPhail, Miguel \u00c1ngel Moraleda, Marisol Pacchiano , Bernd P\u00f6ppelmann, Anthony Pridham, Hubert Quade, Martin Ridley, Essengali Sadyrbayev, Lennard Sand, David A. Scott, Manuel Sosa, Roberto Valero, Jonathan Wilde.<br \/>\nEpilogue by Francisco Javier Rivas.<\/p>\n<p style=\"text-align: justify;\">Work in 2 beautiful volumes, complete, in perfect condition, new, unused.<\/p>\n<p style=\"text-align: justify;\">Shipping costs according to order and destination<span title=\"Gastos de env\u00edo por cuenta del comprador, seg\u00fan pedido y destino.\"><span class=\"VIiyi\" lang=\"en\"><span class=\"JLqJ4b\" data-language-for-alternatives=\"en\" data-language-to-translate-into=\"es\" data-phrase-index=\"0\" data-number-of-phrases=\"1\">.<\/span><\/span> <\/span><span title=\"Cons\u00faltenos cualquier duda, as\u00ed como por cualquier otro facs\u00edmile o art\u00edculo que est\u00e9 buscando.\"><a class=\"btn btn-default\" href=\"https:\/\/www.comprarmejor.es\/en\/contact\">Ask us<\/a>\u00a0<span class=\"HwtZe\" lang=\"en\"><span class=\"jCAhz ChMk0b\"><span class=\"ryNqvb\">any questions, indicating the article reference.<\/span><\/span><\/span><\/span><\/p>\n","protected":false},"excerpt":{"rendered":"<p style=\"text-align: justify;\"><span id=\"result_box\" lang=\"en\" xml:lang=\"en\"><span title=\"Siglo XV.\"><span class=\"tlid-translation translation\" lang=\"en\"><span class=\"VIiyi\" lang=\"en\"><span class=\"JLqJ4b\" data-language-for-alternatives=\"en\" data-language-to-translate-into=\"es\" data-phrase-index=\"0\"><span class=\"HwtZe\" lang=\"en\"><span class=\"jCAhz ChMk0b\"><span class=\"ryNqvb\">Unique and unrepeatable edition, texts in Spanish, combining the study and practices of falconry together with the art of the best artists in falconry<\/span><\/span><\/span><\/span><\/span><\/span><\/span><\/span><\/p>\n","protected":false},"featured_media":94544,"template":"","meta":[],"product_brand":[],"product_cat":[2256,2272],"product_tag":[5791,5121],"class_list":{"0":"post-73397","1":"product","2":"type-product","3":"status-publish","4":"has-post-thumbnail","6":"product_cat-books-in-general","7":"product_cat-illustrated-books","8":"product_tag-arte-en","9":"product_tag-nature-en","10":"product_shipping_class-from-6-to-10-kg","11":"description-off","13":"first","14":"instock","15":"taxable","16":"shipping-taxable","17":"purchasable","18":"product-type-simple"},"yoast_head":"<!-- This site is optimized with the Yoast SEO plugin v27.3 - https:\/\/yoast.com\/product\/yoast-seo-wordpress\/ -->\n<title>Falconry and Art. The practice and art of falconry. Magnificent work<\/title>\n<meta name=\"description\" content=\"Unique and unrepeatable edition, texts in Spanish, combining the study and practices of falconry together with the art of the best artists in falconry\" \/>\n<meta name=\"robots\" content=\"index, follow, max-snippet:-1, max-image-preview:large, max-video-preview:-1\" \/>\n<link rel=\"canonical\" href=\"https:\/\/www.comprarmejor.es\/en\/product\/falconry-and-art-the-practice-and-art-of-falconry-magnificent-and-unique-work\/\" \/>\n<meta property=\"og:locale\" content=\"en_US\" \/>\n<meta property=\"og:type\" content=\"article\" \/>\n<meta property=\"og:title\" content=\"Falconry and Art. The practice and art of falconry. Magnificent work\" \/>\n<meta property=\"og:description\" content=\"Unique and unrepeatable edition, texts in Spanish, combining the study and practices of falconry together with the art of the best artists in falconry\" \/>\n<meta property=\"og:url\" content=\"https:\/\/www.comprarmejor.es\/en\/product\/falconry-and-art-the-practice-and-art-of-falconry-magnificent-and-unique-work\/\" \/>\n<meta property=\"og:site_name\" content=\"ComprarMejor\" \/>\n<meta property=\"article:modified_time\" content=\"2024-05-09T10:22:06+00:00\" \/>\n<meta property=\"og:image\" content=\"https:\/\/www.comprarmejor.es\/wp-content\/uploads\/2022\/02\/CyA2v-1.jpg\" \/>\n\t<meta property=\"og:image:width\" content=\"753\" \/>\n\t<meta property=\"og:image:height\" content=\"412\" \/>\n\t<meta property=\"og:image:type\" content=\"image\/jpeg\" \/>\n<meta name=\"twitter:card\" content=\"summary_large_image\" \/>\n<meta name=\"twitter:label1\" content=\"Est. reading time\" \/>\n\t<meta name=\"twitter:data1\" content=\"4 minutes\" \/>\n<script type=\"application\/ld+json\" class=\"yoast-schema-graph\">{\"@context\":\"https:\\\/\\\/schema.org\",\"@graph\":[{\"@type\":\"WebPage\",\"@id\":\"https:\\\/\\\/www.comprarmejor.es\\\/en\\\/product\\\/falconry-and-art-the-practice-and-art-of-falconry-magnificent-and-unique-work\\\/\",\"url\":\"https:\\\/\\\/www.comprarmejor.es\\\/en\\\/product\\\/falconry-and-art-the-practice-and-art-of-falconry-magnificent-and-unique-work\\\/\",\"name\":\"Falconry and Art. The practice and art of falconry. Magnificent work\",\"isPartOf\":{\"@id\":\"https:\\\/\\\/www.comprarmejor.es\\\/en\\\/#website\"},\"primaryImageOfPage\":{\"@id\":\"https:\\\/\\\/www.comprarmejor.es\\\/en\\\/product\\\/falconry-and-art-the-practice-and-art-of-falconry-magnificent-and-unique-work\\\/#primaryimage\"},\"image\":{\"@id\":\"https:\\\/\\\/www.comprarmejor.es\\\/en\\\/product\\\/falconry-and-art-the-practice-and-art-of-falconry-magnificent-and-unique-work\\\/#primaryimage\"},\"thumbnailUrl\":\"https:\\\/\\\/www.comprarmejor.es\\\/wp-content\\\/uploads\\\/2022\\\/02\\\/CyA2v-1.jpg\",\"datePublished\":\"2022-02-25T11:03:02+00:00\",\"dateModified\":\"2024-05-09T10:22:06+00:00\",\"description\":\"Unique and unrepeatable edition, texts in Spanish, combining the study and practices of falconry together with the art of the best artists in falconry\",\"breadcrumb\":{\"@id\":\"https:\\\/\\\/www.comprarmejor.es\\\/en\\\/product\\\/falconry-and-art-the-practice-and-art-of-falconry-magnificent-and-unique-work\\\/#breadcrumb\"},\"inLanguage\":\"en-US\",\"potentialAction\":[{\"@type\":\"ReadAction\",\"target\":[\"https:\\\/\\\/www.comprarmejor.es\\\/en\\\/product\\\/falconry-and-art-the-practice-and-art-of-falconry-magnificent-and-unique-work\\\/\"]}]},{\"@type\":\"ImageObject\",\"inLanguage\":\"en-US\",\"@id\":\"https:\\\/\\\/www.comprarmejor.es\\\/en\\\/product\\\/falconry-and-art-the-practice-and-art-of-falconry-magnificent-and-unique-work\\\/#primaryimage\",\"url\":\"https:\\\/\\\/www.comprarmejor.es\\\/wp-content\\\/uploads\\\/2022\\\/02\\\/CyA2v-1.jpg\",\"contentUrl\":\"https:\\\/\\\/www.comprarmejor.es\\\/wp-content\\\/uploads\\\/2022\\\/02\\\/CyA2v-1.jpg\",\"width\":753,\"height\":412},{\"@type\":\"BreadcrumbList\",\"@id\":\"https:\\\/\\\/www.comprarmejor.es\\\/en\\\/product\\\/falconry-and-art-the-practice-and-art-of-falconry-magnificent-and-unique-work\\\/#breadcrumb\",\"itemListElement\":[{\"@type\":\"ListItem\",\"position\":1,\"name\":\"Portada\",\"item\":\"https:\\\/\\\/www.comprarmejor.es\\\/en\\\/\"},{\"@type\":\"ListItem\",\"position\":2,\"name\":\"Shop\",\"item\":\"https:\\\/\\\/www.comprarmejor.es\\\/en\\\/shop\\\/\"},{\"@type\":\"ListItem\",\"position\":3,\"name\":\"Falconry and Art. The practice and art of falconry. Magnificent and unique work\"}]},{\"@type\":\"WebSite\",\"@id\":\"https:\\\/\\\/www.comprarmejor.es\\\/en\\\/#website\",\"url\":\"https:\\\/\\\/www.comprarmejor.es\\\/en\\\/\",\"name\":\"ComprarMejor\",\"description\":\"ComprarMejor\",\"publisher\":{\"@id\":\"https:\\\/\\\/www.comprarmejor.es\\\/en\\\/#organization\"},\"potentialAction\":[{\"@type\":\"SearchAction\",\"target\":{\"@type\":\"EntryPoint\",\"urlTemplate\":\"https:\\\/\\\/www.comprarmejor.es\\\/en\\\/?s={search_term_string}\"},\"query-input\":{\"@type\":\"PropertyValueSpecification\",\"valueRequired\":true,\"valueName\":\"search_term_string\"}}],\"inLanguage\":\"en-US\"},{\"@type\":\"Organization\",\"@id\":\"https:\\\/\\\/www.comprarmejor.es\\\/en\\\/#organization\",\"name\":\"COMPRAR MEJOR\",\"url\":\"https:\\\/\\\/www.comprarmejor.es\\\/en\\\/\",\"logo\":{\"@type\":\"ImageObject\",\"inLanguage\":\"en-US\",\"@id\":\"https:\\\/\\\/www.comprarmejor.es\\\/en\\\/#\\\/schema\\\/logo\\\/image\\\/\",\"url\":\"https:\\\/\\\/www.comprarmejor.es\\\/wp-content\\\/uploads\\\/2025\\\/09\\\/comprarmejortrinidad.jpg\",\"contentUrl\":\"https:\\\/\\\/www.comprarmejor.es\\\/wp-content\\\/uploads\\\/2025\\\/09\\\/comprarmejortrinidad.jpg\",\"width\":1022,\"height\":1380,\"caption\":\"COMPRAR MEJOR\"},\"image\":{\"@id\":\"https:\\\/\\\/www.comprarmejor.es\\\/en\\\/#\\\/schema\\\/logo\\\/image\\\/\"},\"sameAs\":[\"https:\\\/\\\/www.instagram.com\\\/amigosdelcodice\"]}]}<\/script>\n<!-- \/ Yoast SEO plugin. -->","yoast_head_json":{"title":"Falconry and Art. The practice and art of falconry. Magnificent work","description":"Unique and unrepeatable edition, texts in Spanish, combining the study and practices of falconry together with the art of the best artists in falconry","robots":{"index":"index","follow":"follow","max-snippet":"max-snippet:-1","max-image-preview":"max-image-preview:large","max-video-preview":"max-video-preview:-1"},"canonical":"https:\/\/www.comprarmejor.es\/en\/product\/falconry-and-art-the-practice-and-art-of-falconry-magnificent-and-unique-work\/","og_locale":"en_US","og_type":"article","og_title":"Falconry and Art. The practice and art of falconry. Magnificent work","og_description":"Unique and unrepeatable edition, texts in Spanish, combining the study and practices of falconry together with the art of the best artists in falconry","og_url":"https:\/\/www.comprarmejor.es\/en\/product\/falconry-and-art-the-practice-and-art-of-falconry-magnificent-and-unique-work\/","og_site_name":"ComprarMejor","article_modified_time":"2024-05-09T10:22:06+00:00","og_image":[{"width":753,"height":412,"url":"https:\/\/www.comprarmejor.es\/wp-content\/uploads\/2022\/02\/CyA2v-1.jpg","type":"image\/jpeg"}],"twitter_card":"summary_large_image","twitter_misc":{"Est. reading time":"4 minutes"},"schema":{"@context":"https:\/\/schema.org","@graph":[{"@type":"WebPage","@id":"https:\/\/www.comprarmejor.es\/en\/product\/falconry-and-art-the-practice-and-art-of-falconry-magnificent-and-unique-work\/","url":"https:\/\/www.comprarmejor.es\/en\/product\/falconry-and-art-the-practice-and-art-of-falconry-magnificent-and-unique-work\/","name":"Falconry and Art. The practice and art of falconry. Magnificent work","isPartOf":{"@id":"https:\/\/www.comprarmejor.es\/en\/#website"},"primaryImageOfPage":{"@id":"https:\/\/www.comprarmejor.es\/en\/product\/falconry-and-art-the-practice-and-art-of-falconry-magnificent-and-unique-work\/#primaryimage"},"image":{"@id":"https:\/\/www.comprarmejor.es\/en\/product\/falconry-and-art-the-practice-and-art-of-falconry-magnificent-and-unique-work\/#primaryimage"},"thumbnailUrl":"https:\/\/www.comprarmejor.es\/wp-content\/uploads\/2022\/02\/CyA2v-1.jpg","datePublished":"2022-02-25T11:03:02+00:00","dateModified":"2024-05-09T10:22:06+00:00","description":"Unique and unrepeatable edition, texts in Spanish, combining the study and practices of falconry together with the art of the best artists in falconry","breadcrumb":{"@id":"https:\/\/www.comprarmejor.es\/en\/product\/falconry-and-art-the-practice-and-art-of-falconry-magnificent-and-unique-work\/#breadcrumb"},"inLanguage":"en-US","potentialAction":[{"@type":"ReadAction","target":["https:\/\/www.comprarmejor.es\/en\/product\/falconry-and-art-the-practice-and-art-of-falconry-magnificent-and-unique-work\/"]}]},{"@type":"ImageObject","inLanguage":"en-US","@id":"https:\/\/www.comprarmejor.es\/en\/product\/falconry-and-art-the-practice-and-art-of-falconry-magnificent-and-unique-work\/#primaryimage","url":"https:\/\/www.comprarmejor.es\/wp-content\/uploads\/2022\/02\/CyA2v-1.jpg","contentUrl":"https:\/\/www.comprarmejor.es\/wp-content\/uploads\/2022\/02\/CyA2v-1.jpg","width":753,"height":412},{"@type":"BreadcrumbList","@id":"https:\/\/www.comprarmejor.es\/en\/product\/falconry-and-art-the-practice-and-art-of-falconry-magnificent-and-unique-work\/#breadcrumb","itemListElement":[{"@type":"ListItem","position":1,"name":"Portada","item":"https:\/\/www.comprarmejor.es\/en\/"},{"@type":"ListItem","position":2,"name":"Shop","item":"https:\/\/www.comprarmejor.es\/en\/shop\/"},{"@type":"ListItem","position":3,"name":"Falconry and Art. The practice and art of falconry. Magnificent and unique work"}]},{"@type":"WebSite","@id":"https:\/\/www.comprarmejor.es\/en\/#website","url":"https:\/\/www.comprarmejor.es\/en\/","name":"ComprarMejor","description":"ComprarMejor","publisher":{"@id":"https:\/\/www.comprarmejor.es\/en\/#organization"},"potentialAction":[{"@type":"SearchAction","target":{"@type":"EntryPoint","urlTemplate":"https:\/\/www.comprarmejor.es\/en\/?s={search_term_string}"},"query-input":{"@type":"PropertyValueSpecification","valueRequired":true,"valueName":"search_term_string"}}],"inLanguage":"en-US"},{"@type":"Organization","@id":"https:\/\/www.comprarmejor.es\/en\/#organization","name":"COMPRAR MEJOR","url":"https:\/\/www.comprarmejor.es\/en\/","logo":{"@type":"ImageObject","inLanguage":"en-US","@id":"https:\/\/www.comprarmejor.es\/en\/#\/schema\/logo\/image\/","url":"https:\/\/www.comprarmejor.es\/wp-content\/uploads\/2025\/09\/comprarmejortrinidad.jpg","contentUrl":"https:\/\/www.comprarmejor.es\/wp-content\/uploads\/2025\/09\/comprarmejortrinidad.jpg","width":1022,"height":1380,"caption":"COMPRAR MEJOR"},"image":{"@id":"https:\/\/www.comprarmejor.es\/en\/#\/schema\/logo\/image\/"},"sameAs":["https:\/\/www.instagram.com\/amigosdelcodice"]}]}},"_links":{"self":[{"href":"https:\/\/www.comprarmejor.es\/en\/wp-json\/wp\/v2\/product\/73397","targetHints":{"allow":["GET"]}}],"collection":[{"href":"https:\/\/www.comprarmejor.es\/en\/wp-json\/wp\/v2\/product"}],"about":[{"href":"https:\/\/www.comprarmejor.es\/en\/wp-json\/wp\/v2\/types\/product"}],"wp:featuredmedia":[{"embeddable":true,"href":"https:\/\/www.comprarmejor.es\/en\/wp-json\/wp\/v2\/media\/94544"}],"wp:attachment":[{"href":"https:\/\/www.comprarmejor.es\/en\/wp-json\/wp\/v2\/media?parent=73397"}],"wp:term":[{"taxonomy":"product_brand","embeddable":true,"href":"https:\/\/www.comprarmejor.es\/en\/wp-json\/wp\/v2\/product_brand?post=73397"},{"taxonomy":"product_cat","embeddable":true,"href":"https:\/\/www.comprarmejor.es\/en\/wp-json\/wp\/v2\/product_cat?post=73397"},{"taxonomy":"product_tag","embeddable":true,"href":"https:\/\/www.comprarmejor.es\/en\/wp-json\/wp\/v2\/product_tag?post=73397"}],"curies":[{"name":"wp","href":"https:\/\/api.w.org\/{rel}","templated":true}]}}