{"id":73476,"date":"2022-02-26T11:19:38","date_gmt":"2022-02-26T10:19:39","guid":{"rendered":"https:\/\/www.comprarmejor.es\/?post_type=product&#038;p=73476"},"modified":"2022-03-13T11:08:37","modified_gmt":"2022-03-13T10:08:37","slug":"the-rembrandt-treasures-michiel-roscam-abbing-2006-iberlibro","status":"publish","type":"product","link":"https:\/\/www.comprarmejor.es\/en\/product\/the-rembrandt-treasures-michiel-roscam-abbing-2006-iberlibro\/","title":{"rendered":"The Rembrandt Treasures. Michiel Roscam Abbing. 2006 (Iberlibro)"},"content":{"rendered":"<p style=\"text-align: justify;\">Beautiful, curious and interesting mixed edition published in 2006 in the first Spanish edition by Abelibro of the work of Michiel Roscam Abbing, &#8220;The Treasures of Rembrandt&#8221;.<\/p>\n<p style=\"text-align: justify;\">Illustrated hardcover binding, landscape format 31 x 26.8 cm. 64 illustrated pages including bags containing the extraordinary 30 facsimiles of letters, cards and documents on the history of Rembrandt&#8217;s life and work. Presented in illustrated cardboard sleeve format 31.2 x 27.9 x 3.5 cm.<\/p>\n<p style=\"text-align: justify;\">Rembrandt Harmenszoon van Rijn, one of the most important painters in history, is known worldwide for his mastery with brushes and pen: from his best-known works, such as &#8220;The Night Watch&#8221;, to his numerous self-portraits and the most delicate Engravings and etchings of the people around him, his heritage has amazed and fascinated generations of admirers.<\/p>\n<p style=\"text-align: justify;\">This work, &#8220;The Treasures of Rembrandt&#8221;, offers an intimate and rigorous look at his life and his work. It not only explains how this Leiden miller&#8217;s son achieved fame and fortune in Amsterdam, however, he later saw it disappear, but also explores his technique and some of the wonderful works of art he created both to order and at will. personal.<\/p>\n<p style=\"text-align: justify;\">This beautiful, lavishly illustrated book is a museum in itself. It brings Rembrandt to life as artist, husband, father and lover like no other has ever done, thanks to the inclusion of more than 30 facsimiles that are documents or memorabilia from archives around the world, many of which are unpublished, such as journal entries, personal sketches, birth, wedding, and burial records, sales announcements, and other legal documents.<\/p>\n<p style=\"text-align: justify;\">Evoking one of the most flourishing times in the history of European art, &#8220;The Treasures of Rembrandt&#8221; is the best way to meet the greatest Dutch master of all time.<\/p>\n<p style=\"text-align: justify;\">Complete copy and in perfect condition.<\/p>\n<p style=\"text-align: justify;\"><span title=\"Gastos de env\u00edo por cuenta del comprador, seg\u00fan pedido y destino.\"><span class=\"VIiyi\" lang=\"en\"><span class=\"JLqJ4b\" data-language-for-alternatives=\"en\" data-language-to-translate-into=\"es\" data-phrase-index=\"0\" data-number-of-phrases=\"1\">Shipping costs paid by the buyer, according to order and destination<\/span><\/span>. <\/span><span title=\"Cons\u00faltenos cualquier duda, as\u00ed como por cualquier otro Beato, facs\u00edmile o art\u00edculo que est\u00e9 buscando.\"><a class=\"btn btn-default\" href=\"https:\/\/www.comprarmejor.es\/en\/contact\">Ask us<\/a>\u00a0<span lang=\"en\" xml:lang=\"en\"><span title=\"Cons\u00faltenos sin compromiso (indicando la referencia del art\u00edculo) cualquier duda.\">without obligation (indicating the reference of the article) any doubt.<\/span><\/span><\/span><\/p>\n","protected":false},"excerpt":{"rendered":"<p style=\"text-align: justify;\"><span id=\"result_box\" lang=\"en\" xml:lang=\"en\"><span title=\"Contiene 123 bellas miniaturas a p\u00e1gina entera iluminadas con oro y plata.\"><span lang=\"en\" xml:lang=\"en\"><span title=\"Realizada en 2017, impresa en Madrid y en el taller de grabado de Jorge Perell\u00f3n en El Barco de \u00c1vila (\u00c1vila).\"><span class=\"VIiyi\" lang=\"en\"><span class=\"JLqJ4b\" data-language-for-alternatives=\"en\" data-language-to-translate-into=\"es\" data-phrase-index=\"0\" data-number-of-phrases=\"1\">Beautiful, curious and interesting mixed edition published in 2006 in the first Spanish edition by Abelibro of the work of Michiel Roscam Abbing, &#8220;The Treasures of Rembrandt&#8221;.<\/span><\/span><\/span><\/span><\/span><\/span><\/p>\n","protected":false},"featured_media":73954,"template":"","meta":[],"product_brand":[],"product_cat":[2210,2256,2242],"product_tag":[5791],"class_list":{"0":"post-73476","1":"product","2":"type-product","3":"status-publish","4":"has-post-thumbnail","6":"product_cat-bibliophilia","7":"product_cat-books-in-general","8":"product_cat-first-editions","9":"product_tag-arte-en","10":"product_shipping_class-from-2-to-5-kg","11":"description-off","13":"first","14":"instock","15":"taxable","16":"shipping-taxable","17":"purchasable","18":"product-type-simple"},"yoast_head":"<!-- This site is optimized with the Yoast SEO plugin v27.3 - https:\/\/yoast.com\/product\/yoast-seo-wordpress\/ -->\n<title>The Rembrandt Treasures. Michiel Roscam Abbing. 2006 (Iberlibro)<\/title>\n<meta name=\"description\" content=\"Mixed edition published in 2006 in the first Spanish edition by Abelibro of the work of Michiel Roscam Abbing, &quot;The Treasures of Rembrandt&quot;\" \/>\n<meta name=\"robots\" content=\"index, follow, max-snippet:-1, max-image-preview:large, max-video-preview:-1\" \/>\n<link rel=\"canonical\" href=\"https:\/\/www.comprarmejor.es\/en\/product\/the-rembrandt-treasures-michiel-roscam-abbing-2006-iberlibro\/\" \/>\n<meta property=\"og:locale\" content=\"en_US\" \/>\n<meta property=\"og:type\" content=\"article\" \/>\n<meta property=\"og:title\" content=\"The Rembrandt Treasures. Michiel Roscam Abbing. 2006 (Iberlibro)\" \/>\n<meta property=\"og:description\" content=\"Mixed edition published in 2006 in the first Spanish edition by Abelibro of the work of Michiel Roscam Abbing, &quot;The Treasures of Rembrandt&quot;\" \/>\n<meta property=\"og:url\" content=\"https:\/\/www.comprarmejor.es\/en\/product\/the-rembrandt-treasures-michiel-roscam-abbing-2006-iberlibro\/\" \/>\n<meta property=\"og:site_name\" content=\"ComprarMejor\" \/>\n<meta property=\"article:modified_time\" content=\"2022-03-13T10:08:37+00:00\" \/>\n<meta property=\"og:image\" content=\"https:\/\/www.comprarmejor.es\/wp-content\/uploads\/2022\/02\/DSC03334.jpg\" \/>\n\t<meta property=\"og:image:width\" content=\"599\" \/>\n\t<meta property=\"og:image:height\" content=\"507\" \/>\n\t<meta property=\"og:image:type\" content=\"image\/jpeg\" \/>\n<meta name=\"twitter:card\" content=\"summary_large_image\" \/>\n<meta name=\"twitter:label1\" content=\"Est. reading time\" \/>\n\t<meta name=\"twitter:data1\" content=\"2 minutes\" \/>\n<script type=\"application\/ld+json\" class=\"yoast-schema-graph\">{\"@context\":\"https:\\\/\\\/schema.org\",\"@graph\":[{\"@type\":\"WebPage\",\"@id\":\"https:\\\/\\\/www.comprarmejor.es\\\/en\\\/product\\\/the-rembrandt-treasures-michiel-roscam-abbing-2006-iberlibro\\\/\",\"url\":\"https:\\\/\\\/www.comprarmejor.es\\\/en\\\/product\\\/the-rembrandt-treasures-michiel-roscam-abbing-2006-iberlibro\\\/\",\"name\":\"The Rembrandt Treasures. Michiel Roscam Abbing. 2006 (Iberlibro)\",\"isPartOf\":{\"@id\":\"https:\\\/\\\/www.comprarmejor.es\\\/en\\\/#website\"},\"primaryImageOfPage\":{\"@id\":\"https:\\\/\\\/www.comprarmejor.es\\\/en\\\/product\\\/the-rembrandt-treasures-michiel-roscam-abbing-2006-iberlibro\\\/#primaryimage\"},\"image\":{\"@id\":\"https:\\\/\\\/www.comprarmejor.es\\\/en\\\/product\\\/the-rembrandt-treasures-michiel-roscam-abbing-2006-iberlibro\\\/#primaryimage\"},\"thumbnailUrl\":\"https:\\\/\\\/www.comprarmejor.es\\\/wp-content\\\/uploads\\\/2022\\\/02\\\/DSC03334.jpg\",\"datePublished\":\"2022-02-26T10:19:39+00:00\",\"dateModified\":\"2022-03-13T10:08:37+00:00\",\"description\":\"Mixed edition published in 2006 in the first Spanish edition by Abelibro of the work of Michiel Roscam Abbing, \\\"The Treasures of Rembrandt\\\"\",\"breadcrumb\":{\"@id\":\"https:\\\/\\\/www.comprarmejor.es\\\/en\\\/product\\\/the-rembrandt-treasures-michiel-roscam-abbing-2006-iberlibro\\\/#breadcrumb\"},\"inLanguage\":\"en-US\",\"potentialAction\":[{\"@type\":\"ReadAction\",\"target\":[\"https:\\\/\\\/www.comprarmejor.es\\\/en\\\/product\\\/the-rembrandt-treasures-michiel-roscam-abbing-2006-iberlibro\\\/\"]}]},{\"@type\":\"ImageObject\",\"inLanguage\":\"en-US\",\"@id\":\"https:\\\/\\\/www.comprarmejor.es\\\/en\\\/product\\\/the-rembrandt-treasures-michiel-roscam-abbing-2006-iberlibro\\\/#primaryimage\",\"url\":\"https:\\\/\\\/www.comprarmejor.es\\\/wp-content\\\/uploads\\\/2022\\\/02\\\/DSC03334.jpg\",\"contentUrl\":\"https:\\\/\\\/www.comprarmejor.es\\\/wp-content\\\/uploads\\\/2022\\\/02\\\/DSC03334.jpg\",\"width\":599,\"height\":507},{\"@type\":\"BreadcrumbList\",\"@id\":\"https:\\\/\\\/www.comprarmejor.es\\\/en\\\/product\\\/the-rembrandt-treasures-michiel-roscam-abbing-2006-iberlibro\\\/#breadcrumb\",\"itemListElement\":[{\"@type\":\"ListItem\",\"position\":1,\"name\":\"Portada\",\"item\":\"https:\\\/\\\/www.comprarmejor.es\\\/en\\\/\"},{\"@type\":\"ListItem\",\"position\":2,\"name\":\"Shop\",\"item\":\"https:\\\/\\\/www.comprarmejor.es\\\/en\\\/shop\\\/\"},{\"@type\":\"ListItem\",\"position\":3,\"name\":\"The Rembrandt Treasures. Michiel Roscam Abbing. 2006 (Iberlibro)\"}]},{\"@type\":\"WebSite\",\"@id\":\"https:\\\/\\\/www.comprarmejor.es\\\/en\\\/#website\",\"url\":\"https:\\\/\\\/www.comprarmejor.es\\\/en\\\/\",\"name\":\"ComprarMejor\",\"description\":\"ComprarMejor\",\"publisher\":{\"@id\":\"https:\\\/\\\/www.comprarmejor.es\\\/en\\\/#organization\"},\"potentialAction\":[{\"@type\":\"SearchAction\",\"target\":{\"@type\":\"EntryPoint\",\"urlTemplate\":\"https:\\\/\\\/www.comprarmejor.es\\\/en\\\/?s={search_term_string}\"},\"query-input\":{\"@type\":\"PropertyValueSpecification\",\"valueRequired\":true,\"valueName\":\"search_term_string\"}}],\"inLanguage\":\"en-US\"},{\"@type\":\"Organization\",\"@id\":\"https:\\\/\\\/www.comprarmejor.es\\\/en\\\/#organization\",\"name\":\"COMPRAR MEJOR\",\"url\":\"https:\\\/\\\/www.comprarmejor.es\\\/en\\\/\",\"logo\":{\"@type\":\"ImageObject\",\"inLanguage\":\"en-US\",\"@id\":\"https:\\\/\\\/www.comprarmejor.es\\\/en\\\/#\\\/schema\\\/logo\\\/image\\\/\",\"url\":\"https:\\\/\\\/www.comprarmejor.es\\\/wp-content\\\/uploads\\\/2025\\\/09\\\/comprarmejortrinidad.jpg\",\"contentUrl\":\"https:\\\/\\\/www.comprarmejor.es\\\/wp-content\\\/uploads\\\/2025\\\/09\\\/comprarmejortrinidad.jpg\",\"width\":1022,\"height\":1380,\"caption\":\"COMPRAR MEJOR\"},\"image\":{\"@id\":\"https:\\\/\\\/www.comprarmejor.es\\\/en\\\/#\\\/schema\\\/logo\\\/image\\\/\"},\"sameAs\":[\"https:\\\/\\\/www.instagram.com\\\/amigosdelcodice\"]}]}<\/script>\n<!-- \/ Yoast SEO plugin. -->","yoast_head_json":{"title":"The Rembrandt Treasures. Michiel Roscam Abbing. 2006 (Iberlibro)","description":"Mixed edition published in 2006 in the first Spanish edition by Abelibro of the work of Michiel Roscam Abbing, \"The Treasures of Rembrandt\"","robots":{"index":"index","follow":"follow","max-snippet":"max-snippet:-1","max-image-preview":"max-image-preview:large","max-video-preview":"max-video-preview:-1"},"canonical":"https:\/\/www.comprarmejor.es\/en\/product\/the-rembrandt-treasures-michiel-roscam-abbing-2006-iberlibro\/","og_locale":"en_US","og_type":"article","og_title":"The Rembrandt Treasures. Michiel Roscam Abbing. 2006 (Iberlibro)","og_description":"Mixed edition published in 2006 in the first Spanish edition by Abelibro of the work of Michiel Roscam Abbing, \"The Treasures of Rembrandt\"","og_url":"https:\/\/www.comprarmejor.es\/en\/product\/the-rembrandt-treasures-michiel-roscam-abbing-2006-iberlibro\/","og_site_name":"ComprarMejor","article_modified_time":"2022-03-13T10:08:37+00:00","og_image":[{"width":599,"height":507,"url":"https:\/\/www.comprarmejor.es\/wp-content\/uploads\/2022\/02\/DSC03334.jpg","type":"image\/jpeg"}],"twitter_card":"summary_large_image","twitter_misc":{"Est. reading time":"2 minutes"},"schema":{"@context":"https:\/\/schema.org","@graph":[{"@type":"WebPage","@id":"https:\/\/www.comprarmejor.es\/en\/product\/the-rembrandt-treasures-michiel-roscam-abbing-2006-iberlibro\/","url":"https:\/\/www.comprarmejor.es\/en\/product\/the-rembrandt-treasures-michiel-roscam-abbing-2006-iberlibro\/","name":"The Rembrandt Treasures. Michiel Roscam Abbing. 2006 (Iberlibro)","isPartOf":{"@id":"https:\/\/www.comprarmejor.es\/en\/#website"},"primaryImageOfPage":{"@id":"https:\/\/www.comprarmejor.es\/en\/product\/the-rembrandt-treasures-michiel-roscam-abbing-2006-iberlibro\/#primaryimage"},"image":{"@id":"https:\/\/www.comprarmejor.es\/en\/product\/the-rembrandt-treasures-michiel-roscam-abbing-2006-iberlibro\/#primaryimage"},"thumbnailUrl":"https:\/\/www.comprarmejor.es\/wp-content\/uploads\/2022\/02\/DSC03334.jpg","datePublished":"2022-02-26T10:19:39+00:00","dateModified":"2022-03-13T10:08:37+00:00","description":"Mixed edition published in 2006 in the first Spanish edition by Abelibro of the work of Michiel Roscam Abbing, \"The Treasures of Rembrandt\"","breadcrumb":{"@id":"https:\/\/www.comprarmejor.es\/en\/product\/the-rembrandt-treasures-michiel-roscam-abbing-2006-iberlibro\/#breadcrumb"},"inLanguage":"en-US","potentialAction":[{"@type":"ReadAction","target":["https:\/\/www.comprarmejor.es\/en\/product\/the-rembrandt-treasures-michiel-roscam-abbing-2006-iberlibro\/"]}]},{"@type":"ImageObject","inLanguage":"en-US","@id":"https:\/\/www.comprarmejor.es\/en\/product\/the-rembrandt-treasures-michiel-roscam-abbing-2006-iberlibro\/#primaryimage","url":"https:\/\/www.comprarmejor.es\/wp-content\/uploads\/2022\/02\/DSC03334.jpg","contentUrl":"https:\/\/www.comprarmejor.es\/wp-content\/uploads\/2022\/02\/DSC03334.jpg","width":599,"height":507},{"@type":"BreadcrumbList","@id":"https:\/\/www.comprarmejor.es\/en\/product\/the-rembrandt-treasures-michiel-roscam-abbing-2006-iberlibro\/#breadcrumb","itemListElement":[{"@type":"ListItem","position":1,"name":"Portada","item":"https:\/\/www.comprarmejor.es\/en\/"},{"@type":"ListItem","position":2,"name":"Shop","item":"https:\/\/www.comprarmejor.es\/en\/shop\/"},{"@type":"ListItem","position":3,"name":"The Rembrandt Treasures. Michiel Roscam Abbing. 2006 (Iberlibro)"}]},{"@type":"WebSite","@id":"https:\/\/www.comprarmejor.es\/en\/#website","url":"https:\/\/www.comprarmejor.es\/en\/","name":"ComprarMejor","description":"ComprarMejor","publisher":{"@id":"https:\/\/www.comprarmejor.es\/en\/#organization"},"potentialAction":[{"@type":"SearchAction","target":{"@type":"EntryPoint","urlTemplate":"https:\/\/www.comprarmejor.es\/en\/?s={search_term_string}"},"query-input":{"@type":"PropertyValueSpecification","valueRequired":true,"valueName":"search_term_string"}}],"inLanguage":"en-US"},{"@type":"Organization","@id":"https:\/\/www.comprarmejor.es\/en\/#organization","name":"COMPRAR MEJOR","url":"https:\/\/www.comprarmejor.es\/en\/","logo":{"@type":"ImageObject","inLanguage":"en-US","@id":"https:\/\/www.comprarmejor.es\/en\/#\/schema\/logo\/image\/","url":"https:\/\/www.comprarmejor.es\/wp-content\/uploads\/2025\/09\/comprarmejortrinidad.jpg","contentUrl":"https:\/\/www.comprarmejor.es\/wp-content\/uploads\/2025\/09\/comprarmejortrinidad.jpg","width":1022,"height":1380,"caption":"COMPRAR MEJOR"},"image":{"@id":"https:\/\/www.comprarmejor.es\/en\/#\/schema\/logo\/image\/"},"sameAs":["https:\/\/www.instagram.com\/amigosdelcodice"]}]}},"_links":{"self":[{"href":"https:\/\/www.comprarmejor.es\/en\/wp-json\/wp\/v2\/product\/73476","targetHints":{"allow":["GET"]}}],"collection":[{"href":"https:\/\/www.comprarmejor.es\/en\/wp-json\/wp\/v2\/product"}],"about":[{"href":"https:\/\/www.comprarmejor.es\/en\/wp-json\/wp\/v2\/types\/product"}],"wp:featuredmedia":[{"embeddable":true,"href":"https:\/\/www.comprarmejor.es\/en\/wp-json\/wp\/v2\/media\/73954"}],"wp:attachment":[{"href":"https:\/\/www.comprarmejor.es\/en\/wp-json\/wp\/v2\/media?parent=73476"}],"wp:term":[{"taxonomy":"product_brand","embeddable":true,"href":"https:\/\/www.comprarmejor.es\/en\/wp-json\/wp\/v2\/product_brand?post=73476"},{"taxonomy":"product_cat","embeddable":true,"href":"https:\/\/www.comprarmejor.es\/en\/wp-json\/wp\/v2\/product_cat?post=73476"},{"taxonomy":"product_tag","embeddable":true,"href":"https:\/\/www.comprarmejor.es\/en\/wp-json\/wp\/v2\/product_tag?post=73476"}],"curies":[{"name":"wp","href":"https:\/\/api.w.org\/{rel}","templated":true}]}}