{"id":73507,"date":"2022-02-26T13:07:56","date_gmt":"2022-02-26T12:07:58","guid":{"rendered":"https:\/\/www.comprarmejor.es\/?post_type=product&#038;p=73507"},"modified":"2022-02-26T13:20:31","modified_gmt":"2022-02-26T12:20:31","slug":"universal-atlas-by-diogo-homem-1565","status":"publish","type":"product","link":"https:\/\/www.comprarmejor.es\/en\/product\/universal-atlas-by-diogo-homem-1565\/","title":{"rendered":"Universal Atlas, by Diogo Homem, 1565"},"content":{"rendered":"<p style=\"text-align: justify;\">Facsimile edition made in 2000 by the Moleiro publishing house of the cartographic manuscript preserved in the National Library of Russia, in Saint Petersburg, Universal Atlas by the Portuguese Diogo Homem, dated 1565.<\/p>\n<p style=\"text-align: justify;\">Limited edition of 987 copies and numbered with notarial certificate. Sold out for more than 5 years.<\/p>\n<p style=\"text-align: justify;\">Facsimile bound in brown leather, format 29.5 x 45.5 cm. 40 pages containing 19 beautiful cartographic maps in color and double page gold. Presented in an elegant case.<\/p>\n<p style=\"text-align: justify;\">Accompanied by a monographic study book bound in hard cover publishing cloth with illustrated dust jacket, 23 x 33 cm format. 336 illustrated pages. Texts in bilingual Spanish and English.<\/p>\n<p style=\"text-align: justify;\">Complete copy and in perfect condition.<\/p>\n<p style=\"text-align: justify;\"><span title=\"Gastos de env\u00edo por cuenta del comprador, seg\u00fan pedido y destino.\"><span class=\"VIiyi\" lang=\"en\"><span class=\"JLqJ4b\" data-language-for-alternatives=\"en\" data-language-to-translate-into=\"es\" data-phrase-index=\"0\" data-number-of-phrases=\"1\">Shipping costs paid by the buyer, according to order and destination<\/span><\/span>. <\/span><span title=\"Cons\u00faltenos cualquier duda, as\u00ed como por cualquier otro Beato, facs\u00edmile o art\u00edculo que est\u00e9 buscando.\"><a class=\"btn btn-default\" href=\"https:\/\/www.comprarmejor.es\/en\/contact\">Ask us<\/a>\u00a0<span lang=\"en\" xml:lang=\"en\"><span title=\"Cons\u00faltenos sin compromiso (indicando la referencia del art\u00edculo) cualquier duda.\">without obligation (indicating the reference of the article) any doubt.<\/span><\/span><\/span><\/p>\n","protected":false},"excerpt":{"rendered":"<p style=\"text-align: justify;\"><span id=\"result_box\" lang=\"en\" xml:lang=\"en\"><span title=\"Contiene 123 bellas miniaturas a p\u00e1gina entera iluminadas con oro y plata.\"><span lang=\"en\" xml:lang=\"en\"><span title=\"Realizada en 2017, impresa en Madrid y en el taller de grabado de Jorge Perell\u00f3n en El Barco de \u00c1vila (\u00c1vila).\"><span class=\"VIiyi\" lang=\"en\"><span class=\"JLqJ4b\" data-language-for-alternatives=\"en\" data-language-to-translate-into=\"es\" data-phrase-index=\"0\" data-number-of-phrases=\"1\">Universal Atlas of the Portuguese Diogo Homem, facsimile edition of the year 2000, original in the National Library of Russia<\/span><\/span><\/span><\/span><\/span><\/span><\/p>\n","protected":false},"featured_media":73509,"template":"","meta":[],"product_brand":[],"product_cat":[2234,2220],"product_tag":[3976,4017],"class_list":{"0":"post-73507","1":"product","2":"type-product","3":"status-publish","4":"has-post-thumbnail","6":"product_cat-antique-maps","7":"product_cat-special-offers","8":"product_tag-atlas-en","9":"product_tag-moleiro-en","10":"product_shipping_class-from-6-to-10-kg","11":"description-off","13":"first","14":"instock","15":"sale","16":"taxable","17":"shipping-taxable","18":"purchasable","19":"product-type-simple"},"yoast_head":"<!-- This site is optimized with the Yoast SEO plugin v27.3 - https:\/\/yoast.com\/product\/yoast-seo-wordpress\/ -->\n<title>Universal Atlas, by Diogo Homem, 1565<\/title>\n<meta name=\"description\" content=\"Universal Atlas of the Portuguese Diogo Homem, facsimile edition of the year 2000, Moleiro publishing house, original in the N. L. R.\" \/>\n<meta name=\"robots\" content=\"index, follow, max-snippet:-1, max-image-preview:large, max-video-preview:-1\" \/>\n<link rel=\"canonical\" href=\"https:\/\/www.comprarmejor.es\/en\/product\/universal-atlas-by-diogo-homem-1565\/\" \/>\n<meta property=\"og:locale\" content=\"en_US\" \/>\n<meta property=\"og:type\" content=\"article\" \/>\n<meta property=\"og:title\" content=\"Universal Atlas, by Diogo Homem, 1565\" \/>\n<meta property=\"og:description\" content=\"Universal Atlas of the Portuguese Diogo Homem, facsimile edition of the year 2000, Moleiro publishing house, original in the N. L. R.\" \/>\n<meta property=\"og:url\" content=\"https:\/\/www.comprarmejor.es\/en\/product\/universal-atlas-by-diogo-homem-1565\/\" \/>\n<meta property=\"og:site_name\" content=\"ComprarMejor\" \/>\n<meta property=\"article:modified_time\" content=\"2022-02-26T12:20:31+00:00\" \/>\n<meta property=\"og:image\" content=\"https:\/\/www.comprarmejor.es\/wp-content\/uploads\/2022\/02\/IMG-20180418-WA0000.jpg\" \/>\n\t<meta property=\"og:image:width\" content=\"600\" \/>\n\t<meta property=\"og:image:height\" content=\"338\" \/>\n\t<meta property=\"og:image:type\" content=\"image\/jpeg\" \/>\n<meta name=\"twitter:card\" content=\"summary_large_image\" \/>\n<meta name=\"twitter:label1\" content=\"Est. reading time\" \/>\n\t<meta name=\"twitter:data1\" content=\"1 minute\" \/>\n<script type=\"application\/ld+json\" class=\"yoast-schema-graph\">{\"@context\":\"https:\\\/\\\/schema.org\",\"@graph\":[{\"@type\":\"WebPage\",\"@id\":\"https:\\\/\\\/www.comprarmejor.es\\\/en\\\/product\\\/universal-atlas-by-diogo-homem-1565\\\/\",\"url\":\"https:\\\/\\\/www.comprarmejor.es\\\/en\\\/product\\\/universal-atlas-by-diogo-homem-1565\\\/\",\"name\":\"Universal Atlas, by Diogo Homem, 1565\",\"isPartOf\":{\"@id\":\"https:\\\/\\\/www.comprarmejor.es\\\/en\\\/#website\"},\"primaryImageOfPage\":{\"@id\":\"https:\\\/\\\/www.comprarmejor.es\\\/en\\\/product\\\/universal-atlas-by-diogo-homem-1565\\\/#primaryimage\"},\"image\":{\"@id\":\"https:\\\/\\\/www.comprarmejor.es\\\/en\\\/product\\\/universal-atlas-by-diogo-homem-1565\\\/#primaryimage\"},\"thumbnailUrl\":\"https:\\\/\\\/www.comprarmejor.es\\\/wp-content\\\/uploads\\\/2022\\\/02\\\/IMG-20180418-WA0000.jpg\",\"datePublished\":\"2022-02-26T12:07:58+00:00\",\"dateModified\":\"2022-02-26T12:20:31+00:00\",\"description\":\"Universal Atlas of the Portuguese Diogo Homem, facsimile edition of the year 2000, Moleiro publishing house, original in the N. L. R.\",\"breadcrumb\":{\"@id\":\"https:\\\/\\\/www.comprarmejor.es\\\/en\\\/product\\\/universal-atlas-by-diogo-homem-1565\\\/#breadcrumb\"},\"inLanguage\":\"en-US\",\"potentialAction\":[{\"@type\":\"ReadAction\",\"target\":[\"https:\\\/\\\/www.comprarmejor.es\\\/en\\\/product\\\/universal-atlas-by-diogo-homem-1565\\\/\"]}]},{\"@type\":\"ImageObject\",\"inLanguage\":\"en-US\",\"@id\":\"https:\\\/\\\/www.comprarmejor.es\\\/en\\\/product\\\/universal-atlas-by-diogo-homem-1565\\\/#primaryimage\",\"url\":\"https:\\\/\\\/www.comprarmejor.es\\\/wp-content\\\/uploads\\\/2022\\\/02\\\/IMG-20180418-WA0000.jpg\",\"contentUrl\":\"https:\\\/\\\/www.comprarmejor.es\\\/wp-content\\\/uploads\\\/2022\\\/02\\\/IMG-20180418-WA0000.jpg\",\"width\":600,\"height\":338},{\"@type\":\"BreadcrumbList\",\"@id\":\"https:\\\/\\\/www.comprarmejor.es\\\/en\\\/product\\\/universal-atlas-by-diogo-homem-1565\\\/#breadcrumb\",\"itemListElement\":[{\"@type\":\"ListItem\",\"position\":1,\"name\":\"Portada\",\"item\":\"https:\\\/\\\/www.comprarmejor.es\\\/en\\\/\"},{\"@type\":\"ListItem\",\"position\":2,\"name\":\"Shop\",\"item\":\"https:\\\/\\\/www.comprarmejor.es\\\/en\\\/shop\\\/\"},{\"@type\":\"ListItem\",\"position\":3,\"name\":\"Universal Atlas, by Diogo Homem, 1565\"}]},{\"@type\":\"WebSite\",\"@id\":\"https:\\\/\\\/www.comprarmejor.es\\\/en\\\/#website\",\"url\":\"https:\\\/\\\/www.comprarmejor.es\\\/en\\\/\",\"name\":\"ComprarMejor\",\"description\":\"ComprarMejor\",\"publisher\":{\"@id\":\"https:\\\/\\\/www.comprarmejor.es\\\/en\\\/#organization\"},\"potentialAction\":[{\"@type\":\"SearchAction\",\"target\":{\"@type\":\"EntryPoint\",\"urlTemplate\":\"https:\\\/\\\/www.comprarmejor.es\\\/en\\\/?s={search_term_string}\"},\"query-input\":{\"@type\":\"PropertyValueSpecification\",\"valueRequired\":true,\"valueName\":\"search_term_string\"}}],\"inLanguage\":\"en-US\"},{\"@type\":\"Organization\",\"@id\":\"https:\\\/\\\/www.comprarmejor.es\\\/en\\\/#organization\",\"name\":\"COMPRAR MEJOR\",\"url\":\"https:\\\/\\\/www.comprarmejor.es\\\/en\\\/\",\"logo\":{\"@type\":\"ImageObject\",\"inLanguage\":\"en-US\",\"@id\":\"https:\\\/\\\/www.comprarmejor.es\\\/en\\\/#\\\/schema\\\/logo\\\/image\\\/\",\"url\":\"https:\\\/\\\/www.comprarmejor.es\\\/wp-content\\\/uploads\\\/2025\\\/09\\\/comprarmejortrinidad.jpg\",\"contentUrl\":\"https:\\\/\\\/www.comprarmejor.es\\\/wp-content\\\/uploads\\\/2025\\\/09\\\/comprarmejortrinidad.jpg\",\"width\":1022,\"height\":1380,\"caption\":\"COMPRAR MEJOR\"},\"image\":{\"@id\":\"https:\\\/\\\/www.comprarmejor.es\\\/en\\\/#\\\/schema\\\/logo\\\/image\\\/\"},\"sameAs\":[\"https:\\\/\\\/www.instagram.com\\\/amigosdelcodice\"]}]}<\/script>\n<!-- \/ Yoast SEO plugin. -->","yoast_head_json":{"title":"Universal Atlas, by Diogo Homem, 1565","description":"Universal Atlas of the Portuguese Diogo Homem, facsimile edition of the year 2000, Moleiro publishing house, original in the N. L. R.","robots":{"index":"index","follow":"follow","max-snippet":"max-snippet:-1","max-image-preview":"max-image-preview:large","max-video-preview":"max-video-preview:-1"},"canonical":"https:\/\/www.comprarmejor.es\/en\/product\/universal-atlas-by-diogo-homem-1565\/","og_locale":"en_US","og_type":"article","og_title":"Universal Atlas, by Diogo Homem, 1565","og_description":"Universal Atlas of the Portuguese Diogo Homem, facsimile edition of the year 2000, Moleiro publishing house, original in the N. L. R.","og_url":"https:\/\/www.comprarmejor.es\/en\/product\/universal-atlas-by-diogo-homem-1565\/","og_site_name":"ComprarMejor","article_modified_time":"2022-02-26T12:20:31+00:00","og_image":[{"width":600,"height":338,"url":"https:\/\/www.comprarmejor.es\/wp-content\/uploads\/2022\/02\/IMG-20180418-WA0000.jpg","type":"image\/jpeg"}],"twitter_card":"summary_large_image","twitter_misc":{"Est. reading time":"1 minute"},"schema":{"@context":"https:\/\/schema.org","@graph":[{"@type":"WebPage","@id":"https:\/\/www.comprarmejor.es\/en\/product\/universal-atlas-by-diogo-homem-1565\/","url":"https:\/\/www.comprarmejor.es\/en\/product\/universal-atlas-by-diogo-homem-1565\/","name":"Universal Atlas, by Diogo Homem, 1565","isPartOf":{"@id":"https:\/\/www.comprarmejor.es\/en\/#website"},"primaryImageOfPage":{"@id":"https:\/\/www.comprarmejor.es\/en\/product\/universal-atlas-by-diogo-homem-1565\/#primaryimage"},"image":{"@id":"https:\/\/www.comprarmejor.es\/en\/product\/universal-atlas-by-diogo-homem-1565\/#primaryimage"},"thumbnailUrl":"https:\/\/www.comprarmejor.es\/wp-content\/uploads\/2022\/02\/IMG-20180418-WA0000.jpg","datePublished":"2022-02-26T12:07:58+00:00","dateModified":"2022-02-26T12:20:31+00:00","description":"Universal Atlas of the Portuguese Diogo Homem, facsimile edition of the year 2000, Moleiro publishing house, original in the N. L. R.","breadcrumb":{"@id":"https:\/\/www.comprarmejor.es\/en\/product\/universal-atlas-by-diogo-homem-1565\/#breadcrumb"},"inLanguage":"en-US","potentialAction":[{"@type":"ReadAction","target":["https:\/\/www.comprarmejor.es\/en\/product\/universal-atlas-by-diogo-homem-1565\/"]}]},{"@type":"ImageObject","inLanguage":"en-US","@id":"https:\/\/www.comprarmejor.es\/en\/product\/universal-atlas-by-diogo-homem-1565\/#primaryimage","url":"https:\/\/www.comprarmejor.es\/wp-content\/uploads\/2022\/02\/IMG-20180418-WA0000.jpg","contentUrl":"https:\/\/www.comprarmejor.es\/wp-content\/uploads\/2022\/02\/IMG-20180418-WA0000.jpg","width":600,"height":338},{"@type":"BreadcrumbList","@id":"https:\/\/www.comprarmejor.es\/en\/product\/universal-atlas-by-diogo-homem-1565\/#breadcrumb","itemListElement":[{"@type":"ListItem","position":1,"name":"Portada","item":"https:\/\/www.comprarmejor.es\/en\/"},{"@type":"ListItem","position":2,"name":"Shop","item":"https:\/\/www.comprarmejor.es\/en\/shop\/"},{"@type":"ListItem","position":3,"name":"Universal Atlas, by Diogo Homem, 1565"}]},{"@type":"WebSite","@id":"https:\/\/www.comprarmejor.es\/en\/#website","url":"https:\/\/www.comprarmejor.es\/en\/","name":"ComprarMejor","description":"ComprarMejor","publisher":{"@id":"https:\/\/www.comprarmejor.es\/en\/#organization"},"potentialAction":[{"@type":"SearchAction","target":{"@type":"EntryPoint","urlTemplate":"https:\/\/www.comprarmejor.es\/en\/?s={search_term_string}"},"query-input":{"@type":"PropertyValueSpecification","valueRequired":true,"valueName":"search_term_string"}}],"inLanguage":"en-US"},{"@type":"Organization","@id":"https:\/\/www.comprarmejor.es\/en\/#organization","name":"COMPRAR MEJOR","url":"https:\/\/www.comprarmejor.es\/en\/","logo":{"@type":"ImageObject","inLanguage":"en-US","@id":"https:\/\/www.comprarmejor.es\/en\/#\/schema\/logo\/image\/","url":"https:\/\/www.comprarmejor.es\/wp-content\/uploads\/2025\/09\/comprarmejortrinidad.jpg","contentUrl":"https:\/\/www.comprarmejor.es\/wp-content\/uploads\/2025\/09\/comprarmejortrinidad.jpg","width":1022,"height":1380,"caption":"COMPRAR MEJOR"},"image":{"@id":"https:\/\/www.comprarmejor.es\/en\/#\/schema\/logo\/image\/"},"sameAs":["https:\/\/www.instagram.com\/amigosdelcodice"]}]}},"_links":{"self":[{"href":"https:\/\/www.comprarmejor.es\/en\/wp-json\/wp\/v2\/product\/73507","targetHints":{"allow":["GET"]}}],"collection":[{"href":"https:\/\/www.comprarmejor.es\/en\/wp-json\/wp\/v2\/product"}],"about":[{"href":"https:\/\/www.comprarmejor.es\/en\/wp-json\/wp\/v2\/types\/product"}],"wp:featuredmedia":[{"embeddable":true,"href":"https:\/\/www.comprarmejor.es\/en\/wp-json\/wp\/v2\/media\/73509"}],"wp:attachment":[{"href":"https:\/\/www.comprarmejor.es\/en\/wp-json\/wp\/v2\/media?parent=73507"}],"wp:term":[{"taxonomy":"product_brand","embeddable":true,"href":"https:\/\/www.comprarmejor.es\/en\/wp-json\/wp\/v2\/product_brand?post=73507"},{"taxonomy":"product_cat","embeddable":true,"href":"https:\/\/www.comprarmejor.es\/en\/wp-json\/wp\/v2\/product_cat?post=73507"},{"taxonomy":"product_tag","embeddable":true,"href":"https:\/\/www.comprarmejor.es\/en\/wp-json\/wp\/v2\/product_tag?post=73507"}],"curies":[{"name":"wp","href":"https:\/\/api.w.org\/{rel}","templated":true}]}}