{"id":73740,"date":"2022-03-08T12:49:57","date_gmt":"2022-03-08T11:49:57","guid":{"rendered":"https:\/\/www.comprarmejor.es\/?post_type=product&#038;p=73740"},"modified":"2026-05-05T11:29:12","modified_gmt":"2026-05-05T09:29:12","slug":"capitulations-of-santa-fe-15th-century","status":"publish","type":"product","link":"https:\/\/www.comprarmejor.es\/en\/product\/capitulations-of-santa-fe-15th-century\/","title":{"rendered":"Capitulations of Santa Fe. 15th century"},"content":{"rendered":"<p><span class=\"HwtZe\" lang=\"en\"><span class=\"jCAhz ChMk0b\"><span class=\"ryNqvb\">ARTICLE FOR INFORMATIONAL PURPOSES ONLY<\/span><\/span><\/span><\/p>\n<p style=\"text-align: justify;\">The reality of the Santa Fe Capitulations and the character of the Columbian expedition. Extraordinary facsimile reproduction of a set of original documents from the late 15th century in which the diplomatic significance of the discovery can be studied, made by the Testimonio publishing house in 1992.<\/p>\n<p style=\"text-align: justify;\">Included are capitulations, minutes, credentials, memorials, appointments and accounts entries, from the archives of the Crown of Aragon, Simancas and the Indies, with a total of 38 pages. The documents are organized in a Filing Notebook presented in a gray velvet case.<\/p>\n<p style=\"text-align: justify;\">The complementary volume consists of 288 pages with study and comments by Demetrio Ramos. <span class=\"HwtZe\" lang=\"en\"><span class=\"jCAhz ChMk0b\"><span class=\"ryNqvb\">Texts in Spanish<\/span><\/span><\/span>.<\/p>\n<p style=\"text-align: justify;\">Complete copy and in perfect condition, new, unused.<\/p>\n<p style=\"text-align: justify;\">Retail Price: 1.459 \u20ac<span title=\"Gastos de env\u00edo por cuenta del comprador seg\u00fan pedido y destino.\">. <\/span><span title=\"Cons\u00faltenos cualquier duda, as\u00ed como por cualquier otro art\u00edculo que est\u00e9 buscando.\"><a class=\"btn btn-default\" href=\"https:\/\/www.comprarmejor.es\/en\/contact\/\">Ask us<\/a>\u00a0<span class=\"HwtZe\" lang=\"en\"><span class=\"jCAhz ChMk0b\"><span class=\"ryNqvb\">any questions, indicating the article reference.<\/span><\/span><\/span><\/span><\/p>\n","protected":false},"excerpt":{"rendered":"<p style=\"text-align: justify;\"><span id=\"result_box\" lang=\"en\" xml:lang=\"en\"><span title=\"En 1999 el Diario Sur de M\u00e1laga comenz\u00f3 a editar en fasc\u00edculos la Semana Santa de M\u00e1laga, en una serie que denomin\u00f3 Pasi\u00f3n del Sur y que ha continuado ininterrumpidamente hasta nuestros d\u00edas todos los a\u00f1os durante unas semanas antes de la celebraci\u00f3n de la Semana Santa.\"><span lang=\"en\" xml:lang=\"en\"><span class=\"VIiyi\" lang=\"en\"><span class=\"JLqJ4b\" data-language-for-alternatives=\"en\" data-language-to-translate-into=\"es\" data-phrase-index=\"0\" data-number-of-phrases=\"1\"><span class=\"HwtZe\" lang=\"en\"><span class=\"jCAhz ChMk0b\"><span class=\"ryNqvb\">The reality of the Santa Fe Capitulations and the character of the Columbian expedition.<\/span><\/span> <span class=\"jCAhz ChMk0b\"><span class=\"ryNqvb\">Extraordinary facsimile reproduction of a set of original documents<\/span><\/span><\/span><\/span><\/span><\/span><\/span><\/span><\/p>\n","protected":false},"featured_media":94205,"template":"","meta":[],"product_brand":[],"product_cat":[2250],"product_tag":[5769,5254,5120,3999],"class_list":{"0":"post-73740","1":"product","2":"type-product","3":"status-publish","4":"has-post-thumbnail","6":"product_cat-other-facsimiles","7":"product_tag-america-en","8":"product_tag-colon-en","9":"product_tag-history-en","10":"product_tag-testimonio-en","11":"description-off","13":"first","14":"instock","15":"taxable","16":"shipping-taxable","17":"purchasable","18":"product-type-simple"},"yoast_head":"<!-- This site is optimized with the Yoast SEO plugin v27.3 - https:\/\/yoast.com\/product\/yoast-seo-wordpress\/ -->\n<title>Capitulations of Santa Fe. 15th century<\/title>\n<meta name=\"description\" content=\"The reality of the Santa Fe Capitulations and the character of the Columbian expedition. Extraordinary facsimile reproduction of a set of original documents\" \/>\n<meta name=\"robots\" content=\"index, follow, max-snippet:-1, max-image-preview:large, max-video-preview:-1\" \/>\n<link rel=\"canonical\" href=\"https:\/\/www.comprarmejor.es\/en\/product\/capitulations-of-santa-fe-15th-century\/\" \/>\n<meta property=\"og:locale\" content=\"en_US\" \/>\n<meta property=\"og:type\" content=\"article\" \/>\n<meta property=\"og:title\" content=\"Capitulations of Santa Fe. 15th century\" \/>\n<meta property=\"og:description\" content=\"The reality of the Santa Fe Capitulations and the character of the Columbian expedition. Extraordinary facsimile reproduction of a set of original documents\" \/>\n<meta property=\"og:url\" content=\"https:\/\/www.comprarmejor.es\/en\/product\/capitulations-of-santa-fe-15th-century\/\" \/>\n<meta property=\"og:site_name\" content=\"ComprarMejor\" \/>\n<meta property=\"article:modified_time\" content=\"2026-05-05T09:29:12+00:00\" \/>\n<meta property=\"og:image\" content=\"https:\/\/www.comprarmejor.es\/wp-content\/uploads\/2022\/03\/CdSF.jpg\" \/>\n\t<meta property=\"og:image:width\" content=\"574\" \/>\n\t<meta property=\"og:image:height\" content=\"361\" \/>\n\t<meta property=\"og:image:type\" content=\"image\/jpeg\" \/>\n<meta name=\"twitter:card\" content=\"summary_large_image\" \/>\n<meta name=\"twitter:label1\" content=\"Est. reading time\" \/>\n\t<meta name=\"twitter:data1\" content=\"1 minute\" \/>\n<script type=\"application\/ld+json\" class=\"yoast-schema-graph\">{\"@context\":\"https:\\\/\\\/schema.org\",\"@graph\":[{\"@type\":\"WebPage\",\"@id\":\"https:\\\/\\\/www.comprarmejor.es\\\/en\\\/product\\\/capitulations-of-santa-fe-15th-century\\\/\",\"url\":\"https:\\\/\\\/www.comprarmejor.es\\\/en\\\/product\\\/capitulations-of-santa-fe-15th-century\\\/\",\"name\":\"Capitulations of Santa Fe. 15th century\",\"isPartOf\":{\"@id\":\"https:\\\/\\\/www.comprarmejor.es\\\/en\\\/#website\"},\"primaryImageOfPage\":{\"@id\":\"https:\\\/\\\/www.comprarmejor.es\\\/en\\\/product\\\/capitulations-of-santa-fe-15th-century\\\/#primaryimage\"},\"image\":{\"@id\":\"https:\\\/\\\/www.comprarmejor.es\\\/en\\\/product\\\/capitulations-of-santa-fe-15th-century\\\/#primaryimage\"},\"thumbnailUrl\":\"https:\\\/\\\/www.comprarmejor.es\\\/wp-content\\\/uploads\\\/2022\\\/03\\\/CdSF.jpg\",\"datePublished\":\"2022-03-08T11:49:57+00:00\",\"dateModified\":\"2026-05-05T09:29:12+00:00\",\"description\":\"The reality of the Santa Fe Capitulations and the character of the Columbian expedition. Extraordinary facsimile reproduction of a set of original documents\",\"breadcrumb\":{\"@id\":\"https:\\\/\\\/www.comprarmejor.es\\\/en\\\/product\\\/capitulations-of-santa-fe-15th-century\\\/#breadcrumb\"},\"inLanguage\":\"en-US\",\"potentialAction\":[{\"@type\":\"ReadAction\",\"target\":[\"https:\\\/\\\/www.comprarmejor.es\\\/en\\\/product\\\/capitulations-of-santa-fe-15th-century\\\/\"]}]},{\"@type\":\"ImageObject\",\"inLanguage\":\"en-US\",\"@id\":\"https:\\\/\\\/www.comprarmejor.es\\\/en\\\/product\\\/capitulations-of-santa-fe-15th-century\\\/#primaryimage\",\"url\":\"https:\\\/\\\/www.comprarmejor.es\\\/wp-content\\\/uploads\\\/2022\\\/03\\\/CdSF.jpg\",\"contentUrl\":\"https:\\\/\\\/www.comprarmejor.es\\\/wp-content\\\/uploads\\\/2022\\\/03\\\/CdSF.jpg\",\"width\":574,\"height\":361},{\"@type\":\"BreadcrumbList\",\"@id\":\"https:\\\/\\\/www.comprarmejor.es\\\/en\\\/product\\\/capitulations-of-santa-fe-15th-century\\\/#breadcrumb\",\"itemListElement\":[{\"@type\":\"ListItem\",\"position\":1,\"name\":\"Portada\",\"item\":\"https:\\\/\\\/www.comprarmejor.es\\\/en\\\/\"},{\"@type\":\"ListItem\",\"position\":2,\"name\":\"Shop\",\"item\":\"https:\\\/\\\/www.comprarmejor.es\\\/en\\\/shop\\\/\"},{\"@type\":\"ListItem\",\"position\":3,\"name\":\"Capitulations of Santa Fe. 15th century\"}]},{\"@type\":\"WebSite\",\"@id\":\"https:\\\/\\\/www.comprarmejor.es\\\/en\\\/#website\",\"url\":\"https:\\\/\\\/www.comprarmejor.es\\\/en\\\/\",\"name\":\"ComprarMejor\",\"description\":\"ComprarMejor\",\"publisher\":{\"@id\":\"https:\\\/\\\/www.comprarmejor.es\\\/en\\\/#organization\"},\"potentialAction\":[{\"@type\":\"SearchAction\",\"target\":{\"@type\":\"EntryPoint\",\"urlTemplate\":\"https:\\\/\\\/www.comprarmejor.es\\\/en\\\/?s={search_term_string}\"},\"query-input\":{\"@type\":\"PropertyValueSpecification\",\"valueRequired\":true,\"valueName\":\"search_term_string\"}}],\"inLanguage\":\"en-US\"},{\"@type\":\"Organization\",\"@id\":\"https:\\\/\\\/www.comprarmejor.es\\\/en\\\/#organization\",\"name\":\"COMPRAR MEJOR\",\"url\":\"https:\\\/\\\/www.comprarmejor.es\\\/en\\\/\",\"logo\":{\"@type\":\"ImageObject\",\"inLanguage\":\"en-US\",\"@id\":\"https:\\\/\\\/www.comprarmejor.es\\\/en\\\/#\\\/schema\\\/logo\\\/image\\\/\",\"url\":\"https:\\\/\\\/www.comprarmejor.es\\\/wp-content\\\/uploads\\\/2025\\\/09\\\/comprarmejortrinidad.jpg\",\"contentUrl\":\"https:\\\/\\\/www.comprarmejor.es\\\/wp-content\\\/uploads\\\/2025\\\/09\\\/comprarmejortrinidad.jpg\",\"width\":1022,\"height\":1380,\"caption\":\"COMPRAR MEJOR\"},\"image\":{\"@id\":\"https:\\\/\\\/www.comprarmejor.es\\\/en\\\/#\\\/schema\\\/logo\\\/image\\\/\"},\"sameAs\":[\"https:\\\/\\\/www.instagram.com\\\/amigosdelcodice\"]}]}<\/script>\n<!-- \/ Yoast SEO plugin. -->","yoast_head_json":{"title":"Capitulations of Santa Fe. 15th century","description":"The reality of the Santa Fe Capitulations and the character of the Columbian expedition. Extraordinary facsimile reproduction of a set of original documents","robots":{"index":"index","follow":"follow","max-snippet":"max-snippet:-1","max-image-preview":"max-image-preview:large","max-video-preview":"max-video-preview:-1"},"canonical":"https:\/\/www.comprarmejor.es\/en\/product\/capitulations-of-santa-fe-15th-century\/","og_locale":"en_US","og_type":"article","og_title":"Capitulations of Santa Fe. 15th century","og_description":"The reality of the Santa Fe Capitulations and the character of the Columbian expedition. Extraordinary facsimile reproduction of a set of original documents","og_url":"https:\/\/www.comprarmejor.es\/en\/product\/capitulations-of-santa-fe-15th-century\/","og_site_name":"ComprarMejor","article_modified_time":"2026-05-05T09:29:12+00:00","og_image":[{"width":574,"height":361,"url":"https:\/\/www.comprarmejor.es\/wp-content\/uploads\/2022\/03\/CdSF.jpg","type":"image\/jpeg"}],"twitter_card":"summary_large_image","twitter_misc":{"Est. reading time":"1 minute"},"schema":{"@context":"https:\/\/schema.org","@graph":[{"@type":"WebPage","@id":"https:\/\/www.comprarmejor.es\/en\/product\/capitulations-of-santa-fe-15th-century\/","url":"https:\/\/www.comprarmejor.es\/en\/product\/capitulations-of-santa-fe-15th-century\/","name":"Capitulations of Santa Fe. 15th century","isPartOf":{"@id":"https:\/\/www.comprarmejor.es\/en\/#website"},"primaryImageOfPage":{"@id":"https:\/\/www.comprarmejor.es\/en\/product\/capitulations-of-santa-fe-15th-century\/#primaryimage"},"image":{"@id":"https:\/\/www.comprarmejor.es\/en\/product\/capitulations-of-santa-fe-15th-century\/#primaryimage"},"thumbnailUrl":"https:\/\/www.comprarmejor.es\/wp-content\/uploads\/2022\/03\/CdSF.jpg","datePublished":"2022-03-08T11:49:57+00:00","dateModified":"2026-05-05T09:29:12+00:00","description":"The reality of the Santa Fe Capitulations and the character of the Columbian expedition. Extraordinary facsimile reproduction of a set of original documents","breadcrumb":{"@id":"https:\/\/www.comprarmejor.es\/en\/product\/capitulations-of-santa-fe-15th-century\/#breadcrumb"},"inLanguage":"en-US","potentialAction":[{"@type":"ReadAction","target":["https:\/\/www.comprarmejor.es\/en\/product\/capitulations-of-santa-fe-15th-century\/"]}]},{"@type":"ImageObject","inLanguage":"en-US","@id":"https:\/\/www.comprarmejor.es\/en\/product\/capitulations-of-santa-fe-15th-century\/#primaryimage","url":"https:\/\/www.comprarmejor.es\/wp-content\/uploads\/2022\/03\/CdSF.jpg","contentUrl":"https:\/\/www.comprarmejor.es\/wp-content\/uploads\/2022\/03\/CdSF.jpg","width":574,"height":361},{"@type":"BreadcrumbList","@id":"https:\/\/www.comprarmejor.es\/en\/product\/capitulations-of-santa-fe-15th-century\/#breadcrumb","itemListElement":[{"@type":"ListItem","position":1,"name":"Portada","item":"https:\/\/www.comprarmejor.es\/en\/"},{"@type":"ListItem","position":2,"name":"Shop","item":"https:\/\/www.comprarmejor.es\/en\/shop\/"},{"@type":"ListItem","position":3,"name":"Capitulations of Santa Fe. 15th century"}]},{"@type":"WebSite","@id":"https:\/\/www.comprarmejor.es\/en\/#website","url":"https:\/\/www.comprarmejor.es\/en\/","name":"ComprarMejor","description":"ComprarMejor","publisher":{"@id":"https:\/\/www.comprarmejor.es\/en\/#organization"},"potentialAction":[{"@type":"SearchAction","target":{"@type":"EntryPoint","urlTemplate":"https:\/\/www.comprarmejor.es\/en\/?s={search_term_string}"},"query-input":{"@type":"PropertyValueSpecification","valueRequired":true,"valueName":"search_term_string"}}],"inLanguage":"en-US"},{"@type":"Organization","@id":"https:\/\/www.comprarmejor.es\/en\/#organization","name":"COMPRAR MEJOR","url":"https:\/\/www.comprarmejor.es\/en\/","logo":{"@type":"ImageObject","inLanguage":"en-US","@id":"https:\/\/www.comprarmejor.es\/en\/#\/schema\/logo\/image\/","url":"https:\/\/www.comprarmejor.es\/wp-content\/uploads\/2025\/09\/comprarmejortrinidad.jpg","contentUrl":"https:\/\/www.comprarmejor.es\/wp-content\/uploads\/2025\/09\/comprarmejortrinidad.jpg","width":1022,"height":1380,"caption":"COMPRAR MEJOR"},"image":{"@id":"https:\/\/www.comprarmejor.es\/en\/#\/schema\/logo\/image\/"},"sameAs":["https:\/\/www.instagram.com\/amigosdelcodice"]}]}},"_links":{"self":[{"href":"https:\/\/www.comprarmejor.es\/en\/wp-json\/wp\/v2\/product\/73740","targetHints":{"allow":["GET"]}}],"collection":[{"href":"https:\/\/www.comprarmejor.es\/en\/wp-json\/wp\/v2\/product"}],"about":[{"href":"https:\/\/www.comprarmejor.es\/en\/wp-json\/wp\/v2\/types\/product"}],"wp:featuredmedia":[{"embeddable":true,"href":"https:\/\/www.comprarmejor.es\/en\/wp-json\/wp\/v2\/media\/94205"}],"wp:attachment":[{"href":"https:\/\/www.comprarmejor.es\/en\/wp-json\/wp\/v2\/media?parent=73740"}],"wp:term":[{"taxonomy":"product_brand","embeddable":true,"href":"https:\/\/www.comprarmejor.es\/en\/wp-json\/wp\/v2\/product_brand?post=73740"},{"taxonomy":"product_cat","embeddable":true,"href":"https:\/\/www.comprarmejor.es\/en\/wp-json\/wp\/v2\/product_cat?post=73740"},{"taxonomy":"product_tag","embeddable":true,"href":"https:\/\/www.comprarmejor.es\/en\/wp-json\/wp\/v2\/product_tag?post=73740"}],"curies":[{"name":"wp","href":"https:\/\/api.w.org\/{rel}","templated":true}]}}