{"id":73770,"date":"2022-03-10T12:49:47","date_gmt":"2022-03-10T11:49:49","guid":{"rendered":"https:\/\/www.comprarmejor.es\/?post_type=product&#038;p=73770"},"modified":"2022-03-10T13:04:42","modified_gmt":"2022-03-10T12:04:42","slug":"history-of-malaga-and-its-province-francisco-guillen-robles-1977","status":"publish","type":"product","link":"https:\/\/www.comprarmejor.es\/en\/product\/history-of-malaga-and-its-province-francisco-guillen-robles-1977\/","title":{"rendered":"History of Malaga and its Province, Francisco Guillen Robles, 1977"},"content":{"rendered":"<p style=\"text-align: justify;\">Facsimile edition made in 1977 of the History of Malaga and its Province, by Francisco Guill\u00e9n Robles (1846-1926), according to the 1874 edition.<\/p>\n<p style=\"text-align: justify;\">Book rebound in Dutch leather spine, Spanish paste, nerves, 2 tejuelos and gilding, plans in editorial leather, endpapers in artisanal water paper. Format 16.5 x 22 cm. 770 pages. Has 2 small round rubber stamps from previous owner.<\/p>\n<p style=\"text-align: justify;\">The book indicates that the facsimile edition consisted of 1,000 numbered copies, but we cannot find the copy number anywhere.<\/p>\n<p style=\"text-align: justify;\">Exclusive copy in this presentation, in perfect condition, unused. The paper shows slight signs of browning due to the passage of time.<\/p>\n<p style=\"text-align: justify;\"><span title=\"Gastos de env\u00edo por cuenta del comprador seg\u00fan pedido y destino.\"><span class=\"VIiyi\" lang=\"en\"><span class=\"JLqJ4b\" data-language-for-alternatives=\"en\" data-language-to-translate-into=\"es\" data-phrase-index=\"0\">Shipping costs paid by the buyer according to order and destination<\/span><\/span>. <\/span><span title=\"Cons\u00faltenos cualquier duda, as\u00ed como por cualquier otro art\u00edculo que est\u00e9 buscando.\"><a class=\"btn btn-default\" href=\"https:\/\/www.comprarmejor.es\/en\/contact\">Ask us<\/a> <span lang=\"en\" xml:lang=\"en\"><span lang=\"en\" xml:lang=\"en\">without obligation (indicating the reference of the article) any doubt.<br \/>\n<\/span><\/span><\/span><\/p>\n","protected":false},"excerpt":{"rendered":"<p style=\"text-align: justify;\"><span id=\"result_box\" lang=\"en\" xml:lang=\"en\"><span title=\"En 1999 el Diario Sur de M\u00e1laga comenz\u00f3 a editar en fasc\u00edculos la Semana Santa de M\u00e1laga, en una serie que denomin\u00f3 Pasi\u00f3n del Sur y que ha continuado ininterrumpidamente hasta nuestros d\u00edas todos los a\u00f1os durante unas semanas antes de la celebraci\u00f3n de la Semana Santa.\"><span lang=\"en\" xml:lang=\"en\"><span class=\"VIiyi\" lang=\"en\"><span class=\"JLqJ4b\" data-language-for-alternatives=\"en\" data-language-to-translate-into=\"es\" data-phrase-index=\"0\" data-number-of-phrases=\"1\">Facsimile edition made in 1977 of the History of Malaga and its Province, by Francisco Guill\u00e9n Robles (1846-1926), according to the 1874 edition.<\/span><\/span><\/span><\/span><\/span><\/p>\n","protected":false},"featured_media":73772,"template":"","meta":[],"product_brand":[],"product_cat":[2210,2250],"product_tag":[5120],"class_list":{"0":"post-73770","1":"product","2":"type-product","3":"status-publish","4":"has-post-thumbnail","6":"product_cat-bibliophilia","7":"product_cat-other-facsimiles","8":"product_tag-history-en","9":"product_shipping_class-from-2-to-5-kg","10":"description-off","12":"first","13":"instock","14":"taxable","15":"shipping-taxable","16":"purchasable","17":"product-type-simple"},"yoast_head":"<!-- This site is optimized with the Yoast SEO plugin v27.3 - https:\/\/yoast.com\/product\/yoast-seo-wordpress\/ -->\n<title>History of Malaga and its Province, Francisco Guillen Robles, 1977<\/title>\n<meta name=\"description\" content=\"Edition made in 1977 of the History of Malaga and its Province, by Francisco Guill\u00e9n Robles (1846-1926), according to the 1874 edition.\" \/>\n<meta name=\"robots\" content=\"index, follow, max-snippet:-1, max-image-preview:large, max-video-preview:-1\" \/>\n<link rel=\"canonical\" href=\"https:\/\/www.comprarmejor.es\/en\/product\/history-of-malaga-and-its-province-francisco-guillen-robles-1977\/\" \/>\n<meta property=\"og:locale\" content=\"en_US\" \/>\n<meta property=\"og:type\" content=\"article\" \/>\n<meta property=\"og:title\" content=\"History of Malaga and its Province, Francisco Guillen Robles, 1977\" \/>\n<meta property=\"og:description\" content=\"Edition made in 1977 of the History of Malaga and its Province, by Francisco Guill\u00e9n Robles (1846-1926), according to the 1874 edition.\" \/>\n<meta property=\"og:url\" content=\"https:\/\/www.comprarmejor.es\/en\/product\/history-of-malaga-and-its-province-francisco-guillen-robles-1977\/\" \/>\n<meta property=\"og:site_name\" content=\"ComprarMejor\" \/>\n<meta property=\"article:modified_time\" content=\"2022-03-10T12:04:42+00:00\" \/>\n<meta property=\"og:image\" content=\"https:\/\/www.comprarmejor.es\/wp-content\/uploads\/2022\/03\/DSC03289.jpg\" \/>\n\t<meta property=\"og:image:width\" content=\"324\" \/>\n\t<meta property=\"og:image:height\" content=\"600\" \/>\n\t<meta property=\"og:image:type\" content=\"image\/jpeg\" \/>\n<meta name=\"twitter:card\" content=\"summary_large_image\" \/>\n<meta name=\"twitter:label1\" content=\"Est. reading time\" \/>\n\t<meta name=\"twitter:data1\" content=\"2 minutes\" \/>\n<script type=\"application\/ld+json\" class=\"yoast-schema-graph\">{\"@context\":\"https:\\\/\\\/schema.org\",\"@graph\":[{\"@type\":\"WebPage\",\"@id\":\"https:\\\/\\\/www.comprarmejor.es\\\/en\\\/product\\\/history-of-malaga-and-its-province-francisco-guillen-robles-1977\\\/\",\"url\":\"https:\\\/\\\/www.comprarmejor.es\\\/en\\\/product\\\/history-of-malaga-and-its-province-francisco-guillen-robles-1977\\\/\",\"name\":\"History of Malaga and its Province, Francisco Guillen Robles, 1977\",\"isPartOf\":{\"@id\":\"https:\\\/\\\/www.comprarmejor.es\\\/en\\\/#website\"},\"primaryImageOfPage\":{\"@id\":\"https:\\\/\\\/www.comprarmejor.es\\\/en\\\/product\\\/history-of-malaga-and-its-province-francisco-guillen-robles-1977\\\/#primaryimage\"},\"image\":{\"@id\":\"https:\\\/\\\/www.comprarmejor.es\\\/en\\\/product\\\/history-of-malaga-and-its-province-francisco-guillen-robles-1977\\\/#primaryimage\"},\"thumbnailUrl\":\"https:\\\/\\\/www.comprarmejor.es\\\/wp-content\\\/uploads\\\/2022\\\/03\\\/DSC03289.jpg\",\"datePublished\":\"2022-03-10T11:49:49+00:00\",\"dateModified\":\"2022-03-10T12:04:42+00:00\",\"description\":\"Edition made in 1977 of the History of Malaga and its Province, by Francisco Guill\u00e9n Robles (1846-1926), according to the 1874 edition.\",\"breadcrumb\":{\"@id\":\"https:\\\/\\\/www.comprarmejor.es\\\/en\\\/product\\\/history-of-malaga-and-its-province-francisco-guillen-robles-1977\\\/#breadcrumb\"},\"inLanguage\":\"en-US\",\"potentialAction\":[{\"@type\":\"ReadAction\",\"target\":[\"https:\\\/\\\/www.comprarmejor.es\\\/en\\\/product\\\/history-of-malaga-and-its-province-francisco-guillen-robles-1977\\\/\"]}]},{\"@type\":\"ImageObject\",\"inLanguage\":\"en-US\",\"@id\":\"https:\\\/\\\/www.comprarmejor.es\\\/en\\\/product\\\/history-of-malaga-and-its-province-francisco-guillen-robles-1977\\\/#primaryimage\",\"url\":\"https:\\\/\\\/www.comprarmejor.es\\\/wp-content\\\/uploads\\\/2022\\\/03\\\/DSC03289.jpg\",\"contentUrl\":\"https:\\\/\\\/www.comprarmejor.es\\\/wp-content\\\/uploads\\\/2022\\\/03\\\/DSC03289.jpg\",\"width\":324,\"height\":600},{\"@type\":\"BreadcrumbList\",\"@id\":\"https:\\\/\\\/www.comprarmejor.es\\\/en\\\/product\\\/history-of-malaga-and-its-province-francisco-guillen-robles-1977\\\/#breadcrumb\",\"itemListElement\":[{\"@type\":\"ListItem\",\"position\":1,\"name\":\"Portada\",\"item\":\"https:\\\/\\\/www.comprarmejor.es\\\/en\\\/\"},{\"@type\":\"ListItem\",\"position\":2,\"name\":\"Shop\",\"item\":\"https:\\\/\\\/www.comprarmejor.es\\\/en\\\/shop\\\/\"},{\"@type\":\"ListItem\",\"position\":3,\"name\":\"History of Malaga and its Province, Francisco Guillen Robles, 1977\"}]},{\"@type\":\"WebSite\",\"@id\":\"https:\\\/\\\/www.comprarmejor.es\\\/en\\\/#website\",\"url\":\"https:\\\/\\\/www.comprarmejor.es\\\/en\\\/\",\"name\":\"ComprarMejor\",\"description\":\"ComprarMejor\",\"publisher\":{\"@id\":\"https:\\\/\\\/www.comprarmejor.es\\\/en\\\/#organization\"},\"potentialAction\":[{\"@type\":\"SearchAction\",\"target\":{\"@type\":\"EntryPoint\",\"urlTemplate\":\"https:\\\/\\\/www.comprarmejor.es\\\/en\\\/?s={search_term_string}\"},\"query-input\":{\"@type\":\"PropertyValueSpecification\",\"valueRequired\":true,\"valueName\":\"search_term_string\"}}],\"inLanguage\":\"en-US\"},{\"@type\":\"Organization\",\"@id\":\"https:\\\/\\\/www.comprarmejor.es\\\/en\\\/#organization\",\"name\":\"COMPRAR MEJOR\",\"url\":\"https:\\\/\\\/www.comprarmejor.es\\\/en\\\/\",\"logo\":{\"@type\":\"ImageObject\",\"inLanguage\":\"en-US\",\"@id\":\"https:\\\/\\\/www.comprarmejor.es\\\/en\\\/#\\\/schema\\\/logo\\\/image\\\/\",\"url\":\"https:\\\/\\\/www.comprarmejor.es\\\/wp-content\\\/uploads\\\/2025\\\/09\\\/comprarmejortrinidad.jpg\",\"contentUrl\":\"https:\\\/\\\/www.comprarmejor.es\\\/wp-content\\\/uploads\\\/2025\\\/09\\\/comprarmejortrinidad.jpg\",\"width\":1022,\"height\":1380,\"caption\":\"COMPRAR MEJOR\"},\"image\":{\"@id\":\"https:\\\/\\\/www.comprarmejor.es\\\/en\\\/#\\\/schema\\\/logo\\\/image\\\/\"},\"sameAs\":[\"https:\\\/\\\/www.instagram.com\\\/amigosdelcodice\"]}]}<\/script>\n<!-- \/ Yoast SEO plugin. -->","yoast_head_json":{"title":"History of Malaga and its Province, Francisco Guillen Robles, 1977","description":"Edition made in 1977 of the History of Malaga and its Province, by Francisco Guill\u00e9n Robles (1846-1926), according to the 1874 edition.","robots":{"index":"index","follow":"follow","max-snippet":"max-snippet:-1","max-image-preview":"max-image-preview:large","max-video-preview":"max-video-preview:-1"},"canonical":"https:\/\/www.comprarmejor.es\/en\/product\/history-of-malaga-and-its-province-francisco-guillen-robles-1977\/","og_locale":"en_US","og_type":"article","og_title":"History of Malaga and its Province, Francisco Guillen Robles, 1977","og_description":"Edition made in 1977 of the History of Malaga and its Province, by Francisco Guill\u00e9n Robles (1846-1926), according to the 1874 edition.","og_url":"https:\/\/www.comprarmejor.es\/en\/product\/history-of-malaga-and-its-province-francisco-guillen-robles-1977\/","og_site_name":"ComprarMejor","article_modified_time":"2022-03-10T12:04:42+00:00","og_image":[{"width":324,"height":600,"url":"https:\/\/www.comprarmejor.es\/wp-content\/uploads\/2022\/03\/DSC03289.jpg","type":"image\/jpeg"}],"twitter_card":"summary_large_image","twitter_misc":{"Est. reading time":"2 minutes"},"schema":{"@context":"https:\/\/schema.org","@graph":[{"@type":"WebPage","@id":"https:\/\/www.comprarmejor.es\/en\/product\/history-of-malaga-and-its-province-francisco-guillen-robles-1977\/","url":"https:\/\/www.comprarmejor.es\/en\/product\/history-of-malaga-and-its-province-francisco-guillen-robles-1977\/","name":"History of Malaga and its Province, Francisco Guillen Robles, 1977","isPartOf":{"@id":"https:\/\/www.comprarmejor.es\/en\/#website"},"primaryImageOfPage":{"@id":"https:\/\/www.comprarmejor.es\/en\/product\/history-of-malaga-and-its-province-francisco-guillen-robles-1977\/#primaryimage"},"image":{"@id":"https:\/\/www.comprarmejor.es\/en\/product\/history-of-malaga-and-its-province-francisco-guillen-robles-1977\/#primaryimage"},"thumbnailUrl":"https:\/\/www.comprarmejor.es\/wp-content\/uploads\/2022\/03\/DSC03289.jpg","datePublished":"2022-03-10T11:49:49+00:00","dateModified":"2022-03-10T12:04:42+00:00","description":"Edition made in 1977 of the History of Malaga and its Province, by Francisco Guill\u00e9n Robles (1846-1926), according to the 1874 edition.","breadcrumb":{"@id":"https:\/\/www.comprarmejor.es\/en\/product\/history-of-malaga-and-its-province-francisco-guillen-robles-1977\/#breadcrumb"},"inLanguage":"en-US","potentialAction":[{"@type":"ReadAction","target":["https:\/\/www.comprarmejor.es\/en\/product\/history-of-malaga-and-its-province-francisco-guillen-robles-1977\/"]}]},{"@type":"ImageObject","inLanguage":"en-US","@id":"https:\/\/www.comprarmejor.es\/en\/product\/history-of-malaga-and-its-province-francisco-guillen-robles-1977\/#primaryimage","url":"https:\/\/www.comprarmejor.es\/wp-content\/uploads\/2022\/03\/DSC03289.jpg","contentUrl":"https:\/\/www.comprarmejor.es\/wp-content\/uploads\/2022\/03\/DSC03289.jpg","width":324,"height":600},{"@type":"BreadcrumbList","@id":"https:\/\/www.comprarmejor.es\/en\/product\/history-of-malaga-and-its-province-francisco-guillen-robles-1977\/#breadcrumb","itemListElement":[{"@type":"ListItem","position":1,"name":"Portada","item":"https:\/\/www.comprarmejor.es\/en\/"},{"@type":"ListItem","position":2,"name":"Shop","item":"https:\/\/www.comprarmejor.es\/en\/shop\/"},{"@type":"ListItem","position":3,"name":"History of Malaga and its Province, Francisco Guillen Robles, 1977"}]},{"@type":"WebSite","@id":"https:\/\/www.comprarmejor.es\/en\/#website","url":"https:\/\/www.comprarmejor.es\/en\/","name":"ComprarMejor","description":"ComprarMejor","publisher":{"@id":"https:\/\/www.comprarmejor.es\/en\/#organization"},"potentialAction":[{"@type":"SearchAction","target":{"@type":"EntryPoint","urlTemplate":"https:\/\/www.comprarmejor.es\/en\/?s={search_term_string}"},"query-input":{"@type":"PropertyValueSpecification","valueRequired":true,"valueName":"search_term_string"}}],"inLanguage":"en-US"},{"@type":"Organization","@id":"https:\/\/www.comprarmejor.es\/en\/#organization","name":"COMPRAR MEJOR","url":"https:\/\/www.comprarmejor.es\/en\/","logo":{"@type":"ImageObject","inLanguage":"en-US","@id":"https:\/\/www.comprarmejor.es\/en\/#\/schema\/logo\/image\/","url":"https:\/\/www.comprarmejor.es\/wp-content\/uploads\/2025\/09\/comprarmejortrinidad.jpg","contentUrl":"https:\/\/www.comprarmejor.es\/wp-content\/uploads\/2025\/09\/comprarmejortrinidad.jpg","width":1022,"height":1380,"caption":"COMPRAR MEJOR"},"image":{"@id":"https:\/\/www.comprarmejor.es\/en\/#\/schema\/logo\/image\/"},"sameAs":["https:\/\/www.instagram.com\/amigosdelcodice"]}]}},"_links":{"self":[{"href":"https:\/\/www.comprarmejor.es\/en\/wp-json\/wp\/v2\/product\/73770","targetHints":{"allow":["GET"]}}],"collection":[{"href":"https:\/\/www.comprarmejor.es\/en\/wp-json\/wp\/v2\/product"}],"about":[{"href":"https:\/\/www.comprarmejor.es\/en\/wp-json\/wp\/v2\/types\/product"}],"wp:featuredmedia":[{"embeddable":true,"href":"https:\/\/www.comprarmejor.es\/en\/wp-json\/wp\/v2\/media\/73772"}],"wp:attachment":[{"href":"https:\/\/www.comprarmejor.es\/en\/wp-json\/wp\/v2\/media?parent=73770"}],"wp:term":[{"taxonomy":"product_brand","embeddable":true,"href":"https:\/\/www.comprarmejor.es\/en\/wp-json\/wp\/v2\/product_brand?post=73770"},{"taxonomy":"product_cat","embeddable":true,"href":"https:\/\/www.comprarmejor.es\/en\/wp-json\/wp\/v2\/product_cat?post=73770"},{"taxonomy":"product_tag","embeddable":true,"href":"https:\/\/www.comprarmejor.es\/en\/wp-json\/wp\/v2\/product_tag?post=73770"}],"curies":[{"name":"wp","href":"https:\/\/api.w.org\/{rel}","templated":true}]}}