{"id":73916,"date":"2022-03-12T13:40:42","date_gmt":"2022-03-12T12:40:43","guid":{"rendered":"https:\/\/www.comprarmejor.es\/?post_type=product&#038;p=73916"},"modified":"2023-10-27T13:46:27","modified_gmt":"2023-10-27T11:46:27","slug":"poem-by-mio-cid-bibliophile-circle-1982","status":"publish","type":"product","link":"https:\/\/www.comprarmejor.es\/en\/product\/poem-by-mio-cid-bibliophile-circle-1982\/","title":{"rendered":"Poem by Mio Cid. Bibliophile Circle, 1982"},"content":{"rendered":"<p style=\"text-align: justify;\">Beautiful edition composed of the modern transcription in verse-romance of the \u201c<strong>Cantar de Mio Cid<\/strong>\u201d, enriched with 12 period engravings, and preceded by a prologue and notes by Luis Guarner, Professor of Literature. Followed by the facsimile edition of the manuscript of the \u201cPoema de Mio Cid\u201d by Per Abbat, made at the beginning of the 14th century, plus a Study of the same by Francisco Luis Cardona, Doctor and Professor of History. Editor of the Friends of the Bibliophile Circle, Barcelona, 1982.<\/p>\n<p style=\"text-align: justify;\">Numbered edition limited to 1,499 copies. Bound in hardcover printed with ornaments, colors and gold, guide tape, gilt top edge. Format 20.8 x 27.5 cm. 512 pages on laid paper with the watermark of the Circle.<\/p>\n<p style=\"text-align: justify;\">A very complete and definitive edition of this beautiful medieval Spanish epic poem that should not be missing in any self-respecting library.<\/p>\n<p style=\"text-align: justify;\">Shipping costs according to order and destination<span title=\"Gastos de env\u00edo por cuenta del comprador seg\u00fan pedido y destino.\">. <\/span><span title=\"Cons\u00faltenos cualquier duda, as\u00ed como por cualquier otro art\u00edculo que est\u00e9 buscando.\"><a class=\"btn btn-default\" href=\"https:\/\/www.comprarmejor.es\/en\/contact\">Ask us<\/a> <span lang=\"en\" xml:lang=\"en\"><span lang=\"en\" xml:lang=\"en\"><span class=\"HwtZe\" lang=\"en\"><span class=\"jCAhz ChMk0b\"><span class=\"ryNqvb\">any questions, indicating the article reference.<\/span><\/span><\/span><\/span><\/span><\/span><\/p>\n","protected":false},"excerpt":{"rendered":"<p style=\"text-align: justify;\"><span id=\"result_box\" lang=\"en\" xml:lang=\"en\"><span title=\"En 1999 el Diario Sur de M\u00e1laga comenz\u00f3 a editar en fasc\u00edculos la Semana Santa de M\u00e1laga, en una serie que denomin\u00f3 Pasi\u00f3n del Sur y que ha continuado ininterrumpidamente hasta nuestros d\u00edas todos los a\u00f1os durante unas semanas antes de la celebraci\u00f3n de la Semana Santa.\"><span lang=\"en\" xml:lang=\"en\"><span class=\"VIiyi\" lang=\"en\"><span class=\"JLqJ4b\" data-language-for-alternatives=\"en\" data-language-to-translate-into=\"es\" data-phrase-index=\"0\" data-number-of-phrases=\"1\"><span class=\"HwtZe\" lang=\"en\"><span class=\"jCAhz ChMk0b\"><span class=\"ryNqvb\">Beautiful edition composed of the modern transcription in verse-romance of the \u201cCantar de Mio Cid\u201d, enriched with 12 period engravings, and preceded by a prologue and notes by Luis Guarner<br \/>\n<\/span><\/span><\/span><\/span><\/span><\/span><\/span><\/span><\/p>\n","protected":false},"featured_media":90657,"template":"","meta":[],"product_brand":[],"product_cat":[2210,5118],"product_tag":[5822,4736,5120],"class_list":{"0":"post-73916","1":"product","2":"type-product","3":"status-publish","4":"has-post-thumbnail","6":"product_cat-bibliophilia","7":"product_cat-bindings","8":"product_tag-bibliofilia-en","9":"product_tag-cid-en","10":"product_tag-history-en","11":"product_shipping_class-from-0-to-1-kg","12":"description-off","14":"first","15":"instock","16":"taxable","17":"shipping-taxable","18":"purchasable","19":"product-type-simple"},"yoast_head":"<!-- This site is optimized with the Yoast SEO plugin v27.3 - https:\/\/yoast.com\/product\/yoast-seo-wordpress\/ -->\n<title>Poem by Mio Cid. Bibliophile Circle, 1982<\/title>\n<meta name=\"description\" content=\"Beautiful edition composed of the modern transcription in verse-romance of the \u201cCantar de Mio Cid\u201d, enriched with 12 period engravings, and preceded by a\" \/>\n<meta name=\"robots\" content=\"index, follow, max-snippet:-1, max-image-preview:large, max-video-preview:-1\" \/>\n<link rel=\"canonical\" href=\"https:\/\/www.comprarmejor.es\/en\/product\/poem-by-mio-cid-bibliophile-circle-1982\/\" \/>\n<meta property=\"og:locale\" content=\"en_US\" \/>\n<meta property=\"og:type\" content=\"article\" \/>\n<meta property=\"og:title\" content=\"Poem by Mio Cid. Bibliophile Circle, 1982\" \/>\n<meta property=\"og:description\" content=\"Beautiful edition composed of the modern transcription in verse-romance of the \u201cCantar de Mio Cid\u201d, enriched with 12 period engravings, and preceded by a\" \/>\n<meta property=\"og:url\" content=\"https:\/\/www.comprarmejor.es\/en\/product\/poem-by-mio-cid-bibliophile-circle-1982\/\" \/>\n<meta property=\"og:site_name\" content=\"ComprarMejor\" \/>\n<meta property=\"article:modified_time\" content=\"2023-10-27T11:46:27+00:00\" \/>\n<meta property=\"og:image\" content=\"https:\/\/www.comprarmejor.es\/wp-content\/uploads\/2022\/03\/CIDCdB-1.jpg\" \/>\n\t<meta property=\"og:image:width\" content=\"743\" \/>\n\t<meta property=\"og:image:height\" content=\"539\" \/>\n\t<meta property=\"og:image:type\" content=\"image\/jpeg\" \/>\n<meta name=\"twitter:card\" content=\"summary_large_image\" \/>\n<meta name=\"twitter:label1\" content=\"Est. reading time\" \/>\n\t<meta name=\"twitter:data1\" content=\"1 minute\" \/>\n<script type=\"application\/ld+json\" class=\"yoast-schema-graph\">{\"@context\":\"https:\\\/\\\/schema.org\",\"@graph\":[{\"@type\":\"WebPage\",\"@id\":\"https:\\\/\\\/www.comprarmejor.es\\\/en\\\/product\\\/poem-by-mio-cid-bibliophile-circle-1982\\\/\",\"url\":\"https:\\\/\\\/www.comprarmejor.es\\\/en\\\/product\\\/poem-by-mio-cid-bibliophile-circle-1982\\\/\",\"name\":\"Poem by Mio Cid. Bibliophile Circle, 1982\",\"isPartOf\":{\"@id\":\"https:\\\/\\\/www.comprarmejor.es\\\/en\\\/#website\"},\"primaryImageOfPage\":{\"@id\":\"https:\\\/\\\/www.comprarmejor.es\\\/en\\\/product\\\/poem-by-mio-cid-bibliophile-circle-1982\\\/#primaryimage\"},\"image\":{\"@id\":\"https:\\\/\\\/www.comprarmejor.es\\\/en\\\/product\\\/poem-by-mio-cid-bibliophile-circle-1982\\\/#primaryimage\"},\"thumbnailUrl\":\"https:\\\/\\\/www.comprarmejor.es\\\/wp-content\\\/uploads\\\/2022\\\/03\\\/CIDCdB-1.jpg\",\"datePublished\":\"2022-03-12T12:40:43+00:00\",\"dateModified\":\"2023-10-27T11:46:27+00:00\",\"description\":\"Beautiful edition composed of the modern transcription in verse-romance of the \u201cCantar de Mio Cid\u201d, enriched with 12 period engravings, and preceded by a\",\"breadcrumb\":{\"@id\":\"https:\\\/\\\/www.comprarmejor.es\\\/en\\\/product\\\/poem-by-mio-cid-bibliophile-circle-1982\\\/#breadcrumb\"},\"inLanguage\":\"en-US\",\"potentialAction\":[{\"@type\":\"ReadAction\",\"target\":[\"https:\\\/\\\/www.comprarmejor.es\\\/en\\\/product\\\/poem-by-mio-cid-bibliophile-circle-1982\\\/\"]}]},{\"@type\":\"ImageObject\",\"inLanguage\":\"en-US\",\"@id\":\"https:\\\/\\\/www.comprarmejor.es\\\/en\\\/product\\\/poem-by-mio-cid-bibliophile-circle-1982\\\/#primaryimage\",\"url\":\"https:\\\/\\\/www.comprarmejor.es\\\/wp-content\\\/uploads\\\/2022\\\/03\\\/CIDCdB-1.jpg\",\"contentUrl\":\"https:\\\/\\\/www.comprarmejor.es\\\/wp-content\\\/uploads\\\/2022\\\/03\\\/CIDCdB-1.jpg\",\"width\":743,\"height\":539},{\"@type\":\"BreadcrumbList\",\"@id\":\"https:\\\/\\\/www.comprarmejor.es\\\/en\\\/product\\\/poem-by-mio-cid-bibliophile-circle-1982\\\/#breadcrumb\",\"itemListElement\":[{\"@type\":\"ListItem\",\"position\":1,\"name\":\"Portada\",\"item\":\"https:\\\/\\\/www.comprarmejor.es\\\/en\\\/\"},{\"@type\":\"ListItem\",\"position\":2,\"name\":\"Shop\",\"item\":\"https:\\\/\\\/www.comprarmejor.es\\\/en\\\/shop\\\/\"},{\"@type\":\"ListItem\",\"position\":3,\"name\":\"Poem by Mio Cid. Bibliophile Circle, 1982\"}]},{\"@type\":\"WebSite\",\"@id\":\"https:\\\/\\\/www.comprarmejor.es\\\/en\\\/#website\",\"url\":\"https:\\\/\\\/www.comprarmejor.es\\\/en\\\/\",\"name\":\"ComprarMejor\",\"description\":\"ComprarMejor\",\"publisher\":{\"@id\":\"https:\\\/\\\/www.comprarmejor.es\\\/en\\\/#organization\"},\"potentialAction\":[{\"@type\":\"SearchAction\",\"target\":{\"@type\":\"EntryPoint\",\"urlTemplate\":\"https:\\\/\\\/www.comprarmejor.es\\\/en\\\/?s={search_term_string}\"},\"query-input\":{\"@type\":\"PropertyValueSpecification\",\"valueRequired\":true,\"valueName\":\"search_term_string\"}}],\"inLanguage\":\"en-US\"},{\"@type\":\"Organization\",\"@id\":\"https:\\\/\\\/www.comprarmejor.es\\\/en\\\/#organization\",\"name\":\"COMPRAR MEJOR\",\"url\":\"https:\\\/\\\/www.comprarmejor.es\\\/en\\\/\",\"logo\":{\"@type\":\"ImageObject\",\"inLanguage\":\"en-US\",\"@id\":\"https:\\\/\\\/www.comprarmejor.es\\\/en\\\/#\\\/schema\\\/logo\\\/image\\\/\",\"url\":\"https:\\\/\\\/www.comprarmejor.es\\\/wp-content\\\/uploads\\\/2025\\\/09\\\/comprarmejortrinidad.jpg\",\"contentUrl\":\"https:\\\/\\\/www.comprarmejor.es\\\/wp-content\\\/uploads\\\/2025\\\/09\\\/comprarmejortrinidad.jpg\",\"width\":1022,\"height\":1380,\"caption\":\"COMPRAR MEJOR\"},\"image\":{\"@id\":\"https:\\\/\\\/www.comprarmejor.es\\\/en\\\/#\\\/schema\\\/logo\\\/image\\\/\"},\"sameAs\":[\"https:\\\/\\\/www.instagram.com\\\/amigosdelcodice\"]}]}<\/script>\n<!-- \/ Yoast SEO plugin. -->","yoast_head_json":{"title":"Poem by Mio Cid. Bibliophile Circle, 1982","description":"Beautiful edition composed of the modern transcription in verse-romance of the \u201cCantar de Mio Cid\u201d, enriched with 12 period engravings, and preceded by a","robots":{"index":"index","follow":"follow","max-snippet":"max-snippet:-1","max-image-preview":"max-image-preview:large","max-video-preview":"max-video-preview:-1"},"canonical":"https:\/\/www.comprarmejor.es\/en\/product\/poem-by-mio-cid-bibliophile-circle-1982\/","og_locale":"en_US","og_type":"article","og_title":"Poem by Mio Cid. Bibliophile Circle, 1982","og_description":"Beautiful edition composed of the modern transcription in verse-romance of the \u201cCantar de Mio Cid\u201d, enriched with 12 period engravings, and preceded by a","og_url":"https:\/\/www.comprarmejor.es\/en\/product\/poem-by-mio-cid-bibliophile-circle-1982\/","og_site_name":"ComprarMejor","article_modified_time":"2023-10-27T11:46:27+00:00","og_image":[{"width":743,"height":539,"url":"https:\/\/www.comprarmejor.es\/wp-content\/uploads\/2022\/03\/CIDCdB-1.jpg","type":"image\/jpeg"}],"twitter_card":"summary_large_image","twitter_misc":{"Est. reading time":"1 minute"},"schema":{"@context":"https:\/\/schema.org","@graph":[{"@type":"WebPage","@id":"https:\/\/www.comprarmejor.es\/en\/product\/poem-by-mio-cid-bibliophile-circle-1982\/","url":"https:\/\/www.comprarmejor.es\/en\/product\/poem-by-mio-cid-bibliophile-circle-1982\/","name":"Poem by Mio Cid. Bibliophile Circle, 1982","isPartOf":{"@id":"https:\/\/www.comprarmejor.es\/en\/#website"},"primaryImageOfPage":{"@id":"https:\/\/www.comprarmejor.es\/en\/product\/poem-by-mio-cid-bibliophile-circle-1982\/#primaryimage"},"image":{"@id":"https:\/\/www.comprarmejor.es\/en\/product\/poem-by-mio-cid-bibliophile-circle-1982\/#primaryimage"},"thumbnailUrl":"https:\/\/www.comprarmejor.es\/wp-content\/uploads\/2022\/03\/CIDCdB-1.jpg","datePublished":"2022-03-12T12:40:43+00:00","dateModified":"2023-10-27T11:46:27+00:00","description":"Beautiful edition composed of the modern transcription in verse-romance of the \u201cCantar de Mio Cid\u201d, enriched with 12 period engravings, and preceded by a","breadcrumb":{"@id":"https:\/\/www.comprarmejor.es\/en\/product\/poem-by-mio-cid-bibliophile-circle-1982\/#breadcrumb"},"inLanguage":"en-US","potentialAction":[{"@type":"ReadAction","target":["https:\/\/www.comprarmejor.es\/en\/product\/poem-by-mio-cid-bibliophile-circle-1982\/"]}]},{"@type":"ImageObject","inLanguage":"en-US","@id":"https:\/\/www.comprarmejor.es\/en\/product\/poem-by-mio-cid-bibliophile-circle-1982\/#primaryimage","url":"https:\/\/www.comprarmejor.es\/wp-content\/uploads\/2022\/03\/CIDCdB-1.jpg","contentUrl":"https:\/\/www.comprarmejor.es\/wp-content\/uploads\/2022\/03\/CIDCdB-1.jpg","width":743,"height":539},{"@type":"BreadcrumbList","@id":"https:\/\/www.comprarmejor.es\/en\/product\/poem-by-mio-cid-bibliophile-circle-1982\/#breadcrumb","itemListElement":[{"@type":"ListItem","position":1,"name":"Portada","item":"https:\/\/www.comprarmejor.es\/en\/"},{"@type":"ListItem","position":2,"name":"Shop","item":"https:\/\/www.comprarmejor.es\/en\/shop\/"},{"@type":"ListItem","position":3,"name":"Poem by Mio Cid. Bibliophile Circle, 1982"}]},{"@type":"WebSite","@id":"https:\/\/www.comprarmejor.es\/en\/#website","url":"https:\/\/www.comprarmejor.es\/en\/","name":"ComprarMejor","description":"ComprarMejor","publisher":{"@id":"https:\/\/www.comprarmejor.es\/en\/#organization"},"potentialAction":[{"@type":"SearchAction","target":{"@type":"EntryPoint","urlTemplate":"https:\/\/www.comprarmejor.es\/en\/?s={search_term_string}"},"query-input":{"@type":"PropertyValueSpecification","valueRequired":true,"valueName":"search_term_string"}}],"inLanguage":"en-US"},{"@type":"Organization","@id":"https:\/\/www.comprarmejor.es\/en\/#organization","name":"COMPRAR MEJOR","url":"https:\/\/www.comprarmejor.es\/en\/","logo":{"@type":"ImageObject","inLanguage":"en-US","@id":"https:\/\/www.comprarmejor.es\/en\/#\/schema\/logo\/image\/","url":"https:\/\/www.comprarmejor.es\/wp-content\/uploads\/2025\/09\/comprarmejortrinidad.jpg","contentUrl":"https:\/\/www.comprarmejor.es\/wp-content\/uploads\/2025\/09\/comprarmejortrinidad.jpg","width":1022,"height":1380,"caption":"COMPRAR MEJOR"},"image":{"@id":"https:\/\/www.comprarmejor.es\/en\/#\/schema\/logo\/image\/"},"sameAs":["https:\/\/www.instagram.com\/amigosdelcodice"]}]}},"_links":{"self":[{"href":"https:\/\/www.comprarmejor.es\/en\/wp-json\/wp\/v2\/product\/73916","targetHints":{"allow":["GET"]}}],"collection":[{"href":"https:\/\/www.comprarmejor.es\/en\/wp-json\/wp\/v2\/product"}],"about":[{"href":"https:\/\/www.comprarmejor.es\/en\/wp-json\/wp\/v2\/types\/product"}],"wp:featuredmedia":[{"embeddable":true,"href":"https:\/\/www.comprarmejor.es\/en\/wp-json\/wp\/v2\/media\/90657"}],"wp:attachment":[{"href":"https:\/\/www.comprarmejor.es\/en\/wp-json\/wp\/v2\/media?parent=73916"}],"wp:term":[{"taxonomy":"product_brand","embeddable":true,"href":"https:\/\/www.comprarmejor.es\/en\/wp-json\/wp\/v2\/product_brand?post=73916"},{"taxonomy":"product_cat","embeddable":true,"href":"https:\/\/www.comprarmejor.es\/en\/wp-json\/wp\/v2\/product_cat?post=73916"},{"taxonomy":"product_tag","embeddable":true,"href":"https:\/\/www.comprarmejor.es\/en\/wp-json\/wp\/v2\/product_tag?post=73916"}],"curies":[{"name":"wp","href":"https:\/\/api.w.org\/{rel}","templated":true}]}}