{"id":74048,"date":"2022-03-18T11:12:45","date_gmt":"2022-03-18T10:12:47","guid":{"rendered":"https:\/\/www.comprarmejor.es\/?post_type=product&#038;p=74048"},"modified":"2023-09-22T10:23:47","modified_gmt":"2023-09-22T08:23:47","slug":"autograph-letters-of-christopher-columbus-commemorative-edition-2006","status":"publish","type":"product","link":"https:\/\/www.comprarmejor.es\/en\/product\/autograph-letters-of-christopher-columbus-commemorative-edition-2006\/","title":{"rendered":"Autograph Letters of Christopher Columbus. Commemorative edition, 2006"},"content":{"rendered":"<p style=\"text-align: justify;\">Commemorative edition and facsimile of the Autograph Letters of Christopher Columbus that are preserved in the General Archive of the Indies (Seville).<\/p>\n<p style=\"text-align: justify;\">On the occasion of the V Centenary of the death of Christopher Columbus (1506-2006), the publishing label Taberna Libraria publishes the 15 autograph letters of the Admiral, never before reproduced, in a high quality facsimile edition, which will undoubtedly constitute a delight and enjoyment for Columbianists and historians with the reading of the documents.<\/p>\n<p style=\"text-align: justify;\">The edition of these fifteen autograph letters, plus an autograph memorial, is accompanied by their transcription and analysis carried out by Ms. Mar\u00eda Isabel Sim\u00f3 Rodr\u00edguez (Director of the General Archive of the Indies) and Ms. Pilar L\u00e1zaro de la Escosura (Head of the References Department of the AGI).<\/p>\n<p style=\"text-align: justify;\">The work is presented in an elegant case (format 30.5 x 38.5 x 7 cm), which contains all the letters (15 letters plus a memorial, 36 pages), the volume of transcription and analysis of them ( format 21 x 29.7 cm, 144 pages, bound in hard cloth cover with dust jacket) and the notarial act that authenticates the limited and numbered edition of 500 copies.<\/p>\n<p style=\"text-align: justify;\">The General Archive of the Indies, created by King Carlos III in 1785, is considered the first research center in the world for the study and knowledge of the Spanish administration in America. It contains documentation referring to more than three centuries of history not only of the American continent, but also of the possessions that Spain held in the Far East.<\/p>\n<p style=\"text-align: justify;\">In the more than 43,000 files that it preserves, all the vicissitudes and events that occurred during the Discovery, conquest and colonization of the New World can be studied and known.<\/p>\n<p style=\"text-align: justify;\">Along with all this documentation that we could define as official, in 1926 an event occurred that would enrich the Archive&#8217;s funds. It was the acquisition by purchase by the Spanish State from the descendant of Admiral Don Crist\u00f3bal Col\u00f3n, of the Veragua Archive. This Archive contained the original official documents that both Christopher Columbus and his successors had jealously guarded in order to defend their rights and prerogatives granted since the time of the Catholic Monarchs. But along with the official documents, others of a private nature also appeared, no less than fifteen original letters in the Admiral&#8217;s handwriting plus the draft of another, also handwritten by Columbus, but unsigned.<\/p>\n<p style=\"text-align: justify;\">These letters correspond, with the exception of the draft dated at the end of 1500, to Columbus&#8217;s fourth and last trip to America and his return to Seville, between 1502 and 1505. In these documents, Columbus reflects his concerns, fears, his lack of health. , and almost invariably their concern that the titles granted by the Kings are not respected.<\/p>\n<p style=\"text-align: justify;\">It is about being able to know, through reading it, the feeling of rage and humiliation that Columbus experienced when he returned to Spain in 1500, after his third voyage, chained and stripped of the titles of Viceroy of the Indies and Governor of Hispaniola, when He addresses the Royal Council with the letter titled &#8220;To the Lords&#8221;, as well as the one he wrote to his son Diego on February 5, 1505, where he mentions Am\u00e9rico Vespucio, saying of him that &#8220;he is a very good man to whom the fortune has been against him like many others.\u201d<\/p>\n<p style=\"text-align: justify;\">Complete copy and in perfect condition, new, unused.<\/p>\n<p style=\"text-align: justify;\">Free shipping for this item<span title=\"Gastos de env\u00edo por cuenta del comprador seg\u00fan pedido y destino.\">. <\/span><span title=\"Cons\u00faltenos cualquier duda, as\u00ed como por cualquier otro art\u00edculo que est\u00e9 buscando.\"><a class=\"btn btn-default\" href=\"https:\/\/www.comprarmejor.es\/en\/contact\">Ask us<\/a> <span lang=\"en\" xml:lang=\"en\"><span lang=\"en\" xml:lang=\"en\"><span class=\"HwtZe\" lang=\"en\"><span class=\"jCAhz ChMk0b\"><span class=\"ryNqvb\">any questions, indicating the article reference.<\/span><\/span><\/span><\/span><\/span><\/span><\/p>\n","protected":false},"excerpt":{"rendered":"<p style=\"text-align: justify;\"><span id=\"result_box\" lang=\"en\" xml:lang=\"en\"><span title=\"En 1999 el Diario Sur de M\u00e1laga comenz\u00f3 a editar en fasc\u00edculos la Semana Santa de M\u00e1laga, en una serie que denomin\u00f3 Pasi\u00f3n del Sur y que ha continuado ininterrumpidamente hasta nuestros d\u00edas todos los a\u00f1os durante unas semanas antes de la celebraci\u00f3n de la Semana Santa.\"><span lang=\"en\" xml:lang=\"en\"><span class=\"VIiyi\" lang=\"en\"><span class=\"JLqJ4b\" data-language-for-alternatives=\"en\" data-language-to-translate-into=\"es\" data-phrase-index=\"0\" data-number-of-phrases=\"1\"><span class=\"HwtZe\" lang=\"en\"><span class=\"jCAhz ChMk0b\"><span class=\"ryNqvb\">Commemorative edition and facsimile of the Autograph Letters of Christopher Columbus that are preserved in the General Archive of the Indies (Seville).<\/span><\/span><\/span><\/span><\/span><\/span><\/span><\/span><\/p>\n","protected":false},"featured_media":90085,"template":"","meta":[],"product_brand":[],"product_cat":[2250],"product_tag":[5769,5254,5120,4519,4090],"class_list":{"0":"post-74048","1":"product","2":"type-product","3":"status-publish","4":"has-post-thumbnail","6":"product_cat-other-facsimiles","7":"product_tag-america-en","8":"product_tag-colon-en","9":"product_tag-history-en","10":"product_tag-libraria-en-2","11":"product_tag-taberna-en","12":"description-off","14":"first","15":"instock","16":"taxable","17":"shipping-taxable","18":"purchasable","19":"product-type-simple"},"yoast_head":"<!-- This site is optimized with the Yoast SEO plugin v27.3 - https:\/\/yoast.com\/product\/yoast-seo-wordpress\/ -->\n<title>Autograph Letters of Christopher Columbus. Commemorative editio<\/title>\n<meta name=\"description\" content=\"Commemorative edition and facsimile of the Autograph Letters of Christopher Columbus that are preserved in the General Archive of the Indies (Seville).\" \/>\n<meta name=\"robots\" content=\"index, follow, max-snippet:-1, max-image-preview:large, max-video-preview:-1\" \/>\n<link rel=\"canonical\" href=\"https:\/\/www.comprarmejor.es\/en\/product\/autograph-letters-of-christopher-columbus-commemorative-edition-2006\/\" \/>\n<meta property=\"og:locale\" content=\"en_US\" \/>\n<meta property=\"og:type\" content=\"article\" \/>\n<meta property=\"og:title\" content=\"Autograph Letters of Christopher Columbus. Commemorative editio\" \/>\n<meta property=\"og:description\" content=\"Commemorative edition and facsimile of the Autograph Letters of Christopher Columbus that are preserved in the General Archive of the Indies (Seville).\" \/>\n<meta property=\"og:url\" content=\"https:\/\/www.comprarmejor.es\/en\/product\/autograph-letters-of-christopher-columbus-commemorative-edition-2006\/\" \/>\n<meta property=\"og:site_name\" content=\"ComprarMejor\" \/>\n<meta property=\"article:modified_time\" content=\"2023-09-22T08:23:47+00:00\" \/>\n<meta property=\"og:image\" content=\"https:\/\/www.comprarmejor.es\/wp-content\/uploads\/2022\/03\/CColonTL-1.jpg\" \/>\n\t<meta property=\"og:image:width\" content=\"726\" \/>\n\t<meta property=\"og:image:height\" content=\"734\" \/>\n\t<meta property=\"og:image:type\" content=\"image\/jpeg\" \/>\n<meta name=\"twitter:card\" content=\"summary_large_image\" \/>\n<meta name=\"twitter:label1\" content=\"Est. reading time\" \/>\n\t<meta name=\"twitter:data1\" content=\"3 minutes\" \/>\n<script type=\"application\/ld+json\" class=\"yoast-schema-graph\">{\"@context\":\"https:\\\/\\\/schema.org\",\"@graph\":[{\"@type\":\"WebPage\",\"@id\":\"https:\\\/\\\/www.comprarmejor.es\\\/en\\\/product\\\/autograph-letters-of-christopher-columbus-commemorative-edition-2006\\\/\",\"url\":\"https:\\\/\\\/www.comprarmejor.es\\\/en\\\/product\\\/autograph-letters-of-christopher-columbus-commemorative-edition-2006\\\/\",\"name\":\"Autograph Letters of Christopher Columbus. Commemorative editio\",\"isPartOf\":{\"@id\":\"https:\\\/\\\/www.comprarmejor.es\\\/en\\\/#website\"},\"primaryImageOfPage\":{\"@id\":\"https:\\\/\\\/www.comprarmejor.es\\\/en\\\/product\\\/autograph-letters-of-christopher-columbus-commemorative-edition-2006\\\/#primaryimage\"},\"image\":{\"@id\":\"https:\\\/\\\/www.comprarmejor.es\\\/en\\\/product\\\/autograph-letters-of-christopher-columbus-commemorative-edition-2006\\\/#primaryimage\"},\"thumbnailUrl\":\"https:\\\/\\\/www.comprarmejor.es\\\/wp-content\\\/uploads\\\/2022\\\/03\\\/CColonTL-1.jpg\",\"datePublished\":\"2022-03-18T10:12:47+00:00\",\"dateModified\":\"2023-09-22T08:23:47+00:00\",\"description\":\"Commemorative edition and facsimile of the Autograph Letters of Christopher Columbus that are preserved in the General Archive of the Indies (Seville).\",\"breadcrumb\":{\"@id\":\"https:\\\/\\\/www.comprarmejor.es\\\/en\\\/product\\\/autograph-letters-of-christopher-columbus-commemorative-edition-2006\\\/#breadcrumb\"},\"inLanguage\":\"en-US\",\"potentialAction\":[{\"@type\":\"ReadAction\",\"target\":[\"https:\\\/\\\/www.comprarmejor.es\\\/en\\\/product\\\/autograph-letters-of-christopher-columbus-commemorative-edition-2006\\\/\"]}]},{\"@type\":\"ImageObject\",\"inLanguage\":\"en-US\",\"@id\":\"https:\\\/\\\/www.comprarmejor.es\\\/en\\\/product\\\/autograph-letters-of-christopher-columbus-commemorative-edition-2006\\\/#primaryimage\",\"url\":\"https:\\\/\\\/www.comprarmejor.es\\\/wp-content\\\/uploads\\\/2022\\\/03\\\/CColonTL-1.jpg\",\"contentUrl\":\"https:\\\/\\\/www.comprarmejor.es\\\/wp-content\\\/uploads\\\/2022\\\/03\\\/CColonTL-1.jpg\",\"width\":726,\"height\":734},{\"@type\":\"BreadcrumbList\",\"@id\":\"https:\\\/\\\/www.comprarmejor.es\\\/en\\\/product\\\/autograph-letters-of-christopher-columbus-commemorative-edition-2006\\\/#breadcrumb\",\"itemListElement\":[{\"@type\":\"ListItem\",\"position\":1,\"name\":\"Portada\",\"item\":\"https:\\\/\\\/www.comprarmejor.es\\\/en\\\/\"},{\"@type\":\"ListItem\",\"position\":2,\"name\":\"Shop\",\"item\":\"https:\\\/\\\/www.comprarmejor.es\\\/en\\\/shop\\\/\"},{\"@type\":\"ListItem\",\"position\":3,\"name\":\"Autograph Letters of Christopher Columbus. Commemorative edition, 2006\"}]},{\"@type\":\"WebSite\",\"@id\":\"https:\\\/\\\/www.comprarmejor.es\\\/en\\\/#website\",\"url\":\"https:\\\/\\\/www.comprarmejor.es\\\/en\\\/\",\"name\":\"ComprarMejor\",\"description\":\"ComprarMejor\",\"publisher\":{\"@id\":\"https:\\\/\\\/www.comprarmejor.es\\\/en\\\/#organization\"},\"potentialAction\":[{\"@type\":\"SearchAction\",\"target\":{\"@type\":\"EntryPoint\",\"urlTemplate\":\"https:\\\/\\\/www.comprarmejor.es\\\/en\\\/?s={search_term_string}\"},\"query-input\":{\"@type\":\"PropertyValueSpecification\",\"valueRequired\":true,\"valueName\":\"search_term_string\"}}],\"inLanguage\":\"en-US\"},{\"@type\":\"Organization\",\"@id\":\"https:\\\/\\\/www.comprarmejor.es\\\/en\\\/#organization\",\"name\":\"COMPRAR MEJOR\",\"url\":\"https:\\\/\\\/www.comprarmejor.es\\\/en\\\/\",\"logo\":{\"@type\":\"ImageObject\",\"inLanguage\":\"en-US\",\"@id\":\"https:\\\/\\\/www.comprarmejor.es\\\/en\\\/#\\\/schema\\\/logo\\\/image\\\/\",\"url\":\"https:\\\/\\\/www.comprarmejor.es\\\/wp-content\\\/uploads\\\/2025\\\/09\\\/comprarmejortrinidad.jpg\",\"contentUrl\":\"https:\\\/\\\/www.comprarmejor.es\\\/wp-content\\\/uploads\\\/2025\\\/09\\\/comprarmejortrinidad.jpg\",\"width\":1022,\"height\":1380,\"caption\":\"COMPRAR MEJOR\"},\"image\":{\"@id\":\"https:\\\/\\\/www.comprarmejor.es\\\/en\\\/#\\\/schema\\\/logo\\\/image\\\/\"},\"sameAs\":[\"https:\\\/\\\/www.instagram.com\\\/amigosdelcodice\"]}]}<\/script>\n<!-- \/ Yoast SEO plugin. -->","yoast_head_json":{"title":"Autograph Letters of Christopher Columbus. Commemorative editio","description":"Commemorative edition and facsimile of the Autograph Letters of Christopher Columbus that are preserved in the General Archive of the Indies (Seville).","robots":{"index":"index","follow":"follow","max-snippet":"max-snippet:-1","max-image-preview":"max-image-preview:large","max-video-preview":"max-video-preview:-1"},"canonical":"https:\/\/www.comprarmejor.es\/en\/product\/autograph-letters-of-christopher-columbus-commemorative-edition-2006\/","og_locale":"en_US","og_type":"article","og_title":"Autograph Letters of Christopher Columbus. Commemorative editio","og_description":"Commemorative edition and facsimile of the Autograph Letters of Christopher Columbus that are preserved in the General Archive of the Indies (Seville).","og_url":"https:\/\/www.comprarmejor.es\/en\/product\/autograph-letters-of-christopher-columbus-commemorative-edition-2006\/","og_site_name":"ComprarMejor","article_modified_time":"2023-09-22T08:23:47+00:00","og_image":[{"width":726,"height":734,"url":"https:\/\/www.comprarmejor.es\/wp-content\/uploads\/2022\/03\/CColonTL-1.jpg","type":"image\/jpeg"}],"twitter_card":"summary_large_image","twitter_misc":{"Est. reading time":"3 minutes"},"schema":{"@context":"https:\/\/schema.org","@graph":[{"@type":"WebPage","@id":"https:\/\/www.comprarmejor.es\/en\/product\/autograph-letters-of-christopher-columbus-commemorative-edition-2006\/","url":"https:\/\/www.comprarmejor.es\/en\/product\/autograph-letters-of-christopher-columbus-commemorative-edition-2006\/","name":"Autograph Letters of Christopher Columbus. Commemorative editio","isPartOf":{"@id":"https:\/\/www.comprarmejor.es\/en\/#website"},"primaryImageOfPage":{"@id":"https:\/\/www.comprarmejor.es\/en\/product\/autograph-letters-of-christopher-columbus-commemorative-edition-2006\/#primaryimage"},"image":{"@id":"https:\/\/www.comprarmejor.es\/en\/product\/autograph-letters-of-christopher-columbus-commemorative-edition-2006\/#primaryimage"},"thumbnailUrl":"https:\/\/www.comprarmejor.es\/wp-content\/uploads\/2022\/03\/CColonTL-1.jpg","datePublished":"2022-03-18T10:12:47+00:00","dateModified":"2023-09-22T08:23:47+00:00","description":"Commemorative edition and facsimile of the Autograph Letters of Christopher Columbus that are preserved in the General Archive of the Indies (Seville).","breadcrumb":{"@id":"https:\/\/www.comprarmejor.es\/en\/product\/autograph-letters-of-christopher-columbus-commemorative-edition-2006\/#breadcrumb"},"inLanguage":"en-US","potentialAction":[{"@type":"ReadAction","target":["https:\/\/www.comprarmejor.es\/en\/product\/autograph-letters-of-christopher-columbus-commemorative-edition-2006\/"]}]},{"@type":"ImageObject","inLanguage":"en-US","@id":"https:\/\/www.comprarmejor.es\/en\/product\/autograph-letters-of-christopher-columbus-commemorative-edition-2006\/#primaryimage","url":"https:\/\/www.comprarmejor.es\/wp-content\/uploads\/2022\/03\/CColonTL-1.jpg","contentUrl":"https:\/\/www.comprarmejor.es\/wp-content\/uploads\/2022\/03\/CColonTL-1.jpg","width":726,"height":734},{"@type":"BreadcrumbList","@id":"https:\/\/www.comprarmejor.es\/en\/product\/autograph-letters-of-christopher-columbus-commemorative-edition-2006\/#breadcrumb","itemListElement":[{"@type":"ListItem","position":1,"name":"Portada","item":"https:\/\/www.comprarmejor.es\/en\/"},{"@type":"ListItem","position":2,"name":"Shop","item":"https:\/\/www.comprarmejor.es\/en\/shop\/"},{"@type":"ListItem","position":3,"name":"Autograph Letters of Christopher Columbus. Commemorative edition, 2006"}]},{"@type":"WebSite","@id":"https:\/\/www.comprarmejor.es\/en\/#website","url":"https:\/\/www.comprarmejor.es\/en\/","name":"ComprarMejor","description":"ComprarMejor","publisher":{"@id":"https:\/\/www.comprarmejor.es\/en\/#organization"},"potentialAction":[{"@type":"SearchAction","target":{"@type":"EntryPoint","urlTemplate":"https:\/\/www.comprarmejor.es\/en\/?s={search_term_string}"},"query-input":{"@type":"PropertyValueSpecification","valueRequired":true,"valueName":"search_term_string"}}],"inLanguage":"en-US"},{"@type":"Organization","@id":"https:\/\/www.comprarmejor.es\/en\/#organization","name":"COMPRAR MEJOR","url":"https:\/\/www.comprarmejor.es\/en\/","logo":{"@type":"ImageObject","inLanguage":"en-US","@id":"https:\/\/www.comprarmejor.es\/en\/#\/schema\/logo\/image\/","url":"https:\/\/www.comprarmejor.es\/wp-content\/uploads\/2025\/09\/comprarmejortrinidad.jpg","contentUrl":"https:\/\/www.comprarmejor.es\/wp-content\/uploads\/2025\/09\/comprarmejortrinidad.jpg","width":1022,"height":1380,"caption":"COMPRAR MEJOR"},"image":{"@id":"https:\/\/www.comprarmejor.es\/en\/#\/schema\/logo\/image\/"},"sameAs":["https:\/\/www.instagram.com\/amigosdelcodice"]}]}},"_links":{"self":[{"href":"https:\/\/www.comprarmejor.es\/en\/wp-json\/wp\/v2\/product\/74048","targetHints":{"allow":["GET"]}}],"collection":[{"href":"https:\/\/www.comprarmejor.es\/en\/wp-json\/wp\/v2\/product"}],"about":[{"href":"https:\/\/www.comprarmejor.es\/en\/wp-json\/wp\/v2\/types\/product"}],"wp:featuredmedia":[{"embeddable":true,"href":"https:\/\/www.comprarmejor.es\/en\/wp-json\/wp\/v2\/media\/90085"}],"wp:attachment":[{"href":"https:\/\/www.comprarmejor.es\/en\/wp-json\/wp\/v2\/media?parent=74048"}],"wp:term":[{"taxonomy":"product_brand","embeddable":true,"href":"https:\/\/www.comprarmejor.es\/en\/wp-json\/wp\/v2\/product_brand?post=74048"},{"taxonomy":"product_cat","embeddable":true,"href":"https:\/\/www.comprarmejor.es\/en\/wp-json\/wp\/v2\/product_cat?post=74048"},{"taxonomy":"product_tag","embeddable":true,"href":"https:\/\/www.comprarmejor.es\/en\/wp-json\/wp\/v2\/product_tag?post=74048"}],"curies":[{"name":"wp","href":"https:\/\/api.w.org\/{rel}","templated":true}]}}