{"id":74226,"date":"2022-03-24T12:42:45","date_gmt":"2022-03-24T11:42:45","guid":{"rendered":"https:\/\/www.comprarmejor.es\/?post_type=product&#038;p=74226"},"modified":"2026-05-05T11:42:40","modified_gmt":"2026-05-05T09:42:40","slug":"atlas-of-diego-homen-xvi-century-naval-museum","status":"publish","type":"product","link":"https:\/\/www.comprarmejor.es\/en\/product\/atlas-of-diego-homen-xvi-century-naval-museum\/","title":{"rendered":"Atlas of Diego Homen, XVI century (Naval Museum)"},"content":{"rendered":"<p><span class=\"HwtZe\" lang=\"en\"><span class=\"jCAhz ChMk0b\"><span class=\"ryNqvb\">ARTICLE FOR INFORMATIONAL PURPOSES ONLY<\/span><\/span><\/span><\/p>\n<p style=\"text-align: justify;\">Facsimile edition of Diego Homen&#8217;s Atlas manuscript from c. 1559, preserved in the Naval Museum of Madrid, made in 2006 by the extinct AyN publishing house.<\/p>\n<p style=\"text-align: justify;\">Facsimile bound in parchment, format 30 x 46.5 cm. 24 pages containing 8 beautiful double-page maps.<\/p>\n<p style=\"text-align: justify;\">Accompanied by the corresponding complementary study book by Mar\u00eda Luisa Mart\u00edn-Mer\u00e1s Verdejo, bound in hard cover with illustrated dust jacket, 29 x 42 cm format. 104 color illustrated pages.<\/p>\n<p style=\"text-align: justify;\">The Portuguese nautical cartography of the 16th century was highly appreciated not only for the new elements related to astronomical navigation (elements that were being introduced by the Portuguese in the portolan map-type hydrographic charts), but also for the extraordinarily wide geographical scope that they covered. .<\/p>\n<p style=\"text-align: justify;\">It is understandable that this was the case since the Portuguese, pioneers of geographical discoveries since the fifteenth century, were the only ones who since the beginning of the sixteenth century sailed simultaneously through the Indian Ocean, America and China, Brazil and Japan, Africa and Indonesia; that is to say, by all the seas of the world.<\/p>\n<p style=\"text-align: justify;\">The middle of the 16th century marks a time that practically corresponds to the moment in which the cycle of the most significant geographical discoveries was completed; the Planet was basically known to Europeans as it is today (with the exception of some demographically less significant areas). It is no coincidence that this decisive cycle in the History of Discoveries corresponds to an important cycle in the History of Cartography. And it is no coincidence that the Portuguese influence has been essential in both.<\/p>\n<p style=\"text-align: justify;\">The cartographic work of Diego Homen (Diogo Homem in Portuguese), the most prolific of the Portuguese cartographers, represents the most emblematic example of the exceptional value of nautical cartography produced in Western Iberia in the 16th century.<\/p>\n<p style=\"text-align: justify;\">Complete work and in perfect condition.<\/p>\n<p style=\"text-align: justify;\"><span title=\"Gastos de env\u00edo por cuenta del comprador, seg\u00fan pedido y destino.\"><span class=\"VIiyi\" lang=\"en\"><span class=\"JLqJ4b ChMk0b\" data-language-for-alternatives=\"en\" data-language-to-translate-into=\"es\" data-phrase-index=\"12\" data-number-of-phrases=\"22\">Retail Price: 882 \u20ac<\/span><\/span>. <\/span><span title=\"Cons\u00faltenos cualquier duda, as\u00ed como por cualquier otro facs\u00edmile, obra o art\u00edculo que est\u00e9 buscando.\"><a class=\"btn btn-default\" href=\"https:\/\/www.comprarmejor.es\/en\/contact\/\">Ask us<\/a> <span class=\"VIiyi\" lang=\"en\"><span class=\"JLqJ4b\" data-language-for-alternatives=\"en\" data-language-to-translate-into=\"es\" data-phrase-index=\"0\">without obligation (indicating the reference of the article) any questions.<\/span><\/span><br \/>\n<\/span><\/p>\n","protected":false},"excerpt":{"rendered":"<p style=\"text-align: justify;\"><span id=\"result_box\" lang=\"en\" xml:lang=\"en\"><span title=\"Catedral de Valencia, enriquecida con los comentarios marginales de pu\u00f1o y letra del propio Santo, destacando la maravilla de su caligraf\u00eda g\u00f3tica y los adornos miniados del libro, que durante siglos ha estado celosamente guardado en el Relicario de la Catedral.\"><span class=\"VIiyi\" lang=\"en\"><span class=\"JLqJ4b\" data-language-for-alternatives=\"en\" data-language-to-translate-into=\"es\" data-phrase-index=\"0\">Facsimile edition of Diego Homen&#8217;s Atlas manuscript from c. 1559, preserved in the Naval Museum of Madrid, made in 2006 by the extinct AyN publishing house.<span class=\"JLqJ4b ChMk0b\" data-language-for-alternatives=\"en\" data-language-to-translate-into=\"es\" data-phrase-index=\"10\" data-number-of-phrases=\"22\"><br \/>\n<\/span><\/span><\/span><\/span><\/span><\/p>\n","protected":false},"featured_media":74228,"template":"","meta":[],"product_brand":[],"product_cat":[2234],"product_tag":[3976,3979],"class_list":{"0":"post-74226","1":"product","2":"type-product","3":"status-publish","4":"has-post-thumbnail","6":"product_cat-antique-maps","7":"product_tag-atlas-en","8":"product_tag-ayn-en","9":"description-off","11":"first","12":"instock","13":"taxable","14":"shipping-taxable","15":"purchasable","16":"product-type-simple"},"yoast_head":"<!-- This site is optimized with the Yoast SEO plugin v27.3 - https:\/\/yoast.com\/product\/yoast-seo-wordpress\/ -->\n<title>Atlas of Diego Homen, XVI century (Naval Museum)<\/title>\n<meta name=\"description\" content=\"Facsimile edition of Diego Homen&#039;s Atlas manuscript from c. 1559, preserved in the Naval Museum of Madrid, made in 2006 by the extinct AyN\" \/>\n<meta name=\"robots\" content=\"index, follow, max-snippet:-1, max-image-preview:large, max-video-preview:-1\" \/>\n<link rel=\"canonical\" href=\"https:\/\/www.comprarmejor.es\/en\/product\/atlas-of-diego-homen-xvi-century-naval-museum\/\" \/>\n<meta property=\"og:locale\" content=\"en_US\" \/>\n<meta property=\"og:type\" content=\"article\" \/>\n<meta property=\"og:title\" content=\"Atlas of Diego Homen, XVI century (Naval Museum)\" \/>\n<meta property=\"og:description\" content=\"Facsimile edition of Diego Homen&#039;s Atlas manuscript from c. 1559, preserved in the Naval Museum of Madrid, made in 2006 by the extinct AyN\" \/>\n<meta property=\"og:url\" content=\"https:\/\/www.comprarmejor.es\/en\/product\/atlas-of-diego-homen-xvi-century-naval-museum\/\" \/>\n<meta property=\"og:site_name\" content=\"ComprarMejor\" \/>\n<meta property=\"article:modified_time\" content=\"2026-05-05T09:42:40+00:00\" \/>\n<meta property=\"og:image\" content=\"https:\/\/www.comprarmejor.es\/wp-content\/uploads\/2022\/03\/ADH-1.jpg\" \/>\n\t<meta property=\"og:image:width\" content=\"600\" \/>\n\t<meta property=\"og:image:height\" content=\"428\" \/>\n\t<meta property=\"og:image:type\" content=\"image\/jpeg\" \/>\n<meta name=\"twitter:card\" content=\"summary_large_image\" \/>\n<meta name=\"twitter:label1\" content=\"Est. reading time\" \/>\n\t<meta name=\"twitter:data1\" content=\"2 minutes\" \/>\n<script type=\"application\/ld+json\" class=\"yoast-schema-graph\">{\"@context\":\"https:\\\/\\\/schema.org\",\"@graph\":[{\"@type\":\"WebPage\",\"@id\":\"https:\\\/\\\/www.comprarmejor.es\\\/en\\\/product\\\/atlas-of-diego-homen-xvi-century-naval-museum\\\/\",\"url\":\"https:\\\/\\\/www.comprarmejor.es\\\/en\\\/product\\\/atlas-of-diego-homen-xvi-century-naval-museum\\\/\",\"name\":\"Atlas of Diego Homen, XVI century (Naval Museum)\",\"isPartOf\":{\"@id\":\"https:\\\/\\\/www.comprarmejor.es\\\/en\\\/#website\"},\"primaryImageOfPage\":{\"@id\":\"https:\\\/\\\/www.comprarmejor.es\\\/en\\\/product\\\/atlas-of-diego-homen-xvi-century-naval-museum\\\/#primaryimage\"},\"image\":{\"@id\":\"https:\\\/\\\/www.comprarmejor.es\\\/en\\\/product\\\/atlas-of-diego-homen-xvi-century-naval-museum\\\/#primaryimage\"},\"thumbnailUrl\":\"https:\\\/\\\/www.comprarmejor.es\\\/wp-content\\\/uploads\\\/2022\\\/03\\\/ADH-1.jpg\",\"datePublished\":\"2022-03-24T11:42:45+00:00\",\"dateModified\":\"2026-05-05T09:42:40+00:00\",\"description\":\"Facsimile edition of Diego Homen's Atlas manuscript from c. 1559, preserved in the Naval Museum of Madrid, made in 2006 by the extinct AyN\",\"breadcrumb\":{\"@id\":\"https:\\\/\\\/www.comprarmejor.es\\\/en\\\/product\\\/atlas-of-diego-homen-xvi-century-naval-museum\\\/#breadcrumb\"},\"inLanguage\":\"en-US\",\"potentialAction\":[{\"@type\":\"ReadAction\",\"target\":[\"https:\\\/\\\/www.comprarmejor.es\\\/en\\\/product\\\/atlas-of-diego-homen-xvi-century-naval-museum\\\/\"]}]},{\"@type\":\"ImageObject\",\"inLanguage\":\"en-US\",\"@id\":\"https:\\\/\\\/www.comprarmejor.es\\\/en\\\/product\\\/atlas-of-diego-homen-xvi-century-naval-museum\\\/#primaryimage\",\"url\":\"https:\\\/\\\/www.comprarmejor.es\\\/wp-content\\\/uploads\\\/2022\\\/03\\\/ADH-1.jpg\",\"contentUrl\":\"https:\\\/\\\/www.comprarmejor.es\\\/wp-content\\\/uploads\\\/2022\\\/03\\\/ADH-1.jpg\",\"width\":600,\"height\":428},{\"@type\":\"BreadcrumbList\",\"@id\":\"https:\\\/\\\/www.comprarmejor.es\\\/en\\\/product\\\/atlas-of-diego-homen-xvi-century-naval-museum\\\/#breadcrumb\",\"itemListElement\":[{\"@type\":\"ListItem\",\"position\":1,\"name\":\"Portada\",\"item\":\"https:\\\/\\\/www.comprarmejor.es\\\/en\\\/\"},{\"@type\":\"ListItem\",\"position\":2,\"name\":\"Shop\",\"item\":\"https:\\\/\\\/www.comprarmejor.es\\\/en\\\/shop\\\/\"},{\"@type\":\"ListItem\",\"position\":3,\"name\":\"Atlas of Diego Homen, XVI century (Naval Museum)\"}]},{\"@type\":\"WebSite\",\"@id\":\"https:\\\/\\\/www.comprarmejor.es\\\/en\\\/#website\",\"url\":\"https:\\\/\\\/www.comprarmejor.es\\\/en\\\/\",\"name\":\"ComprarMejor\",\"description\":\"ComprarMejor\",\"publisher\":{\"@id\":\"https:\\\/\\\/www.comprarmejor.es\\\/en\\\/#organization\"},\"potentialAction\":[{\"@type\":\"SearchAction\",\"target\":{\"@type\":\"EntryPoint\",\"urlTemplate\":\"https:\\\/\\\/www.comprarmejor.es\\\/en\\\/?s={search_term_string}\"},\"query-input\":{\"@type\":\"PropertyValueSpecification\",\"valueRequired\":true,\"valueName\":\"search_term_string\"}}],\"inLanguage\":\"en-US\"},{\"@type\":\"Organization\",\"@id\":\"https:\\\/\\\/www.comprarmejor.es\\\/en\\\/#organization\",\"name\":\"COMPRAR MEJOR\",\"url\":\"https:\\\/\\\/www.comprarmejor.es\\\/en\\\/\",\"logo\":{\"@type\":\"ImageObject\",\"inLanguage\":\"en-US\",\"@id\":\"https:\\\/\\\/www.comprarmejor.es\\\/en\\\/#\\\/schema\\\/logo\\\/image\\\/\",\"url\":\"https:\\\/\\\/www.comprarmejor.es\\\/wp-content\\\/uploads\\\/2025\\\/09\\\/comprarmejortrinidad.jpg\",\"contentUrl\":\"https:\\\/\\\/www.comprarmejor.es\\\/wp-content\\\/uploads\\\/2025\\\/09\\\/comprarmejortrinidad.jpg\",\"width\":1022,\"height\":1380,\"caption\":\"COMPRAR MEJOR\"},\"image\":{\"@id\":\"https:\\\/\\\/www.comprarmejor.es\\\/en\\\/#\\\/schema\\\/logo\\\/image\\\/\"},\"sameAs\":[\"https:\\\/\\\/www.instagram.com\\\/amigosdelcodice\"]}]}<\/script>\n<!-- \/ Yoast SEO plugin. -->","yoast_head_json":{"title":"Atlas of Diego Homen, XVI century (Naval Museum)","description":"Facsimile edition of Diego Homen's Atlas manuscript from c. 1559, preserved in the Naval Museum of Madrid, made in 2006 by the extinct AyN","robots":{"index":"index","follow":"follow","max-snippet":"max-snippet:-1","max-image-preview":"max-image-preview:large","max-video-preview":"max-video-preview:-1"},"canonical":"https:\/\/www.comprarmejor.es\/en\/product\/atlas-of-diego-homen-xvi-century-naval-museum\/","og_locale":"en_US","og_type":"article","og_title":"Atlas of Diego Homen, XVI century (Naval Museum)","og_description":"Facsimile edition of Diego Homen's Atlas manuscript from c. 1559, preserved in the Naval Museum of Madrid, made in 2006 by the extinct AyN","og_url":"https:\/\/www.comprarmejor.es\/en\/product\/atlas-of-diego-homen-xvi-century-naval-museum\/","og_site_name":"ComprarMejor","article_modified_time":"2026-05-05T09:42:40+00:00","og_image":[{"width":600,"height":428,"url":"https:\/\/www.comprarmejor.es\/wp-content\/uploads\/2022\/03\/ADH-1.jpg","type":"image\/jpeg"}],"twitter_card":"summary_large_image","twitter_misc":{"Est. reading time":"2 minutes"},"schema":{"@context":"https:\/\/schema.org","@graph":[{"@type":"WebPage","@id":"https:\/\/www.comprarmejor.es\/en\/product\/atlas-of-diego-homen-xvi-century-naval-museum\/","url":"https:\/\/www.comprarmejor.es\/en\/product\/atlas-of-diego-homen-xvi-century-naval-museum\/","name":"Atlas of Diego Homen, XVI century (Naval Museum)","isPartOf":{"@id":"https:\/\/www.comprarmejor.es\/en\/#website"},"primaryImageOfPage":{"@id":"https:\/\/www.comprarmejor.es\/en\/product\/atlas-of-diego-homen-xvi-century-naval-museum\/#primaryimage"},"image":{"@id":"https:\/\/www.comprarmejor.es\/en\/product\/atlas-of-diego-homen-xvi-century-naval-museum\/#primaryimage"},"thumbnailUrl":"https:\/\/www.comprarmejor.es\/wp-content\/uploads\/2022\/03\/ADH-1.jpg","datePublished":"2022-03-24T11:42:45+00:00","dateModified":"2026-05-05T09:42:40+00:00","description":"Facsimile edition of Diego Homen's Atlas manuscript from c. 1559, preserved in the Naval Museum of Madrid, made in 2006 by the extinct AyN","breadcrumb":{"@id":"https:\/\/www.comprarmejor.es\/en\/product\/atlas-of-diego-homen-xvi-century-naval-museum\/#breadcrumb"},"inLanguage":"en-US","potentialAction":[{"@type":"ReadAction","target":["https:\/\/www.comprarmejor.es\/en\/product\/atlas-of-diego-homen-xvi-century-naval-museum\/"]}]},{"@type":"ImageObject","inLanguage":"en-US","@id":"https:\/\/www.comprarmejor.es\/en\/product\/atlas-of-diego-homen-xvi-century-naval-museum\/#primaryimage","url":"https:\/\/www.comprarmejor.es\/wp-content\/uploads\/2022\/03\/ADH-1.jpg","contentUrl":"https:\/\/www.comprarmejor.es\/wp-content\/uploads\/2022\/03\/ADH-1.jpg","width":600,"height":428},{"@type":"BreadcrumbList","@id":"https:\/\/www.comprarmejor.es\/en\/product\/atlas-of-diego-homen-xvi-century-naval-museum\/#breadcrumb","itemListElement":[{"@type":"ListItem","position":1,"name":"Portada","item":"https:\/\/www.comprarmejor.es\/en\/"},{"@type":"ListItem","position":2,"name":"Shop","item":"https:\/\/www.comprarmejor.es\/en\/shop\/"},{"@type":"ListItem","position":3,"name":"Atlas of Diego Homen, XVI century (Naval Museum)"}]},{"@type":"WebSite","@id":"https:\/\/www.comprarmejor.es\/en\/#website","url":"https:\/\/www.comprarmejor.es\/en\/","name":"ComprarMejor","description":"ComprarMejor","publisher":{"@id":"https:\/\/www.comprarmejor.es\/en\/#organization"},"potentialAction":[{"@type":"SearchAction","target":{"@type":"EntryPoint","urlTemplate":"https:\/\/www.comprarmejor.es\/en\/?s={search_term_string}"},"query-input":{"@type":"PropertyValueSpecification","valueRequired":true,"valueName":"search_term_string"}}],"inLanguage":"en-US"},{"@type":"Organization","@id":"https:\/\/www.comprarmejor.es\/en\/#organization","name":"COMPRAR MEJOR","url":"https:\/\/www.comprarmejor.es\/en\/","logo":{"@type":"ImageObject","inLanguage":"en-US","@id":"https:\/\/www.comprarmejor.es\/en\/#\/schema\/logo\/image\/","url":"https:\/\/www.comprarmejor.es\/wp-content\/uploads\/2025\/09\/comprarmejortrinidad.jpg","contentUrl":"https:\/\/www.comprarmejor.es\/wp-content\/uploads\/2025\/09\/comprarmejortrinidad.jpg","width":1022,"height":1380,"caption":"COMPRAR MEJOR"},"image":{"@id":"https:\/\/www.comprarmejor.es\/en\/#\/schema\/logo\/image\/"},"sameAs":["https:\/\/www.instagram.com\/amigosdelcodice"]}]}},"_links":{"self":[{"href":"https:\/\/www.comprarmejor.es\/en\/wp-json\/wp\/v2\/product\/74226","targetHints":{"allow":["GET"]}}],"collection":[{"href":"https:\/\/www.comprarmejor.es\/en\/wp-json\/wp\/v2\/product"}],"about":[{"href":"https:\/\/www.comprarmejor.es\/en\/wp-json\/wp\/v2\/types\/product"}],"wp:featuredmedia":[{"embeddable":true,"href":"https:\/\/www.comprarmejor.es\/en\/wp-json\/wp\/v2\/media\/74228"}],"wp:attachment":[{"href":"https:\/\/www.comprarmejor.es\/en\/wp-json\/wp\/v2\/media?parent=74226"}],"wp:term":[{"taxonomy":"product_brand","embeddable":true,"href":"https:\/\/www.comprarmejor.es\/en\/wp-json\/wp\/v2\/product_brand?post=74226"},{"taxonomy":"product_cat","embeddable":true,"href":"https:\/\/www.comprarmejor.es\/en\/wp-json\/wp\/v2\/product_cat?post=74226"},{"taxonomy":"product_tag","embeddable":true,"href":"https:\/\/www.comprarmejor.es\/en\/wp-json\/wp\/v2\/product_tag?post=74226"}],"curies":[{"name":"wp","href":"https:\/\/api.w.org\/{rel}","templated":true}]}}