{"id":74490,"date":"2022-04-03T21:20:04","date_gmt":"2022-04-03T19:20:04","guid":{"rendered":"https:\/\/www.comprarmejor.es\/?post_type=product&#038;p=74490"},"modified":"2023-04-30T12:33:00","modified_gmt":"2023-04-30T10:33:00","slug":"cisorian-art-enrique-de-villena-1423-2-volumes-2002-edition","status":"publish","type":"product","link":"https:\/\/www.comprarmejor.es\/en\/product\/cisorian-art-enrique-de-villena-1423-2-volumes-2002-edition\/","title":{"rendered":"Cisorian art. Enrique de Villena, 1423. 2 volumes, 2002 edition"},"content":{"rendered":"<p style=\"text-align: justify;\">Cisoria Art, or Treatise on the Art of Knife Cutting, 1425, by Don Enrique de Arag\u00f3n (c.1384-c.1434), Marquis of Villena. Madrid, 2002. <span class=\"HwtZe\" lang=\"en\"><span class=\"jCAhz ChMk0b\"><span class=\"ryNqvb\">Texts in Spanish<\/span><\/span><\/span>.<\/p>\n<p style=\"text-align: justify;\">Two volumes bound in bibliophile in simile suede with dry and gold stamping. Format 22.5 x 32.5 cm.<br \/>\nVolume adaptation of &#8220;Arte Cisoria&#8221; in 63 sheets on parchment paper, adorned with borders, chapter caps, numerous medieval-inspired miniatures and ten full-page illustrations by \u00c1ngel Roncero. golden cuts. Transcription by Marina Gurruchaga S\u00e1nchez.<br \/>\nI take studies with 168 pages on boned laid thread paper. Modernized text and notes by Francisco Calero. Introduction by Valentin Moreno.<br \/>\nBoth volumes presented in a cardboard sleeve lined with paper and velvet, format 22.5 x 33 x 4.8 cm.<\/p>\n<p style=\"text-align: justify;\">Numbered edition limited to 750 copies, on laid paper, printed with artisan techniques.<\/p>\n<p style=\"text-align: justify;\">Copy complete and in perfect condition, new, unused.<\/p>\n<p style=\"text-align: justify;\">Free shipping for this item. <span title=\"Cons\u00faltenos cualquier duda, as\u00ed como por cualquier otro facs\u00edmile que est\u00e9 buscando.\"><a class=\"btn btn-default\" href=\"https:\/\/www.comprarmejor.es\/en\/contact\">Ask us<\/a> <span class=\"VIiyi\" lang=\"en\"><span class=\"JLqJ4b ChMk0b\" data-language-for-alternatives=\"en\" data-language-to-translate-into=\"es\" data-phrase-index=\"4\" data-number-of-phrases=\"5\">any questions, indicating the item code.<\/span><\/span><br \/>\n<\/span><\/p>\n","protected":false},"excerpt":{"rendered":"<p style=\"text-align: justify;\"><span id=\"result_box\" lang=\"en\" xml:lang=\"en\"><span title=\"Edici\u00f3n facs\u00edmile de Las Muy Ricas Horas del duque Jean de Berry, cuyo original se encuentra en la Biblioteca del Castillo de Chantilly, Ms. 65. \u00a1Un 5 estrellas en toda gran Biblioteca!\"><span lang=\"en\" xml:lang=\"en\"><span class=\"VIiyi\" lang=\"en\"><span class=\"JLqJ4b\" data-language-for-alternatives=\"en\" data-language-to-translate-into=\"es\" data-phrase-index=\"0\" data-number-of-phrases=\"1\"><span class=\"HwtZe\" lang=\"en\"><span class=\"jCAhz ChMk0b\"><span class=\"ryNqvb\">Cisoria Art, or Treatise on the Art of Knife Cutting, 1425, by Don Enrique de Arag\u00f3n (c.1384-c.1434), Marquis of Villena.<br \/>\n<\/span><\/span><\/span><\/span><\/span><\/span><\/span><\/span><\/p>\n","protected":false},"featured_media":87898,"template":"","meta":[],"product_brand":[],"product_cat":[2210,5118],"product_tag":[5786,5791,5120],"class_list":{"0":"post-74490","1":"product","2":"type-product","3":"status-publish","4":"has-post-thumbnail","6":"product_cat-bibliophilia","7":"product_cat-bindings","8":"product_tag-aragon-en","9":"product_tag-arte-en","10":"product_tag-history-en","11":"description-off","13":"first","14":"instock","15":"sale","16":"taxable","17":"shipping-taxable","18":"purchasable","19":"product-type-simple"},"yoast_head":"<!-- This site is optimized with the Yoast SEO plugin v27.3 - https:\/\/yoast.com\/product\/yoast-seo-wordpress\/ -->\n<title>Cisorian art. Enrique de Villena, 1423. 2 volumes, 2002 edition<\/title>\n<meta name=\"description\" content=\"Cisoria Art, or Treatise on the Art of Knife Cutting, 1425, by Don Enrique de Arag\u00f3n (c.1384-c.1434), Marquis of Villena. Madrid, 2002.\" \/>\n<meta name=\"robots\" content=\"index, follow, max-snippet:-1, max-image-preview:large, max-video-preview:-1\" \/>\n<link rel=\"canonical\" href=\"https:\/\/www.comprarmejor.es\/en\/product\/cisorian-art-enrique-de-villena-1423-2-volumes-2002-edition\/\" \/>\n<meta property=\"og:locale\" content=\"en_US\" \/>\n<meta property=\"og:type\" content=\"article\" \/>\n<meta property=\"og:title\" content=\"Cisorian art. Enrique de Villena, 1423. 2 volumes, 2002 edition\" \/>\n<meta property=\"og:description\" content=\"Cisoria Art, or Treatise on the Art of Knife Cutting, 1425, by Don Enrique de Arag\u00f3n (c.1384-c.1434), Marquis of Villena. Madrid, 2002.\" \/>\n<meta property=\"og:url\" content=\"https:\/\/www.comprarmejor.es\/en\/product\/cisorian-art-enrique-de-villena-1423-2-volumes-2002-edition\/\" \/>\n<meta property=\"og:site_name\" content=\"ComprarMejor\" \/>\n<meta property=\"article:modified_time\" content=\"2023-04-30T10:33:00+00:00\" \/>\n<meta property=\"og:image\" content=\"https:\/\/www.comprarmejor.es\/wp-content\/uploads\/2022\/04\/ACgb-1.jpg\" \/>\n\t<meta property=\"og:image:width\" content=\"768\" \/>\n\t<meta property=\"og:image:height\" content=\"559\" \/>\n\t<meta property=\"og:image:type\" content=\"image\/jpeg\" \/>\n<meta name=\"twitter:card\" content=\"summary_large_image\" \/>\n<meta name=\"twitter:label1\" content=\"Est. reading time\" \/>\n\t<meta name=\"twitter:data1\" content=\"1 minute\" \/>\n<script type=\"application\/ld+json\" class=\"yoast-schema-graph\">{\"@context\":\"https:\\\/\\\/schema.org\",\"@graph\":[{\"@type\":\"WebPage\",\"@id\":\"https:\\\/\\\/www.comprarmejor.es\\\/en\\\/product\\\/cisorian-art-enrique-de-villena-1423-2-volumes-2002-edition\\\/\",\"url\":\"https:\\\/\\\/www.comprarmejor.es\\\/en\\\/product\\\/cisorian-art-enrique-de-villena-1423-2-volumes-2002-edition\\\/\",\"name\":\"Cisorian art. Enrique de Villena, 1423. 2 volumes, 2002 edition\",\"isPartOf\":{\"@id\":\"https:\\\/\\\/www.comprarmejor.es\\\/en\\\/#website\"},\"primaryImageOfPage\":{\"@id\":\"https:\\\/\\\/www.comprarmejor.es\\\/en\\\/product\\\/cisorian-art-enrique-de-villena-1423-2-volumes-2002-edition\\\/#primaryimage\"},\"image\":{\"@id\":\"https:\\\/\\\/www.comprarmejor.es\\\/en\\\/product\\\/cisorian-art-enrique-de-villena-1423-2-volumes-2002-edition\\\/#primaryimage\"},\"thumbnailUrl\":\"https:\\\/\\\/www.comprarmejor.es\\\/wp-content\\\/uploads\\\/2022\\\/04\\\/ACgb-1.jpg\",\"datePublished\":\"2022-04-03T19:20:04+00:00\",\"dateModified\":\"2023-04-30T10:33:00+00:00\",\"description\":\"Cisoria Art, or Treatise on the Art of Knife Cutting, 1425, by Don Enrique de Arag\u00f3n (c.1384-c.1434), Marquis of Villena. Madrid, 2002.\",\"breadcrumb\":{\"@id\":\"https:\\\/\\\/www.comprarmejor.es\\\/en\\\/product\\\/cisorian-art-enrique-de-villena-1423-2-volumes-2002-edition\\\/#breadcrumb\"},\"inLanguage\":\"en-US\",\"potentialAction\":[{\"@type\":\"ReadAction\",\"target\":[\"https:\\\/\\\/www.comprarmejor.es\\\/en\\\/product\\\/cisorian-art-enrique-de-villena-1423-2-volumes-2002-edition\\\/\"]}]},{\"@type\":\"ImageObject\",\"inLanguage\":\"en-US\",\"@id\":\"https:\\\/\\\/www.comprarmejor.es\\\/en\\\/product\\\/cisorian-art-enrique-de-villena-1423-2-volumes-2002-edition\\\/#primaryimage\",\"url\":\"https:\\\/\\\/www.comprarmejor.es\\\/wp-content\\\/uploads\\\/2022\\\/04\\\/ACgb-1.jpg\",\"contentUrl\":\"https:\\\/\\\/www.comprarmejor.es\\\/wp-content\\\/uploads\\\/2022\\\/04\\\/ACgb-1.jpg\",\"width\":768,\"height\":559},{\"@type\":\"BreadcrumbList\",\"@id\":\"https:\\\/\\\/www.comprarmejor.es\\\/en\\\/product\\\/cisorian-art-enrique-de-villena-1423-2-volumes-2002-edition\\\/#breadcrumb\",\"itemListElement\":[{\"@type\":\"ListItem\",\"position\":1,\"name\":\"Portada\",\"item\":\"https:\\\/\\\/www.comprarmejor.es\\\/en\\\/\"},{\"@type\":\"ListItem\",\"position\":2,\"name\":\"Shop\",\"item\":\"https:\\\/\\\/www.comprarmejor.es\\\/en\\\/shop\\\/\"},{\"@type\":\"ListItem\",\"position\":3,\"name\":\"Cisorian art. Enrique de Villena, 1423. 2 volumes, 2002 edition\"}]},{\"@type\":\"WebSite\",\"@id\":\"https:\\\/\\\/www.comprarmejor.es\\\/en\\\/#website\",\"url\":\"https:\\\/\\\/www.comprarmejor.es\\\/en\\\/\",\"name\":\"ComprarMejor\",\"description\":\"ComprarMejor\",\"publisher\":{\"@id\":\"https:\\\/\\\/www.comprarmejor.es\\\/en\\\/#organization\"},\"potentialAction\":[{\"@type\":\"SearchAction\",\"target\":{\"@type\":\"EntryPoint\",\"urlTemplate\":\"https:\\\/\\\/www.comprarmejor.es\\\/en\\\/?s={search_term_string}\"},\"query-input\":{\"@type\":\"PropertyValueSpecification\",\"valueRequired\":true,\"valueName\":\"search_term_string\"}}],\"inLanguage\":\"en-US\"},{\"@type\":\"Organization\",\"@id\":\"https:\\\/\\\/www.comprarmejor.es\\\/en\\\/#organization\",\"name\":\"COMPRAR MEJOR\",\"url\":\"https:\\\/\\\/www.comprarmejor.es\\\/en\\\/\",\"logo\":{\"@type\":\"ImageObject\",\"inLanguage\":\"en-US\",\"@id\":\"https:\\\/\\\/www.comprarmejor.es\\\/en\\\/#\\\/schema\\\/logo\\\/image\\\/\",\"url\":\"https:\\\/\\\/www.comprarmejor.es\\\/wp-content\\\/uploads\\\/2025\\\/09\\\/comprarmejortrinidad.jpg\",\"contentUrl\":\"https:\\\/\\\/www.comprarmejor.es\\\/wp-content\\\/uploads\\\/2025\\\/09\\\/comprarmejortrinidad.jpg\",\"width\":1022,\"height\":1380,\"caption\":\"COMPRAR MEJOR\"},\"image\":{\"@id\":\"https:\\\/\\\/www.comprarmejor.es\\\/en\\\/#\\\/schema\\\/logo\\\/image\\\/\"},\"sameAs\":[\"https:\\\/\\\/www.instagram.com\\\/amigosdelcodice\"]}]}<\/script>\n<!-- \/ Yoast SEO plugin. -->","yoast_head_json":{"title":"Cisorian art. Enrique de Villena, 1423. 2 volumes, 2002 edition","description":"Cisoria Art, or Treatise on the Art of Knife Cutting, 1425, by Don Enrique de Arag\u00f3n (c.1384-c.1434), Marquis of Villena. Madrid, 2002.","robots":{"index":"index","follow":"follow","max-snippet":"max-snippet:-1","max-image-preview":"max-image-preview:large","max-video-preview":"max-video-preview:-1"},"canonical":"https:\/\/www.comprarmejor.es\/en\/product\/cisorian-art-enrique-de-villena-1423-2-volumes-2002-edition\/","og_locale":"en_US","og_type":"article","og_title":"Cisorian art. Enrique de Villena, 1423. 2 volumes, 2002 edition","og_description":"Cisoria Art, or Treatise on the Art of Knife Cutting, 1425, by Don Enrique de Arag\u00f3n (c.1384-c.1434), Marquis of Villena. Madrid, 2002.","og_url":"https:\/\/www.comprarmejor.es\/en\/product\/cisorian-art-enrique-de-villena-1423-2-volumes-2002-edition\/","og_site_name":"ComprarMejor","article_modified_time":"2023-04-30T10:33:00+00:00","og_image":[{"width":768,"height":559,"url":"https:\/\/www.comprarmejor.es\/wp-content\/uploads\/2022\/04\/ACgb-1.jpg","type":"image\/jpeg"}],"twitter_card":"summary_large_image","twitter_misc":{"Est. reading time":"1 minute"},"schema":{"@context":"https:\/\/schema.org","@graph":[{"@type":"WebPage","@id":"https:\/\/www.comprarmejor.es\/en\/product\/cisorian-art-enrique-de-villena-1423-2-volumes-2002-edition\/","url":"https:\/\/www.comprarmejor.es\/en\/product\/cisorian-art-enrique-de-villena-1423-2-volumes-2002-edition\/","name":"Cisorian art. Enrique de Villena, 1423. 2 volumes, 2002 edition","isPartOf":{"@id":"https:\/\/www.comprarmejor.es\/en\/#website"},"primaryImageOfPage":{"@id":"https:\/\/www.comprarmejor.es\/en\/product\/cisorian-art-enrique-de-villena-1423-2-volumes-2002-edition\/#primaryimage"},"image":{"@id":"https:\/\/www.comprarmejor.es\/en\/product\/cisorian-art-enrique-de-villena-1423-2-volumes-2002-edition\/#primaryimage"},"thumbnailUrl":"https:\/\/www.comprarmejor.es\/wp-content\/uploads\/2022\/04\/ACgb-1.jpg","datePublished":"2022-04-03T19:20:04+00:00","dateModified":"2023-04-30T10:33:00+00:00","description":"Cisoria Art, or Treatise on the Art of Knife Cutting, 1425, by Don Enrique de Arag\u00f3n (c.1384-c.1434), Marquis of Villena. Madrid, 2002.","breadcrumb":{"@id":"https:\/\/www.comprarmejor.es\/en\/product\/cisorian-art-enrique-de-villena-1423-2-volumes-2002-edition\/#breadcrumb"},"inLanguage":"en-US","potentialAction":[{"@type":"ReadAction","target":["https:\/\/www.comprarmejor.es\/en\/product\/cisorian-art-enrique-de-villena-1423-2-volumes-2002-edition\/"]}]},{"@type":"ImageObject","inLanguage":"en-US","@id":"https:\/\/www.comprarmejor.es\/en\/product\/cisorian-art-enrique-de-villena-1423-2-volumes-2002-edition\/#primaryimage","url":"https:\/\/www.comprarmejor.es\/wp-content\/uploads\/2022\/04\/ACgb-1.jpg","contentUrl":"https:\/\/www.comprarmejor.es\/wp-content\/uploads\/2022\/04\/ACgb-1.jpg","width":768,"height":559},{"@type":"BreadcrumbList","@id":"https:\/\/www.comprarmejor.es\/en\/product\/cisorian-art-enrique-de-villena-1423-2-volumes-2002-edition\/#breadcrumb","itemListElement":[{"@type":"ListItem","position":1,"name":"Portada","item":"https:\/\/www.comprarmejor.es\/en\/"},{"@type":"ListItem","position":2,"name":"Shop","item":"https:\/\/www.comprarmejor.es\/en\/shop\/"},{"@type":"ListItem","position":3,"name":"Cisorian art. Enrique de Villena, 1423. 2 volumes, 2002 edition"}]},{"@type":"WebSite","@id":"https:\/\/www.comprarmejor.es\/en\/#website","url":"https:\/\/www.comprarmejor.es\/en\/","name":"ComprarMejor","description":"ComprarMejor","publisher":{"@id":"https:\/\/www.comprarmejor.es\/en\/#organization"},"potentialAction":[{"@type":"SearchAction","target":{"@type":"EntryPoint","urlTemplate":"https:\/\/www.comprarmejor.es\/en\/?s={search_term_string}"},"query-input":{"@type":"PropertyValueSpecification","valueRequired":true,"valueName":"search_term_string"}}],"inLanguage":"en-US"},{"@type":"Organization","@id":"https:\/\/www.comprarmejor.es\/en\/#organization","name":"COMPRAR MEJOR","url":"https:\/\/www.comprarmejor.es\/en\/","logo":{"@type":"ImageObject","inLanguage":"en-US","@id":"https:\/\/www.comprarmejor.es\/en\/#\/schema\/logo\/image\/","url":"https:\/\/www.comprarmejor.es\/wp-content\/uploads\/2025\/09\/comprarmejortrinidad.jpg","contentUrl":"https:\/\/www.comprarmejor.es\/wp-content\/uploads\/2025\/09\/comprarmejortrinidad.jpg","width":1022,"height":1380,"caption":"COMPRAR MEJOR"},"image":{"@id":"https:\/\/www.comprarmejor.es\/en\/#\/schema\/logo\/image\/"},"sameAs":["https:\/\/www.instagram.com\/amigosdelcodice"]}]}},"_links":{"self":[{"href":"https:\/\/www.comprarmejor.es\/en\/wp-json\/wp\/v2\/product\/74490","targetHints":{"allow":["GET"]}}],"collection":[{"href":"https:\/\/www.comprarmejor.es\/en\/wp-json\/wp\/v2\/product"}],"about":[{"href":"https:\/\/www.comprarmejor.es\/en\/wp-json\/wp\/v2\/types\/product"}],"wp:featuredmedia":[{"embeddable":true,"href":"https:\/\/www.comprarmejor.es\/en\/wp-json\/wp\/v2\/media\/87898"}],"wp:attachment":[{"href":"https:\/\/www.comprarmejor.es\/en\/wp-json\/wp\/v2\/media?parent=74490"}],"wp:term":[{"taxonomy":"product_brand","embeddable":true,"href":"https:\/\/www.comprarmejor.es\/en\/wp-json\/wp\/v2\/product_brand?post=74490"},{"taxonomy":"product_cat","embeddable":true,"href":"https:\/\/www.comprarmejor.es\/en\/wp-json\/wp\/v2\/product_cat?post=74490"},{"taxonomy":"product_tag","embeddable":true,"href":"https:\/\/www.comprarmejor.es\/en\/wp-json\/wp\/v2\/product_tag?post=74490"}],"curies":[{"name":"wp","href":"https:\/\/api.w.org\/{rel}","templated":true}]}}