{"id":74561,"date":"2022-04-05T11:35:33","date_gmt":"2022-04-05T09:35:33","guid":{"rendered":"https:\/\/www.comprarmejor.es\/?post_type=product&#038;p=74561"},"modified":"2026-05-05T11:47:23","modified_gmt":"2026-05-05T09:47:23","slug":"map-of-the-mississippi-river-17th-century","status":"publish","type":"product","link":"https:\/\/www.comprarmejor.es\/en\/product\/map-of-the-mississippi-river-17th-century\/","title":{"rendered":"Map of the Mississippi River, 17th century"},"content":{"rendered":"<p><span class=\"HwtZe\" lang=\"en\"><span class=\"jCAhz ChMk0b\"><span class=\"ryNqvb\">ARTICLE FOR INFORMATIONAL PURPOSES ONLY<\/span><\/span><\/span><\/p>\n<p style=\"text-align: justify;\">Facsimile reproduction from 2001 of the map that represents the entire Mississippi River basin, whose coastline was discovered by Alfonso \u00c1lvarez de Pineda in 1519 and the course of the river by Hernando de Soto between 1538 and 1543, its tributaries and the settlements of indigenous peoples are indicated.<\/p>\n<p style=\"text-align: justify;\">\u201cMap of the Mississippi dedicated to the Most Excellent Lord Duke of Jovenazo by his servant Don Armando de Arce, Baron of Lahontan, 1699. General Archive of the Indies\u201d<\/p>\n<p style=\"text-align: justify;\">The style of the map is basically pictorial like others of its time. It is framed in a turning point in Spanish politics in the face of French competition in an area that Spain had initially dismissed.<\/p>\n<p style=\"text-align: justify;\">Facsimile of the original preserved in the General Archive of the Indies, Seville. Format 74.5 x 52.5 cm. Presented in a luxury silk and gold-stamped leather folder. Complemented with a descriptive study by Mar\u00eda Antonia Colomar, format 21 x 30 cm.<\/p>\n<p style=\"text-align: justify;\">Limited edition, numbered and certified. Copy in perfect condition, new, unused.<\/p>\n<p style=\"text-align: justify;\">Retail Price: 286 \u20ac. <span title=\"Consulte cualquier duda.\"><strong><a class=\"btn btn-default\" href=\"https:\/\/www.comprarmejor.es\/en\/contact\/\">Ask us<\/a>\u00a0<\/strong><span class=\"HwtZe\" lang=\"en\"><span class=\"jCAhz ChMk0b\"><span class=\"ryNqvb\">any questions, indicating the article reference.<\/span><\/span><\/span><\/span><\/p>\n","protected":false},"excerpt":{"rendered":"<p style=\"text-align: justify;\"><span id=\"result_box\" lang=\"en\" xml:lang=\"en\"><span title=\"Compendio de la antig\u00fcedad y poblaci\u00f3n y primeros moradores de la Isla y Ciudad de C\u00c1DIZ con lo dem\u00e1s esencial en ella sucedido en todas las edades pasadas hasta el a\u00f1o de mil quinientos y ochenta y nueve.\"><span lang=\"en\" xml:lang=\"en\"><span title=\"Fue la primera publicaci\u00f3n occidental importante que se imprimi\u00f3 utilizando tipos m\u00f3viles de metal, una extraordinaria haza\u00f1a tecnol\u00f3gica y art\u00edstica que anunciaba la era del libro impreso.\"><span class=\"VIiyi\" lang=\"en\"><span class=\"JLqJ4b ChMk0b\" data-language-for-alternatives=\"en\" data-language-to-translate-into=\"es\" data-phrase-index=\"11\" data-number-of-phrases=\"29\"><span class=\"JLqJ4b\" data-language-for-alternatives=\"en\" data-language-to-translate-into=\"es\" data-phrase-index=\"0\" data-number-of-phrases=\"1\"><span class=\"Q4iAWc\"><span class=\"HwtZe\" lang=\"en\"><span class=\"jCAhz ChMk0b\"><span class=\"ryNqvb\">Facsimile reproduction from 2001 of the map that represents the entire Mississippi River basin, whose coastline was discovered by Alfonso \u00c1lvarez de Pineda in 1519<\/span><\/span><\/span><\/span><\/span><\/span><\/span><\/span><\/span><\/span><\/span><\/p>\n","protected":false},"featured_media":98803,"template":"","meta":[],"product_brand":[],"product_cat":[2234],"product_tag":[5120,3999],"class_list":{"0":"post-74561","1":"product","2":"type-product","3":"status-publish","4":"has-post-thumbnail","6":"product_cat-antique-maps","7":"product_tag-history-en","8":"product_tag-testimonio-en","9":"description-off","11":"first","12":"instock","13":"taxable","14":"shipping-taxable","15":"purchasable","16":"product-type-simple"},"yoast_head":"<!-- This site is optimized with the Yoast SEO plugin v27.3 - https:\/\/yoast.com\/product\/yoast-seo-wordpress\/ -->\n<title>Map of the Mississippi River, 17th century<\/title>\n<meta name=\"description\" content=\"Facsimile reproduction from 2001 of the map that represents the entire Mississippi River basin, whose coastline was discovered by Alfonso \u00c1lvarez de Pineda\" \/>\n<meta name=\"robots\" content=\"index, follow, max-snippet:-1, max-image-preview:large, max-video-preview:-1\" \/>\n<link rel=\"canonical\" href=\"https:\/\/www.comprarmejor.es\/en\/product\/map-of-the-mississippi-river-17th-century\/\" \/>\n<meta property=\"og:locale\" content=\"en_US\" \/>\n<meta property=\"og:type\" content=\"article\" \/>\n<meta property=\"og:title\" content=\"Map of the Mississippi River, 17th century\" \/>\n<meta property=\"og:description\" content=\"Facsimile reproduction from 2001 of the map that represents the entire Mississippi River basin, whose coastline was discovered by Alfonso \u00c1lvarez de Pineda\" \/>\n<meta property=\"og:url\" content=\"https:\/\/www.comprarmejor.es\/en\/product\/map-of-the-mississippi-river-17th-century\/\" \/>\n<meta property=\"og:site_name\" content=\"ComprarMejor\" \/>\n<meta property=\"article:modified_time\" content=\"2026-05-05T09:47:23+00:00\" \/>\n<meta property=\"og:image\" content=\"https:\/\/www.comprarmejor.es\/wp-content\/uploads\/2022\/04\/MM03.jpg\" \/>\n\t<meta property=\"og:image:width\" content=\"288\" \/>\n\t<meta property=\"og:image:height\" content=\"378\" \/>\n\t<meta property=\"og:image:type\" content=\"image\/jpeg\" \/>\n<meta name=\"twitter:card\" content=\"summary_large_image\" \/>\n<meta name=\"twitter:label1\" content=\"Est. reading time\" \/>\n\t<meta name=\"twitter:data1\" content=\"2 minutes\" \/>\n<script type=\"application\/ld+json\" class=\"yoast-schema-graph\">{\"@context\":\"https:\\\/\\\/schema.org\",\"@graph\":[{\"@type\":\"WebPage\",\"@id\":\"https:\\\/\\\/www.comprarmejor.es\\\/en\\\/product\\\/map-of-the-mississippi-river-17th-century\\\/\",\"url\":\"https:\\\/\\\/www.comprarmejor.es\\\/en\\\/product\\\/map-of-the-mississippi-river-17th-century\\\/\",\"name\":\"Map of the Mississippi River, 17th century\",\"isPartOf\":{\"@id\":\"https:\\\/\\\/www.comprarmejor.es\\\/en\\\/#website\"},\"primaryImageOfPage\":{\"@id\":\"https:\\\/\\\/www.comprarmejor.es\\\/en\\\/product\\\/map-of-the-mississippi-river-17th-century\\\/#primaryimage\"},\"image\":{\"@id\":\"https:\\\/\\\/www.comprarmejor.es\\\/en\\\/product\\\/map-of-the-mississippi-river-17th-century\\\/#primaryimage\"},\"thumbnailUrl\":\"https:\\\/\\\/www.comprarmejor.es\\\/wp-content\\\/uploads\\\/2022\\\/04\\\/MM03.jpg\",\"datePublished\":\"2022-04-05T09:35:33+00:00\",\"dateModified\":\"2026-05-05T09:47:23+00:00\",\"description\":\"Facsimile reproduction from 2001 of the map that represents the entire Mississippi River basin, whose coastline was discovered by Alfonso \u00c1lvarez de Pineda\",\"breadcrumb\":{\"@id\":\"https:\\\/\\\/www.comprarmejor.es\\\/en\\\/product\\\/map-of-the-mississippi-river-17th-century\\\/#breadcrumb\"},\"inLanguage\":\"en-US\",\"potentialAction\":[{\"@type\":\"ReadAction\",\"target\":[\"https:\\\/\\\/www.comprarmejor.es\\\/en\\\/product\\\/map-of-the-mississippi-river-17th-century\\\/\"]}]},{\"@type\":\"ImageObject\",\"inLanguage\":\"en-US\",\"@id\":\"https:\\\/\\\/www.comprarmejor.es\\\/en\\\/product\\\/map-of-the-mississippi-river-17th-century\\\/#primaryimage\",\"url\":\"https:\\\/\\\/www.comprarmejor.es\\\/wp-content\\\/uploads\\\/2022\\\/04\\\/MM03.jpg\",\"contentUrl\":\"https:\\\/\\\/www.comprarmejor.es\\\/wp-content\\\/uploads\\\/2022\\\/04\\\/MM03.jpg\",\"width\":288,\"height\":378},{\"@type\":\"BreadcrumbList\",\"@id\":\"https:\\\/\\\/www.comprarmejor.es\\\/en\\\/product\\\/map-of-the-mississippi-river-17th-century\\\/#breadcrumb\",\"itemListElement\":[{\"@type\":\"ListItem\",\"position\":1,\"name\":\"Portada\",\"item\":\"https:\\\/\\\/www.comprarmejor.es\\\/en\\\/\"},{\"@type\":\"ListItem\",\"position\":2,\"name\":\"Shop\",\"item\":\"https:\\\/\\\/www.comprarmejor.es\\\/en\\\/shop\\\/\"},{\"@type\":\"ListItem\",\"position\":3,\"name\":\"Map of the Mississippi River, 17th century\"}]},{\"@type\":\"WebSite\",\"@id\":\"https:\\\/\\\/www.comprarmejor.es\\\/en\\\/#website\",\"url\":\"https:\\\/\\\/www.comprarmejor.es\\\/en\\\/\",\"name\":\"ComprarMejor\",\"description\":\"ComprarMejor\",\"publisher\":{\"@id\":\"https:\\\/\\\/www.comprarmejor.es\\\/en\\\/#organization\"},\"potentialAction\":[{\"@type\":\"SearchAction\",\"target\":{\"@type\":\"EntryPoint\",\"urlTemplate\":\"https:\\\/\\\/www.comprarmejor.es\\\/en\\\/?s={search_term_string}\"},\"query-input\":{\"@type\":\"PropertyValueSpecification\",\"valueRequired\":true,\"valueName\":\"search_term_string\"}}],\"inLanguage\":\"en-US\"},{\"@type\":\"Organization\",\"@id\":\"https:\\\/\\\/www.comprarmejor.es\\\/en\\\/#organization\",\"name\":\"COMPRAR MEJOR\",\"url\":\"https:\\\/\\\/www.comprarmejor.es\\\/en\\\/\",\"logo\":{\"@type\":\"ImageObject\",\"inLanguage\":\"en-US\",\"@id\":\"https:\\\/\\\/www.comprarmejor.es\\\/en\\\/#\\\/schema\\\/logo\\\/image\\\/\",\"url\":\"https:\\\/\\\/www.comprarmejor.es\\\/wp-content\\\/uploads\\\/2025\\\/09\\\/comprarmejortrinidad.jpg\",\"contentUrl\":\"https:\\\/\\\/www.comprarmejor.es\\\/wp-content\\\/uploads\\\/2025\\\/09\\\/comprarmejortrinidad.jpg\",\"width\":1022,\"height\":1380,\"caption\":\"COMPRAR MEJOR\"},\"image\":{\"@id\":\"https:\\\/\\\/www.comprarmejor.es\\\/en\\\/#\\\/schema\\\/logo\\\/image\\\/\"},\"sameAs\":[\"https:\\\/\\\/www.instagram.com\\\/amigosdelcodice\"]}]}<\/script>\n<!-- \/ Yoast SEO plugin. -->","yoast_head_json":{"title":"Map of the Mississippi River, 17th century","description":"Facsimile reproduction from 2001 of the map that represents the entire Mississippi River basin, whose coastline was discovered by Alfonso \u00c1lvarez de Pineda","robots":{"index":"index","follow":"follow","max-snippet":"max-snippet:-1","max-image-preview":"max-image-preview:large","max-video-preview":"max-video-preview:-1"},"canonical":"https:\/\/www.comprarmejor.es\/en\/product\/map-of-the-mississippi-river-17th-century\/","og_locale":"en_US","og_type":"article","og_title":"Map of the Mississippi River, 17th century","og_description":"Facsimile reproduction from 2001 of the map that represents the entire Mississippi River basin, whose coastline was discovered by Alfonso \u00c1lvarez de Pineda","og_url":"https:\/\/www.comprarmejor.es\/en\/product\/map-of-the-mississippi-river-17th-century\/","og_site_name":"ComprarMejor","article_modified_time":"2026-05-05T09:47:23+00:00","og_image":[{"width":288,"height":378,"url":"https:\/\/www.comprarmejor.es\/wp-content\/uploads\/2022\/04\/MM03.jpg","type":"image\/jpeg"}],"twitter_card":"summary_large_image","twitter_misc":{"Est. reading time":"2 minutes"},"schema":{"@context":"https:\/\/schema.org","@graph":[{"@type":"WebPage","@id":"https:\/\/www.comprarmejor.es\/en\/product\/map-of-the-mississippi-river-17th-century\/","url":"https:\/\/www.comprarmejor.es\/en\/product\/map-of-the-mississippi-river-17th-century\/","name":"Map of the Mississippi River, 17th century","isPartOf":{"@id":"https:\/\/www.comprarmejor.es\/en\/#website"},"primaryImageOfPage":{"@id":"https:\/\/www.comprarmejor.es\/en\/product\/map-of-the-mississippi-river-17th-century\/#primaryimage"},"image":{"@id":"https:\/\/www.comprarmejor.es\/en\/product\/map-of-the-mississippi-river-17th-century\/#primaryimage"},"thumbnailUrl":"https:\/\/www.comprarmejor.es\/wp-content\/uploads\/2022\/04\/MM03.jpg","datePublished":"2022-04-05T09:35:33+00:00","dateModified":"2026-05-05T09:47:23+00:00","description":"Facsimile reproduction from 2001 of the map that represents the entire Mississippi River basin, whose coastline was discovered by Alfonso \u00c1lvarez de Pineda","breadcrumb":{"@id":"https:\/\/www.comprarmejor.es\/en\/product\/map-of-the-mississippi-river-17th-century\/#breadcrumb"},"inLanguage":"en-US","potentialAction":[{"@type":"ReadAction","target":["https:\/\/www.comprarmejor.es\/en\/product\/map-of-the-mississippi-river-17th-century\/"]}]},{"@type":"ImageObject","inLanguage":"en-US","@id":"https:\/\/www.comprarmejor.es\/en\/product\/map-of-the-mississippi-river-17th-century\/#primaryimage","url":"https:\/\/www.comprarmejor.es\/wp-content\/uploads\/2022\/04\/MM03.jpg","contentUrl":"https:\/\/www.comprarmejor.es\/wp-content\/uploads\/2022\/04\/MM03.jpg","width":288,"height":378},{"@type":"BreadcrumbList","@id":"https:\/\/www.comprarmejor.es\/en\/product\/map-of-the-mississippi-river-17th-century\/#breadcrumb","itemListElement":[{"@type":"ListItem","position":1,"name":"Portada","item":"https:\/\/www.comprarmejor.es\/en\/"},{"@type":"ListItem","position":2,"name":"Shop","item":"https:\/\/www.comprarmejor.es\/en\/shop\/"},{"@type":"ListItem","position":3,"name":"Map of the Mississippi River, 17th century"}]},{"@type":"WebSite","@id":"https:\/\/www.comprarmejor.es\/en\/#website","url":"https:\/\/www.comprarmejor.es\/en\/","name":"ComprarMejor","description":"ComprarMejor","publisher":{"@id":"https:\/\/www.comprarmejor.es\/en\/#organization"},"potentialAction":[{"@type":"SearchAction","target":{"@type":"EntryPoint","urlTemplate":"https:\/\/www.comprarmejor.es\/en\/?s={search_term_string}"},"query-input":{"@type":"PropertyValueSpecification","valueRequired":true,"valueName":"search_term_string"}}],"inLanguage":"en-US"},{"@type":"Organization","@id":"https:\/\/www.comprarmejor.es\/en\/#organization","name":"COMPRAR MEJOR","url":"https:\/\/www.comprarmejor.es\/en\/","logo":{"@type":"ImageObject","inLanguage":"en-US","@id":"https:\/\/www.comprarmejor.es\/en\/#\/schema\/logo\/image\/","url":"https:\/\/www.comprarmejor.es\/wp-content\/uploads\/2025\/09\/comprarmejortrinidad.jpg","contentUrl":"https:\/\/www.comprarmejor.es\/wp-content\/uploads\/2025\/09\/comprarmejortrinidad.jpg","width":1022,"height":1380,"caption":"COMPRAR MEJOR"},"image":{"@id":"https:\/\/www.comprarmejor.es\/en\/#\/schema\/logo\/image\/"},"sameAs":["https:\/\/www.instagram.com\/amigosdelcodice"]}]}},"_links":{"self":[{"href":"https:\/\/www.comprarmejor.es\/en\/wp-json\/wp\/v2\/product\/74561","targetHints":{"allow":["GET"]}}],"collection":[{"href":"https:\/\/www.comprarmejor.es\/en\/wp-json\/wp\/v2\/product"}],"about":[{"href":"https:\/\/www.comprarmejor.es\/en\/wp-json\/wp\/v2\/types\/product"}],"wp:featuredmedia":[{"embeddable":true,"href":"https:\/\/www.comprarmejor.es\/en\/wp-json\/wp\/v2\/media\/98803"}],"wp:attachment":[{"href":"https:\/\/www.comprarmejor.es\/en\/wp-json\/wp\/v2\/media?parent=74561"}],"wp:term":[{"taxonomy":"product_brand","embeddable":true,"href":"https:\/\/www.comprarmejor.es\/en\/wp-json\/wp\/v2\/product_brand?post=74561"},{"taxonomy":"product_cat","embeddable":true,"href":"https:\/\/www.comprarmejor.es\/en\/wp-json\/wp\/v2\/product_cat?post=74561"},{"taxonomy":"product_tag","embeddable":true,"href":"https:\/\/www.comprarmejor.es\/en\/wp-json\/wp\/v2\/product_tag?post=74561"}],"curies":[{"name":"wp","href":"https:\/\/api.w.org\/{rel}","templated":true}]}}