{"id":74692,"date":"2022-04-12T13:22:55","date_gmt":"2022-04-12T11:22:56","guid":{"rendered":"https:\/\/www.comprarmejor.es\/?post_type=product&#038;p=74692"},"modified":"2022-04-12T13:34:47","modified_gmt":"2022-04-12T11:34:47","slug":"ancient-egyptian-canopic-jar-with-sand-from-the-great-pyramid","status":"publish","type":"product","link":"https:\/\/www.comprarmejor.es\/en\/product\/ancient-egyptian-canopic-jar-with-sand-from-the-great-pyramid\/","title":{"rendered":"Ancient Egyptian canopic jar with sand from the Great Pyramid"},"content":{"rendered":"<p style=\"text-align: justify;\">Extraordinary and beautiful canopic vessel reproduction of Ancient Egypt, made by Veronese in 2001, with the lid of the god Kebeshenuef in the shape of a falcon&#8217;s head.<\/p>\n<p style=\"text-align: justify;\">This unique canopic glass is filled with the sand that surrounds the Great Pyramid of Cheops, brought specifically to fill this glass from Egypt.<\/p>\n<p style=\"text-align: justify;\">Made with high quality resins, polychrome and gilded by hand. Total height: 19.5 cm. Total width: 7 cm. Total weight: 763 gr. In perfect condition, new.<\/p>\n<p style=\"text-align: justify;\">Qebehsenuf, Qebsenuf or Kebeshenuef is one of the four sons of Horus and Hathor in Egyptian mythology. His name means &#8220;he who refreshes his brothers&#8221; and he is a divinity associated with the protection of the West.<\/p>\n<p style=\"text-align: justify;\">At the beginning, since its appearance during the VI Dynasty, the canopic vessels were closed with a flat slab but at the beginning of the New Kingdom the stopper took the shape of the head of the deceased and since the end, in the Ramesside era, that of the head of each of the geniuses that protected the functioning of the organ in the living body, and had to be ritually oriented towards one of the cardinal points. Called Sons of Horus, they protected their contents from destruction. The divinities represented were:<br \/>\nAmset: vessel with a lid in the shape of a human head, which kept the liver (to the South).<br \/>\nHapy: vessel with a lid in the shape of a baboon&#8217;s head, where the lungs were deposited (to the North).<br \/>\nKebeshenuef: vessel with a lid in the shape of a falcon&#8217;s head, which contained the intestines (to the West).<br \/>\nDuamutef: vessel with lid in the shape of a jackal, with the stomach of the deceased (to the East).<\/p>\n<p style=\"text-align: justify;\"><span title=\"Gastos de env\u00edo por cuenta del comprador, seg\u00fan pedido y destino.\"><span class=\"VIiyi\" lang=\"en\"><span class=\"JLqJ4b ChMk0b\" data-language-for-alternatives=\"en\" data-language-to-translate-into=\"es\" data-phrase-index=\"0\" data-number-of-phrases=\"12\"><span class=\"Q4iAWc\">Shipping costs paid by the buyer, according to order and destination<\/span><\/span><\/span>. <\/span><span title=\"Cons\u00faltenos cualquier duda, as\u00ed como por cualquier otro facs\u00edmile que est\u00e9 buscando.\"><a class=\"btn btn-default\" href=\"https:\/\/www.comprarmejor.es\/en\/contact\">Ask us<\/a> <span class=\"VIiyi\" lang=\"en\"><span class=\"JLqJ4b ChMk0b\" data-language-for-alternatives=\"en\" data-language-to-translate-into=\"es\" data-phrase-index=\"1\" data-number-of-phrases=\"12\"><span class=\"Q4iAWc\">any questions you may have, indicating the article reference.<\/span><\/span><\/span><br \/>\n<\/span><\/p>\n","protected":false},"excerpt":{"rendered":"<p style=\"text-align: justify;\"><span id=\"result_box\" lang=\"en\" xml:lang=\"en\"><span title=\"n\u00e9erlandais 3, cuyo original se conserva en la Biblioteca Nacional de Francia, datado entre los a\u00f1os 1400 y 1410.\"><span class=\"tlid-translation translation\" lang=\"en\"><span class=\"\" title=\"\"><span class=\"VIiyi\" lang=\"en\"><span class=\"JLqJ4b\" data-language-for-alternatives=\"en\" data-language-to-translate-into=\"es\" data-phrase-index=\"0\" data-number-of-phrases=\"1\"><span class=\"Q4iAWc\">Canopic vessel reproduction of Ancient Egypt, made by Veronese in 2001, with the lid of the god Kebeshenuef in the shape of a falcon&#8217;s head.<\/span><\/span><\/span><\/span><\/span><\/span><\/span><\/p>\n","protected":false},"featured_media":74694,"template":"","meta":[],"product_brand":[],"product_cat":[2230],"product_tag":[],"class_list":{"0":"post-74692","1":"product","2":"type-product","3":"status-publish","4":"has-post-thumbnail","6":"product_cat-egyptomania","7":"product_shipping_class-from-0-to-1-kg","8":"description-off","10":"first","11":"instock","12":"taxable","13":"shipping-taxable","14":"purchasable","15":"product-type-simple"},"yoast_head":"<!-- This site is optimized with the Yoast SEO plugin v27.3 - https:\/\/yoast.com\/product\/yoast-seo-wordpress\/ -->\n<title>Ancient Egyptian canopic jar with sand from the Great Pyramid<\/title>\n<meta name=\"description\" content=\"Canopic vessel reproduction of Ancient Egypt, made by Veronese in 2001, with the lid of the god Kebeshenuef in the shape of a falcon&#039;s head.\" \/>\n<meta name=\"robots\" content=\"index, follow, max-snippet:-1, max-image-preview:large, max-video-preview:-1\" \/>\n<link rel=\"canonical\" href=\"https:\/\/www.comprarmejor.es\/en\/product\/ancient-egyptian-canopic-jar-with-sand-from-the-great-pyramid\/\" \/>\n<meta property=\"og:locale\" content=\"en_US\" \/>\n<meta property=\"og:type\" content=\"article\" \/>\n<meta property=\"og:title\" content=\"Ancient Egyptian canopic jar with sand from the Great Pyramid\" \/>\n<meta property=\"og:description\" content=\"Canopic vessel reproduction of Ancient Egypt, made by Veronese in 2001, with the lid of the god Kebeshenuef in the shape of a falcon&#039;s head.\" \/>\n<meta property=\"og:url\" content=\"https:\/\/www.comprarmejor.es\/en\/product\/ancient-egyptian-canopic-jar-with-sand-from-the-great-pyramid\/\" \/>\n<meta property=\"og:site_name\" content=\"ComprarMejor\" \/>\n<meta property=\"article:modified_time\" content=\"2022-04-12T11:34:47+00:00\" \/>\n<meta property=\"og:image\" content=\"https:\/\/www.comprarmejor.es\/wp-content\/uploads\/2022\/04\/DSC03556.jpg\" \/>\n\t<meta property=\"og:image:width\" content=\"490\" \/>\n\t<meta property=\"og:image:height\" content=\"600\" \/>\n\t<meta property=\"og:image:type\" content=\"image\/jpeg\" \/>\n<meta name=\"twitter:card\" content=\"summary_large_image\" \/>\n<meta name=\"twitter:label1\" content=\"Est. reading time\" \/>\n\t<meta name=\"twitter:data1\" content=\"2 minutes\" \/>\n<script type=\"application\/ld+json\" class=\"yoast-schema-graph\">{\"@context\":\"https:\\\/\\\/schema.org\",\"@graph\":[{\"@type\":\"WebPage\",\"@id\":\"https:\\\/\\\/www.comprarmejor.es\\\/en\\\/product\\\/ancient-egyptian-canopic-jar-with-sand-from-the-great-pyramid\\\/\",\"url\":\"https:\\\/\\\/www.comprarmejor.es\\\/en\\\/product\\\/ancient-egyptian-canopic-jar-with-sand-from-the-great-pyramid\\\/\",\"name\":\"Ancient Egyptian canopic jar with sand from the Great Pyramid\",\"isPartOf\":{\"@id\":\"https:\\\/\\\/www.comprarmejor.es\\\/en\\\/#website\"},\"primaryImageOfPage\":{\"@id\":\"https:\\\/\\\/www.comprarmejor.es\\\/en\\\/product\\\/ancient-egyptian-canopic-jar-with-sand-from-the-great-pyramid\\\/#primaryimage\"},\"image\":{\"@id\":\"https:\\\/\\\/www.comprarmejor.es\\\/en\\\/product\\\/ancient-egyptian-canopic-jar-with-sand-from-the-great-pyramid\\\/#primaryimage\"},\"thumbnailUrl\":\"https:\\\/\\\/www.comprarmejor.es\\\/wp-content\\\/uploads\\\/2022\\\/04\\\/DSC03556.jpg\",\"datePublished\":\"2022-04-12T11:22:56+00:00\",\"dateModified\":\"2022-04-12T11:34:47+00:00\",\"description\":\"Canopic vessel reproduction of Ancient Egypt, made by Veronese in 2001, with the lid of the god Kebeshenuef in the shape of a falcon's head.\",\"breadcrumb\":{\"@id\":\"https:\\\/\\\/www.comprarmejor.es\\\/en\\\/product\\\/ancient-egyptian-canopic-jar-with-sand-from-the-great-pyramid\\\/#breadcrumb\"},\"inLanguage\":\"en-US\",\"potentialAction\":[{\"@type\":\"ReadAction\",\"target\":[\"https:\\\/\\\/www.comprarmejor.es\\\/en\\\/product\\\/ancient-egyptian-canopic-jar-with-sand-from-the-great-pyramid\\\/\"]}]},{\"@type\":\"ImageObject\",\"inLanguage\":\"en-US\",\"@id\":\"https:\\\/\\\/www.comprarmejor.es\\\/en\\\/product\\\/ancient-egyptian-canopic-jar-with-sand-from-the-great-pyramid\\\/#primaryimage\",\"url\":\"https:\\\/\\\/www.comprarmejor.es\\\/wp-content\\\/uploads\\\/2022\\\/04\\\/DSC03556.jpg\",\"contentUrl\":\"https:\\\/\\\/www.comprarmejor.es\\\/wp-content\\\/uploads\\\/2022\\\/04\\\/DSC03556.jpg\",\"width\":490,\"height\":600},{\"@type\":\"BreadcrumbList\",\"@id\":\"https:\\\/\\\/www.comprarmejor.es\\\/en\\\/product\\\/ancient-egyptian-canopic-jar-with-sand-from-the-great-pyramid\\\/#breadcrumb\",\"itemListElement\":[{\"@type\":\"ListItem\",\"position\":1,\"name\":\"Portada\",\"item\":\"https:\\\/\\\/www.comprarmejor.es\\\/en\\\/\"},{\"@type\":\"ListItem\",\"position\":2,\"name\":\"Shop\",\"item\":\"https:\\\/\\\/www.comprarmejor.es\\\/en\\\/shop\\\/\"},{\"@type\":\"ListItem\",\"position\":3,\"name\":\"Ancient Egyptian canopic jar with sand from the Great Pyramid\"}]},{\"@type\":\"WebSite\",\"@id\":\"https:\\\/\\\/www.comprarmejor.es\\\/en\\\/#website\",\"url\":\"https:\\\/\\\/www.comprarmejor.es\\\/en\\\/\",\"name\":\"ComprarMejor\",\"description\":\"ComprarMejor\",\"publisher\":{\"@id\":\"https:\\\/\\\/www.comprarmejor.es\\\/en\\\/#organization\"},\"potentialAction\":[{\"@type\":\"SearchAction\",\"target\":{\"@type\":\"EntryPoint\",\"urlTemplate\":\"https:\\\/\\\/www.comprarmejor.es\\\/en\\\/?s={search_term_string}\"},\"query-input\":{\"@type\":\"PropertyValueSpecification\",\"valueRequired\":true,\"valueName\":\"search_term_string\"}}],\"inLanguage\":\"en-US\"},{\"@type\":\"Organization\",\"@id\":\"https:\\\/\\\/www.comprarmejor.es\\\/en\\\/#organization\",\"name\":\"COMPRAR MEJOR\",\"url\":\"https:\\\/\\\/www.comprarmejor.es\\\/en\\\/\",\"logo\":{\"@type\":\"ImageObject\",\"inLanguage\":\"en-US\",\"@id\":\"https:\\\/\\\/www.comprarmejor.es\\\/en\\\/#\\\/schema\\\/logo\\\/image\\\/\",\"url\":\"https:\\\/\\\/www.comprarmejor.es\\\/wp-content\\\/uploads\\\/2025\\\/09\\\/comprarmejortrinidad.jpg\",\"contentUrl\":\"https:\\\/\\\/www.comprarmejor.es\\\/wp-content\\\/uploads\\\/2025\\\/09\\\/comprarmejortrinidad.jpg\",\"width\":1022,\"height\":1380,\"caption\":\"COMPRAR MEJOR\"},\"image\":{\"@id\":\"https:\\\/\\\/www.comprarmejor.es\\\/en\\\/#\\\/schema\\\/logo\\\/image\\\/\"},\"sameAs\":[\"https:\\\/\\\/www.instagram.com\\\/amigosdelcodice\"]}]}<\/script>\n<!-- \/ Yoast SEO plugin. -->","yoast_head_json":{"title":"Ancient Egyptian canopic jar with sand from the Great Pyramid","description":"Canopic vessel reproduction of Ancient Egypt, made by Veronese in 2001, with the lid of the god Kebeshenuef in the shape of a falcon's head.","robots":{"index":"index","follow":"follow","max-snippet":"max-snippet:-1","max-image-preview":"max-image-preview:large","max-video-preview":"max-video-preview:-1"},"canonical":"https:\/\/www.comprarmejor.es\/en\/product\/ancient-egyptian-canopic-jar-with-sand-from-the-great-pyramid\/","og_locale":"en_US","og_type":"article","og_title":"Ancient Egyptian canopic jar with sand from the Great Pyramid","og_description":"Canopic vessel reproduction of Ancient Egypt, made by Veronese in 2001, with the lid of the god Kebeshenuef in the shape of a falcon's head.","og_url":"https:\/\/www.comprarmejor.es\/en\/product\/ancient-egyptian-canopic-jar-with-sand-from-the-great-pyramid\/","og_site_name":"ComprarMejor","article_modified_time":"2022-04-12T11:34:47+00:00","og_image":[{"width":490,"height":600,"url":"https:\/\/www.comprarmejor.es\/wp-content\/uploads\/2022\/04\/DSC03556.jpg","type":"image\/jpeg"}],"twitter_card":"summary_large_image","twitter_misc":{"Est. reading time":"2 minutes"},"schema":{"@context":"https:\/\/schema.org","@graph":[{"@type":"WebPage","@id":"https:\/\/www.comprarmejor.es\/en\/product\/ancient-egyptian-canopic-jar-with-sand-from-the-great-pyramid\/","url":"https:\/\/www.comprarmejor.es\/en\/product\/ancient-egyptian-canopic-jar-with-sand-from-the-great-pyramid\/","name":"Ancient Egyptian canopic jar with sand from the Great Pyramid","isPartOf":{"@id":"https:\/\/www.comprarmejor.es\/en\/#website"},"primaryImageOfPage":{"@id":"https:\/\/www.comprarmejor.es\/en\/product\/ancient-egyptian-canopic-jar-with-sand-from-the-great-pyramid\/#primaryimage"},"image":{"@id":"https:\/\/www.comprarmejor.es\/en\/product\/ancient-egyptian-canopic-jar-with-sand-from-the-great-pyramid\/#primaryimage"},"thumbnailUrl":"https:\/\/www.comprarmejor.es\/wp-content\/uploads\/2022\/04\/DSC03556.jpg","datePublished":"2022-04-12T11:22:56+00:00","dateModified":"2022-04-12T11:34:47+00:00","description":"Canopic vessel reproduction of Ancient Egypt, made by Veronese in 2001, with the lid of the god Kebeshenuef in the shape of a falcon's head.","breadcrumb":{"@id":"https:\/\/www.comprarmejor.es\/en\/product\/ancient-egyptian-canopic-jar-with-sand-from-the-great-pyramid\/#breadcrumb"},"inLanguage":"en-US","potentialAction":[{"@type":"ReadAction","target":["https:\/\/www.comprarmejor.es\/en\/product\/ancient-egyptian-canopic-jar-with-sand-from-the-great-pyramid\/"]}]},{"@type":"ImageObject","inLanguage":"en-US","@id":"https:\/\/www.comprarmejor.es\/en\/product\/ancient-egyptian-canopic-jar-with-sand-from-the-great-pyramid\/#primaryimage","url":"https:\/\/www.comprarmejor.es\/wp-content\/uploads\/2022\/04\/DSC03556.jpg","contentUrl":"https:\/\/www.comprarmejor.es\/wp-content\/uploads\/2022\/04\/DSC03556.jpg","width":490,"height":600},{"@type":"BreadcrumbList","@id":"https:\/\/www.comprarmejor.es\/en\/product\/ancient-egyptian-canopic-jar-with-sand-from-the-great-pyramid\/#breadcrumb","itemListElement":[{"@type":"ListItem","position":1,"name":"Portada","item":"https:\/\/www.comprarmejor.es\/en\/"},{"@type":"ListItem","position":2,"name":"Shop","item":"https:\/\/www.comprarmejor.es\/en\/shop\/"},{"@type":"ListItem","position":3,"name":"Ancient Egyptian canopic jar with sand from the Great Pyramid"}]},{"@type":"WebSite","@id":"https:\/\/www.comprarmejor.es\/en\/#website","url":"https:\/\/www.comprarmejor.es\/en\/","name":"ComprarMejor","description":"ComprarMejor","publisher":{"@id":"https:\/\/www.comprarmejor.es\/en\/#organization"},"potentialAction":[{"@type":"SearchAction","target":{"@type":"EntryPoint","urlTemplate":"https:\/\/www.comprarmejor.es\/en\/?s={search_term_string}"},"query-input":{"@type":"PropertyValueSpecification","valueRequired":true,"valueName":"search_term_string"}}],"inLanguage":"en-US"},{"@type":"Organization","@id":"https:\/\/www.comprarmejor.es\/en\/#organization","name":"COMPRAR MEJOR","url":"https:\/\/www.comprarmejor.es\/en\/","logo":{"@type":"ImageObject","inLanguage":"en-US","@id":"https:\/\/www.comprarmejor.es\/en\/#\/schema\/logo\/image\/","url":"https:\/\/www.comprarmejor.es\/wp-content\/uploads\/2025\/09\/comprarmejortrinidad.jpg","contentUrl":"https:\/\/www.comprarmejor.es\/wp-content\/uploads\/2025\/09\/comprarmejortrinidad.jpg","width":1022,"height":1380,"caption":"COMPRAR MEJOR"},"image":{"@id":"https:\/\/www.comprarmejor.es\/en\/#\/schema\/logo\/image\/"},"sameAs":["https:\/\/www.instagram.com\/amigosdelcodice"]}]}},"_links":{"self":[{"href":"https:\/\/www.comprarmejor.es\/en\/wp-json\/wp\/v2\/product\/74692","targetHints":{"allow":["GET"]}}],"collection":[{"href":"https:\/\/www.comprarmejor.es\/en\/wp-json\/wp\/v2\/product"}],"about":[{"href":"https:\/\/www.comprarmejor.es\/en\/wp-json\/wp\/v2\/types\/product"}],"wp:featuredmedia":[{"embeddable":true,"href":"https:\/\/www.comprarmejor.es\/en\/wp-json\/wp\/v2\/media\/74694"}],"wp:attachment":[{"href":"https:\/\/www.comprarmejor.es\/en\/wp-json\/wp\/v2\/media?parent=74692"}],"wp:term":[{"taxonomy":"product_brand","embeddable":true,"href":"https:\/\/www.comprarmejor.es\/en\/wp-json\/wp\/v2\/product_brand?post=74692"},{"taxonomy":"product_cat","embeddable":true,"href":"https:\/\/www.comprarmejor.es\/en\/wp-json\/wp\/v2\/product_cat?post=74692"},{"taxonomy":"product_tag","embeddable":true,"href":"https:\/\/www.comprarmejor.es\/en\/wp-json\/wp\/v2\/product_tag?post=74692"}],"curies":[{"name":"wp","href":"https:\/\/api.w.org\/{rel}","templated":true}]}}