{"id":74770,"date":"2022-04-13T13:04:52","date_gmt":"2022-04-13T11:04:53","guid":{"rendered":"https:\/\/www.comprarmejor.es\/?post_type=product&#038;p=74770"},"modified":"2023-01-14T11:56:42","modified_gmt":"2023-01-14T10:56:42","slug":"small-golden-figure-of-a-scribe-from-ancient-egypt","status":"publish","type":"product","link":"https:\/\/www.comprarmejor.es\/en\/product\/small-golden-figure-of-a-scribe-from-ancient-egypt\/","title":{"rendered":"Small golden figure of a scribe from Ancient Egypt"},"content":{"rendered":"<p style=\"text-align: justify;\"><span class=\"HwtZe\" lang=\"en\"><span class=\"jCAhz ChMk0b\"><span class=\"ryNqvb\">Small figure made of special golden resin, decorated and painted by hand of a seated scribe from Ancient Egypt.<\/span><\/span><\/span><\/p>\n<p style=\"text-align: justify;\"><span class=\"HwtZe\" lang=\"en\"><span class=\"jCAhz ChMk0b\"><span class=\"ryNqvb\">Measurements: 3 x 4 x 10.5 cm.<\/span><\/span> <span class=\"jCAhz ChMk0b\"><span class=\"ryNqvb\">Weight: 83 grams.<\/span><\/span><\/span><\/p>\n<p style=\"text-align: justify;\"><span class=\"HwtZe\" lang=\"en\"><span class=\"jCAhz ChMk0b\"><span class=\"ryNqvb\">In perfect state.<\/span><\/span><\/span><\/p>\n<p style=\"text-align: justify;\"><span class=\"hps\"><span class=\"VIiyi\" lang=\"en\"><span class=\"JLqJ4b\" data-language-for-alternatives=\"en\" data-language-to-translate-into=\"es\" data-phrase-index=\"0\" data-number-of-phrases=\"1\"><span class=\"Q4iAWc\">Shipping costs paid by the buyer, according to order and destination<\/span><\/span><\/span>.<\/span>\u00a0<a class=\"btn btn-default\" href=\"https:\/\/www.comprarmejor.es\/en\/contact\">Ask us<\/a>\u00a0<span class=\"VIiyi\" lang=\"en\"><span class=\"JLqJ4b\" data-language-for-alternatives=\"en\" data-language-to-translate-into=\"es\" data-phrase-index=\"0\" data-number-of-phrases=\"1\"><span class=\"Q4iAWc\">any questions you may have, indicating the article reference.<\/span><\/span><\/span><\/p>\n","protected":false},"excerpt":{"rendered":"<p style=\"text-align: justify;\"><span id=\"result_box\" lang=\"en\" xml:lang=\"en\"><span class=\"hps\"><span lang=\"en\" xml:lang=\"en\"><span title=\"Cada una de las 300 p\u00e1ginas, ricamente iluminadas de este manuscrito, reflejan, sin ning\u00fan g\u00e9nero de dudas, la maestr\u00eda en la ejecuci\u00f3n de uno de los grandes pintores de finales del g\u00f3tico franc\u00e9s, Jean Colombe.\"><span class=\"VIiyi\" lang=\"en\"><span class=\"JLqJ4b\" data-language-for-alternatives=\"en\" data-language-to-translate-into=\"es\" data-phrase-index=\"0\"><span class=\"Q4iAWc\"><span class=\"HwtZe\" lang=\"en\"><span class=\"jCAhz ChMk0b\"><span class=\"ryNqvb\">Small figure made of special golden resin, decorated and painted by hand of a seated scribe from Ancient Egypt.<\/span><\/span><\/span><\/span><\/span><\/span><\/span><\/span><\/span><\/span><\/p>\n","protected":false},"featured_media":84921,"template":"","meta":[],"product_brand":[],"product_cat":[2230],"product_tag":[],"class_list":{"0":"post-74770","1":"product","2":"type-product","3":"status-publish","4":"has-post-thumbnail","6":"product_cat-egyptomania","7":"product_shipping_class-from-0-to-1-kg","8":"description-off","10":"first","11":"instock","12":"taxable","13":"shipping-taxable","14":"purchasable","15":"product-type-simple"},"yoast_head":"<!-- This site is optimized with the Yoast SEO plugin v27.3 - https:\/\/yoast.com\/product\/yoast-seo-wordpress\/ -->\n<title>Small golden figure of a scribe from Ancient Egypt<\/title>\n<meta name=\"description\" content=\"Small figure made of special golden resin, decorated and painted by hand of a seated scribe from Ancient Egypt.\" \/>\n<meta name=\"robots\" content=\"index, follow, max-snippet:-1, max-image-preview:large, max-video-preview:-1\" \/>\n<link rel=\"canonical\" href=\"https:\/\/www.comprarmejor.es\/en\/product\/small-golden-figure-of-a-scribe-from-ancient-egypt\/\" \/>\n<meta property=\"og:locale\" content=\"en_US\" \/>\n<meta property=\"og:type\" content=\"article\" \/>\n<meta property=\"og:title\" content=\"Small golden figure of a scribe from Ancient Egypt\" \/>\n<meta property=\"og:description\" content=\"Small figure made of special golden resin, decorated and painted by hand of a seated scribe from Ancient Egypt.\" \/>\n<meta property=\"og:url\" content=\"https:\/\/www.comprarmejor.es\/en\/product\/small-golden-figure-of-a-scribe-from-ancient-egypt\/\" \/>\n<meta property=\"og:site_name\" content=\"ComprarMejor\" \/>\n<meta property=\"article:modified_time\" content=\"2023-01-14T10:56:42+00:00\" \/>\n<meta property=\"og:image\" content=\"https:\/\/www.comprarmejor.es\/wp-content\/uploads\/2022\/04\/DSC04904.jpg\" \/>\n\t<meta property=\"og:image:width\" content=\"363\" \/>\n\t<meta property=\"og:image:height\" content=\"749\" \/>\n\t<meta property=\"og:image:type\" content=\"image\/jpeg\" \/>\n<meta name=\"twitter:card\" content=\"summary_large_image\" \/>\n<meta name=\"twitter:label1\" content=\"Est. reading time\" \/>\n\t<meta name=\"twitter:data1\" content=\"1 minute\" \/>\n<script type=\"application\/ld+json\" class=\"yoast-schema-graph\">{\"@context\":\"https:\\\/\\\/schema.org\",\"@graph\":[{\"@type\":\"WebPage\",\"@id\":\"https:\\\/\\\/www.comprarmejor.es\\\/en\\\/product\\\/small-golden-figure-of-a-scribe-from-ancient-egypt\\\/\",\"url\":\"https:\\\/\\\/www.comprarmejor.es\\\/en\\\/product\\\/small-golden-figure-of-a-scribe-from-ancient-egypt\\\/\",\"name\":\"Small golden figure of a scribe from Ancient Egypt\",\"isPartOf\":{\"@id\":\"https:\\\/\\\/www.comprarmejor.es\\\/en\\\/#website\"},\"primaryImageOfPage\":{\"@id\":\"https:\\\/\\\/www.comprarmejor.es\\\/en\\\/product\\\/small-golden-figure-of-a-scribe-from-ancient-egypt\\\/#primaryimage\"},\"image\":{\"@id\":\"https:\\\/\\\/www.comprarmejor.es\\\/en\\\/product\\\/small-golden-figure-of-a-scribe-from-ancient-egypt\\\/#primaryimage\"},\"thumbnailUrl\":\"https:\\\/\\\/www.comprarmejor.es\\\/wp-content\\\/uploads\\\/2022\\\/04\\\/DSC04904.jpg\",\"datePublished\":\"2022-04-13T11:04:53+00:00\",\"dateModified\":\"2023-01-14T10:56:42+00:00\",\"description\":\"Small figure made of special golden resin, decorated and painted by hand of a seated scribe from Ancient Egypt.\",\"breadcrumb\":{\"@id\":\"https:\\\/\\\/www.comprarmejor.es\\\/en\\\/product\\\/small-golden-figure-of-a-scribe-from-ancient-egypt\\\/#breadcrumb\"},\"inLanguage\":\"en-US\",\"potentialAction\":[{\"@type\":\"ReadAction\",\"target\":[\"https:\\\/\\\/www.comprarmejor.es\\\/en\\\/product\\\/small-golden-figure-of-a-scribe-from-ancient-egypt\\\/\"]}]},{\"@type\":\"ImageObject\",\"inLanguage\":\"en-US\",\"@id\":\"https:\\\/\\\/www.comprarmejor.es\\\/en\\\/product\\\/small-golden-figure-of-a-scribe-from-ancient-egypt\\\/#primaryimage\",\"url\":\"https:\\\/\\\/www.comprarmejor.es\\\/wp-content\\\/uploads\\\/2022\\\/04\\\/DSC04904.jpg\",\"contentUrl\":\"https:\\\/\\\/www.comprarmejor.es\\\/wp-content\\\/uploads\\\/2022\\\/04\\\/DSC04904.jpg\",\"width\":363,\"height\":749},{\"@type\":\"BreadcrumbList\",\"@id\":\"https:\\\/\\\/www.comprarmejor.es\\\/en\\\/product\\\/small-golden-figure-of-a-scribe-from-ancient-egypt\\\/#breadcrumb\",\"itemListElement\":[{\"@type\":\"ListItem\",\"position\":1,\"name\":\"Portada\",\"item\":\"https:\\\/\\\/www.comprarmejor.es\\\/en\\\/\"},{\"@type\":\"ListItem\",\"position\":2,\"name\":\"Shop\",\"item\":\"https:\\\/\\\/www.comprarmejor.es\\\/en\\\/shop\\\/\"},{\"@type\":\"ListItem\",\"position\":3,\"name\":\"Small golden figure of a scribe from Ancient Egypt\"}]},{\"@type\":\"WebSite\",\"@id\":\"https:\\\/\\\/www.comprarmejor.es\\\/en\\\/#website\",\"url\":\"https:\\\/\\\/www.comprarmejor.es\\\/en\\\/\",\"name\":\"ComprarMejor\",\"description\":\"ComprarMejor\",\"publisher\":{\"@id\":\"https:\\\/\\\/www.comprarmejor.es\\\/en\\\/#organization\"},\"potentialAction\":[{\"@type\":\"SearchAction\",\"target\":{\"@type\":\"EntryPoint\",\"urlTemplate\":\"https:\\\/\\\/www.comprarmejor.es\\\/en\\\/?s={search_term_string}\"},\"query-input\":{\"@type\":\"PropertyValueSpecification\",\"valueRequired\":true,\"valueName\":\"search_term_string\"}}],\"inLanguage\":\"en-US\"},{\"@type\":\"Organization\",\"@id\":\"https:\\\/\\\/www.comprarmejor.es\\\/en\\\/#organization\",\"name\":\"COMPRAR MEJOR\",\"url\":\"https:\\\/\\\/www.comprarmejor.es\\\/en\\\/\",\"logo\":{\"@type\":\"ImageObject\",\"inLanguage\":\"en-US\",\"@id\":\"https:\\\/\\\/www.comprarmejor.es\\\/en\\\/#\\\/schema\\\/logo\\\/image\\\/\",\"url\":\"https:\\\/\\\/www.comprarmejor.es\\\/wp-content\\\/uploads\\\/2025\\\/09\\\/comprarmejortrinidad.jpg\",\"contentUrl\":\"https:\\\/\\\/www.comprarmejor.es\\\/wp-content\\\/uploads\\\/2025\\\/09\\\/comprarmejortrinidad.jpg\",\"width\":1022,\"height\":1380,\"caption\":\"COMPRAR MEJOR\"},\"image\":{\"@id\":\"https:\\\/\\\/www.comprarmejor.es\\\/en\\\/#\\\/schema\\\/logo\\\/image\\\/\"},\"sameAs\":[\"https:\\\/\\\/www.instagram.com\\\/amigosdelcodice\"]}]}<\/script>\n<!-- \/ Yoast SEO plugin. -->","yoast_head_json":{"title":"Small golden figure of a scribe from Ancient Egypt","description":"Small figure made of special golden resin, decorated and painted by hand of a seated scribe from Ancient Egypt.","robots":{"index":"index","follow":"follow","max-snippet":"max-snippet:-1","max-image-preview":"max-image-preview:large","max-video-preview":"max-video-preview:-1"},"canonical":"https:\/\/www.comprarmejor.es\/en\/product\/small-golden-figure-of-a-scribe-from-ancient-egypt\/","og_locale":"en_US","og_type":"article","og_title":"Small golden figure of a scribe from Ancient Egypt","og_description":"Small figure made of special golden resin, decorated and painted by hand of a seated scribe from Ancient Egypt.","og_url":"https:\/\/www.comprarmejor.es\/en\/product\/small-golden-figure-of-a-scribe-from-ancient-egypt\/","og_site_name":"ComprarMejor","article_modified_time":"2023-01-14T10:56:42+00:00","og_image":[{"width":363,"height":749,"url":"https:\/\/www.comprarmejor.es\/wp-content\/uploads\/2022\/04\/DSC04904.jpg","type":"image\/jpeg"}],"twitter_card":"summary_large_image","twitter_misc":{"Est. reading time":"1 minute"},"schema":{"@context":"https:\/\/schema.org","@graph":[{"@type":"WebPage","@id":"https:\/\/www.comprarmejor.es\/en\/product\/small-golden-figure-of-a-scribe-from-ancient-egypt\/","url":"https:\/\/www.comprarmejor.es\/en\/product\/small-golden-figure-of-a-scribe-from-ancient-egypt\/","name":"Small golden figure of a scribe from Ancient Egypt","isPartOf":{"@id":"https:\/\/www.comprarmejor.es\/en\/#website"},"primaryImageOfPage":{"@id":"https:\/\/www.comprarmejor.es\/en\/product\/small-golden-figure-of-a-scribe-from-ancient-egypt\/#primaryimage"},"image":{"@id":"https:\/\/www.comprarmejor.es\/en\/product\/small-golden-figure-of-a-scribe-from-ancient-egypt\/#primaryimage"},"thumbnailUrl":"https:\/\/www.comprarmejor.es\/wp-content\/uploads\/2022\/04\/DSC04904.jpg","datePublished":"2022-04-13T11:04:53+00:00","dateModified":"2023-01-14T10:56:42+00:00","description":"Small figure made of special golden resin, decorated and painted by hand of a seated scribe from Ancient Egypt.","breadcrumb":{"@id":"https:\/\/www.comprarmejor.es\/en\/product\/small-golden-figure-of-a-scribe-from-ancient-egypt\/#breadcrumb"},"inLanguage":"en-US","potentialAction":[{"@type":"ReadAction","target":["https:\/\/www.comprarmejor.es\/en\/product\/small-golden-figure-of-a-scribe-from-ancient-egypt\/"]}]},{"@type":"ImageObject","inLanguage":"en-US","@id":"https:\/\/www.comprarmejor.es\/en\/product\/small-golden-figure-of-a-scribe-from-ancient-egypt\/#primaryimage","url":"https:\/\/www.comprarmejor.es\/wp-content\/uploads\/2022\/04\/DSC04904.jpg","contentUrl":"https:\/\/www.comprarmejor.es\/wp-content\/uploads\/2022\/04\/DSC04904.jpg","width":363,"height":749},{"@type":"BreadcrumbList","@id":"https:\/\/www.comprarmejor.es\/en\/product\/small-golden-figure-of-a-scribe-from-ancient-egypt\/#breadcrumb","itemListElement":[{"@type":"ListItem","position":1,"name":"Portada","item":"https:\/\/www.comprarmejor.es\/en\/"},{"@type":"ListItem","position":2,"name":"Shop","item":"https:\/\/www.comprarmejor.es\/en\/shop\/"},{"@type":"ListItem","position":3,"name":"Small golden figure of a scribe from Ancient Egypt"}]},{"@type":"WebSite","@id":"https:\/\/www.comprarmejor.es\/en\/#website","url":"https:\/\/www.comprarmejor.es\/en\/","name":"ComprarMejor","description":"ComprarMejor","publisher":{"@id":"https:\/\/www.comprarmejor.es\/en\/#organization"},"potentialAction":[{"@type":"SearchAction","target":{"@type":"EntryPoint","urlTemplate":"https:\/\/www.comprarmejor.es\/en\/?s={search_term_string}"},"query-input":{"@type":"PropertyValueSpecification","valueRequired":true,"valueName":"search_term_string"}}],"inLanguage":"en-US"},{"@type":"Organization","@id":"https:\/\/www.comprarmejor.es\/en\/#organization","name":"COMPRAR MEJOR","url":"https:\/\/www.comprarmejor.es\/en\/","logo":{"@type":"ImageObject","inLanguage":"en-US","@id":"https:\/\/www.comprarmejor.es\/en\/#\/schema\/logo\/image\/","url":"https:\/\/www.comprarmejor.es\/wp-content\/uploads\/2025\/09\/comprarmejortrinidad.jpg","contentUrl":"https:\/\/www.comprarmejor.es\/wp-content\/uploads\/2025\/09\/comprarmejortrinidad.jpg","width":1022,"height":1380,"caption":"COMPRAR MEJOR"},"image":{"@id":"https:\/\/www.comprarmejor.es\/en\/#\/schema\/logo\/image\/"},"sameAs":["https:\/\/www.instagram.com\/amigosdelcodice"]}]}},"_links":{"self":[{"href":"https:\/\/www.comprarmejor.es\/en\/wp-json\/wp\/v2\/product\/74770","targetHints":{"allow":["GET"]}}],"collection":[{"href":"https:\/\/www.comprarmejor.es\/en\/wp-json\/wp\/v2\/product"}],"about":[{"href":"https:\/\/www.comprarmejor.es\/en\/wp-json\/wp\/v2\/types\/product"}],"wp:featuredmedia":[{"embeddable":true,"href":"https:\/\/www.comprarmejor.es\/en\/wp-json\/wp\/v2\/media\/84921"}],"wp:attachment":[{"href":"https:\/\/www.comprarmejor.es\/en\/wp-json\/wp\/v2\/media?parent=74770"}],"wp:term":[{"taxonomy":"product_brand","embeddable":true,"href":"https:\/\/www.comprarmejor.es\/en\/wp-json\/wp\/v2\/product_brand?post=74770"},{"taxonomy":"product_cat","embeddable":true,"href":"https:\/\/www.comprarmejor.es\/en\/wp-json\/wp\/v2\/product_cat?post=74770"},{"taxonomy":"product_tag","embeddable":true,"href":"https:\/\/www.comprarmejor.es\/en\/wp-json\/wp\/v2\/product_tag?post=74770"}],"curies":[{"name":"wp","href":"https:\/\/api.w.org\/{rel}","templated":true}]}}