{"id":74960,"date":"2022-04-17T11:05:37","date_gmt":"2022-04-17T09:05:39","guid":{"rendered":"https:\/\/www.comprarmejor.es\/?post_type=product&#038;p=74960"},"modified":"2022-04-17T11:16:20","modified_gmt":"2022-04-17T09:16:20","slug":"home-remedies-2-volumes-complete","status":"publish","type":"product","link":"https:\/\/www.comprarmejor.es\/en\/product\/home-remedies-2-volumes-complete\/","title":{"rendered":"Home Remedies, 2 volumes, complete"},"content":{"rendered":"<p style=\"text-align: justify;\">Home Remedies, ISBN 9788422659815, 1996 edition by the C\u00edrculo de Lectores. Original Edition Title: \u201cThe Doctors Book of Home Remedies.\u201d Spanish translation by M\u00f3nica Stajnsznajder.<\/p>\n<p style=\"text-align: justify;\">Thousands of tips and suggestions to solve everyday health problems. Home Remedies is a complete and very useful guide, simple and quick to consult, which will teach you simple and easy-to-practice tricks to solve all those little health problems that bother you every day: from allergies to varicose veins, going through bronchitis, calluses, stress, insomnia, acne, foot pain&#8230; This book contains the accumulated experience and wisdom of hundreds of medical professionals, presented in the form of the best simple, affordable and safe healing techniques , for dozens and dozens of diseases and conditions.<\/p>\n<p style=\"text-align: justify;\">Home Remedies 2, ISBN 9788422668909, 1998 edition by the C\u00edrculo de Lectores. Original Edition Title: \u201cThe Doctors Book of Home Remedies II.\u201d Spanish translation by Mar\u00eda Eugenia Ciocchini.<\/p>\n<p style=\"text-align: justify;\">1,200 new health tips for the whole family. Herring is said to fight cold in the extremities, lavender and linen sheets ward off insomnia, and hangovers can be relieved by eating a slice of bread dipped in honey. These affordable and harmless healing techniques constitute the traditional home remedies, endorsed and recognized by numerous specialists in health issues. Advice as old and wise as grandma&#8217;s chicken broth, without chemicals or additives, but above all\u2026 without side effects. To elaborate \u201cHome Remedies 2\u201d 500 doctors were consulted, none of whom appeared in the first book. The list of diseases and conditions has been increased and now includes a hundred new areas. And more than 1,200 new methods have been included so that you and your family always have the solution to your problems at hand.<\/p>\n<p style=\"text-align: justify;\">Both books bound in illustrated hardcover, format 15 x 22.3 cm. 640 and 608 pages. In perfect condition, new, never used.<\/p>\n<p style=\"text-align: justify;\"><span class=\"hps\"><span class=\"VIiyi\" lang=\"en\"><span class=\"JLqJ4b\" data-language-for-alternatives=\"en\" data-language-to-translate-into=\"es\" data-phrase-index=\"0\" data-number-of-phrases=\"1\"><span class=\"Q4iAWc\">Shipping costs paid by the buyer, according to order and destination<\/span><\/span><\/span>.<\/span>\u00a0<a class=\"btn btn-default\" href=\"https:\/\/www.comprarmejor.es\/en\/contact\">Ask us<\/a>\u00a0<span class=\"VIiyi\" lang=\"en\"><span class=\"JLqJ4b\" data-language-for-alternatives=\"en\" data-language-to-translate-into=\"es\" data-phrase-index=\"0\" data-number-of-phrases=\"1\"><span class=\"Q4iAWc\">any questions you may have, indicating the article reference.<\/span><\/span><\/span><\/p>\n","protected":false},"excerpt":{"rendered":"<p style=\"text-align: justify;\"><span id=\"result_box\" lang=\"en\" xml:lang=\"en\"><span class=\"hps\"><span lang=\"en\" xml:lang=\"en\"><span title=\"Cada una de las 300 p\u00e1ginas, ricamente iluminadas de este manuscrito, reflejan, sin ning\u00fan g\u00e9nero de dudas, la maestr\u00eda en la ejecuci\u00f3n de uno de los grandes pintores de finales del g\u00f3tico franc\u00e9s, Jean Colombe.\"><span class=\"VIiyi\" lang=\"en\"><span class=\"JLqJ4b\" data-language-for-alternatives=\"en\" data-language-to-translate-into=\"es\" data-phrase-index=\"0\"><span class=\"Q4iAWc\">Homemade Remedies and Homemade Remedies 2, C\u00edrculo de Lectores, natural preventive medicine for small health problems.<\/span><\/span><\/span><\/span><\/span><\/span><\/span><\/p>\n","protected":false},"featured_media":74962,"template":"","meta":[],"product_brand":[],"product_cat":[2256,2232],"product_tag":[4624],"class_list":{"0":"post-74960","1":"product","2":"type-product","3":"status-publish","4":"has-post-thumbnail","6":"product_cat-books-in-general","7":"product_cat-medicine","8":"product_tag-medicina-en","9":"product_shipping_class-from-2-to-5-kg","10":"description-off","12":"first","13":"instock","14":"taxable","15":"shipping-taxable","16":"purchasable","17":"product-type-simple"},"yoast_head":"<!-- This site is optimized with the Yoast SEO plugin v27.3 - https:\/\/yoast.com\/product\/yoast-seo-wordpress\/ -->\n<title>Home Remedies, 2 volumes, complete<\/title>\n<meta name=\"description\" content=\"Homemade Remedies and Homemade Remedies 2, C\u00edrculo de Lectores, natural preventive medicine for small health problems.\" \/>\n<meta name=\"robots\" content=\"index, follow, max-snippet:-1, max-image-preview:large, max-video-preview:-1\" \/>\n<link rel=\"canonical\" href=\"https:\/\/www.comprarmejor.es\/en\/product\/home-remedies-2-volumes-complete\/\" \/>\n<meta property=\"og:locale\" content=\"en_US\" \/>\n<meta property=\"og:type\" content=\"article\" \/>\n<meta property=\"og:title\" content=\"Home Remedies, 2 volumes, complete\" \/>\n<meta property=\"og:description\" content=\"Homemade Remedies and Homemade Remedies 2, C\u00edrculo de Lectores, natural preventive medicine for small health problems.\" \/>\n<meta property=\"og:url\" content=\"https:\/\/www.comprarmejor.es\/en\/product\/home-remedies-2-volumes-complete\/\" \/>\n<meta property=\"og:site_name\" content=\"ComprarMejor\" \/>\n<meta property=\"article:modified_time\" content=\"2022-04-17T09:16:20+00:00\" \/>\n<meta property=\"og:image\" content=\"https:\/\/www.comprarmejor.es\/wp-content\/uploads\/2022\/04\/DSC03594.jpg\" \/>\n\t<meta property=\"og:image:width\" content=\"600\" \/>\n\t<meta property=\"og:image:height\" content=\"467\" \/>\n\t<meta property=\"og:image:type\" content=\"image\/jpeg\" \/>\n<meta name=\"twitter:card\" content=\"summary_large_image\" \/>\n<meta name=\"twitter:label1\" content=\"Est. reading time\" \/>\n\t<meta name=\"twitter:data1\" content=\"2 minutes\" \/>\n<script type=\"application\/ld+json\" class=\"yoast-schema-graph\">{\"@context\":\"https:\\\/\\\/schema.org\",\"@graph\":[{\"@type\":\"WebPage\",\"@id\":\"https:\\\/\\\/www.comprarmejor.es\\\/en\\\/product\\\/home-remedies-2-volumes-complete\\\/\",\"url\":\"https:\\\/\\\/www.comprarmejor.es\\\/en\\\/product\\\/home-remedies-2-volumes-complete\\\/\",\"name\":\"Home Remedies, 2 volumes, complete\",\"isPartOf\":{\"@id\":\"https:\\\/\\\/www.comprarmejor.es\\\/en\\\/#website\"},\"primaryImageOfPage\":{\"@id\":\"https:\\\/\\\/www.comprarmejor.es\\\/en\\\/product\\\/home-remedies-2-volumes-complete\\\/#primaryimage\"},\"image\":{\"@id\":\"https:\\\/\\\/www.comprarmejor.es\\\/en\\\/product\\\/home-remedies-2-volumes-complete\\\/#primaryimage\"},\"thumbnailUrl\":\"https:\\\/\\\/www.comprarmejor.es\\\/wp-content\\\/uploads\\\/2022\\\/04\\\/DSC03594.jpg\",\"datePublished\":\"2022-04-17T09:05:39+00:00\",\"dateModified\":\"2022-04-17T09:16:20+00:00\",\"description\":\"Homemade Remedies and Homemade Remedies 2, C\u00edrculo de Lectores, natural preventive medicine for small health problems.\",\"breadcrumb\":{\"@id\":\"https:\\\/\\\/www.comprarmejor.es\\\/en\\\/product\\\/home-remedies-2-volumes-complete\\\/#breadcrumb\"},\"inLanguage\":\"en-US\",\"potentialAction\":[{\"@type\":\"ReadAction\",\"target\":[\"https:\\\/\\\/www.comprarmejor.es\\\/en\\\/product\\\/home-remedies-2-volumes-complete\\\/\"]}]},{\"@type\":\"ImageObject\",\"inLanguage\":\"en-US\",\"@id\":\"https:\\\/\\\/www.comprarmejor.es\\\/en\\\/product\\\/home-remedies-2-volumes-complete\\\/#primaryimage\",\"url\":\"https:\\\/\\\/www.comprarmejor.es\\\/wp-content\\\/uploads\\\/2022\\\/04\\\/DSC03594.jpg\",\"contentUrl\":\"https:\\\/\\\/www.comprarmejor.es\\\/wp-content\\\/uploads\\\/2022\\\/04\\\/DSC03594.jpg\",\"width\":600,\"height\":467},{\"@type\":\"BreadcrumbList\",\"@id\":\"https:\\\/\\\/www.comprarmejor.es\\\/en\\\/product\\\/home-remedies-2-volumes-complete\\\/#breadcrumb\",\"itemListElement\":[{\"@type\":\"ListItem\",\"position\":1,\"name\":\"Portada\",\"item\":\"https:\\\/\\\/www.comprarmejor.es\\\/en\\\/\"},{\"@type\":\"ListItem\",\"position\":2,\"name\":\"Shop\",\"item\":\"https:\\\/\\\/www.comprarmejor.es\\\/en\\\/shop\\\/\"},{\"@type\":\"ListItem\",\"position\":3,\"name\":\"Home Remedies, 2 volumes, complete\"}]},{\"@type\":\"WebSite\",\"@id\":\"https:\\\/\\\/www.comprarmejor.es\\\/en\\\/#website\",\"url\":\"https:\\\/\\\/www.comprarmejor.es\\\/en\\\/\",\"name\":\"ComprarMejor\",\"description\":\"ComprarMejor\",\"publisher\":{\"@id\":\"https:\\\/\\\/www.comprarmejor.es\\\/en\\\/#organization\"},\"potentialAction\":[{\"@type\":\"SearchAction\",\"target\":{\"@type\":\"EntryPoint\",\"urlTemplate\":\"https:\\\/\\\/www.comprarmejor.es\\\/en\\\/?s={search_term_string}\"},\"query-input\":{\"@type\":\"PropertyValueSpecification\",\"valueRequired\":true,\"valueName\":\"search_term_string\"}}],\"inLanguage\":\"en-US\"},{\"@type\":\"Organization\",\"@id\":\"https:\\\/\\\/www.comprarmejor.es\\\/en\\\/#organization\",\"name\":\"COMPRAR MEJOR\",\"url\":\"https:\\\/\\\/www.comprarmejor.es\\\/en\\\/\",\"logo\":{\"@type\":\"ImageObject\",\"inLanguage\":\"en-US\",\"@id\":\"https:\\\/\\\/www.comprarmejor.es\\\/en\\\/#\\\/schema\\\/logo\\\/image\\\/\",\"url\":\"https:\\\/\\\/www.comprarmejor.es\\\/wp-content\\\/uploads\\\/2025\\\/09\\\/comprarmejortrinidad.jpg\",\"contentUrl\":\"https:\\\/\\\/www.comprarmejor.es\\\/wp-content\\\/uploads\\\/2025\\\/09\\\/comprarmejortrinidad.jpg\",\"width\":1022,\"height\":1380,\"caption\":\"COMPRAR MEJOR\"},\"image\":{\"@id\":\"https:\\\/\\\/www.comprarmejor.es\\\/en\\\/#\\\/schema\\\/logo\\\/image\\\/\"},\"sameAs\":[\"https:\\\/\\\/www.instagram.com\\\/amigosdelcodice\"]}]}<\/script>\n<!-- \/ Yoast SEO plugin. -->","yoast_head_json":{"title":"Home Remedies, 2 volumes, complete","description":"Homemade Remedies and Homemade Remedies 2, C\u00edrculo de Lectores, natural preventive medicine for small health problems.","robots":{"index":"index","follow":"follow","max-snippet":"max-snippet:-1","max-image-preview":"max-image-preview:large","max-video-preview":"max-video-preview:-1"},"canonical":"https:\/\/www.comprarmejor.es\/en\/product\/home-remedies-2-volumes-complete\/","og_locale":"en_US","og_type":"article","og_title":"Home Remedies, 2 volumes, complete","og_description":"Homemade Remedies and Homemade Remedies 2, C\u00edrculo de Lectores, natural preventive medicine for small health problems.","og_url":"https:\/\/www.comprarmejor.es\/en\/product\/home-remedies-2-volumes-complete\/","og_site_name":"ComprarMejor","article_modified_time":"2022-04-17T09:16:20+00:00","og_image":[{"width":600,"height":467,"url":"https:\/\/www.comprarmejor.es\/wp-content\/uploads\/2022\/04\/DSC03594.jpg","type":"image\/jpeg"}],"twitter_card":"summary_large_image","twitter_misc":{"Est. reading time":"2 minutes"},"schema":{"@context":"https:\/\/schema.org","@graph":[{"@type":"WebPage","@id":"https:\/\/www.comprarmejor.es\/en\/product\/home-remedies-2-volumes-complete\/","url":"https:\/\/www.comprarmejor.es\/en\/product\/home-remedies-2-volumes-complete\/","name":"Home Remedies, 2 volumes, complete","isPartOf":{"@id":"https:\/\/www.comprarmejor.es\/en\/#website"},"primaryImageOfPage":{"@id":"https:\/\/www.comprarmejor.es\/en\/product\/home-remedies-2-volumes-complete\/#primaryimage"},"image":{"@id":"https:\/\/www.comprarmejor.es\/en\/product\/home-remedies-2-volumes-complete\/#primaryimage"},"thumbnailUrl":"https:\/\/www.comprarmejor.es\/wp-content\/uploads\/2022\/04\/DSC03594.jpg","datePublished":"2022-04-17T09:05:39+00:00","dateModified":"2022-04-17T09:16:20+00:00","description":"Homemade Remedies and Homemade Remedies 2, C\u00edrculo de Lectores, natural preventive medicine for small health problems.","breadcrumb":{"@id":"https:\/\/www.comprarmejor.es\/en\/product\/home-remedies-2-volumes-complete\/#breadcrumb"},"inLanguage":"en-US","potentialAction":[{"@type":"ReadAction","target":["https:\/\/www.comprarmejor.es\/en\/product\/home-remedies-2-volumes-complete\/"]}]},{"@type":"ImageObject","inLanguage":"en-US","@id":"https:\/\/www.comprarmejor.es\/en\/product\/home-remedies-2-volumes-complete\/#primaryimage","url":"https:\/\/www.comprarmejor.es\/wp-content\/uploads\/2022\/04\/DSC03594.jpg","contentUrl":"https:\/\/www.comprarmejor.es\/wp-content\/uploads\/2022\/04\/DSC03594.jpg","width":600,"height":467},{"@type":"BreadcrumbList","@id":"https:\/\/www.comprarmejor.es\/en\/product\/home-remedies-2-volumes-complete\/#breadcrumb","itemListElement":[{"@type":"ListItem","position":1,"name":"Portada","item":"https:\/\/www.comprarmejor.es\/en\/"},{"@type":"ListItem","position":2,"name":"Shop","item":"https:\/\/www.comprarmejor.es\/en\/shop\/"},{"@type":"ListItem","position":3,"name":"Home Remedies, 2 volumes, complete"}]},{"@type":"WebSite","@id":"https:\/\/www.comprarmejor.es\/en\/#website","url":"https:\/\/www.comprarmejor.es\/en\/","name":"ComprarMejor","description":"ComprarMejor","publisher":{"@id":"https:\/\/www.comprarmejor.es\/en\/#organization"},"potentialAction":[{"@type":"SearchAction","target":{"@type":"EntryPoint","urlTemplate":"https:\/\/www.comprarmejor.es\/en\/?s={search_term_string}"},"query-input":{"@type":"PropertyValueSpecification","valueRequired":true,"valueName":"search_term_string"}}],"inLanguage":"en-US"},{"@type":"Organization","@id":"https:\/\/www.comprarmejor.es\/en\/#organization","name":"COMPRAR MEJOR","url":"https:\/\/www.comprarmejor.es\/en\/","logo":{"@type":"ImageObject","inLanguage":"en-US","@id":"https:\/\/www.comprarmejor.es\/en\/#\/schema\/logo\/image\/","url":"https:\/\/www.comprarmejor.es\/wp-content\/uploads\/2025\/09\/comprarmejortrinidad.jpg","contentUrl":"https:\/\/www.comprarmejor.es\/wp-content\/uploads\/2025\/09\/comprarmejortrinidad.jpg","width":1022,"height":1380,"caption":"COMPRAR MEJOR"},"image":{"@id":"https:\/\/www.comprarmejor.es\/en\/#\/schema\/logo\/image\/"},"sameAs":["https:\/\/www.instagram.com\/amigosdelcodice"]}]}},"_links":{"self":[{"href":"https:\/\/www.comprarmejor.es\/en\/wp-json\/wp\/v2\/product\/74960","targetHints":{"allow":["GET"]}}],"collection":[{"href":"https:\/\/www.comprarmejor.es\/en\/wp-json\/wp\/v2\/product"}],"about":[{"href":"https:\/\/www.comprarmejor.es\/en\/wp-json\/wp\/v2\/types\/product"}],"wp:featuredmedia":[{"embeddable":true,"href":"https:\/\/www.comprarmejor.es\/en\/wp-json\/wp\/v2\/media\/74962"}],"wp:attachment":[{"href":"https:\/\/www.comprarmejor.es\/en\/wp-json\/wp\/v2\/media?parent=74960"}],"wp:term":[{"taxonomy":"product_brand","embeddable":true,"href":"https:\/\/www.comprarmejor.es\/en\/wp-json\/wp\/v2\/product_brand?post=74960"},{"taxonomy":"product_cat","embeddable":true,"href":"https:\/\/www.comprarmejor.es\/en\/wp-json\/wp\/v2\/product_cat?post=74960"},{"taxonomy":"product_tag","embeddable":true,"href":"https:\/\/www.comprarmejor.es\/en\/wp-json\/wp\/v2\/product_tag?post=74960"}],"curies":[{"name":"wp","href":"https:\/\/api.w.org\/{rel}","templated":true}]}}