{"id":75096,"date":"2022-04-21T11:11:51","date_gmt":"2022-04-21T09:11:51","guid":{"rendered":"https:\/\/www.comprarmejor.es\/?post_type=product&#038;p=75096"},"modified":"2022-12-12T16:34:12","modified_gmt":"2022-12-12T15:34:12","slug":"the-ramayana-by-valmiki-deluxe-edition-in-2-volumes","status":"publish","type":"product","link":"https:\/\/www.comprarmejor.es\/en\/product\/the-ramayana-by-valmiki-deluxe-edition-in-2-volumes\/","title":{"rendered":"The Ramayana, by Valmiki. Deluxe edition in 2 volumes"},"content":{"rendered":"<p style=\"text-align: justify;\">Deluxe facsimile edition made in 1982 by the Bibliophile&#8217;s Circle of Valmiki&#8217;s immortal Hindu work \u201cEl Ramayana\u201d. Complete work in 2 volumes. Translation into Spanish by Juan G. de Luaces.<\/p>\n<p style=\"text-align: justify;\">Numbered edition limited to 1,000 copies.<\/p>\n<p style=\"text-align: justify;\">Bound in green leather profusely decorated in gold and red, gilt top edge, guide tape, 21 x 27.5 cm format. 730 and 810 pages on laid paper with a watermark from the Bibliophile&#8217;s Circle, bordered and enriched with 31 full-page engravings of the time out of pagination.<\/p>\n<p style=\"text-align: justify;\">Incomplete, and in some cases unfaithful, have been the versions of the Indian poem &#8220;El Ramayana&#8221; that have been published to date in Spanish. This epic, one of the greatest masterpieces of human genius, appears, therefore, for the first time poured into Spanish speech in the entirety of its 24,000 double verses, generally slokas, or couplets, of 16 syllables in the original versification; There are also other meters of ingenious art in the 500 chapters, or Sargas, of which the 7 books consist (Balakanda, Ayodhyakanda, Aranyakanda, Kiskindhakanda, Sundarakanda, Yuddhakanda and Uttarakanda), all of them of different lengths, into which the poem is divided .<\/p>\n<p style=\"text-align: justify;\">The Ramayana has been translated into almost all the Aryan and Dravidian languages \u200b\u200bof India, and most of the European ones. There is even a Latin version. For its translation into Spanish, in addition to other credible sources, the version of Alfred Roussel, who was a professor of Sanskrit at the University of Freiburg, has been used mainly. The versification of the original couplets has been resolved into what might be called a prose poem, a formula that has been adopted by most translators of this impressive epic poem. The cadence of the phrase retains its original rhythm, and the syllabic measure of each and every one of the verses has been scrupulously respected.<\/p>\n<p style=\"text-align: justify;\">In impeccable condition, as fresh from the printing press, a true luxury.<\/p>\n<p style=\"text-align: justify;\"><span class=\"hps\"><span class=\"HwtZe\" lang=\"en\"><span class=\"jCAhz ChMk0b C1N51c\"><span class=\"ryNqvb\">Free shipping for this item<\/span><\/span><\/span>.<\/span>\u00a0<a class=\"btn btn-default\" href=\"https:\/\/www.comprarmejor.es\/en\/contact\">Ask us<\/a>\u00a0<span class=\"VIiyi\" lang=\"en\"><span class=\"JLqJ4b\" data-language-for-alternatives=\"en\" data-language-to-translate-into=\"es\" data-phrase-index=\"0\" data-number-of-phrases=\"1\"><span class=\"Q4iAWc\">any questions you may have, indicating the article reference.<\/span><\/span><\/span><\/p>\n","protected":false},"excerpt":{"rendered":"<p style=\"text-align: justify;\"><span id=\"result_box\" lang=\"en\" xml:lang=\"en\"><span class=\"hps\"><span lang=\"en\" xml:lang=\"en\"><span title=\"Cada una de las 300 p\u00e1ginas, ricamente iluminadas de este manuscrito, reflejan, sin ning\u00fan g\u00e9nero de dudas, la maestr\u00eda en la ejecuci\u00f3n de uno de los grandes pintores de finales del g\u00f3tico franc\u00e9s, Jean Colombe.\"><span class=\"VIiyi\" lang=\"en\"><span class=\"JLqJ4b\" data-language-for-alternatives=\"en\" data-language-to-translate-into=\"es\" data-phrase-index=\"0\"><span class=\"Q4iAWc\"><span class=\"JLqJ4b ChMk0b\" data-language-for-alternatives=\"en\" data-language-to-translate-into=\"es\" data-phrase-index=\"11\" data-number-of-phrases=\"19\">Deluxe facsimile edition made in 1982 by the Bibliophile&#8217;s Circle of Valmiki&#8217;s immortal Hindu work \u201cEl Ramayana\u201d. Complete work in 2 volumes.<\/span><\/span><\/span><\/span><\/span><\/span><\/span><\/span><\/p>\n","protected":false},"featured_media":75099,"template":"","meta":[],"product_brand":[],"product_cat":[2210,5118],"product_tag":[5822],"class_list":{"0":"post-75096","1":"product","2":"type-product","3":"status-publish","4":"has-post-thumbnail","6":"product_cat-bibliophilia","7":"product_cat-bindings","8":"product_tag-bibliofilia-en","9":"description-off","11":"first","12":"instock","13":"taxable","14":"shipping-taxable","15":"purchasable","16":"product-type-simple"},"yoast_head":"<!-- This site is optimized with the Yoast SEO plugin v27.3 - https:\/\/yoast.com\/product\/yoast-seo-wordpress\/ -->\n<title>The Ramayana, by Valmiki. Deluxe edition in 2 volumes<\/title>\n<meta name=\"description\" content=\"Deluxe facsimile edition made in 1982 by the Bibliophile&#039;s Circle of Valmiki&#039;s immortal Hindu work \u201cEl Ramayana\u201d. Complete work in 2 volumes\" \/>\n<meta name=\"robots\" content=\"index, follow, max-snippet:-1, max-image-preview:large, max-video-preview:-1\" \/>\n<link rel=\"canonical\" href=\"https:\/\/www.comprarmejor.es\/en\/product\/the-ramayana-by-valmiki-deluxe-edition-in-2-volumes\/\" \/>\n<meta property=\"og:locale\" content=\"en_US\" \/>\n<meta property=\"og:type\" content=\"article\" \/>\n<meta property=\"og:title\" content=\"The Ramayana, by Valmiki. Deluxe edition in 2 volumes\" \/>\n<meta property=\"og:description\" content=\"Deluxe facsimile edition made in 1982 by the Bibliophile&#039;s Circle of Valmiki&#039;s immortal Hindu work \u201cEl Ramayana\u201d. Complete work in 2 volumes\" \/>\n<meta property=\"og:url\" content=\"https:\/\/www.comprarmejor.es\/en\/product\/the-ramayana-by-valmiki-deluxe-edition-in-2-volumes\/\" \/>\n<meta property=\"og:site_name\" content=\"ComprarMejor\" \/>\n<meta property=\"article:modified_time\" content=\"2022-12-12T15:34:12+00:00\" \/>\n<meta property=\"og:image\" content=\"https:\/\/www.comprarmejor.es\/wp-content\/uploads\/2022\/04\/DSC03652.jpg\" \/>\n\t<meta property=\"og:image:width\" content=\"599\" \/>\n\t<meta property=\"og:image:height\" content=\"449\" \/>\n\t<meta property=\"og:image:type\" content=\"image\/jpeg\" \/>\n<meta name=\"twitter:card\" content=\"summary_large_image\" \/>\n<meta name=\"twitter:label1\" content=\"Est. reading time\" \/>\n\t<meta name=\"twitter:data1\" content=\"2 minutes\" \/>\n<script type=\"application\/ld+json\" class=\"yoast-schema-graph\">{\"@context\":\"https:\\\/\\\/schema.org\",\"@graph\":[{\"@type\":\"WebPage\",\"@id\":\"https:\\\/\\\/www.comprarmejor.es\\\/en\\\/product\\\/the-ramayana-by-valmiki-deluxe-edition-in-2-volumes\\\/\",\"url\":\"https:\\\/\\\/www.comprarmejor.es\\\/en\\\/product\\\/the-ramayana-by-valmiki-deluxe-edition-in-2-volumes\\\/\",\"name\":\"The Ramayana, by Valmiki. Deluxe edition in 2 volumes\",\"isPartOf\":{\"@id\":\"https:\\\/\\\/www.comprarmejor.es\\\/en\\\/#website\"},\"primaryImageOfPage\":{\"@id\":\"https:\\\/\\\/www.comprarmejor.es\\\/en\\\/product\\\/the-ramayana-by-valmiki-deluxe-edition-in-2-volumes\\\/#primaryimage\"},\"image\":{\"@id\":\"https:\\\/\\\/www.comprarmejor.es\\\/en\\\/product\\\/the-ramayana-by-valmiki-deluxe-edition-in-2-volumes\\\/#primaryimage\"},\"thumbnailUrl\":\"https:\\\/\\\/www.comprarmejor.es\\\/wp-content\\\/uploads\\\/2022\\\/04\\\/DSC03652.jpg\",\"datePublished\":\"2022-04-21T09:11:51+00:00\",\"dateModified\":\"2022-12-12T15:34:12+00:00\",\"description\":\"Deluxe facsimile edition made in 1982 by the Bibliophile's Circle of Valmiki's immortal Hindu work \u201cEl Ramayana\u201d. Complete work in 2 volumes\",\"breadcrumb\":{\"@id\":\"https:\\\/\\\/www.comprarmejor.es\\\/en\\\/product\\\/the-ramayana-by-valmiki-deluxe-edition-in-2-volumes\\\/#breadcrumb\"},\"inLanguage\":\"en-US\",\"potentialAction\":[{\"@type\":\"ReadAction\",\"target\":[\"https:\\\/\\\/www.comprarmejor.es\\\/en\\\/product\\\/the-ramayana-by-valmiki-deluxe-edition-in-2-volumes\\\/\"]}]},{\"@type\":\"ImageObject\",\"inLanguage\":\"en-US\",\"@id\":\"https:\\\/\\\/www.comprarmejor.es\\\/en\\\/product\\\/the-ramayana-by-valmiki-deluxe-edition-in-2-volumes\\\/#primaryimage\",\"url\":\"https:\\\/\\\/www.comprarmejor.es\\\/wp-content\\\/uploads\\\/2022\\\/04\\\/DSC03652.jpg\",\"contentUrl\":\"https:\\\/\\\/www.comprarmejor.es\\\/wp-content\\\/uploads\\\/2022\\\/04\\\/DSC03652.jpg\",\"width\":599,\"height\":449},{\"@type\":\"BreadcrumbList\",\"@id\":\"https:\\\/\\\/www.comprarmejor.es\\\/en\\\/product\\\/the-ramayana-by-valmiki-deluxe-edition-in-2-volumes\\\/#breadcrumb\",\"itemListElement\":[{\"@type\":\"ListItem\",\"position\":1,\"name\":\"Portada\",\"item\":\"https:\\\/\\\/www.comprarmejor.es\\\/en\\\/\"},{\"@type\":\"ListItem\",\"position\":2,\"name\":\"Shop\",\"item\":\"https:\\\/\\\/www.comprarmejor.es\\\/en\\\/shop\\\/\"},{\"@type\":\"ListItem\",\"position\":3,\"name\":\"The Ramayana, by Valmiki. Deluxe edition in 2 volumes\"}]},{\"@type\":\"WebSite\",\"@id\":\"https:\\\/\\\/www.comprarmejor.es\\\/en\\\/#website\",\"url\":\"https:\\\/\\\/www.comprarmejor.es\\\/en\\\/\",\"name\":\"ComprarMejor\",\"description\":\"ComprarMejor\",\"publisher\":{\"@id\":\"https:\\\/\\\/www.comprarmejor.es\\\/en\\\/#organization\"},\"potentialAction\":[{\"@type\":\"SearchAction\",\"target\":{\"@type\":\"EntryPoint\",\"urlTemplate\":\"https:\\\/\\\/www.comprarmejor.es\\\/en\\\/?s={search_term_string}\"},\"query-input\":{\"@type\":\"PropertyValueSpecification\",\"valueRequired\":true,\"valueName\":\"search_term_string\"}}],\"inLanguage\":\"en-US\"},{\"@type\":\"Organization\",\"@id\":\"https:\\\/\\\/www.comprarmejor.es\\\/en\\\/#organization\",\"name\":\"COMPRAR MEJOR\",\"url\":\"https:\\\/\\\/www.comprarmejor.es\\\/en\\\/\",\"logo\":{\"@type\":\"ImageObject\",\"inLanguage\":\"en-US\",\"@id\":\"https:\\\/\\\/www.comprarmejor.es\\\/en\\\/#\\\/schema\\\/logo\\\/image\\\/\",\"url\":\"https:\\\/\\\/www.comprarmejor.es\\\/wp-content\\\/uploads\\\/2025\\\/09\\\/comprarmejortrinidad.jpg\",\"contentUrl\":\"https:\\\/\\\/www.comprarmejor.es\\\/wp-content\\\/uploads\\\/2025\\\/09\\\/comprarmejortrinidad.jpg\",\"width\":1022,\"height\":1380,\"caption\":\"COMPRAR MEJOR\"},\"image\":{\"@id\":\"https:\\\/\\\/www.comprarmejor.es\\\/en\\\/#\\\/schema\\\/logo\\\/image\\\/\"},\"sameAs\":[\"https:\\\/\\\/www.instagram.com\\\/amigosdelcodice\"]}]}<\/script>\n<!-- \/ Yoast SEO plugin. -->","yoast_head_json":{"title":"The Ramayana, by Valmiki. Deluxe edition in 2 volumes","description":"Deluxe facsimile edition made in 1982 by the Bibliophile's Circle of Valmiki's immortal Hindu work \u201cEl Ramayana\u201d. Complete work in 2 volumes","robots":{"index":"index","follow":"follow","max-snippet":"max-snippet:-1","max-image-preview":"max-image-preview:large","max-video-preview":"max-video-preview:-1"},"canonical":"https:\/\/www.comprarmejor.es\/en\/product\/the-ramayana-by-valmiki-deluxe-edition-in-2-volumes\/","og_locale":"en_US","og_type":"article","og_title":"The Ramayana, by Valmiki. Deluxe edition in 2 volumes","og_description":"Deluxe facsimile edition made in 1982 by the Bibliophile's Circle of Valmiki's immortal Hindu work \u201cEl Ramayana\u201d. Complete work in 2 volumes","og_url":"https:\/\/www.comprarmejor.es\/en\/product\/the-ramayana-by-valmiki-deluxe-edition-in-2-volumes\/","og_site_name":"ComprarMejor","article_modified_time":"2022-12-12T15:34:12+00:00","og_image":[{"width":599,"height":449,"url":"https:\/\/www.comprarmejor.es\/wp-content\/uploads\/2022\/04\/DSC03652.jpg","type":"image\/jpeg"}],"twitter_card":"summary_large_image","twitter_misc":{"Est. reading time":"2 minutes"},"schema":{"@context":"https:\/\/schema.org","@graph":[{"@type":"WebPage","@id":"https:\/\/www.comprarmejor.es\/en\/product\/the-ramayana-by-valmiki-deluxe-edition-in-2-volumes\/","url":"https:\/\/www.comprarmejor.es\/en\/product\/the-ramayana-by-valmiki-deluxe-edition-in-2-volumes\/","name":"The Ramayana, by Valmiki. Deluxe edition in 2 volumes","isPartOf":{"@id":"https:\/\/www.comprarmejor.es\/en\/#website"},"primaryImageOfPage":{"@id":"https:\/\/www.comprarmejor.es\/en\/product\/the-ramayana-by-valmiki-deluxe-edition-in-2-volumes\/#primaryimage"},"image":{"@id":"https:\/\/www.comprarmejor.es\/en\/product\/the-ramayana-by-valmiki-deluxe-edition-in-2-volumes\/#primaryimage"},"thumbnailUrl":"https:\/\/www.comprarmejor.es\/wp-content\/uploads\/2022\/04\/DSC03652.jpg","datePublished":"2022-04-21T09:11:51+00:00","dateModified":"2022-12-12T15:34:12+00:00","description":"Deluxe facsimile edition made in 1982 by the Bibliophile's Circle of Valmiki's immortal Hindu work \u201cEl Ramayana\u201d. Complete work in 2 volumes","breadcrumb":{"@id":"https:\/\/www.comprarmejor.es\/en\/product\/the-ramayana-by-valmiki-deluxe-edition-in-2-volumes\/#breadcrumb"},"inLanguage":"en-US","potentialAction":[{"@type":"ReadAction","target":["https:\/\/www.comprarmejor.es\/en\/product\/the-ramayana-by-valmiki-deluxe-edition-in-2-volumes\/"]}]},{"@type":"ImageObject","inLanguage":"en-US","@id":"https:\/\/www.comprarmejor.es\/en\/product\/the-ramayana-by-valmiki-deluxe-edition-in-2-volumes\/#primaryimage","url":"https:\/\/www.comprarmejor.es\/wp-content\/uploads\/2022\/04\/DSC03652.jpg","contentUrl":"https:\/\/www.comprarmejor.es\/wp-content\/uploads\/2022\/04\/DSC03652.jpg","width":599,"height":449},{"@type":"BreadcrumbList","@id":"https:\/\/www.comprarmejor.es\/en\/product\/the-ramayana-by-valmiki-deluxe-edition-in-2-volumes\/#breadcrumb","itemListElement":[{"@type":"ListItem","position":1,"name":"Portada","item":"https:\/\/www.comprarmejor.es\/en\/"},{"@type":"ListItem","position":2,"name":"Shop","item":"https:\/\/www.comprarmejor.es\/en\/shop\/"},{"@type":"ListItem","position":3,"name":"The Ramayana, by Valmiki. Deluxe edition in 2 volumes"}]},{"@type":"WebSite","@id":"https:\/\/www.comprarmejor.es\/en\/#website","url":"https:\/\/www.comprarmejor.es\/en\/","name":"ComprarMejor","description":"ComprarMejor","publisher":{"@id":"https:\/\/www.comprarmejor.es\/en\/#organization"},"potentialAction":[{"@type":"SearchAction","target":{"@type":"EntryPoint","urlTemplate":"https:\/\/www.comprarmejor.es\/en\/?s={search_term_string}"},"query-input":{"@type":"PropertyValueSpecification","valueRequired":true,"valueName":"search_term_string"}}],"inLanguage":"en-US"},{"@type":"Organization","@id":"https:\/\/www.comprarmejor.es\/en\/#organization","name":"COMPRAR MEJOR","url":"https:\/\/www.comprarmejor.es\/en\/","logo":{"@type":"ImageObject","inLanguage":"en-US","@id":"https:\/\/www.comprarmejor.es\/en\/#\/schema\/logo\/image\/","url":"https:\/\/www.comprarmejor.es\/wp-content\/uploads\/2025\/09\/comprarmejortrinidad.jpg","contentUrl":"https:\/\/www.comprarmejor.es\/wp-content\/uploads\/2025\/09\/comprarmejortrinidad.jpg","width":1022,"height":1380,"caption":"COMPRAR MEJOR"},"image":{"@id":"https:\/\/www.comprarmejor.es\/en\/#\/schema\/logo\/image\/"},"sameAs":["https:\/\/www.instagram.com\/amigosdelcodice"]}]}},"_links":{"self":[{"href":"https:\/\/www.comprarmejor.es\/en\/wp-json\/wp\/v2\/product\/75096","targetHints":{"allow":["GET"]}}],"collection":[{"href":"https:\/\/www.comprarmejor.es\/en\/wp-json\/wp\/v2\/product"}],"about":[{"href":"https:\/\/www.comprarmejor.es\/en\/wp-json\/wp\/v2\/types\/product"}],"wp:featuredmedia":[{"embeddable":true,"href":"https:\/\/www.comprarmejor.es\/en\/wp-json\/wp\/v2\/media\/75099"}],"wp:attachment":[{"href":"https:\/\/www.comprarmejor.es\/en\/wp-json\/wp\/v2\/media?parent=75096"}],"wp:term":[{"taxonomy":"product_brand","embeddable":true,"href":"https:\/\/www.comprarmejor.es\/en\/wp-json\/wp\/v2\/product_brand?post=75096"},{"taxonomy":"product_cat","embeddable":true,"href":"https:\/\/www.comprarmejor.es\/en\/wp-json\/wp\/v2\/product_cat?post=75096"},{"taxonomy":"product_tag","embeddable":true,"href":"https:\/\/www.comprarmejor.es\/en\/wp-json\/wp\/v2\/product_tag?post=75096"}],"curies":[{"name":"wp","href":"https:\/\/api.w.org\/{rel}","templated":true}]}}