{"id":75803,"date":"2022-05-13T17:52:31","date_gmt":"2022-05-13T15:52:31","guid":{"rendered":"https:\/\/www.comprarmejor.es\/?post_type=product&#038;p=75803"},"modified":"2022-05-13T18:04:45","modified_gmt":"2022-05-13T16:04:45","slug":"the-satyricon-by-gaius-petronius-circle-of-the-bibliophile-1979","status":"publish","type":"product","link":"https:\/\/www.comprarmejor.es\/en\/product\/the-satyricon-by-gaius-petronius-circle-of-the-bibliophile-1979\/","title":{"rendered":"The Satyricon, by Gaius Petronius. Circle of the Bibliophile, 1979"},"content":{"rendered":"<p style=\"text-align: justify;\">Edition of El Satyricon by Cayo <strong>Petronio<\/strong> Arbitro, enriched with 9 engravings and 2 frontispieces from the 16th century, reproduced from the originals found in the National Library of France. Made by Editor of the Friends of the Circle of the Bibliophile, in 1979 in a wonderful volume. It also contains a critical literary study by \u00c1ngeles Cardona de Gibert and a historical study by Francisco Luis Cardona Castro.<\/p>\n<p style=\"text-align: justify;\">Manufacturing references:<br \/>\nFormat: in-eighth (13 x 21.3 cm).<br \/>\nIllustrations: 9 engravings and 2 frontispieces.<br \/>\nCover pages: polychrome.<br \/>\nPages: 346 pages with illustrations out of pagination.<br \/>\nPaper: 90-gram laid paper watermarked with the Bibliophile&#8217;s Circle mark, made &#8220;in a round shape&#8221; according to ancient methods.<br \/>\nBinding: genuine full lamb leather without sawing, without additions or cuts, two-tone blue.<br \/>\nStamping: covers and spines sumptuously decorated in fine 22-carat gold. Upper cut gilded in fine gold.<br \/>\nguide tape<\/p>\n<p style=\"text-align: justify;\">Beautiful edition in high bibliophile numbered and limited to 1,499 copies. Volumes in perfect condition, new, unused.<\/p>\n<p style=\"text-align: justify;\">The publishing project that from 1975 to 1983, under the publishing labels Libros Raros y Antiguos (with 18 titles), C\u00edrculo de Amigos de la Historia (with 27 collections and 918 titles) and Editora de los Amigos del C\u00edrculo del Bibliofilo (with 157 titles ), represented the most interesting achievement ever made in Bibliophilia. Books with own editions and facsimiles of great quality with bindings that embellish and distinguish any library at very affordable prices.<\/p>\n<p style=\"text-align: justify;\"><span id=\"result_box\" lang=\"en\" xml:lang=\"en\"><span title=\"Gastos de env\u00edo por cuenta del comprador, seg\u00fan pedido y destino.\"><span class=\"VIiyi\" lang=\"en\"><span class=\"JLqJ4b\" data-language-for-alternatives=\"en\" data-language-to-translate-into=\"es\" data-phrase-index=\"0\" data-number-of-phrases=\"1\"><span class=\"Q4iAWc\">Shipping costs paid by the buyer, according to order and destination<\/span><\/span><\/span>. <\/span><span title=\"Cons\u00faltenos cualquier duda, as\u00ed como por cualquier otro Beato o facs\u00edmile que est\u00e9 buscando.\"><a class=\"btn btn-default\" href=\"https:\/\/www.comprarmejor.es\/en\/contact\">Ask us<\/a> <span class=\"VIiyi\" lang=\"en\"><span class=\"JLqJ4b\" data-language-for-alternatives=\"en\" data-language-to-translate-into=\"es\" data-phrase-index=\"0\" data-number-of-phrases=\"1\"><span class=\"Q4iAWc\">any questions you may have, indicating the article reference.<\/span><\/span><\/span><br \/>\n<\/span><\/span><\/p>\n","protected":false},"excerpt":{"rendered":"<p style=\"text-align: justify;\"><span id=\"result_box\" lang=\"en\" xml:lang=\"en\"><span title=\"Original conservado en la Biblioteca del Colegio de Santa Cruz de la Universidad de Valladolid.\"><span class=\"VIiyi\" lang=\"en\"><span class=\"JLqJ4b\" data-language-for-alternatives=\"en\" data-language-to-translate-into=\"es\" data-phrase-index=\"0\" data-number-of-phrases=\"1\"><span class=\"Q4iAWc\">Edition of El Satiricon de Cayo Petronio \u00c1rbitro, by the Publisher of the Friends of the Circle of the Bibliophile, 1979<\/span><\/span><\/span><\/span><\/span><\/p>\n","protected":false},"featured_media":75805,"template":"","meta":[],"product_brand":[],"product_cat":[2210,5118],"product_tag":[5822,4029],"class_list":{"0":"post-75803","1":"product","2":"type-product","3":"status-publish","4":"has-post-thumbnail","6":"product_cat-bibliophilia","7":"product_cat-bindings","8":"product_tag-bibliofilia-en","9":"product_tag-amigos-en","10":"product_shipping_class-from-0-to-1-kg","11":"description-off","13":"first","14":"instock","15":"taxable","16":"shipping-taxable","17":"purchasable","18":"product-type-simple"},"yoast_head":"<!-- This site is optimized with the Yoast SEO plugin v27.3 - https:\/\/yoast.com\/product\/yoast-seo-wordpress\/ -->\n<title>The Satyricon, by Gaius Petronius. Circle of the Bibliophile, 1979<\/title>\n<meta name=\"description\" content=\"Edition of El Satiricon de Cayo Petronio \u00c1rbitro, by the Publisher of the Friends of the Circle of the Bibliophile, 1979\" \/>\n<meta name=\"robots\" content=\"index, follow, max-snippet:-1, max-image-preview:large, max-video-preview:-1\" \/>\n<link rel=\"canonical\" href=\"https:\/\/www.comprarmejor.es\/en\/product\/the-satyricon-by-gaius-petronius-circle-of-the-bibliophile-1979\/\" \/>\n<meta property=\"og:locale\" content=\"en_US\" \/>\n<meta property=\"og:type\" content=\"article\" \/>\n<meta property=\"og:title\" content=\"The Satyricon, by Gaius Petronius. Circle of the Bibliophile, 1979\" \/>\n<meta property=\"og:description\" content=\"Edition of El Satiricon de Cayo Petronio \u00c1rbitro, by the Publisher of the Friends of the Circle of the Bibliophile, 1979\" \/>\n<meta property=\"og:url\" content=\"https:\/\/www.comprarmejor.es\/en\/product\/the-satyricon-by-gaius-petronius-circle-of-the-bibliophile-1979\/\" \/>\n<meta property=\"og:site_name\" content=\"ComprarMejor\" \/>\n<meta property=\"article:modified_time\" content=\"2022-05-13T16:04:45+00:00\" \/>\n<meta property=\"og:image\" content=\"https:\/\/www.comprarmejor.es\/wp-content\/uploads\/2022\/05\/DSC03807.jpg\" \/>\n\t<meta property=\"og:image:width\" content=\"449\" \/>\n\t<meta property=\"og:image:height\" content=\"599\" \/>\n\t<meta property=\"og:image:type\" content=\"image\/jpeg\" \/>\n<meta name=\"twitter:card\" content=\"summary_large_image\" \/>\n<meta name=\"twitter:label1\" content=\"Est. reading time\" \/>\n\t<meta name=\"twitter:data1\" content=\"1 minute\" \/>\n<script type=\"application\/ld+json\" class=\"yoast-schema-graph\">{\"@context\":\"https:\\\/\\\/schema.org\",\"@graph\":[{\"@type\":\"WebPage\",\"@id\":\"https:\\\/\\\/www.comprarmejor.es\\\/en\\\/product\\\/the-satyricon-by-gaius-petronius-circle-of-the-bibliophile-1979\\\/\",\"url\":\"https:\\\/\\\/www.comprarmejor.es\\\/en\\\/product\\\/the-satyricon-by-gaius-petronius-circle-of-the-bibliophile-1979\\\/\",\"name\":\"The Satyricon, by Gaius Petronius. Circle of the Bibliophile, 1979\",\"isPartOf\":{\"@id\":\"https:\\\/\\\/www.comprarmejor.es\\\/en\\\/#website\"},\"primaryImageOfPage\":{\"@id\":\"https:\\\/\\\/www.comprarmejor.es\\\/en\\\/product\\\/the-satyricon-by-gaius-petronius-circle-of-the-bibliophile-1979\\\/#primaryimage\"},\"image\":{\"@id\":\"https:\\\/\\\/www.comprarmejor.es\\\/en\\\/product\\\/the-satyricon-by-gaius-petronius-circle-of-the-bibliophile-1979\\\/#primaryimage\"},\"thumbnailUrl\":\"https:\\\/\\\/www.comprarmejor.es\\\/wp-content\\\/uploads\\\/2022\\\/05\\\/DSC03807.jpg\",\"datePublished\":\"2022-05-13T15:52:31+00:00\",\"dateModified\":\"2022-05-13T16:04:45+00:00\",\"description\":\"Edition of El Satiricon de Cayo Petronio \u00c1rbitro, by the Publisher of the Friends of the Circle of the Bibliophile, 1979\",\"breadcrumb\":{\"@id\":\"https:\\\/\\\/www.comprarmejor.es\\\/en\\\/product\\\/the-satyricon-by-gaius-petronius-circle-of-the-bibliophile-1979\\\/#breadcrumb\"},\"inLanguage\":\"en-US\",\"potentialAction\":[{\"@type\":\"ReadAction\",\"target\":[\"https:\\\/\\\/www.comprarmejor.es\\\/en\\\/product\\\/the-satyricon-by-gaius-petronius-circle-of-the-bibliophile-1979\\\/\"]}]},{\"@type\":\"ImageObject\",\"inLanguage\":\"en-US\",\"@id\":\"https:\\\/\\\/www.comprarmejor.es\\\/en\\\/product\\\/the-satyricon-by-gaius-petronius-circle-of-the-bibliophile-1979\\\/#primaryimage\",\"url\":\"https:\\\/\\\/www.comprarmejor.es\\\/wp-content\\\/uploads\\\/2022\\\/05\\\/DSC03807.jpg\",\"contentUrl\":\"https:\\\/\\\/www.comprarmejor.es\\\/wp-content\\\/uploads\\\/2022\\\/05\\\/DSC03807.jpg\",\"width\":449,\"height\":599},{\"@type\":\"BreadcrumbList\",\"@id\":\"https:\\\/\\\/www.comprarmejor.es\\\/en\\\/product\\\/the-satyricon-by-gaius-petronius-circle-of-the-bibliophile-1979\\\/#breadcrumb\",\"itemListElement\":[{\"@type\":\"ListItem\",\"position\":1,\"name\":\"Portada\",\"item\":\"https:\\\/\\\/www.comprarmejor.es\\\/en\\\/\"},{\"@type\":\"ListItem\",\"position\":2,\"name\":\"Shop\",\"item\":\"https:\\\/\\\/www.comprarmejor.es\\\/en\\\/shop\\\/\"},{\"@type\":\"ListItem\",\"position\":3,\"name\":\"The Satyricon, by Gaius Petronius. Circle of the Bibliophile, 1979\"}]},{\"@type\":\"WebSite\",\"@id\":\"https:\\\/\\\/www.comprarmejor.es\\\/en\\\/#website\",\"url\":\"https:\\\/\\\/www.comprarmejor.es\\\/en\\\/\",\"name\":\"ComprarMejor\",\"description\":\"ComprarMejor\",\"publisher\":{\"@id\":\"https:\\\/\\\/www.comprarmejor.es\\\/en\\\/#organization\"},\"potentialAction\":[{\"@type\":\"SearchAction\",\"target\":{\"@type\":\"EntryPoint\",\"urlTemplate\":\"https:\\\/\\\/www.comprarmejor.es\\\/en\\\/?s={search_term_string}\"},\"query-input\":{\"@type\":\"PropertyValueSpecification\",\"valueRequired\":true,\"valueName\":\"search_term_string\"}}],\"inLanguage\":\"en-US\"},{\"@type\":\"Organization\",\"@id\":\"https:\\\/\\\/www.comprarmejor.es\\\/en\\\/#organization\",\"name\":\"COMPRAR MEJOR\",\"url\":\"https:\\\/\\\/www.comprarmejor.es\\\/en\\\/\",\"logo\":{\"@type\":\"ImageObject\",\"inLanguage\":\"en-US\",\"@id\":\"https:\\\/\\\/www.comprarmejor.es\\\/en\\\/#\\\/schema\\\/logo\\\/image\\\/\",\"url\":\"https:\\\/\\\/www.comprarmejor.es\\\/wp-content\\\/uploads\\\/2025\\\/09\\\/comprarmejortrinidad.jpg\",\"contentUrl\":\"https:\\\/\\\/www.comprarmejor.es\\\/wp-content\\\/uploads\\\/2025\\\/09\\\/comprarmejortrinidad.jpg\",\"width\":1022,\"height\":1380,\"caption\":\"COMPRAR MEJOR\"},\"image\":{\"@id\":\"https:\\\/\\\/www.comprarmejor.es\\\/en\\\/#\\\/schema\\\/logo\\\/image\\\/\"},\"sameAs\":[\"https:\\\/\\\/www.instagram.com\\\/amigosdelcodice\"]}]}<\/script>\n<!-- \/ Yoast SEO plugin. -->","yoast_head_json":{"title":"The Satyricon, by Gaius Petronius. Circle of the Bibliophile, 1979","description":"Edition of El Satiricon de Cayo Petronio \u00c1rbitro, by the Publisher of the Friends of the Circle of the Bibliophile, 1979","robots":{"index":"index","follow":"follow","max-snippet":"max-snippet:-1","max-image-preview":"max-image-preview:large","max-video-preview":"max-video-preview:-1"},"canonical":"https:\/\/www.comprarmejor.es\/en\/product\/the-satyricon-by-gaius-petronius-circle-of-the-bibliophile-1979\/","og_locale":"en_US","og_type":"article","og_title":"The Satyricon, by Gaius Petronius. Circle of the Bibliophile, 1979","og_description":"Edition of El Satiricon de Cayo Petronio \u00c1rbitro, by the Publisher of the Friends of the Circle of the Bibliophile, 1979","og_url":"https:\/\/www.comprarmejor.es\/en\/product\/the-satyricon-by-gaius-petronius-circle-of-the-bibliophile-1979\/","og_site_name":"ComprarMejor","article_modified_time":"2022-05-13T16:04:45+00:00","og_image":[{"width":449,"height":599,"url":"https:\/\/www.comprarmejor.es\/wp-content\/uploads\/2022\/05\/DSC03807.jpg","type":"image\/jpeg"}],"twitter_card":"summary_large_image","twitter_misc":{"Est. reading time":"1 minute"},"schema":{"@context":"https:\/\/schema.org","@graph":[{"@type":"WebPage","@id":"https:\/\/www.comprarmejor.es\/en\/product\/the-satyricon-by-gaius-petronius-circle-of-the-bibliophile-1979\/","url":"https:\/\/www.comprarmejor.es\/en\/product\/the-satyricon-by-gaius-petronius-circle-of-the-bibliophile-1979\/","name":"The Satyricon, by Gaius Petronius. Circle of the Bibliophile, 1979","isPartOf":{"@id":"https:\/\/www.comprarmejor.es\/en\/#website"},"primaryImageOfPage":{"@id":"https:\/\/www.comprarmejor.es\/en\/product\/the-satyricon-by-gaius-petronius-circle-of-the-bibliophile-1979\/#primaryimage"},"image":{"@id":"https:\/\/www.comprarmejor.es\/en\/product\/the-satyricon-by-gaius-petronius-circle-of-the-bibliophile-1979\/#primaryimage"},"thumbnailUrl":"https:\/\/www.comprarmejor.es\/wp-content\/uploads\/2022\/05\/DSC03807.jpg","datePublished":"2022-05-13T15:52:31+00:00","dateModified":"2022-05-13T16:04:45+00:00","description":"Edition of El Satiricon de Cayo Petronio \u00c1rbitro, by the Publisher of the Friends of the Circle of the Bibliophile, 1979","breadcrumb":{"@id":"https:\/\/www.comprarmejor.es\/en\/product\/the-satyricon-by-gaius-petronius-circle-of-the-bibliophile-1979\/#breadcrumb"},"inLanguage":"en-US","potentialAction":[{"@type":"ReadAction","target":["https:\/\/www.comprarmejor.es\/en\/product\/the-satyricon-by-gaius-petronius-circle-of-the-bibliophile-1979\/"]}]},{"@type":"ImageObject","inLanguage":"en-US","@id":"https:\/\/www.comprarmejor.es\/en\/product\/the-satyricon-by-gaius-petronius-circle-of-the-bibliophile-1979\/#primaryimage","url":"https:\/\/www.comprarmejor.es\/wp-content\/uploads\/2022\/05\/DSC03807.jpg","contentUrl":"https:\/\/www.comprarmejor.es\/wp-content\/uploads\/2022\/05\/DSC03807.jpg","width":449,"height":599},{"@type":"BreadcrumbList","@id":"https:\/\/www.comprarmejor.es\/en\/product\/the-satyricon-by-gaius-petronius-circle-of-the-bibliophile-1979\/#breadcrumb","itemListElement":[{"@type":"ListItem","position":1,"name":"Portada","item":"https:\/\/www.comprarmejor.es\/en\/"},{"@type":"ListItem","position":2,"name":"Shop","item":"https:\/\/www.comprarmejor.es\/en\/shop\/"},{"@type":"ListItem","position":3,"name":"The Satyricon, by Gaius Petronius. Circle of the Bibliophile, 1979"}]},{"@type":"WebSite","@id":"https:\/\/www.comprarmejor.es\/en\/#website","url":"https:\/\/www.comprarmejor.es\/en\/","name":"ComprarMejor","description":"ComprarMejor","publisher":{"@id":"https:\/\/www.comprarmejor.es\/en\/#organization"},"potentialAction":[{"@type":"SearchAction","target":{"@type":"EntryPoint","urlTemplate":"https:\/\/www.comprarmejor.es\/en\/?s={search_term_string}"},"query-input":{"@type":"PropertyValueSpecification","valueRequired":true,"valueName":"search_term_string"}}],"inLanguage":"en-US"},{"@type":"Organization","@id":"https:\/\/www.comprarmejor.es\/en\/#organization","name":"COMPRAR MEJOR","url":"https:\/\/www.comprarmejor.es\/en\/","logo":{"@type":"ImageObject","inLanguage":"en-US","@id":"https:\/\/www.comprarmejor.es\/en\/#\/schema\/logo\/image\/","url":"https:\/\/www.comprarmejor.es\/wp-content\/uploads\/2025\/09\/comprarmejortrinidad.jpg","contentUrl":"https:\/\/www.comprarmejor.es\/wp-content\/uploads\/2025\/09\/comprarmejortrinidad.jpg","width":1022,"height":1380,"caption":"COMPRAR MEJOR"},"image":{"@id":"https:\/\/www.comprarmejor.es\/en\/#\/schema\/logo\/image\/"},"sameAs":["https:\/\/www.instagram.com\/amigosdelcodice"]}]}},"_links":{"self":[{"href":"https:\/\/www.comprarmejor.es\/en\/wp-json\/wp\/v2\/product\/75803","targetHints":{"allow":["GET"]}}],"collection":[{"href":"https:\/\/www.comprarmejor.es\/en\/wp-json\/wp\/v2\/product"}],"about":[{"href":"https:\/\/www.comprarmejor.es\/en\/wp-json\/wp\/v2\/types\/product"}],"wp:featuredmedia":[{"embeddable":true,"href":"https:\/\/www.comprarmejor.es\/en\/wp-json\/wp\/v2\/media\/75805"}],"wp:attachment":[{"href":"https:\/\/www.comprarmejor.es\/en\/wp-json\/wp\/v2\/media?parent=75803"}],"wp:term":[{"taxonomy":"product_brand","embeddable":true,"href":"https:\/\/www.comprarmejor.es\/en\/wp-json\/wp\/v2\/product_brand?post=75803"},{"taxonomy":"product_cat","embeddable":true,"href":"https:\/\/www.comprarmejor.es\/en\/wp-json\/wp\/v2\/product_cat?post=75803"},{"taxonomy":"product_tag","embeddable":true,"href":"https:\/\/www.comprarmejor.es\/en\/wp-json\/wp\/v2\/product_tag?post=75803"}],"curies":[{"name":"wp","href":"https:\/\/api.w.org\/{rel}","templated":true}]}}